{"id":10361,"date":"2026-03-13T10:28:32","date_gmt":"2026-03-13T14:28:32","guid":{"rendered":"https:\/\/lemaraichermoderne.com\/?post_type=product&#038;p=10361"},"modified":"2026-04-17T13:29:33","modified_gmt":"2026-04-17T17:29:33","slug":"petite-encyclopedie-de-lautosuffisance","status":"publish","type":"product","link":"https:\/\/lemaraichermoderne.com\/en\/produit\/petite-encyclopedie-de-lautosuffisance\/","title":{"rendered":"Petite encyclop\u00e9die de l&#8217;autosuffisance"},"content":{"rendered":"<p>POUR UNE VIE PLUS VERTE, PLUS SAINE ET AUTONOME<\/p>\n<p>Que vous poss\u00e9diez un coin de jardin, un grand terrain ou encore une petite ferme, ce guide pratique est le compagnon id\u00e9al pour acqu\u00e9rir les savoir-faire menant \u00e0 l\u2019autonomie alimentaire et \u00e9nerg\u00e9tique.<\/p>\n<ul>\n<li>Apprenez \u00e0 cultiver un potager qui vous permettra de nourrir votre famille avec des fruits et des l\u00e9gumes de saison.<\/li>\n<li>Suivez des instructions claires pour produire votre miel, fabriquer votre fromage, mettre en conserve le produit de vos r\u00e9coltes et y ajouter des denr\u00e9es sauvages \u00e0 cueillir, comme des noix et des champignons.<\/li>\n<li>D\u00e9veloppez des connaissances de base pour pr\u00e9server l\u2019eau et l\u2019\u00e9nergie, et rendre votre maison la plus ind\u00e9pendante possible.<\/li>\n<li>D\u00e9couvrez tous les conseils pratiques pour vous lancer dans un petit \u00e9levage de poules, de ch\u00e8vres et m\u00eame de cochons.<\/li>\n<\/ul>\n<p>Avec des instructions \u00e9tape par \u00e9tape et plus de 350 photographies et illustrations,\u00a0ce livre est indispensable \u00e0 tous ceux et celles qui souhaitent s\u2019initier \u00e0 une vie plus autonome, plus respectueuse de l\u2019environnement et plus \u00e9panouissante.<\/p>\n<p>\u00c9dition adapt\u00e9e pour le climat du Qu\u00e9bec<\/p>\n","protected":false},"excerpt":{"rendered":"<p>POUR UNE VIE PLUS VERTE, PLUS SAINE ET AUTONOME Que vous poss\u00e9diez un coin de jardin, un grand terrain ou encore une petite ferme, ce guide pratique est le compagnon id\u00e9al pour acqu\u00e9rir les savoir-faire menant \u00e0 l\u2019autonomie alimentaire et \u00e9nerg\u00e9tique. Apprenez \u00e0 cultiver un potager qui vous permettra de nourrir votre famille avec des [&hellip;]<\/p>\n","protected":false},"featured_media":10362,"template":"","meta":[],"product_brand":[],"product_cat":[42],"product_tag":[],"class_list":{"0":"post-10361","1":"product","2":"type-product","3":"status-publish","4":"has-post-thumbnail","6":"product_cat-livres","8":"first","9":"instock","10":"taxable","11":"shipping-taxable","12":"purchasable","13":"product-type-simple"},"yoast_head":"<!-- This site is optimized with the Yoast SEO plugin v27.4 - https:\/\/yoast.com\/product\/yoast-seo-wordpress\/ -->\n<title>Petite encyclop\u00e9die de l&#039;autosuffisance - Le Mara\u00eecher Moderne<\/title>\n<meta name=\"robots\" content=\"index, follow, max-snippet:-1, max-image-preview:large, max-video-preview:-1\" \/>\n<link rel=\"canonical\" href=\"https:\/\/lemaraichermoderne.com\/en\/produit\/petite-encyclopedie-de-lautosuffisance\/\" \/>\n<meta property=\"og:locale\" content=\"en_US\" \/>\n<meta property=\"og:type\" content=\"article\" \/>\n<meta property=\"og:title\" content=\"Petite encyclop\u00e9die de l&#039;autosuffisance - Le Mara\u00eecher Moderne\" \/>\n<meta property=\"og:description\" content=\"POUR UNE VIE PLUS VERTE, PLUS SAINE ET AUTONOME Que vous poss\u00e9diez un coin de jardin, un grand terrain ou encore une petite ferme, ce guide pratique est le compagnon id\u00e9al pour acqu\u00e9rir les savoir-faire menant \u00e0 l\u2019autonomie alimentaire et \u00e9nerg\u00e9tique. Apprenez \u00e0 cultiver un potager qui vous permettra de nourrir votre famille avec des [&hellip;]\" \/>\n<meta property=\"og:url\" content=\"https:\/\/lemaraichermoderne.com\/en\/produit\/petite-encyclopedie-de-lautosuffisance\/\" \/>\n<meta property=\"og:site_name\" content=\"Le Mara\u00eecher Moderne\" \/>\n<meta property=\"article:publisher\" content=\"https:\/\/www.facebook.com\/lemaraichermoderne\" \/>\n<meta property=\"article:modified_time\" content=\"2026-04-17T17:29:33+00:00\" \/>\n<meta property=\"og:image\" content=\"https:\/\/lemaraichermoderne.com\/wp-content\/uploads\/2026\/03\/large-L97828977345271.jpg\" \/>\n\t<meta property=\"og:image:width\" content=\"700\" \/>\n\t<meta property=\"og:image:height\" content=\"843\" \/>\n\t<meta property=\"og:image:type\" content=\"image\/jpeg\" \/>\n<meta name=\"twitter:card\" content=\"summary_large_image\" \/>\n<meta name=\"twitter:label1\" content=\"Est. reading time\" \/>\n\t<meta name=\"twitter:data1\" content=\"2 minutes\" \/>\n<script type=\"application\/ld+json\" class=\"yoast-schema-graph\">{\"@context\":\"https:\\\/\\\/schema.org\",\"@graph\":[{\"@type\":\"WebPage\",\"@id\":\"https:\\\/\\\/lemaraichermoderne.com\\\/en\\\/produit\\\/petite-encyclopedie-de-lautosuffisance\\\/\",\"url\":\"https:\\\/\\\/lemaraichermoderne.com\\\/en\\\/produit\\\/petite-encyclopedie-de-lautosuffisance\\\/\",\"name\":\"Petite encyclop\u00e9die de l'autosuffisance - Le Mara\u00eecher Moderne\",\"isPartOf\":{\"@id\":\"https:\\\/\\\/lemaraichermoderne.com\\\/en\\\/#website\"},\"primaryImageOfPage\":{\"@id\":\"https:\\\/\\\/lemaraichermoderne.com\\\/en\\\/produit\\\/petite-encyclopedie-de-lautosuffisance\\\/#primaryimage\"},\"image\":{\"@id\":\"https:\\\/\\\/lemaraichermoderne.com\\\/en\\\/produit\\\/petite-encyclopedie-de-lautosuffisance\\\/#primaryimage\"},\"thumbnailUrl\":\"https:\\\/\\\/lemaraichermoderne.com\\\/wp-content\\\/uploads\\\/2026\\\/03\\\/large-L97828977345271.jpg\",\"datePublished\":\"2026-03-13T14:28:32+00:00\",\"dateModified\":\"2026-04-17T17:29:33+00:00\",\"breadcrumb\":{\"@id\":\"https:\\\/\\\/lemaraichermoderne.com\\\/en\\\/produit\\\/petite-encyclopedie-de-lautosuffisance\\\/#breadcrumb\"},\"inLanguage\":\"en-US\",\"potentialAction\":[{\"@type\":\"ReadAction\",\"target\":[\"https:\\\/\\\/lemaraichermoderne.com\\\/en\\\/produit\\\/petite-encyclopedie-de-lautosuffisance\\\/\"]}]},{\"@type\":\"ImageObject\",\"inLanguage\":\"en-US\",\"@id\":\"https:\\\/\\\/lemaraichermoderne.com\\\/en\\\/produit\\\/petite-encyclopedie-de-lautosuffisance\\\/#primaryimage\",\"url\":\"https:\\\/\\\/lemaraichermoderne.com\\\/wp-content\\\/uploads\\\/2026\\\/03\\\/large-L97828977345271.jpg\",\"contentUrl\":\"https:\\\/\\\/lemaraichermoderne.com\\\/wp-content\\\/uploads\\\/2026\\\/03\\\/large-L97828977345271.jpg\",\"width\":700,\"height\":843},{\"@type\":\"BreadcrumbList\",\"@id\":\"https:\\\/\\\/lemaraichermoderne.com\\\/en\\\/produit\\\/petite-encyclopedie-de-lautosuffisance\\\/#breadcrumb\",\"itemListElement\":[{\"@type\":\"ListItem\",\"position\":1,\"name\":\"Accueil\",\"item\":\"https:\\\/\\\/lemaraichermoderne.com\\\/en\\\/\"},{\"@type\":\"ListItem\",\"position\":2,\"name\":\"Boutique\",\"item\":\"https:\\\/\\\/lemaraichermoderne.com\\\/boutique\\\/\"},{\"@type\":\"ListItem\",\"position\":3,\"name\":\"Petite encyclop\u00e9die de l&rsquo;autosuffisance\"}]},{\"@type\":\"WebSite\",\"@id\":\"https:\\\/\\\/lemaraichermoderne.com\\\/en\\\/#website\",\"url\":\"https:\\\/\\\/lemaraichermoderne.com\\\/en\\\/\",\"name\":\"Le Mara\u00eecher Moderne\",\"description\":\"R\u00e9f\u00e9rence en hydroponie \u00e0 Qu\u00e9bec\",\"publisher\":{\"@id\":\"https:\\\/\\\/lemaraichermoderne.com\\\/en\\\/#organization\"},\"potentialAction\":[{\"@type\":\"SearchAction\",\"target\":{\"@type\":\"EntryPoint\",\"urlTemplate\":\"https:\\\/\\\/lemaraichermoderne.com\\\/en\\\/?s={search_term_string}\"},\"query-input\":{\"@type\":\"PropertyValueSpecification\",\"valueRequired\":true,\"valueName\":\"search_term_string\"}}],\"inLanguage\":\"en-US\"},{\"@type\":\"Organization\",\"@id\":\"https:\\\/\\\/lemaraichermoderne.com\\\/en\\\/#organization\",\"name\":\"Le Mara\u00eecher Moderne\",\"url\":\"https:\\\/\\\/lemaraichermoderne.com\\\/en\\\/\",\"logo\":{\"@type\":\"ImageObject\",\"inLanguage\":\"en-US\",\"@id\":\"https:\\\/\\\/lemaraichermoderne.com\\\/en\\\/#\\\/schema\\\/logo\\\/image\\\/\",\"url\":\"https:\\\/\\\/lemaraichermoderne.com\\\/wp-content\\\/uploads\\\/2023\\\/03\\\/logo_mm1.png\",\"contentUrl\":\"https:\\\/\\\/lemaraichermoderne.com\\\/wp-content\\\/uploads\\\/2023\\\/03\\\/logo_mm1.png\",\"width\":500,\"height\":222,\"caption\":\"Le Mara\u00eecher Moderne\"},\"image\":{\"@id\":\"https:\\\/\\\/lemaraichermoderne.com\\\/en\\\/#\\\/schema\\\/logo\\\/image\\\/\"},\"sameAs\":[\"https:\\\/\\\/www.facebook.com\\\/lemaraichermoderne\",\"https:\\\/\\\/www.instagram.com\\\/lemaraichermoderne\"]}]}<\/script>\n<!-- \/ Yoast SEO plugin. -->","yoast_head_json":{"title":"Petite encyclop\u00e9die de l'autosuffisance - Le Mara\u00eecher Moderne","robots":{"index":"index","follow":"follow","max-snippet":"max-snippet:-1","max-image-preview":"max-image-preview:large","max-video-preview":"max-video-preview:-1"},"canonical":"https:\/\/lemaraichermoderne.com\/en\/produit\/petite-encyclopedie-de-lautosuffisance\/","og_locale":"en_US","og_type":"article","og_title":"Petite encyclop\u00e9die de l'autosuffisance - Le Mara\u00eecher Moderne","og_description":"POUR UNE VIE PLUS VERTE, PLUS SAINE ET AUTONOME Que vous poss\u00e9diez un coin de jardin, un grand terrain ou encore une petite ferme, ce guide pratique est le compagnon id\u00e9al pour acqu\u00e9rir les savoir-faire menant \u00e0 l\u2019autonomie alimentaire et \u00e9nerg\u00e9tique. Apprenez \u00e0 cultiver un potager qui vous permettra de nourrir votre famille avec des [&hellip;]","og_url":"https:\/\/lemaraichermoderne.com\/en\/produit\/petite-encyclopedie-de-lautosuffisance\/","og_site_name":"Le Mara\u00eecher Moderne","article_publisher":"https:\/\/www.facebook.com\/lemaraichermoderne","article_modified_time":"2026-04-17T17:29:33+00:00","og_image":[{"width":700,"height":843,"url":"https:\/\/lemaraichermoderne.com\/wp-content\/uploads\/2026\/03\/large-L97828977345271.jpg","type":"image\/jpeg"}],"twitter_card":"summary_large_image","twitter_misc":{"Est. reading time":"2 minutes"},"schema":{"@context":"https:\/\/schema.org","@graph":[{"@type":"WebPage","@id":"https:\/\/lemaraichermoderne.com\/en\/produit\/petite-encyclopedie-de-lautosuffisance\/","url":"https:\/\/lemaraichermoderne.com\/en\/produit\/petite-encyclopedie-de-lautosuffisance\/","name":"Petite encyclop\u00e9die de l'autosuffisance - Le Mara\u00eecher Moderne","isPartOf":{"@id":"https:\/\/lemaraichermoderne.com\/en\/#website"},"primaryImageOfPage":{"@id":"https:\/\/lemaraichermoderne.com\/en\/produit\/petite-encyclopedie-de-lautosuffisance\/#primaryimage"},"image":{"@id":"https:\/\/lemaraichermoderne.com\/en\/produit\/petite-encyclopedie-de-lautosuffisance\/#primaryimage"},"thumbnailUrl":"https:\/\/lemaraichermoderne.com\/wp-content\/uploads\/2026\/03\/large-L97828977345271.jpg","datePublished":"2026-03-13T14:28:32+00:00","dateModified":"2026-04-17T17:29:33+00:00","breadcrumb":{"@id":"https:\/\/lemaraichermoderne.com\/en\/produit\/petite-encyclopedie-de-lautosuffisance\/#breadcrumb"},"inLanguage":"en-US","potentialAction":[{"@type":"ReadAction","target":["https:\/\/lemaraichermoderne.com\/en\/produit\/petite-encyclopedie-de-lautosuffisance\/"]}]},{"@type":"ImageObject","inLanguage":"en-US","@id":"https:\/\/lemaraichermoderne.com\/en\/produit\/petite-encyclopedie-de-lautosuffisance\/#primaryimage","url":"https:\/\/lemaraichermoderne.com\/wp-content\/uploads\/2026\/03\/large-L97828977345271.jpg","contentUrl":"https:\/\/lemaraichermoderne.com\/wp-content\/uploads\/2026\/03\/large-L97828977345271.jpg","width":700,"height":843},{"@type":"BreadcrumbList","@id":"https:\/\/lemaraichermoderne.com\/en\/produit\/petite-encyclopedie-de-lautosuffisance\/#breadcrumb","itemListElement":[{"@type":"ListItem","position":1,"name":"Accueil","item":"https:\/\/lemaraichermoderne.com\/en\/"},{"@type":"ListItem","position":2,"name":"Boutique","item":"https:\/\/lemaraichermoderne.com\/boutique\/"},{"@type":"ListItem","position":3,"name":"Petite encyclop\u00e9die de l&rsquo;autosuffisance"}]},{"@type":"WebSite","@id":"https:\/\/lemaraichermoderne.com\/en\/#website","url":"https:\/\/lemaraichermoderne.com\/en\/","name":"Le Mara\u00eecher Moderne","description":"R\u00e9f\u00e9rence en hydroponie \u00e0 Qu\u00e9bec","publisher":{"@id":"https:\/\/lemaraichermoderne.com\/en\/#organization"},"potentialAction":[{"@type":"SearchAction","target":{"@type":"EntryPoint","urlTemplate":"https:\/\/lemaraichermoderne.com\/en\/?s={search_term_string}"},"query-input":{"@type":"PropertyValueSpecification","valueRequired":true,"valueName":"search_term_string"}}],"inLanguage":"en-US"},{"@type":"Organization","@id":"https:\/\/lemaraichermoderne.com\/en\/#organization","name":"Le Mara\u00eecher Moderne","url":"https:\/\/lemaraichermoderne.com\/en\/","logo":{"@type":"ImageObject","inLanguage":"en-US","@id":"https:\/\/lemaraichermoderne.com\/en\/#\/schema\/logo\/image\/","url":"https:\/\/lemaraichermoderne.com\/wp-content\/uploads\/2023\/03\/logo_mm1.png","contentUrl":"https:\/\/lemaraichermoderne.com\/wp-content\/uploads\/2023\/03\/logo_mm1.png","width":500,"height":222,"caption":"Le Mara\u00eecher Moderne"},"image":{"@id":"https:\/\/lemaraichermoderne.com\/en\/#\/schema\/logo\/image\/"},"sameAs":["https:\/\/www.facebook.com\/lemaraichermoderne","https:\/\/www.instagram.com\/lemaraichermoderne"]}]}},"_links":{"self":[{"href":"https:\/\/lemaraichermoderne.com\/en\/wp-json\/wp\/v2\/product\/10361","targetHints":{"allow":["GET"]}}],"collection":[{"href":"https:\/\/lemaraichermoderne.com\/en\/wp-json\/wp\/v2\/product"}],"about":[{"href":"https:\/\/lemaraichermoderne.com\/en\/wp-json\/wp\/v2\/types\/product"}],"wp:featuredmedia":[{"embeddable":true,"href":"https:\/\/lemaraichermoderne.com\/en\/wp-json\/wp\/v2\/media\/10362"}],"wp:attachment":[{"href":"https:\/\/lemaraichermoderne.com\/en\/wp-json\/wp\/v2\/media?parent=10361"}],"wp:term":[{"taxonomy":"product_brand","embeddable":true,"href":"https:\/\/lemaraichermoderne.com\/en\/wp-json\/wp\/v2\/product_brand?post=10361"},{"taxonomy":"product_cat","embeddable":true,"href":"https:\/\/lemaraichermoderne.com\/en\/wp-json\/wp\/v2\/product_cat?post=10361"},{"taxonomy":"product_tag","embeddable":true,"href":"https:\/\/lemaraichermoderne.com\/en\/wp-json\/wp\/v2\/product_tag?post=10361"}],"curies":[{"name":"wp","href":"https:\/\/api.w.org\/{rel}","templated":true}]}}