{"id":10365,"date":"2026-03-13T11:01:59","date_gmt":"2026-03-13T15:01:59","guid":{"rendered":"https:\/\/lemaraichermoderne.com\/?post_type=product&#038;p=10365"},"modified":"2026-03-13T11:04:11","modified_gmt":"2026-03-13T15:04:11","slug":"proteger-son-potager","status":"publish","type":"product","link":"https:\/\/lemaraichermoderne.com\/en\/produit\/proteger-son-potager\/","title":{"rendered":"Prot\u00e9ger son potager"},"content":{"rendered":"<p>UN GUIDE POUR IDENTIFIER, PR\u00c9VENIR ET CONTR\u00d4LER \u00c9COLOGIQUEMENT LES RAVAGEURS ET LES MALADIES DES L\u00c9GUMES<\/p>\n<p>L\u2019\u00e9poque des traitements chimiques utilis\u00e9s \u00e0 tout vent dans nos potagers est r\u00e9volue. Les jardiniers, plus conscients de l\u2019importance du maintien de l\u2019\u00e9cosyst\u00e8me, recherchent des moyens plus \u00e9cologiques pour minimiser les dommages caus\u00e9s par les ravageurs et les maladies.<\/p>\n<p>Diversifier ses cultures, offrir des conditions de croissance optimales aux plantes, favoriser la pr\u00e9sence des insectes alli\u00e9s, voil\u00e0 autant de choix \u00e9co \u00adlogiques que Lili Michaud propose pour pr\u00e9venir et enrayer les probl\u00e8mes de ravageurs et de maladies des l\u00e9gumes, que ce soit au jardin ou pour la culture en pots. Vous trouverez dans cet ouvrage des informations essentielles sur :<\/p>\n<p>\u2022 l\u2019importance de conna\u00eetre son sol ;<br \/>\n\u2022 les diff\u00e9rentes \u00e9tapes \u00e0 suivre lorsque survient un probl\u00e8me ;<br \/>\n\u2022 l\u2019identification des ravageurs et leurs dommages ;<br \/>\n\u2022 les principales maladies des plantes et leurs sympt\u00f4mes ;<br \/>\n\u2022 les m\u00e9thodes de contr\u00f4le \u00e9cologiques \u00e0 privil\u00e9gier.<\/p>\n<p>Un livre, bas\u00e9 sur plusieurs ann\u00e9es d\u2019exp\u00e9rience, qui s\u2019adresse tant au jardinier d\u00e9butant qu\u2019au plus exp\u00e9riment\u00e9.<\/p>\n","protected":false},"excerpt":{"rendered":"<p>UN GUIDE POUR IDENTIFIER, PR\u00c9VENIR ET CONTR\u00d4LER \u00c9COLOGIQUEMENT LES RAVAGEURS ET LES MALADIES DES L\u00c9GUMES L\u2019\u00e9poque des traitements chimiques utilis\u00e9s \u00e0 tout vent dans nos potagers est r\u00e9volue. Les jardiniers, plus conscients de l\u2019importance du maintien de l\u2019\u00e9cosyst\u00e8me, recherchent des moyens plus \u00e9cologiques pour minimiser les dommages caus\u00e9s par les ravageurs et les maladies. Diversifier [&hellip;]<\/p>\n","protected":false},"featured_media":10366,"template":"","meta":[],"product_brand":[],"product_cat":[42],"product_tag":[],"class_list":{"0":"post-10365","1":"product","2":"type-product","3":"status-publish","4":"has-post-thumbnail","6":"product_cat-livres","8":"first","9":"instock","10":"taxable","11":"shipping-taxable","12":"purchasable","13":"product-type-simple"},"yoast_head":"<!-- This site is optimized with the Yoast SEO plugin v27.4 - https:\/\/yoast.com\/product\/yoast-seo-wordpress\/ -->\n<title>Prot\u00e9ger son potager - Le Mara\u00eecher Moderne<\/title>\n<meta name=\"robots\" content=\"index, follow, max-snippet:-1, max-image-preview:large, max-video-preview:-1\" \/>\n<link rel=\"canonical\" href=\"https:\/\/lemaraichermoderne.com\/en\/produit\/proteger-son-potager\/\" \/>\n<meta property=\"og:locale\" content=\"en_US\" \/>\n<meta property=\"og:type\" content=\"article\" \/>\n<meta property=\"og:title\" content=\"Prot\u00e9ger son potager - Le Mara\u00eecher Moderne\" \/>\n<meta property=\"og:description\" content=\"UN GUIDE POUR IDENTIFIER, PR\u00c9VENIR ET CONTR\u00d4LER \u00c9COLOGIQUEMENT LES RAVAGEURS ET LES MALADIES DES L\u00c9GUMES L\u2019\u00e9poque des traitements chimiques utilis\u00e9s \u00e0 tout vent dans nos potagers est r\u00e9volue. Les jardiniers, plus conscients de l\u2019importance du maintien de l\u2019\u00e9cosyst\u00e8me, recherchent des moyens plus \u00e9cologiques pour minimiser les dommages caus\u00e9s par les ravageurs et les maladies. Diversifier [&hellip;]\" \/>\n<meta property=\"og:url\" content=\"https:\/\/lemaraichermoderne.com\/en\/produit\/proteger-son-potager\/\" \/>\n<meta property=\"og:site_name\" content=\"Le Mara\u00eecher Moderne\" \/>\n<meta property=\"article:publisher\" content=\"https:\/\/www.facebook.com\/lemaraichermoderne\" \/>\n<meta property=\"article:modified_time\" content=\"2026-03-13T15:04:11+00:00\" \/>\n<meta property=\"og:image\" content=\"https:\/\/lemaraichermoderne.com\/wp-content\/uploads\/2026\/03\/large-L97828977339951.jpg\" \/>\n\t<meta property=\"og:image:width\" content=\"700\" \/>\n\t<meta property=\"og:image:height\" content=\"862\" \/>\n\t<meta property=\"og:image:type\" content=\"image\/jpeg\" \/>\n<meta name=\"twitter:card\" content=\"summary_large_image\" \/>\n<meta name=\"twitter:label1\" content=\"Est. reading time\" \/>\n\t<meta name=\"twitter:data1\" content=\"2 minutes\" \/>\n<script type=\"application\/ld+json\" class=\"yoast-schema-graph\">{\"@context\":\"https:\\\/\\\/schema.org\",\"@graph\":[{\"@type\":\"WebPage\",\"@id\":\"https:\\\/\\\/lemaraichermoderne.com\\\/en\\\/produit\\\/proteger-son-potager\\\/\",\"url\":\"https:\\\/\\\/lemaraichermoderne.com\\\/en\\\/produit\\\/proteger-son-potager\\\/\",\"name\":\"Prot\u00e9ger son potager - Le Mara\u00eecher Moderne\",\"isPartOf\":{\"@id\":\"https:\\\/\\\/lemaraichermoderne.com\\\/en\\\/#website\"},\"primaryImageOfPage\":{\"@id\":\"https:\\\/\\\/lemaraichermoderne.com\\\/en\\\/produit\\\/proteger-son-potager\\\/#primaryimage\"},\"image\":{\"@id\":\"https:\\\/\\\/lemaraichermoderne.com\\\/en\\\/produit\\\/proteger-son-potager\\\/#primaryimage\"},\"thumbnailUrl\":\"https:\\\/\\\/lemaraichermoderne.com\\\/wp-content\\\/uploads\\\/2026\\\/03\\\/large-L97828977339951.jpg\",\"datePublished\":\"2026-03-13T15:01:59+00:00\",\"dateModified\":\"2026-03-13T15:04:11+00:00\",\"breadcrumb\":{\"@id\":\"https:\\\/\\\/lemaraichermoderne.com\\\/en\\\/produit\\\/proteger-son-potager\\\/#breadcrumb\"},\"inLanguage\":\"en-US\",\"potentialAction\":[{\"@type\":\"ReadAction\",\"target\":[\"https:\\\/\\\/lemaraichermoderne.com\\\/en\\\/produit\\\/proteger-son-potager\\\/\"]}]},{\"@type\":\"ImageObject\",\"inLanguage\":\"en-US\",\"@id\":\"https:\\\/\\\/lemaraichermoderne.com\\\/en\\\/produit\\\/proteger-son-potager\\\/#primaryimage\",\"url\":\"https:\\\/\\\/lemaraichermoderne.com\\\/wp-content\\\/uploads\\\/2026\\\/03\\\/large-L97828977339951.jpg\",\"contentUrl\":\"https:\\\/\\\/lemaraichermoderne.com\\\/wp-content\\\/uploads\\\/2026\\\/03\\\/large-L97828977339951.jpg\",\"width\":700,\"height\":862},{\"@type\":\"BreadcrumbList\",\"@id\":\"https:\\\/\\\/lemaraichermoderne.com\\\/en\\\/produit\\\/proteger-son-potager\\\/#breadcrumb\",\"itemListElement\":[{\"@type\":\"ListItem\",\"position\":1,\"name\":\"Accueil\",\"item\":\"https:\\\/\\\/lemaraichermoderne.com\\\/en\\\/\"},{\"@type\":\"ListItem\",\"position\":2,\"name\":\"Boutique\",\"item\":\"https:\\\/\\\/lemaraichermoderne.com\\\/boutique\\\/\"},{\"@type\":\"ListItem\",\"position\":3,\"name\":\"Prot\u00e9ger son potager\"}]},{\"@type\":\"WebSite\",\"@id\":\"https:\\\/\\\/lemaraichermoderne.com\\\/en\\\/#website\",\"url\":\"https:\\\/\\\/lemaraichermoderne.com\\\/en\\\/\",\"name\":\"Le Mara\u00eecher Moderne\",\"description\":\"R\u00e9f\u00e9rence en hydroponie \u00e0 Qu\u00e9bec\",\"publisher\":{\"@id\":\"https:\\\/\\\/lemaraichermoderne.com\\\/en\\\/#organization\"},\"potentialAction\":[{\"@type\":\"SearchAction\",\"target\":{\"@type\":\"EntryPoint\",\"urlTemplate\":\"https:\\\/\\\/lemaraichermoderne.com\\\/en\\\/?s={search_term_string}\"},\"query-input\":{\"@type\":\"PropertyValueSpecification\",\"valueRequired\":true,\"valueName\":\"search_term_string\"}}],\"inLanguage\":\"en-US\"},{\"@type\":\"Organization\",\"@id\":\"https:\\\/\\\/lemaraichermoderne.com\\\/en\\\/#organization\",\"name\":\"Le Mara\u00eecher Moderne\",\"url\":\"https:\\\/\\\/lemaraichermoderne.com\\\/en\\\/\",\"logo\":{\"@type\":\"ImageObject\",\"inLanguage\":\"en-US\",\"@id\":\"https:\\\/\\\/lemaraichermoderne.com\\\/en\\\/#\\\/schema\\\/logo\\\/image\\\/\",\"url\":\"https:\\\/\\\/lemaraichermoderne.com\\\/wp-content\\\/uploads\\\/2023\\\/03\\\/logo_mm1.png\",\"contentUrl\":\"https:\\\/\\\/lemaraichermoderne.com\\\/wp-content\\\/uploads\\\/2023\\\/03\\\/logo_mm1.png\",\"width\":500,\"height\":222,\"caption\":\"Le Mara\u00eecher Moderne\"},\"image\":{\"@id\":\"https:\\\/\\\/lemaraichermoderne.com\\\/en\\\/#\\\/schema\\\/logo\\\/image\\\/\"},\"sameAs\":[\"https:\\\/\\\/www.facebook.com\\\/lemaraichermoderne\",\"https:\\\/\\\/www.instagram.com\\\/lemaraichermoderne\"]}]}<\/script>\n<!-- \/ Yoast SEO plugin. -->","yoast_head_json":{"title":"Prot\u00e9ger son potager - Le Mara\u00eecher Moderne","robots":{"index":"index","follow":"follow","max-snippet":"max-snippet:-1","max-image-preview":"max-image-preview:large","max-video-preview":"max-video-preview:-1"},"canonical":"https:\/\/lemaraichermoderne.com\/en\/produit\/proteger-son-potager\/","og_locale":"en_US","og_type":"article","og_title":"Prot\u00e9ger son potager - Le Mara\u00eecher Moderne","og_description":"UN GUIDE POUR IDENTIFIER, PR\u00c9VENIR ET CONTR\u00d4LER \u00c9COLOGIQUEMENT LES RAVAGEURS ET LES MALADIES DES L\u00c9GUMES L\u2019\u00e9poque des traitements chimiques utilis\u00e9s \u00e0 tout vent dans nos potagers est r\u00e9volue. Les jardiniers, plus conscients de l\u2019importance du maintien de l\u2019\u00e9cosyst\u00e8me, recherchent des moyens plus \u00e9cologiques pour minimiser les dommages caus\u00e9s par les ravageurs et les maladies. Diversifier [&hellip;]","og_url":"https:\/\/lemaraichermoderne.com\/en\/produit\/proteger-son-potager\/","og_site_name":"Le Mara\u00eecher Moderne","article_publisher":"https:\/\/www.facebook.com\/lemaraichermoderne","article_modified_time":"2026-03-13T15:04:11+00:00","og_image":[{"width":700,"height":862,"url":"https:\/\/lemaraichermoderne.com\/wp-content\/uploads\/2026\/03\/large-L97828977339951.jpg","type":"image\/jpeg"}],"twitter_card":"summary_large_image","twitter_misc":{"Est. reading time":"2 minutes"},"schema":{"@context":"https:\/\/schema.org","@graph":[{"@type":"WebPage","@id":"https:\/\/lemaraichermoderne.com\/en\/produit\/proteger-son-potager\/","url":"https:\/\/lemaraichermoderne.com\/en\/produit\/proteger-son-potager\/","name":"Prot\u00e9ger son potager - Le Mara\u00eecher Moderne","isPartOf":{"@id":"https:\/\/lemaraichermoderne.com\/en\/#website"},"primaryImageOfPage":{"@id":"https:\/\/lemaraichermoderne.com\/en\/produit\/proteger-son-potager\/#primaryimage"},"image":{"@id":"https:\/\/lemaraichermoderne.com\/en\/produit\/proteger-son-potager\/#primaryimage"},"thumbnailUrl":"https:\/\/lemaraichermoderne.com\/wp-content\/uploads\/2026\/03\/large-L97828977339951.jpg","datePublished":"2026-03-13T15:01:59+00:00","dateModified":"2026-03-13T15:04:11+00:00","breadcrumb":{"@id":"https:\/\/lemaraichermoderne.com\/en\/produit\/proteger-son-potager\/#breadcrumb"},"inLanguage":"en-US","potentialAction":[{"@type":"ReadAction","target":["https:\/\/lemaraichermoderne.com\/en\/produit\/proteger-son-potager\/"]}]},{"@type":"ImageObject","inLanguage":"en-US","@id":"https:\/\/lemaraichermoderne.com\/en\/produit\/proteger-son-potager\/#primaryimage","url":"https:\/\/lemaraichermoderne.com\/wp-content\/uploads\/2026\/03\/large-L97828977339951.jpg","contentUrl":"https:\/\/lemaraichermoderne.com\/wp-content\/uploads\/2026\/03\/large-L97828977339951.jpg","width":700,"height":862},{"@type":"BreadcrumbList","@id":"https:\/\/lemaraichermoderne.com\/en\/produit\/proteger-son-potager\/#breadcrumb","itemListElement":[{"@type":"ListItem","position":1,"name":"Accueil","item":"https:\/\/lemaraichermoderne.com\/en\/"},{"@type":"ListItem","position":2,"name":"Boutique","item":"https:\/\/lemaraichermoderne.com\/boutique\/"},{"@type":"ListItem","position":3,"name":"Prot\u00e9ger son potager"}]},{"@type":"WebSite","@id":"https:\/\/lemaraichermoderne.com\/en\/#website","url":"https:\/\/lemaraichermoderne.com\/en\/","name":"Le Mara\u00eecher Moderne","description":"R\u00e9f\u00e9rence en hydroponie \u00e0 Qu\u00e9bec","publisher":{"@id":"https:\/\/lemaraichermoderne.com\/en\/#organization"},"potentialAction":[{"@type":"SearchAction","target":{"@type":"EntryPoint","urlTemplate":"https:\/\/lemaraichermoderne.com\/en\/?s={search_term_string}"},"query-input":{"@type":"PropertyValueSpecification","valueRequired":true,"valueName":"search_term_string"}}],"inLanguage":"en-US"},{"@type":"Organization","@id":"https:\/\/lemaraichermoderne.com\/en\/#organization","name":"Le Mara\u00eecher Moderne","url":"https:\/\/lemaraichermoderne.com\/en\/","logo":{"@type":"ImageObject","inLanguage":"en-US","@id":"https:\/\/lemaraichermoderne.com\/en\/#\/schema\/logo\/image\/","url":"https:\/\/lemaraichermoderne.com\/wp-content\/uploads\/2023\/03\/logo_mm1.png","contentUrl":"https:\/\/lemaraichermoderne.com\/wp-content\/uploads\/2023\/03\/logo_mm1.png","width":500,"height":222,"caption":"Le Mara\u00eecher Moderne"},"image":{"@id":"https:\/\/lemaraichermoderne.com\/en\/#\/schema\/logo\/image\/"},"sameAs":["https:\/\/www.facebook.com\/lemaraichermoderne","https:\/\/www.instagram.com\/lemaraichermoderne"]}]}},"_links":{"self":[{"href":"https:\/\/lemaraichermoderne.com\/en\/wp-json\/wp\/v2\/product\/10365","targetHints":{"allow":["GET"]}}],"collection":[{"href":"https:\/\/lemaraichermoderne.com\/en\/wp-json\/wp\/v2\/product"}],"about":[{"href":"https:\/\/lemaraichermoderne.com\/en\/wp-json\/wp\/v2\/types\/product"}],"wp:featuredmedia":[{"embeddable":true,"href":"https:\/\/lemaraichermoderne.com\/en\/wp-json\/wp\/v2\/media\/10366"}],"wp:attachment":[{"href":"https:\/\/lemaraichermoderne.com\/en\/wp-json\/wp\/v2\/media?parent=10365"}],"wp:term":[{"taxonomy":"product_brand","embeddable":true,"href":"https:\/\/lemaraichermoderne.com\/en\/wp-json\/wp\/v2\/product_brand?post=10365"},{"taxonomy":"product_cat","embeddable":true,"href":"https:\/\/lemaraichermoderne.com\/en\/wp-json\/wp\/v2\/product_cat?post=10365"},{"taxonomy":"product_tag","embeddable":true,"href":"https:\/\/lemaraichermoderne.com\/en\/wp-json\/wp\/v2\/product_tag?post=10365"}],"curies":[{"name":"wp","href":"https:\/\/api.w.org\/{rel}","templated":true}]}}