{"id":10430,"date":"2026-03-19T13:38:55","date_gmt":"2026-03-19T17:38:55","guid":{"rendered":"https:\/\/lemaraichermoderne.com\/?post_type=product&#038;p=10430"},"modified":"2026-04-11T12:48:49","modified_gmt":"2026-04-11T16:48:49","slug":"bootstrap-farmer-1020-peu-profond-a-micro-pousse","status":"publish","type":"product","link":"https:\/\/lemaraichermoderne.com\/en\/produit\/bootstrap-farmer-1020-peu-profond-a-micro-pousse\/","title":{"rendered":"Bootstrap Farmer 1020 peu profond a Micro pousse"},"content":{"rendered":"<p><strong>DESCRIPTION<\/strong><\/p>\n<p>Ces plateaux micro-pousses color\u00e9s ont \u00e9t\u00e9 con\u00e7us en pensant aux cultivateurs les plus exigeants et peuvent r\u00e9sister \u00e0 des ann\u00e9es d&#8217;utilisation avec des soins appropri\u00e9s.<\/p>\n<p>La hauteur du plateau de micro-pousses en plastique peu profond est de 1\u00bc&#8221;. Cela vous permet de couper rapidement et facilement vos micro pousses aussi bas que possible, ce qui minimise le travail et maximise votre poids r\u00e9coltable.<\/p>\n<p><strong>PRINCIPALES CARACT\u00c9RISTIQUES<\/strong><\/p>\n<ul>\n<li>Tr\u00e8s \u00e9pais, (1,8-2,0 mm), sans BPA, plastique PP #5 de qualit\u00e9 alimentaire.<\/li>\n<li>Con\u00e7u pour durer de nombreuses ann\u00e9es, vous \u00e9vitant ainsi les co\u00fbts et les maux de t\u00eate li\u00e9s \u00e0 la commande de vos plateaux micro-pousses<\/li>\n<li>Ayez fi\u00e8re allure sur les plateformes de m\u00e9dias sociaux, au march\u00e9 fermier ou dans tout espace de culture.<\/li>\n<li>Ils sont parfaits pour les micro-pousses, l&#8217;agropyre et les syst\u00e8mes fourragers dans les environnements hydroponiques et de culture en sol.<\/li>\n<li>Les dimensions ext\u00e9rieures sont de 21&#8243; x 10\u00be&#8221; x 1\u00bc&#8221; pour s&#8217;adapter \u00e0 n&#8217;importe quel plat standard 1020<\/li>\n<li>Dimensions int\u00e9rieures du fond : 19\u00be&#8221; x 9\u00bd&#8221;<\/li>\n<\/ul>\n","protected":false},"excerpt":{"rendered":"<p>DESCRIPTION Ces plateaux micro-pousses color\u00e9s ont \u00e9t\u00e9 con\u00e7us en pensant aux cultivateurs les plus exigeants et peuvent r\u00e9sister \u00e0 des ann\u00e9es d&#8217;utilisation avec des soins appropri\u00e9s. La hauteur du plateau de micro-pousses en plastique peu profond est de 1\u00bc&#8221;. Cela vous permet de couper rapidement et facilement vos micro pousses aussi bas que possible, ce [&hellip;]<\/p>\n","protected":false},"featured_media":10433,"template":"","meta":[],"product_brand":[],"product_cat":[36],"product_tag":[],"class_list":{"0":"post-10430","1":"product","2":"type-product","3":"status-publish","4":"has-post-thumbnail","6":"product_cat-germina","8":"first","9":"instock","10":"taxable","11":"shipping-taxable","12":"purchasable","13":"product-type-variable"},"yoast_head":"<!-- This site is optimized with the Yoast SEO plugin v27.4 - https:\/\/yoast.com\/product\/yoast-seo-wordpress\/ -->\n<title>Bootstrap Farmer 1020 peu profond a Micro pousse - Le Mara\u00eecher Moderne<\/title>\n<meta name=\"robots\" content=\"index, follow, max-snippet:-1, max-image-preview:large, max-video-preview:-1\" \/>\n<link rel=\"canonical\" href=\"https:\/\/lemaraichermoderne.com\/en\/produit\/bootstrap-farmer-1020-peu-profond-a-micro-pousse\/\" \/>\n<meta property=\"og:locale\" content=\"en_US\" \/>\n<meta property=\"og:type\" content=\"article\" \/>\n<meta property=\"og:title\" content=\"Bootstrap Farmer 1020 peu profond a Micro pousse - Le Mara\u00eecher Moderne\" \/>\n<meta property=\"og:description\" content=\"DESCRIPTION Ces plateaux micro-pousses color\u00e9s ont \u00e9t\u00e9 con\u00e7us en pensant aux cultivateurs les plus exigeants et peuvent r\u00e9sister \u00e0 des ann\u00e9es d&#8217;utilisation avec des soins appropri\u00e9s. La hauteur du plateau de micro-pousses en plastique peu profond est de 1\u00bc&#8221;. Cela vous permet de couper rapidement et facilement vos micro pousses aussi bas que possible, ce [&hellip;]\" \/>\n<meta property=\"og:url\" content=\"https:\/\/lemaraichermoderne.com\/en\/produit\/bootstrap-farmer-1020-peu-profond-a-micro-pousse\/\" \/>\n<meta property=\"og:site_name\" content=\"Le Mara\u00eecher Moderne\" \/>\n<meta property=\"article:publisher\" content=\"https:\/\/www.facebook.com\/lemaraichermoderne\" \/>\n<meta property=\"article:modified_time\" content=\"2026-04-11T16:48:49+00:00\" \/>\n<meta property=\"og:image\" content=\"https:\/\/lemaraichermoderne.com\/wp-content\/uploads\/2026\/03\/bootstrap-farmer-1020-extra-strength-shallow-microgreen-trays-989445_500x.webp\" \/>\n\t<meta property=\"og:image:width\" content=\"500\" \/>\n\t<meta property=\"og:image:height\" content=\"500\" \/>\n\t<meta property=\"og:image:type\" content=\"image\/webp\" \/>\n<meta name=\"twitter:card\" content=\"summary_large_image\" \/>\n<meta name=\"twitter:label1\" content=\"Est. reading time\" \/>\n\t<meta name=\"twitter:data1\" content=\"2 minutes\" \/>\n<script type=\"application\/ld+json\" class=\"yoast-schema-graph\">{\"@context\":\"https:\\\/\\\/schema.org\",\"@graph\":[{\"@type\":\"WebPage\",\"@id\":\"https:\\\/\\\/lemaraichermoderne.com\\\/en\\\/produit\\\/bootstrap-farmer-1020-peu-profond-a-micro-pousse\\\/\",\"url\":\"https:\\\/\\\/lemaraichermoderne.com\\\/en\\\/produit\\\/bootstrap-farmer-1020-peu-profond-a-micro-pousse\\\/\",\"name\":\"Bootstrap Farmer 1020 peu profond a Micro pousse - Le Mara\u00eecher Moderne\",\"isPartOf\":{\"@id\":\"https:\\\/\\\/lemaraichermoderne.com\\\/en\\\/#website\"},\"primaryImageOfPage\":{\"@id\":\"https:\\\/\\\/lemaraichermoderne.com\\\/en\\\/produit\\\/bootstrap-farmer-1020-peu-profond-a-micro-pousse\\\/#primaryimage\"},\"image\":{\"@id\":\"https:\\\/\\\/lemaraichermoderne.com\\\/en\\\/produit\\\/bootstrap-farmer-1020-peu-profond-a-micro-pousse\\\/#primaryimage\"},\"thumbnailUrl\":\"https:\\\/\\\/lemaraichermoderne.com\\\/wp-content\\\/uploads\\\/2026\\\/03\\\/bootstrap-farmer-1020-extra-strength-shallow-microgreen-trays-989445_500x.webp\",\"datePublished\":\"2026-03-19T17:38:55+00:00\",\"dateModified\":\"2026-04-11T16:48:49+00:00\",\"breadcrumb\":{\"@id\":\"https:\\\/\\\/lemaraichermoderne.com\\\/en\\\/produit\\\/bootstrap-farmer-1020-peu-profond-a-micro-pousse\\\/#breadcrumb\"},\"inLanguage\":\"en-US\",\"potentialAction\":[{\"@type\":\"ReadAction\",\"target\":[\"https:\\\/\\\/lemaraichermoderne.com\\\/en\\\/produit\\\/bootstrap-farmer-1020-peu-profond-a-micro-pousse\\\/\"]}]},{\"@type\":\"ImageObject\",\"inLanguage\":\"en-US\",\"@id\":\"https:\\\/\\\/lemaraichermoderne.com\\\/en\\\/produit\\\/bootstrap-farmer-1020-peu-profond-a-micro-pousse\\\/#primaryimage\",\"url\":\"https:\\\/\\\/lemaraichermoderne.com\\\/wp-content\\\/uploads\\\/2026\\\/03\\\/bootstrap-farmer-1020-extra-strength-shallow-microgreen-trays-989445_500x.webp\",\"contentUrl\":\"https:\\\/\\\/lemaraichermoderne.com\\\/wp-content\\\/uploads\\\/2026\\\/03\\\/bootstrap-farmer-1020-extra-strength-shallow-microgreen-trays-989445_500x.webp\",\"width\":500,\"height\":500},{\"@type\":\"BreadcrumbList\",\"@id\":\"https:\\\/\\\/lemaraichermoderne.com\\\/en\\\/produit\\\/bootstrap-farmer-1020-peu-profond-a-micro-pousse\\\/#breadcrumb\",\"itemListElement\":[{\"@type\":\"ListItem\",\"position\":1,\"name\":\"Accueil\",\"item\":\"https:\\\/\\\/lemaraichermoderne.com\\\/en\\\/\"},{\"@type\":\"ListItem\",\"position\":2,\"name\":\"Boutique\",\"item\":\"https:\\\/\\\/lemaraichermoderne.com\\\/boutique\\\/\"},{\"@type\":\"ListItem\",\"position\":3,\"name\":\"Bootstrap Farmer 1020 peu profond a Micro pousse\"}]},{\"@type\":\"WebSite\",\"@id\":\"https:\\\/\\\/lemaraichermoderne.com\\\/en\\\/#website\",\"url\":\"https:\\\/\\\/lemaraichermoderne.com\\\/en\\\/\",\"name\":\"Le Mara\u00eecher Moderne\",\"description\":\"R\u00e9f\u00e9rence en hydroponie \u00e0 Qu\u00e9bec\",\"publisher\":{\"@id\":\"https:\\\/\\\/lemaraichermoderne.com\\\/en\\\/#organization\"},\"potentialAction\":[{\"@type\":\"SearchAction\",\"target\":{\"@type\":\"EntryPoint\",\"urlTemplate\":\"https:\\\/\\\/lemaraichermoderne.com\\\/en\\\/?s={search_term_string}\"},\"query-input\":{\"@type\":\"PropertyValueSpecification\",\"valueRequired\":true,\"valueName\":\"search_term_string\"}}],\"inLanguage\":\"en-US\"},{\"@type\":\"Organization\",\"@id\":\"https:\\\/\\\/lemaraichermoderne.com\\\/en\\\/#organization\",\"name\":\"Le Mara\u00eecher Moderne\",\"url\":\"https:\\\/\\\/lemaraichermoderne.com\\\/en\\\/\",\"logo\":{\"@type\":\"ImageObject\",\"inLanguage\":\"en-US\",\"@id\":\"https:\\\/\\\/lemaraichermoderne.com\\\/en\\\/#\\\/schema\\\/logo\\\/image\\\/\",\"url\":\"https:\\\/\\\/lemaraichermoderne.com\\\/wp-content\\\/uploads\\\/2023\\\/03\\\/logo_mm1.png\",\"contentUrl\":\"https:\\\/\\\/lemaraichermoderne.com\\\/wp-content\\\/uploads\\\/2023\\\/03\\\/logo_mm1.png\",\"width\":500,\"height\":222,\"caption\":\"Le Mara\u00eecher Moderne\"},\"image\":{\"@id\":\"https:\\\/\\\/lemaraichermoderne.com\\\/en\\\/#\\\/schema\\\/logo\\\/image\\\/\"},\"sameAs\":[\"https:\\\/\\\/www.facebook.com\\\/lemaraichermoderne\",\"https:\\\/\\\/www.instagram.com\\\/lemaraichermoderne\"]}]}<\/script>\n<!-- \/ Yoast SEO plugin. -->","yoast_head_json":{"title":"Bootstrap Farmer 1020 peu profond a Micro pousse - Le Mara\u00eecher Moderne","robots":{"index":"index","follow":"follow","max-snippet":"max-snippet:-1","max-image-preview":"max-image-preview:large","max-video-preview":"max-video-preview:-1"},"canonical":"https:\/\/lemaraichermoderne.com\/en\/produit\/bootstrap-farmer-1020-peu-profond-a-micro-pousse\/","og_locale":"en_US","og_type":"article","og_title":"Bootstrap Farmer 1020 peu profond a Micro pousse - Le Mara\u00eecher Moderne","og_description":"DESCRIPTION Ces plateaux micro-pousses color\u00e9s ont \u00e9t\u00e9 con\u00e7us en pensant aux cultivateurs les plus exigeants et peuvent r\u00e9sister \u00e0 des ann\u00e9es d&#8217;utilisation avec des soins appropri\u00e9s. La hauteur du plateau de micro-pousses en plastique peu profond est de 1\u00bc&#8221;. Cela vous permet de couper rapidement et facilement vos micro pousses aussi bas que possible, ce [&hellip;]","og_url":"https:\/\/lemaraichermoderne.com\/en\/produit\/bootstrap-farmer-1020-peu-profond-a-micro-pousse\/","og_site_name":"Le Mara\u00eecher Moderne","article_publisher":"https:\/\/www.facebook.com\/lemaraichermoderne","article_modified_time":"2026-04-11T16:48:49+00:00","og_image":[{"width":500,"height":500,"url":"https:\/\/lemaraichermoderne.com\/wp-content\/uploads\/2026\/03\/bootstrap-farmer-1020-extra-strength-shallow-microgreen-trays-989445_500x.webp","type":"image\/webp"}],"twitter_card":"summary_large_image","twitter_misc":{"Est. reading time":"2 minutes"},"schema":{"@context":"https:\/\/schema.org","@graph":[{"@type":"WebPage","@id":"https:\/\/lemaraichermoderne.com\/en\/produit\/bootstrap-farmer-1020-peu-profond-a-micro-pousse\/","url":"https:\/\/lemaraichermoderne.com\/en\/produit\/bootstrap-farmer-1020-peu-profond-a-micro-pousse\/","name":"Bootstrap Farmer 1020 peu profond a Micro pousse - Le Mara\u00eecher Moderne","isPartOf":{"@id":"https:\/\/lemaraichermoderne.com\/en\/#website"},"primaryImageOfPage":{"@id":"https:\/\/lemaraichermoderne.com\/en\/produit\/bootstrap-farmer-1020-peu-profond-a-micro-pousse\/#primaryimage"},"image":{"@id":"https:\/\/lemaraichermoderne.com\/en\/produit\/bootstrap-farmer-1020-peu-profond-a-micro-pousse\/#primaryimage"},"thumbnailUrl":"https:\/\/lemaraichermoderne.com\/wp-content\/uploads\/2026\/03\/bootstrap-farmer-1020-extra-strength-shallow-microgreen-trays-989445_500x.webp","datePublished":"2026-03-19T17:38:55+00:00","dateModified":"2026-04-11T16:48:49+00:00","breadcrumb":{"@id":"https:\/\/lemaraichermoderne.com\/en\/produit\/bootstrap-farmer-1020-peu-profond-a-micro-pousse\/#breadcrumb"},"inLanguage":"en-US","potentialAction":[{"@type":"ReadAction","target":["https:\/\/lemaraichermoderne.com\/en\/produit\/bootstrap-farmer-1020-peu-profond-a-micro-pousse\/"]}]},{"@type":"ImageObject","inLanguage":"en-US","@id":"https:\/\/lemaraichermoderne.com\/en\/produit\/bootstrap-farmer-1020-peu-profond-a-micro-pousse\/#primaryimage","url":"https:\/\/lemaraichermoderne.com\/wp-content\/uploads\/2026\/03\/bootstrap-farmer-1020-extra-strength-shallow-microgreen-trays-989445_500x.webp","contentUrl":"https:\/\/lemaraichermoderne.com\/wp-content\/uploads\/2026\/03\/bootstrap-farmer-1020-extra-strength-shallow-microgreen-trays-989445_500x.webp","width":500,"height":500},{"@type":"BreadcrumbList","@id":"https:\/\/lemaraichermoderne.com\/en\/produit\/bootstrap-farmer-1020-peu-profond-a-micro-pousse\/#breadcrumb","itemListElement":[{"@type":"ListItem","position":1,"name":"Accueil","item":"https:\/\/lemaraichermoderne.com\/en\/"},{"@type":"ListItem","position":2,"name":"Boutique","item":"https:\/\/lemaraichermoderne.com\/boutique\/"},{"@type":"ListItem","position":3,"name":"Bootstrap Farmer 1020 peu profond a Micro pousse"}]},{"@type":"WebSite","@id":"https:\/\/lemaraichermoderne.com\/en\/#website","url":"https:\/\/lemaraichermoderne.com\/en\/","name":"Le Mara\u00eecher Moderne","description":"R\u00e9f\u00e9rence en hydroponie \u00e0 Qu\u00e9bec","publisher":{"@id":"https:\/\/lemaraichermoderne.com\/en\/#organization"},"potentialAction":[{"@type":"SearchAction","target":{"@type":"EntryPoint","urlTemplate":"https:\/\/lemaraichermoderne.com\/en\/?s={search_term_string}"},"query-input":{"@type":"PropertyValueSpecification","valueRequired":true,"valueName":"search_term_string"}}],"inLanguage":"en-US"},{"@type":"Organization","@id":"https:\/\/lemaraichermoderne.com\/en\/#organization","name":"Le Mara\u00eecher Moderne","url":"https:\/\/lemaraichermoderne.com\/en\/","logo":{"@type":"ImageObject","inLanguage":"en-US","@id":"https:\/\/lemaraichermoderne.com\/en\/#\/schema\/logo\/image\/","url":"https:\/\/lemaraichermoderne.com\/wp-content\/uploads\/2023\/03\/logo_mm1.png","contentUrl":"https:\/\/lemaraichermoderne.com\/wp-content\/uploads\/2023\/03\/logo_mm1.png","width":500,"height":222,"caption":"Le Mara\u00eecher Moderne"},"image":{"@id":"https:\/\/lemaraichermoderne.com\/en\/#\/schema\/logo\/image\/"},"sameAs":["https:\/\/www.facebook.com\/lemaraichermoderne","https:\/\/www.instagram.com\/lemaraichermoderne"]}]}},"_links":{"self":[{"href":"https:\/\/lemaraichermoderne.com\/en\/wp-json\/wp\/v2\/product\/10430","targetHints":{"allow":["GET"]}}],"collection":[{"href":"https:\/\/lemaraichermoderne.com\/en\/wp-json\/wp\/v2\/product"}],"about":[{"href":"https:\/\/lemaraichermoderne.com\/en\/wp-json\/wp\/v2\/types\/product"}],"wp:featuredmedia":[{"embeddable":true,"href":"https:\/\/lemaraichermoderne.com\/en\/wp-json\/wp\/v2\/media\/10433"}],"wp:attachment":[{"href":"https:\/\/lemaraichermoderne.com\/en\/wp-json\/wp\/v2\/media?parent=10430"}],"wp:term":[{"taxonomy":"product_brand","embeddable":true,"href":"https:\/\/lemaraichermoderne.com\/en\/wp-json\/wp\/v2\/product_brand?post=10430"},{"taxonomy":"product_cat","embeddable":true,"href":"https:\/\/lemaraichermoderne.com\/en\/wp-json\/wp\/v2\/product_cat?post=10430"},{"taxonomy":"product_tag","embeddable":true,"href":"https:\/\/lemaraichermoderne.com\/en\/wp-json\/wp\/v2\/product_tag?post=10430"}],"curies":[{"name":"wp","href":"https:\/\/api.w.org\/{rel}","templated":true}]}}