{"id":10441,"date":"2026-03-19T14:55:03","date_gmt":"2026-03-19T18:55:03","guid":{"rendered":"https:\/\/lemaraichermoderne.com\/?post_type=product&#038;p=10441"},"modified":"2026-04-11T12:48:49","modified_gmt":"2026-04-11T16:48:49","slug":"bootstrap-farmer-1020-plateaux-en-maille-peu-profonde","status":"publish","type":"product","link":"https:\/\/lemaraichermoderne.com\/en\/produit\/bootstrap-farmer-1020-plateaux-en-maille-peu-profonde\/","title":{"rendered":"Bootstrap Farmer 1020 Plateaux en maille peu profonde"},"content":{"rendered":"<p>Ces plateaux peu profonds \u00e0 fond maill\u00e9 sont d\u00e9sormais fabriqu\u00e9s aux \u00c9tats-Unis. Parfait pour les applications hydroponiques, la propagation de blocs de sol, les cubes de laine de roche, les micro-pousses et le fourrage. Ces plateaux 1020 durables et durables contiennent un fond plat en maille qui ne c\u00e9dera pas et ne tombera pas en panne. Ces plateaux de propagation en maille ont un drainage suppl\u00e9mentaire pour les racines.<\/p>\n<p>&nbsp;<\/p>\n<p><strong>CARACT\u00c9RISTIQUES<\/strong><\/p>\n<ul>\n<li>Dimensions ext\u00e9rieures :\u00a020 7\/8\u201d x 10 5\/8\u201d x 1 3\/8\u201d de profondeur<\/li>\n<li>Fabriqu\u00e9 \u00e0 partir de plastique polypropyl\u00e8ne recycl\u00e9 (PP #5) de qualit\u00e9 alimentaire.<\/li>\n<li>Trous de maille (3,4 mm) pour un excellent drainage<\/li>\n<li>Id\u00e9al pour une utilisation avec\u00a0le plateau 1020 micro-pousses, mais suffisamment solide pour \u00eatre utilis\u00e9 seul<\/li>\n<\/ul>\n<p>&nbsp;<\/p>\n<p>&nbsp;<\/p>\n","protected":false},"excerpt":{"rendered":"<p>Ces plateaux peu profonds \u00e0 fond maill\u00e9 sont d\u00e9sormais fabriqu\u00e9s aux \u00c9tats-Unis. Parfait pour les applications hydroponiques, la propagation de blocs de sol, les cubes de laine de roche, les micro-pousses et le fourrage. Ces plateaux 1020 durables et durables contiennent un fond plat en maille qui ne c\u00e9dera pas et ne tombera pas en [&hellip;]<\/p>\n","protected":false},"featured_media":10445,"template":"","meta":[],"product_brand":[],"product_cat":[36,31],"product_tag":[],"class_list":{"0":"post-10441","1":"product","2":"type-product","3":"status-publish","4":"has-post-thumbnail","6":"product_cat-germina","7":"product_cat-milieu-de-croissance","9":"first","10":"instock","11":"taxable","12":"shipping-taxable","13":"purchasable","14":"product-type-variable"},"yoast_head":"<!-- This site is optimized with the Yoast SEO plugin v27.4 - https:\/\/yoast.com\/product\/yoast-seo-wordpress\/ -->\n<title>Bootstrap Farmer 1020 Plateaux en maille peu profonde - Le Mara\u00eecher Moderne<\/title>\n<meta name=\"robots\" content=\"index, follow, max-snippet:-1, max-image-preview:large, max-video-preview:-1\" \/>\n<link rel=\"canonical\" href=\"https:\/\/lemaraichermoderne.com\/en\/produit\/bootstrap-farmer-1020-plateaux-en-maille-peu-profonde\/\" \/>\n<meta property=\"og:locale\" content=\"en_US\" \/>\n<meta property=\"og:type\" content=\"article\" \/>\n<meta property=\"og:title\" content=\"Bootstrap Farmer 1020 Plateaux en maille peu profonde - Le Mara\u00eecher Moderne\" \/>\n<meta property=\"og:description\" content=\"Ces plateaux peu profonds \u00e0 fond maill\u00e9 sont d\u00e9sormais fabriqu\u00e9s aux \u00c9tats-Unis. Parfait pour les applications hydroponiques, la propagation de blocs de sol, les cubes de laine de roche, les micro-pousses et le fourrage. Ces plateaux 1020 durables et durables contiennent un fond plat en maille qui ne c\u00e9dera pas et ne tombera pas en [&hellip;]\" \/>\n<meta property=\"og:url\" content=\"https:\/\/lemaraichermoderne.com\/en\/produit\/bootstrap-farmer-1020-plateaux-en-maille-peu-profonde\/\" \/>\n<meta property=\"og:site_name\" content=\"Le Mara\u00eecher Moderne\" \/>\n<meta property=\"article:publisher\" content=\"https:\/\/www.facebook.com\/lemaraichermoderne\" \/>\n<meta property=\"article:modified_time\" content=\"2026-04-11T16:48:49+00:00\" \/>\n<meta property=\"og:image\" content=\"https:\/\/lemaraichermoderne.com\/wp-content\/uploads\/2026\/03\/bootstrap-farmer-1020-extra-strength-shallow-mesh-trays-567512_500x-1.webp\" \/>\n\t<meta property=\"og:image:width\" content=\"500\" \/>\n\t<meta property=\"og:image:height\" content=\"500\" \/>\n\t<meta property=\"og:image:type\" content=\"image\/webp\" \/>\n<meta name=\"twitter:card\" content=\"summary_large_image\" \/>\n<meta name=\"twitter:label1\" content=\"Est. reading time\" \/>\n\t<meta name=\"twitter:data1\" content=\"1 minute\" \/>\n<script type=\"application\/ld+json\" class=\"yoast-schema-graph\">{\"@context\":\"https:\\\/\\\/schema.org\",\"@graph\":[{\"@type\":\"WebPage\",\"@id\":\"https:\\\/\\\/lemaraichermoderne.com\\\/en\\\/produit\\\/bootstrap-farmer-1020-plateaux-en-maille-peu-profonde\\\/\",\"url\":\"https:\\\/\\\/lemaraichermoderne.com\\\/en\\\/produit\\\/bootstrap-farmer-1020-plateaux-en-maille-peu-profonde\\\/\",\"name\":\"Bootstrap Farmer 1020 Plateaux en maille peu profonde - Le Mara\u00eecher Moderne\",\"isPartOf\":{\"@id\":\"https:\\\/\\\/lemaraichermoderne.com\\\/en\\\/#website\"},\"primaryImageOfPage\":{\"@id\":\"https:\\\/\\\/lemaraichermoderne.com\\\/en\\\/produit\\\/bootstrap-farmer-1020-plateaux-en-maille-peu-profonde\\\/#primaryimage\"},\"image\":{\"@id\":\"https:\\\/\\\/lemaraichermoderne.com\\\/en\\\/produit\\\/bootstrap-farmer-1020-plateaux-en-maille-peu-profonde\\\/#primaryimage\"},\"thumbnailUrl\":\"https:\\\/\\\/lemaraichermoderne.com\\\/wp-content\\\/uploads\\\/2026\\\/03\\\/bootstrap-farmer-1020-extra-strength-shallow-mesh-trays-567512_500x-1.webp\",\"datePublished\":\"2026-03-19T18:55:03+00:00\",\"dateModified\":\"2026-04-11T16:48:49+00:00\",\"breadcrumb\":{\"@id\":\"https:\\\/\\\/lemaraichermoderne.com\\\/en\\\/produit\\\/bootstrap-farmer-1020-plateaux-en-maille-peu-profonde\\\/#breadcrumb\"},\"inLanguage\":\"en-US\",\"potentialAction\":[{\"@type\":\"ReadAction\",\"target\":[\"https:\\\/\\\/lemaraichermoderne.com\\\/en\\\/produit\\\/bootstrap-farmer-1020-plateaux-en-maille-peu-profonde\\\/\"]}]},{\"@type\":\"ImageObject\",\"inLanguage\":\"en-US\",\"@id\":\"https:\\\/\\\/lemaraichermoderne.com\\\/en\\\/produit\\\/bootstrap-farmer-1020-plateaux-en-maille-peu-profonde\\\/#primaryimage\",\"url\":\"https:\\\/\\\/lemaraichermoderne.com\\\/wp-content\\\/uploads\\\/2026\\\/03\\\/bootstrap-farmer-1020-extra-strength-shallow-mesh-trays-567512_500x-1.webp\",\"contentUrl\":\"https:\\\/\\\/lemaraichermoderne.com\\\/wp-content\\\/uploads\\\/2026\\\/03\\\/bootstrap-farmer-1020-extra-strength-shallow-mesh-trays-567512_500x-1.webp\",\"width\":500,\"height\":500},{\"@type\":\"BreadcrumbList\",\"@id\":\"https:\\\/\\\/lemaraichermoderne.com\\\/en\\\/produit\\\/bootstrap-farmer-1020-plateaux-en-maille-peu-profonde\\\/#breadcrumb\",\"itemListElement\":[{\"@type\":\"ListItem\",\"position\":1,\"name\":\"Accueil\",\"item\":\"https:\\\/\\\/lemaraichermoderne.com\\\/en\\\/\"},{\"@type\":\"ListItem\",\"position\":2,\"name\":\"Boutique\",\"item\":\"https:\\\/\\\/lemaraichermoderne.com\\\/boutique\\\/\"},{\"@type\":\"ListItem\",\"position\":3,\"name\":\"Bootstrap Farmer 1020 Plateaux en maille peu profonde\"}]},{\"@type\":\"WebSite\",\"@id\":\"https:\\\/\\\/lemaraichermoderne.com\\\/en\\\/#website\",\"url\":\"https:\\\/\\\/lemaraichermoderne.com\\\/en\\\/\",\"name\":\"Le Mara\u00eecher Moderne\",\"description\":\"R\u00e9f\u00e9rence en hydroponie \u00e0 Qu\u00e9bec\",\"publisher\":{\"@id\":\"https:\\\/\\\/lemaraichermoderne.com\\\/en\\\/#organization\"},\"potentialAction\":[{\"@type\":\"SearchAction\",\"target\":{\"@type\":\"EntryPoint\",\"urlTemplate\":\"https:\\\/\\\/lemaraichermoderne.com\\\/en\\\/?s={search_term_string}\"},\"query-input\":{\"@type\":\"PropertyValueSpecification\",\"valueRequired\":true,\"valueName\":\"search_term_string\"}}],\"inLanguage\":\"en-US\"},{\"@type\":\"Organization\",\"@id\":\"https:\\\/\\\/lemaraichermoderne.com\\\/en\\\/#organization\",\"name\":\"Le Mara\u00eecher Moderne\",\"url\":\"https:\\\/\\\/lemaraichermoderne.com\\\/en\\\/\",\"logo\":{\"@type\":\"ImageObject\",\"inLanguage\":\"en-US\",\"@id\":\"https:\\\/\\\/lemaraichermoderne.com\\\/en\\\/#\\\/schema\\\/logo\\\/image\\\/\",\"url\":\"https:\\\/\\\/lemaraichermoderne.com\\\/wp-content\\\/uploads\\\/2023\\\/03\\\/logo_mm1.png\",\"contentUrl\":\"https:\\\/\\\/lemaraichermoderne.com\\\/wp-content\\\/uploads\\\/2023\\\/03\\\/logo_mm1.png\",\"width\":500,\"height\":222,\"caption\":\"Le Mara\u00eecher Moderne\"},\"image\":{\"@id\":\"https:\\\/\\\/lemaraichermoderne.com\\\/en\\\/#\\\/schema\\\/logo\\\/image\\\/\"},\"sameAs\":[\"https:\\\/\\\/www.facebook.com\\\/lemaraichermoderne\",\"https:\\\/\\\/www.instagram.com\\\/lemaraichermoderne\"]}]}<\/script>\n<!-- \/ Yoast SEO plugin. -->","yoast_head_json":{"title":"Bootstrap Farmer 1020 Plateaux en maille peu profonde - Le Mara\u00eecher Moderne","robots":{"index":"index","follow":"follow","max-snippet":"max-snippet:-1","max-image-preview":"max-image-preview:large","max-video-preview":"max-video-preview:-1"},"canonical":"https:\/\/lemaraichermoderne.com\/en\/produit\/bootstrap-farmer-1020-plateaux-en-maille-peu-profonde\/","og_locale":"en_US","og_type":"article","og_title":"Bootstrap Farmer 1020 Plateaux en maille peu profonde - Le Mara\u00eecher Moderne","og_description":"Ces plateaux peu profonds \u00e0 fond maill\u00e9 sont d\u00e9sormais fabriqu\u00e9s aux \u00c9tats-Unis. Parfait pour les applications hydroponiques, la propagation de blocs de sol, les cubes de laine de roche, les micro-pousses et le fourrage. Ces plateaux 1020 durables et durables contiennent un fond plat en maille qui ne c\u00e9dera pas et ne tombera pas en [&hellip;]","og_url":"https:\/\/lemaraichermoderne.com\/en\/produit\/bootstrap-farmer-1020-plateaux-en-maille-peu-profonde\/","og_site_name":"Le Mara\u00eecher Moderne","article_publisher":"https:\/\/www.facebook.com\/lemaraichermoderne","article_modified_time":"2026-04-11T16:48:49+00:00","og_image":[{"width":500,"height":500,"url":"https:\/\/lemaraichermoderne.com\/wp-content\/uploads\/2026\/03\/bootstrap-farmer-1020-extra-strength-shallow-mesh-trays-567512_500x-1.webp","type":"image\/webp"}],"twitter_card":"summary_large_image","twitter_misc":{"Est. reading time":"1 minute"},"schema":{"@context":"https:\/\/schema.org","@graph":[{"@type":"WebPage","@id":"https:\/\/lemaraichermoderne.com\/en\/produit\/bootstrap-farmer-1020-plateaux-en-maille-peu-profonde\/","url":"https:\/\/lemaraichermoderne.com\/en\/produit\/bootstrap-farmer-1020-plateaux-en-maille-peu-profonde\/","name":"Bootstrap Farmer 1020 Plateaux en maille peu profonde - Le Mara\u00eecher Moderne","isPartOf":{"@id":"https:\/\/lemaraichermoderne.com\/en\/#website"},"primaryImageOfPage":{"@id":"https:\/\/lemaraichermoderne.com\/en\/produit\/bootstrap-farmer-1020-plateaux-en-maille-peu-profonde\/#primaryimage"},"image":{"@id":"https:\/\/lemaraichermoderne.com\/en\/produit\/bootstrap-farmer-1020-plateaux-en-maille-peu-profonde\/#primaryimage"},"thumbnailUrl":"https:\/\/lemaraichermoderne.com\/wp-content\/uploads\/2026\/03\/bootstrap-farmer-1020-extra-strength-shallow-mesh-trays-567512_500x-1.webp","datePublished":"2026-03-19T18:55:03+00:00","dateModified":"2026-04-11T16:48:49+00:00","breadcrumb":{"@id":"https:\/\/lemaraichermoderne.com\/en\/produit\/bootstrap-farmer-1020-plateaux-en-maille-peu-profonde\/#breadcrumb"},"inLanguage":"en-US","potentialAction":[{"@type":"ReadAction","target":["https:\/\/lemaraichermoderne.com\/en\/produit\/bootstrap-farmer-1020-plateaux-en-maille-peu-profonde\/"]}]},{"@type":"ImageObject","inLanguage":"en-US","@id":"https:\/\/lemaraichermoderne.com\/en\/produit\/bootstrap-farmer-1020-plateaux-en-maille-peu-profonde\/#primaryimage","url":"https:\/\/lemaraichermoderne.com\/wp-content\/uploads\/2026\/03\/bootstrap-farmer-1020-extra-strength-shallow-mesh-trays-567512_500x-1.webp","contentUrl":"https:\/\/lemaraichermoderne.com\/wp-content\/uploads\/2026\/03\/bootstrap-farmer-1020-extra-strength-shallow-mesh-trays-567512_500x-1.webp","width":500,"height":500},{"@type":"BreadcrumbList","@id":"https:\/\/lemaraichermoderne.com\/en\/produit\/bootstrap-farmer-1020-plateaux-en-maille-peu-profonde\/#breadcrumb","itemListElement":[{"@type":"ListItem","position":1,"name":"Accueil","item":"https:\/\/lemaraichermoderne.com\/en\/"},{"@type":"ListItem","position":2,"name":"Boutique","item":"https:\/\/lemaraichermoderne.com\/boutique\/"},{"@type":"ListItem","position":3,"name":"Bootstrap Farmer 1020 Plateaux en maille peu profonde"}]},{"@type":"WebSite","@id":"https:\/\/lemaraichermoderne.com\/en\/#website","url":"https:\/\/lemaraichermoderne.com\/en\/","name":"Le Mara\u00eecher Moderne","description":"R\u00e9f\u00e9rence en hydroponie \u00e0 Qu\u00e9bec","publisher":{"@id":"https:\/\/lemaraichermoderne.com\/en\/#organization"},"potentialAction":[{"@type":"SearchAction","target":{"@type":"EntryPoint","urlTemplate":"https:\/\/lemaraichermoderne.com\/en\/?s={search_term_string}"},"query-input":{"@type":"PropertyValueSpecification","valueRequired":true,"valueName":"search_term_string"}}],"inLanguage":"en-US"},{"@type":"Organization","@id":"https:\/\/lemaraichermoderne.com\/en\/#organization","name":"Le Mara\u00eecher Moderne","url":"https:\/\/lemaraichermoderne.com\/en\/","logo":{"@type":"ImageObject","inLanguage":"en-US","@id":"https:\/\/lemaraichermoderne.com\/en\/#\/schema\/logo\/image\/","url":"https:\/\/lemaraichermoderne.com\/wp-content\/uploads\/2023\/03\/logo_mm1.png","contentUrl":"https:\/\/lemaraichermoderne.com\/wp-content\/uploads\/2023\/03\/logo_mm1.png","width":500,"height":222,"caption":"Le Mara\u00eecher Moderne"},"image":{"@id":"https:\/\/lemaraichermoderne.com\/en\/#\/schema\/logo\/image\/"},"sameAs":["https:\/\/www.facebook.com\/lemaraichermoderne","https:\/\/www.instagram.com\/lemaraichermoderne"]}]}},"_links":{"self":[{"href":"https:\/\/lemaraichermoderne.com\/en\/wp-json\/wp\/v2\/product\/10441","targetHints":{"allow":["GET"]}}],"collection":[{"href":"https:\/\/lemaraichermoderne.com\/en\/wp-json\/wp\/v2\/product"}],"about":[{"href":"https:\/\/lemaraichermoderne.com\/en\/wp-json\/wp\/v2\/types\/product"}],"wp:featuredmedia":[{"embeddable":true,"href":"https:\/\/lemaraichermoderne.com\/en\/wp-json\/wp\/v2\/media\/10445"}],"wp:attachment":[{"href":"https:\/\/lemaraichermoderne.com\/en\/wp-json\/wp\/v2\/media?parent=10441"}],"wp:term":[{"taxonomy":"product_brand","embeddable":true,"href":"https:\/\/lemaraichermoderne.com\/en\/wp-json\/wp\/v2\/product_brand?post=10441"},{"taxonomy":"product_cat","embeddable":true,"href":"https:\/\/lemaraichermoderne.com\/en\/wp-json\/wp\/v2\/product_cat?post=10441"},{"taxonomy":"product_tag","embeddable":true,"href":"https:\/\/lemaraichermoderne.com\/en\/wp-json\/wp\/v2\/product_tag?post=10441"}],"curies":[{"name":"wp","href":"https:\/\/api.w.org\/{rel}","templated":true}]}}