{"id":10490,"date":"2026-03-25T13:33:50","date_gmt":"2026-03-25T17:33:50","guid":{"rendered":"https:\/\/lemaraichermoderne.com\/?post_type=product&#038;p=10490"},"modified":"2026-04-09T14:33:16","modified_gmt":"2026-04-09T18:33:16","slug":"bootstrap-farmer-dome-5x5-5-5","status":"publish","type":"product","link":"https:\/\/lemaraichermoderne.com\/en\/produit\/bootstrap-farmer-dome-5x5-5-5\/","title":{"rendered":"Bootstrap Farmer Dome 5&#215;5 5.5&#8243;"},"content":{"rendered":"<p>Enfin, un moyen simple de contr\u00f4ler l\u2019humidit\u00e9 de vos micropousses en petits lots. Notre d\u00f4me d&#8217;humidit\u00e9 robuste pour inserts de plateau 801 vous aide \u00e0 r\u00e9guler la temp\u00e9rature et l&#8217;humidit\u00e9 n\u00e9cessaires \u00e0 la germination de vos plants. Fabriqu\u00e9 \u00e0 partir de plastique recycl\u00e9 extra r\u00e9sistant. Nos d\u00f4mes ne sont pas fragiles ou cassants comme les autres.<\/p>\n<p><strong>TAILLE<\/strong><\/p>\n<ul>\n<li>Longueur : 5 pouces<\/li>\n<li>Largeur : 5 pouces<\/li>\n<li><strong>Hauteur courte\u00a0:<\/strong>\u00a02,5\u00a0pouces<\/li>\n<li><strong>Hauteur haute:<\/strong>\u00a05,5 pouces<\/li>\n<\/ul>\n<p>&nbsp;<\/p>\n<p><strong>AUTRES CARACT\u00c9RISTIQUES<\/strong><\/p>\n<ul>\n<li>\u00c9vent d&#8217;humidit\u00e9 r\u00e9glable<\/li>\n<li>Convient\u00a0<a href=\"https:\/\/indoorfarmer.ca\/products\/bootstrap-farmer-extra-strength-5x5-grow-trays?_pos=1&amp;_sid=401319e67&amp;_ss=r\" target=\"_blank\" rel=\"noopener\" data-position=\"10\">aux inserts de plateau microgreen Bootstrap 5&#215;5<\/a>\u00a0.<\/li>\n<li><strong>Non destin\u00e9 \u00e0 \u00eatre utilis\u00e9 en plein soleil<\/strong><\/li>\n<li>Les d\u00f4mes d&#8217;humidit\u00e9 sont con\u00e7us pour reposer doucement sur le bord du plateau, ils ne sont pas destin\u00e9s \u00e0 sceller ou \u00e0 cliquer.<\/li>\n<\/ul>\n","protected":false},"excerpt":{"rendered":"<p>Enfin, un moyen simple de contr\u00f4ler l\u2019humidit\u00e9 de vos micropousses en petits lots. Notre d\u00f4me d&#8217;humidit\u00e9 robuste pour inserts de plateau 801 vous aide \u00e0 r\u00e9guler la temp\u00e9rature et l&#8217;humidit\u00e9 n\u00e9cessaires \u00e0 la germination de vos plants. Fabriqu\u00e9 \u00e0 partir de plastique recycl\u00e9 extra r\u00e9sistant. Nos d\u00f4mes ne sont pas fragiles ou cassants comme les [&hellip;]<\/p>\n","protected":false},"featured_media":10491,"template":"","meta":[],"product_brand":[],"product_cat":[24,31],"product_tag":[],"class_list":{"0":"post-10490","1":"product","2":"type-product","3":"status-publish","4":"has-post-thumbnail","6":"product_cat-accessoires","7":"product_cat-milieu-de-croissance","9":"first","10":"instock","11":"taxable","12":"shipping-taxable","13":"purchasable","14":"product-type-simple"},"yoast_head":"<!-- This site is optimized with the Yoast SEO plugin v27.4 - https:\/\/yoast.com\/product\/yoast-seo-wordpress\/ -->\n<title>Bootstrap Farmer Dome 5x5 5.5&quot; - Le Mara\u00eecher Moderne<\/title>\n<meta name=\"robots\" content=\"index, follow, max-snippet:-1, max-image-preview:large, max-video-preview:-1\" \/>\n<link rel=\"canonical\" href=\"https:\/\/lemaraichermoderne.com\/en\/produit\/bootstrap-farmer-dome-5x5-5-5\/\" \/>\n<meta property=\"og:locale\" content=\"en_US\" \/>\n<meta property=\"og:type\" content=\"article\" \/>\n<meta property=\"og:title\" content=\"Bootstrap Farmer Dome 5x5 5.5&quot; - Le Mara\u00eecher Moderne\" \/>\n<meta property=\"og:description\" content=\"Enfin, un moyen simple de contr\u00f4ler l\u2019humidit\u00e9 de vos micropousses en petits lots. Notre d\u00f4me d&#8217;humidit\u00e9 robuste pour inserts de plateau 801 vous aide \u00e0 r\u00e9guler la temp\u00e9rature et l&#8217;humidit\u00e9 n\u00e9cessaires \u00e0 la germination de vos plants. Fabriqu\u00e9 \u00e0 partir de plastique recycl\u00e9 extra r\u00e9sistant. Nos d\u00f4mes ne sont pas fragiles ou cassants comme les [&hellip;]\" \/>\n<meta property=\"og:url\" content=\"https:\/\/lemaraichermoderne.com\/en\/produit\/bootstrap-farmer-dome-5x5-5-5\/\" \/>\n<meta property=\"og:site_name\" content=\"Le Mara\u00eecher Moderne\" \/>\n<meta property=\"article:publisher\" content=\"https:\/\/www.facebook.com\/lemaraichermoderne\" \/>\n<meta property=\"article:modified_time\" content=\"2026-04-09T18:33:16+00:00\" \/>\n<meta property=\"og:image\" content=\"https:\/\/lemaraichermoderne.com\/wp-content\/uploads\/2026\/03\/b848e46773fb4242009366aced7d4eab_500x.webp\" \/>\n\t<meta property=\"og:image:width\" content=\"500\" \/>\n\t<meta property=\"og:image:height\" content=\"500\" \/>\n\t<meta property=\"og:image:type\" content=\"image\/webp\" \/>\n<meta name=\"twitter:card\" content=\"summary_large_image\" \/>\n<meta name=\"twitter:label1\" content=\"Est. reading time\" \/>\n\t<meta name=\"twitter:data1\" content=\"1 minute\" \/>\n<script type=\"application\/ld+json\" class=\"yoast-schema-graph\">{\"@context\":\"https:\\\/\\\/schema.org\",\"@graph\":[{\"@type\":\"WebPage\",\"@id\":\"https:\\\/\\\/lemaraichermoderne.com\\\/en\\\/produit\\\/bootstrap-farmer-dome-5x5-5-5\\\/\",\"url\":\"https:\\\/\\\/lemaraichermoderne.com\\\/en\\\/produit\\\/bootstrap-farmer-dome-5x5-5-5\\\/\",\"name\":\"Bootstrap Farmer Dome 5x5 5.5\\\" - Le Mara\u00eecher Moderne\",\"isPartOf\":{\"@id\":\"https:\\\/\\\/lemaraichermoderne.com\\\/en\\\/#website\"},\"primaryImageOfPage\":{\"@id\":\"https:\\\/\\\/lemaraichermoderne.com\\\/en\\\/produit\\\/bootstrap-farmer-dome-5x5-5-5\\\/#primaryimage\"},\"image\":{\"@id\":\"https:\\\/\\\/lemaraichermoderne.com\\\/en\\\/produit\\\/bootstrap-farmer-dome-5x5-5-5\\\/#primaryimage\"},\"thumbnailUrl\":\"https:\\\/\\\/lemaraichermoderne.com\\\/wp-content\\\/uploads\\\/2026\\\/03\\\/b848e46773fb4242009366aced7d4eab_500x.webp\",\"datePublished\":\"2026-03-25T17:33:50+00:00\",\"dateModified\":\"2026-04-09T18:33:16+00:00\",\"breadcrumb\":{\"@id\":\"https:\\\/\\\/lemaraichermoderne.com\\\/en\\\/produit\\\/bootstrap-farmer-dome-5x5-5-5\\\/#breadcrumb\"},\"inLanguage\":\"en-US\",\"potentialAction\":[{\"@type\":\"ReadAction\",\"target\":[\"https:\\\/\\\/lemaraichermoderne.com\\\/en\\\/produit\\\/bootstrap-farmer-dome-5x5-5-5\\\/\"]}]},{\"@type\":\"ImageObject\",\"inLanguage\":\"en-US\",\"@id\":\"https:\\\/\\\/lemaraichermoderne.com\\\/en\\\/produit\\\/bootstrap-farmer-dome-5x5-5-5\\\/#primaryimage\",\"url\":\"https:\\\/\\\/lemaraichermoderne.com\\\/wp-content\\\/uploads\\\/2026\\\/03\\\/b848e46773fb4242009366aced7d4eab_500x.webp\",\"contentUrl\":\"https:\\\/\\\/lemaraichermoderne.com\\\/wp-content\\\/uploads\\\/2026\\\/03\\\/b848e46773fb4242009366aced7d4eab_500x.webp\",\"width\":500,\"height\":500},{\"@type\":\"BreadcrumbList\",\"@id\":\"https:\\\/\\\/lemaraichermoderne.com\\\/en\\\/produit\\\/bootstrap-farmer-dome-5x5-5-5\\\/#breadcrumb\",\"itemListElement\":[{\"@type\":\"ListItem\",\"position\":1,\"name\":\"Accueil\",\"item\":\"https:\\\/\\\/lemaraichermoderne.com\\\/en\\\/\"},{\"@type\":\"ListItem\",\"position\":2,\"name\":\"Boutique\",\"item\":\"https:\\\/\\\/lemaraichermoderne.com\\\/boutique\\\/\"},{\"@type\":\"ListItem\",\"position\":3,\"name\":\"Bootstrap Farmer Dome 5&#215;5 5.5&Prime;\"}]},{\"@type\":\"WebSite\",\"@id\":\"https:\\\/\\\/lemaraichermoderne.com\\\/en\\\/#website\",\"url\":\"https:\\\/\\\/lemaraichermoderne.com\\\/en\\\/\",\"name\":\"Le Mara\u00eecher Moderne\",\"description\":\"R\u00e9f\u00e9rence en hydroponie \u00e0 Qu\u00e9bec\",\"publisher\":{\"@id\":\"https:\\\/\\\/lemaraichermoderne.com\\\/en\\\/#organization\"},\"potentialAction\":[{\"@type\":\"SearchAction\",\"target\":{\"@type\":\"EntryPoint\",\"urlTemplate\":\"https:\\\/\\\/lemaraichermoderne.com\\\/en\\\/?s={search_term_string}\"},\"query-input\":{\"@type\":\"PropertyValueSpecification\",\"valueRequired\":true,\"valueName\":\"search_term_string\"}}],\"inLanguage\":\"en-US\"},{\"@type\":\"Organization\",\"@id\":\"https:\\\/\\\/lemaraichermoderne.com\\\/en\\\/#organization\",\"name\":\"Le Mara\u00eecher Moderne\",\"url\":\"https:\\\/\\\/lemaraichermoderne.com\\\/en\\\/\",\"logo\":{\"@type\":\"ImageObject\",\"inLanguage\":\"en-US\",\"@id\":\"https:\\\/\\\/lemaraichermoderne.com\\\/en\\\/#\\\/schema\\\/logo\\\/image\\\/\",\"url\":\"https:\\\/\\\/lemaraichermoderne.com\\\/wp-content\\\/uploads\\\/2023\\\/03\\\/logo_mm1.png\",\"contentUrl\":\"https:\\\/\\\/lemaraichermoderne.com\\\/wp-content\\\/uploads\\\/2023\\\/03\\\/logo_mm1.png\",\"width\":500,\"height\":222,\"caption\":\"Le Mara\u00eecher Moderne\"},\"image\":{\"@id\":\"https:\\\/\\\/lemaraichermoderne.com\\\/en\\\/#\\\/schema\\\/logo\\\/image\\\/\"},\"sameAs\":[\"https:\\\/\\\/www.facebook.com\\\/lemaraichermoderne\",\"https:\\\/\\\/www.instagram.com\\\/lemaraichermoderne\"]}]}<\/script>\n<!-- \/ Yoast SEO plugin. -->","yoast_head_json":{"title":"Bootstrap Farmer Dome 5x5 5.5\" - Le Mara\u00eecher Moderne","robots":{"index":"index","follow":"follow","max-snippet":"max-snippet:-1","max-image-preview":"max-image-preview:large","max-video-preview":"max-video-preview:-1"},"canonical":"https:\/\/lemaraichermoderne.com\/en\/produit\/bootstrap-farmer-dome-5x5-5-5\/","og_locale":"en_US","og_type":"article","og_title":"Bootstrap Farmer Dome 5x5 5.5\" - Le Mara\u00eecher Moderne","og_description":"Enfin, un moyen simple de contr\u00f4ler l\u2019humidit\u00e9 de vos micropousses en petits lots. Notre d\u00f4me d&#8217;humidit\u00e9 robuste pour inserts de plateau 801 vous aide \u00e0 r\u00e9guler la temp\u00e9rature et l&#8217;humidit\u00e9 n\u00e9cessaires \u00e0 la germination de vos plants. Fabriqu\u00e9 \u00e0 partir de plastique recycl\u00e9 extra r\u00e9sistant. Nos d\u00f4mes ne sont pas fragiles ou cassants comme les [&hellip;]","og_url":"https:\/\/lemaraichermoderne.com\/en\/produit\/bootstrap-farmer-dome-5x5-5-5\/","og_site_name":"Le Mara\u00eecher Moderne","article_publisher":"https:\/\/www.facebook.com\/lemaraichermoderne","article_modified_time":"2026-04-09T18:33:16+00:00","og_image":[{"width":500,"height":500,"url":"https:\/\/lemaraichermoderne.com\/wp-content\/uploads\/2026\/03\/b848e46773fb4242009366aced7d4eab_500x.webp","type":"image\/webp"}],"twitter_card":"summary_large_image","twitter_misc":{"Est. reading time":"1 minute"},"schema":{"@context":"https:\/\/schema.org","@graph":[{"@type":"WebPage","@id":"https:\/\/lemaraichermoderne.com\/en\/produit\/bootstrap-farmer-dome-5x5-5-5\/","url":"https:\/\/lemaraichermoderne.com\/en\/produit\/bootstrap-farmer-dome-5x5-5-5\/","name":"Bootstrap Farmer Dome 5x5 5.5\" - Le Mara\u00eecher Moderne","isPartOf":{"@id":"https:\/\/lemaraichermoderne.com\/en\/#website"},"primaryImageOfPage":{"@id":"https:\/\/lemaraichermoderne.com\/en\/produit\/bootstrap-farmer-dome-5x5-5-5\/#primaryimage"},"image":{"@id":"https:\/\/lemaraichermoderne.com\/en\/produit\/bootstrap-farmer-dome-5x5-5-5\/#primaryimage"},"thumbnailUrl":"https:\/\/lemaraichermoderne.com\/wp-content\/uploads\/2026\/03\/b848e46773fb4242009366aced7d4eab_500x.webp","datePublished":"2026-03-25T17:33:50+00:00","dateModified":"2026-04-09T18:33:16+00:00","breadcrumb":{"@id":"https:\/\/lemaraichermoderne.com\/en\/produit\/bootstrap-farmer-dome-5x5-5-5\/#breadcrumb"},"inLanguage":"en-US","potentialAction":[{"@type":"ReadAction","target":["https:\/\/lemaraichermoderne.com\/en\/produit\/bootstrap-farmer-dome-5x5-5-5\/"]}]},{"@type":"ImageObject","inLanguage":"en-US","@id":"https:\/\/lemaraichermoderne.com\/en\/produit\/bootstrap-farmer-dome-5x5-5-5\/#primaryimage","url":"https:\/\/lemaraichermoderne.com\/wp-content\/uploads\/2026\/03\/b848e46773fb4242009366aced7d4eab_500x.webp","contentUrl":"https:\/\/lemaraichermoderne.com\/wp-content\/uploads\/2026\/03\/b848e46773fb4242009366aced7d4eab_500x.webp","width":500,"height":500},{"@type":"BreadcrumbList","@id":"https:\/\/lemaraichermoderne.com\/en\/produit\/bootstrap-farmer-dome-5x5-5-5\/#breadcrumb","itemListElement":[{"@type":"ListItem","position":1,"name":"Accueil","item":"https:\/\/lemaraichermoderne.com\/en\/"},{"@type":"ListItem","position":2,"name":"Boutique","item":"https:\/\/lemaraichermoderne.com\/boutique\/"},{"@type":"ListItem","position":3,"name":"Bootstrap Farmer Dome 5&#215;5 5.5&Prime;"}]},{"@type":"WebSite","@id":"https:\/\/lemaraichermoderne.com\/en\/#website","url":"https:\/\/lemaraichermoderne.com\/en\/","name":"Le Mara\u00eecher Moderne","description":"R\u00e9f\u00e9rence en hydroponie \u00e0 Qu\u00e9bec","publisher":{"@id":"https:\/\/lemaraichermoderne.com\/en\/#organization"},"potentialAction":[{"@type":"SearchAction","target":{"@type":"EntryPoint","urlTemplate":"https:\/\/lemaraichermoderne.com\/en\/?s={search_term_string}"},"query-input":{"@type":"PropertyValueSpecification","valueRequired":true,"valueName":"search_term_string"}}],"inLanguage":"en-US"},{"@type":"Organization","@id":"https:\/\/lemaraichermoderne.com\/en\/#organization","name":"Le Mara\u00eecher Moderne","url":"https:\/\/lemaraichermoderne.com\/en\/","logo":{"@type":"ImageObject","inLanguage":"en-US","@id":"https:\/\/lemaraichermoderne.com\/en\/#\/schema\/logo\/image\/","url":"https:\/\/lemaraichermoderne.com\/wp-content\/uploads\/2023\/03\/logo_mm1.png","contentUrl":"https:\/\/lemaraichermoderne.com\/wp-content\/uploads\/2023\/03\/logo_mm1.png","width":500,"height":222,"caption":"Le Mara\u00eecher Moderne"},"image":{"@id":"https:\/\/lemaraichermoderne.com\/en\/#\/schema\/logo\/image\/"},"sameAs":["https:\/\/www.facebook.com\/lemaraichermoderne","https:\/\/www.instagram.com\/lemaraichermoderne"]}]}},"_links":{"self":[{"href":"https:\/\/lemaraichermoderne.com\/en\/wp-json\/wp\/v2\/product\/10490","targetHints":{"allow":["GET"]}}],"collection":[{"href":"https:\/\/lemaraichermoderne.com\/en\/wp-json\/wp\/v2\/product"}],"about":[{"href":"https:\/\/lemaraichermoderne.com\/en\/wp-json\/wp\/v2\/types\/product"}],"wp:featuredmedia":[{"embeddable":true,"href":"https:\/\/lemaraichermoderne.com\/en\/wp-json\/wp\/v2\/media\/10491"}],"wp:attachment":[{"href":"https:\/\/lemaraichermoderne.com\/en\/wp-json\/wp\/v2\/media?parent=10490"}],"wp:term":[{"taxonomy":"product_brand","embeddable":true,"href":"https:\/\/lemaraichermoderne.com\/en\/wp-json\/wp\/v2\/product_brand?post=10490"},{"taxonomy":"product_cat","embeddable":true,"href":"https:\/\/lemaraichermoderne.com\/en\/wp-json\/wp\/v2\/product_cat?post=10490"},{"taxonomy":"product_tag","embeddable":true,"href":"https:\/\/lemaraichermoderne.com\/en\/wp-json\/wp\/v2\/product_tag?post=10490"}],"curies":[{"name":"wp","href":"https:\/\/api.w.org\/{rel}","templated":true}]}}