{"id":10541,"date":"2026-03-25T14:23:08","date_gmt":"2026-03-25T18:23:08","guid":{"rendered":"https:\/\/lemaraichermoderne.com\/?post_type=product&#038;p=10541"},"modified":"2026-03-25T14:50:38","modified_gmt":"2026-03-25T18:50:38","slug":"bootstrap-farmer-plateaux-net-pot-a-18-trous","status":"publish","type":"product","link":"https:\/\/lemaraichermoderne.com\/en\/produit\/bootstrap-farmer-plateaux-net-pot-a-18-trous\/","title":{"rendered":"Bootstrap Farmer Plateaux Net Pot \u00e0 18 trous"},"content":{"rendered":"<h3 id=\"tw-target-text\" class=\"tw-data-text tw-text-large tw-ta\" dir=\"ltr\" data-placeholder=\"Traduction\" aria-label=\"Texte traduit\u00a0: Fabriqu\u00e9 en polypropyl\u00e8ne renforc\u00e9 pour une exploitation agricole sereine et une long\u00e9vit\u00e9 optimale de votre \u00e9quipement. Convient \u00e0 18 pots filets de 5 cm et compatible avec nos plateaux 1020. L'espacement de 3,8 cm offre un espace de culture nettement sup\u00e9rieur \u00e0 celui de nos plateaux Net Pot \u00e0 32 trous. CARACT\u00c9RISTIQUES PRINCIPALES Fabriqu\u00e9 en plastique PP n\u00b0 5 extra-r\u00e9sistant, sans BPA et de qualit\u00e9 alimentaire. Dimensions ext\u00e9rieures\u00a0: 54,5 x 28 cm Compatible avec nos pots filets de 5 cm, nos plateaux 1020 et nos d\u00f4mes d'humidit\u00e9 Chaque trou mesure 5,3 cm de large Une m\u00e9thode efficace pour cultiver en hydroponie avec vos plateaux 1020\" data-ved=\"2ahUKEwjC1teKhOyNAxUFlYkEHaL_NE4Q3ewLegQIDhAW\"><strong><span class=\"Y2IQFc\" lang=\"fr\">Fabriqu\u00e9 en polypropyl\u00e8ne renforc\u00e9 pour une exploitation agricole sereine et une long\u00e9vit\u00e9 optimale de votre \u00e9quipement.<\/span><\/strong><\/h3>\n<h3 class=\"tw-data-text tw-text-large tw-ta\" dir=\"ltr\" data-placeholder=\"Traduction\" aria-label=\"Texte traduit\u00a0: Fabriqu\u00e9 en polypropyl\u00e8ne renforc\u00e9 pour une exploitation agricole sereine et une long\u00e9vit\u00e9 optimale de votre \u00e9quipement. Convient \u00e0 18 pots filets de 5 cm et compatible avec nos plateaux 1020. L'espacement de 3,8 cm offre un espace de culture nettement sup\u00e9rieur \u00e0 celui de nos plateaux Net Pot \u00e0 32 trous. CARACT\u00c9RISTIQUES PRINCIPALES Fabriqu\u00e9 en plastique PP n\u00b0 5 extra-r\u00e9sistant, sans BPA et de qualit\u00e9 alimentaire. Dimensions ext\u00e9rieures\u00a0: 54,5 x 28 cm Compatible avec nos pots filets de 5 cm, nos plateaux 1020 et nos d\u00f4mes d'humidit\u00e9 Chaque trou mesure 5,3 cm de large Une m\u00e9thode efficace pour cultiver en hydroponie avec vos plateaux 1020\" data-ved=\"2ahUKEwjC1teKhOyNAxUFlYkEHaL_NE4Q3ewLegQIDhAW\"><strong><span class=\"Y2IQFc\" lang=\"fr\">Convient \u00e0 18 pots filets de 5 cm et compatible avec nos plateaux 1020.<\/span><\/strong><\/h3>\n<h3 class=\"tw-data-text tw-text-large tw-ta\" dir=\"ltr\" data-placeholder=\"Traduction\" aria-label=\"Texte traduit\u00a0: Fabriqu\u00e9 en polypropyl\u00e8ne renforc\u00e9 pour une exploitation agricole sereine et une long\u00e9vit\u00e9 optimale de votre \u00e9quipement. Convient \u00e0 18 pots filets de 5 cm et compatible avec nos plateaux 1020. L'espacement de 3,8 cm offre un espace de culture nettement sup\u00e9rieur \u00e0 celui de nos plateaux Net Pot \u00e0 32 trous. CARACT\u00c9RISTIQUES PRINCIPALES Fabriqu\u00e9 en plastique PP n\u00b0 5 extra-r\u00e9sistant, sans BPA et de qualit\u00e9 alimentaire. Dimensions ext\u00e9rieures\u00a0: 54,5 x 28 cm Compatible avec nos pots filets de 5 cm, nos plateaux 1020 et nos d\u00f4mes d'humidit\u00e9 Chaque trou mesure 5,3 cm de large Une m\u00e9thode efficace pour cultiver en hydroponie avec vos plateaux 1020\" data-ved=\"2ahUKEwjC1teKhOyNAxUFlYkEHaL_NE4Q3ewLegQIDhAW\"><strong><span class=\"Y2IQFc\" lang=\"fr\"> L&#8217;espacement de 3,8 cm offre un espace de culture nettement sup\u00e9rieur \u00e0 celui de nos plateaux Net Pot \u00e0 32 trous. <\/span><\/strong><\/h3>\n<h3 class=\"tw-data-text tw-text-large tw-ta\" dir=\"ltr\" data-placeholder=\"Traduction\" aria-label=\"Texte traduit\u00a0: Fabriqu\u00e9 en polypropyl\u00e8ne renforc\u00e9 pour une exploitation agricole sereine et une long\u00e9vit\u00e9 optimale de votre \u00e9quipement. Convient \u00e0 18 pots filets de 5 cm et compatible avec nos plateaux 1020. L'espacement de 3,8 cm offre un espace de culture nettement sup\u00e9rieur \u00e0 celui de nos plateaux Net Pot \u00e0 32 trous. CARACT\u00c9RISTIQUES PRINCIPALES Fabriqu\u00e9 en plastique PP n\u00b0 5 extra-r\u00e9sistant, sans BPA et de qualit\u00e9 alimentaire. Dimensions ext\u00e9rieures\u00a0: 54,5 x 28 cm Compatible avec nos pots filets de 5 cm, nos plateaux 1020 et nos d\u00f4mes d'humidit\u00e9 Chaque trou mesure 5,3 cm de large Une m\u00e9thode efficace pour cultiver en hydroponie avec vos plateaux 1020\" data-ved=\"2ahUKEwjC1teKhOyNAxUFlYkEHaL_NE4Q3ewLegQIDhAW\"><strong><span class=\"Y2IQFc\" lang=\"fr\">CARACT\u00c9RISTIQUES PRINCIPALES <\/span><\/strong><\/h3>\n<h3 class=\"tw-data-text tw-text-large tw-ta\" dir=\"ltr\" data-placeholder=\"Traduction\" aria-label=\"Texte traduit\u00a0: Fabriqu\u00e9 en polypropyl\u00e8ne renforc\u00e9 pour une exploitation agricole sereine et une long\u00e9vit\u00e9 optimale de votre \u00e9quipement. Convient \u00e0 18 pots filets de 5 cm et compatible avec nos plateaux 1020. L'espacement de 3,8 cm offre un espace de culture nettement sup\u00e9rieur \u00e0 celui de nos plateaux Net Pot \u00e0 32 trous. CARACT\u00c9RISTIQUES PRINCIPALES Fabriqu\u00e9 en plastique PP n\u00b0 5 extra-r\u00e9sistant, sans BPA et de qualit\u00e9 alimentaire. Dimensions ext\u00e9rieures\u00a0: 54,5 x 28 cm Compatible avec nos pots filets de 5 cm, nos plateaux 1020 et nos d\u00f4mes d'humidit\u00e9 Chaque trou mesure 5,3 cm de large Une m\u00e9thode efficace pour cultiver en hydroponie avec vos plateaux 1020\" data-ved=\"2ahUKEwjC1teKhOyNAxUFlYkEHaL_NE4Q3ewLegQIDhAW\"><strong><span class=\"Y2IQFc\" lang=\"fr\">Fabriqu\u00e9 en plastique PP n\u00b0 5 extra-r\u00e9sistant, sans BPA et de qualit\u00e9 alimentaire.<\/span><\/strong><\/h3>\n<h3 class=\"tw-data-text tw-text-large tw-ta\" dir=\"ltr\" data-placeholder=\"Traduction\" aria-label=\"Texte traduit\u00a0: Fabriqu\u00e9 en polypropyl\u00e8ne renforc\u00e9 pour une exploitation agricole sereine et une long\u00e9vit\u00e9 optimale de votre \u00e9quipement. Convient \u00e0 18 pots filets de 5 cm et compatible avec nos plateaux 1020. L'espacement de 3,8 cm offre un espace de culture nettement sup\u00e9rieur \u00e0 celui de nos plateaux Net Pot \u00e0 32 trous. CARACT\u00c9RISTIQUES PRINCIPALES Fabriqu\u00e9 en plastique PP n\u00b0 5 extra-r\u00e9sistant, sans BPA et de qualit\u00e9 alimentaire. Dimensions ext\u00e9rieures\u00a0: 54,5 x 28 cm Compatible avec nos pots filets de 5 cm, nos plateaux 1020 et nos d\u00f4mes d'humidit\u00e9 Chaque trou mesure 5,3 cm de large Une m\u00e9thode efficace pour cultiver en hydroponie avec vos plateaux 1020\" data-ved=\"2ahUKEwjC1teKhOyNAxUFlYkEHaL_NE4Q3ewLegQIDhAW\"><strong><span class=\"Y2IQFc\" lang=\"fr\">Dimensions ext\u00e9rieures\u00a0: 54,5 x 28 cm Compatible avec nos pots filets de 5 cm, <\/span><\/strong><\/h3>\n<h3 class=\"tw-data-text tw-text-large tw-ta\" dir=\"ltr\" data-placeholder=\"Traduction\" aria-label=\"Texte traduit\u00a0: Fabriqu\u00e9 en polypropyl\u00e8ne renforc\u00e9 pour une exploitation agricole sereine et une long\u00e9vit\u00e9 optimale de votre \u00e9quipement. Convient \u00e0 18 pots filets de 5 cm et compatible avec nos plateaux 1020. L'espacement de 3,8 cm offre un espace de culture nettement sup\u00e9rieur \u00e0 celui de nos plateaux Net Pot \u00e0 32 trous. CARACT\u00c9RISTIQUES PRINCIPALES Fabriqu\u00e9 en plastique PP n\u00b0 5 extra-r\u00e9sistant, sans BPA et de qualit\u00e9 alimentaire. Dimensions ext\u00e9rieures\u00a0: 54,5 x 28 cm Compatible avec nos pots filets de 5 cm, nos plateaux 1020 et nos d\u00f4mes d'humidit\u00e9 Chaque trou mesure 5,3 cm de large Une m\u00e9thode efficace pour cultiver en hydroponie avec vos plateaux 1020\" data-ved=\"2ahUKEwjC1teKhOyNAxUFlYkEHaL_NE4Q3ewLegQIDhAW\"><strong><span class=\"Y2IQFc\" lang=\"fr\">nos plateaux 1020 et nos d\u00f4mes d&#8217;humidit\u00e9 Chaque trou mesure 5,3 cm de large <\/span><\/strong><\/h3>\n<h3 class=\"tw-data-text tw-text-large tw-ta\" dir=\"ltr\" data-placeholder=\"Traduction\" aria-label=\"Texte traduit\u00a0: Fabriqu\u00e9 en polypropyl\u00e8ne renforc\u00e9 pour une exploitation agricole sereine et une long\u00e9vit\u00e9 optimale de votre \u00e9quipement. Convient \u00e0 18 pots filets de 5 cm et compatible avec nos plateaux 1020. L'espacement de 3,8 cm offre un espace de culture nettement sup\u00e9rieur \u00e0 celui de nos plateaux Net Pot \u00e0 32 trous. CARACT\u00c9RISTIQUES PRINCIPALES Fabriqu\u00e9 en plastique PP n\u00b0 5 extra-r\u00e9sistant, sans BPA et de qualit\u00e9 alimentaire. Dimensions ext\u00e9rieures\u00a0: 54,5 x 28 cm Compatible avec nos pots filets de 5 cm, nos plateaux 1020 et nos d\u00f4mes d'humidit\u00e9 Chaque trou mesure 5,3 cm de large Une m\u00e9thode efficace pour cultiver en hydroponie avec vos plateaux 1020\" data-ved=\"2ahUKEwjC1teKhOyNAxUFlYkEHaL_NE4Q3ewLegQIDhAW\"><strong><span class=\"Y2IQFc\" lang=\"fr\">Une m\u00e9thode efficace pour cultiver en hydroponie avec vos plateaux 1020<\/span><\/strong><\/h3>\n","protected":false},"excerpt":{"rendered":"<p>Fabriqu\u00e9 \u00e0 partir de plastique polypropyl\u00e8ne renforc\u00e9 pour aider \u00e0 donner \u00e0 votre ferme une tranquillit\u00e9 d&#8217;esprit gr\u00e2ce \u00e0 la long\u00e9vit\u00e9 de votre \u00e9quipement. Convient aux pots en filet de 18 \u00e0 2 pouces et compatible avec les plateaux Bootstrap Farmer 1020. L&#8217;espacement de 1\u00bd pouce permet un espace de croissance suppl\u00e9mentaire par rapport aux plateaux concurrents.<\/p>\n<p><strong>PRINCIPALES CARACT\u00c9RISTIQUES<\/strong><\/p>\n<ul>\n<li>Fabriqu\u00e9 \u00e0 partir d&#8217;une plaque en plastique PP #5 extra r\u00e9sistante, sans BPA et sans danger pour les aliments.<\/li>\n<li>Dimensions ext\u00e9rieures 21\u00bc&#8221; x 11&#8243;<\/li>\n<li>Compatible avec les plateaux Bootstrap Farmer 1020 et les d\u00f4mes d&#8217;humidit\u00e9<\/li>\n<li>Chaque trou mesure 2 1\/16&#8243; de large<\/li>\n<li>Un moyen efficace de cultiver en hydroponie en utilisant vos plateaux 1020<\/li>\n<\/ul>\n","protected":false},"featured_media":10543,"template":"","meta":[],"product_brand":[],"product_cat":[30,31],"product_tag":[],"class_list":{"0":"post-10541","1":"product","2":"type-product","3":"status-publish","4":"has-post-thumbnail","6":"product_cat-accessoires-hydroponique-2","7":"product_cat-milieu-de-croissance","9":"first","10":"instock","11":"taxable","12":"shipping-taxable","13":"purchasable","14":"product-type-simple"},"yoast_head":"<!-- This site is optimized with the Yoast SEO plugin v27.4 - https:\/\/yoast.com\/product\/yoast-seo-wordpress\/ -->\n<title>Bootstrap Farmer Plateaux Net Pot \u00e0 18 trous - Le Mara\u00eecher Moderne<\/title>\n<meta name=\"robots\" content=\"index, follow, max-snippet:-1, max-image-preview:large, max-video-preview:-1\" \/>\n<link rel=\"canonical\" href=\"https:\/\/lemaraichermoderne.com\/en\/produit\/bootstrap-farmer-plateaux-net-pot-a-18-trous\/\" \/>\n<meta property=\"og:locale\" content=\"en_US\" \/>\n<meta property=\"og:type\" content=\"article\" \/>\n<meta property=\"og:title\" content=\"Bootstrap Farmer Plateaux Net Pot \u00e0 18 trous - Le Mara\u00eecher Moderne\" \/>\n<meta property=\"og:description\" content=\"Fabriqu\u00e9 \u00e0 partir de plastique polypropyl\u00e8ne renforc\u00e9 pour aider \u00e0 donner \u00e0 votre ferme une tranquillit\u00e9 d&#039;esprit gr\u00e2ce \u00e0 la long\u00e9vit\u00e9 de votre \u00e9quipement. Convient aux pots en filet de 18 \u00e0 2 pouces et compatible avec les plateaux Bootstrap Farmer 1020. L&#039;espacement de 1\u00bd pouce permet un espace de croissance suppl\u00e9mentaire par rapport aux plateaux concurrents.  PRINCIPALES CARACT\u00c9RISTIQUES   Fabriqu\u00e9 \u00e0 partir d&#039;une plaque en plastique PP #5 extra r\u00e9sistante, sans BPA et sans danger pour les aliments.  Dimensions ext\u00e9rieures 21\u00bc&quot; x 11&quot;  Compatible avec les plateaux Bootstrap Farmer 1020 et les d\u00f4mes d&#039;humidit\u00e9  Chaque trou mesure 2 1\/16&quot; de large  Un moyen efficace de cultiver en hydroponie en utilisant vos plateaux 1020\" \/>\n<meta property=\"og:url\" content=\"https:\/\/lemaraichermoderne.com\/en\/produit\/bootstrap-farmer-plateaux-net-pot-a-18-trous\/\" \/>\n<meta property=\"og:site_name\" content=\"Le Mara\u00eecher Moderne\" \/>\n<meta property=\"article:publisher\" content=\"https:\/\/www.facebook.com\/lemaraichermoderne\" \/>\n<meta property=\"article:modified_time\" content=\"2026-03-25T18:50:38+00:00\" \/>\n<meta property=\"og:image\" content=\"https:\/\/lemaraichermoderne.com\/wp-content\/uploads\/2026\/03\/bootstrap-farmer-1020-net-pot-tray-18-holes-462192_500x.webp\" \/>\n\t<meta property=\"og:image:width\" content=\"500\" \/>\n\t<meta property=\"og:image:height\" content=\"500\" \/>\n\t<meta property=\"og:image:type\" content=\"image\/webp\" \/>\n<meta name=\"twitter:card\" content=\"summary_large_image\" \/>\n<meta name=\"twitter:label1\" content=\"Est. reading time\" \/>\n\t<meta name=\"twitter:data1\" content=\"1 minute\" \/>\n<script type=\"application\/ld+json\" class=\"yoast-schema-graph\">{\"@context\":\"https:\\\/\\\/schema.org\",\"@graph\":[{\"@type\":\"WebPage\",\"@id\":\"https:\\\/\\\/lemaraichermoderne.com\\\/en\\\/produit\\\/bootstrap-farmer-plateaux-net-pot-a-18-trous\\\/\",\"url\":\"https:\\\/\\\/lemaraichermoderne.com\\\/en\\\/produit\\\/bootstrap-farmer-plateaux-net-pot-a-18-trous\\\/\",\"name\":\"Bootstrap Farmer Plateaux Net Pot \u00e0 18 trous - Le Mara\u00eecher Moderne\",\"isPartOf\":{\"@id\":\"https:\\\/\\\/lemaraichermoderne.com\\\/en\\\/#website\"},\"primaryImageOfPage\":{\"@id\":\"https:\\\/\\\/lemaraichermoderne.com\\\/en\\\/produit\\\/bootstrap-farmer-plateaux-net-pot-a-18-trous\\\/#primaryimage\"},\"image\":{\"@id\":\"https:\\\/\\\/lemaraichermoderne.com\\\/en\\\/produit\\\/bootstrap-farmer-plateaux-net-pot-a-18-trous\\\/#primaryimage\"},\"thumbnailUrl\":\"https:\\\/\\\/lemaraichermoderne.com\\\/wp-content\\\/uploads\\\/2026\\\/03\\\/bootstrap-farmer-1020-net-pot-tray-18-holes-462192_500x.webp\",\"datePublished\":\"2026-03-25T18:23:08+00:00\",\"dateModified\":\"2026-03-25T18:50:38+00:00\",\"breadcrumb\":{\"@id\":\"https:\\\/\\\/lemaraichermoderne.com\\\/en\\\/produit\\\/bootstrap-farmer-plateaux-net-pot-a-18-trous\\\/#breadcrumb\"},\"inLanguage\":\"en-US\",\"potentialAction\":[{\"@type\":\"ReadAction\",\"target\":[\"https:\\\/\\\/lemaraichermoderne.com\\\/en\\\/produit\\\/bootstrap-farmer-plateaux-net-pot-a-18-trous\\\/\"]}]},{\"@type\":\"ImageObject\",\"inLanguage\":\"en-US\",\"@id\":\"https:\\\/\\\/lemaraichermoderne.com\\\/en\\\/produit\\\/bootstrap-farmer-plateaux-net-pot-a-18-trous\\\/#primaryimage\",\"url\":\"https:\\\/\\\/lemaraichermoderne.com\\\/wp-content\\\/uploads\\\/2026\\\/03\\\/bootstrap-farmer-1020-net-pot-tray-18-holes-462192_500x.webp\",\"contentUrl\":\"https:\\\/\\\/lemaraichermoderne.com\\\/wp-content\\\/uploads\\\/2026\\\/03\\\/bootstrap-farmer-1020-net-pot-tray-18-holes-462192_500x.webp\",\"width\":500,\"height\":500},{\"@type\":\"BreadcrumbList\",\"@id\":\"https:\\\/\\\/lemaraichermoderne.com\\\/en\\\/produit\\\/bootstrap-farmer-plateaux-net-pot-a-18-trous\\\/#breadcrumb\",\"itemListElement\":[{\"@type\":\"ListItem\",\"position\":1,\"name\":\"Accueil\",\"item\":\"https:\\\/\\\/lemaraichermoderne.com\\\/en\\\/\"},{\"@type\":\"ListItem\",\"position\":2,\"name\":\"Boutique\",\"item\":\"https:\\\/\\\/lemaraichermoderne.com\\\/boutique\\\/\"},{\"@type\":\"ListItem\",\"position\":3,\"name\":\"Bootstrap Farmer Plateaux Net Pot \u00e0 18 trous\"}]},{\"@type\":\"WebSite\",\"@id\":\"https:\\\/\\\/lemaraichermoderne.com\\\/en\\\/#website\",\"url\":\"https:\\\/\\\/lemaraichermoderne.com\\\/en\\\/\",\"name\":\"Le Mara\u00eecher Moderne\",\"description\":\"R\u00e9f\u00e9rence en hydroponie \u00e0 Qu\u00e9bec\",\"publisher\":{\"@id\":\"https:\\\/\\\/lemaraichermoderne.com\\\/en\\\/#organization\"},\"potentialAction\":[{\"@type\":\"SearchAction\",\"target\":{\"@type\":\"EntryPoint\",\"urlTemplate\":\"https:\\\/\\\/lemaraichermoderne.com\\\/en\\\/?s={search_term_string}\"},\"query-input\":{\"@type\":\"PropertyValueSpecification\",\"valueRequired\":true,\"valueName\":\"search_term_string\"}}],\"inLanguage\":\"en-US\"},{\"@type\":\"Organization\",\"@id\":\"https:\\\/\\\/lemaraichermoderne.com\\\/en\\\/#organization\",\"name\":\"Le Mara\u00eecher Moderne\",\"url\":\"https:\\\/\\\/lemaraichermoderne.com\\\/en\\\/\",\"logo\":{\"@type\":\"ImageObject\",\"inLanguage\":\"en-US\",\"@id\":\"https:\\\/\\\/lemaraichermoderne.com\\\/en\\\/#\\\/schema\\\/logo\\\/image\\\/\",\"url\":\"https:\\\/\\\/lemaraichermoderne.com\\\/wp-content\\\/uploads\\\/2023\\\/03\\\/logo_mm1.png\",\"contentUrl\":\"https:\\\/\\\/lemaraichermoderne.com\\\/wp-content\\\/uploads\\\/2023\\\/03\\\/logo_mm1.png\",\"width\":500,\"height\":222,\"caption\":\"Le Mara\u00eecher Moderne\"},\"image\":{\"@id\":\"https:\\\/\\\/lemaraichermoderne.com\\\/en\\\/#\\\/schema\\\/logo\\\/image\\\/\"},\"sameAs\":[\"https:\\\/\\\/www.facebook.com\\\/lemaraichermoderne\",\"https:\\\/\\\/www.instagram.com\\\/lemaraichermoderne\"]}]}<\/script>\n<!-- \/ Yoast SEO plugin. -->","yoast_head_json":{"title":"Bootstrap Farmer Plateaux Net Pot \u00e0 18 trous - Le Mara\u00eecher Moderne","robots":{"index":"index","follow":"follow","max-snippet":"max-snippet:-1","max-image-preview":"max-image-preview:large","max-video-preview":"max-video-preview:-1"},"canonical":"https:\/\/lemaraichermoderne.com\/en\/produit\/bootstrap-farmer-plateaux-net-pot-a-18-trous\/","og_locale":"en_US","og_type":"article","og_title":"Bootstrap Farmer Plateaux Net Pot \u00e0 18 trous - Le Mara\u00eecher Moderne","og_description":"Fabriqu\u00e9 \u00e0 partir de plastique polypropyl\u00e8ne renforc\u00e9 pour aider \u00e0 donner \u00e0 votre ferme une tranquillit\u00e9 d'esprit gr\u00e2ce \u00e0 la long\u00e9vit\u00e9 de votre \u00e9quipement. Convient aux pots en filet de 18 \u00e0 2 pouces et compatible avec les plateaux Bootstrap Farmer 1020. L'espacement de 1\u00bd pouce permet un espace de croissance suppl\u00e9mentaire par rapport aux plateaux concurrents.  PRINCIPALES CARACT\u00c9RISTIQUES   Fabriqu\u00e9 \u00e0 partir d'une plaque en plastique PP #5 extra r\u00e9sistante, sans BPA et sans danger pour les aliments.  Dimensions ext\u00e9rieures 21\u00bc\" x 11\"  Compatible avec les plateaux Bootstrap Farmer 1020 et les d\u00f4mes d'humidit\u00e9  Chaque trou mesure 2 1\/16\" de large  Un moyen efficace de cultiver en hydroponie en utilisant vos plateaux 1020","og_url":"https:\/\/lemaraichermoderne.com\/en\/produit\/bootstrap-farmer-plateaux-net-pot-a-18-trous\/","og_site_name":"Le Mara\u00eecher Moderne","article_publisher":"https:\/\/www.facebook.com\/lemaraichermoderne","article_modified_time":"2026-03-25T18:50:38+00:00","og_image":[{"width":500,"height":500,"url":"https:\/\/lemaraichermoderne.com\/wp-content\/uploads\/2026\/03\/bootstrap-farmer-1020-net-pot-tray-18-holes-462192_500x.webp","type":"image\/webp"}],"twitter_card":"summary_large_image","twitter_misc":{"Est. reading time":"1 minute"},"schema":{"@context":"https:\/\/schema.org","@graph":[{"@type":"WebPage","@id":"https:\/\/lemaraichermoderne.com\/en\/produit\/bootstrap-farmer-plateaux-net-pot-a-18-trous\/","url":"https:\/\/lemaraichermoderne.com\/en\/produit\/bootstrap-farmer-plateaux-net-pot-a-18-trous\/","name":"Bootstrap Farmer Plateaux Net Pot \u00e0 18 trous - Le Mara\u00eecher Moderne","isPartOf":{"@id":"https:\/\/lemaraichermoderne.com\/en\/#website"},"primaryImageOfPage":{"@id":"https:\/\/lemaraichermoderne.com\/en\/produit\/bootstrap-farmer-plateaux-net-pot-a-18-trous\/#primaryimage"},"image":{"@id":"https:\/\/lemaraichermoderne.com\/en\/produit\/bootstrap-farmer-plateaux-net-pot-a-18-trous\/#primaryimage"},"thumbnailUrl":"https:\/\/lemaraichermoderne.com\/wp-content\/uploads\/2026\/03\/bootstrap-farmer-1020-net-pot-tray-18-holes-462192_500x.webp","datePublished":"2026-03-25T18:23:08+00:00","dateModified":"2026-03-25T18:50:38+00:00","breadcrumb":{"@id":"https:\/\/lemaraichermoderne.com\/en\/produit\/bootstrap-farmer-plateaux-net-pot-a-18-trous\/#breadcrumb"},"inLanguage":"en-US","potentialAction":[{"@type":"ReadAction","target":["https:\/\/lemaraichermoderne.com\/en\/produit\/bootstrap-farmer-plateaux-net-pot-a-18-trous\/"]}]},{"@type":"ImageObject","inLanguage":"en-US","@id":"https:\/\/lemaraichermoderne.com\/en\/produit\/bootstrap-farmer-plateaux-net-pot-a-18-trous\/#primaryimage","url":"https:\/\/lemaraichermoderne.com\/wp-content\/uploads\/2026\/03\/bootstrap-farmer-1020-net-pot-tray-18-holes-462192_500x.webp","contentUrl":"https:\/\/lemaraichermoderne.com\/wp-content\/uploads\/2026\/03\/bootstrap-farmer-1020-net-pot-tray-18-holes-462192_500x.webp","width":500,"height":500},{"@type":"BreadcrumbList","@id":"https:\/\/lemaraichermoderne.com\/en\/produit\/bootstrap-farmer-plateaux-net-pot-a-18-trous\/#breadcrumb","itemListElement":[{"@type":"ListItem","position":1,"name":"Accueil","item":"https:\/\/lemaraichermoderne.com\/en\/"},{"@type":"ListItem","position":2,"name":"Boutique","item":"https:\/\/lemaraichermoderne.com\/boutique\/"},{"@type":"ListItem","position":3,"name":"Bootstrap Farmer Plateaux Net Pot \u00e0 18 trous"}]},{"@type":"WebSite","@id":"https:\/\/lemaraichermoderne.com\/en\/#website","url":"https:\/\/lemaraichermoderne.com\/en\/","name":"Le Mara\u00eecher Moderne","description":"R\u00e9f\u00e9rence en hydroponie \u00e0 Qu\u00e9bec","publisher":{"@id":"https:\/\/lemaraichermoderne.com\/en\/#organization"},"potentialAction":[{"@type":"SearchAction","target":{"@type":"EntryPoint","urlTemplate":"https:\/\/lemaraichermoderne.com\/en\/?s={search_term_string}"},"query-input":{"@type":"PropertyValueSpecification","valueRequired":true,"valueName":"search_term_string"}}],"inLanguage":"en-US"},{"@type":"Organization","@id":"https:\/\/lemaraichermoderne.com\/en\/#organization","name":"Le Mara\u00eecher Moderne","url":"https:\/\/lemaraichermoderne.com\/en\/","logo":{"@type":"ImageObject","inLanguage":"en-US","@id":"https:\/\/lemaraichermoderne.com\/en\/#\/schema\/logo\/image\/","url":"https:\/\/lemaraichermoderne.com\/wp-content\/uploads\/2023\/03\/logo_mm1.png","contentUrl":"https:\/\/lemaraichermoderne.com\/wp-content\/uploads\/2023\/03\/logo_mm1.png","width":500,"height":222,"caption":"Le Mara\u00eecher Moderne"},"image":{"@id":"https:\/\/lemaraichermoderne.com\/en\/#\/schema\/logo\/image\/"},"sameAs":["https:\/\/www.facebook.com\/lemaraichermoderne","https:\/\/www.instagram.com\/lemaraichermoderne"]}]}},"_links":{"self":[{"href":"https:\/\/lemaraichermoderne.com\/en\/wp-json\/wp\/v2\/product\/10541","targetHints":{"allow":["GET"]}}],"collection":[{"href":"https:\/\/lemaraichermoderne.com\/en\/wp-json\/wp\/v2\/product"}],"about":[{"href":"https:\/\/lemaraichermoderne.com\/en\/wp-json\/wp\/v2\/types\/product"}],"wp:featuredmedia":[{"embeddable":true,"href":"https:\/\/lemaraichermoderne.com\/en\/wp-json\/wp\/v2\/media\/10543"}],"wp:attachment":[{"href":"https:\/\/lemaraichermoderne.com\/en\/wp-json\/wp\/v2\/media?parent=10541"}],"wp:term":[{"taxonomy":"product_brand","embeddable":true,"href":"https:\/\/lemaraichermoderne.com\/en\/wp-json\/wp\/v2\/product_brand?post=10541"},{"taxonomy":"product_cat","embeddable":true,"href":"https:\/\/lemaraichermoderne.com\/en\/wp-json\/wp\/v2\/product_cat?post=10541"},{"taxonomy":"product_tag","embeddable":true,"href":"https:\/\/lemaraichermoderne.com\/en\/wp-json\/wp\/v2\/product_tag?post=10541"}],"curies":[{"name":"wp","href":"https:\/\/api.w.org\/{rel}","templated":true}]}}