{"id":10550,"date":"2026-04-04T09:57:16","date_gmt":"2026-04-04T13:57:16","guid":{"rendered":"https:\/\/lemaraichermoderne.com\/?post_type=product&#038;p=10550"},"modified":"2026-04-17T13:29:32","modified_gmt":"2026-04-17T17:29:32","slug":"bootstrap-farmer-colliers-de-serrage-a-clipser-pour-conduit","status":"publish","type":"product","link":"https:\/\/lemaraichermoderne.com\/en\/produit\/bootstrap-farmer-colliers-de-serrage-a-clipser-pour-conduit\/","title":{"rendered":"Bootstrap Farmer Colliers de serrage \u00e0 clipser pour conduit"},"content":{"rendered":"<div class=\"card__header\">\n<h2 class=\"card__title heading h3\">Vendue en Paquet de 6<\/h2>\n<h2><\/h2>\n<h2 class=\"card__title heading h3\">Description<\/h2>\n<\/div>\n<div class=\"card__section expandable-content expandable-content--expandable\" aria-expanded=\"true\">\n<div class=\"rte text--pull\">\n<p>Les pinces renforc\u00e9es Bootstrap Farmer s&#8217;enclenchent facilement sur le film plastique, le tissu d&#8217;ombrage, les b\u00e2ches et les filets sur tout type de tuyau. Ces pinces sont r\u00e9sistantes au gel et stabilis\u00e9es aux UV pour une utilisation durable en int\u00e9rieur ou en ext\u00e9rieur. Id\u00e9al pour attacher des mat\u00e9riaux aux tunnels et aux cerceaux fabriqu\u00e9s \u00e0 partir de conduits EMT avec Bootstrap Farmer\u00a0<a href=\"https:\/\/indoorfarmer.ca\/products\/bootstrap-farmer-greenhouse-arch-hoop-bender?_pos=1&amp;_sid=52b52f193&amp;_ss=r\">Hoop Bender.<\/a><\/p>\n<h3>CARACT\u00c9RISTIQUES<\/h3>\n<ul>\n<li>Fixe facilement un filet, un film poly, une toile d&#8217;ombrage ou d&#8217;autres mat\u00e9riaux au conduit EMT<\/li>\n<li>Plastique ABS renforc\u00e9 pour une excellente puissance de maintien et une excellente durabilit\u00e9<\/li>\n<li>Stabilis\u00e9 aux UV et r\u00e9sistant au gel pour une utilisation fiable \u00e0 long terme en ext\u00e9rieur<\/li>\n<li>Toutes les tailles mesurent 5,5 pouces de long<\/li>\n<\/ul>\n<h3>INSTALLATION<\/h3>\n<ul>\n<li>Rouler\u00a0serre en plastique\u00a0film ou autre mat\u00e9riau de rev\u00eatement \u00e9troitement autour du tuyau<\/li>\n<li>Poussez fermement le collier de serrage sur le plastique ou le tissu d&#8217;ombrage fix\u00e9 \u00e0 votre tuyau jusqu&#8217;\u00e0 ce qu&#8217;il s&#8217;enclenche sur le tuyau. Vous devrez peut-\u00eatre \u00e9carter l\u00e9g\u00e8rement le collier de serrage avant de le pousser sur le tuyau s&#8217;il y a un exc\u00e8s de mat\u00e9riau.<\/li>\n<li>Pour une installation permanente, installez la vis autotaraudeuse directement \u00e0 travers le collier de serrage.<\/li>\n<li>Espacez les pinces \u00e0 pression \u00e0 environ 2 pieds les unes des autres<\/li>\n<\/ul>\n<\/div>\n<\/div>\n","protected":false},"excerpt":{"rendered":"<p>Vendue en Paquet de 6 Description Les pinces renforc\u00e9es Bootstrap Farmer s&#8217;enclenchent facilement sur le film plastique, le tissu d&#8217;ombrage, les b\u00e2ches et les filets sur tout type de tuyau. Ces pinces sont r\u00e9sistantes au gel et stabilis\u00e9es aux UV pour une utilisation durable en int\u00e9rieur ou en ext\u00e9rieur. Id\u00e9al pour attacher des mat\u00e9riaux aux [&hellip;]<\/p>\n","protected":false},"featured_media":10551,"template":"","meta":[],"product_brand":[],"product_cat":[40],"product_tag":[],"class_list":{"0":"post-10550","1":"product","2":"type-product","3":"status-publish","4":"has-post-thumbnail","6":"product_cat-jardin","8":"first","9":"instock","10":"taxable","11":"shipping-taxable","12":"purchasable","13":"product-type-simple"},"yoast_head":"<!-- This site is optimized with the Yoast SEO plugin v27.4 - https:\/\/yoast.com\/product\/yoast-seo-wordpress\/ -->\n<title>Bootstrap Farmer Colliers de serrage \u00e0 clipser pour conduit - Le Mara\u00eecher Moderne<\/title>\n<meta name=\"robots\" content=\"index, follow, max-snippet:-1, max-image-preview:large, max-video-preview:-1\" \/>\n<link rel=\"canonical\" href=\"https:\/\/lemaraichermoderne.com\/en\/produit\/bootstrap-farmer-colliers-de-serrage-a-clipser-pour-conduit\/\" \/>\n<meta property=\"og:locale\" content=\"en_US\" \/>\n<meta property=\"og:type\" content=\"article\" \/>\n<meta property=\"og:title\" content=\"Bootstrap Farmer Colliers de serrage \u00e0 clipser pour conduit - Le Mara\u00eecher Moderne\" \/>\n<meta property=\"og:description\" content=\"Vendue en Paquet de 6 Description Les pinces renforc\u00e9es Bootstrap Farmer s&#8217;enclenchent facilement sur le film plastique, le tissu d&#8217;ombrage, les b\u00e2ches et les filets sur tout type de tuyau. Ces pinces sont r\u00e9sistantes au gel et stabilis\u00e9es aux UV pour une utilisation durable en int\u00e9rieur ou en ext\u00e9rieur. Id\u00e9al pour attacher des mat\u00e9riaux aux [&hellip;]\" \/>\n<meta property=\"og:url\" content=\"https:\/\/lemaraichermoderne.com\/en\/produit\/bootstrap-farmer-colliers-de-serrage-a-clipser-pour-conduit\/\" \/>\n<meta property=\"og:site_name\" content=\"Le Mara\u00eecher Moderne\" \/>\n<meta property=\"article:publisher\" content=\"https:\/\/www.facebook.com\/lemaraichermoderne\" \/>\n<meta property=\"article:modified_time\" content=\"2026-04-17T17:29:32+00:00\" \/>\n<meta property=\"og:image\" content=\"https:\/\/lemaraichermoderne.com\/wp-content\/uploads\/2026\/03\/bootstrap-farmer-emt-conduit-snap-on-clamps-912537_500x.webp\" \/>\n\t<meta property=\"og:image:width\" content=\"500\" \/>\n\t<meta property=\"og:image:height\" content=\"500\" \/>\n\t<meta property=\"og:image:type\" content=\"image\/webp\" \/>\n<meta name=\"twitter:card\" content=\"summary_large_image\" \/>\n<meta name=\"twitter:label1\" content=\"Est. reading time\" \/>\n\t<meta name=\"twitter:data1\" content=\"2 minutes\" \/>\n<script type=\"application\/ld+json\" class=\"yoast-schema-graph\">{\"@context\":\"https:\\\/\\\/schema.org\",\"@graph\":[{\"@type\":\"WebPage\",\"@id\":\"https:\\\/\\\/lemaraichermoderne.com\\\/en\\\/produit\\\/bootstrap-farmer-colliers-de-serrage-a-clipser-pour-conduit\\\/\",\"url\":\"https:\\\/\\\/lemaraichermoderne.com\\\/en\\\/produit\\\/bootstrap-farmer-colliers-de-serrage-a-clipser-pour-conduit\\\/\",\"name\":\"Bootstrap Farmer Colliers de serrage \u00e0 clipser pour conduit - Le Mara\u00eecher Moderne\",\"isPartOf\":{\"@id\":\"https:\\\/\\\/lemaraichermoderne.com\\\/en\\\/#website\"},\"primaryImageOfPage\":{\"@id\":\"https:\\\/\\\/lemaraichermoderne.com\\\/en\\\/produit\\\/bootstrap-farmer-colliers-de-serrage-a-clipser-pour-conduit\\\/#primaryimage\"},\"image\":{\"@id\":\"https:\\\/\\\/lemaraichermoderne.com\\\/en\\\/produit\\\/bootstrap-farmer-colliers-de-serrage-a-clipser-pour-conduit\\\/#primaryimage\"},\"thumbnailUrl\":\"https:\\\/\\\/lemaraichermoderne.com\\\/wp-content\\\/uploads\\\/2026\\\/03\\\/bootstrap-farmer-emt-conduit-snap-on-clamps-912537_500x.webp\",\"datePublished\":\"2026-04-04T13:57:16+00:00\",\"dateModified\":\"2026-04-17T17:29:32+00:00\",\"breadcrumb\":{\"@id\":\"https:\\\/\\\/lemaraichermoderne.com\\\/en\\\/produit\\\/bootstrap-farmer-colliers-de-serrage-a-clipser-pour-conduit\\\/#breadcrumb\"},\"inLanguage\":\"en-US\",\"potentialAction\":[{\"@type\":\"ReadAction\",\"target\":[\"https:\\\/\\\/lemaraichermoderne.com\\\/en\\\/produit\\\/bootstrap-farmer-colliers-de-serrage-a-clipser-pour-conduit\\\/\"]}]},{\"@type\":\"ImageObject\",\"inLanguage\":\"en-US\",\"@id\":\"https:\\\/\\\/lemaraichermoderne.com\\\/en\\\/produit\\\/bootstrap-farmer-colliers-de-serrage-a-clipser-pour-conduit\\\/#primaryimage\",\"url\":\"https:\\\/\\\/lemaraichermoderne.com\\\/wp-content\\\/uploads\\\/2026\\\/03\\\/bootstrap-farmer-emt-conduit-snap-on-clamps-912537_500x.webp\",\"contentUrl\":\"https:\\\/\\\/lemaraichermoderne.com\\\/wp-content\\\/uploads\\\/2026\\\/03\\\/bootstrap-farmer-emt-conduit-snap-on-clamps-912537_500x.webp\",\"width\":500,\"height\":500},{\"@type\":\"BreadcrumbList\",\"@id\":\"https:\\\/\\\/lemaraichermoderne.com\\\/en\\\/produit\\\/bootstrap-farmer-colliers-de-serrage-a-clipser-pour-conduit\\\/#breadcrumb\",\"itemListElement\":[{\"@type\":\"ListItem\",\"position\":1,\"name\":\"Accueil\",\"item\":\"https:\\\/\\\/lemaraichermoderne.com\\\/en\\\/\"},{\"@type\":\"ListItem\",\"position\":2,\"name\":\"Boutique\",\"item\":\"https:\\\/\\\/lemaraichermoderne.com\\\/boutique\\\/\"},{\"@type\":\"ListItem\",\"position\":3,\"name\":\"Bootstrap Farmer Colliers de serrage \u00e0 clipser pour conduit\"}]},{\"@type\":\"WebSite\",\"@id\":\"https:\\\/\\\/lemaraichermoderne.com\\\/en\\\/#website\",\"url\":\"https:\\\/\\\/lemaraichermoderne.com\\\/en\\\/\",\"name\":\"Le Mara\u00eecher Moderne\",\"description\":\"R\u00e9f\u00e9rence en hydroponie \u00e0 Qu\u00e9bec\",\"publisher\":{\"@id\":\"https:\\\/\\\/lemaraichermoderne.com\\\/en\\\/#organization\"},\"potentialAction\":[{\"@type\":\"SearchAction\",\"target\":{\"@type\":\"EntryPoint\",\"urlTemplate\":\"https:\\\/\\\/lemaraichermoderne.com\\\/en\\\/?s={search_term_string}\"},\"query-input\":{\"@type\":\"PropertyValueSpecification\",\"valueRequired\":true,\"valueName\":\"search_term_string\"}}],\"inLanguage\":\"en-US\"},{\"@type\":\"Organization\",\"@id\":\"https:\\\/\\\/lemaraichermoderne.com\\\/en\\\/#organization\",\"name\":\"Le Mara\u00eecher Moderne\",\"url\":\"https:\\\/\\\/lemaraichermoderne.com\\\/en\\\/\",\"logo\":{\"@type\":\"ImageObject\",\"inLanguage\":\"en-US\",\"@id\":\"https:\\\/\\\/lemaraichermoderne.com\\\/en\\\/#\\\/schema\\\/logo\\\/image\\\/\",\"url\":\"https:\\\/\\\/lemaraichermoderne.com\\\/wp-content\\\/uploads\\\/2023\\\/03\\\/logo_mm1.png\",\"contentUrl\":\"https:\\\/\\\/lemaraichermoderne.com\\\/wp-content\\\/uploads\\\/2023\\\/03\\\/logo_mm1.png\",\"width\":500,\"height\":222,\"caption\":\"Le Mara\u00eecher Moderne\"},\"image\":{\"@id\":\"https:\\\/\\\/lemaraichermoderne.com\\\/en\\\/#\\\/schema\\\/logo\\\/image\\\/\"},\"sameAs\":[\"https:\\\/\\\/www.facebook.com\\\/lemaraichermoderne\",\"https:\\\/\\\/www.instagram.com\\\/lemaraichermoderne\"]}]}<\/script>\n<!-- \/ Yoast SEO plugin. -->","yoast_head_json":{"title":"Bootstrap Farmer Colliers de serrage \u00e0 clipser pour conduit - Le Mara\u00eecher Moderne","robots":{"index":"index","follow":"follow","max-snippet":"max-snippet:-1","max-image-preview":"max-image-preview:large","max-video-preview":"max-video-preview:-1"},"canonical":"https:\/\/lemaraichermoderne.com\/en\/produit\/bootstrap-farmer-colliers-de-serrage-a-clipser-pour-conduit\/","og_locale":"en_US","og_type":"article","og_title":"Bootstrap Farmer Colliers de serrage \u00e0 clipser pour conduit - Le Mara\u00eecher Moderne","og_description":"Vendue en Paquet de 6 Description Les pinces renforc\u00e9es Bootstrap Farmer s&#8217;enclenchent facilement sur le film plastique, le tissu d&#8217;ombrage, les b\u00e2ches et les filets sur tout type de tuyau. Ces pinces sont r\u00e9sistantes au gel et stabilis\u00e9es aux UV pour une utilisation durable en int\u00e9rieur ou en ext\u00e9rieur. Id\u00e9al pour attacher des mat\u00e9riaux aux [&hellip;]","og_url":"https:\/\/lemaraichermoderne.com\/en\/produit\/bootstrap-farmer-colliers-de-serrage-a-clipser-pour-conduit\/","og_site_name":"Le Mara\u00eecher Moderne","article_publisher":"https:\/\/www.facebook.com\/lemaraichermoderne","article_modified_time":"2026-04-17T17:29:32+00:00","og_image":[{"width":500,"height":500,"url":"https:\/\/lemaraichermoderne.com\/wp-content\/uploads\/2026\/03\/bootstrap-farmer-emt-conduit-snap-on-clamps-912537_500x.webp","type":"image\/webp"}],"twitter_card":"summary_large_image","twitter_misc":{"Est. reading time":"2 minutes"},"schema":{"@context":"https:\/\/schema.org","@graph":[{"@type":"WebPage","@id":"https:\/\/lemaraichermoderne.com\/en\/produit\/bootstrap-farmer-colliers-de-serrage-a-clipser-pour-conduit\/","url":"https:\/\/lemaraichermoderne.com\/en\/produit\/bootstrap-farmer-colliers-de-serrage-a-clipser-pour-conduit\/","name":"Bootstrap Farmer Colliers de serrage \u00e0 clipser pour conduit - Le Mara\u00eecher Moderne","isPartOf":{"@id":"https:\/\/lemaraichermoderne.com\/en\/#website"},"primaryImageOfPage":{"@id":"https:\/\/lemaraichermoderne.com\/en\/produit\/bootstrap-farmer-colliers-de-serrage-a-clipser-pour-conduit\/#primaryimage"},"image":{"@id":"https:\/\/lemaraichermoderne.com\/en\/produit\/bootstrap-farmer-colliers-de-serrage-a-clipser-pour-conduit\/#primaryimage"},"thumbnailUrl":"https:\/\/lemaraichermoderne.com\/wp-content\/uploads\/2026\/03\/bootstrap-farmer-emt-conduit-snap-on-clamps-912537_500x.webp","datePublished":"2026-04-04T13:57:16+00:00","dateModified":"2026-04-17T17:29:32+00:00","breadcrumb":{"@id":"https:\/\/lemaraichermoderne.com\/en\/produit\/bootstrap-farmer-colliers-de-serrage-a-clipser-pour-conduit\/#breadcrumb"},"inLanguage":"en-US","potentialAction":[{"@type":"ReadAction","target":["https:\/\/lemaraichermoderne.com\/en\/produit\/bootstrap-farmer-colliers-de-serrage-a-clipser-pour-conduit\/"]}]},{"@type":"ImageObject","inLanguage":"en-US","@id":"https:\/\/lemaraichermoderne.com\/en\/produit\/bootstrap-farmer-colliers-de-serrage-a-clipser-pour-conduit\/#primaryimage","url":"https:\/\/lemaraichermoderne.com\/wp-content\/uploads\/2026\/03\/bootstrap-farmer-emt-conduit-snap-on-clamps-912537_500x.webp","contentUrl":"https:\/\/lemaraichermoderne.com\/wp-content\/uploads\/2026\/03\/bootstrap-farmer-emt-conduit-snap-on-clamps-912537_500x.webp","width":500,"height":500},{"@type":"BreadcrumbList","@id":"https:\/\/lemaraichermoderne.com\/en\/produit\/bootstrap-farmer-colliers-de-serrage-a-clipser-pour-conduit\/#breadcrumb","itemListElement":[{"@type":"ListItem","position":1,"name":"Accueil","item":"https:\/\/lemaraichermoderne.com\/en\/"},{"@type":"ListItem","position":2,"name":"Boutique","item":"https:\/\/lemaraichermoderne.com\/boutique\/"},{"@type":"ListItem","position":3,"name":"Bootstrap Farmer Colliers de serrage \u00e0 clipser pour conduit"}]},{"@type":"WebSite","@id":"https:\/\/lemaraichermoderne.com\/en\/#website","url":"https:\/\/lemaraichermoderne.com\/en\/","name":"Le Mara\u00eecher Moderne","description":"R\u00e9f\u00e9rence en hydroponie \u00e0 Qu\u00e9bec","publisher":{"@id":"https:\/\/lemaraichermoderne.com\/en\/#organization"},"potentialAction":[{"@type":"SearchAction","target":{"@type":"EntryPoint","urlTemplate":"https:\/\/lemaraichermoderne.com\/en\/?s={search_term_string}"},"query-input":{"@type":"PropertyValueSpecification","valueRequired":true,"valueName":"search_term_string"}}],"inLanguage":"en-US"},{"@type":"Organization","@id":"https:\/\/lemaraichermoderne.com\/en\/#organization","name":"Le Mara\u00eecher Moderne","url":"https:\/\/lemaraichermoderne.com\/en\/","logo":{"@type":"ImageObject","inLanguage":"en-US","@id":"https:\/\/lemaraichermoderne.com\/en\/#\/schema\/logo\/image\/","url":"https:\/\/lemaraichermoderne.com\/wp-content\/uploads\/2023\/03\/logo_mm1.png","contentUrl":"https:\/\/lemaraichermoderne.com\/wp-content\/uploads\/2023\/03\/logo_mm1.png","width":500,"height":222,"caption":"Le Mara\u00eecher Moderne"},"image":{"@id":"https:\/\/lemaraichermoderne.com\/en\/#\/schema\/logo\/image\/"},"sameAs":["https:\/\/www.facebook.com\/lemaraichermoderne","https:\/\/www.instagram.com\/lemaraichermoderne"]}]}},"_links":{"self":[{"href":"https:\/\/lemaraichermoderne.com\/en\/wp-json\/wp\/v2\/product\/10550","targetHints":{"allow":["GET"]}}],"collection":[{"href":"https:\/\/lemaraichermoderne.com\/en\/wp-json\/wp\/v2\/product"}],"about":[{"href":"https:\/\/lemaraichermoderne.com\/en\/wp-json\/wp\/v2\/types\/product"}],"wp:featuredmedia":[{"embeddable":true,"href":"https:\/\/lemaraichermoderne.com\/en\/wp-json\/wp\/v2\/media\/10551"}],"wp:attachment":[{"href":"https:\/\/lemaraichermoderne.com\/en\/wp-json\/wp\/v2\/media?parent=10550"}],"wp:term":[{"taxonomy":"product_brand","embeddable":true,"href":"https:\/\/lemaraichermoderne.com\/en\/wp-json\/wp\/v2\/product_brand?post=10550"},{"taxonomy":"product_cat","embeddable":true,"href":"https:\/\/lemaraichermoderne.com\/en\/wp-json\/wp\/v2\/product_cat?post=10550"},{"taxonomy":"product_tag","embeddable":true,"href":"https:\/\/lemaraichermoderne.com\/en\/wp-json\/wp\/v2\/product_tag?post=10550"}],"curies":[{"name":"wp","href":"https:\/\/api.w.org\/{rel}","templated":true}]}}