{"id":10572,"date":"2026-03-28T10:51:16","date_gmt":"2026-03-28T14:51:16","guid":{"rendered":"https:\/\/lemaraichermoderne.com\/?post_type=product&#038;p=10572"},"modified":"2026-04-01T15:08:30","modified_gmt":"2026-04-01T19:08:30","slug":"bootstrap-farmer-1020-plateaux-en-maille-profonde-extra-resistants","status":"publish","type":"product","link":"https:\/\/lemaraichermoderne.com\/en\/produit\/bootstrap-farmer-1020-plateaux-en-maille-profonde-extra-resistants\/","title":{"rendered":"Bootstrap Farmer 1020 Plateaux en maille profonde extra r\u00e9sistants"},"content":{"rendered":"<div class=\"card__header\">\n<h2 class=\"card__title heading h3\">Description<\/h2>\n<\/div>\n<div class=\"card__section expandable-content expandable-content--expandable\" aria-expanded=\"true\">\n<div class=\"rte text--pull\">\n<p><strong>PLATEAUX DE PROPAGATION DE BLOCS DE SOL DURABLES<\/strong><\/p>\n<p>Ces plateaux \u00e0 fond grillag\u00e9 sont fabriqu\u00e9s en plastique polypropyl\u00e8ne robuste. Garanti pour ne pas se casser ou se d\u00e9former m\u00eame avec des charges lourdes.<\/p>\n<p>Ces plateaux \u00e0 graines \u00e0 fond grillag\u00e9 sont id\u00e9aux pour la propagation de blocs de terre ou pour toute personne ayant besoin d&#8217;un plateau avec un drainage suppl\u00e9mentaire. Les plateaux de blocs de terre Bootstrap Farmer sont construits avec une r\u00e9sistance suppl\u00e9mentaire afin qu&#8217;ils ne s&#8217;affaissent pas, ne se cassent pas ou ne se d\u00e9forment pas, m\u00eame lors du transport de charges lourdes.<\/p>\n<p>Maintenant disponible en couleurs !\u00a0<strong>Con\u00e7u pour s&#8217;adapter aux plateaux de d\u00e9marrage de graines Bootstrap Farmer 1020 de 2,5&#8243; pour un arrosage par le bas.<\/strong><\/p>\n<p><strong>CARACT\u00c9RISTIQUES<\/strong><\/p>\n<ul>\n<li>Fabriqu\u00e9 \u00e0 partir de plastique polypropyl\u00e8ne PP (#5) de qualit\u00e9 alimentaire, sans BPA.<\/li>\n<li>Trous de maille pour un drainage id\u00e9al<\/li>\n<li>Dimensions ext\u00e9rieures\u00a0: 21&#8243; x 10,75&#8243; x 2,475&#8243; de profondeur<\/li>\n<li>Id\u00e9al pour une utilisation avec des plateaux 1020, mais suffisamment solide pour \u00eatre utilis\u00e9 seul<\/li>\n<li>Veuillez noter qu&#8217;ils recommandent d&#8217;utiliser des plateaux de m\u00eame profondeur lors de l&#8217;embo\u00eetement des plateaux.<\/li>\n<\/ul>\n<p><strong>UTILISATIONS ID\u00c9ALES<\/strong><\/p>\n<ul>\n<li>Plateau d&#8217;herbe de bl\u00e9<\/li>\n<li>Plateau de fourrage<\/li>\n<li>Plateau de blocs de terre<\/li>\n<li>Cubes de laine de roche<\/li>\n<\/ul>\n<p>Utilisez les plateaux de propagation de blocs de sol Bootstrap Farmers pour tous les cubes de laine de roche, fourrage, micro-l\u00e9gumes verts ou herbe de bl\u00e9. Avec juste assez de maille plate pour transporter \u00e9galement toutes les tailles de blocs de terre, ces plateaux permettent une taille a\u00e9rienne des racines de tous les c\u00f4t\u00e9s des blocs.<\/p>\n<p><strong>Dimensions int\u00e9rieures du plateau \u00e0 mailles 1020<\/strong><\/p>\n<ul>\n<li>Du bas : 19,375&#8243; x 9&#8243; x 2,25&#8243;<\/li>\n<li>Du haut : 20,25&#8243; x 10,125&#8243;<\/li>\n<\/ul>\n<p><strong>Dimensions ext\u00e9rieures<\/strong><\/p>\n<ul>\n<li>Du bas : 19,5&#8243; x 9,25&#8243; x 2,475&#8243;<\/li>\n<li>Du haut\u00a0: 21&#8243; x 10,75&#8243;<\/li>\n<\/ul>\n<p><strong>Taille du trou du plateau en maille<\/strong><\/p>\n<ul>\n<li>0,125 pouces<\/li>\n<\/ul>\n<\/div>\n<\/div>\n","protected":false},"excerpt":{"rendered":"<p>Description PLATEAUX DE PROPAGATION DE BLOCS DE SOL DURABLES Ces plateaux \u00e0 fond grillag\u00e9 sont fabriqu\u00e9s en plastique polypropyl\u00e8ne robuste. Garanti pour ne pas se casser ou se d\u00e9former m\u00eame avec des charges lourdes. Ces plateaux \u00e0 graines \u00e0 fond grillag\u00e9 sont id\u00e9aux pour la propagation de blocs de terre ou pour toute personne ayant [&hellip;]<\/p>\n","protected":false},"featured_media":10596,"template":"","meta":[],"product_brand":[],"product_cat":[24,36],"product_tag":[],"class_list":{"0":"post-10572","1":"product","2":"type-product","3":"status-publish","4":"has-post-thumbnail","6":"product_cat-accessoires","7":"product_cat-germina","9":"first","10":"instock","11":"taxable","12":"shipping-taxable","13":"purchasable","14":"product-type-variable"},"yoast_head":"<!-- This site is optimized with the Yoast SEO plugin v27.4 - https:\/\/yoast.com\/product\/yoast-seo-wordpress\/ -->\n<title>Bootstrap Farmer 1020 Plateaux en maille profonde extra r\u00e9sistants - Le Mara\u00eecher Moderne<\/title>\n<meta name=\"robots\" content=\"index, follow, max-snippet:-1, max-image-preview:large, max-video-preview:-1\" \/>\n<link rel=\"canonical\" href=\"https:\/\/lemaraichermoderne.com\/en\/produit\/bootstrap-farmer-1020-plateaux-en-maille-profonde-extra-resistants\/\" \/>\n<meta property=\"og:locale\" content=\"en_US\" \/>\n<meta property=\"og:type\" content=\"article\" \/>\n<meta property=\"og:title\" content=\"Bootstrap Farmer 1020 Plateaux en maille profonde extra r\u00e9sistants - Le Mara\u00eecher Moderne\" \/>\n<meta property=\"og:description\" content=\"Description PLATEAUX DE PROPAGATION DE BLOCS DE SOL DURABLES Ces plateaux \u00e0 fond grillag\u00e9 sont fabriqu\u00e9s en plastique polypropyl\u00e8ne robuste. Garanti pour ne pas se casser ou se d\u00e9former m\u00eame avec des charges lourdes. Ces plateaux \u00e0 graines \u00e0 fond grillag\u00e9 sont id\u00e9aux pour la propagation de blocs de terre ou pour toute personne ayant [&hellip;]\" \/>\n<meta property=\"og:url\" content=\"https:\/\/lemaraichermoderne.com\/en\/produit\/bootstrap-farmer-1020-plateaux-en-maille-profonde-extra-resistants\/\" \/>\n<meta property=\"og:site_name\" content=\"Le Mara\u00eecher Moderne\" \/>\n<meta property=\"article:publisher\" content=\"https:\/\/www.facebook.com\/lemaraichermoderne\" \/>\n<meta property=\"article:modified_time\" content=\"2026-04-01T19:08:30+00:00\" \/>\n<meta property=\"og:image\" content=\"https:\/\/lemaraichermoderne.com\/wp-content\/uploads\/2026\/03\/bootstrap-farmer-1020-extra-strength-deep-mesh-trays-987652_500x-1.webp\" \/>\n\t<meta property=\"og:image:width\" content=\"500\" \/>\n\t<meta property=\"og:image:height\" content=\"500\" \/>\n\t<meta property=\"og:image:type\" content=\"image\/webp\" \/>\n<meta name=\"twitter:card\" content=\"summary_large_image\" \/>\n<meta name=\"twitter:label1\" content=\"Est. reading time\" \/>\n\t<meta name=\"twitter:data1\" content=\"2 minutes\" \/>\n<script type=\"application\/ld+json\" class=\"yoast-schema-graph\">{\"@context\":\"https:\\\/\\\/schema.org\",\"@graph\":[{\"@type\":\"WebPage\",\"@id\":\"https:\\\/\\\/lemaraichermoderne.com\\\/en\\\/produit\\\/bootstrap-farmer-1020-plateaux-en-maille-profonde-extra-resistants\\\/\",\"url\":\"https:\\\/\\\/lemaraichermoderne.com\\\/en\\\/produit\\\/bootstrap-farmer-1020-plateaux-en-maille-profonde-extra-resistants\\\/\",\"name\":\"Bootstrap Farmer 1020 Plateaux en maille profonde extra r\u00e9sistants - Le Mara\u00eecher Moderne\",\"isPartOf\":{\"@id\":\"https:\\\/\\\/lemaraichermoderne.com\\\/en\\\/#website\"},\"primaryImageOfPage\":{\"@id\":\"https:\\\/\\\/lemaraichermoderne.com\\\/en\\\/produit\\\/bootstrap-farmer-1020-plateaux-en-maille-profonde-extra-resistants\\\/#primaryimage\"},\"image\":{\"@id\":\"https:\\\/\\\/lemaraichermoderne.com\\\/en\\\/produit\\\/bootstrap-farmer-1020-plateaux-en-maille-profonde-extra-resistants\\\/#primaryimage\"},\"thumbnailUrl\":\"https:\\\/\\\/lemaraichermoderne.com\\\/wp-content\\\/uploads\\\/2026\\\/03\\\/bootstrap-farmer-1020-extra-strength-deep-mesh-trays-987652_500x-1.webp\",\"datePublished\":\"2026-03-28T14:51:16+00:00\",\"dateModified\":\"2026-04-01T19:08:30+00:00\",\"breadcrumb\":{\"@id\":\"https:\\\/\\\/lemaraichermoderne.com\\\/en\\\/produit\\\/bootstrap-farmer-1020-plateaux-en-maille-profonde-extra-resistants\\\/#breadcrumb\"},\"inLanguage\":\"en-US\",\"potentialAction\":[{\"@type\":\"ReadAction\",\"target\":[\"https:\\\/\\\/lemaraichermoderne.com\\\/en\\\/produit\\\/bootstrap-farmer-1020-plateaux-en-maille-profonde-extra-resistants\\\/\"]}]},{\"@type\":\"ImageObject\",\"inLanguage\":\"en-US\",\"@id\":\"https:\\\/\\\/lemaraichermoderne.com\\\/en\\\/produit\\\/bootstrap-farmer-1020-plateaux-en-maille-profonde-extra-resistants\\\/#primaryimage\",\"url\":\"https:\\\/\\\/lemaraichermoderne.com\\\/wp-content\\\/uploads\\\/2026\\\/03\\\/bootstrap-farmer-1020-extra-strength-deep-mesh-trays-987652_500x-1.webp\",\"contentUrl\":\"https:\\\/\\\/lemaraichermoderne.com\\\/wp-content\\\/uploads\\\/2026\\\/03\\\/bootstrap-farmer-1020-extra-strength-deep-mesh-trays-987652_500x-1.webp\",\"width\":500,\"height\":500},{\"@type\":\"BreadcrumbList\",\"@id\":\"https:\\\/\\\/lemaraichermoderne.com\\\/en\\\/produit\\\/bootstrap-farmer-1020-plateaux-en-maille-profonde-extra-resistants\\\/#breadcrumb\",\"itemListElement\":[{\"@type\":\"ListItem\",\"position\":1,\"name\":\"Accueil\",\"item\":\"https:\\\/\\\/lemaraichermoderne.com\\\/en\\\/\"},{\"@type\":\"ListItem\",\"position\":2,\"name\":\"Boutique\",\"item\":\"https:\\\/\\\/lemaraichermoderne.com\\\/boutique\\\/\"},{\"@type\":\"ListItem\",\"position\":3,\"name\":\"Bootstrap Farmer 1020 Plateaux en maille profonde extra r\u00e9sistants\"}]},{\"@type\":\"WebSite\",\"@id\":\"https:\\\/\\\/lemaraichermoderne.com\\\/en\\\/#website\",\"url\":\"https:\\\/\\\/lemaraichermoderne.com\\\/en\\\/\",\"name\":\"Le Mara\u00eecher Moderne\",\"description\":\"R\u00e9f\u00e9rence en hydroponie \u00e0 Qu\u00e9bec\",\"publisher\":{\"@id\":\"https:\\\/\\\/lemaraichermoderne.com\\\/en\\\/#organization\"},\"potentialAction\":[{\"@type\":\"SearchAction\",\"target\":{\"@type\":\"EntryPoint\",\"urlTemplate\":\"https:\\\/\\\/lemaraichermoderne.com\\\/en\\\/?s={search_term_string}\"},\"query-input\":{\"@type\":\"PropertyValueSpecification\",\"valueRequired\":true,\"valueName\":\"search_term_string\"}}],\"inLanguage\":\"en-US\"},{\"@type\":\"Organization\",\"@id\":\"https:\\\/\\\/lemaraichermoderne.com\\\/en\\\/#organization\",\"name\":\"Le Mara\u00eecher Moderne\",\"url\":\"https:\\\/\\\/lemaraichermoderne.com\\\/en\\\/\",\"logo\":{\"@type\":\"ImageObject\",\"inLanguage\":\"en-US\",\"@id\":\"https:\\\/\\\/lemaraichermoderne.com\\\/en\\\/#\\\/schema\\\/logo\\\/image\\\/\",\"url\":\"https:\\\/\\\/lemaraichermoderne.com\\\/wp-content\\\/uploads\\\/2023\\\/03\\\/logo_mm1.png\",\"contentUrl\":\"https:\\\/\\\/lemaraichermoderne.com\\\/wp-content\\\/uploads\\\/2023\\\/03\\\/logo_mm1.png\",\"width\":500,\"height\":222,\"caption\":\"Le Mara\u00eecher Moderne\"},\"image\":{\"@id\":\"https:\\\/\\\/lemaraichermoderne.com\\\/en\\\/#\\\/schema\\\/logo\\\/image\\\/\"},\"sameAs\":[\"https:\\\/\\\/www.facebook.com\\\/lemaraichermoderne\",\"https:\\\/\\\/www.instagram.com\\\/lemaraichermoderne\"]}]}<\/script>\n<!-- \/ Yoast SEO plugin. -->","yoast_head_json":{"title":"Bootstrap Farmer 1020 Plateaux en maille profonde extra r\u00e9sistants - Le Mara\u00eecher Moderne","robots":{"index":"index","follow":"follow","max-snippet":"max-snippet:-1","max-image-preview":"max-image-preview:large","max-video-preview":"max-video-preview:-1"},"canonical":"https:\/\/lemaraichermoderne.com\/en\/produit\/bootstrap-farmer-1020-plateaux-en-maille-profonde-extra-resistants\/","og_locale":"en_US","og_type":"article","og_title":"Bootstrap Farmer 1020 Plateaux en maille profonde extra r\u00e9sistants - Le Mara\u00eecher Moderne","og_description":"Description PLATEAUX DE PROPAGATION DE BLOCS DE SOL DURABLES Ces plateaux \u00e0 fond grillag\u00e9 sont fabriqu\u00e9s en plastique polypropyl\u00e8ne robuste. Garanti pour ne pas se casser ou se d\u00e9former m\u00eame avec des charges lourdes. Ces plateaux \u00e0 graines \u00e0 fond grillag\u00e9 sont id\u00e9aux pour la propagation de blocs de terre ou pour toute personne ayant [&hellip;]","og_url":"https:\/\/lemaraichermoderne.com\/en\/produit\/bootstrap-farmer-1020-plateaux-en-maille-profonde-extra-resistants\/","og_site_name":"Le Mara\u00eecher Moderne","article_publisher":"https:\/\/www.facebook.com\/lemaraichermoderne","article_modified_time":"2026-04-01T19:08:30+00:00","og_image":[{"width":500,"height":500,"url":"https:\/\/lemaraichermoderne.com\/wp-content\/uploads\/2026\/03\/bootstrap-farmer-1020-extra-strength-deep-mesh-trays-987652_500x-1.webp","type":"image\/webp"}],"twitter_card":"summary_large_image","twitter_misc":{"Est. reading time":"2 minutes"},"schema":{"@context":"https:\/\/schema.org","@graph":[{"@type":"WebPage","@id":"https:\/\/lemaraichermoderne.com\/en\/produit\/bootstrap-farmer-1020-plateaux-en-maille-profonde-extra-resistants\/","url":"https:\/\/lemaraichermoderne.com\/en\/produit\/bootstrap-farmer-1020-plateaux-en-maille-profonde-extra-resistants\/","name":"Bootstrap Farmer 1020 Plateaux en maille profonde extra r\u00e9sistants - Le Mara\u00eecher Moderne","isPartOf":{"@id":"https:\/\/lemaraichermoderne.com\/en\/#website"},"primaryImageOfPage":{"@id":"https:\/\/lemaraichermoderne.com\/en\/produit\/bootstrap-farmer-1020-plateaux-en-maille-profonde-extra-resistants\/#primaryimage"},"image":{"@id":"https:\/\/lemaraichermoderne.com\/en\/produit\/bootstrap-farmer-1020-plateaux-en-maille-profonde-extra-resistants\/#primaryimage"},"thumbnailUrl":"https:\/\/lemaraichermoderne.com\/wp-content\/uploads\/2026\/03\/bootstrap-farmer-1020-extra-strength-deep-mesh-trays-987652_500x-1.webp","datePublished":"2026-03-28T14:51:16+00:00","dateModified":"2026-04-01T19:08:30+00:00","breadcrumb":{"@id":"https:\/\/lemaraichermoderne.com\/en\/produit\/bootstrap-farmer-1020-plateaux-en-maille-profonde-extra-resistants\/#breadcrumb"},"inLanguage":"en-US","potentialAction":[{"@type":"ReadAction","target":["https:\/\/lemaraichermoderne.com\/en\/produit\/bootstrap-farmer-1020-plateaux-en-maille-profonde-extra-resistants\/"]}]},{"@type":"ImageObject","inLanguage":"en-US","@id":"https:\/\/lemaraichermoderne.com\/en\/produit\/bootstrap-farmer-1020-plateaux-en-maille-profonde-extra-resistants\/#primaryimage","url":"https:\/\/lemaraichermoderne.com\/wp-content\/uploads\/2026\/03\/bootstrap-farmer-1020-extra-strength-deep-mesh-trays-987652_500x-1.webp","contentUrl":"https:\/\/lemaraichermoderne.com\/wp-content\/uploads\/2026\/03\/bootstrap-farmer-1020-extra-strength-deep-mesh-trays-987652_500x-1.webp","width":500,"height":500},{"@type":"BreadcrumbList","@id":"https:\/\/lemaraichermoderne.com\/en\/produit\/bootstrap-farmer-1020-plateaux-en-maille-profonde-extra-resistants\/#breadcrumb","itemListElement":[{"@type":"ListItem","position":1,"name":"Accueil","item":"https:\/\/lemaraichermoderne.com\/en\/"},{"@type":"ListItem","position":2,"name":"Boutique","item":"https:\/\/lemaraichermoderne.com\/boutique\/"},{"@type":"ListItem","position":3,"name":"Bootstrap Farmer 1020 Plateaux en maille profonde extra r\u00e9sistants"}]},{"@type":"WebSite","@id":"https:\/\/lemaraichermoderne.com\/en\/#website","url":"https:\/\/lemaraichermoderne.com\/en\/","name":"Le Mara\u00eecher Moderne","description":"R\u00e9f\u00e9rence en hydroponie \u00e0 Qu\u00e9bec","publisher":{"@id":"https:\/\/lemaraichermoderne.com\/en\/#organization"},"potentialAction":[{"@type":"SearchAction","target":{"@type":"EntryPoint","urlTemplate":"https:\/\/lemaraichermoderne.com\/en\/?s={search_term_string}"},"query-input":{"@type":"PropertyValueSpecification","valueRequired":true,"valueName":"search_term_string"}}],"inLanguage":"en-US"},{"@type":"Organization","@id":"https:\/\/lemaraichermoderne.com\/en\/#organization","name":"Le Mara\u00eecher Moderne","url":"https:\/\/lemaraichermoderne.com\/en\/","logo":{"@type":"ImageObject","inLanguage":"en-US","@id":"https:\/\/lemaraichermoderne.com\/en\/#\/schema\/logo\/image\/","url":"https:\/\/lemaraichermoderne.com\/wp-content\/uploads\/2023\/03\/logo_mm1.png","contentUrl":"https:\/\/lemaraichermoderne.com\/wp-content\/uploads\/2023\/03\/logo_mm1.png","width":500,"height":222,"caption":"Le Mara\u00eecher Moderne"},"image":{"@id":"https:\/\/lemaraichermoderne.com\/en\/#\/schema\/logo\/image\/"},"sameAs":["https:\/\/www.facebook.com\/lemaraichermoderne","https:\/\/www.instagram.com\/lemaraichermoderne"]}]}},"_links":{"self":[{"href":"https:\/\/lemaraichermoderne.com\/en\/wp-json\/wp\/v2\/product\/10572","targetHints":{"allow":["GET"]}}],"collection":[{"href":"https:\/\/lemaraichermoderne.com\/en\/wp-json\/wp\/v2\/product"}],"about":[{"href":"https:\/\/lemaraichermoderne.com\/en\/wp-json\/wp\/v2\/types\/product"}],"wp:featuredmedia":[{"embeddable":true,"href":"https:\/\/lemaraichermoderne.com\/en\/wp-json\/wp\/v2\/media\/10596"}],"wp:attachment":[{"href":"https:\/\/lemaraichermoderne.com\/en\/wp-json\/wp\/v2\/media?parent=10572"}],"wp:term":[{"taxonomy":"product_brand","embeddable":true,"href":"https:\/\/lemaraichermoderne.com\/en\/wp-json\/wp\/v2\/product_brand?post=10572"},{"taxonomy":"product_cat","embeddable":true,"href":"https:\/\/lemaraichermoderne.com\/en\/wp-json\/wp\/v2\/product_cat?post=10572"},{"taxonomy":"product_tag","embeddable":true,"href":"https:\/\/lemaraichermoderne.com\/en\/wp-json\/wp\/v2\/product_tag?post=10572"}],"curies":[{"name":"wp","href":"https:\/\/api.w.org\/{rel}","templated":true}]}}