{"id":10621,"date":"2026-04-02T11:29:09","date_gmt":"2026-04-02T15:29:09","guid":{"rendered":"https:\/\/lemaraichermoderne.com\/?post_type=product&#038;p=10621"},"modified":"2026-04-02T11:29:35","modified_gmt":"2026-04-02T15:29:35","slug":"technaflora-rootech-gel","status":"publish","type":"product","link":"https:\/\/lemaraichermoderne.com\/en\/produit\/technaflora-rootech-gel\/","title":{"rendered":"TECHNAFLORA ROOTECH GEL"},"content":{"rendered":"<p><strong>IBA : .55%<\/strong><\/p>\n<pre id=\"tw-target-text\" class=\"tw-data-text tw-text-large tw-ta\" dir=\"ltr\" tabindex=\"-1\" role=\"text\" data-placeholder=\"Traduction\" data-ved=\"2ahUKEwj5uoLEu8-TAxXpFVkFHbtPLJ4Q3ewLegQIDBAX\" aria-label=\"Texte traduit\u00a0: Le gel de clonage Rootech\u2122 est une formule exceptionnelle et unique contenant une hormone puissante, sp\u00e9cialement formul\u00e9e pour favoriser un d\u00e9veloppement racinaire rapide et sain lors de la multiplication v\u00e9g\u00e9tative. \u00c0 l'application, sa formule unique enveloppe la tige de nutriments imm\u00e9diatement assimilables. Bien que la formule originale de Technaflora soit parmi les gels de clonage les plus puissants du march\u00e9, avec une concentration de 0,55 % (5,5 g\/l) d'AIB (acide indole-3-butyl), une hormone d'enracinement tr\u00e8s efficace, son proc\u00e9d\u00e9 de fabrication garantit une dispersion homog\u00e8ne du gel hautement concentr\u00e9, prot\u00e9geant ainsi les radicelles et les tissus v\u00e9g\u00e9taux en d\u00e9veloppement. Le gel de clonage Rootech\u2122 est id\u00e9al pour la multiplication des plantes les plus difficiles \u00e0 bouturer. Il peut \u00e9galement \u00eatre dilu\u00e9 avec de l'eau pour une utilisation sur des boutures qui s'enracineront plus facilement. Le gel de clonage Rootech\u2122 est conditionn\u00e9 dans un r\u00e9cipient \u00e0 large ouverture, pr\u00eat \u00e0 l'emploi, permettant de tremper plusieurs boutures simultan\u00e9ment sans risque de d\u00e9bordement. Sa texture gel facilite l'utilisation et \u00e9vite l'inhalation de poudres. Ce gel de clonage ultra-performant favorise la croissance vigoureuse de clones aux syst\u00e8mes racinaires sains et \u00e0 croissance rapide. Technaflora est fi\u00e8re de fabriquer le gel de clonage Rootech\u2122 \u00e0 Vancouver. Ses r\u00e9sultats exceptionnels et son prix comp\u00e9titif en font le choix privil\u00e9gi\u00e9 des jardiniers du monde entier.\"><span class=\"Y2IQFc\" lang=\"fr\">Le gel de clonage Rootech\u2122 est une formule exceptionnelle et unique contenant une hormone puissante, sp\u00e9cialement formul\u00e9e pour favoriser un d\u00e9veloppement racinaire rapide et sain lors de la multiplication v\u00e9g\u00e9tative. \u00c0 l'application, sa formule unique enveloppe la tige de nutriments imm\u00e9diatement assimilables.\r\n\r\nBien que la formule originale de Technaflora soit parmi les gels de clonage les plus puissants du march\u00e9, avec une concentration de 0,55 % (5,5 g\/l) d'AIB (acide indole-3-butyl), une hormone d'enracinement tr\u00e8s efficace, son proc\u00e9d\u00e9 de fabrication garantit une dispersion homog\u00e8ne du gel hautement concentr\u00e9, prot\u00e9geant ainsi les radicelles et les tissus v\u00e9g\u00e9taux en d\u00e9veloppement. Le gel de clonage Rootech\u2122 est id\u00e9al pour la multiplication des plantes les plus difficiles \u00e0 bouturer. Il peut \u00e9galement \u00eatre dilu\u00e9 avec de l'eau pour une utilisation sur des boutures qui s'enracineront plus facilement.\r\n\r\nLe gel de clonage Rootech\u2122 est conditionn\u00e9 dans un r\u00e9cipient \u00e0 large ouverture, pr\u00eat \u00e0 l'emploi, permettant de tremper plusieurs boutures simultan\u00e9ment sans risque de d\u00e9bordement. Sa texture gel facilite l'utilisation et \u00e9vite l'inhalation de poudres. Ce gel de clonage ultra-performant favorise la croissance vigoureuse de clones aux syst\u00e8mes racinaires sains et \u00e0 croissance rapide.\r\n\r\nTechnaflora est fi\u00e8re de fabriquer le gel de clonage Rootech\u2122 \u00e0 Vancouver. Ses r\u00e9sultats exceptionnels et son prix comp\u00e9titif en font le choix privil\u00e9gi\u00e9 des jardiniers du monde entier.<\/span><\/pre>\n","protected":false},"excerpt":{"rendered":"<p>IBA : .55% Le gel de clonage Rootech\u2122 est une formule exceptionnelle et unique contenant une hormone puissante, sp\u00e9cialement formul\u00e9e pour favoriser un d\u00e9veloppement racinaire rapide et sain lors de la multiplication v\u00e9g\u00e9tative. \u00c0 l&#8217;application, sa formule unique enveloppe la tige de nutriments imm\u00e9diatement assimilables. Bien que la formule originale de Technaflora soit parmi les [&hellip;]<\/p>\n","protected":false},"featured_media":10634,"template":"","meta":[],"product_brand":[],"product_cat":[21],"product_tag":[],"class_list":{"0":"post-10621","1":"product","2":"type-product","3":"status-publish","4":"has-post-thumbnail","6":"product_cat-nutriments","8":"first","9":"instock","10":"taxable","11":"shipping-taxable","12":"purchasable","13":"product-type-variable"},"yoast_head":"<!-- This site is optimized with the Yoast SEO plugin v27.4 - https:\/\/yoast.com\/product\/yoast-seo-wordpress\/ -->\n<title>TECHNAFLORA ROOTECH GEL - Le Mara\u00eecher Moderne<\/title>\n<meta name=\"robots\" content=\"index, follow, max-snippet:-1, max-image-preview:large, max-video-preview:-1\" \/>\n<link rel=\"canonical\" href=\"https:\/\/lemaraichermoderne.com\/en\/produit\/technaflora-rootech-gel\/\" \/>\n<meta property=\"og:locale\" content=\"en_US\" \/>\n<meta property=\"og:type\" content=\"article\" \/>\n<meta property=\"og:title\" content=\"TECHNAFLORA ROOTECH GEL - Le Mara\u00eecher Moderne\" \/>\n<meta property=\"og:description\" content=\"IBA : .55% Le gel de clonage Rootech\u2122 est une formule exceptionnelle et unique contenant une hormone puissante, sp\u00e9cialement formul\u00e9e pour favoriser un d\u00e9veloppement racinaire rapide et sain lors de la multiplication v\u00e9g\u00e9tative. \u00c0 l&#039;application, sa formule unique enveloppe la tige de nutriments imm\u00e9diatement assimilables. Bien que la formule originale de Technaflora soit parmi les [&hellip;]\" \/>\n<meta property=\"og:url\" content=\"https:\/\/lemaraichermoderne.com\/en\/produit\/technaflora-rootech-gel\/\" \/>\n<meta property=\"og:site_name\" content=\"Le Mara\u00eecher Moderne\" \/>\n<meta property=\"article:publisher\" content=\"https:\/\/www.facebook.com\/lemaraichermoderne\" \/>\n<meta property=\"article:modified_time\" content=\"2026-04-02T15:29:35+00:00\" \/>\n<meta property=\"og:image\" content=\"https:\/\/lemaraichermoderne.com\/wp-content\/uploads\/2026\/04\/60769_1-B.jpg\" \/>\n\t<meta property=\"og:image:width\" content=\"900\" \/>\n\t<meta property=\"og:image:height\" content=\"900\" \/>\n\t<meta property=\"og:image:type\" content=\"image\/jpeg\" \/>\n<meta name=\"twitter:card\" content=\"summary_large_image\" \/>\n<meta name=\"twitter:label1\" content=\"Est. reading time\" \/>\n\t<meta name=\"twitter:data1\" content=\"1 minute\" \/>\n<script type=\"application\/ld+json\" class=\"yoast-schema-graph\">{\"@context\":\"https:\\\/\\\/schema.org\",\"@graph\":[{\"@type\":\"WebPage\",\"@id\":\"https:\\\/\\\/lemaraichermoderne.com\\\/en\\\/produit\\\/technaflora-rootech-gel\\\/\",\"url\":\"https:\\\/\\\/lemaraichermoderne.com\\\/en\\\/produit\\\/technaflora-rootech-gel\\\/\",\"name\":\"TECHNAFLORA ROOTECH GEL - Le Mara\u00eecher Moderne\",\"isPartOf\":{\"@id\":\"https:\\\/\\\/lemaraichermoderne.com\\\/en\\\/#website\"},\"primaryImageOfPage\":{\"@id\":\"https:\\\/\\\/lemaraichermoderne.com\\\/en\\\/produit\\\/technaflora-rootech-gel\\\/#primaryimage\"},\"image\":{\"@id\":\"https:\\\/\\\/lemaraichermoderne.com\\\/en\\\/produit\\\/technaflora-rootech-gel\\\/#primaryimage\"},\"thumbnailUrl\":\"https:\\\/\\\/lemaraichermoderne.com\\\/wp-content\\\/uploads\\\/2026\\\/04\\\/60769_1-B.jpg\",\"datePublished\":\"2026-04-02T15:29:09+00:00\",\"dateModified\":\"2026-04-02T15:29:35+00:00\",\"breadcrumb\":{\"@id\":\"https:\\\/\\\/lemaraichermoderne.com\\\/en\\\/produit\\\/technaflora-rootech-gel\\\/#breadcrumb\"},\"inLanguage\":\"en-US\",\"potentialAction\":[{\"@type\":\"ReadAction\",\"target\":[\"https:\\\/\\\/lemaraichermoderne.com\\\/en\\\/produit\\\/technaflora-rootech-gel\\\/\"]}]},{\"@type\":\"ImageObject\",\"inLanguage\":\"en-US\",\"@id\":\"https:\\\/\\\/lemaraichermoderne.com\\\/en\\\/produit\\\/technaflora-rootech-gel\\\/#primaryimage\",\"url\":\"https:\\\/\\\/lemaraichermoderne.com\\\/wp-content\\\/uploads\\\/2026\\\/04\\\/60769_1-B.jpg\",\"contentUrl\":\"https:\\\/\\\/lemaraichermoderne.com\\\/wp-content\\\/uploads\\\/2026\\\/04\\\/60769_1-B.jpg\",\"width\":900,\"height\":900},{\"@type\":\"BreadcrumbList\",\"@id\":\"https:\\\/\\\/lemaraichermoderne.com\\\/en\\\/produit\\\/technaflora-rootech-gel\\\/#breadcrumb\",\"itemListElement\":[{\"@type\":\"ListItem\",\"position\":1,\"name\":\"Accueil\",\"item\":\"https:\\\/\\\/lemaraichermoderne.com\\\/en\\\/\"},{\"@type\":\"ListItem\",\"position\":2,\"name\":\"Boutique\",\"item\":\"https:\\\/\\\/lemaraichermoderne.com\\\/boutique\\\/\"},{\"@type\":\"ListItem\",\"position\":3,\"name\":\"TECHNAFLORA ROOTECH GEL\"}]},{\"@type\":\"WebSite\",\"@id\":\"https:\\\/\\\/lemaraichermoderne.com\\\/en\\\/#website\",\"url\":\"https:\\\/\\\/lemaraichermoderne.com\\\/en\\\/\",\"name\":\"Le Mara\u00eecher Moderne\",\"description\":\"R\u00e9f\u00e9rence en hydroponie \u00e0 Qu\u00e9bec\",\"publisher\":{\"@id\":\"https:\\\/\\\/lemaraichermoderne.com\\\/en\\\/#organization\"},\"potentialAction\":[{\"@type\":\"SearchAction\",\"target\":{\"@type\":\"EntryPoint\",\"urlTemplate\":\"https:\\\/\\\/lemaraichermoderne.com\\\/en\\\/?s={search_term_string}\"},\"query-input\":{\"@type\":\"PropertyValueSpecification\",\"valueRequired\":true,\"valueName\":\"search_term_string\"}}],\"inLanguage\":\"en-US\"},{\"@type\":\"Organization\",\"@id\":\"https:\\\/\\\/lemaraichermoderne.com\\\/en\\\/#organization\",\"name\":\"Le Mara\u00eecher Moderne\",\"url\":\"https:\\\/\\\/lemaraichermoderne.com\\\/en\\\/\",\"logo\":{\"@type\":\"ImageObject\",\"inLanguage\":\"en-US\",\"@id\":\"https:\\\/\\\/lemaraichermoderne.com\\\/en\\\/#\\\/schema\\\/logo\\\/image\\\/\",\"url\":\"https:\\\/\\\/lemaraichermoderne.com\\\/wp-content\\\/uploads\\\/2023\\\/03\\\/logo_mm1.png\",\"contentUrl\":\"https:\\\/\\\/lemaraichermoderne.com\\\/wp-content\\\/uploads\\\/2023\\\/03\\\/logo_mm1.png\",\"width\":500,\"height\":222,\"caption\":\"Le Mara\u00eecher Moderne\"},\"image\":{\"@id\":\"https:\\\/\\\/lemaraichermoderne.com\\\/en\\\/#\\\/schema\\\/logo\\\/image\\\/\"},\"sameAs\":[\"https:\\\/\\\/www.facebook.com\\\/lemaraichermoderne\",\"https:\\\/\\\/www.instagram.com\\\/lemaraichermoderne\"]}]}<\/script>\n<!-- \/ Yoast SEO plugin. -->","yoast_head_json":{"title":"TECHNAFLORA ROOTECH GEL - Le Mara\u00eecher Moderne","robots":{"index":"index","follow":"follow","max-snippet":"max-snippet:-1","max-image-preview":"max-image-preview:large","max-video-preview":"max-video-preview:-1"},"canonical":"https:\/\/lemaraichermoderne.com\/en\/produit\/technaflora-rootech-gel\/","og_locale":"en_US","og_type":"article","og_title":"TECHNAFLORA ROOTECH GEL - Le Mara\u00eecher Moderne","og_description":"IBA : .55% Le gel de clonage Rootech\u2122 est une formule exceptionnelle et unique contenant une hormone puissante, sp\u00e9cialement formul\u00e9e pour favoriser un d\u00e9veloppement racinaire rapide et sain lors de la multiplication v\u00e9g\u00e9tative. \u00c0 l'application, sa formule unique enveloppe la tige de nutriments imm\u00e9diatement assimilables. Bien que la formule originale de Technaflora soit parmi les [&hellip;]","og_url":"https:\/\/lemaraichermoderne.com\/en\/produit\/technaflora-rootech-gel\/","og_site_name":"Le Mara\u00eecher Moderne","article_publisher":"https:\/\/www.facebook.com\/lemaraichermoderne","article_modified_time":"2026-04-02T15:29:35+00:00","og_image":[{"width":900,"height":900,"url":"https:\/\/lemaraichermoderne.com\/wp-content\/uploads\/2026\/04\/60769_1-B.jpg","type":"image\/jpeg"}],"twitter_card":"summary_large_image","twitter_misc":{"Est. reading time":"1 minute"},"schema":{"@context":"https:\/\/schema.org","@graph":[{"@type":"WebPage","@id":"https:\/\/lemaraichermoderne.com\/en\/produit\/technaflora-rootech-gel\/","url":"https:\/\/lemaraichermoderne.com\/en\/produit\/technaflora-rootech-gel\/","name":"TECHNAFLORA ROOTECH GEL - Le Mara\u00eecher Moderne","isPartOf":{"@id":"https:\/\/lemaraichermoderne.com\/en\/#website"},"primaryImageOfPage":{"@id":"https:\/\/lemaraichermoderne.com\/en\/produit\/technaflora-rootech-gel\/#primaryimage"},"image":{"@id":"https:\/\/lemaraichermoderne.com\/en\/produit\/technaflora-rootech-gel\/#primaryimage"},"thumbnailUrl":"https:\/\/lemaraichermoderne.com\/wp-content\/uploads\/2026\/04\/60769_1-B.jpg","datePublished":"2026-04-02T15:29:09+00:00","dateModified":"2026-04-02T15:29:35+00:00","breadcrumb":{"@id":"https:\/\/lemaraichermoderne.com\/en\/produit\/technaflora-rootech-gel\/#breadcrumb"},"inLanguage":"en-US","potentialAction":[{"@type":"ReadAction","target":["https:\/\/lemaraichermoderne.com\/en\/produit\/technaflora-rootech-gel\/"]}]},{"@type":"ImageObject","inLanguage":"en-US","@id":"https:\/\/lemaraichermoderne.com\/en\/produit\/technaflora-rootech-gel\/#primaryimage","url":"https:\/\/lemaraichermoderne.com\/wp-content\/uploads\/2026\/04\/60769_1-B.jpg","contentUrl":"https:\/\/lemaraichermoderne.com\/wp-content\/uploads\/2026\/04\/60769_1-B.jpg","width":900,"height":900},{"@type":"BreadcrumbList","@id":"https:\/\/lemaraichermoderne.com\/en\/produit\/technaflora-rootech-gel\/#breadcrumb","itemListElement":[{"@type":"ListItem","position":1,"name":"Accueil","item":"https:\/\/lemaraichermoderne.com\/en\/"},{"@type":"ListItem","position":2,"name":"Boutique","item":"https:\/\/lemaraichermoderne.com\/boutique\/"},{"@type":"ListItem","position":3,"name":"TECHNAFLORA ROOTECH GEL"}]},{"@type":"WebSite","@id":"https:\/\/lemaraichermoderne.com\/en\/#website","url":"https:\/\/lemaraichermoderne.com\/en\/","name":"Le Mara\u00eecher Moderne","description":"R\u00e9f\u00e9rence en hydroponie \u00e0 Qu\u00e9bec","publisher":{"@id":"https:\/\/lemaraichermoderne.com\/en\/#organization"},"potentialAction":[{"@type":"SearchAction","target":{"@type":"EntryPoint","urlTemplate":"https:\/\/lemaraichermoderne.com\/en\/?s={search_term_string}"},"query-input":{"@type":"PropertyValueSpecification","valueRequired":true,"valueName":"search_term_string"}}],"inLanguage":"en-US"},{"@type":"Organization","@id":"https:\/\/lemaraichermoderne.com\/en\/#organization","name":"Le Mara\u00eecher Moderne","url":"https:\/\/lemaraichermoderne.com\/en\/","logo":{"@type":"ImageObject","inLanguage":"en-US","@id":"https:\/\/lemaraichermoderne.com\/en\/#\/schema\/logo\/image\/","url":"https:\/\/lemaraichermoderne.com\/wp-content\/uploads\/2023\/03\/logo_mm1.png","contentUrl":"https:\/\/lemaraichermoderne.com\/wp-content\/uploads\/2023\/03\/logo_mm1.png","width":500,"height":222,"caption":"Le Mara\u00eecher Moderne"},"image":{"@id":"https:\/\/lemaraichermoderne.com\/en\/#\/schema\/logo\/image\/"},"sameAs":["https:\/\/www.facebook.com\/lemaraichermoderne","https:\/\/www.instagram.com\/lemaraichermoderne"]}]}},"_links":{"self":[{"href":"https:\/\/lemaraichermoderne.com\/en\/wp-json\/wp\/v2\/product\/10621","targetHints":{"allow":["GET"]}}],"collection":[{"href":"https:\/\/lemaraichermoderne.com\/en\/wp-json\/wp\/v2\/product"}],"about":[{"href":"https:\/\/lemaraichermoderne.com\/en\/wp-json\/wp\/v2\/types\/product"}],"wp:featuredmedia":[{"embeddable":true,"href":"https:\/\/lemaraichermoderne.com\/en\/wp-json\/wp\/v2\/media\/10634"}],"wp:attachment":[{"href":"https:\/\/lemaraichermoderne.com\/en\/wp-json\/wp\/v2\/media?parent=10621"}],"wp:term":[{"taxonomy":"product_brand","embeddable":true,"href":"https:\/\/lemaraichermoderne.com\/en\/wp-json\/wp\/v2\/product_brand?post=10621"},{"taxonomy":"product_cat","embeddable":true,"href":"https:\/\/lemaraichermoderne.com\/en\/wp-json\/wp\/v2\/product_cat?post=10621"},{"taxonomy":"product_tag","embeddable":true,"href":"https:\/\/lemaraichermoderne.com\/en\/wp-json\/wp\/v2\/product_tag?post=10621"}],"curies":[{"name":"wp","href":"https:\/\/api.w.org\/{rel}","templated":true}]}}