{"id":10636,"date":"2026-04-02T11:35:43","date_gmt":"2026-04-02T15:35:43","guid":{"rendered":"https:\/\/lemaraichermoderne.com\/?post_type=product&#038;p=10636"},"modified":"2026-04-15T15:43:53","modified_gmt":"2026-04-15T19:43:53","slug":"kit-de-test-ph-hy-gen","status":"publish","type":"product","link":"https:\/\/lemaraichermoderne.com\/en\/produit\/kit-de-test-ph-hy-gen\/","title":{"rendered":"kit de test pH HY-GEN\u00ae"},"content":{"rendered":"<pre id=\"tw-target-text\" class=\"tw-data-text tw-text-large tw-ta\" dir=\"ltr\" tabindex=\"-1\" role=\"text\" data-placeholder=\"Traduction\" data-ved=\"2ahUKEwj5uoLEu8-TAxXpFVkFHbtPLJ4Q3ewLegQIDBAX\" aria-label=\"Texte traduit\u00a0: En hydroponie, le pH est un facteur extr\u00eamement important. Le pH est un terme scientifique qui d\u00e9crit l'acidit\u00e9 ou l'alcalinit\u00e9 d'une solution nutritive. Un pH non contr\u00f4l\u00e9 et non ajust\u00e9 r\u00e9guli\u00e8rement peut entra\u00eener l'affaiblissement, voire la mort, des plantes.\r\n\r\nLe pH s'exprime par une s\u00e9rie de nombres repr\u00e9sentant des degr\u00e9s d'acidit\u00e9 ou d'alcalinit\u00e9. L'\u00e9chelle utilis\u00e9e se situe g\u00e9n\u00e9ralement entre 1 et 14. L'eau pure a un pH neutre de 7. Les valeurs de 1 \u00e0 7 correspondent \u00e0 des degr\u00e9s d'acidit\u00e9, tandis que celles de 7 \u00e0 14 correspondent \u00e0 des degr\u00e9s d'alcalinit\u00e9. La solution nutritive doit toujours \u00eatre maintenue l\u00e9g\u00e8rement acide, id\u00e9alement entre 5,8 et 6,5, ce qui convient \u00e0 la plupart des plantes.\r\n\r\nLes nutriments seront plus facilement assimilables lorsque le pH sera optimal, ce qui maximisera leur absorption. Un pH trop \u00e9lev\u00e9 ou trop bas peut perturber l'absorption de nutriments essentiels tels que le fer, le calcium, le magn\u00e9sium, etc. Il est donc essentiel pour les cultivateurs de contr\u00f4ler et de maintenir un pH stable afin de garantir la bonne sant\u00e9 des racines.\r\n\r\nMesurer le pH de votre solution nutritive est simple gr\u00e2ce au kit de test pH HY-GEN\u00ae. Ce kit contient un tube \u00e0 essai, un nuancier et une solution indicatrice concentr\u00e9e. Une seule goutte d'indicateur suffit pour effectuer le test.\"><span class=\"Y2IQFc\" lang=\"fr\">En hydroponie, le pH est un facteur extr\u00eamement important. Le pH est un terme scientifique qui d\u00e9crit l'acidit\u00e9 ou l'alcalinit\u00e9 d'une solution nutritive. Un pH non contr\u00f4l\u00e9 et non ajust\u00e9 r\u00e9guli\u00e8rement peut entra\u00eener l'affaiblissement, voire la mort, des plantes.\r\n\r\nLe pH s'exprime par une s\u00e9rie de nombres repr\u00e9sentant des degr\u00e9s d'acidit\u00e9 ou d'alcalinit\u00e9. L'\u00e9chelle utilis\u00e9e se situe g\u00e9n\u00e9ralement entre 1 et 14. L'eau pure a un pH neutre de 7. Les valeurs de 1 \u00e0 7 correspondent \u00e0 des degr\u00e9s d'acidit\u00e9, tandis que celles de 7 \u00e0 14 correspondent \u00e0 des degr\u00e9s d'alcalinit\u00e9. La solution nutritive doit toujours \u00eatre maintenue l\u00e9g\u00e8rement acide, id\u00e9alement entre 5,8 et 6,5, ce qui convient \u00e0 la plupart des plantes.\r\n\r\nLes nutriments seront plus facilement assimilables lorsque le pH sera optimal, ce qui maximisera leur absorption. Un pH trop \u00e9lev\u00e9 ou trop bas peut perturber l'absorption de nutriments essentiels tels que le fer, le calcium, le magn\u00e9sium, etc. Il est donc essentiel pour les cultivateurs de contr\u00f4ler et de maintenir un pH stable afin de garantir la bonne sant\u00e9 des racines.\r\n\r\nMesurer le pH de votre solution nutritive est simple gr\u00e2ce au kit de test pH HY-GEN\u00ae. Ce kit contient un tube \u00e0 essai, un nuancier et une solution indicatrice concentr\u00e9e. Une seule goutte d'indicateur suffit pour effectuer le test.<\/span><\/pre>\n","protected":false},"excerpt":{"rendered":"<p>En hydroponie, le pH est un facteur extr\u00eamement important. Le pH est un terme scientifique qui d\u00e9crit l&#8217;acidit\u00e9 ou l&#8217;alcalinit\u00e9 d&#8217;une solution nutritive. Un pH non contr\u00f4l\u00e9 et non ajust\u00e9 r\u00e9guli\u00e8rement peut entra\u00eener l&#8217;affaiblissement, voire la mort, des plantes. Le pH s&#8217;exprime par une s\u00e9rie de nombres repr\u00e9sentant des degr\u00e9s d&#8217;acidit\u00e9 ou d&#8217;alcalinit\u00e9. L&#8217;\u00e9chelle utilis\u00e9e [&hellip;]<\/p>\n","protected":false},"featured_media":10637,"template":"","meta":[],"product_brand":[],"product_cat":[32],"product_tag":[],"class_list":{"0":"post-10636","1":"product","2":"type-product","3":"status-publish","4":"has-post-thumbnail","6":"product_cat-controle-de-leau","8":"first","9":"instock","10":"taxable","11":"shipping-taxable","12":"purchasable","13":"product-type-simple"},"yoast_head":"<!-- This site is optimized with the Yoast SEO plugin v27.4 - https:\/\/yoast.com\/product\/yoast-seo-wordpress\/ -->\n<title>kit de test pH HY-GEN\u00ae - Le Mara\u00eecher Moderne<\/title>\n<meta name=\"robots\" content=\"index, follow, max-snippet:-1, max-image-preview:large, max-video-preview:-1\" \/>\n<link rel=\"canonical\" href=\"https:\/\/lemaraichermoderne.com\/en\/produit\/kit-de-test-ph-hy-gen\/\" \/>\n<meta property=\"og:locale\" content=\"en_US\" \/>\n<meta property=\"og:type\" content=\"article\" \/>\n<meta property=\"og:title\" content=\"kit de test pH HY-GEN\u00ae - Le Mara\u00eecher Moderne\" \/>\n<meta property=\"og:description\" content=\"En hydroponie, le pH est un facteur extr\u00eamement important. Le pH est un terme scientifique qui d\u00e9crit l&#039;acidit\u00e9 ou l&#039;alcalinit\u00e9 d&#039;une solution nutritive. Un pH non contr\u00f4l\u00e9 et non ajust\u00e9 r\u00e9guli\u00e8rement peut entra\u00eener l&#039;affaiblissement, voire la mort, des plantes. Le pH s&#039;exprime par une s\u00e9rie de nombres repr\u00e9sentant des degr\u00e9s d&#039;acidit\u00e9 ou d&#039;alcalinit\u00e9. L&#039;\u00e9chelle utilis\u00e9e [&hellip;]\" \/>\n<meta property=\"og:url\" content=\"https:\/\/lemaraichermoderne.com\/en\/produit\/kit-de-test-ph-hy-gen\/\" \/>\n<meta property=\"og:site_name\" content=\"Le Mara\u00eecher Moderne\" \/>\n<meta property=\"article:publisher\" content=\"https:\/\/www.facebook.com\/lemaraichermoderne\" \/>\n<meta property=\"article:modified_time\" content=\"2026-04-15T19:43:53+00:00\" \/>\n<meta property=\"og:image\" content=\"https:\/\/lemaraichermoderne.com\/wp-content\/uploads\/2026\/04\/70352-B.jpg\" \/>\n\t<meta property=\"og:image:width\" content=\"900\" \/>\n\t<meta property=\"og:image:height\" content=\"900\" \/>\n\t<meta property=\"og:image:type\" content=\"image\/jpeg\" \/>\n<meta name=\"twitter:card\" content=\"summary_large_image\" \/>\n<meta name=\"twitter:label1\" content=\"Est. reading time\" \/>\n\t<meta name=\"twitter:data1\" content=\"1 minute\" \/>\n<script type=\"application\/ld+json\" class=\"yoast-schema-graph\">{\"@context\":\"https:\\\/\\\/schema.org\",\"@graph\":[{\"@type\":\"WebPage\",\"@id\":\"https:\\\/\\\/lemaraichermoderne.com\\\/en\\\/produit\\\/kit-de-test-ph-hy-gen\\\/\",\"url\":\"https:\\\/\\\/lemaraichermoderne.com\\\/en\\\/produit\\\/kit-de-test-ph-hy-gen\\\/\",\"name\":\"kit de test pH HY-GEN\u00ae - Le Mara\u00eecher Moderne\",\"isPartOf\":{\"@id\":\"https:\\\/\\\/lemaraichermoderne.com\\\/en\\\/#website\"},\"primaryImageOfPage\":{\"@id\":\"https:\\\/\\\/lemaraichermoderne.com\\\/en\\\/produit\\\/kit-de-test-ph-hy-gen\\\/#primaryimage\"},\"image\":{\"@id\":\"https:\\\/\\\/lemaraichermoderne.com\\\/en\\\/produit\\\/kit-de-test-ph-hy-gen\\\/#primaryimage\"},\"thumbnailUrl\":\"https:\\\/\\\/lemaraichermoderne.com\\\/wp-content\\\/uploads\\\/2026\\\/04\\\/70352-B.jpg\",\"datePublished\":\"2026-04-02T15:35:43+00:00\",\"dateModified\":\"2026-04-15T19:43:53+00:00\",\"breadcrumb\":{\"@id\":\"https:\\\/\\\/lemaraichermoderne.com\\\/en\\\/produit\\\/kit-de-test-ph-hy-gen\\\/#breadcrumb\"},\"inLanguage\":\"en-US\",\"potentialAction\":[{\"@type\":\"ReadAction\",\"target\":[\"https:\\\/\\\/lemaraichermoderne.com\\\/en\\\/produit\\\/kit-de-test-ph-hy-gen\\\/\"]}]},{\"@type\":\"ImageObject\",\"inLanguage\":\"en-US\",\"@id\":\"https:\\\/\\\/lemaraichermoderne.com\\\/en\\\/produit\\\/kit-de-test-ph-hy-gen\\\/#primaryimage\",\"url\":\"https:\\\/\\\/lemaraichermoderne.com\\\/wp-content\\\/uploads\\\/2026\\\/04\\\/70352-B.jpg\",\"contentUrl\":\"https:\\\/\\\/lemaraichermoderne.com\\\/wp-content\\\/uploads\\\/2026\\\/04\\\/70352-B.jpg\",\"width\":900,\"height\":900},{\"@type\":\"BreadcrumbList\",\"@id\":\"https:\\\/\\\/lemaraichermoderne.com\\\/en\\\/produit\\\/kit-de-test-ph-hy-gen\\\/#breadcrumb\",\"itemListElement\":[{\"@type\":\"ListItem\",\"position\":1,\"name\":\"Accueil\",\"item\":\"https:\\\/\\\/lemaraichermoderne.com\\\/en\\\/\"},{\"@type\":\"ListItem\",\"position\":2,\"name\":\"Boutique\",\"item\":\"https:\\\/\\\/lemaraichermoderne.com\\\/boutique\\\/\"},{\"@type\":\"ListItem\",\"position\":3,\"name\":\"kit de test pH HY-GEN\u00ae\"}]},{\"@type\":\"WebSite\",\"@id\":\"https:\\\/\\\/lemaraichermoderne.com\\\/en\\\/#website\",\"url\":\"https:\\\/\\\/lemaraichermoderne.com\\\/en\\\/\",\"name\":\"Le Mara\u00eecher Moderne\",\"description\":\"R\u00e9f\u00e9rence en hydroponie \u00e0 Qu\u00e9bec\",\"publisher\":{\"@id\":\"https:\\\/\\\/lemaraichermoderne.com\\\/en\\\/#organization\"},\"potentialAction\":[{\"@type\":\"SearchAction\",\"target\":{\"@type\":\"EntryPoint\",\"urlTemplate\":\"https:\\\/\\\/lemaraichermoderne.com\\\/en\\\/?s={search_term_string}\"},\"query-input\":{\"@type\":\"PropertyValueSpecification\",\"valueRequired\":true,\"valueName\":\"search_term_string\"}}],\"inLanguage\":\"en-US\"},{\"@type\":\"Organization\",\"@id\":\"https:\\\/\\\/lemaraichermoderne.com\\\/en\\\/#organization\",\"name\":\"Le Mara\u00eecher Moderne\",\"url\":\"https:\\\/\\\/lemaraichermoderne.com\\\/en\\\/\",\"logo\":{\"@type\":\"ImageObject\",\"inLanguage\":\"en-US\",\"@id\":\"https:\\\/\\\/lemaraichermoderne.com\\\/en\\\/#\\\/schema\\\/logo\\\/image\\\/\",\"url\":\"https:\\\/\\\/lemaraichermoderne.com\\\/wp-content\\\/uploads\\\/2023\\\/03\\\/logo_mm1.png\",\"contentUrl\":\"https:\\\/\\\/lemaraichermoderne.com\\\/wp-content\\\/uploads\\\/2023\\\/03\\\/logo_mm1.png\",\"width\":500,\"height\":222,\"caption\":\"Le Mara\u00eecher Moderne\"},\"image\":{\"@id\":\"https:\\\/\\\/lemaraichermoderne.com\\\/en\\\/#\\\/schema\\\/logo\\\/image\\\/\"},\"sameAs\":[\"https:\\\/\\\/www.facebook.com\\\/lemaraichermoderne\",\"https:\\\/\\\/www.instagram.com\\\/lemaraichermoderne\"]}]}<\/script>\n<!-- \/ Yoast SEO plugin. -->","yoast_head_json":{"title":"kit de test pH HY-GEN\u00ae - Le Mara\u00eecher Moderne","robots":{"index":"index","follow":"follow","max-snippet":"max-snippet:-1","max-image-preview":"max-image-preview:large","max-video-preview":"max-video-preview:-1"},"canonical":"https:\/\/lemaraichermoderne.com\/en\/produit\/kit-de-test-ph-hy-gen\/","og_locale":"en_US","og_type":"article","og_title":"kit de test pH HY-GEN\u00ae - Le Mara\u00eecher Moderne","og_description":"En hydroponie, le pH est un facteur extr\u00eamement important. Le pH est un terme scientifique qui d\u00e9crit l'acidit\u00e9 ou l'alcalinit\u00e9 d'une solution nutritive. Un pH non contr\u00f4l\u00e9 et non ajust\u00e9 r\u00e9guli\u00e8rement peut entra\u00eener l'affaiblissement, voire la mort, des plantes. Le pH s'exprime par une s\u00e9rie de nombres repr\u00e9sentant des degr\u00e9s d'acidit\u00e9 ou d'alcalinit\u00e9. L'\u00e9chelle utilis\u00e9e [&hellip;]","og_url":"https:\/\/lemaraichermoderne.com\/en\/produit\/kit-de-test-ph-hy-gen\/","og_site_name":"Le Mara\u00eecher Moderne","article_publisher":"https:\/\/www.facebook.com\/lemaraichermoderne","article_modified_time":"2026-04-15T19:43:53+00:00","og_image":[{"width":900,"height":900,"url":"https:\/\/lemaraichermoderne.com\/wp-content\/uploads\/2026\/04\/70352-B.jpg","type":"image\/jpeg"}],"twitter_card":"summary_large_image","twitter_misc":{"Est. reading time":"1 minute"},"schema":{"@context":"https:\/\/schema.org","@graph":[{"@type":"WebPage","@id":"https:\/\/lemaraichermoderne.com\/en\/produit\/kit-de-test-ph-hy-gen\/","url":"https:\/\/lemaraichermoderne.com\/en\/produit\/kit-de-test-ph-hy-gen\/","name":"kit de test pH HY-GEN\u00ae - Le Mara\u00eecher Moderne","isPartOf":{"@id":"https:\/\/lemaraichermoderne.com\/en\/#website"},"primaryImageOfPage":{"@id":"https:\/\/lemaraichermoderne.com\/en\/produit\/kit-de-test-ph-hy-gen\/#primaryimage"},"image":{"@id":"https:\/\/lemaraichermoderne.com\/en\/produit\/kit-de-test-ph-hy-gen\/#primaryimage"},"thumbnailUrl":"https:\/\/lemaraichermoderne.com\/wp-content\/uploads\/2026\/04\/70352-B.jpg","datePublished":"2026-04-02T15:35:43+00:00","dateModified":"2026-04-15T19:43:53+00:00","breadcrumb":{"@id":"https:\/\/lemaraichermoderne.com\/en\/produit\/kit-de-test-ph-hy-gen\/#breadcrumb"},"inLanguage":"en-US","potentialAction":[{"@type":"ReadAction","target":["https:\/\/lemaraichermoderne.com\/en\/produit\/kit-de-test-ph-hy-gen\/"]}]},{"@type":"ImageObject","inLanguage":"en-US","@id":"https:\/\/lemaraichermoderne.com\/en\/produit\/kit-de-test-ph-hy-gen\/#primaryimage","url":"https:\/\/lemaraichermoderne.com\/wp-content\/uploads\/2026\/04\/70352-B.jpg","contentUrl":"https:\/\/lemaraichermoderne.com\/wp-content\/uploads\/2026\/04\/70352-B.jpg","width":900,"height":900},{"@type":"BreadcrumbList","@id":"https:\/\/lemaraichermoderne.com\/en\/produit\/kit-de-test-ph-hy-gen\/#breadcrumb","itemListElement":[{"@type":"ListItem","position":1,"name":"Accueil","item":"https:\/\/lemaraichermoderne.com\/en\/"},{"@type":"ListItem","position":2,"name":"Boutique","item":"https:\/\/lemaraichermoderne.com\/boutique\/"},{"@type":"ListItem","position":3,"name":"kit de test pH HY-GEN\u00ae"}]},{"@type":"WebSite","@id":"https:\/\/lemaraichermoderne.com\/en\/#website","url":"https:\/\/lemaraichermoderne.com\/en\/","name":"Le Mara\u00eecher Moderne","description":"R\u00e9f\u00e9rence en hydroponie \u00e0 Qu\u00e9bec","publisher":{"@id":"https:\/\/lemaraichermoderne.com\/en\/#organization"},"potentialAction":[{"@type":"SearchAction","target":{"@type":"EntryPoint","urlTemplate":"https:\/\/lemaraichermoderne.com\/en\/?s={search_term_string}"},"query-input":{"@type":"PropertyValueSpecification","valueRequired":true,"valueName":"search_term_string"}}],"inLanguage":"en-US"},{"@type":"Organization","@id":"https:\/\/lemaraichermoderne.com\/en\/#organization","name":"Le Mara\u00eecher Moderne","url":"https:\/\/lemaraichermoderne.com\/en\/","logo":{"@type":"ImageObject","inLanguage":"en-US","@id":"https:\/\/lemaraichermoderne.com\/en\/#\/schema\/logo\/image\/","url":"https:\/\/lemaraichermoderne.com\/wp-content\/uploads\/2023\/03\/logo_mm1.png","contentUrl":"https:\/\/lemaraichermoderne.com\/wp-content\/uploads\/2023\/03\/logo_mm1.png","width":500,"height":222,"caption":"Le Mara\u00eecher Moderne"},"image":{"@id":"https:\/\/lemaraichermoderne.com\/en\/#\/schema\/logo\/image\/"},"sameAs":["https:\/\/www.facebook.com\/lemaraichermoderne","https:\/\/www.instagram.com\/lemaraichermoderne"]}]}},"_links":{"self":[{"href":"https:\/\/lemaraichermoderne.com\/en\/wp-json\/wp\/v2\/product\/10636","targetHints":{"allow":["GET"]}}],"collection":[{"href":"https:\/\/lemaraichermoderne.com\/en\/wp-json\/wp\/v2\/product"}],"about":[{"href":"https:\/\/lemaraichermoderne.com\/en\/wp-json\/wp\/v2\/types\/product"}],"wp:featuredmedia":[{"embeddable":true,"href":"https:\/\/lemaraichermoderne.com\/en\/wp-json\/wp\/v2\/media\/10637"}],"wp:attachment":[{"href":"https:\/\/lemaraichermoderne.com\/en\/wp-json\/wp\/v2\/media?parent=10636"}],"wp:term":[{"taxonomy":"product_brand","embeddable":true,"href":"https:\/\/lemaraichermoderne.com\/en\/wp-json\/wp\/v2\/product_brand?post=10636"},{"taxonomy":"product_cat","embeddable":true,"href":"https:\/\/lemaraichermoderne.com\/en\/wp-json\/wp\/v2\/product_cat?post=10636"},{"taxonomy":"product_tag","embeddable":true,"href":"https:\/\/lemaraichermoderne.com\/en\/wp-json\/wp\/v2\/product_tag?post=10636"}],"curies":[{"name":"wp","href":"https:\/\/api.w.org\/{rel}","templated":true}]}}