{"id":10679,"date":"2026-04-03T09:22:44","date_gmt":"2026-04-03T13:22:44","guid":{"rendered":"https:\/\/lemaraichermoderne.com\/?post_type=product&#038;p=10679"},"modified":"2026-04-11T12:48:37","modified_gmt":"2026-04-11T16:48:37","slug":"eponge-cone","status":"publish","type":"product","link":"https:\/\/lemaraichermoderne.com\/en\/produit\/eponge-cone\/","title":{"rendered":"Eponge Cone"},"content":{"rendered":"","protected":false},"excerpt":{"rendered":"<p data-start=\"124\" data-end=\"217\">Ces c\u00f4nes de culture hydroponique sont con\u00e7us pour s\u2019adapter \u00e0 plusieurs syst\u00e8mes populaires.<\/p>\n<p data-start=\"219\" data-end=\"313\">\ud83d\udccf <strong data-start=\"222\" data-end=\"238\">Dimensions :<\/strong><br data-start=\"238\" data-end=\"241\" \/>\u2022 Hauteur : environ 7 cm<br data-start=\"265\" data-end=\"268\" \/>\u2022 Diam\u00e8tre du trou central : environ 2,5 cm<\/p>\n<p data-start=\"315\" data-end=\"560\">\ud83d\udc49 Ce format standard les rend compatibles avec plusieurs syst\u00e8mes, dont :<br data-start=\"389\" data-end=\"392\" \/>\u2022 Syst\u00e8mes de comptoir style <strong data-start=\"421\" data-end=\"435\">AeroGarden<\/strong><br data-start=\"435\" data-end=\"438\" \/>\u2022 Syst\u00e8mes hydroponiques maison (DIY)<br data-start=\"509\" data-end=\"512\" \/>\u2022 Modules de germination avec inserts coniques<\/p>\n<p data-start=\"562\" data-end=\"701\">\ud83d\udca1 <strong data-start=\"565\" data-end=\"577\">Astuce :<\/strong><br data-start=\"577\" data-end=\"580\" \/>Avant l\u2019achat, assurez-vous que le diam\u00e8tre du trou de votre support correspond bien \u00e0 2,5 cm pour un ajustement parfait.<\/p>\n<p data-start=\"703\" data-end=\"828\">\ud83c\udf3f Polyvalents, ces c\u00f4nes sont id\u00e9als pour d\u00e9marrer vos semis et assurer un bon enracinement dans vos syst\u00e8mes hydroponiques.<\/p>\n","protected":false},"featured_media":10680,"template":"","meta":[],"product_brand":[],"product_cat":[31],"product_tag":[],"class_list":{"0":"post-10679","1":"product","2":"type-product","3":"status-publish","4":"has-post-thumbnail","6":"product_cat-milieu-de-croissance","8":"first","9":"instock","10":"taxable","11":"shipping-taxable","12":"purchasable","13":"product-type-variable"},"yoast_head":"<!-- This site is optimized with the Yoast SEO plugin v27.4 - https:\/\/yoast.com\/product\/yoast-seo-wordpress\/ -->\n<title>Eponge Cone - Le Mara\u00eecher Moderne<\/title>\n<meta name=\"robots\" content=\"index, follow, max-snippet:-1, max-image-preview:large, max-video-preview:-1\" \/>\n<link rel=\"canonical\" href=\"https:\/\/lemaraichermoderne.com\/en\/produit\/eponge-cone\/\" \/>\n<meta property=\"og:locale\" content=\"en_US\" \/>\n<meta property=\"og:type\" content=\"article\" \/>\n<meta property=\"og:title\" content=\"Eponge Cone - Le Mara\u00eecher Moderne\" \/>\n<meta property=\"og:description\" content=\"Ces c\u00f4nes de culture hydroponique sont con\u00e7us pour s\u2019adapter \u00e0 plusieurs syst\u00e8mes populaires. \ud83d\udccf Dimensions :\u2022 Hauteur : environ 7 cm\u2022 Diam\u00e8tre du trou central : environ 2,5 cm \ud83d\udc49 Ce format standard les rend compatibles avec plusieurs syst\u00e8mes, dont :\u2022 Syst\u00e8mes de comptoir style AeroGarden\u2022 Syst\u00e8mes hydroponiques maison (DIY)\u2022 Modules de germination avec inserts coniques \ud83d\udca1 Astuce :Avant l\u2019achat, assurez-vous que le diam\u00e8tre du trou de votre support correspond bien \u00e0 2,5 cm pour un ajustement parfait. \ud83c\udf3f Polyvalents, ces c\u00f4nes sont id\u00e9als pour d\u00e9marrer vos semis et assurer un bon enracinement dans vos syst\u00e8mes hydroponiques.\" \/>\n<meta property=\"og:url\" content=\"https:\/\/lemaraichermoderne.com\/en\/produit\/eponge-cone\/\" \/>\n<meta property=\"og:site_name\" content=\"Le Mara\u00eecher Moderne\" \/>\n<meta property=\"article:publisher\" content=\"https:\/\/www.facebook.com\/lemaraichermoderne\" \/>\n<meta property=\"article:modified_time\" content=\"2026-04-11T16:48:37+00:00\" \/>\n<meta property=\"og:image\" content=\"https:\/\/lemaraichermoderne.com\/wp-content\/uploads\/2026\/04\/31fa1232-95fe-4ba8-a795-81d6402711e3.png\" \/>\n\t<meta property=\"og:image:width\" content=\"1536\" \/>\n\t<meta property=\"og:image:height\" content=\"1024\" \/>\n\t<meta property=\"og:image:type\" content=\"image\/png\" \/>\n<meta name=\"twitter:card\" content=\"summary_large_image\" \/>\n<meta name=\"twitter:label1\" content=\"Est. reading time\" \/>\n\t<meta name=\"twitter:data1\" content=\"1 minute\" \/>\n<script type=\"application\/ld+json\" class=\"yoast-schema-graph\">{\"@context\":\"https:\\\/\\\/schema.org\",\"@graph\":[{\"@type\":\"WebPage\",\"@id\":\"https:\\\/\\\/lemaraichermoderne.com\\\/en\\\/produit\\\/eponge-cone\\\/\",\"url\":\"https:\\\/\\\/lemaraichermoderne.com\\\/en\\\/produit\\\/eponge-cone\\\/\",\"name\":\"Eponge Cone - Le Mara\u00eecher Moderne\",\"isPartOf\":{\"@id\":\"https:\\\/\\\/lemaraichermoderne.com\\\/en\\\/#website\"},\"primaryImageOfPage\":{\"@id\":\"https:\\\/\\\/lemaraichermoderne.com\\\/en\\\/produit\\\/eponge-cone\\\/#primaryimage\"},\"image\":{\"@id\":\"https:\\\/\\\/lemaraichermoderne.com\\\/en\\\/produit\\\/eponge-cone\\\/#primaryimage\"},\"thumbnailUrl\":\"https:\\\/\\\/lemaraichermoderne.com\\\/wp-content\\\/uploads\\\/2026\\\/04\\\/31fa1232-95fe-4ba8-a795-81d6402711e3.png\",\"datePublished\":\"2026-04-03T13:22:44+00:00\",\"dateModified\":\"2026-04-11T16:48:37+00:00\",\"breadcrumb\":{\"@id\":\"https:\\\/\\\/lemaraichermoderne.com\\\/en\\\/produit\\\/eponge-cone\\\/#breadcrumb\"},\"inLanguage\":\"en-US\",\"potentialAction\":[{\"@type\":\"ReadAction\",\"target\":[\"https:\\\/\\\/lemaraichermoderne.com\\\/en\\\/produit\\\/eponge-cone\\\/\"]}]},{\"@type\":\"ImageObject\",\"inLanguage\":\"en-US\",\"@id\":\"https:\\\/\\\/lemaraichermoderne.com\\\/en\\\/produit\\\/eponge-cone\\\/#primaryimage\",\"url\":\"https:\\\/\\\/lemaraichermoderne.com\\\/wp-content\\\/uploads\\\/2026\\\/04\\\/31fa1232-95fe-4ba8-a795-81d6402711e3.png\",\"contentUrl\":\"https:\\\/\\\/lemaraichermoderne.com\\\/wp-content\\\/uploads\\\/2026\\\/04\\\/31fa1232-95fe-4ba8-a795-81d6402711e3.png\",\"width\":1536,\"height\":1024},{\"@type\":\"BreadcrumbList\",\"@id\":\"https:\\\/\\\/lemaraichermoderne.com\\\/en\\\/produit\\\/eponge-cone\\\/#breadcrumb\",\"itemListElement\":[{\"@type\":\"ListItem\",\"position\":1,\"name\":\"Accueil\",\"item\":\"https:\\\/\\\/lemaraichermoderne.com\\\/en\\\/\"},{\"@type\":\"ListItem\",\"position\":2,\"name\":\"Boutique\",\"item\":\"https:\\\/\\\/lemaraichermoderne.com\\\/boutique\\\/\"},{\"@type\":\"ListItem\",\"position\":3,\"name\":\"Eponge Cone\"}]},{\"@type\":\"WebSite\",\"@id\":\"https:\\\/\\\/lemaraichermoderne.com\\\/en\\\/#website\",\"url\":\"https:\\\/\\\/lemaraichermoderne.com\\\/en\\\/\",\"name\":\"Le Mara\u00eecher Moderne\",\"description\":\"R\u00e9f\u00e9rence en hydroponie \u00e0 Qu\u00e9bec\",\"publisher\":{\"@id\":\"https:\\\/\\\/lemaraichermoderne.com\\\/en\\\/#organization\"},\"potentialAction\":[{\"@type\":\"SearchAction\",\"target\":{\"@type\":\"EntryPoint\",\"urlTemplate\":\"https:\\\/\\\/lemaraichermoderne.com\\\/en\\\/?s={search_term_string}\"},\"query-input\":{\"@type\":\"PropertyValueSpecification\",\"valueRequired\":true,\"valueName\":\"search_term_string\"}}],\"inLanguage\":\"en-US\"},{\"@type\":\"Organization\",\"@id\":\"https:\\\/\\\/lemaraichermoderne.com\\\/en\\\/#organization\",\"name\":\"Le Mara\u00eecher Moderne\",\"url\":\"https:\\\/\\\/lemaraichermoderne.com\\\/en\\\/\",\"logo\":{\"@type\":\"ImageObject\",\"inLanguage\":\"en-US\",\"@id\":\"https:\\\/\\\/lemaraichermoderne.com\\\/en\\\/#\\\/schema\\\/logo\\\/image\\\/\",\"url\":\"https:\\\/\\\/lemaraichermoderne.com\\\/wp-content\\\/uploads\\\/2023\\\/03\\\/logo_mm1.png\",\"contentUrl\":\"https:\\\/\\\/lemaraichermoderne.com\\\/wp-content\\\/uploads\\\/2023\\\/03\\\/logo_mm1.png\",\"width\":500,\"height\":222,\"caption\":\"Le Mara\u00eecher Moderne\"},\"image\":{\"@id\":\"https:\\\/\\\/lemaraichermoderne.com\\\/en\\\/#\\\/schema\\\/logo\\\/image\\\/\"},\"sameAs\":[\"https:\\\/\\\/www.facebook.com\\\/lemaraichermoderne\",\"https:\\\/\\\/www.instagram.com\\\/lemaraichermoderne\"]}]}<\/script>\n<!-- \/ Yoast SEO plugin. -->","yoast_head_json":{"title":"Eponge Cone - Le Mara\u00eecher Moderne","robots":{"index":"index","follow":"follow","max-snippet":"max-snippet:-1","max-image-preview":"max-image-preview:large","max-video-preview":"max-video-preview:-1"},"canonical":"https:\/\/lemaraichermoderne.com\/en\/produit\/eponge-cone\/","og_locale":"en_US","og_type":"article","og_title":"Eponge Cone - Le Mara\u00eecher Moderne","og_description":"Ces c\u00f4nes de culture hydroponique sont con\u00e7us pour s\u2019adapter \u00e0 plusieurs syst\u00e8mes populaires. \ud83d\udccf Dimensions :\u2022 Hauteur : environ 7 cm\u2022 Diam\u00e8tre du trou central : environ 2,5 cm \ud83d\udc49 Ce format standard les rend compatibles avec plusieurs syst\u00e8mes, dont :\u2022 Syst\u00e8mes de comptoir style AeroGarden\u2022 Syst\u00e8mes hydroponiques maison (DIY)\u2022 Modules de germination avec inserts coniques \ud83d\udca1 Astuce :Avant l\u2019achat, assurez-vous que le diam\u00e8tre du trou de votre support correspond bien \u00e0 2,5 cm pour un ajustement parfait. \ud83c\udf3f Polyvalents, ces c\u00f4nes sont id\u00e9als pour d\u00e9marrer vos semis et assurer un bon enracinement dans vos syst\u00e8mes hydroponiques.","og_url":"https:\/\/lemaraichermoderne.com\/en\/produit\/eponge-cone\/","og_site_name":"Le Mara\u00eecher Moderne","article_publisher":"https:\/\/www.facebook.com\/lemaraichermoderne","article_modified_time":"2026-04-11T16:48:37+00:00","og_image":[{"width":1536,"height":1024,"url":"https:\/\/lemaraichermoderne.com\/wp-content\/uploads\/2026\/04\/31fa1232-95fe-4ba8-a795-81d6402711e3.png","type":"image\/png"}],"twitter_card":"summary_large_image","twitter_misc":{"Est. reading time":"1 minute"},"schema":{"@context":"https:\/\/schema.org","@graph":[{"@type":"WebPage","@id":"https:\/\/lemaraichermoderne.com\/en\/produit\/eponge-cone\/","url":"https:\/\/lemaraichermoderne.com\/en\/produit\/eponge-cone\/","name":"Eponge Cone - Le Mara\u00eecher Moderne","isPartOf":{"@id":"https:\/\/lemaraichermoderne.com\/en\/#website"},"primaryImageOfPage":{"@id":"https:\/\/lemaraichermoderne.com\/en\/produit\/eponge-cone\/#primaryimage"},"image":{"@id":"https:\/\/lemaraichermoderne.com\/en\/produit\/eponge-cone\/#primaryimage"},"thumbnailUrl":"https:\/\/lemaraichermoderne.com\/wp-content\/uploads\/2026\/04\/31fa1232-95fe-4ba8-a795-81d6402711e3.png","datePublished":"2026-04-03T13:22:44+00:00","dateModified":"2026-04-11T16:48:37+00:00","breadcrumb":{"@id":"https:\/\/lemaraichermoderne.com\/en\/produit\/eponge-cone\/#breadcrumb"},"inLanguage":"en-US","potentialAction":[{"@type":"ReadAction","target":["https:\/\/lemaraichermoderne.com\/en\/produit\/eponge-cone\/"]}]},{"@type":"ImageObject","inLanguage":"en-US","@id":"https:\/\/lemaraichermoderne.com\/en\/produit\/eponge-cone\/#primaryimage","url":"https:\/\/lemaraichermoderne.com\/wp-content\/uploads\/2026\/04\/31fa1232-95fe-4ba8-a795-81d6402711e3.png","contentUrl":"https:\/\/lemaraichermoderne.com\/wp-content\/uploads\/2026\/04\/31fa1232-95fe-4ba8-a795-81d6402711e3.png","width":1536,"height":1024},{"@type":"BreadcrumbList","@id":"https:\/\/lemaraichermoderne.com\/en\/produit\/eponge-cone\/#breadcrumb","itemListElement":[{"@type":"ListItem","position":1,"name":"Accueil","item":"https:\/\/lemaraichermoderne.com\/en\/"},{"@type":"ListItem","position":2,"name":"Boutique","item":"https:\/\/lemaraichermoderne.com\/boutique\/"},{"@type":"ListItem","position":3,"name":"Eponge Cone"}]},{"@type":"WebSite","@id":"https:\/\/lemaraichermoderne.com\/en\/#website","url":"https:\/\/lemaraichermoderne.com\/en\/","name":"Le Mara\u00eecher Moderne","description":"R\u00e9f\u00e9rence en hydroponie \u00e0 Qu\u00e9bec","publisher":{"@id":"https:\/\/lemaraichermoderne.com\/en\/#organization"},"potentialAction":[{"@type":"SearchAction","target":{"@type":"EntryPoint","urlTemplate":"https:\/\/lemaraichermoderne.com\/en\/?s={search_term_string}"},"query-input":{"@type":"PropertyValueSpecification","valueRequired":true,"valueName":"search_term_string"}}],"inLanguage":"en-US"},{"@type":"Organization","@id":"https:\/\/lemaraichermoderne.com\/en\/#organization","name":"Le Mara\u00eecher Moderne","url":"https:\/\/lemaraichermoderne.com\/en\/","logo":{"@type":"ImageObject","inLanguage":"en-US","@id":"https:\/\/lemaraichermoderne.com\/en\/#\/schema\/logo\/image\/","url":"https:\/\/lemaraichermoderne.com\/wp-content\/uploads\/2023\/03\/logo_mm1.png","contentUrl":"https:\/\/lemaraichermoderne.com\/wp-content\/uploads\/2023\/03\/logo_mm1.png","width":500,"height":222,"caption":"Le Mara\u00eecher Moderne"},"image":{"@id":"https:\/\/lemaraichermoderne.com\/en\/#\/schema\/logo\/image\/"},"sameAs":["https:\/\/www.facebook.com\/lemaraichermoderne","https:\/\/www.instagram.com\/lemaraichermoderne"]}]}},"_links":{"self":[{"href":"https:\/\/lemaraichermoderne.com\/en\/wp-json\/wp\/v2\/product\/10679","targetHints":{"allow":["GET"]}}],"collection":[{"href":"https:\/\/lemaraichermoderne.com\/en\/wp-json\/wp\/v2\/product"}],"about":[{"href":"https:\/\/lemaraichermoderne.com\/en\/wp-json\/wp\/v2\/types\/product"}],"wp:featuredmedia":[{"embeddable":true,"href":"https:\/\/lemaraichermoderne.com\/en\/wp-json\/wp\/v2\/media\/10680"}],"wp:attachment":[{"href":"https:\/\/lemaraichermoderne.com\/en\/wp-json\/wp\/v2\/media?parent=10679"}],"wp:term":[{"taxonomy":"product_brand","embeddable":true,"href":"https:\/\/lemaraichermoderne.com\/en\/wp-json\/wp\/v2\/product_brand?post=10679"},{"taxonomy":"product_cat","embeddable":true,"href":"https:\/\/lemaraichermoderne.com\/en\/wp-json\/wp\/v2\/product_cat?post=10679"},{"taxonomy":"product_tag","embeddable":true,"href":"https:\/\/lemaraichermoderne.com\/en\/wp-json\/wp\/v2\/product_tag?post=10679"}],"curies":[{"name":"wp","href":"https:\/\/api.w.org\/{rel}","templated":true}]}}