{"id":10682,"date":"2026-04-03T12:44:31","date_gmt":"2026-04-03T16:44:31","guid":{"rendered":"https:\/\/lemaraichermoderne.com\/?post_type=product&#038;p=10682"},"modified":"2026-04-17T12:50:18","modified_gmt":"2026-04-17T16:50:18","slug":"novagrow-mini","status":"publish","type":"product","link":"https:\/\/lemaraichermoderne.com\/en\/produit\/novagrow-mini\/","title":{"rendered":"Novagrow Mini"},"content":{"rendered":"<p>Le Novagrow Mini permet de cultiver deux tapis de verdures et de fines herbes en m\u00eame temps. Vous pouvez y cultiver:<br \/>\n\u2013 Ou bien 2 vari\u00e9t\u00e9s sur 2 tapis;<br \/>\n\u2013 Ou bien s\u00e9parer vos tapis en 2 portions, et cultiver\u00a0<strong>4 vari\u00e9t\u00e9s<\/strong>\u00a0en m\u00eame temps!<\/p>\n<p>Les jardins Novagrow offrent la culture\u00a0<strong>la plus productive, et la plus nutritive<\/strong>, avec des r\u00e9coltes qui sont pr\u00eates en moyenne en\u00a0<strong>15 jours<\/strong>, et qui sont\u00a0<strong>18 fois plus concentr\u00e9es<\/strong>\u00a0en vitamines et antioxydants que les l\u00e9gumes matures.<\/p>\n<p>\u00c9tendez des semences biologiques sur les tapis naturels Novagrow, puis votre jardin s\u2019assure que vos verdures ont toujours assez d\u2019eau, de nutriments, de lumi\u00e8re et qu\u2019elles restent bien fra\u00eeches.<\/p>\n<p>Un\u00a0<strong>kit de d\u00e9part<\/strong>\u00a0compos\u00e9 d\u2019une bouteille de nutriments et de 7 tapis de pousses avec semences biologiques est inclus \u00e0 l\u2019achat de ce jardin:<\/p>\n<ul>\n<li>Bouteille de nutriments<\/li>\n<li>Tapis de basilic<\/li>\n<li>Tapis de persil<\/li>\n<li>Tapis de radis<\/li>\n<li>Tapis de brocoli<\/li>\n<li>Tapis de moutarde<\/li>\n<li>Tapis de pois<\/li>\n<li>Tapis de sarrasin<\/li>\n<li>Guide de l\u2019utilisateur d\u00e9taill\u00e9<\/li>\n<\/ul>\n<p>Le jardin Novagrow assure un taux de germination d\u2019au moins 80% sinon un remplacement de tapis et de semences est possible. Voir notre\u00a0<a href=\"https:\/\/novagrow.io\/politique-de-remboursement-et-garanties\/\" target=\"_blank\" rel=\"noopener\">Politique de remboursement et Garantie<\/a>\u00a0pour tous les d\u00e9tails.<\/p>\n","protected":false},"excerpt":{"rendered":"<p>Le Novagrow Mini permet de cultiver deux tapis de verdures et de fines herbes en m\u00eame temps. Vous pouvez y cultiver: \u2013 Ou bien 2 vari\u00e9t\u00e9s sur 2 tapis; \u2013 Ou bien s\u00e9parer vos tapis en 2 portions, et cultiver\u00a04 vari\u00e9t\u00e9s\u00a0en m\u00eame temps! Les jardins Novagrow offrent la culture\u00a0la plus productive, et la plus nutritive, [&hellip;]<\/p>\n","protected":false},"featured_media":10683,"template":"","meta":[],"product_brand":[],"product_cat":[36,29],"product_tag":[],"class_list":{"0":"post-10682","1":"product","2":"type-product","3":"status-publish","4":"has-post-thumbnail","6":"product_cat-germina","7":"product_cat-systeme-hydroponique-hydroponique-2","9":"first","10":"instock","11":"taxable","12":"shipping-taxable","13":"purchasable","14":"product-type-simple"},"yoast_head":"<!-- This site is optimized with the Yoast SEO plugin v27.4 - https:\/\/yoast.com\/product\/yoast-seo-wordpress\/ -->\n<title>Novagrow Mini - Le Mara\u00eecher Moderne<\/title>\n<meta name=\"robots\" content=\"index, follow, max-snippet:-1, max-image-preview:large, max-video-preview:-1\" \/>\n<link rel=\"canonical\" href=\"https:\/\/lemaraichermoderne.com\/en\/produit\/novagrow-mini\/\" \/>\n<meta property=\"og:locale\" content=\"en_US\" \/>\n<meta property=\"og:type\" content=\"article\" \/>\n<meta property=\"og:title\" content=\"Novagrow Mini - Le Mara\u00eecher Moderne\" \/>\n<meta property=\"og:description\" content=\"Le Novagrow Mini permet de cultiver deux tapis de verdures et de fines herbes en m\u00eame temps. Vous pouvez y cultiver: \u2013 Ou bien 2 vari\u00e9t\u00e9s sur 2 tapis; \u2013 Ou bien s\u00e9parer vos tapis en 2 portions, et cultiver\u00a04 vari\u00e9t\u00e9s\u00a0en m\u00eame temps! Les jardins Novagrow offrent la culture\u00a0la plus productive, et la plus nutritive, [&hellip;]\" \/>\n<meta property=\"og:url\" content=\"https:\/\/lemaraichermoderne.com\/en\/produit\/novagrow-mini\/\" \/>\n<meta property=\"og:site_name\" content=\"Le Mara\u00eecher Moderne\" \/>\n<meta property=\"article:publisher\" content=\"https:\/\/www.facebook.com\/lemaraichermoderne\" \/>\n<meta property=\"article:modified_time\" content=\"2026-04-17T16:50:18+00:00\" \/>\n<meta property=\"og:image\" content=\"https:\/\/lemaraichermoderne.com\/wp-content\/uploads\/2026\/04\/Mini.png\" \/>\n\t<meta property=\"og:image:width\" content=\"500\" \/>\n\t<meta property=\"og:image:height\" content=\"485\" \/>\n\t<meta property=\"og:image:type\" content=\"image\/png\" \/>\n<meta name=\"twitter:card\" content=\"summary_large_image\" \/>\n<meta name=\"twitter:label1\" content=\"Est. reading time\" \/>\n\t<meta name=\"twitter:data1\" content=\"2 minutes\" \/>\n<script type=\"application\/ld+json\" class=\"yoast-schema-graph\">{\"@context\":\"https:\\\/\\\/schema.org\",\"@graph\":[{\"@type\":\"WebPage\",\"@id\":\"https:\\\/\\\/lemaraichermoderne.com\\\/en\\\/produit\\\/novagrow-mini\\\/\",\"url\":\"https:\\\/\\\/lemaraichermoderne.com\\\/en\\\/produit\\\/novagrow-mini\\\/\",\"name\":\"Novagrow Mini - Le Mara\u00eecher Moderne\",\"isPartOf\":{\"@id\":\"https:\\\/\\\/lemaraichermoderne.com\\\/en\\\/#website\"},\"primaryImageOfPage\":{\"@id\":\"https:\\\/\\\/lemaraichermoderne.com\\\/en\\\/produit\\\/novagrow-mini\\\/#primaryimage\"},\"image\":{\"@id\":\"https:\\\/\\\/lemaraichermoderne.com\\\/en\\\/produit\\\/novagrow-mini\\\/#primaryimage\"},\"thumbnailUrl\":\"https:\\\/\\\/lemaraichermoderne.com\\\/wp-content\\\/uploads\\\/2026\\\/04\\\/Mini.png\",\"datePublished\":\"2026-04-03T16:44:31+00:00\",\"dateModified\":\"2026-04-17T16:50:18+00:00\",\"breadcrumb\":{\"@id\":\"https:\\\/\\\/lemaraichermoderne.com\\\/en\\\/produit\\\/novagrow-mini\\\/#breadcrumb\"},\"inLanguage\":\"en-US\",\"potentialAction\":[{\"@type\":\"ReadAction\",\"target\":[\"https:\\\/\\\/lemaraichermoderne.com\\\/en\\\/produit\\\/novagrow-mini\\\/\"]}]},{\"@type\":\"ImageObject\",\"inLanguage\":\"en-US\",\"@id\":\"https:\\\/\\\/lemaraichermoderne.com\\\/en\\\/produit\\\/novagrow-mini\\\/#primaryimage\",\"url\":\"https:\\\/\\\/lemaraichermoderne.com\\\/wp-content\\\/uploads\\\/2026\\\/04\\\/Mini.png\",\"contentUrl\":\"https:\\\/\\\/lemaraichermoderne.com\\\/wp-content\\\/uploads\\\/2026\\\/04\\\/Mini.png\",\"width\":500,\"height\":485},{\"@type\":\"BreadcrumbList\",\"@id\":\"https:\\\/\\\/lemaraichermoderne.com\\\/en\\\/produit\\\/novagrow-mini\\\/#breadcrumb\",\"itemListElement\":[{\"@type\":\"ListItem\",\"position\":1,\"name\":\"Accueil\",\"item\":\"https:\\\/\\\/lemaraichermoderne.com\\\/en\\\/\"},{\"@type\":\"ListItem\",\"position\":2,\"name\":\"Boutique\",\"item\":\"https:\\\/\\\/lemaraichermoderne.com\\\/boutique\\\/\"},{\"@type\":\"ListItem\",\"position\":3,\"name\":\"Novagrow Mini\"}]},{\"@type\":\"WebSite\",\"@id\":\"https:\\\/\\\/lemaraichermoderne.com\\\/en\\\/#website\",\"url\":\"https:\\\/\\\/lemaraichermoderne.com\\\/en\\\/\",\"name\":\"Le Mara\u00eecher Moderne\",\"description\":\"R\u00e9f\u00e9rence en hydroponie \u00e0 Qu\u00e9bec\",\"publisher\":{\"@id\":\"https:\\\/\\\/lemaraichermoderne.com\\\/en\\\/#organization\"},\"potentialAction\":[{\"@type\":\"SearchAction\",\"target\":{\"@type\":\"EntryPoint\",\"urlTemplate\":\"https:\\\/\\\/lemaraichermoderne.com\\\/en\\\/?s={search_term_string}\"},\"query-input\":{\"@type\":\"PropertyValueSpecification\",\"valueRequired\":true,\"valueName\":\"search_term_string\"}}],\"inLanguage\":\"en-US\"},{\"@type\":\"Organization\",\"@id\":\"https:\\\/\\\/lemaraichermoderne.com\\\/en\\\/#organization\",\"name\":\"Le Mara\u00eecher Moderne\",\"url\":\"https:\\\/\\\/lemaraichermoderne.com\\\/en\\\/\",\"logo\":{\"@type\":\"ImageObject\",\"inLanguage\":\"en-US\",\"@id\":\"https:\\\/\\\/lemaraichermoderne.com\\\/en\\\/#\\\/schema\\\/logo\\\/image\\\/\",\"url\":\"https:\\\/\\\/lemaraichermoderne.com\\\/wp-content\\\/uploads\\\/2023\\\/03\\\/logo_mm1.png\",\"contentUrl\":\"https:\\\/\\\/lemaraichermoderne.com\\\/wp-content\\\/uploads\\\/2023\\\/03\\\/logo_mm1.png\",\"width\":500,\"height\":222,\"caption\":\"Le Mara\u00eecher Moderne\"},\"image\":{\"@id\":\"https:\\\/\\\/lemaraichermoderne.com\\\/en\\\/#\\\/schema\\\/logo\\\/image\\\/\"},\"sameAs\":[\"https:\\\/\\\/www.facebook.com\\\/lemaraichermoderne\",\"https:\\\/\\\/www.instagram.com\\\/lemaraichermoderne\"]}]}<\/script>\n<!-- \/ Yoast SEO plugin. -->","yoast_head_json":{"title":"Novagrow Mini - Le Mara\u00eecher Moderne","robots":{"index":"index","follow":"follow","max-snippet":"max-snippet:-1","max-image-preview":"max-image-preview:large","max-video-preview":"max-video-preview:-1"},"canonical":"https:\/\/lemaraichermoderne.com\/en\/produit\/novagrow-mini\/","og_locale":"en_US","og_type":"article","og_title":"Novagrow Mini - Le Mara\u00eecher Moderne","og_description":"Le Novagrow Mini permet de cultiver deux tapis de verdures et de fines herbes en m\u00eame temps. Vous pouvez y cultiver: \u2013 Ou bien 2 vari\u00e9t\u00e9s sur 2 tapis; \u2013 Ou bien s\u00e9parer vos tapis en 2 portions, et cultiver\u00a04 vari\u00e9t\u00e9s\u00a0en m\u00eame temps! Les jardins Novagrow offrent la culture\u00a0la plus productive, et la plus nutritive, [&hellip;]","og_url":"https:\/\/lemaraichermoderne.com\/en\/produit\/novagrow-mini\/","og_site_name":"Le Mara\u00eecher Moderne","article_publisher":"https:\/\/www.facebook.com\/lemaraichermoderne","article_modified_time":"2026-04-17T16:50:18+00:00","og_image":[{"width":500,"height":485,"url":"https:\/\/lemaraichermoderne.com\/wp-content\/uploads\/2026\/04\/Mini.png","type":"image\/png"}],"twitter_card":"summary_large_image","twitter_misc":{"Est. reading time":"2 minutes"},"schema":{"@context":"https:\/\/schema.org","@graph":[{"@type":"WebPage","@id":"https:\/\/lemaraichermoderne.com\/en\/produit\/novagrow-mini\/","url":"https:\/\/lemaraichermoderne.com\/en\/produit\/novagrow-mini\/","name":"Novagrow Mini - Le Mara\u00eecher Moderne","isPartOf":{"@id":"https:\/\/lemaraichermoderne.com\/en\/#website"},"primaryImageOfPage":{"@id":"https:\/\/lemaraichermoderne.com\/en\/produit\/novagrow-mini\/#primaryimage"},"image":{"@id":"https:\/\/lemaraichermoderne.com\/en\/produit\/novagrow-mini\/#primaryimage"},"thumbnailUrl":"https:\/\/lemaraichermoderne.com\/wp-content\/uploads\/2026\/04\/Mini.png","datePublished":"2026-04-03T16:44:31+00:00","dateModified":"2026-04-17T16:50:18+00:00","breadcrumb":{"@id":"https:\/\/lemaraichermoderne.com\/en\/produit\/novagrow-mini\/#breadcrumb"},"inLanguage":"en-US","potentialAction":[{"@type":"ReadAction","target":["https:\/\/lemaraichermoderne.com\/en\/produit\/novagrow-mini\/"]}]},{"@type":"ImageObject","inLanguage":"en-US","@id":"https:\/\/lemaraichermoderne.com\/en\/produit\/novagrow-mini\/#primaryimage","url":"https:\/\/lemaraichermoderne.com\/wp-content\/uploads\/2026\/04\/Mini.png","contentUrl":"https:\/\/lemaraichermoderne.com\/wp-content\/uploads\/2026\/04\/Mini.png","width":500,"height":485},{"@type":"BreadcrumbList","@id":"https:\/\/lemaraichermoderne.com\/en\/produit\/novagrow-mini\/#breadcrumb","itemListElement":[{"@type":"ListItem","position":1,"name":"Accueil","item":"https:\/\/lemaraichermoderne.com\/en\/"},{"@type":"ListItem","position":2,"name":"Boutique","item":"https:\/\/lemaraichermoderne.com\/boutique\/"},{"@type":"ListItem","position":3,"name":"Novagrow Mini"}]},{"@type":"WebSite","@id":"https:\/\/lemaraichermoderne.com\/en\/#website","url":"https:\/\/lemaraichermoderne.com\/en\/","name":"Le Mara\u00eecher Moderne","description":"R\u00e9f\u00e9rence en hydroponie \u00e0 Qu\u00e9bec","publisher":{"@id":"https:\/\/lemaraichermoderne.com\/en\/#organization"},"potentialAction":[{"@type":"SearchAction","target":{"@type":"EntryPoint","urlTemplate":"https:\/\/lemaraichermoderne.com\/en\/?s={search_term_string}"},"query-input":{"@type":"PropertyValueSpecification","valueRequired":true,"valueName":"search_term_string"}}],"inLanguage":"en-US"},{"@type":"Organization","@id":"https:\/\/lemaraichermoderne.com\/en\/#organization","name":"Le Mara\u00eecher Moderne","url":"https:\/\/lemaraichermoderne.com\/en\/","logo":{"@type":"ImageObject","inLanguage":"en-US","@id":"https:\/\/lemaraichermoderne.com\/en\/#\/schema\/logo\/image\/","url":"https:\/\/lemaraichermoderne.com\/wp-content\/uploads\/2023\/03\/logo_mm1.png","contentUrl":"https:\/\/lemaraichermoderne.com\/wp-content\/uploads\/2023\/03\/logo_mm1.png","width":500,"height":222,"caption":"Le Mara\u00eecher Moderne"},"image":{"@id":"https:\/\/lemaraichermoderne.com\/en\/#\/schema\/logo\/image\/"},"sameAs":["https:\/\/www.facebook.com\/lemaraichermoderne","https:\/\/www.instagram.com\/lemaraichermoderne"]}]}},"_links":{"self":[{"href":"https:\/\/lemaraichermoderne.com\/en\/wp-json\/wp\/v2\/product\/10682","targetHints":{"allow":["GET"]}}],"collection":[{"href":"https:\/\/lemaraichermoderne.com\/en\/wp-json\/wp\/v2\/product"}],"about":[{"href":"https:\/\/lemaraichermoderne.com\/en\/wp-json\/wp\/v2\/types\/product"}],"wp:featuredmedia":[{"embeddable":true,"href":"https:\/\/lemaraichermoderne.com\/en\/wp-json\/wp\/v2\/media\/10683"}],"wp:attachment":[{"href":"https:\/\/lemaraichermoderne.com\/en\/wp-json\/wp\/v2\/media?parent=10682"}],"wp:term":[{"taxonomy":"product_brand","embeddable":true,"href":"https:\/\/lemaraichermoderne.com\/en\/wp-json\/wp\/v2\/product_brand?post=10682"},{"taxonomy":"product_cat","embeddable":true,"href":"https:\/\/lemaraichermoderne.com\/en\/wp-json\/wp\/v2\/product_cat?post=10682"},{"taxonomy":"product_tag","embeddable":true,"href":"https:\/\/lemaraichermoderne.com\/en\/wp-json\/wp\/v2\/product_tag?post=10682"}],"curies":[{"name":"wp","href":"https:\/\/api.w.org\/{rel}","templated":true}]}}