{"id":10771,"date":"2026-04-16T11:09:05","date_gmt":"2026-04-16T15:09:05","guid":{"rendered":"https:\/\/lemaraichermoderne.com\/?post_type=product&#038;p=10771"},"modified":"2026-04-16T11:09:41","modified_gmt":"2026-04-16T15:09:41","slug":"hanna-hi-7061l-solution-nettoyage-500-ml","status":"publish","type":"product","link":"https:\/\/lemaraichermoderne.com\/en\/produit\/hanna-hi-7061l-solution-nettoyage-500-ml\/","title":{"rendered":"HANNA HI 7061L SOLUTION NETTOYAGE 500 ML"},"content":{"rendered":"<p>HI7061L est une solution de nettoyage \u00e0 usage g\u00e9n\u00e9ral qui peut \u00eatre utilis\u00e9e dans diverses applications.<\/p>\n<p>L&#8217;utilisation des \u00e9lectrodes peut devenir sale et produire des r\u00e9sultats inexacts m\u00eame si elles se lisent correctement dans un tampon PH.<br \/>\nLes solutions de nettoyage de Hanna \u00e9liminent les impuret\u00e9s et les r\u00e9sidus laiss\u00e9s sur les surfaces des \u00e9lectrodes lorsqu\u2019ils sont immerg\u00e9s dans les \u00e9chantillons lors de la mesure ou lorsqu\u2019ils sont stock\u00e9s de mani\u00e8re incorrecte.<br \/>\nHanna sugg\u00e8re de nettoyer r\u00e9guli\u00e8rement l&#8217;ampoule et la jonction de votre \u00e9lectrode afin de vous assurer que la sonde est toujours propre et d&#8217;\u00e9viter tout encrassement de la jonction.<br \/>\nLe nettoyage est une routine rapide et efficace qui doit \u00eatre effectu\u00e9e r\u00e9guli\u00e8rement \u00e0 titre de mesure pr\u00e9ventive contre l\u2019utilisation d\u2019une \u00e9lectrode encrass\u00e9e et pour \u00e9viter que la jonction ne soit bouch\u00e9e. En plongeant simplement l&#8217;\u00e9lectrode dans la solution de nettoyage HI7061L pendant 15 \u00e0 20 minutes, vous pourrez dissoudre les d\u00e9p\u00f4ts min\u00e9raux ou autres rev\u00eatements.<\/p>\n","protected":false},"excerpt":{"rendered":"<p>HI7061L est une solution de nettoyage \u00e0 usage g\u00e9n\u00e9ral qui peut \u00eatre utilis\u00e9e dans diverses applications. L&#8217;utilisation des \u00e9lectrodes peut devenir sale et produire des r\u00e9sultats inexacts m\u00eame si elles se lisent correctement dans un tampon PH. Les solutions de nettoyage de Hanna \u00e9liminent les impuret\u00e9s et les r\u00e9sidus laiss\u00e9s sur les surfaces des \u00e9lectrodes [&hellip;]<\/p>\n","protected":false},"featured_media":8381,"template":"","meta":[],"product_brand":[],"product_cat":[32],"product_tag":[],"class_list":{"0":"post-10771","1":"product","2":"type-product","3":"status-publish","4":"has-post-thumbnail","6":"product_cat-controle-de-leau","8":"first","9":"instock","10":"taxable","11":"shipping-taxable","12":"purchasable","13":"product-type-simple"},"yoast_head":"<!-- This site is optimized with the Yoast SEO plugin v27.4 - https:\/\/yoast.com\/product\/yoast-seo-wordpress\/ -->\n<title>HANNA HI 7061L SOLUTION NETTOYAGE 500 ML - Le Mara\u00eecher Moderne<\/title>\n<meta name=\"robots\" content=\"index, follow, max-snippet:-1, max-image-preview:large, max-video-preview:-1\" \/>\n<link rel=\"canonical\" href=\"https:\/\/lemaraichermoderne.com\/en\/produit\/hanna-hi-7061l-solution-nettoyage-500-ml\/\" \/>\n<meta property=\"og:locale\" content=\"en_US\" \/>\n<meta property=\"og:type\" content=\"article\" \/>\n<meta property=\"og:title\" content=\"HANNA HI 7061L SOLUTION NETTOYAGE 500 ML - Le Mara\u00eecher Moderne\" \/>\n<meta property=\"og:description\" content=\"HI7061L est une solution de nettoyage \u00e0 usage g\u00e9n\u00e9ral qui peut \u00eatre utilis\u00e9e dans diverses applications. L&#8217;utilisation des \u00e9lectrodes peut devenir sale et produire des r\u00e9sultats inexacts m\u00eame si elles se lisent correctement dans un tampon PH. Les solutions de nettoyage de Hanna \u00e9liminent les impuret\u00e9s et les r\u00e9sidus laiss\u00e9s sur les surfaces des \u00e9lectrodes [&hellip;]\" \/>\n<meta property=\"og:url\" content=\"https:\/\/lemaraichermoderne.com\/en\/produit\/hanna-hi-7061l-solution-nettoyage-500-ml\/\" \/>\n<meta property=\"og:site_name\" content=\"Le Mara\u00eecher Moderne\" \/>\n<meta property=\"article:publisher\" content=\"https:\/\/www.facebook.com\/lemaraichermoderne\" \/>\n<meta property=\"article:modified_time\" content=\"2026-04-16T15:09:41+00:00\" \/>\n<meta property=\"og:image\" content=\"https:\/\/lemaraichermoderne.com\/wp-content\/uploads\/2025\/05\/70199_1-Z.jpg\" \/>\n\t<meta property=\"og:image:width\" content=\"900\" \/>\n\t<meta property=\"og:image:height\" content=\"900\" \/>\n\t<meta property=\"og:image:type\" content=\"image\/jpeg\" \/>\n<meta name=\"twitter:card\" content=\"summary_large_image\" \/>\n<meta name=\"twitter:label1\" content=\"Est. reading time\" \/>\n\t<meta name=\"twitter:data1\" content=\"2 minutes\" \/>\n<script type=\"application\/ld+json\" class=\"yoast-schema-graph\">{\"@context\":\"https:\\\/\\\/schema.org\",\"@graph\":[{\"@type\":\"WebPage\",\"@id\":\"https:\\\/\\\/lemaraichermoderne.com\\\/en\\\/produit\\\/hanna-hi-7061l-solution-nettoyage-500-ml\\\/\",\"url\":\"https:\\\/\\\/lemaraichermoderne.com\\\/en\\\/produit\\\/hanna-hi-7061l-solution-nettoyage-500-ml\\\/\",\"name\":\"HANNA HI 7061L SOLUTION NETTOYAGE 500 ML - Le Mara\u00eecher Moderne\",\"isPartOf\":{\"@id\":\"https:\\\/\\\/lemaraichermoderne.com\\\/en\\\/#website\"},\"primaryImageOfPage\":{\"@id\":\"https:\\\/\\\/lemaraichermoderne.com\\\/en\\\/produit\\\/hanna-hi-7061l-solution-nettoyage-500-ml\\\/#primaryimage\"},\"image\":{\"@id\":\"https:\\\/\\\/lemaraichermoderne.com\\\/en\\\/produit\\\/hanna-hi-7061l-solution-nettoyage-500-ml\\\/#primaryimage\"},\"thumbnailUrl\":\"https:\\\/\\\/lemaraichermoderne.com\\\/wp-content\\\/uploads\\\/2025\\\/05\\\/70199_1-Z.jpg\",\"datePublished\":\"2026-04-16T15:09:05+00:00\",\"dateModified\":\"2026-04-16T15:09:41+00:00\",\"breadcrumb\":{\"@id\":\"https:\\\/\\\/lemaraichermoderne.com\\\/en\\\/produit\\\/hanna-hi-7061l-solution-nettoyage-500-ml\\\/#breadcrumb\"},\"inLanguage\":\"en-US\",\"potentialAction\":[{\"@type\":\"ReadAction\",\"target\":[\"https:\\\/\\\/lemaraichermoderne.com\\\/en\\\/produit\\\/hanna-hi-7061l-solution-nettoyage-500-ml\\\/\"]}]},{\"@type\":\"ImageObject\",\"inLanguage\":\"en-US\",\"@id\":\"https:\\\/\\\/lemaraichermoderne.com\\\/en\\\/produit\\\/hanna-hi-7061l-solution-nettoyage-500-ml\\\/#primaryimage\",\"url\":\"https:\\\/\\\/lemaraichermoderne.com\\\/wp-content\\\/uploads\\\/2025\\\/05\\\/70199_1-Z.jpg\",\"contentUrl\":\"https:\\\/\\\/lemaraichermoderne.com\\\/wp-content\\\/uploads\\\/2025\\\/05\\\/70199_1-Z.jpg\",\"width\":900,\"height\":900},{\"@type\":\"BreadcrumbList\",\"@id\":\"https:\\\/\\\/lemaraichermoderne.com\\\/en\\\/produit\\\/hanna-hi-7061l-solution-nettoyage-500-ml\\\/#breadcrumb\",\"itemListElement\":[{\"@type\":\"ListItem\",\"position\":1,\"name\":\"Accueil\",\"item\":\"https:\\\/\\\/lemaraichermoderne.com\\\/en\\\/\"},{\"@type\":\"ListItem\",\"position\":2,\"name\":\"Boutique\",\"item\":\"https:\\\/\\\/lemaraichermoderne.com\\\/boutique\\\/\"},{\"@type\":\"ListItem\",\"position\":3,\"name\":\"HANNA HI 7061L SOLUTION NETTOYAGE 500 ML\"}]},{\"@type\":\"WebSite\",\"@id\":\"https:\\\/\\\/lemaraichermoderne.com\\\/en\\\/#website\",\"url\":\"https:\\\/\\\/lemaraichermoderne.com\\\/en\\\/\",\"name\":\"Le Mara\u00eecher Moderne\",\"description\":\"R\u00e9f\u00e9rence en hydroponie \u00e0 Qu\u00e9bec\",\"publisher\":{\"@id\":\"https:\\\/\\\/lemaraichermoderne.com\\\/en\\\/#organization\"},\"potentialAction\":[{\"@type\":\"SearchAction\",\"target\":{\"@type\":\"EntryPoint\",\"urlTemplate\":\"https:\\\/\\\/lemaraichermoderne.com\\\/en\\\/?s={search_term_string}\"},\"query-input\":{\"@type\":\"PropertyValueSpecification\",\"valueRequired\":true,\"valueName\":\"search_term_string\"}}],\"inLanguage\":\"en-US\"},{\"@type\":\"Organization\",\"@id\":\"https:\\\/\\\/lemaraichermoderne.com\\\/en\\\/#organization\",\"name\":\"Le Mara\u00eecher Moderne\",\"url\":\"https:\\\/\\\/lemaraichermoderne.com\\\/en\\\/\",\"logo\":{\"@type\":\"ImageObject\",\"inLanguage\":\"en-US\",\"@id\":\"https:\\\/\\\/lemaraichermoderne.com\\\/en\\\/#\\\/schema\\\/logo\\\/image\\\/\",\"url\":\"https:\\\/\\\/lemaraichermoderne.com\\\/wp-content\\\/uploads\\\/2023\\\/03\\\/logo_mm1.png\",\"contentUrl\":\"https:\\\/\\\/lemaraichermoderne.com\\\/wp-content\\\/uploads\\\/2023\\\/03\\\/logo_mm1.png\",\"width\":500,\"height\":222,\"caption\":\"Le Mara\u00eecher Moderne\"},\"image\":{\"@id\":\"https:\\\/\\\/lemaraichermoderne.com\\\/en\\\/#\\\/schema\\\/logo\\\/image\\\/\"},\"sameAs\":[\"https:\\\/\\\/www.facebook.com\\\/lemaraichermoderne\",\"https:\\\/\\\/www.instagram.com\\\/lemaraichermoderne\"]}]}<\/script>\n<!-- \/ Yoast SEO plugin. -->","yoast_head_json":{"title":"HANNA HI 7061L SOLUTION NETTOYAGE 500 ML - Le Mara\u00eecher Moderne","robots":{"index":"index","follow":"follow","max-snippet":"max-snippet:-1","max-image-preview":"max-image-preview:large","max-video-preview":"max-video-preview:-1"},"canonical":"https:\/\/lemaraichermoderne.com\/en\/produit\/hanna-hi-7061l-solution-nettoyage-500-ml\/","og_locale":"en_US","og_type":"article","og_title":"HANNA HI 7061L SOLUTION NETTOYAGE 500 ML - Le Mara\u00eecher Moderne","og_description":"HI7061L est une solution de nettoyage \u00e0 usage g\u00e9n\u00e9ral qui peut \u00eatre utilis\u00e9e dans diverses applications. L&#8217;utilisation des \u00e9lectrodes peut devenir sale et produire des r\u00e9sultats inexacts m\u00eame si elles se lisent correctement dans un tampon PH. Les solutions de nettoyage de Hanna \u00e9liminent les impuret\u00e9s et les r\u00e9sidus laiss\u00e9s sur les surfaces des \u00e9lectrodes [&hellip;]","og_url":"https:\/\/lemaraichermoderne.com\/en\/produit\/hanna-hi-7061l-solution-nettoyage-500-ml\/","og_site_name":"Le Mara\u00eecher Moderne","article_publisher":"https:\/\/www.facebook.com\/lemaraichermoderne","article_modified_time":"2026-04-16T15:09:41+00:00","og_image":[{"width":900,"height":900,"url":"https:\/\/lemaraichermoderne.com\/wp-content\/uploads\/2025\/05\/70199_1-Z.jpg","type":"image\/jpeg"}],"twitter_card":"summary_large_image","twitter_misc":{"Est. reading time":"2 minutes"},"schema":{"@context":"https:\/\/schema.org","@graph":[{"@type":"WebPage","@id":"https:\/\/lemaraichermoderne.com\/en\/produit\/hanna-hi-7061l-solution-nettoyage-500-ml\/","url":"https:\/\/lemaraichermoderne.com\/en\/produit\/hanna-hi-7061l-solution-nettoyage-500-ml\/","name":"HANNA HI 7061L SOLUTION NETTOYAGE 500 ML - Le Mara\u00eecher Moderne","isPartOf":{"@id":"https:\/\/lemaraichermoderne.com\/en\/#website"},"primaryImageOfPage":{"@id":"https:\/\/lemaraichermoderne.com\/en\/produit\/hanna-hi-7061l-solution-nettoyage-500-ml\/#primaryimage"},"image":{"@id":"https:\/\/lemaraichermoderne.com\/en\/produit\/hanna-hi-7061l-solution-nettoyage-500-ml\/#primaryimage"},"thumbnailUrl":"https:\/\/lemaraichermoderne.com\/wp-content\/uploads\/2025\/05\/70199_1-Z.jpg","datePublished":"2026-04-16T15:09:05+00:00","dateModified":"2026-04-16T15:09:41+00:00","breadcrumb":{"@id":"https:\/\/lemaraichermoderne.com\/en\/produit\/hanna-hi-7061l-solution-nettoyage-500-ml\/#breadcrumb"},"inLanguage":"en-US","potentialAction":[{"@type":"ReadAction","target":["https:\/\/lemaraichermoderne.com\/en\/produit\/hanna-hi-7061l-solution-nettoyage-500-ml\/"]}]},{"@type":"ImageObject","inLanguage":"en-US","@id":"https:\/\/lemaraichermoderne.com\/en\/produit\/hanna-hi-7061l-solution-nettoyage-500-ml\/#primaryimage","url":"https:\/\/lemaraichermoderne.com\/wp-content\/uploads\/2025\/05\/70199_1-Z.jpg","contentUrl":"https:\/\/lemaraichermoderne.com\/wp-content\/uploads\/2025\/05\/70199_1-Z.jpg","width":900,"height":900},{"@type":"BreadcrumbList","@id":"https:\/\/lemaraichermoderne.com\/en\/produit\/hanna-hi-7061l-solution-nettoyage-500-ml\/#breadcrumb","itemListElement":[{"@type":"ListItem","position":1,"name":"Accueil","item":"https:\/\/lemaraichermoderne.com\/en\/"},{"@type":"ListItem","position":2,"name":"Boutique","item":"https:\/\/lemaraichermoderne.com\/boutique\/"},{"@type":"ListItem","position":3,"name":"HANNA HI 7061L SOLUTION NETTOYAGE 500 ML"}]},{"@type":"WebSite","@id":"https:\/\/lemaraichermoderne.com\/en\/#website","url":"https:\/\/lemaraichermoderne.com\/en\/","name":"Le Mara\u00eecher Moderne","description":"R\u00e9f\u00e9rence en hydroponie \u00e0 Qu\u00e9bec","publisher":{"@id":"https:\/\/lemaraichermoderne.com\/en\/#organization"},"potentialAction":[{"@type":"SearchAction","target":{"@type":"EntryPoint","urlTemplate":"https:\/\/lemaraichermoderne.com\/en\/?s={search_term_string}"},"query-input":{"@type":"PropertyValueSpecification","valueRequired":true,"valueName":"search_term_string"}}],"inLanguage":"en-US"},{"@type":"Organization","@id":"https:\/\/lemaraichermoderne.com\/en\/#organization","name":"Le Mara\u00eecher Moderne","url":"https:\/\/lemaraichermoderne.com\/en\/","logo":{"@type":"ImageObject","inLanguage":"en-US","@id":"https:\/\/lemaraichermoderne.com\/en\/#\/schema\/logo\/image\/","url":"https:\/\/lemaraichermoderne.com\/wp-content\/uploads\/2023\/03\/logo_mm1.png","contentUrl":"https:\/\/lemaraichermoderne.com\/wp-content\/uploads\/2023\/03\/logo_mm1.png","width":500,"height":222,"caption":"Le Mara\u00eecher Moderne"},"image":{"@id":"https:\/\/lemaraichermoderne.com\/en\/#\/schema\/logo\/image\/"},"sameAs":["https:\/\/www.facebook.com\/lemaraichermoderne","https:\/\/www.instagram.com\/lemaraichermoderne"]}]}},"_links":{"self":[{"href":"https:\/\/lemaraichermoderne.com\/en\/wp-json\/wp\/v2\/product\/10771","targetHints":{"allow":["GET"]}}],"collection":[{"href":"https:\/\/lemaraichermoderne.com\/en\/wp-json\/wp\/v2\/product"}],"about":[{"href":"https:\/\/lemaraichermoderne.com\/en\/wp-json\/wp\/v2\/types\/product"}],"wp:featuredmedia":[{"embeddable":true,"href":"https:\/\/lemaraichermoderne.com\/en\/wp-json\/wp\/v2\/media\/8381"}],"wp:attachment":[{"href":"https:\/\/lemaraichermoderne.com\/en\/wp-json\/wp\/v2\/media?parent=10771"}],"wp:term":[{"taxonomy":"product_brand","embeddable":true,"href":"https:\/\/lemaraichermoderne.com\/en\/wp-json\/wp\/v2\/product_brand?post=10771"},{"taxonomy":"product_cat","embeddable":true,"href":"https:\/\/lemaraichermoderne.com\/en\/wp-json\/wp\/v2\/product_cat?post=10771"},{"taxonomy":"product_tag","embeddable":true,"href":"https:\/\/lemaraichermoderne.com\/en\/wp-json\/wp\/v2\/product_tag?post=10771"}],"curies":[{"name":"wp","href":"https:\/\/api.w.org\/{rel}","templated":true}]}}