{"id":10773,"date":"2026-04-16T11:12:09","date_gmt":"2026-04-16T15:12:09","guid":{"rendered":"https:\/\/lemaraichermoderne.com\/?post_type=product&#038;p=10773"},"modified":"2026-04-16T11:12:45","modified_gmt":"2026-04-16T15:12:45","slug":"hanna-hi-7031l-solution-ec-1413-%c2%b5s-cm-500-ml","status":"publish","type":"product","link":"https:\/\/lemaraichermoderne.com\/en\/produit\/hanna-hi-7031l-solution-ec-1413-%c2%b5s-cm-500-ml\/","title":{"rendered":"HANNA HI 7031L SOLUTION \u00c9C 1413 \u00b5S\/CM 500 ML"},"content":{"rendered":"<p>HI7031L est un \u00e9talon de conductivit\u00e9 de qualit\u00e9 sup\u00e9rieure de 1 413 \u00b5S \/ cm, pr\u00e9par\u00e9 contre une solution de chlorure de potassium tra\u00e7able NIST.<\/p>\n<p>Les solutions de conductivit\u00e9 Hanna ont le num\u00e9ro de lot et la date de p\u00e9remption clairement indiqu\u00e9s sur l&#8217;\u00e9tiquette et sont \u00e9tanches \u00e0 l&#8217;air avec un sceau inviolable pour assurer la qualit\u00e9 de la solution.<br \/>\nLa gamme de normes de conductivit\u00e9 Hanna a \u00e9t\u00e9 sp\u00e9cialement formul\u00e9e pour expirer 5 ans \u00e0 compter de la date de fabrication pour une bouteille non ouverte.<\/p>\n<p>HI7031L &#8230;<br \/>\n&#8211; Tableau de temp\u00e9rature de la valeur r\u00e9elle en \u00b5S \/ cm \u00e0 diff\u00e9rentes temp\u00e9ratures imprim\u00e9e sur chaque bouteille<br \/>\n&#8211; Flacon \u00e9tanche \u00e0 l&#8217;air avec joint inviolable pour assurer la qualit\u00e9<\/p>\n<p><strong>Description d\u00e9taill\u00e9e:<\/strong><\/p>\n<p>&#8211; \u00b5S \/ cm \u00e0 25 \u00b0 C: 1413 \u00b5S \/ cm<\/p>\n<p><strong>Le forfait comprend:<br \/>\n<\/strong><br \/>\n1x solution d&#8217;\u00e9talonnage CE HI7031L 500ML<\/p>\n","protected":false},"excerpt":{"rendered":"<p>HI7031L est un \u00e9talon de conductivit\u00e9 de qualit\u00e9 sup\u00e9rieure de 1 413 \u00b5S \/ cm, pr\u00e9par\u00e9 contre une solution de chlorure de potassium tra\u00e7able NIST. Les solutions de conductivit\u00e9 Hanna ont le num\u00e9ro de lot et la date de p\u00e9remption clairement indiqu\u00e9s sur l&#8217;\u00e9tiquette et sont \u00e9tanches \u00e0 l&#8217;air avec un sceau inviolable pour assurer [&hellip;]<\/p>\n","protected":false},"featured_media":2416,"template":"","meta":[],"product_brand":[],"product_cat":[32],"product_tag":[],"class_list":{"0":"post-10773","1":"product","2":"type-product","3":"status-publish","4":"has-post-thumbnail","6":"product_cat-controle-de-leau","8":"first","9":"instock","10":"taxable","11":"shipping-taxable","12":"purchasable","13":"product-type-simple"},"yoast_head":"<!-- This site is optimized with the Yoast SEO plugin v27.4 - https:\/\/yoast.com\/product\/yoast-seo-wordpress\/ -->\n<title>HANNA HI 7031L SOLUTION \u00c9C 1413 \u00b5S\/CM 500 ML - Le Mara\u00eecher Moderne<\/title>\n<meta name=\"robots\" content=\"index, follow, max-snippet:-1, max-image-preview:large, max-video-preview:-1\" \/>\n<link rel=\"canonical\" href=\"https:\/\/lemaraichermoderne.com\/en\/produit\/hanna-hi-7031l-solution-ec-1413-%c2%b5s-cm-500-ml\/\" \/>\n<meta property=\"og:locale\" content=\"en_US\" \/>\n<meta property=\"og:type\" content=\"article\" \/>\n<meta property=\"og:title\" content=\"HANNA HI 7031L SOLUTION \u00c9C 1413 \u00b5S\/CM 500 ML - Le Mara\u00eecher Moderne\" \/>\n<meta property=\"og:description\" content=\"HI7031L est un \u00e9talon de conductivit\u00e9 de qualit\u00e9 sup\u00e9rieure de 1 413 \u00b5S \/ cm, pr\u00e9par\u00e9 contre une solution de chlorure de potassium tra\u00e7able NIST. Les solutions de conductivit\u00e9 Hanna ont le num\u00e9ro de lot et la date de p\u00e9remption clairement indiqu\u00e9s sur l&#8217;\u00e9tiquette et sont \u00e9tanches \u00e0 l&#8217;air avec un sceau inviolable pour assurer [&hellip;]\" \/>\n<meta property=\"og:url\" content=\"https:\/\/lemaraichermoderne.com\/en\/produit\/hanna-hi-7031l-solution-ec-1413-%c2%b5s-cm-500-ml\/\" \/>\n<meta property=\"og:site_name\" content=\"Le Mara\u00eecher Moderne\" \/>\n<meta property=\"article:publisher\" content=\"https:\/\/www.facebook.com\/lemaraichermoderne\" \/>\n<meta property=\"article:modified_time\" content=\"2026-04-16T15:12:45+00:00\" \/>\n<meta property=\"og:image\" content=\"https:\/\/lemaraichermoderne.com\/wp-content\/uploads\/2024\/02\/1413.jpg\" \/>\n\t<meta property=\"og:image:width\" content=\"900\" \/>\n\t<meta property=\"og:image:height\" content=\"900\" \/>\n\t<meta property=\"og:image:type\" content=\"image\/jpeg\" \/>\n<meta name=\"twitter:card\" content=\"summary_large_image\" \/>\n<meta name=\"twitter:label1\" content=\"Est. reading time\" \/>\n\t<meta name=\"twitter:data1\" content=\"1 minute\" \/>\n<script type=\"application\/ld+json\" class=\"yoast-schema-graph\">{\"@context\":\"https:\\\/\\\/schema.org\",\"@graph\":[{\"@type\":\"WebPage\",\"@id\":\"https:\\\/\\\/lemaraichermoderne.com\\\/en\\\/produit\\\/hanna-hi-7031l-solution-ec-1413-%c2%b5s-cm-500-ml\\\/\",\"url\":\"https:\\\/\\\/lemaraichermoderne.com\\\/en\\\/produit\\\/hanna-hi-7031l-solution-ec-1413-%c2%b5s-cm-500-ml\\\/\",\"name\":\"HANNA HI 7031L SOLUTION \u00c9C 1413 \u00b5S\\\/CM 500 ML - Le Mara\u00eecher Moderne\",\"isPartOf\":{\"@id\":\"https:\\\/\\\/lemaraichermoderne.com\\\/en\\\/#website\"},\"primaryImageOfPage\":{\"@id\":\"https:\\\/\\\/lemaraichermoderne.com\\\/en\\\/produit\\\/hanna-hi-7031l-solution-ec-1413-%c2%b5s-cm-500-ml\\\/#primaryimage\"},\"image\":{\"@id\":\"https:\\\/\\\/lemaraichermoderne.com\\\/en\\\/produit\\\/hanna-hi-7031l-solution-ec-1413-%c2%b5s-cm-500-ml\\\/#primaryimage\"},\"thumbnailUrl\":\"https:\\\/\\\/lemaraichermoderne.com\\\/wp-content\\\/uploads\\\/2024\\\/02\\\/1413.jpg\",\"datePublished\":\"2026-04-16T15:12:09+00:00\",\"dateModified\":\"2026-04-16T15:12:45+00:00\",\"breadcrumb\":{\"@id\":\"https:\\\/\\\/lemaraichermoderne.com\\\/en\\\/produit\\\/hanna-hi-7031l-solution-ec-1413-%c2%b5s-cm-500-ml\\\/#breadcrumb\"},\"inLanguage\":\"en-US\",\"potentialAction\":[{\"@type\":\"ReadAction\",\"target\":[\"https:\\\/\\\/lemaraichermoderne.com\\\/en\\\/produit\\\/hanna-hi-7031l-solution-ec-1413-%c2%b5s-cm-500-ml\\\/\"]}]},{\"@type\":\"ImageObject\",\"inLanguage\":\"en-US\",\"@id\":\"https:\\\/\\\/lemaraichermoderne.com\\\/en\\\/produit\\\/hanna-hi-7031l-solution-ec-1413-%c2%b5s-cm-500-ml\\\/#primaryimage\",\"url\":\"https:\\\/\\\/lemaraichermoderne.com\\\/wp-content\\\/uploads\\\/2024\\\/02\\\/1413.jpg\",\"contentUrl\":\"https:\\\/\\\/lemaraichermoderne.com\\\/wp-content\\\/uploads\\\/2024\\\/02\\\/1413.jpg\",\"width\":900,\"height\":900},{\"@type\":\"BreadcrumbList\",\"@id\":\"https:\\\/\\\/lemaraichermoderne.com\\\/en\\\/produit\\\/hanna-hi-7031l-solution-ec-1413-%c2%b5s-cm-500-ml\\\/#breadcrumb\",\"itemListElement\":[{\"@type\":\"ListItem\",\"position\":1,\"name\":\"Accueil\",\"item\":\"https:\\\/\\\/lemaraichermoderne.com\\\/en\\\/\"},{\"@type\":\"ListItem\",\"position\":2,\"name\":\"Boutique\",\"item\":\"https:\\\/\\\/lemaraichermoderne.com\\\/boutique\\\/\"},{\"@type\":\"ListItem\",\"position\":3,\"name\":\"HANNA HI 7031L SOLUTION \u00c9C 1413 \u00b5S\\\/CM 500 ML\"}]},{\"@type\":\"WebSite\",\"@id\":\"https:\\\/\\\/lemaraichermoderne.com\\\/en\\\/#website\",\"url\":\"https:\\\/\\\/lemaraichermoderne.com\\\/en\\\/\",\"name\":\"Le Mara\u00eecher Moderne\",\"description\":\"R\u00e9f\u00e9rence en hydroponie \u00e0 Qu\u00e9bec\",\"publisher\":{\"@id\":\"https:\\\/\\\/lemaraichermoderne.com\\\/en\\\/#organization\"},\"potentialAction\":[{\"@type\":\"SearchAction\",\"target\":{\"@type\":\"EntryPoint\",\"urlTemplate\":\"https:\\\/\\\/lemaraichermoderne.com\\\/en\\\/?s={search_term_string}\"},\"query-input\":{\"@type\":\"PropertyValueSpecification\",\"valueRequired\":true,\"valueName\":\"search_term_string\"}}],\"inLanguage\":\"en-US\"},{\"@type\":\"Organization\",\"@id\":\"https:\\\/\\\/lemaraichermoderne.com\\\/en\\\/#organization\",\"name\":\"Le Mara\u00eecher Moderne\",\"url\":\"https:\\\/\\\/lemaraichermoderne.com\\\/en\\\/\",\"logo\":{\"@type\":\"ImageObject\",\"inLanguage\":\"en-US\",\"@id\":\"https:\\\/\\\/lemaraichermoderne.com\\\/en\\\/#\\\/schema\\\/logo\\\/image\\\/\",\"url\":\"https:\\\/\\\/lemaraichermoderne.com\\\/wp-content\\\/uploads\\\/2023\\\/03\\\/logo_mm1.png\",\"contentUrl\":\"https:\\\/\\\/lemaraichermoderne.com\\\/wp-content\\\/uploads\\\/2023\\\/03\\\/logo_mm1.png\",\"width\":500,\"height\":222,\"caption\":\"Le Mara\u00eecher Moderne\"},\"image\":{\"@id\":\"https:\\\/\\\/lemaraichermoderne.com\\\/en\\\/#\\\/schema\\\/logo\\\/image\\\/\"},\"sameAs\":[\"https:\\\/\\\/www.facebook.com\\\/lemaraichermoderne\",\"https:\\\/\\\/www.instagram.com\\\/lemaraichermoderne\"]}]}<\/script>\n<!-- \/ Yoast SEO plugin. -->","yoast_head_json":{"title":"HANNA HI 7031L SOLUTION \u00c9C 1413 \u00b5S\/CM 500 ML - Le Mara\u00eecher Moderne","robots":{"index":"index","follow":"follow","max-snippet":"max-snippet:-1","max-image-preview":"max-image-preview:large","max-video-preview":"max-video-preview:-1"},"canonical":"https:\/\/lemaraichermoderne.com\/en\/produit\/hanna-hi-7031l-solution-ec-1413-%c2%b5s-cm-500-ml\/","og_locale":"en_US","og_type":"article","og_title":"HANNA HI 7031L SOLUTION \u00c9C 1413 \u00b5S\/CM 500 ML - Le Mara\u00eecher Moderne","og_description":"HI7031L est un \u00e9talon de conductivit\u00e9 de qualit\u00e9 sup\u00e9rieure de 1 413 \u00b5S \/ cm, pr\u00e9par\u00e9 contre une solution de chlorure de potassium tra\u00e7able NIST. Les solutions de conductivit\u00e9 Hanna ont le num\u00e9ro de lot et la date de p\u00e9remption clairement indiqu\u00e9s sur l&#8217;\u00e9tiquette et sont \u00e9tanches \u00e0 l&#8217;air avec un sceau inviolable pour assurer [&hellip;]","og_url":"https:\/\/lemaraichermoderne.com\/en\/produit\/hanna-hi-7031l-solution-ec-1413-%c2%b5s-cm-500-ml\/","og_site_name":"Le Mara\u00eecher Moderne","article_publisher":"https:\/\/www.facebook.com\/lemaraichermoderne","article_modified_time":"2026-04-16T15:12:45+00:00","og_image":[{"width":900,"height":900,"url":"https:\/\/lemaraichermoderne.com\/wp-content\/uploads\/2024\/02\/1413.jpg","type":"image\/jpeg"}],"twitter_card":"summary_large_image","twitter_misc":{"Est. reading time":"1 minute"},"schema":{"@context":"https:\/\/schema.org","@graph":[{"@type":"WebPage","@id":"https:\/\/lemaraichermoderne.com\/en\/produit\/hanna-hi-7031l-solution-ec-1413-%c2%b5s-cm-500-ml\/","url":"https:\/\/lemaraichermoderne.com\/en\/produit\/hanna-hi-7031l-solution-ec-1413-%c2%b5s-cm-500-ml\/","name":"HANNA HI 7031L SOLUTION \u00c9C 1413 \u00b5S\/CM 500 ML - Le Mara\u00eecher Moderne","isPartOf":{"@id":"https:\/\/lemaraichermoderne.com\/en\/#website"},"primaryImageOfPage":{"@id":"https:\/\/lemaraichermoderne.com\/en\/produit\/hanna-hi-7031l-solution-ec-1413-%c2%b5s-cm-500-ml\/#primaryimage"},"image":{"@id":"https:\/\/lemaraichermoderne.com\/en\/produit\/hanna-hi-7031l-solution-ec-1413-%c2%b5s-cm-500-ml\/#primaryimage"},"thumbnailUrl":"https:\/\/lemaraichermoderne.com\/wp-content\/uploads\/2024\/02\/1413.jpg","datePublished":"2026-04-16T15:12:09+00:00","dateModified":"2026-04-16T15:12:45+00:00","breadcrumb":{"@id":"https:\/\/lemaraichermoderne.com\/en\/produit\/hanna-hi-7031l-solution-ec-1413-%c2%b5s-cm-500-ml\/#breadcrumb"},"inLanguage":"en-US","potentialAction":[{"@type":"ReadAction","target":["https:\/\/lemaraichermoderne.com\/en\/produit\/hanna-hi-7031l-solution-ec-1413-%c2%b5s-cm-500-ml\/"]}]},{"@type":"ImageObject","inLanguage":"en-US","@id":"https:\/\/lemaraichermoderne.com\/en\/produit\/hanna-hi-7031l-solution-ec-1413-%c2%b5s-cm-500-ml\/#primaryimage","url":"https:\/\/lemaraichermoderne.com\/wp-content\/uploads\/2024\/02\/1413.jpg","contentUrl":"https:\/\/lemaraichermoderne.com\/wp-content\/uploads\/2024\/02\/1413.jpg","width":900,"height":900},{"@type":"BreadcrumbList","@id":"https:\/\/lemaraichermoderne.com\/en\/produit\/hanna-hi-7031l-solution-ec-1413-%c2%b5s-cm-500-ml\/#breadcrumb","itemListElement":[{"@type":"ListItem","position":1,"name":"Accueil","item":"https:\/\/lemaraichermoderne.com\/en\/"},{"@type":"ListItem","position":2,"name":"Boutique","item":"https:\/\/lemaraichermoderne.com\/boutique\/"},{"@type":"ListItem","position":3,"name":"HANNA HI 7031L SOLUTION \u00c9C 1413 \u00b5S\/CM 500 ML"}]},{"@type":"WebSite","@id":"https:\/\/lemaraichermoderne.com\/en\/#website","url":"https:\/\/lemaraichermoderne.com\/en\/","name":"Le Mara\u00eecher Moderne","description":"R\u00e9f\u00e9rence en hydroponie \u00e0 Qu\u00e9bec","publisher":{"@id":"https:\/\/lemaraichermoderne.com\/en\/#organization"},"potentialAction":[{"@type":"SearchAction","target":{"@type":"EntryPoint","urlTemplate":"https:\/\/lemaraichermoderne.com\/en\/?s={search_term_string}"},"query-input":{"@type":"PropertyValueSpecification","valueRequired":true,"valueName":"search_term_string"}}],"inLanguage":"en-US"},{"@type":"Organization","@id":"https:\/\/lemaraichermoderne.com\/en\/#organization","name":"Le Mara\u00eecher Moderne","url":"https:\/\/lemaraichermoderne.com\/en\/","logo":{"@type":"ImageObject","inLanguage":"en-US","@id":"https:\/\/lemaraichermoderne.com\/en\/#\/schema\/logo\/image\/","url":"https:\/\/lemaraichermoderne.com\/wp-content\/uploads\/2023\/03\/logo_mm1.png","contentUrl":"https:\/\/lemaraichermoderne.com\/wp-content\/uploads\/2023\/03\/logo_mm1.png","width":500,"height":222,"caption":"Le Mara\u00eecher Moderne"},"image":{"@id":"https:\/\/lemaraichermoderne.com\/en\/#\/schema\/logo\/image\/"},"sameAs":["https:\/\/www.facebook.com\/lemaraichermoderne","https:\/\/www.instagram.com\/lemaraichermoderne"]}]}},"_links":{"self":[{"href":"https:\/\/lemaraichermoderne.com\/en\/wp-json\/wp\/v2\/product\/10773","targetHints":{"allow":["GET"]}}],"collection":[{"href":"https:\/\/lemaraichermoderne.com\/en\/wp-json\/wp\/v2\/product"}],"about":[{"href":"https:\/\/lemaraichermoderne.com\/en\/wp-json\/wp\/v2\/types\/product"}],"wp:featuredmedia":[{"embeddable":true,"href":"https:\/\/lemaraichermoderne.com\/en\/wp-json\/wp\/v2\/media\/2416"}],"wp:attachment":[{"href":"https:\/\/lemaraichermoderne.com\/en\/wp-json\/wp\/v2\/media?parent=10773"}],"wp:term":[{"taxonomy":"product_brand","embeddable":true,"href":"https:\/\/lemaraichermoderne.com\/en\/wp-json\/wp\/v2\/product_brand?post=10773"},{"taxonomy":"product_cat","embeddable":true,"href":"https:\/\/lemaraichermoderne.com\/en\/wp-json\/wp\/v2\/product_cat?post=10773"},{"taxonomy":"product_tag","embeddable":true,"href":"https:\/\/lemaraichermoderne.com\/en\/wp-json\/wp\/v2\/product_tag?post=10773"}],"curies":[{"name":"wp","href":"https:\/\/api.w.org\/{rel}","templated":true}]}}