{"id":10774,"date":"2026-04-16T11:25:36","date_gmt":"2026-04-16T15:25:36","guid":{"rendered":"https:\/\/lemaraichermoderne.com\/?post_type=product&#038;p=10774"},"modified":"2026-04-16T11:30:13","modified_gmt":"2026-04-16T15:30:13","slug":"hanna-solution-sdt-1382-mg-l-ppm-500-ml","status":"publish","type":"product","link":"https:\/\/lemaraichermoderne.com\/en\/produit\/hanna-solution-sdt-1382-mg-l-ppm-500-ml\/","title":{"rendered":"HANNA HI SOLUTION SDT 1382 MG \/ L PPM 500 ML"},"content":{"rendered":"<p><strong>HANNA HI 7032L SOLUTION SDT 1382 MG\/L PPM 500 ML\u00a0<\/strong><\/p>\n<p>Les solutions de test Hanna ont la date de p\u00e9remption et le num\u00e9ro de lot indiqu\u00e9s sur l\u2019\u00e9tiquette, ainsi qu\u2019un scell\u00e9 inviolable et \u00e9tanche \u00e0 l\u2019air afin d\u2019assurer la qualit\u00e9 de la solution.<br \/>\nLa gamme de solutions TDS de Hanna expire 5 ans apr\u00e8s la date de fabrication pour une bouteille non ouverte.<\/p>\n","protected":false},"excerpt":{"rendered":"<p>HANNA HI 7032L SOLUTION SDT 1382 MG\/L PPM 500 ML\u00a0 Les solutions de test Hanna ont la date de p\u00e9remption et le num\u00e9ro de lot indiqu\u00e9s sur l\u2019\u00e9tiquette, ainsi qu\u2019un scell\u00e9 inviolable et \u00e9tanche \u00e0 l\u2019air afin d\u2019assurer la qualit\u00e9 de la solution. La gamme de solutions TDS de Hanna expire 5 ans apr\u00e8s la [&hellip;]<\/p>\n","protected":false},"featured_media":1819,"template":"","meta":[],"product_brand":[],"product_cat":[32],"product_tag":[],"class_list":{"0":"post-10774","1":"product","2":"type-product","3":"status-publish","4":"has-post-thumbnail","6":"product_cat-controle-de-leau","8":"first","9":"instock","10":"taxable","11":"shipping-taxable","12":"purchasable","13":"product-type-simple"},"yoast_head":"<!-- This site is optimized with the Yoast SEO plugin v27.4 - https:\/\/yoast.com\/product\/yoast-seo-wordpress\/ -->\n<title>HANNA HI SOLUTION SDT 1382 MG \/ L PPM 500 ML - Le Mara\u00eecher Moderne<\/title>\n<meta name=\"robots\" content=\"index, follow, max-snippet:-1, max-image-preview:large, max-video-preview:-1\" \/>\n<link rel=\"canonical\" href=\"https:\/\/lemaraichermoderne.com\/en\/produit\/hanna-solution-sdt-1382-mg-l-ppm-500-ml\/\" \/>\n<meta property=\"og:locale\" content=\"en_US\" \/>\n<meta property=\"og:type\" content=\"article\" \/>\n<meta property=\"og:title\" content=\"HANNA HI SOLUTION SDT 1382 MG \/ L PPM 500 ML - Le Mara\u00eecher Moderne\" \/>\n<meta property=\"og:description\" content=\"HANNA HI 7032L SOLUTION SDT 1382 MG\/L PPM 500 ML\u00a0 Les solutions de test Hanna ont la date de p\u00e9remption et le num\u00e9ro de lot indiqu\u00e9s sur l\u2019\u00e9tiquette, ainsi qu\u2019un scell\u00e9 inviolable et \u00e9tanche \u00e0 l\u2019air afin d\u2019assurer la qualit\u00e9 de la solution. La gamme de solutions TDS de Hanna expire 5 ans apr\u00e8s la [&hellip;]\" \/>\n<meta property=\"og:url\" content=\"https:\/\/lemaraichermoderne.com\/en\/produit\/hanna-solution-sdt-1382-mg-l-ppm-500-ml\/\" \/>\n<meta property=\"og:site_name\" content=\"Le Mara\u00eecher Moderne\" \/>\n<meta property=\"article:publisher\" content=\"https:\/\/www.facebook.com\/lemaraichermoderne\" \/>\n<meta property=\"article:modified_time\" content=\"2026-04-16T15:30:13+00:00\" \/>\n<meta property=\"og:image\" content=\"https:\/\/lemaraichermoderne.com\/wp-content\/uploads\/2023\/11\/hanna-calibration-solution-hi7032l-buffer-1382-500ml-889819.webp\" \/>\n\t<meta property=\"og:image:width\" content=\"600\" \/>\n\t<meta property=\"og:image:height\" content=\"600\" \/>\n\t<meta property=\"og:image:type\" content=\"image\/webp\" \/>\n<meta name=\"twitter:card\" content=\"summary_large_image\" \/>\n<meta name=\"twitter:label1\" content=\"Est. reading time\" \/>\n\t<meta name=\"twitter:data1\" content=\"1 minute\" \/>\n<script type=\"application\/ld+json\" class=\"yoast-schema-graph\">{\"@context\":\"https:\\\/\\\/schema.org\",\"@graph\":[{\"@type\":\"WebPage\",\"@id\":\"https:\\\/\\\/lemaraichermoderne.com\\\/en\\\/produit\\\/hanna-solution-sdt-1382-mg-l-ppm-500-ml\\\/\",\"url\":\"https:\\\/\\\/lemaraichermoderne.com\\\/en\\\/produit\\\/hanna-solution-sdt-1382-mg-l-ppm-500-ml\\\/\",\"name\":\"HANNA HI SOLUTION SDT 1382 MG \\\/ L PPM 500 ML - Le Mara\u00eecher Moderne\",\"isPartOf\":{\"@id\":\"https:\\\/\\\/lemaraichermoderne.com\\\/en\\\/#website\"},\"primaryImageOfPage\":{\"@id\":\"https:\\\/\\\/lemaraichermoderne.com\\\/en\\\/produit\\\/hanna-solution-sdt-1382-mg-l-ppm-500-ml\\\/#primaryimage\"},\"image\":{\"@id\":\"https:\\\/\\\/lemaraichermoderne.com\\\/en\\\/produit\\\/hanna-solution-sdt-1382-mg-l-ppm-500-ml\\\/#primaryimage\"},\"thumbnailUrl\":\"https:\\\/\\\/lemaraichermoderne.com\\\/wp-content\\\/uploads\\\/2023\\\/11\\\/hanna-calibration-solution-hi7032l-buffer-1382-500ml-889819.webp\",\"datePublished\":\"2026-04-16T15:25:36+00:00\",\"dateModified\":\"2026-04-16T15:30:13+00:00\",\"breadcrumb\":{\"@id\":\"https:\\\/\\\/lemaraichermoderne.com\\\/en\\\/produit\\\/hanna-solution-sdt-1382-mg-l-ppm-500-ml\\\/#breadcrumb\"},\"inLanguage\":\"en-US\",\"potentialAction\":[{\"@type\":\"ReadAction\",\"target\":[\"https:\\\/\\\/lemaraichermoderne.com\\\/en\\\/produit\\\/hanna-solution-sdt-1382-mg-l-ppm-500-ml\\\/\"]}]},{\"@type\":\"ImageObject\",\"inLanguage\":\"en-US\",\"@id\":\"https:\\\/\\\/lemaraichermoderne.com\\\/en\\\/produit\\\/hanna-solution-sdt-1382-mg-l-ppm-500-ml\\\/#primaryimage\",\"url\":\"https:\\\/\\\/lemaraichermoderne.com\\\/wp-content\\\/uploads\\\/2023\\\/11\\\/hanna-calibration-solution-hi7032l-buffer-1382-500ml-889819.webp\",\"contentUrl\":\"https:\\\/\\\/lemaraichermoderne.com\\\/wp-content\\\/uploads\\\/2023\\\/11\\\/hanna-calibration-solution-hi7032l-buffer-1382-500ml-889819.webp\",\"width\":600,\"height\":600},{\"@type\":\"BreadcrumbList\",\"@id\":\"https:\\\/\\\/lemaraichermoderne.com\\\/en\\\/produit\\\/hanna-solution-sdt-1382-mg-l-ppm-500-ml\\\/#breadcrumb\",\"itemListElement\":[{\"@type\":\"ListItem\",\"position\":1,\"name\":\"Accueil\",\"item\":\"https:\\\/\\\/lemaraichermoderne.com\\\/en\\\/\"},{\"@type\":\"ListItem\",\"position\":2,\"name\":\"Boutique\",\"item\":\"https:\\\/\\\/lemaraichermoderne.com\\\/boutique\\\/\"},{\"@type\":\"ListItem\",\"position\":3,\"name\":\"HANNA HI SOLUTION SDT 1382 MG \\\/ L PPM 500 ML\"}]},{\"@type\":\"WebSite\",\"@id\":\"https:\\\/\\\/lemaraichermoderne.com\\\/en\\\/#website\",\"url\":\"https:\\\/\\\/lemaraichermoderne.com\\\/en\\\/\",\"name\":\"Le Mara\u00eecher Moderne\",\"description\":\"R\u00e9f\u00e9rence en hydroponie \u00e0 Qu\u00e9bec\",\"publisher\":{\"@id\":\"https:\\\/\\\/lemaraichermoderne.com\\\/en\\\/#organization\"},\"potentialAction\":[{\"@type\":\"SearchAction\",\"target\":{\"@type\":\"EntryPoint\",\"urlTemplate\":\"https:\\\/\\\/lemaraichermoderne.com\\\/en\\\/?s={search_term_string}\"},\"query-input\":{\"@type\":\"PropertyValueSpecification\",\"valueRequired\":true,\"valueName\":\"search_term_string\"}}],\"inLanguage\":\"en-US\"},{\"@type\":\"Organization\",\"@id\":\"https:\\\/\\\/lemaraichermoderne.com\\\/en\\\/#organization\",\"name\":\"Le Mara\u00eecher Moderne\",\"url\":\"https:\\\/\\\/lemaraichermoderne.com\\\/en\\\/\",\"logo\":{\"@type\":\"ImageObject\",\"inLanguage\":\"en-US\",\"@id\":\"https:\\\/\\\/lemaraichermoderne.com\\\/en\\\/#\\\/schema\\\/logo\\\/image\\\/\",\"url\":\"https:\\\/\\\/lemaraichermoderne.com\\\/wp-content\\\/uploads\\\/2023\\\/03\\\/logo_mm1.png\",\"contentUrl\":\"https:\\\/\\\/lemaraichermoderne.com\\\/wp-content\\\/uploads\\\/2023\\\/03\\\/logo_mm1.png\",\"width\":500,\"height\":222,\"caption\":\"Le Mara\u00eecher Moderne\"},\"image\":{\"@id\":\"https:\\\/\\\/lemaraichermoderne.com\\\/en\\\/#\\\/schema\\\/logo\\\/image\\\/\"},\"sameAs\":[\"https:\\\/\\\/www.facebook.com\\\/lemaraichermoderne\",\"https:\\\/\\\/www.instagram.com\\\/lemaraichermoderne\"]}]}<\/script>\n<!-- \/ Yoast SEO plugin. -->","yoast_head_json":{"title":"HANNA HI SOLUTION SDT 1382 MG \/ L PPM 500 ML - Le Mara\u00eecher Moderne","robots":{"index":"index","follow":"follow","max-snippet":"max-snippet:-1","max-image-preview":"max-image-preview:large","max-video-preview":"max-video-preview:-1"},"canonical":"https:\/\/lemaraichermoderne.com\/en\/produit\/hanna-solution-sdt-1382-mg-l-ppm-500-ml\/","og_locale":"en_US","og_type":"article","og_title":"HANNA HI SOLUTION SDT 1382 MG \/ L PPM 500 ML - Le Mara\u00eecher Moderne","og_description":"HANNA HI 7032L SOLUTION SDT 1382 MG\/L PPM 500 ML\u00a0 Les solutions de test Hanna ont la date de p\u00e9remption et le num\u00e9ro de lot indiqu\u00e9s sur l\u2019\u00e9tiquette, ainsi qu\u2019un scell\u00e9 inviolable et \u00e9tanche \u00e0 l\u2019air afin d\u2019assurer la qualit\u00e9 de la solution. La gamme de solutions TDS de Hanna expire 5 ans apr\u00e8s la [&hellip;]","og_url":"https:\/\/lemaraichermoderne.com\/en\/produit\/hanna-solution-sdt-1382-mg-l-ppm-500-ml\/","og_site_name":"Le Mara\u00eecher Moderne","article_publisher":"https:\/\/www.facebook.com\/lemaraichermoderne","article_modified_time":"2026-04-16T15:30:13+00:00","og_image":[{"width":600,"height":600,"url":"https:\/\/lemaraichermoderne.com\/wp-content\/uploads\/2023\/11\/hanna-calibration-solution-hi7032l-buffer-1382-500ml-889819.webp","type":"image\/webp"}],"twitter_card":"summary_large_image","twitter_misc":{"Est. reading time":"1 minute"},"schema":{"@context":"https:\/\/schema.org","@graph":[{"@type":"WebPage","@id":"https:\/\/lemaraichermoderne.com\/en\/produit\/hanna-solution-sdt-1382-mg-l-ppm-500-ml\/","url":"https:\/\/lemaraichermoderne.com\/en\/produit\/hanna-solution-sdt-1382-mg-l-ppm-500-ml\/","name":"HANNA HI SOLUTION SDT 1382 MG \/ L PPM 500 ML - Le Mara\u00eecher Moderne","isPartOf":{"@id":"https:\/\/lemaraichermoderne.com\/en\/#website"},"primaryImageOfPage":{"@id":"https:\/\/lemaraichermoderne.com\/en\/produit\/hanna-solution-sdt-1382-mg-l-ppm-500-ml\/#primaryimage"},"image":{"@id":"https:\/\/lemaraichermoderne.com\/en\/produit\/hanna-solution-sdt-1382-mg-l-ppm-500-ml\/#primaryimage"},"thumbnailUrl":"https:\/\/lemaraichermoderne.com\/wp-content\/uploads\/2023\/11\/hanna-calibration-solution-hi7032l-buffer-1382-500ml-889819.webp","datePublished":"2026-04-16T15:25:36+00:00","dateModified":"2026-04-16T15:30:13+00:00","breadcrumb":{"@id":"https:\/\/lemaraichermoderne.com\/en\/produit\/hanna-solution-sdt-1382-mg-l-ppm-500-ml\/#breadcrumb"},"inLanguage":"en-US","potentialAction":[{"@type":"ReadAction","target":["https:\/\/lemaraichermoderne.com\/en\/produit\/hanna-solution-sdt-1382-mg-l-ppm-500-ml\/"]}]},{"@type":"ImageObject","inLanguage":"en-US","@id":"https:\/\/lemaraichermoderne.com\/en\/produit\/hanna-solution-sdt-1382-mg-l-ppm-500-ml\/#primaryimage","url":"https:\/\/lemaraichermoderne.com\/wp-content\/uploads\/2023\/11\/hanna-calibration-solution-hi7032l-buffer-1382-500ml-889819.webp","contentUrl":"https:\/\/lemaraichermoderne.com\/wp-content\/uploads\/2023\/11\/hanna-calibration-solution-hi7032l-buffer-1382-500ml-889819.webp","width":600,"height":600},{"@type":"BreadcrumbList","@id":"https:\/\/lemaraichermoderne.com\/en\/produit\/hanna-solution-sdt-1382-mg-l-ppm-500-ml\/#breadcrumb","itemListElement":[{"@type":"ListItem","position":1,"name":"Accueil","item":"https:\/\/lemaraichermoderne.com\/en\/"},{"@type":"ListItem","position":2,"name":"Boutique","item":"https:\/\/lemaraichermoderne.com\/boutique\/"},{"@type":"ListItem","position":3,"name":"HANNA HI SOLUTION SDT 1382 MG \/ L PPM 500 ML"}]},{"@type":"WebSite","@id":"https:\/\/lemaraichermoderne.com\/en\/#website","url":"https:\/\/lemaraichermoderne.com\/en\/","name":"Le Mara\u00eecher Moderne","description":"R\u00e9f\u00e9rence en hydroponie \u00e0 Qu\u00e9bec","publisher":{"@id":"https:\/\/lemaraichermoderne.com\/en\/#organization"},"potentialAction":[{"@type":"SearchAction","target":{"@type":"EntryPoint","urlTemplate":"https:\/\/lemaraichermoderne.com\/en\/?s={search_term_string}"},"query-input":{"@type":"PropertyValueSpecification","valueRequired":true,"valueName":"search_term_string"}}],"inLanguage":"en-US"},{"@type":"Organization","@id":"https:\/\/lemaraichermoderne.com\/en\/#organization","name":"Le Mara\u00eecher Moderne","url":"https:\/\/lemaraichermoderne.com\/en\/","logo":{"@type":"ImageObject","inLanguage":"en-US","@id":"https:\/\/lemaraichermoderne.com\/en\/#\/schema\/logo\/image\/","url":"https:\/\/lemaraichermoderne.com\/wp-content\/uploads\/2023\/03\/logo_mm1.png","contentUrl":"https:\/\/lemaraichermoderne.com\/wp-content\/uploads\/2023\/03\/logo_mm1.png","width":500,"height":222,"caption":"Le Mara\u00eecher Moderne"},"image":{"@id":"https:\/\/lemaraichermoderne.com\/en\/#\/schema\/logo\/image\/"},"sameAs":["https:\/\/www.facebook.com\/lemaraichermoderne","https:\/\/www.instagram.com\/lemaraichermoderne"]}]}},"_links":{"self":[{"href":"https:\/\/lemaraichermoderne.com\/en\/wp-json\/wp\/v2\/product\/10774","targetHints":{"allow":["GET"]}}],"collection":[{"href":"https:\/\/lemaraichermoderne.com\/en\/wp-json\/wp\/v2\/product"}],"about":[{"href":"https:\/\/lemaraichermoderne.com\/en\/wp-json\/wp\/v2\/types\/product"}],"wp:featuredmedia":[{"embeddable":true,"href":"https:\/\/lemaraichermoderne.com\/en\/wp-json\/wp\/v2\/media\/1819"}],"wp:attachment":[{"href":"https:\/\/lemaraichermoderne.com\/en\/wp-json\/wp\/v2\/media?parent=10774"}],"wp:term":[{"taxonomy":"product_brand","embeddable":true,"href":"https:\/\/lemaraichermoderne.com\/en\/wp-json\/wp\/v2\/product_brand?post=10774"},{"taxonomy":"product_cat","embeddable":true,"href":"https:\/\/lemaraichermoderne.com\/en\/wp-json\/wp\/v2\/product_cat?post=10774"},{"taxonomy":"product_tag","embeddable":true,"href":"https:\/\/lemaraichermoderne.com\/en\/wp-json\/wp\/v2\/product_tag?post=10774"}],"curies":[{"name":"wp","href":"https:\/\/api.w.org\/{rel}","templated":true}]}}