{"id":10775,"date":"2026-04-16T11:27:20","date_gmt":"2026-04-16T15:27:20","guid":{"rendered":"https:\/\/lemaraichermoderne.com\/?post_type=product&#038;p=10775"},"modified":"2026-04-16T11:31:18","modified_gmt":"2026-04-16T15:31:18","slug":"hanna-hi-7007l-solution-etalonnage-ph-7-01-500-ml","status":"publish","type":"product","link":"https:\/\/lemaraichermoderne.com\/en\/produit\/hanna-hi-7007l-solution-etalonnage-ph-7-01-500-ml\/","title":{"rendered":"HANNA HI 7007L SOLUTION \u00c9TALONAGE PH 7.01 500 ML"},"content":{"rendered":"<p>HI7007L est une solution d&#8217;\u00e9talonnage de qualit\u00e9 sup\u00e9rieure PH 7.01.<\/p>\n<p>Avec le num\u00e9ro de lot et la date de p\u00e9remption clairement indiqu\u00e9s sur l\u2019\u00e9tiquette, ainsi qu\u2019un scellant inviolable et \u00e9tanche \u00e0 l\u2019air afin de garantir la qualit\u00e9 de la solution, les tampons d\u2019\u00e9talonnage du PH de Hanna constituent un moyen simple d\u2019obtenir chaque fois de superbes mesures de pH.<\/p>\n<p>HI7007L &#8230;<br \/>\n&#8211; Flacon \u00e9tanche \u00e0 l&#8217;air avec joint inviolable pour une qualit\u00e9 irr\u00e9prochable<br \/>\n&#8211; \u00c9tiquette \u00e0 code de couleur pour une identification facile des valeurs du tampon pH<br \/>\n&#8211; Parfait pour la maintenance de routine pour assurer des lectures pr\u00e9cises tout en prolongeant la dur\u00e9e de vie de l&#8217;\u00e9lectrode<\/p>\n<p><strong>Description d\u00e9taill\u00e9e:<\/strong><\/p>\n<p>Norme de pr\u00e9cision: \u00b1 0,01 pH<br \/>\nValeur PH \u00e0 25 \u00b0 C: 7,01<\/p>\n<p><strong>Le forfait comprend:<\/strong><\/p>\n<p>1x HI7007L Solution d&#8217;\u00e9talonnage PH 7.01 500ML<\/p>\n","protected":false},"excerpt":{"rendered":"<p>HI7007L est une solution d&#8217;\u00e9talonnage de qualit\u00e9 sup\u00e9rieure PH 7.01. Avec le num\u00e9ro de lot et la date de p\u00e9remption clairement indiqu\u00e9s sur l\u2019\u00e9tiquette, ainsi qu\u2019un scellant inviolable et \u00e9tanche \u00e0 l\u2019air afin de garantir la qualit\u00e9 de la solution, les tampons d\u2019\u00e9talonnage du PH de Hanna constituent un moyen simple d\u2019obtenir chaque fois de [&hellip;]<\/p>\n","protected":false},"featured_media":1706,"template":"","meta":[],"product_brand":[],"product_cat":[32],"product_tag":[],"class_list":{"0":"post-10775","1":"product","2":"type-product","3":"status-publish","4":"has-post-thumbnail","6":"product_cat-controle-de-leau","8":"first","9":"instock","10":"taxable","11":"shipping-taxable","12":"purchasable","13":"product-type-simple"},"yoast_head":"<!-- This site is optimized with the Yoast SEO plugin v27.4 - https:\/\/yoast.com\/product\/yoast-seo-wordpress\/ -->\n<title>HANNA HI 7007L SOLUTION \u00c9TALONAGE PH 7.01 500 ML - Le Mara\u00eecher Moderne<\/title>\n<meta name=\"robots\" content=\"index, follow, max-snippet:-1, max-image-preview:large, max-video-preview:-1\" \/>\n<link rel=\"canonical\" href=\"https:\/\/lemaraichermoderne.com\/en\/produit\/hanna-hi-7007l-solution-etalonnage-ph-7-01-500-ml\/\" \/>\n<meta property=\"og:locale\" content=\"en_US\" \/>\n<meta property=\"og:type\" content=\"article\" \/>\n<meta property=\"og:title\" content=\"HANNA HI 7007L SOLUTION \u00c9TALONAGE PH 7.01 500 ML - Le Mara\u00eecher Moderne\" \/>\n<meta property=\"og:description\" content=\"HI7007L est une solution d&#8217;\u00e9talonnage de qualit\u00e9 sup\u00e9rieure PH 7.01. Avec le num\u00e9ro de lot et la date de p\u00e9remption clairement indiqu\u00e9s sur l\u2019\u00e9tiquette, ainsi qu\u2019un scellant inviolable et \u00e9tanche \u00e0 l\u2019air afin de garantir la qualit\u00e9 de la solution, les tampons d\u2019\u00e9talonnage du PH de Hanna constituent un moyen simple d\u2019obtenir chaque fois de [&hellip;]\" \/>\n<meta property=\"og:url\" content=\"https:\/\/lemaraichermoderne.com\/en\/produit\/hanna-hi-7007l-solution-etalonnage-ph-7-01-500-ml\/\" \/>\n<meta property=\"og:site_name\" content=\"Le Mara\u00eecher Moderne\" \/>\n<meta property=\"article:publisher\" content=\"https:\/\/www.facebook.com\/lemaraichermoderne\" \/>\n<meta property=\"article:modified_time\" content=\"2026-04-16T15:31:18+00:00\" \/>\n<meta property=\"og:image\" content=\"https:\/\/lemaraichermoderne.com\/wp-content\/uploads\/2023\/10\/hanna-hi7007-ph-4-buffer-06028500013.jpg\" \/>\n\t<meta property=\"og:image:width\" content=\"1200\" \/>\n\t<meta property=\"og:image:height\" content=\"1200\" \/>\n\t<meta property=\"og:image:type\" content=\"image\/jpeg\" \/>\n<meta name=\"twitter:card\" content=\"summary_large_image\" \/>\n<meta name=\"twitter:label1\" content=\"Est. reading time\" \/>\n\t<meta name=\"twitter:data1\" content=\"1 minute\" \/>\n<script type=\"application\/ld+json\" class=\"yoast-schema-graph\">{\"@context\":\"https:\\\/\\\/schema.org\",\"@graph\":[{\"@type\":\"WebPage\",\"@id\":\"https:\\\/\\\/lemaraichermoderne.com\\\/en\\\/produit\\\/hanna-hi-7007l-solution-etalonnage-ph-7-01-500-ml\\\/\",\"url\":\"https:\\\/\\\/lemaraichermoderne.com\\\/en\\\/produit\\\/hanna-hi-7007l-solution-etalonnage-ph-7-01-500-ml\\\/\",\"name\":\"HANNA HI 7007L SOLUTION \u00c9TALONAGE PH 7.01 500 ML - Le Mara\u00eecher Moderne\",\"isPartOf\":{\"@id\":\"https:\\\/\\\/lemaraichermoderne.com\\\/en\\\/#website\"},\"primaryImageOfPage\":{\"@id\":\"https:\\\/\\\/lemaraichermoderne.com\\\/en\\\/produit\\\/hanna-hi-7007l-solution-etalonnage-ph-7-01-500-ml\\\/#primaryimage\"},\"image\":{\"@id\":\"https:\\\/\\\/lemaraichermoderne.com\\\/en\\\/produit\\\/hanna-hi-7007l-solution-etalonnage-ph-7-01-500-ml\\\/#primaryimage\"},\"thumbnailUrl\":\"https:\\\/\\\/lemaraichermoderne.com\\\/wp-content\\\/uploads\\\/2023\\\/10\\\/hanna-hi7007-ph-4-buffer-06028500013.jpg\",\"datePublished\":\"2026-04-16T15:27:20+00:00\",\"dateModified\":\"2026-04-16T15:31:18+00:00\",\"breadcrumb\":{\"@id\":\"https:\\\/\\\/lemaraichermoderne.com\\\/en\\\/produit\\\/hanna-hi-7007l-solution-etalonnage-ph-7-01-500-ml\\\/#breadcrumb\"},\"inLanguage\":\"en-US\",\"potentialAction\":[{\"@type\":\"ReadAction\",\"target\":[\"https:\\\/\\\/lemaraichermoderne.com\\\/en\\\/produit\\\/hanna-hi-7007l-solution-etalonnage-ph-7-01-500-ml\\\/\"]}]},{\"@type\":\"ImageObject\",\"inLanguage\":\"en-US\",\"@id\":\"https:\\\/\\\/lemaraichermoderne.com\\\/en\\\/produit\\\/hanna-hi-7007l-solution-etalonnage-ph-7-01-500-ml\\\/#primaryimage\",\"url\":\"https:\\\/\\\/lemaraichermoderne.com\\\/wp-content\\\/uploads\\\/2023\\\/10\\\/hanna-hi7007-ph-4-buffer-06028500013.jpg\",\"contentUrl\":\"https:\\\/\\\/lemaraichermoderne.com\\\/wp-content\\\/uploads\\\/2023\\\/10\\\/hanna-hi7007-ph-4-buffer-06028500013.jpg\",\"width\":1200,\"height\":1200,\"caption\":\"Hanna HI7007L pH 7 Buffer 500ml\"},{\"@type\":\"BreadcrumbList\",\"@id\":\"https:\\\/\\\/lemaraichermoderne.com\\\/en\\\/produit\\\/hanna-hi-7007l-solution-etalonnage-ph-7-01-500-ml\\\/#breadcrumb\",\"itemListElement\":[{\"@type\":\"ListItem\",\"position\":1,\"name\":\"Accueil\",\"item\":\"https:\\\/\\\/lemaraichermoderne.com\\\/en\\\/\"},{\"@type\":\"ListItem\",\"position\":2,\"name\":\"Boutique\",\"item\":\"https:\\\/\\\/lemaraichermoderne.com\\\/boutique\\\/\"},{\"@type\":\"ListItem\",\"position\":3,\"name\":\"HANNA HI 7007L SOLUTION \u00c9TALONAGE PH 7.01 500 ML\"}]},{\"@type\":\"WebSite\",\"@id\":\"https:\\\/\\\/lemaraichermoderne.com\\\/en\\\/#website\",\"url\":\"https:\\\/\\\/lemaraichermoderne.com\\\/en\\\/\",\"name\":\"Le Mara\u00eecher Moderne\",\"description\":\"R\u00e9f\u00e9rence en hydroponie \u00e0 Qu\u00e9bec\",\"publisher\":{\"@id\":\"https:\\\/\\\/lemaraichermoderne.com\\\/en\\\/#organization\"},\"potentialAction\":[{\"@type\":\"SearchAction\",\"target\":{\"@type\":\"EntryPoint\",\"urlTemplate\":\"https:\\\/\\\/lemaraichermoderne.com\\\/en\\\/?s={search_term_string}\"},\"query-input\":{\"@type\":\"PropertyValueSpecification\",\"valueRequired\":true,\"valueName\":\"search_term_string\"}}],\"inLanguage\":\"en-US\"},{\"@type\":\"Organization\",\"@id\":\"https:\\\/\\\/lemaraichermoderne.com\\\/en\\\/#organization\",\"name\":\"Le Mara\u00eecher Moderne\",\"url\":\"https:\\\/\\\/lemaraichermoderne.com\\\/en\\\/\",\"logo\":{\"@type\":\"ImageObject\",\"inLanguage\":\"en-US\",\"@id\":\"https:\\\/\\\/lemaraichermoderne.com\\\/en\\\/#\\\/schema\\\/logo\\\/image\\\/\",\"url\":\"https:\\\/\\\/lemaraichermoderne.com\\\/wp-content\\\/uploads\\\/2023\\\/03\\\/logo_mm1.png\",\"contentUrl\":\"https:\\\/\\\/lemaraichermoderne.com\\\/wp-content\\\/uploads\\\/2023\\\/03\\\/logo_mm1.png\",\"width\":500,\"height\":222,\"caption\":\"Le Mara\u00eecher Moderne\"},\"image\":{\"@id\":\"https:\\\/\\\/lemaraichermoderne.com\\\/en\\\/#\\\/schema\\\/logo\\\/image\\\/\"},\"sameAs\":[\"https:\\\/\\\/www.facebook.com\\\/lemaraichermoderne\",\"https:\\\/\\\/www.instagram.com\\\/lemaraichermoderne\"]}]}<\/script>\n<!-- \/ Yoast SEO plugin. -->","yoast_head_json":{"title":"HANNA HI 7007L SOLUTION \u00c9TALONAGE PH 7.01 500 ML - Le Mara\u00eecher Moderne","robots":{"index":"index","follow":"follow","max-snippet":"max-snippet:-1","max-image-preview":"max-image-preview:large","max-video-preview":"max-video-preview:-1"},"canonical":"https:\/\/lemaraichermoderne.com\/en\/produit\/hanna-hi-7007l-solution-etalonnage-ph-7-01-500-ml\/","og_locale":"en_US","og_type":"article","og_title":"HANNA HI 7007L SOLUTION \u00c9TALONAGE PH 7.01 500 ML - Le Mara\u00eecher Moderne","og_description":"HI7007L est une solution d&#8217;\u00e9talonnage de qualit\u00e9 sup\u00e9rieure PH 7.01. Avec le num\u00e9ro de lot et la date de p\u00e9remption clairement indiqu\u00e9s sur l\u2019\u00e9tiquette, ainsi qu\u2019un scellant inviolable et \u00e9tanche \u00e0 l\u2019air afin de garantir la qualit\u00e9 de la solution, les tampons d\u2019\u00e9talonnage du PH de Hanna constituent un moyen simple d\u2019obtenir chaque fois de [&hellip;]","og_url":"https:\/\/lemaraichermoderne.com\/en\/produit\/hanna-hi-7007l-solution-etalonnage-ph-7-01-500-ml\/","og_site_name":"Le Mara\u00eecher Moderne","article_publisher":"https:\/\/www.facebook.com\/lemaraichermoderne","article_modified_time":"2026-04-16T15:31:18+00:00","og_image":[{"width":1200,"height":1200,"url":"https:\/\/lemaraichermoderne.com\/wp-content\/uploads\/2023\/10\/hanna-hi7007-ph-4-buffer-06028500013.jpg","type":"image\/jpeg"}],"twitter_card":"summary_large_image","twitter_misc":{"Est. reading time":"1 minute"},"schema":{"@context":"https:\/\/schema.org","@graph":[{"@type":"WebPage","@id":"https:\/\/lemaraichermoderne.com\/en\/produit\/hanna-hi-7007l-solution-etalonnage-ph-7-01-500-ml\/","url":"https:\/\/lemaraichermoderne.com\/en\/produit\/hanna-hi-7007l-solution-etalonnage-ph-7-01-500-ml\/","name":"HANNA HI 7007L SOLUTION \u00c9TALONAGE PH 7.01 500 ML - Le Mara\u00eecher Moderne","isPartOf":{"@id":"https:\/\/lemaraichermoderne.com\/en\/#website"},"primaryImageOfPage":{"@id":"https:\/\/lemaraichermoderne.com\/en\/produit\/hanna-hi-7007l-solution-etalonnage-ph-7-01-500-ml\/#primaryimage"},"image":{"@id":"https:\/\/lemaraichermoderne.com\/en\/produit\/hanna-hi-7007l-solution-etalonnage-ph-7-01-500-ml\/#primaryimage"},"thumbnailUrl":"https:\/\/lemaraichermoderne.com\/wp-content\/uploads\/2023\/10\/hanna-hi7007-ph-4-buffer-06028500013.jpg","datePublished":"2026-04-16T15:27:20+00:00","dateModified":"2026-04-16T15:31:18+00:00","breadcrumb":{"@id":"https:\/\/lemaraichermoderne.com\/en\/produit\/hanna-hi-7007l-solution-etalonnage-ph-7-01-500-ml\/#breadcrumb"},"inLanguage":"en-US","potentialAction":[{"@type":"ReadAction","target":["https:\/\/lemaraichermoderne.com\/en\/produit\/hanna-hi-7007l-solution-etalonnage-ph-7-01-500-ml\/"]}]},{"@type":"ImageObject","inLanguage":"en-US","@id":"https:\/\/lemaraichermoderne.com\/en\/produit\/hanna-hi-7007l-solution-etalonnage-ph-7-01-500-ml\/#primaryimage","url":"https:\/\/lemaraichermoderne.com\/wp-content\/uploads\/2023\/10\/hanna-hi7007-ph-4-buffer-06028500013.jpg","contentUrl":"https:\/\/lemaraichermoderne.com\/wp-content\/uploads\/2023\/10\/hanna-hi7007-ph-4-buffer-06028500013.jpg","width":1200,"height":1200,"caption":"Hanna HI7007L pH 7 Buffer 500ml"},{"@type":"BreadcrumbList","@id":"https:\/\/lemaraichermoderne.com\/en\/produit\/hanna-hi-7007l-solution-etalonnage-ph-7-01-500-ml\/#breadcrumb","itemListElement":[{"@type":"ListItem","position":1,"name":"Accueil","item":"https:\/\/lemaraichermoderne.com\/en\/"},{"@type":"ListItem","position":2,"name":"Boutique","item":"https:\/\/lemaraichermoderne.com\/boutique\/"},{"@type":"ListItem","position":3,"name":"HANNA HI 7007L SOLUTION \u00c9TALONAGE PH 7.01 500 ML"}]},{"@type":"WebSite","@id":"https:\/\/lemaraichermoderne.com\/en\/#website","url":"https:\/\/lemaraichermoderne.com\/en\/","name":"Le Mara\u00eecher Moderne","description":"R\u00e9f\u00e9rence en hydroponie \u00e0 Qu\u00e9bec","publisher":{"@id":"https:\/\/lemaraichermoderne.com\/en\/#organization"},"potentialAction":[{"@type":"SearchAction","target":{"@type":"EntryPoint","urlTemplate":"https:\/\/lemaraichermoderne.com\/en\/?s={search_term_string}"},"query-input":{"@type":"PropertyValueSpecification","valueRequired":true,"valueName":"search_term_string"}}],"inLanguage":"en-US"},{"@type":"Organization","@id":"https:\/\/lemaraichermoderne.com\/en\/#organization","name":"Le Mara\u00eecher Moderne","url":"https:\/\/lemaraichermoderne.com\/en\/","logo":{"@type":"ImageObject","inLanguage":"en-US","@id":"https:\/\/lemaraichermoderne.com\/en\/#\/schema\/logo\/image\/","url":"https:\/\/lemaraichermoderne.com\/wp-content\/uploads\/2023\/03\/logo_mm1.png","contentUrl":"https:\/\/lemaraichermoderne.com\/wp-content\/uploads\/2023\/03\/logo_mm1.png","width":500,"height":222,"caption":"Le Mara\u00eecher Moderne"},"image":{"@id":"https:\/\/lemaraichermoderne.com\/en\/#\/schema\/logo\/image\/"},"sameAs":["https:\/\/www.facebook.com\/lemaraichermoderne","https:\/\/www.instagram.com\/lemaraichermoderne"]}]}},"_links":{"self":[{"href":"https:\/\/lemaraichermoderne.com\/en\/wp-json\/wp\/v2\/product\/10775","targetHints":{"allow":["GET"]}}],"collection":[{"href":"https:\/\/lemaraichermoderne.com\/en\/wp-json\/wp\/v2\/product"}],"about":[{"href":"https:\/\/lemaraichermoderne.com\/en\/wp-json\/wp\/v2\/types\/product"}],"wp:featuredmedia":[{"embeddable":true,"href":"https:\/\/lemaraichermoderne.com\/en\/wp-json\/wp\/v2\/media\/1706"}],"wp:attachment":[{"href":"https:\/\/lemaraichermoderne.com\/en\/wp-json\/wp\/v2\/media?parent=10775"}],"wp:term":[{"taxonomy":"product_brand","embeddable":true,"href":"https:\/\/lemaraichermoderne.com\/en\/wp-json\/wp\/v2\/product_brand?post=10775"},{"taxonomy":"product_cat","embeddable":true,"href":"https:\/\/lemaraichermoderne.com\/en\/wp-json\/wp\/v2\/product_cat?post=10775"},{"taxonomy":"product_tag","embeddable":true,"href":"https:\/\/lemaraichermoderne.com\/en\/wp-json\/wp\/v2\/product_tag?post=10775"}],"curies":[{"name":"wp","href":"https:\/\/api.w.org\/{rel}","templated":true}]}}