{"id":10776,"date":"2026-04-16T11:31:51","date_gmt":"2026-04-16T15:31:51","guid":{"rendered":"https:\/\/lemaraichermoderne.com\/?post_type=product&#038;p=10776"},"modified":"2026-04-16T11:32:15","modified_gmt":"2026-04-16T15:32:15","slug":"hanna-hi-7004l-solution-etalonnage-ph-4-01-500-ml","status":"publish","type":"product","link":"https:\/\/lemaraichermoderne.com\/en\/produit\/hanna-hi-7004l-solution-etalonnage-ph-4-01-500-ml\/","title":{"rendered":"HANNA HI 7004L SOLUTION \u00c9TALONNAGE PH 4 .01 500 ML"},"content":{"rendered":"<p>HI7004L est une solution d\u2019\u00e9talonnage PH 4.01 de qualit\u00e9 sup\u00e9rieure.<\/p>\n<p>Les tampons d\u2019\u00e9talonnage Hanna portent clairement le num\u00e9ro de lot et la date de p\u00e9remption sur l\u2019\u00e9tiquette et sont \u00e9tanches \u00e0 l\u2019air avec un sceau inviolable garantissant la qualit\u00e9 de la solution.<br \/>\nLa gamme de tampons d\u2019\u00e9talonnage Hanna a \u00e9t\u00e9 sp\u00e9cialement formul\u00e9e pour expirer 5 ans \u00e0 compter de la date de fabrication pour une bouteille non ouverte.<\/p>\n<p>HI7004L &#8230;<br \/>\n&#8211; \u00c9tiquette \u00e0 code de couleur pour une identification facile de la valeur du tampon PH<br \/>\n&#8211; Pr\u00e9cision de +\/- 0,01 pH \u00e0 25 \u00b0 C<br \/>\n&#8211; Tableau de temp\u00e9rature de la valeur de pH r\u00e9elle \u00e0 diff\u00e9rentes temp\u00e9ratures imprim\u00e9e sur chaque bouteille<\/p>\n<p><strong>Description d\u00e9taill\u00e9e<br \/>\n<\/strong><br \/>\nNorme de pr\u00e9cision: \u00b1 0,01 PH<br \/>\nValeur du pH \u00e0 25 \u00b0 C: 4.01<br \/>\n<strong><br \/>\nLe forfait comprend:<\/strong><\/p>\n<p>1x HI7004L Solution d&#8217;\u00e9talonnage PH 4.01 500ML<\/p>\n","protected":false},"excerpt":{"rendered":"<p>HI7004L est une solution d\u2019\u00e9talonnage PH 4.01 de qualit\u00e9 sup\u00e9rieure. Les tampons d\u2019\u00e9talonnage Hanna portent clairement le num\u00e9ro de lot et la date de p\u00e9remption sur l\u2019\u00e9tiquette et sont \u00e9tanches \u00e0 l\u2019air avec un sceau inviolable garantissant la qualit\u00e9 de la solution. La gamme de tampons d\u2019\u00e9talonnage Hanna a \u00e9t\u00e9 sp\u00e9cialement formul\u00e9e pour expirer 5 [&hellip;]<\/p>\n","protected":false},"featured_media":1708,"template":"","meta":[],"product_brand":[],"product_cat":[32],"product_tag":[],"class_list":{"0":"post-10776","1":"product","2":"type-product","3":"status-publish","4":"has-post-thumbnail","6":"product_cat-controle-de-leau","8":"first","9":"instock","10":"taxable","11":"shipping-taxable","12":"purchasable","13":"product-type-simple"},"yoast_head":"<!-- This site is optimized with the Yoast SEO plugin v27.4 - https:\/\/yoast.com\/product\/yoast-seo-wordpress\/ -->\n<title>HANNA HI 7004L SOLUTION \u00c9TALONNAGE PH 4 .01 500 ML - Le Mara\u00eecher Moderne<\/title>\n<meta name=\"robots\" content=\"index, follow, max-snippet:-1, max-image-preview:large, max-video-preview:-1\" \/>\n<link rel=\"canonical\" href=\"https:\/\/lemaraichermoderne.com\/en\/produit\/hanna-hi-7004l-solution-etalonnage-ph-4-01-500-ml\/\" \/>\n<meta property=\"og:locale\" content=\"en_US\" \/>\n<meta property=\"og:type\" content=\"article\" \/>\n<meta property=\"og:title\" content=\"HANNA HI 7004L SOLUTION \u00c9TALONNAGE PH 4 .01 500 ML - Le Mara\u00eecher Moderne\" \/>\n<meta property=\"og:description\" content=\"HI7004L est une solution d\u2019\u00e9talonnage PH 4.01 de qualit\u00e9 sup\u00e9rieure. Les tampons d\u2019\u00e9talonnage Hanna portent clairement le num\u00e9ro de lot et la date de p\u00e9remption sur l\u2019\u00e9tiquette et sont \u00e9tanches \u00e0 l\u2019air avec un sceau inviolable garantissant la qualit\u00e9 de la solution. La gamme de tampons d\u2019\u00e9talonnage Hanna a \u00e9t\u00e9 sp\u00e9cialement formul\u00e9e pour expirer 5 [&hellip;]\" \/>\n<meta property=\"og:url\" content=\"https:\/\/lemaraichermoderne.com\/en\/produit\/hanna-hi-7004l-solution-etalonnage-ph-4-01-500-ml\/\" \/>\n<meta property=\"og:site_name\" content=\"Le Mara\u00eecher Moderne\" \/>\n<meta property=\"article:publisher\" content=\"https:\/\/www.facebook.com\/lemaraichermoderne\" \/>\n<meta property=\"article:modified_time\" content=\"2026-04-16T15:32:15+00:00\" \/>\n<meta property=\"og:image\" content=\"https:\/\/lemaraichermoderne.com\/wp-content\/uploads\/2023\/10\/hanna-hi7004-ph-4-buffer-06028500014.jpg\" \/>\n\t<meta property=\"og:image:width\" content=\"1200\" \/>\n\t<meta property=\"og:image:height\" content=\"1200\" \/>\n\t<meta property=\"og:image:type\" content=\"image\/jpeg\" \/>\n<meta name=\"twitter:card\" content=\"summary_large_image\" \/>\n<meta name=\"twitter:label1\" content=\"Est. reading time\" \/>\n\t<meta name=\"twitter:data1\" content=\"1 minute\" \/>\n<script type=\"application\/ld+json\" class=\"yoast-schema-graph\">{\"@context\":\"https:\\\/\\\/schema.org\",\"@graph\":[{\"@type\":\"WebPage\",\"@id\":\"https:\\\/\\\/lemaraichermoderne.com\\\/en\\\/produit\\\/hanna-hi-7004l-solution-etalonnage-ph-4-01-500-ml\\\/\",\"url\":\"https:\\\/\\\/lemaraichermoderne.com\\\/en\\\/produit\\\/hanna-hi-7004l-solution-etalonnage-ph-4-01-500-ml\\\/\",\"name\":\"HANNA HI 7004L SOLUTION \u00c9TALONNAGE PH 4 .01 500 ML - Le Mara\u00eecher Moderne\",\"isPartOf\":{\"@id\":\"https:\\\/\\\/lemaraichermoderne.com\\\/en\\\/#website\"},\"primaryImageOfPage\":{\"@id\":\"https:\\\/\\\/lemaraichermoderne.com\\\/en\\\/produit\\\/hanna-hi-7004l-solution-etalonnage-ph-4-01-500-ml\\\/#primaryimage\"},\"image\":{\"@id\":\"https:\\\/\\\/lemaraichermoderne.com\\\/en\\\/produit\\\/hanna-hi-7004l-solution-etalonnage-ph-4-01-500-ml\\\/#primaryimage\"},\"thumbnailUrl\":\"https:\\\/\\\/lemaraichermoderne.com\\\/wp-content\\\/uploads\\\/2023\\\/10\\\/hanna-hi7004-ph-4-buffer-06028500014.jpg\",\"datePublished\":\"2026-04-16T15:31:51+00:00\",\"dateModified\":\"2026-04-16T15:32:15+00:00\",\"breadcrumb\":{\"@id\":\"https:\\\/\\\/lemaraichermoderne.com\\\/en\\\/produit\\\/hanna-hi-7004l-solution-etalonnage-ph-4-01-500-ml\\\/#breadcrumb\"},\"inLanguage\":\"en-US\",\"potentialAction\":[{\"@type\":\"ReadAction\",\"target\":[\"https:\\\/\\\/lemaraichermoderne.com\\\/en\\\/produit\\\/hanna-hi-7004l-solution-etalonnage-ph-4-01-500-ml\\\/\"]}]},{\"@type\":\"ImageObject\",\"inLanguage\":\"en-US\",\"@id\":\"https:\\\/\\\/lemaraichermoderne.com\\\/en\\\/produit\\\/hanna-hi-7004l-solution-etalonnage-ph-4-01-500-ml\\\/#primaryimage\",\"url\":\"https:\\\/\\\/lemaraichermoderne.com\\\/wp-content\\\/uploads\\\/2023\\\/10\\\/hanna-hi7004-ph-4-buffer-06028500014.jpg\",\"contentUrl\":\"https:\\\/\\\/lemaraichermoderne.com\\\/wp-content\\\/uploads\\\/2023\\\/10\\\/hanna-hi7004-ph-4-buffer-06028500014.jpg\",\"width\":1200,\"height\":1200},{\"@type\":\"BreadcrumbList\",\"@id\":\"https:\\\/\\\/lemaraichermoderne.com\\\/en\\\/produit\\\/hanna-hi-7004l-solution-etalonnage-ph-4-01-500-ml\\\/#breadcrumb\",\"itemListElement\":[{\"@type\":\"ListItem\",\"position\":1,\"name\":\"Accueil\",\"item\":\"https:\\\/\\\/lemaraichermoderne.com\\\/en\\\/\"},{\"@type\":\"ListItem\",\"position\":2,\"name\":\"Boutique\",\"item\":\"https:\\\/\\\/lemaraichermoderne.com\\\/boutique\\\/\"},{\"@type\":\"ListItem\",\"position\":3,\"name\":\"HANNA HI 7004L SOLUTION \u00c9TALONNAGE PH 4 .01 500 ML\"}]},{\"@type\":\"WebSite\",\"@id\":\"https:\\\/\\\/lemaraichermoderne.com\\\/en\\\/#website\",\"url\":\"https:\\\/\\\/lemaraichermoderne.com\\\/en\\\/\",\"name\":\"Le Mara\u00eecher Moderne\",\"description\":\"R\u00e9f\u00e9rence en hydroponie \u00e0 Qu\u00e9bec\",\"publisher\":{\"@id\":\"https:\\\/\\\/lemaraichermoderne.com\\\/en\\\/#organization\"},\"potentialAction\":[{\"@type\":\"SearchAction\",\"target\":{\"@type\":\"EntryPoint\",\"urlTemplate\":\"https:\\\/\\\/lemaraichermoderne.com\\\/en\\\/?s={search_term_string}\"},\"query-input\":{\"@type\":\"PropertyValueSpecification\",\"valueRequired\":true,\"valueName\":\"search_term_string\"}}],\"inLanguage\":\"en-US\"},{\"@type\":\"Organization\",\"@id\":\"https:\\\/\\\/lemaraichermoderne.com\\\/en\\\/#organization\",\"name\":\"Le Mara\u00eecher Moderne\",\"url\":\"https:\\\/\\\/lemaraichermoderne.com\\\/en\\\/\",\"logo\":{\"@type\":\"ImageObject\",\"inLanguage\":\"en-US\",\"@id\":\"https:\\\/\\\/lemaraichermoderne.com\\\/en\\\/#\\\/schema\\\/logo\\\/image\\\/\",\"url\":\"https:\\\/\\\/lemaraichermoderne.com\\\/wp-content\\\/uploads\\\/2023\\\/03\\\/logo_mm1.png\",\"contentUrl\":\"https:\\\/\\\/lemaraichermoderne.com\\\/wp-content\\\/uploads\\\/2023\\\/03\\\/logo_mm1.png\",\"width\":500,\"height\":222,\"caption\":\"Le Mara\u00eecher Moderne\"},\"image\":{\"@id\":\"https:\\\/\\\/lemaraichermoderne.com\\\/en\\\/#\\\/schema\\\/logo\\\/image\\\/\"},\"sameAs\":[\"https:\\\/\\\/www.facebook.com\\\/lemaraichermoderne\",\"https:\\\/\\\/www.instagram.com\\\/lemaraichermoderne\"]}]}<\/script>\n<!-- \/ Yoast SEO plugin. -->","yoast_head_json":{"title":"HANNA HI 7004L SOLUTION \u00c9TALONNAGE PH 4 .01 500 ML - Le Mara\u00eecher Moderne","robots":{"index":"index","follow":"follow","max-snippet":"max-snippet:-1","max-image-preview":"max-image-preview:large","max-video-preview":"max-video-preview:-1"},"canonical":"https:\/\/lemaraichermoderne.com\/en\/produit\/hanna-hi-7004l-solution-etalonnage-ph-4-01-500-ml\/","og_locale":"en_US","og_type":"article","og_title":"HANNA HI 7004L SOLUTION \u00c9TALONNAGE PH 4 .01 500 ML - Le Mara\u00eecher Moderne","og_description":"HI7004L est une solution d\u2019\u00e9talonnage PH 4.01 de qualit\u00e9 sup\u00e9rieure. Les tampons d\u2019\u00e9talonnage Hanna portent clairement le num\u00e9ro de lot et la date de p\u00e9remption sur l\u2019\u00e9tiquette et sont \u00e9tanches \u00e0 l\u2019air avec un sceau inviolable garantissant la qualit\u00e9 de la solution. La gamme de tampons d\u2019\u00e9talonnage Hanna a \u00e9t\u00e9 sp\u00e9cialement formul\u00e9e pour expirer 5 [&hellip;]","og_url":"https:\/\/lemaraichermoderne.com\/en\/produit\/hanna-hi-7004l-solution-etalonnage-ph-4-01-500-ml\/","og_site_name":"Le Mara\u00eecher Moderne","article_publisher":"https:\/\/www.facebook.com\/lemaraichermoderne","article_modified_time":"2026-04-16T15:32:15+00:00","og_image":[{"width":1200,"height":1200,"url":"https:\/\/lemaraichermoderne.com\/wp-content\/uploads\/2023\/10\/hanna-hi7004-ph-4-buffer-06028500014.jpg","type":"image\/jpeg"}],"twitter_card":"summary_large_image","twitter_misc":{"Est. reading time":"1 minute"},"schema":{"@context":"https:\/\/schema.org","@graph":[{"@type":"WebPage","@id":"https:\/\/lemaraichermoderne.com\/en\/produit\/hanna-hi-7004l-solution-etalonnage-ph-4-01-500-ml\/","url":"https:\/\/lemaraichermoderne.com\/en\/produit\/hanna-hi-7004l-solution-etalonnage-ph-4-01-500-ml\/","name":"HANNA HI 7004L SOLUTION \u00c9TALONNAGE PH 4 .01 500 ML - Le Mara\u00eecher Moderne","isPartOf":{"@id":"https:\/\/lemaraichermoderne.com\/en\/#website"},"primaryImageOfPage":{"@id":"https:\/\/lemaraichermoderne.com\/en\/produit\/hanna-hi-7004l-solution-etalonnage-ph-4-01-500-ml\/#primaryimage"},"image":{"@id":"https:\/\/lemaraichermoderne.com\/en\/produit\/hanna-hi-7004l-solution-etalonnage-ph-4-01-500-ml\/#primaryimage"},"thumbnailUrl":"https:\/\/lemaraichermoderne.com\/wp-content\/uploads\/2023\/10\/hanna-hi7004-ph-4-buffer-06028500014.jpg","datePublished":"2026-04-16T15:31:51+00:00","dateModified":"2026-04-16T15:32:15+00:00","breadcrumb":{"@id":"https:\/\/lemaraichermoderne.com\/en\/produit\/hanna-hi-7004l-solution-etalonnage-ph-4-01-500-ml\/#breadcrumb"},"inLanguage":"en-US","potentialAction":[{"@type":"ReadAction","target":["https:\/\/lemaraichermoderne.com\/en\/produit\/hanna-hi-7004l-solution-etalonnage-ph-4-01-500-ml\/"]}]},{"@type":"ImageObject","inLanguage":"en-US","@id":"https:\/\/lemaraichermoderne.com\/en\/produit\/hanna-hi-7004l-solution-etalonnage-ph-4-01-500-ml\/#primaryimage","url":"https:\/\/lemaraichermoderne.com\/wp-content\/uploads\/2023\/10\/hanna-hi7004-ph-4-buffer-06028500014.jpg","contentUrl":"https:\/\/lemaraichermoderne.com\/wp-content\/uploads\/2023\/10\/hanna-hi7004-ph-4-buffer-06028500014.jpg","width":1200,"height":1200},{"@type":"BreadcrumbList","@id":"https:\/\/lemaraichermoderne.com\/en\/produit\/hanna-hi-7004l-solution-etalonnage-ph-4-01-500-ml\/#breadcrumb","itemListElement":[{"@type":"ListItem","position":1,"name":"Accueil","item":"https:\/\/lemaraichermoderne.com\/en\/"},{"@type":"ListItem","position":2,"name":"Boutique","item":"https:\/\/lemaraichermoderne.com\/boutique\/"},{"@type":"ListItem","position":3,"name":"HANNA HI 7004L SOLUTION \u00c9TALONNAGE PH 4 .01 500 ML"}]},{"@type":"WebSite","@id":"https:\/\/lemaraichermoderne.com\/en\/#website","url":"https:\/\/lemaraichermoderne.com\/en\/","name":"Le Mara\u00eecher Moderne","description":"R\u00e9f\u00e9rence en hydroponie \u00e0 Qu\u00e9bec","publisher":{"@id":"https:\/\/lemaraichermoderne.com\/en\/#organization"},"potentialAction":[{"@type":"SearchAction","target":{"@type":"EntryPoint","urlTemplate":"https:\/\/lemaraichermoderne.com\/en\/?s={search_term_string}"},"query-input":{"@type":"PropertyValueSpecification","valueRequired":true,"valueName":"search_term_string"}}],"inLanguage":"en-US"},{"@type":"Organization","@id":"https:\/\/lemaraichermoderne.com\/en\/#organization","name":"Le Mara\u00eecher Moderne","url":"https:\/\/lemaraichermoderne.com\/en\/","logo":{"@type":"ImageObject","inLanguage":"en-US","@id":"https:\/\/lemaraichermoderne.com\/en\/#\/schema\/logo\/image\/","url":"https:\/\/lemaraichermoderne.com\/wp-content\/uploads\/2023\/03\/logo_mm1.png","contentUrl":"https:\/\/lemaraichermoderne.com\/wp-content\/uploads\/2023\/03\/logo_mm1.png","width":500,"height":222,"caption":"Le Mara\u00eecher Moderne"},"image":{"@id":"https:\/\/lemaraichermoderne.com\/en\/#\/schema\/logo\/image\/"},"sameAs":["https:\/\/www.facebook.com\/lemaraichermoderne","https:\/\/www.instagram.com\/lemaraichermoderne"]}]}},"_links":{"self":[{"href":"https:\/\/lemaraichermoderne.com\/en\/wp-json\/wp\/v2\/product\/10776","targetHints":{"allow":["GET"]}}],"collection":[{"href":"https:\/\/lemaraichermoderne.com\/en\/wp-json\/wp\/v2\/product"}],"about":[{"href":"https:\/\/lemaraichermoderne.com\/en\/wp-json\/wp\/v2\/types\/product"}],"wp:featuredmedia":[{"embeddable":true,"href":"https:\/\/lemaraichermoderne.com\/en\/wp-json\/wp\/v2\/media\/1708"}],"wp:attachment":[{"href":"https:\/\/lemaraichermoderne.com\/en\/wp-json\/wp\/v2\/media?parent=10776"}],"wp:term":[{"taxonomy":"product_brand","embeddable":true,"href":"https:\/\/lemaraichermoderne.com\/en\/wp-json\/wp\/v2\/product_brand?post=10776"},{"taxonomy":"product_cat","embeddable":true,"href":"https:\/\/lemaraichermoderne.com\/en\/wp-json\/wp\/v2\/product_cat?post=10776"},{"taxonomy":"product_tag","embeddable":true,"href":"https:\/\/lemaraichermoderne.com\/en\/wp-json\/wp\/v2\/product_tag?post=10776"}],"curies":[{"name":"wp","href":"https:\/\/api.w.org\/{rel}","templated":true}]}}