{"id":122,"date":"2023-03-16T22:42:23","date_gmt":"2023-03-16T21:42:23","guid":{"rendered":"https:\/\/conceptwebactiv.com\/dev\/lemaraichermoderne\/?post_type=product&#038;p=122"},"modified":"2025-09-19T14:20:01","modified_gmt":"2025-09-19T18:20:01","slug":"cx-horticulture-regen-a-racine","status":"publish","type":"product","link":"https:\/\/lemaraichermoderne.com\/en\/produit\/cx-horticulture-regen-a-racine\/","title":{"rendered":"CX Horticulture Regen-A-racine"},"content":{"rendered":"<p>CX HORTICULTURE REGEN Une racine est un tonique de croissance racine sans hormones qui garantit un d\u00e9veloppement sain de la racine et une absorption maximale des \u00e9l\u00e9ments nutritifs pendant toutes les phases de croissance et de fleur.<\/p>\n<p>Regen-a-root stimule la croissance des racines du monstre tout en augmentant les d\u00e9fenses immunitaires naturelles des syst\u00e8mes racinaires des plantes.<br \/>\nAu lieu de contenir des hormones d&#8217;enracinement, Regen-a-root contient les pr\u00e9curseurs requis pour les auxines plantes naturelles.<br \/>\nCette approche garantit un d\u00e9veloppement des racines ph\u00e9nom\u00e9nales sans sacrifier la croissance de la croissance, ce qui la rend sans danger dans des \u00e9tapes v\u00e9g\u00e9tatives et florales.<br \/>\nRegen-a-root est con\u00e7u pour travailler tout au long du cycle de vie de votre plante et non seulement la p\u00e9riode v\u00e9g\u00e9tative, stimulant des racines saines massives qui n&#8217;arr\u00eatent tout simplement pas de grandir!<br \/>\nIl peut \u00eatre utilis\u00e9 dans tous les types de syst\u00e8mes hydroponique, de sol et de coco.<br \/>\nUn syst\u00e8me de racine luxuriante et productif et luxuriant \u00e0 chaque fois est la garantie de CX Horticulture.<\/p>\n<p>Le Regen-a-racine &#8230;<br \/>\n&#8211; Stimule la croissance de la racine massive du d\u00e9but \u00e0 la finition<br \/>\n&#8211; Les racines suppl\u00e9mentaires ne sacrifient pas la croissance de la grande croissance<br \/>\n&#8211; fonctionne propre dans tous les syst\u00e8mes<br \/>\n&#8211; R\u00e9parations racines perdues \u00e0 la maladie<\/p>\n<p>Description d\u00e9taill\u00e9e:<\/p>\n<p>&#8211; azote 0%<br \/>\n&#8211; phosphate 0%<br \/>\n&#8211; Potash 1%<br \/>\n&#8211; Directions: Utilisez \u00e0 1 ml \/ L pendant toutes les phases du clonage, de la croissance et de la floraison.<br \/>\n&#8211; Taille disponible 1L<\/p>\n","protected":false},"excerpt":{"rendered":"<p>CX HORTICULTURE REGEN Une racine est un tonique de croissance racine sans hormones qui garantit un d\u00e9veloppement sain de la racine et une absorption maximale des \u00e9l\u00e9ments nutritifs pendant toutes les phases de croissance et de fleur. Regen-a-root stimule la croissance des racines du monstre tout en augmentant les d\u00e9fenses immunitaires naturelles des syst\u00e8mes racinaires [&hellip;]<\/p>\n","protected":false},"featured_media":123,"template":"","meta":[],"product_brand":[],"product_cat":[21],"product_tag":[],"class_list":{"0":"post-122","1":"product","2":"type-product","3":"status-publish","4":"has-post-thumbnail","6":"product_cat-nutriments","8":"first","9":"instock","10":"taxable","11":"shipping-taxable","12":"purchasable","13":"product-type-simple"},"yoast_head":"<!-- This site is optimized with the Yoast SEO plugin v27.4 - https:\/\/yoast.com\/product\/yoast-seo-wordpress\/ -->\n<title>CX Horticulture Regen-A-racine - Le Mara\u00eecher Moderne<\/title>\n<meta name=\"robots\" content=\"index, follow, max-snippet:-1, max-image-preview:large, max-video-preview:-1\" \/>\n<link rel=\"canonical\" href=\"https:\/\/lemaraichermoderne.com\/en\/produit\/cx-horticulture-regen-a-racine\/\" \/>\n<meta property=\"og:locale\" content=\"en_US\" \/>\n<meta property=\"og:type\" content=\"article\" \/>\n<meta property=\"og:title\" content=\"CX Horticulture Regen-A-racine - Le Mara\u00eecher Moderne\" \/>\n<meta property=\"og:description\" content=\"CX HORTICULTURE REGEN Une racine est un tonique de croissance racine sans hormones qui garantit un d\u00e9veloppement sain de la racine et une absorption maximale des \u00e9l\u00e9ments nutritifs pendant toutes les phases de croissance et de fleur. Regen-a-root stimule la croissance des racines du monstre tout en augmentant les d\u00e9fenses immunitaires naturelles des syst\u00e8mes racinaires [&hellip;]\" \/>\n<meta property=\"og:url\" content=\"https:\/\/lemaraichermoderne.com\/en\/produit\/cx-horticulture-regen-a-racine\/\" \/>\n<meta property=\"og:site_name\" content=\"Le Mara\u00eecher Moderne\" \/>\n<meta property=\"article:publisher\" content=\"https:\/\/www.facebook.com\/lemaraichermoderne\" \/>\n<meta property=\"article:modified_time\" content=\"2025-09-19T18:20:01+00:00\" \/>\n<meta property=\"og:image\" content=\"https:\/\/lemaraichermoderne.com\/wp-content\/uploads\/2023\/03\/Regen-a-root.webp\" \/>\n\t<meta property=\"og:image:width\" content=\"1000\" \/>\n\t<meta property=\"og:image:height\" content=\"1000\" \/>\n\t<meta property=\"og:image:type\" content=\"image\/webp\" \/>\n<meta name=\"twitter:card\" content=\"summary_large_image\" \/>\n<meta name=\"twitter:label1\" content=\"Est. reading time\" \/>\n\t<meta name=\"twitter:data1\" content=\"2 minutes\" \/>\n<script type=\"application\/ld+json\" class=\"yoast-schema-graph\">{\"@context\":\"https:\\\/\\\/schema.org\",\"@graph\":[{\"@type\":\"WebPage\",\"@id\":\"https:\\\/\\\/lemaraichermoderne.com\\\/en\\\/produit\\\/cx-horticulture-regen-a-racine\\\/\",\"url\":\"https:\\\/\\\/lemaraichermoderne.com\\\/en\\\/produit\\\/cx-horticulture-regen-a-racine\\\/\",\"name\":\"CX Horticulture Regen-A-racine - Le Mara\u00eecher Moderne\",\"isPartOf\":{\"@id\":\"https:\\\/\\\/lemaraichermoderne.com\\\/en\\\/#website\"},\"primaryImageOfPage\":{\"@id\":\"https:\\\/\\\/lemaraichermoderne.com\\\/en\\\/produit\\\/cx-horticulture-regen-a-racine\\\/#primaryimage\"},\"image\":{\"@id\":\"https:\\\/\\\/lemaraichermoderne.com\\\/en\\\/produit\\\/cx-horticulture-regen-a-racine\\\/#primaryimage\"},\"thumbnailUrl\":\"https:\\\/\\\/lemaraichermoderne.com\\\/wp-content\\\/uploads\\\/2023\\\/03\\\/Regen-a-root.webp\",\"datePublished\":\"2023-03-16T21:42:23+00:00\",\"dateModified\":\"2025-09-19T18:20:01+00:00\",\"breadcrumb\":{\"@id\":\"https:\\\/\\\/lemaraichermoderne.com\\\/en\\\/produit\\\/cx-horticulture-regen-a-racine\\\/#breadcrumb\"},\"inLanguage\":\"en-US\",\"potentialAction\":[{\"@type\":\"ReadAction\",\"target\":[\"https:\\\/\\\/lemaraichermoderne.com\\\/en\\\/produit\\\/cx-horticulture-regen-a-racine\\\/\"]}]},{\"@type\":\"ImageObject\",\"inLanguage\":\"en-US\",\"@id\":\"https:\\\/\\\/lemaraichermoderne.com\\\/en\\\/produit\\\/cx-horticulture-regen-a-racine\\\/#primaryimage\",\"url\":\"https:\\\/\\\/lemaraichermoderne.com\\\/wp-content\\\/uploads\\\/2023\\\/03\\\/Regen-a-root.webp\",\"contentUrl\":\"https:\\\/\\\/lemaraichermoderne.com\\\/wp-content\\\/uploads\\\/2023\\\/03\\\/Regen-a-root.webp\",\"width\":1000,\"height\":1000},{\"@type\":\"BreadcrumbList\",\"@id\":\"https:\\\/\\\/lemaraichermoderne.com\\\/en\\\/produit\\\/cx-horticulture-regen-a-racine\\\/#breadcrumb\",\"itemListElement\":[{\"@type\":\"ListItem\",\"position\":1,\"name\":\"Accueil\",\"item\":\"https:\\\/\\\/lemaraichermoderne.com\\\/en\\\/\"},{\"@type\":\"ListItem\",\"position\":2,\"name\":\"Boutique\",\"item\":\"https:\\\/\\\/lemaraichermoderne.com\\\/boutique\\\/\"},{\"@type\":\"ListItem\",\"position\":3,\"name\":\"CX Horticulture Regen-A-racine\"}]},{\"@type\":\"WebSite\",\"@id\":\"https:\\\/\\\/lemaraichermoderne.com\\\/en\\\/#website\",\"url\":\"https:\\\/\\\/lemaraichermoderne.com\\\/en\\\/\",\"name\":\"Le Mara\u00eecher Moderne\",\"description\":\"R\u00e9f\u00e9rence en hydroponie \u00e0 Qu\u00e9bec\",\"publisher\":{\"@id\":\"https:\\\/\\\/lemaraichermoderne.com\\\/en\\\/#organization\"},\"potentialAction\":[{\"@type\":\"SearchAction\",\"target\":{\"@type\":\"EntryPoint\",\"urlTemplate\":\"https:\\\/\\\/lemaraichermoderne.com\\\/en\\\/?s={search_term_string}\"},\"query-input\":{\"@type\":\"PropertyValueSpecification\",\"valueRequired\":true,\"valueName\":\"search_term_string\"}}],\"inLanguage\":\"en-US\"},{\"@type\":\"Organization\",\"@id\":\"https:\\\/\\\/lemaraichermoderne.com\\\/en\\\/#organization\",\"name\":\"Le Mara\u00eecher Moderne\",\"url\":\"https:\\\/\\\/lemaraichermoderne.com\\\/en\\\/\",\"logo\":{\"@type\":\"ImageObject\",\"inLanguage\":\"en-US\",\"@id\":\"https:\\\/\\\/lemaraichermoderne.com\\\/en\\\/#\\\/schema\\\/logo\\\/image\\\/\",\"url\":\"https:\\\/\\\/lemaraichermoderne.com\\\/wp-content\\\/uploads\\\/2023\\\/03\\\/logo_mm1.png\",\"contentUrl\":\"https:\\\/\\\/lemaraichermoderne.com\\\/wp-content\\\/uploads\\\/2023\\\/03\\\/logo_mm1.png\",\"width\":500,\"height\":222,\"caption\":\"Le Mara\u00eecher Moderne\"},\"image\":{\"@id\":\"https:\\\/\\\/lemaraichermoderne.com\\\/en\\\/#\\\/schema\\\/logo\\\/image\\\/\"},\"sameAs\":[\"https:\\\/\\\/www.facebook.com\\\/lemaraichermoderne\",\"https:\\\/\\\/www.instagram.com\\\/lemaraichermoderne\"]}]}<\/script>\n<!-- \/ Yoast SEO plugin. -->","yoast_head_json":{"title":"CX Horticulture Regen-A-racine - Le Mara\u00eecher Moderne","robots":{"index":"index","follow":"follow","max-snippet":"max-snippet:-1","max-image-preview":"max-image-preview:large","max-video-preview":"max-video-preview:-1"},"canonical":"https:\/\/lemaraichermoderne.com\/en\/produit\/cx-horticulture-regen-a-racine\/","og_locale":"en_US","og_type":"article","og_title":"CX Horticulture Regen-A-racine - Le Mara\u00eecher Moderne","og_description":"CX HORTICULTURE REGEN Une racine est un tonique de croissance racine sans hormones qui garantit un d\u00e9veloppement sain de la racine et une absorption maximale des \u00e9l\u00e9ments nutritifs pendant toutes les phases de croissance et de fleur. Regen-a-root stimule la croissance des racines du monstre tout en augmentant les d\u00e9fenses immunitaires naturelles des syst\u00e8mes racinaires [&hellip;]","og_url":"https:\/\/lemaraichermoderne.com\/en\/produit\/cx-horticulture-regen-a-racine\/","og_site_name":"Le Mara\u00eecher Moderne","article_publisher":"https:\/\/www.facebook.com\/lemaraichermoderne","article_modified_time":"2025-09-19T18:20:01+00:00","og_image":[{"width":1000,"height":1000,"url":"https:\/\/lemaraichermoderne.com\/wp-content\/uploads\/2023\/03\/Regen-a-root.webp","type":"image\/webp"}],"twitter_card":"summary_large_image","twitter_misc":{"Est. reading time":"2 minutes"},"schema":{"@context":"https:\/\/schema.org","@graph":[{"@type":"WebPage","@id":"https:\/\/lemaraichermoderne.com\/en\/produit\/cx-horticulture-regen-a-racine\/","url":"https:\/\/lemaraichermoderne.com\/en\/produit\/cx-horticulture-regen-a-racine\/","name":"CX Horticulture Regen-A-racine - Le Mara\u00eecher Moderne","isPartOf":{"@id":"https:\/\/lemaraichermoderne.com\/en\/#website"},"primaryImageOfPage":{"@id":"https:\/\/lemaraichermoderne.com\/en\/produit\/cx-horticulture-regen-a-racine\/#primaryimage"},"image":{"@id":"https:\/\/lemaraichermoderne.com\/en\/produit\/cx-horticulture-regen-a-racine\/#primaryimage"},"thumbnailUrl":"https:\/\/lemaraichermoderne.com\/wp-content\/uploads\/2023\/03\/Regen-a-root.webp","datePublished":"2023-03-16T21:42:23+00:00","dateModified":"2025-09-19T18:20:01+00:00","breadcrumb":{"@id":"https:\/\/lemaraichermoderne.com\/en\/produit\/cx-horticulture-regen-a-racine\/#breadcrumb"},"inLanguage":"en-US","potentialAction":[{"@type":"ReadAction","target":["https:\/\/lemaraichermoderne.com\/en\/produit\/cx-horticulture-regen-a-racine\/"]}]},{"@type":"ImageObject","inLanguage":"en-US","@id":"https:\/\/lemaraichermoderne.com\/en\/produit\/cx-horticulture-regen-a-racine\/#primaryimage","url":"https:\/\/lemaraichermoderne.com\/wp-content\/uploads\/2023\/03\/Regen-a-root.webp","contentUrl":"https:\/\/lemaraichermoderne.com\/wp-content\/uploads\/2023\/03\/Regen-a-root.webp","width":1000,"height":1000},{"@type":"BreadcrumbList","@id":"https:\/\/lemaraichermoderne.com\/en\/produit\/cx-horticulture-regen-a-racine\/#breadcrumb","itemListElement":[{"@type":"ListItem","position":1,"name":"Accueil","item":"https:\/\/lemaraichermoderne.com\/en\/"},{"@type":"ListItem","position":2,"name":"Boutique","item":"https:\/\/lemaraichermoderne.com\/boutique\/"},{"@type":"ListItem","position":3,"name":"CX Horticulture Regen-A-racine"}]},{"@type":"WebSite","@id":"https:\/\/lemaraichermoderne.com\/en\/#website","url":"https:\/\/lemaraichermoderne.com\/en\/","name":"Le Mara\u00eecher Moderne","description":"R\u00e9f\u00e9rence en hydroponie \u00e0 Qu\u00e9bec","publisher":{"@id":"https:\/\/lemaraichermoderne.com\/en\/#organization"},"potentialAction":[{"@type":"SearchAction","target":{"@type":"EntryPoint","urlTemplate":"https:\/\/lemaraichermoderne.com\/en\/?s={search_term_string}"},"query-input":{"@type":"PropertyValueSpecification","valueRequired":true,"valueName":"search_term_string"}}],"inLanguage":"en-US"},{"@type":"Organization","@id":"https:\/\/lemaraichermoderne.com\/en\/#organization","name":"Le Mara\u00eecher Moderne","url":"https:\/\/lemaraichermoderne.com\/en\/","logo":{"@type":"ImageObject","inLanguage":"en-US","@id":"https:\/\/lemaraichermoderne.com\/en\/#\/schema\/logo\/image\/","url":"https:\/\/lemaraichermoderne.com\/wp-content\/uploads\/2023\/03\/logo_mm1.png","contentUrl":"https:\/\/lemaraichermoderne.com\/wp-content\/uploads\/2023\/03\/logo_mm1.png","width":500,"height":222,"caption":"Le Mara\u00eecher Moderne"},"image":{"@id":"https:\/\/lemaraichermoderne.com\/en\/#\/schema\/logo\/image\/"},"sameAs":["https:\/\/www.facebook.com\/lemaraichermoderne","https:\/\/www.instagram.com\/lemaraichermoderne"]}]}},"_links":{"self":[{"href":"https:\/\/lemaraichermoderne.com\/en\/wp-json\/wp\/v2\/product\/122","targetHints":{"allow":["GET"]}}],"collection":[{"href":"https:\/\/lemaraichermoderne.com\/en\/wp-json\/wp\/v2\/product"}],"about":[{"href":"https:\/\/lemaraichermoderne.com\/en\/wp-json\/wp\/v2\/types\/product"}],"wp:featuredmedia":[{"embeddable":true,"href":"https:\/\/lemaraichermoderne.com\/en\/wp-json\/wp\/v2\/media\/123"}],"wp:attachment":[{"href":"https:\/\/lemaraichermoderne.com\/en\/wp-json\/wp\/v2\/media?parent=122"}],"wp:term":[{"taxonomy":"product_brand","embeddable":true,"href":"https:\/\/lemaraichermoderne.com\/en\/wp-json\/wp\/v2\/product_brand?post=122"},{"taxonomy":"product_cat","embeddable":true,"href":"https:\/\/lemaraichermoderne.com\/en\/wp-json\/wp\/v2\/product_cat?post=122"},{"taxonomy":"product_tag","embeddable":true,"href":"https:\/\/lemaraichermoderne.com\/en\/wp-json\/wp\/v2\/product_tag?post=122"}],"curies":[{"name":"wp","href":"https:\/\/api.w.org\/{rel}","templated":true}]}}