{"id":1236,"date":"2023-06-14T14:46:32","date_gmt":"2023-06-14T18:46:32","guid":{"rendered":"https:\/\/lemaraichermoderne.com\/?post_type=product&#038;p=1236"},"modified":"2025-09-19T15:22:26","modified_gmt":"2025-09-19T19:22:26","slug":"aquamaster-p160-replaceable-electrode","status":"publish","type":"product","link":"https:\/\/lemaraichermoderne.com\/en\/produit\/aquamaster-p160-replaceable-electrode\/","title":{"rendered":"AquaMaster P160 Replaceable Electrode"},"content":{"rendered":"<p>Convient au compteur combo P160 Pro.<\/p>\n<p>&nbsp;<\/p>\n<p>Veuillez consulter le guide d&#8217;utilisation pour savoir comment remplacer l&#8217;\u00e9lectrode. \u00c9tanch\u00e9it\u00e9 IP67.<\/p>\n","protected":false},"excerpt":{"rendered":"<p>Convient au compteur combo P160 Pro. &nbsp; Veuillez consulter le guide d&#8217;utilisation pour savoir comment remplacer l&#8217;\u00e9lectrode. \u00c9tanch\u00e9it\u00e9 IP67.<\/p>\n","protected":false},"featured_media":1237,"template":"","meta":[],"product_brand":[],"product_cat":[30],"product_tag":[],"class_list":{"0":"post-1236","1":"product","2":"type-product","3":"status-publish","4":"has-post-thumbnail","6":"product_cat-accessoires-hydroponique-2","8":"first","9":"instock","10":"taxable","11":"shipping-taxable","12":"purchasable","13":"product-type-simple"},"yoast_head":"<!-- This site is optimized with the Yoast SEO plugin v27.4 - https:\/\/yoast.com\/product\/yoast-seo-wordpress\/ -->\n<title>AquaMaster P160 Replaceable Electrode - Le Mara\u00eecher Moderne<\/title>\n<meta name=\"robots\" content=\"index, follow, max-snippet:-1, max-image-preview:large, max-video-preview:-1\" \/>\n<link rel=\"canonical\" href=\"https:\/\/lemaraichermoderne.com\/en\/produit\/aquamaster-p160-replaceable-electrode\/\" \/>\n<meta property=\"og:locale\" content=\"en_US\" \/>\n<meta property=\"og:type\" content=\"article\" \/>\n<meta property=\"og:title\" content=\"AquaMaster P160 Replaceable Electrode - Le Mara\u00eecher Moderne\" \/>\n<meta property=\"og:description\" content=\"Convient au compteur combo P160 Pro. &nbsp; Veuillez consulter le guide d&#8217;utilisation pour savoir comment remplacer l&#8217;\u00e9lectrode. \u00c9tanch\u00e9it\u00e9 IP67.\" \/>\n<meta property=\"og:url\" content=\"https:\/\/lemaraichermoderne.com\/en\/produit\/aquamaster-p160-replaceable-electrode\/\" \/>\n<meta property=\"og:site_name\" content=\"Le Mara\u00eecher Moderne\" \/>\n<meta property=\"article:publisher\" content=\"https:\/\/www.facebook.com\/lemaraichermoderne\" \/>\n<meta property=\"article:modified_time\" content=\"2025-09-19T19:22:26+00:00\" \/>\n<meta property=\"og:image\" content=\"https:\/\/lemaraichermoderne.com\/wp-content\/uploads\/2023\/06\/aquamaster-p160-probe-06028000049.jpg\" \/>\n\t<meta property=\"og:image:width\" content=\"1200\" \/>\n\t<meta property=\"og:image:height\" content=\"1200\" \/>\n\t<meta property=\"og:image:type\" content=\"image\/jpeg\" \/>\n<meta name=\"twitter:card\" content=\"summary_large_image\" \/>\n<script type=\"application\/ld+json\" class=\"yoast-schema-graph\">{\"@context\":\"https:\\\/\\\/schema.org\",\"@graph\":[{\"@type\":\"WebPage\",\"@id\":\"https:\\\/\\\/lemaraichermoderne.com\\\/en\\\/produit\\\/aquamaster-p160-replaceable-electrode\\\/\",\"url\":\"https:\\\/\\\/lemaraichermoderne.com\\\/en\\\/produit\\\/aquamaster-p160-replaceable-electrode\\\/\",\"name\":\"AquaMaster P160 Replaceable Electrode - Le Mara\u00eecher Moderne\",\"isPartOf\":{\"@id\":\"https:\\\/\\\/lemaraichermoderne.com\\\/en\\\/#website\"},\"primaryImageOfPage\":{\"@id\":\"https:\\\/\\\/lemaraichermoderne.com\\\/en\\\/produit\\\/aquamaster-p160-replaceable-electrode\\\/#primaryimage\"},\"image\":{\"@id\":\"https:\\\/\\\/lemaraichermoderne.com\\\/en\\\/produit\\\/aquamaster-p160-replaceable-electrode\\\/#primaryimage\"},\"thumbnailUrl\":\"https:\\\/\\\/lemaraichermoderne.com\\\/wp-content\\\/uploads\\\/2023\\\/06\\\/aquamaster-p160-probe-06028000049.jpg\",\"datePublished\":\"2023-06-14T18:46:32+00:00\",\"dateModified\":\"2025-09-19T19:22:26+00:00\",\"breadcrumb\":{\"@id\":\"https:\\\/\\\/lemaraichermoderne.com\\\/en\\\/produit\\\/aquamaster-p160-replaceable-electrode\\\/#breadcrumb\"},\"inLanguage\":\"en-US\",\"potentialAction\":[{\"@type\":\"ReadAction\",\"target\":[\"https:\\\/\\\/lemaraichermoderne.com\\\/en\\\/produit\\\/aquamaster-p160-replaceable-electrode\\\/\"]}]},{\"@type\":\"ImageObject\",\"inLanguage\":\"en-US\",\"@id\":\"https:\\\/\\\/lemaraichermoderne.com\\\/en\\\/produit\\\/aquamaster-p160-replaceable-electrode\\\/#primaryimage\",\"url\":\"https:\\\/\\\/lemaraichermoderne.com\\\/wp-content\\\/uploads\\\/2023\\\/06\\\/aquamaster-p160-probe-06028000049.jpg\",\"contentUrl\":\"https:\\\/\\\/lemaraichermoderne.com\\\/wp-content\\\/uploads\\\/2023\\\/06\\\/aquamaster-p160-probe-06028000049.jpg\",\"width\":1200,\"height\":1200,\"caption\":\"AquaMaster P160 Replaceable Electrode\"},{\"@type\":\"BreadcrumbList\",\"@id\":\"https:\\\/\\\/lemaraichermoderne.com\\\/en\\\/produit\\\/aquamaster-p160-replaceable-electrode\\\/#breadcrumb\",\"itemListElement\":[{\"@type\":\"ListItem\",\"position\":1,\"name\":\"Accueil\",\"item\":\"https:\\\/\\\/lemaraichermoderne.com\\\/en\\\/\"},{\"@type\":\"ListItem\",\"position\":2,\"name\":\"Boutique\",\"item\":\"https:\\\/\\\/lemaraichermoderne.com\\\/boutique\\\/\"},{\"@type\":\"ListItem\",\"position\":3,\"name\":\"AquaMaster P160 Replaceable Electrode\"}]},{\"@type\":\"WebSite\",\"@id\":\"https:\\\/\\\/lemaraichermoderne.com\\\/en\\\/#website\",\"url\":\"https:\\\/\\\/lemaraichermoderne.com\\\/en\\\/\",\"name\":\"Le Mara\u00eecher Moderne\",\"description\":\"R\u00e9f\u00e9rence en hydroponie \u00e0 Qu\u00e9bec\",\"publisher\":{\"@id\":\"https:\\\/\\\/lemaraichermoderne.com\\\/en\\\/#organization\"},\"potentialAction\":[{\"@type\":\"SearchAction\",\"target\":{\"@type\":\"EntryPoint\",\"urlTemplate\":\"https:\\\/\\\/lemaraichermoderne.com\\\/en\\\/?s={search_term_string}\"},\"query-input\":{\"@type\":\"PropertyValueSpecification\",\"valueRequired\":true,\"valueName\":\"search_term_string\"}}],\"inLanguage\":\"en-US\"},{\"@type\":\"Organization\",\"@id\":\"https:\\\/\\\/lemaraichermoderne.com\\\/en\\\/#organization\",\"name\":\"Le Mara\u00eecher Moderne\",\"url\":\"https:\\\/\\\/lemaraichermoderne.com\\\/en\\\/\",\"logo\":{\"@type\":\"ImageObject\",\"inLanguage\":\"en-US\",\"@id\":\"https:\\\/\\\/lemaraichermoderne.com\\\/en\\\/#\\\/schema\\\/logo\\\/image\\\/\",\"url\":\"https:\\\/\\\/lemaraichermoderne.com\\\/wp-content\\\/uploads\\\/2023\\\/03\\\/logo_mm1.png\",\"contentUrl\":\"https:\\\/\\\/lemaraichermoderne.com\\\/wp-content\\\/uploads\\\/2023\\\/03\\\/logo_mm1.png\",\"width\":500,\"height\":222,\"caption\":\"Le Mara\u00eecher Moderne\"},\"image\":{\"@id\":\"https:\\\/\\\/lemaraichermoderne.com\\\/en\\\/#\\\/schema\\\/logo\\\/image\\\/\"},\"sameAs\":[\"https:\\\/\\\/www.facebook.com\\\/lemaraichermoderne\",\"https:\\\/\\\/www.instagram.com\\\/lemaraichermoderne\"]}]}<\/script>\n<!-- \/ Yoast SEO plugin. -->","yoast_head_json":{"title":"AquaMaster P160 Replaceable Electrode - Le Mara\u00eecher Moderne","robots":{"index":"index","follow":"follow","max-snippet":"max-snippet:-1","max-image-preview":"max-image-preview:large","max-video-preview":"max-video-preview:-1"},"canonical":"https:\/\/lemaraichermoderne.com\/en\/produit\/aquamaster-p160-replaceable-electrode\/","og_locale":"en_US","og_type":"article","og_title":"AquaMaster P160 Replaceable Electrode - Le Mara\u00eecher Moderne","og_description":"Convient au compteur combo P160 Pro. &nbsp; Veuillez consulter le guide d&#8217;utilisation pour savoir comment remplacer l&#8217;\u00e9lectrode. \u00c9tanch\u00e9it\u00e9 IP67.","og_url":"https:\/\/lemaraichermoderne.com\/en\/produit\/aquamaster-p160-replaceable-electrode\/","og_site_name":"Le Mara\u00eecher Moderne","article_publisher":"https:\/\/www.facebook.com\/lemaraichermoderne","article_modified_time":"2025-09-19T19:22:26+00:00","og_image":[{"width":1200,"height":1200,"url":"https:\/\/lemaraichermoderne.com\/wp-content\/uploads\/2023\/06\/aquamaster-p160-probe-06028000049.jpg","type":"image\/jpeg"}],"twitter_card":"summary_large_image","schema":{"@context":"https:\/\/schema.org","@graph":[{"@type":"WebPage","@id":"https:\/\/lemaraichermoderne.com\/en\/produit\/aquamaster-p160-replaceable-electrode\/","url":"https:\/\/lemaraichermoderne.com\/en\/produit\/aquamaster-p160-replaceable-electrode\/","name":"AquaMaster P160 Replaceable Electrode - Le Mara\u00eecher Moderne","isPartOf":{"@id":"https:\/\/lemaraichermoderne.com\/en\/#website"},"primaryImageOfPage":{"@id":"https:\/\/lemaraichermoderne.com\/en\/produit\/aquamaster-p160-replaceable-electrode\/#primaryimage"},"image":{"@id":"https:\/\/lemaraichermoderne.com\/en\/produit\/aquamaster-p160-replaceable-electrode\/#primaryimage"},"thumbnailUrl":"https:\/\/lemaraichermoderne.com\/wp-content\/uploads\/2023\/06\/aquamaster-p160-probe-06028000049.jpg","datePublished":"2023-06-14T18:46:32+00:00","dateModified":"2025-09-19T19:22:26+00:00","breadcrumb":{"@id":"https:\/\/lemaraichermoderne.com\/en\/produit\/aquamaster-p160-replaceable-electrode\/#breadcrumb"},"inLanguage":"en-US","potentialAction":[{"@type":"ReadAction","target":["https:\/\/lemaraichermoderne.com\/en\/produit\/aquamaster-p160-replaceable-electrode\/"]}]},{"@type":"ImageObject","inLanguage":"en-US","@id":"https:\/\/lemaraichermoderne.com\/en\/produit\/aquamaster-p160-replaceable-electrode\/#primaryimage","url":"https:\/\/lemaraichermoderne.com\/wp-content\/uploads\/2023\/06\/aquamaster-p160-probe-06028000049.jpg","contentUrl":"https:\/\/lemaraichermoderne.com\/wp-content\/uploads\/2023\/06\/aquamaster-p160-probe-06028000049.jpg","width":1200,"height":1200,"caption":"AquaMaster P160 Replaceable Electrode"},{"@type":"BreadcrumbList","@id":"https:\/\/lemaraichermoderne.com\/en\/produit\/aquamaster-p160-replaceable-electrode\/#breadcrumb","itemListElement":[{"@type":"ListItem","position":1,"name":"Accueil","item":"https:\/\/lemaraichermoderne.com\/en\/"},{"@type":"ListItem","position":2,"name":"Boutique","item":"https:\/\/lemaraichermoderne.com\/boutique\/"},{"@type":"ListItem","position":3,"name":"AquaMaster P160 Replaceable Electrode"}]},{"@type":"WebSite","@id":"https:\/\/lemaraichermoderne.com\/en\/#website","url":"https:\/\/lemaraichermoderne.com\/en\/","name":"Le Mara\u00eecher Moderne","description":"R\u00e9f\u00e9rence en hydroponie \u00e0 Qu\u00e9bec","publisher":{"@id":"https:\/\/lemaraichermoderne.com\/en\/#organization"},"potentialAction":[{"@type":"SearchAction","target":{"@type":"EntryPoint","urlTemplate":"https:\/\/lemaraichermoderne.com\/en\/?s={search_term_string}"},"query-input":{"@type":"PropertyValueSpecification","valueRequired":true,"valueName":"search_term_string"}}],"inLanguage":"en-US"},{"@type":"Organization","@id":"https:\/\/lemaraichermoderne.com\/en\/#organization","name":"Le Mara\u00eecher Moderne","url":"https:\/\/lemaraichermoderne.com\/en\/","logo":{"@type":"ImageObject","inLanguage":"en-US","@id":"https:\/\/lemaraichermoderne.com\/en\/#\/schema\/logo\/image\/","url":"https:\/\/lemaraichermoderne.com\/wp-content\/uploads\/2023\/03\/logo_mm1.png","contentUrl":"https:\/\/lemaraichermoderne.com\/wp-content\/uploads\/2023\/03\/logo_mm1.png","width":500,"height":222,"caption":"Le Mara\u00eecher Moderne"},"image":{"@id":"https:\/\/lemaraichermoderne.com\/en\/#\/schema\/logo\/image\/"},"sameAs":["https:\/\/www.facebook.com\/lemaraichermoderne","https:\/\/www.instagram.com\/lemaraichermoderne"]}]}},"_links":{"self":[{"href":"https:\/\/lemaraichermoderne.com\/en\/wp-json\/wp\/v2\/product\/1236","targetHints":{"allow":["GET"]}}],"collection":[{"href":"https:\/\/lemaraichermoderne.com\/en\/wp-json\/wp\/v2\/product"}],"about":[{"href":"https:\/\/lemaraichermoderne.com\/en\/wp-json\/wp\/v2\/types\/product"}],"wp:featuredmedia":[{"embeddable":true,"href":"https:\/\/lemaraichermoderne.com\/en\/wp-json\/wp\/v2\/media\/1237"}],"wp:attachment":[{"href":"https:\/\/lemaraichermoderne.com\/en\/wp-json\/wp\/v2\/media?parent=1236"}],"wp:term":[{"taxonomy":"product_brand","embeddable":true,"href":"https:\/\/lemaraichermoderne.com\/en\/wp-json\/wp\/v2\/product_brand?post=1236"},{"taxonomy":"product_cat","embeddable":true,"href":"https:\/\/lemaraichermoderne.com\/en\/wp-json\/wp\/v2\/product_cat?post=1236"},{"taxonomy":"product_tag","embeddable":true,"href":"https:\/\/lemaraichermoderne.com\/en\/wp-json\/wp\/v2\/product_tag?post=1236"}],"curies":[{"name":"wp","href":"https:\/\/api.w.org\/{rel}","templated":true}]}}