{"id":136,"date":"2023-03-16T23:22:04","date_gmt":"2023-03-16T22:22:04","guid":{"rendered":"https:\/\/conceptwebactiv.com\/dev\/lemaraichermoderne\/?post_type=product&#038;p=136"},"modified":"2026-03-21T10:48:11","modified_gmt":"2026-03-21T14:48:11","slug":"liaflor-clay-pellets-8-16mm-50l","status":"publish","type":"product","link":"https:\/\/lemaraichermoderne.com\/en\/produit\/liaflor-clay-pellets-8-16mm-50l\/","title":{"rendered":"LIAFLOR Billes d&#8217;argile 8 \/ 16MM 50L"},"content":{"rendered":"<p>Billess d&#8217;argile Liaflor 8\/16 mm 50L. Liaflor est un substrat c\u00e9ramique purement min\u00e9ral en argile expans\u00e9e.<\/p>\n<p>Le mat\u00e9riau de base est une argile naturelle et extensible qui est \u00e9tendue alors qu&#8217;elle est br\u00fbl\u00e9e \u00e0 1200 \u00b0 C dans le four rotatif, puis projet\u00e9e.<br \/>\nLiaflor est sans germe et chimiquement et biologiquement neutre.<\/p>\n","protected":false},"excerpt":{"rendered":"<p>Billess d&#8217;argile Liaflor 8\/16 mm 50L. Liaflor est un substrat c\u00e9ramique purement min\u00e9ral en argile expans\u00e9e. Le mat\u00e9riau de base est une argile naturelle et extensible qui est \u00e9tendue alors qu&#8217;elle est br\u00fbl\u00e9e \u00e0 1200 \u00b0 C dans le four rotatif, puis projet\u00e9e. Liaflor est sans germe et chimiquement et biologiquement neutre.<\/p>\n","protected":false},"featured_media":137,"template":"","meta":[],"product_brand":[],"product_cat":[31],"product_tag":[],"class_list":{"0":"post-136","1":"product","2":"type-product","3":"status-publish","4":"has-post-thumbnail","6":"product_cat-milieu-de-croissance","8":"first","9":"instock","10":"taxable","11":"shipping-taxable","12":"purchasable","13":"product-type-simple"},"yoast_head":"<!-- This site is optimized with the Yoast SEO plugin v27.4 - https:\/\/yoast.com\/product\/yoast-seo-wordpress\/ -->\n<title>LIAFLOR Billes d&#039;argile 8 \/ 16MM 50L - Le Mara\u00eecher Moderne<\/title>\n<meta name=\"robots\" content=\"index, follow, max-snippet:-1, max-image-preview:large, max-video-preview:-1\" \/>\n<link rel=\"canonical\" href=\"https:\/\/lemaraichermoderne.com\/en\/produit\/liaflor-clay-pellets-8-16mm-50l\/\" \/>\n<meta property=\"og:locale\" content=\"en_US\" \/>\n<meta property=\"og:type\" content=\"article\" \/>\n<meta property=\"og:title\" content=\"LIAFLOR Billes d&#039;argile 8 \/ 16MM 50L - Le Mara\u00eecher Moderne\" \/>\n<meta property=\"og:description\" content=\"Billess d&#8217;argile Liaflor 8\/16 mm 50L. Liaflor est un substrat c\u00e9ramique purement min\u00e9ral en argile expans\u00e9e. Le mat\u00e9riau de base est une argile naturelle et extensible qui est \u00e9tendue alors qu&#8217;elle est br\u00fbl\u00e9e \u00e0 1200 \u00b0 C dans le four rotatif, puis projet\u00e9e. Liaflor est sans germe et chimiquement et biologiquement neutre.\" \/>\n<meta property=\"og:url\" content=\"https:\/\/lemaraichermoderne.com\/en\/produit\/liaflor-clay-pellets-8-16mm-50l\/\" \/>\n<meta property=\"og:site_name\" content=\"Le Mara\u00eecher Moderne\" \/>\n<meta property=\"article:publisher\" content=\"https:\/\/www.facebook.com\/lemaraichermoderne\" \/>\n<meta property=\"article:modified_time\" content=\"2026-03-21T14:48:11+00:00\" \/>\n<meta property=\"og:image\" content=\"https:\/\/lemaraichermoderne.com\/wp-content\/uploads\/2023\/03\/50500_1-Z_9b4a8b74-ba35-4568-abab-1af1b15f8e75_685x685.webp\" \/>\n\t<meta property=\"og:image:width\" content=\"685\" \/>\n\t<meta property=\"og:image:height\" content=\"685\" \/>\n\t<meta property=\"og:image:type\" content=\"image\/webp\" \/>\n<meta name=\"twitter:card\" content=\"summary_large_image\" \/>\n<meta name=\"twitter:label1\" content=\"Est. reading time\" \/>\n\t<meta name=\"twitter:data1\" content=\"1 minute\" \/>\n<script type=\"application\/ld+json\" class=\"yoast-schema-graph\">{\"@context\":\"https:\\\/\\\/schema.org\",\"@graph\":[{\"@type\":\"WebPage\",\"@id\":\"https:\\\/\\\/lemaraichermoderne.com\\\/en\\\/produit\\\/liaflor-clay-pellets-8-16mm-50l\\\/\",\"url\":\"https:\\\/\\\/lemaraichermoderne.com\\\/en\\\/produit\\\/liaflor-clay-pellets-8-16mm-50l\\\/\",\"name\":\"LIAFLOR Billes d'argile 8 \\\/ 16MM 50L - Le Mara\u00eecher Moderne\",\"isPartOf\":{\"@id\":\"https:\\\/\\\/lemaraichermoderne.com\\\/en\\\/#website\"},\"primaryImageOfPage\":{\"@id\":\"https:\\\/\\\/lemaraichermoderne.com\\\/en\\\/produit\\\/liaflor-clay-pellets-8-16mm-50l\\\/#primaryimage\"},\"image\":{\"@id\":\"https:\\\/\\\/lemaraichermoderne.com\\\/en\\\/produit\\\/liaflor-clay-pellets-8-16mm-50l\\\/#primaryimage\"},\"thumbnailUrl\":\"https:\\\/\\\/lemaraichermoderne.com\\\/wp-content\\\/uploads\\\/2023\\\/03\\\/50500_1-Z_9b4a8b74-ba35-4568-abab-1af1b15f8e75_685x685.webp\",\"datePublished\":\"2023-03-16T22:22:04+00:00\",\"dateModified\":\"2026-03-21T14:48:11+00:00\",\"breadcrumb\":{\"@id\":\"https:\\\/\\\/lemaraichermoderne.com\\\/en\\\/produit\\\/liaflor-clay-pellets-8-16mm-50l\\\/#breadcrumb\"},\"inLanguage\":\"en-US\",\"potentialAction\":[{\"@type\":\"ReadAction\",\"target\":[\"https:\\\/\\\/lemaraichermoderne.com\\\/en\\\/produit\\\/liaflor-clay-pellets-8-16mm-50l\\\/\"]}]},{\"@type\":\"ImageObject\",\"inLanguage\":\"en-US\",\"@id\":\"https:\\\/\\\/lemaraichermoderne.com\\\/en\\\/produit\\\/liaflor-clay-pellets-8-16mm-50l\\\/#primaryimage\",\"url\":\"https:\\\/\\\/lemaraichermoderne.com\\\/wp-content\\\/uploads\\\/2023\\\/03\\\/50500_1-Z_9b4a8b74-ba35-4568-abab-1af1b15f8e75_685x685.webp\",\"contentUrl\":\"https:\\\/\\\/lemaraichermoderne.com\\\/wp-content\\\/uploads\\\/2023\\\/03\\\/50500_1-Z_9b4a8b74-ba35-4568-abab-1af1b15f8e75_685x685.webp\",\"width\":685,\"height\":685},{\"@type\":\"BreadcrumbList\",\"@id\":\"https:\\\/\\\/lemaraichermoderne.com\\\/en\\\/produit\\\/liaflor-clay-pellets-8-16mm-50l\\\/#breadcrumb\",\"itemListElement\":[{\"@type\":\"ListItem\",\"position\":1,\"name\":\"Accueil\",\"item\":\"https:\\\/\\\/lemaraichermoderne.com\\\/en\\\/\"},{\"@type\":\"ListItem\",\"position\":2,\"name\":\"Boutique\",\"item\":\"https:\\\/\\\/lemaraichermoderne.com\\\/boutique\\\/\"},{\"@type\":\"ListItem\",\"position\":3,\"name\":\"LIAFLOR Billes d&rsquo;argile 8 \\\/ 16MM 50L\"}]},{\"@type\":\"WebSite\",\"@id\":\"https:\\\/\\\/lemaraichermoderne.com\\\/en\\\/#website\",\"url\":\"https:\\\/\\\/lemaraichermoderne.com\\\/en\\\/\",\"name\":\"Le Mara\u00eecher Moderne\",\"description\":\"R\u00e9f\u00e9rence en hydroponie \u00e0 Qu\u00e9bec\",\"publisher\":{\"@id\":\"https:\\\/\\\/lemaraichermoderne.com\\\/en\\\/#organization\"},\"potentialAction\":[{\"@type\":\"SearchAction\",\"target\":{\"@type\":\"EntryPoint\",\"urlTemplate\":\"https:\\\/\\\/lemaraichermoderne.com\\\/en\\\/?s={search_term_string}\"},\"query-input\":{\"@type\":\"PropertyValueSpecification\",\"valueRequired\":true,\"valueName\":\"search_term_string\"}}],\"inLanguage\":\"en-US\"},{\"@type\":\"Organization\",\"@id\":\"https:\\\/\\\/lemaraichermoderne.com\\\/en\\\/#organization\",\"name\":\"Le Mara\u00eecher Moderne\",\"url\":\"https:\\\/\\\/lemaraichermoderne.com\\\/en\\\/\",\"logo\":{\"@type\":\"ImageObject\",\"inLanguage\":\"en-US\",\"@id\":\"https:\\\/\\\/lemaraichermoderne.com\\\/en\\\/#\\\/schema\\\/logo\\\/image\\\/\",\"url\":\"https:\\\/\\\/lemaraichermoderne.com\\\/wp-content\\\/uploads\\\/2023\\\/03\\\/logo_mm1.png\",\"contentUrl\":\"https:\\\/\\\/lemaraichermoderne.com\\\/wp-content\\\/uploads\\\/2023\\\/03\\\/logo_mm1.png\",\"width\":500,\"height\":222,\"caption\":\"Le Mara\u00eecher Moderne\"},\"image\":{\"@id\":\"https:\\\/\\\/lemaraichermoderne.com\\\/en\\\/#\\\/schema\\\/logo\\\/image\\\/\"},\"sameAs\":[\"https:\\\/\\\/www.facebook.com\\\/lemaraichermoderne\",\"https:\\\/\\\/www.instagram.com\\\/lemaraichermoderne\"]}]}<\/script>\n<!-- \/ Yoast SEO plugin. -->","yoast_head_json":{"title":"LIAFLOR Billes d'argile 8 \/ 16MM 50L - Le Mara\u00eecher Moderne","robots":{"index":"index","follow":"follow","max-snippet":"max-snippet:-1","max-image-preview":"max-image-preview:large","max-video-preview":"max-video-preview:-1"},"canonical":"https:\/\/lemaraichermoderne.com\/en\/produit\/liaflor-clay-pellets-8-16mm-50l\/","og_locale":"en_US","og_type":"article","og_title":"LIAFLOR Billes d'argile 8 \/ 16MM 50L - Le Mara\u00eecher Moderne","og_description":"Billess d&#8217;argile Liaflor 8\/16 mm 50L. Liaflor est un substrat c\u00e9ramique purement min\u00e9ral en argile expans\u00e9e. Le mat\u00e9riau de base est une argile naturelle et extensible qui est \u00e9tendue alors qu&#8217;elle est br\u00fbl\u00e9e \u00e0 1200 \u00b0 C dans le four rotatif, puis projet\u00e9e. Liaflor est sans germe et chimiquement et biologiquement neutre.","og_url":"https:\/\/lemaraichermoderne.com\/en\/produit\/liaflor-clay-pellets-8-16mm-50l\/","og_site_name":"Le Mara\u00eecher Moderne","article_publisher":"https:\/\/www.facebook.com\/lemaraichermoderne","article_modified_time":"2026-03-21T14:48:11+00:00","og_image":[{"width":685,"height":685,"url":"https:\/\/lemaraichermoderne.com\/wp-content\/uploads\/2023\/03\/50500_1-Z_9b4a8b74-ba35-4568-abab-1af1b15f8e75_685x685.webp","type":"image\/webp"}],"twitter_card":"summary_large_image","twitter_misc":{"Est. reading time":"1 minute"},"schema":{"@context":"https:\/\/schema.org","@graph":[{"@type":"WebPage","@id":"https:\/\/lemaraichermoderne.com\/en\/produit\/liaflor-clay-pellets-8-16mm-50l\/","url":"https:\/\/lemaraichermoderne.com\/en\/produit\/liaflor-clay-pellets-8-16mm-50l\/","name":"LIAFLOR Billes d'argile 8 \/ 16MM 50L - Le Mara\u00eecher Moderne","isPartOf":{"@id":"https:\/\/lemaraichermoderne.com\/en\/#website"},"primaryImageOfPage":{"@id":"https:\/\/lemaraichermoderne.com\/en\/produit\/liaflor-clay-pellets-8-16mm-50l\/#primaryimage"},"image":{"@id":"https:\/\/lemaraichermoderne.com\/en\/produit\/liaflor-clay-pellets-8-16mm-50l\/#primaryimage"},"thumbnailUrl":"https:\/\/lemaraichermoderne.com\/wp-content\/uploads\/2023\/03\/50500_1-Z_9b4a8b74-ba35-4568-abab-1af1b15f8e75_685x685.webp","datePublished":"2023-03-16T22:22:04+00:00","dateModified":"2026-03-21T14:48:11+00:00","breadcrumb":{"@id":"https:\/\/lemaraichermoderne.com\/en\/produit\/liaflor-clay-pellets-8-16mm-50l\/#breadcrumb"},"inLanguage":"en-US","potentialAction":[{"@type":"ReadAction","target":["https:\/\/lemaraichermoderne.com\/en\/produit\/liaflor-clay-pellets-8-16mm-50l\/"]}]},{"@type":"ImageObject","inLanguage":"en-US","@id":"https:\/\/lemaraichermoderne.com\/en\/produit\/liaflor-clay-pellets-8-16mm-50l\/#primaryimage","url":"https:\/\/lemaraichermoderne.com\/wp-content\/uploads\/2023\/03\/50500_1-Z_9b4a8b74-ba35-4568-abab-1af1b15f8e75_685x685.webp","contentUrl":"https:\/\/lemaraichermoderne.com\/wp-content\/uploads\/2023\/03\/50500_1-Z_9b4a8b74-ba35-4568-abab-1af1b15f8e75_685x685.webp","width":685,"height":685},{"@type":"BreadcrumbList","@id":"https:\/\/lemaraichermoderne.com\/en\/produit\/liaflor-clay-pellets-8-16mm-50l\/#breadcrumb","itemListElement":[{"@type":"ListItem","position":1,"name":"Accueil","item":"https:\/\/lemaraichermoderne.com\/en\/"},{"@type":"ListItem","position":2,"name":"Boutique","item":"https:\/\/lemaraichermoderne.com\/boutique\/"},{"@type":"ListItem","position":3,"name":"LIAFLOR Billes d&rsquo;argile 8 \/ 16MM 50L"}]},{"@type":"WebSite","@id":"https:\/\/lemaraichermoderne.com\/en\/#website","url":"https:\/\/lemaraichermoderne.com\/en\/","name":"Le Mara\u00eecher Moderne","description":"R\u00e9f\u00e9rence en hydroponie \u00e0 Qu\u00e9bec","publisher":{"@id":"https:\/\/lemaraichermoderne.com\/en\/#organization"},"potentialAction":[{"@type":"SearchAction","target":{"@type":"EntryPoint","urlTemplate":"https:\/\/lemaraichermoderne.com\/en\/?s={search_term_string}"},"query-input":{"@type":"PropertyValueSpecification","valueRequired":true,"valueName":"search_term_string"}}],"inLanguage":"en-US"},{"@type":"Organization","@id":"https:\/\/lemaraichermoderne.com\/en\/#organization","name":"Le Mara\u00eecher Moderne","url":"https:\/\/lemaraichermoderne.com\/en\/","logo":{"@type":"ImageObject","inLanguage":"en-US","@id":"https:\/\/lemaraichermoderne.com\/en\/#\/schema\/logo\/image\/","url":"https:\/\/lemaraichermoderne.com\/wp-content\/uploads\/2023\/03\/logo_mm1.png","contentUrl":"https:\/\/lemaraichermoderne.com\/wp-content\/uploads\/2023\/03\/logo_mm1.png","width":500,"height":222,"caption":"Le Mara\u00eecher Moderne"},"image":{"@id":"https:\/\/lemaraichermoderne.com\/en\/#\/schema\/logo\/image\/"},"sameAs":["https:\/\/www.facebook.com\/lemaraichermoderne","https:\/\/www.instagram.com\/lemaraichermoderne"]}]}},"_links":{"self":[{"href":"https:\/\/lemaraichermoderne.com\/en\/wp-json\/wp\/v2\/product\/136","targetHints":{"allow":["GET"]}}],"collection":[{"href":"https:\/\/lemaraichermoderne.com\/en\/wp-json\/wp\/v2\/product"}],"about":[{"href":"https:\/\/lemaraichermoderne.com\/en\/wp-json\/wp\/v2\/types\/product"}],"wp:featuredmedia":[{"embeddable":true,"href":"https:\/\/lemaraichermoderne.com\/en\/wp-json\/wp\/v2\/media\/137"}],"wp:attachment":[{"href":"https:\/\/lemaraichermoderne.com\/en\/wp-json\/wp\/v2\/media?parent=136"}],"wp:term":[{"taxonomy":"product_brand","embeddable":true,"href":"https:\/\/lemaraichermoderne.com\/en\/wp-json\/wp\/v2\/product_brand?post=136"},{"taxonomy":"product_cat","embeddable":true,"href":"https:\/\/lemaraichermoderne.com\/en\/wp-json\/wp\/v2\/product_cat?post=136"},{"taxonomy":"product_tag","embeddable":true,"href":"https:\/\/lemaraichermoderne.com\/en\/wp-json\/wp\/v2\/product_tag?post=136"}],"curies":[{"name":"wp","href":"https:\/\/api.w.org\/{rel}","templated":true}]}}