{"id":141,"date":"2023-03-19T14:03:08","date_gmt":"2023-03-19T13:03:08","guid":{"rendered":"https:\/\/conceptwebactiv.com\/dev\/lemaraichermoderne\/?post_type=product&#038;p=141"},"modified":"2026-04-08T10:38:01","modified_gmt":"2026-04-08T14:38:01","slug":"pompe-a-air-alfred-2-sorties","status":"publish","type":"product","link":"https:\/\/lemaraichermoderne.com\/en\/produit\/pompe-a-air-alfred-2-sorties\/","title":{"rendered":"Pompe \u00e0 air Alfred 2 sorties"},"content":{"rendered":"<p>La pression d&#8217;air peut \u00eatre r\u00e9gl\u00e9e \u00e0 l&#8217;aide du bouton d&#8217;ajustement situ\u00e9 sur le dessus du bo\u00eetier de la pompe. Parmi d&#8217;autres caract\u00e9ristiques de cette pompe, des supports en caoutchouc qui absorbent les vibrations sont inclus ainsi qu&#8217;un bo\u00eetier moul\u00e9 en plastique ABS, une faible consommation d&#8217;\u00e9nergie et bien plus.<\/p>\n<p>Silencieuses et fiables, les pompes Alfred sont con\u00e7ues sp\u00e9cifiquement pour les jardiniers hydroponiques ou d&#8217;int\u00e9rieur de tous les niveaux. Elles sont disponibles en diverses vari\u00e9t\u00e9s de niveaux de pression afin de convenir \u00e0 tous les besoins.<\/p>\n<p>Caract\u00e9ristiques<\/p>\n<ul>\n<li>Pression d&#8217;air constante<\/li>\n<li>D\u00e9bit d&#8217;air ajustable<\/li>\n<li>Op\u00e9ration silencieuse<\/li>\n<li>Syst\u00e8me d&#8217;absorption des vibrations<\/li>\n<li>Bo\u00eetier robuste en plastique ABS<\/li>\n<li>Conforme ROHS<\/li>\n<li>Garantie 1 an<\/li>\n<\/ul>\n<p>Sp\u00e9cifications<\/p>\n<ul>\n<li>D\u00e9bit: 4.5L\/min<\/li>\n<li>Pression:&gt;0.014MPa<\/li>\n<li>Fr\u00e9quence: 50\/60Hz<\/li>\n<li>Watt: 4<\/li>\n<\/ul>\n","protected":false},"excerpt":{"rendered":"<p>La pression d&#8217;air peut \u00eatre r\u00e9gl\u00e9e \u00e0 l&#8217;aide du bouton d&#8217;ajustement situ\u00e9 sur le dessus du bo\u00eetier de la pompe. Parmi d&#8217;autres caract\u00e9ristiques de cette pompe, des supports en caoutchouc qui absorbent les vibrations sont inclus ainsi qu&#8217;un bo\u00eetier moul\u00e9 en plastique ABS, une faible consommation d&#8217;\u00e9nergie et bien plus. Silencieuses et fiables, les pompes [&hellip;]<\/p>\n","protected":false},"featured_media":142,"template":"","meta":[],"product_brand":[],"product_cat":[30],"product_tag":[],"class_list":{"0":"post-141","1":"product","2":"type-product","3":"status-publish","4":"has-post-thumbnail","6":"product_cat-accessoires-hydroponique-2","8":"first","9":"outofstock","10":"taxable","11":"shipping-taxable","12":"purchasable","13":"product-type-simple"},"yoast_head":"<!-- This site is optimized with the Yoast SEO plugin v27.4 - https:\/\/yoast.com\/product\/yoast-seo-wordpress\/ -->\n<title>Pompe \u00e0 air Alfred 2 sorties - Le Mara\u00eecher Moderne<\/title>\n<meta name=\"robots\" content=\"index, follow, max-snippet:-1, max-image-preview:large, max-video-preview:-1\" \/>\n<link rel=\"canonical\" href=\"https:\/\/lemaraichermoderne.com\/en\/produit\/pompe-a-air-alfred-2-sorties\/\" \/>\n<meta property=\"og:locale\" content=\"en_US\" \/>\n<meta property=\"og:type\" content=\"article\" \/>\n<meta property=\"og:title\" content=\"Pompe \u00e0 air Alfred 2 sorties - Le Mara\u00eecher Moderne\" \/>\n<meta property=\"og:description\" content=\"La pression d&#8217;air peut \u00eatre r\u00e9gl\u00e9e \u00e0 l&#8217;aide du bouton d&#8217;ajustement situ\u00e9 sur le dessus du bo\u00eetier de la pompe. Parmi d&#8217;autres caract\u00e9ristiques de cette pompe, des supports en caoutchouc qui absorbent les vibrations sont inclus ainsi qu&#8217;un bo\u00eetier moul\u00e9 en plastique ABS, une faible consommation d&#8217;\u00e9nergie et bien plus. Silencieuses et fiables, les pompes [&hellip;]\" \/>\n<meta property=\"og:url\" content=\"https:\/\/lemaraichermoderne.com\/en\/produit\/pompe-a-air-alfred-2-sorties\/\" \/>\n<meta property=\"og:site_name\" content=\"Le Mara\u00eecher Moderne\" \/>\n<meta property=\"article:publisher\" content=\"https:\/\/www.facebook.com\/lemaraichermoderne\" \/>\n<meta property=\"article:modified_time\" content=\"2026-04-08T14:38:01+00:00\" \/>\n<meta property=\"og:image\" content=\"https:\/\/lemaraichermoderne.com\/wp-content\/uploads\/2023\/03\/alfred-air-pump-2-outlets-06029000011.jpg\" \/>\n\t<meta property=\"og:image:width\" content=\"1200\" \/>\n\t<meta property=\"og:image:height\" content=\"800\" \/>\n\t<meta property=\"og:image:type\" content=\"image\/jpeg\" \/>\n<meta name=\"twitter:card\" content=\"summary_large_image\" \/>\n<meta name=\"twitter:label1\" content=\"Est. reading time\" \/>\n\t<meta name=\"twitter:data1\" content=\"1 minute\" \/>\n<script type=\"application\/ld+json\" class=\"yoast-schema-graph\">{\"@context\":\"https:\\\/\\\/schema.org\",\"@graph\":[{\"@type\":\"WebPage\",\"@id\":\"https:\\\/\\\/lemaraichermoderne.com\\\/en\\\/produit\\\/pompe-a-air-alfred-2-sorties\\\/\",\"url\":\"https:\\\/\\\/lemaraichermoderne.com\\\/en\\\/produit\\\/pompe-a-air-alfred-2-sorties\\\/\",\"name\":\"Pompe \u00e0 air Alfred 2 sorties - Le Mara\u00eecher Moderne\",\"isPartOf\":{\"@id\":\"https:\\\/\\\/lemaraichermoderne.com\\\/en\\\/#website\"},\"primaryImageOfPage\":{\"@id\":\"https:\\\/\\\/lemaraichermoderne.com\\\/en\\\/produit\\\/pompe-a-air-alfred-2-sorties\\\/#primaryimage\"},\"image\":{\"@id\":\"https:\\\/\\\/lemaraichermoderne.com\\\/en\\\/produit\\\/pompe-a-air-alfred-2-sorties\\\/#primaryimage\"},\"thumbnailUrl\":\"https:\\\/\\\/lemaraichermoderne.com\\\/wp-content\\\/uploads\\\/2023\\\/03\\\/alfred-air-pump-2-outlets-06029000011.jpg\",\"datePublished\":\"2023-03-19T13:03:08+00:00\",\"dateModified\":\"2026-04-08T14:38:01+00:00\",\"breadcrumb\":{\"@id\":\"https:\\\/\\\/lemaraichermoderne.com\\\/en\\\/produit\\\/pompe-a-air-alfred-2-sorties\\\/#breadcrumb\"},\"inLanguage\":\"en-US\",\"potentialAction\":[{\"@type\":\"ReadAction\",\"target\":[\"https:\\\/\\\/lemaraichermoderne.com\\\/en\\\/produit\\\/pompe-a-air-alfred-2-sorties\\\/\"]}]},{\"@type\":\"ImageObject\",\"inLanguage\":\"en-US\",\"@id\":\"https:\\\/\\\/lemaraichermoderne.com\\\/en\\\/produit\\\/pompe-a-air-alfred-2-sorties\\\/#primaryimage\",\"url\":\"https:\\\/\\\/lemaraichermoderne.com\\\/wp-content\\\/uploads\\\/2023\\\/03\\\/alfred-air-pump-2-outlets-06029000011.jpg\",\"contentUrl\":\"https:\\\/\\\/lemaraichermoderne.com\\\/wp-content\\\/uploads\\\/2023\\\/03\\\/alfred-air-pump-2-outlets-06029000011.jpg\",\"width\":1200,\"height\":800},{\"@type\":\"BreadcrumbList\",\"@id\":\"https:\\\/\\\/lemaraichermoderne.com\\\/en\\\/produit\\\/pompe-a-air-alfred-2-sorties\\\/#breadcrumb\",\"itemListElement\":[{\"@type\":\"ListItem\",\"position\":1,\"name\":\"Accueil\",\"item\":\"https:\\\/\\\/lemaraichermoderne.com\\\/en\\\/\"},{\"@type\":\"ListItem\",\"position\":2,\"name\":\"Boutique\",\"item\":\"https:\\\/\\\/lemaraichermoderne.com\\\/boutique\\\/\"},{\"@type\":\"ListItem\",\"position\":3,\"name\":\"Pompe \u00e0 air Alfred 2 sorties\"}]},{\"@type\":\"WebSite\",\"@id\":\"https:\\\/\\\/lemaraichermoderne.com\\\/en\\\/#website\",\"url\":\"https:\\\/\\\/lemaraichermoderne.com\\\/en\\\/\",\"name\":\"Le Mara\u00eecher Moderne\",\"description\":\"R\u00e9f\u00e9rence en hydroponie \u00e0 Qu\u00e9bec\",\"publisher\":{\"@id\":\"https:\\\/\\\/lemaraichermoderne.com\\\/en\\\/#organization\"},\"potentialAction\":[{\"@type\":\"SearchAction\",\"target\":{\"@type\":\"EntryPoint\",\"urlTemplate\":\"https:\\\/\\\/lemaraichermoderne.com\\\/en\\\/?s={search_term_string}\"},\"query-input\":{\"@type\":\"PropertyValueSpecification\",\"valueRequired\":true,\"valueName\":\"search_term_string\"}}],\"inLanguage\":\"en-US\"},{\"@type\":\"Organization\",\"@id\":\"https:\\\/\\\/lemaraichermoderne.com\\\/en\\\/#organization\",\"name\":\"Le Mara\u00eecher Moderne\",\"url\":\"https:\\\/\\\/lemaraichermoderne.com\\\/en\\\/\",\"logo\":{\"@type\":\"ImageObject\",\"inLanguage\":\"en-US\",\"@id\":\"https:\\\/\\\/lemaraichermoderne.com\\\/en\\\/#\\\/schema\\\/logo\\\/image\\\/\",\"url\":\"https:\\\/\\\/lemaraichermoderne.com\\\/wp-content\\\/uploads\\\/2023\\\/03\\\/logo_mm1.png\",\"contentUrl\":\"https:\\\/\\\/lemaraichermoderne.com\\\/wp-content\\\/uploads\\\/2023\\\/03\\\/logo_mm1.png\",\"width\":500,\"height\":222,\"caption\":\"Le Mara\u00eecher Moderne\"},\"image\":{\"@id\":\"https:\\\/\\\/lemaraichermoderne.com\\\/en\\\/#\\\/schema\\\/logo\\\/image\\\/\"},\"sameAs\":[\"https:\\\/\\\/www.facebook.com\\\/lemaraichermoderne\",\"https:\\\/\\\/www.instagram.com\\\/lemaraichermoderne\"]}]}<\/script>\n<!-- \/ Yoast SEO plugin. -->","yoast_head_json":{"title":"Pompe \u00e0 air Alfred 2 sorties - Le Mara\u00eecher Moderne","robots":{"index":"index","follow":"follow","max-snippet":"max-snippet:-1","max-image-preview":"max-image-preview:large","max-video-preview":"max-video-preview:-1"},"canonical":"https:\/\/lemaraichermoderne.com\/en\/produit\/pompe-a-air-alfred-2-sorties\/","og_locale":"en_US","og_type":"article","og_title":"Pompe \u00e0 air Alfred 2 sorties - Le Mara\u00eecher Moderne","og_description":"La pression d&#8217;air peut \u00eatre r\u00e9gl\u00e9e \u00e0 l&#8217;aide du bouton d&#8217;ajustement situ\u00e9 sur le dessus du bo\u00eetier de la pompe. Parmi d&#8217;autres caract\u00e9ristiques de cette pompe, des supports en caoutchouc qui absorbent les vibrations sont inclus ainsi qu&#8217;un bo\u00eetier moul\u00e9 en plastique ABS, une faible consommation d&#8217;\u00e9nergie et bien plus. Silencieuses et fiables, les pompes [&hellip;]","og_url":"https:\/\/lemaraichermoderne.com\/en\/produit\/pompe-a-air-alfred-2-sorties\/","og_site_name":"Le Mara\u00eecher Moderne","article_publisher":"https:\/\/www.facebook.com\/lemaraichermoderne","article_modified_time":"2026-04-08T14:38:01+00:00","og_image":[{"width":1200,"height":800,"url":"https:\/\/lemaraichermoderne.com\/wp-content\/uploads\/2023\/03\/alfred-air-pump-2-outlets-06029000011.jpg","type":"image\/jpeg"}],"twitter_card":"summary_large_image","twitter_misc":{"Est. reading time":"1 minute"},"schema":{"@context":"https:\/\/schema.org","@graph":[{"@type":"WebPage","@id":"https:\/\/lemaraichermoderne.com\/en\/produit\/pompe-a-air-alfred-2-sorties\/","url":"https:\/\/lemaraichermoderne.com\/en\/produit\/pompe-a-air-alfred-2-sorties\/","name":"Pompe \u00e0 air Alfred 2 sorties - Le Mara\u00eecher Moderne","isPartOf":{"@id":"https:\/\/lemaraichermoderne.com\/en\/#website"},"primaryImageOfPage":{"@id":"https:\/\/lemaraichermoderne.com\/en\/produit\/pompe-a-air-alfred-2-sorties\/#primaryimage"},"image":{"@id":"https:\/\/lemaraichermoderne.com\/en\/produit\/pompe-a-air-alfred-2-sorties\/#primaryimage"},"thumbnailUrl":"https:\/\/lemaraichermoderne.com\/wp-content\/uploads\/2023\/03\/alfred-air-pump-2-outlets-06029000011.jpg","datePublished":"2023-03-19T13:03:08+00:00","dateModified":"2026-04-08T14:38:01+00:00","breadcrumb":{"@id":"https:\/\/lemaraichermoderne.com\/en\/produit\/pompe-a-air-alfred-2-sorties\/#breadcrumb"},"inLanguage":"en-US","potentialAction":[{"@type":"ReadAction","target":["https:\/\/lemaraichermoderne.com\/en\/produit\/pompe-a-air-alfred-2-sorties\/"]}]},{"@type":"ImageObject","inLanguage":"en-US","@id":"https:\/\/lemaraichermoderne.com\/en\/produit\/pompe-a-air-alfred-2-sorties\/#primaryimage","url":"https:\/\/lemaraichermoderne.com\/wp-content\/uploads\/2023\/03\/alfred-air-pump-2-outlets-06029000011.jpg","contentUrl":"https:\/\/lemaraichermoderne.com\/wp-content\/uploads\/2023\/03\/alfred-air-pump-2-outlets-06029000011.jpg","width":1200,"height":800},{"@type":"BreadcrumbList","@id":"https:\/\/lemaraichermoderne.com\/en\/produit\/pompe-a-air-alfred-2-sorties\/#breadcrumb","itemListElement":[{"@type":"ListItem","position":1,"name":"Accueil","item":"https:\/\/lemaraichermoderne.com\/en\/"},{"@type":"ListItem","position":2,"name":"Boutique","item":"https:\/\/lemaraichermoderne.com\/boutique\/"},{"@type":"ListItem","position":3,"name":"Pompe \u00e0 air Alfred 2 sorties"}]},{"@type":"WebSite","@id":"https:\/\/lemaraichermoderne.com\/en\/#website","url":"https:\/\/lemaraichermoderne.com\/en\/","name":"Le Mara\u00eecher Moderne","description":"R\u00e9f\u00e9rence en hydroponie \u00e0 Qu\u00e9bec","publisher":{"@id":"https:\/\/lemaraichermoderne.com\/en\/#organization"},"potentialAction":[{"@type":"SearchAction","target":{"@type":"EntryPoint","urlTemplate":"https:\/\/lemaraichermoderne.com\/en\/?s={search_term_string}"},"query-input":{"@type":"PropertyValueSpecification","valueRequired":true,"valueName":"search_term_string"}}],"inLanguage":"en-US"},{"@type":"Organization","@id":"https:\/\/lemaraichermoderne.com\/en\/#organization","name":"Le Mara\u00eecher Moderne","url":"https:\/\/lemaraichermoderne.com\/en\/","logo":{"@type":"ImageObject","inLanguage":"en-US","@id":"https:\/\/lemaraichermoderne.com\/en\/#\/schema\/logo\/image\/","url":"https:\/\/lemaraichermoderne.com\/wp-content\/uploads\/2023\/03\/logo_mm1.png","contentUrl":"https:\/\/lemaraichermoderne.com\/wp-content\/uploads\/2023\/03\/logo_mm1.png","width":500,"height":222,"caption":"Le Mara\u00eecher Moderne"},"image":{"@id":"https:\/\/lemaraichermoderne.com\/en\/#\/schema\/logo\/image\/"},"sameAs":["https:\/\/www.facebook.com\/lemaraichermoderne","https:\/\/www.instagram.com\/lemaraichermoderne"]}]}},"_links":{"self":[{"href":"https:\/\/lemaraichermoderne.com\/en\/wp-json\/wp\/v2\/product\/141","targetHints":{"allow":["GET"]}}],"collection":[{"href":"https:\/\/lemaraichermoderne.com\/en\/wp-json\/wp\/v2\/product"}],"about":[{"href":"https:\/\/lemaraichermoderne.com\/en\/wp-json\/wp\/v2\/types\/product"}],"wp:featuredmedia":[{"embeddable":true,"href":"https:\/\/lemaraichermoderne.com\/en\/wp-json\/wp\/v2\/media\/142"}],"wp:attachment":[{"href":"https:\/\/lemaraichermoderne.com\/en\/wp-json\/wp\/v2\/media?parent=141"}],"wp:term":[{"taxonomy":"product_brand","embeddable":true,"href":"https:\/\/lemaraichermoderne.com\/en\/wp-json\/wp\/v2\/product_brand?post=141"},{"taxonomy":"product_cat","embeddable":true,"href":"https:\/\/lemaraichermoderne.com\/en\/wp-json\/wp\/v2\/product_cat?post=141"},{"taxonomy":"product_tag","embeddable":true,"href":"https:\/\/lemaraichermoderne.com\/en\/wp-json\/wp\/v2\/product_tag?post=141"}],"curies":[{"name":"wp","href":"https:\/\/api.w.org\/{rel}","templated":true}]}}