{"id":1415,"date":"2023-08-05T13:25:35","date_gmt":"2023-08-05T17:25:35","guid":{"rendered":"https:\/\/lemaraichermoderne.com\/?post_type=product&#038;p=1415"},"modified":"2026-03-27T11:31:41","modified_gmt":"2026-03-27T15:31:41","slug":"led-4","status":"publish","type":"product","link":"https:\/\/lemaraichermoderne.com\/en\/produit\/led-4\/","title":{"rendered":"SUNBLASTER LED STRIP LIGHT HO 6400K 48W 4&#8242;"},"content":{"rendered":"<p>Le meilleur \u00e9clairage horticole \u00e0 DEL disponible sur le march\u00e9 du jardinage int\u00e9rieur. Con\u00e7u pour maximiser la performance g\u00e9n\u00e9rale, l\u2019\u00e9conomie d\u2019\u00e9nergie et augmenter la long\u00e9vit\u00e9 des appareils tout en fournissant l\u2019\u00e9clairage parfait pour la croissance de toutes les plantes int\u00e9rieures, sans compromis et sans risque. Muni de lampes DEL HO garantissant la qualit\u00e9 et la performance.<\/p>\n<p>SunBlaster LED Strip Lights\u2122 utilise une technique d\u2019auto-refroidissement brevet\u00e9e pour cr\u00e9er une lampe horticole \u00e0 la fine pointe de la technologie, sans cr\u00e9er de chaleur ind\u00e9sirable ou gaspiller les pr\u00e9cieuses ressources \u00e9lectroniques qui alimentent les ventilateurs de refroidissement ou autres dispositifs.<\/p>\n<p>SunBlaster LED Strip Lights\u2122 constitue la nouvelle g\u00e9n\u00e9ration d\u2019\u00e9clairage pour la propagation et la culture, r\u00e9pondant aux besoins d\u2019une vaste gamme d\u2019applications.<\/p>\n","protected":false},"excerpt":{"rendered":"<p>Le meilleur \u00e9clairage horticole \u00e0 DEL disponible sur le march\u00e9 du jardinage int\u00e9rieur. Con\u00e7u pour maximiser la performance g\u00e9n\u00e9rale, l\u2019\u00e9conomie d\u2019\u00e9nergie et augmenter la long\u00e9vit\u00e9 des appareils tout en fournissant l\u2019\u00e9clairage parfait pour la croissance de toutes les plantes int\u00e9rieures, sans compromis et sans risque. Muni de lampes DEL HO garantissant la qualit\u00e9 et la [&hellip;]<\/p>\n","protected":false},"featured_media":3619,"template":"","meta":[],"product_brand":[],"product_cat":[23],"product_tag":[],"class_list":{"0":"post-1415","1":"product","2":"type-product","3":"status-publish","4":"has-post-thumbnail","6":"product_cat-lumieres","8":"first","9":"instock","10":"taxable","11":"shipping-taxable","12":"purchasable","13":"product-type-simple"},"yoast_head":"<!-- This site is optimized with the Yoast SEO plugin v27.5 - https:\/\/yoast.com\/product\/yoast-seo-wordpress\/ -->\n<title>SUNBLASTER LED STRIP LIGHT HO 6400K 48W 4&#039; - Le Mara\u00eecher Moderne<\/title>\n<meta name=\"robots\" content=\"index, follow, max-snippet:-1, max-image-preview:large, max-video-preview:-1\" \/>\n<link rel=\"canonical\" href=\"https:\/\/lemaraichermoderne.com\/en\/produit\/led-4\/\" \/>\n<meta property=\"og:locale\" content=\"en_US\" \/>\n<meta property=\"og:type\" content=\"article\" \/>\n<meta property=\"og:title\" content=\"SUNBLASTER LED STRIP LIGHT HO 6400K 48W 4&#039; - Le Mara\u00eecher Moderne\" \/>\n<meta property=\"og:description\" content=\"Le meilleur \u00e9clairage horticole \u00e0 DEL disponible sur le march\u00e9 du jardinage int\u00e9rieur. Con\u00e7u pour maximiser la performance g\u00e9n\u00e9rale, l\u2019\u00e9conomie d\u2019\u00e9nergie et augmenter la long\u00e9vit\u00e9 des appareils tout en fournissant l\u2019\u00e9clairage parfait pour la croissance de toutes les plantes int\u00e9rieures, sans compromis et sans risque. Muni de lampes DEL HO garantissant la qualit\u00e9 et la [&hellip;]\" \/>\n<meta property=\"og:url\" content=\"https:\/\/lemaraichermoderne.com\/en\/produit\/led-4\/\" \/>\n<meta property=\"og:site_name\" content=\"Le Mara\u00eecher Moderne\" \/>\n<meta property=\"article:publisher\" content=\"https:\/\/www.facebook.com\/lemaraichermoderne\" \/>\n<meta property=\"article:modified_time\" content=\"2026-03-27T15:31:41+00:00\" \/>\n<meta property=\"og:image\" content=\"https:\/\/lemaraichermoderne.com\/wp-content\/uploads\/2023\/08\/22612_-_0900704_LED_48_INCH_6400K-T.jpg\" \/>\n\t<meta property=\"og:image:width\" content=\"85\" \/>\n\t<meta property=\"og:image:height\" content=\"85\" \/>\n\t<meta property=\"og:image:type\" content=\"image\/jpeg\" \/>\n<meta name=\"twitter:card\" content=\"summary_large_image\" \/>\n<meta name=\"twitter:label1\" content=\"Est. reading time\" \/>\n\t<meta name=\"twitter:data1\" content=\"1 minute\" \/>\n<script type=\"application\/ld+json\" class=\"yoast-schema-graph\">{\"@context\":\"https:\\\/\\\/schema.org\",\"@graph\":[{\"@type\":\"WebPage\",\"@id\":\"https:\\\/\\\/lemaraichermoderne.com\\\/en\\\/produit\\\/led-4\\\/\",\"url\":\"https:\\\/\\\/lemaraichermoderne.com\\\/en\\\/produit\\\/led-4\\\/\",\"name\":\"SUNBLASTER LED STRIP LIGHT HO 6400K 48W 4' - Le Mara\u00eecher Moderne\",\"isPartOf\":{\"@id\":\"https:\\\/\\\/lemaraichermoderne.com\\\/en\\\/#website\"},\"primaryImageOfPage\":{\"@id\":\"https:\\\/\\\/lemaraichermoderne.com\\\/en\\\/produit\\\/led-4\\\/#primaryimage\"},\"image\":{\"@id\":\"https:\\\/\\\/lemaraichermoderne.com\\\/en\\\/produit\\\/led-4\\\/#primaryimage\"},\"thumbnailUrl\":\"https:\\\/\\\/lemaraichermoderne.com\\\/wp-content\\\/uploads\\\/2023\\\/08\\\/22612_-_0900704_LED_48_INCH_6400K-T.jpg\",\"datePublished\":\"2023-08-05T17:25:35+00:00\",\"dateModified\":\"2026-03-27T15:31:41+00:00\",\"breadcrumb\":{\"@id\":\"https:\\\/\\\/lemaraichermoderne.com\\\/en\\\/produit\\\/led-4\\\/#breadcrumb\"},\"inLanguage\":\"en-US\",\"potentialAction\":[{\"@type\":\"ReadAction\",\"target\":[\"https:\\\/\\\/lemaraichermoderne.com\\\/en\\\/produit\\\/led-4\\\/\"]}]},{\"@type\":\"ImageObject\",\"inLanguage\":\"en-US\",\"@id\":\"https:\\\/\\\/lemaraichermoderne.com\\\/en\\\/produit\\\/led-4\\\/#primaryimage\",\"url\":\"https:\\\/\\\/lemaraichermoderne.com\\\/wp-content\\\/uploads\\\/2023\\\/08\\\/22612_-_0900704_LED_48_INCH_6400K-T.jpg\",\"contentUrl\":\"https:\\\/\\\/lemaraichermoderne.com\\\/wp-content\\\/uploads\\\/2023\\\/08\\\/22612_-_0900704_LED_48_INCH_6400K-T.jpg\",\"width\":85,\"height\":85},{\"@type\":\"BreadcrumbList\",\"@id\":\"https:\\\/\\\/lemaraichermoderne.com\\\/en\\\/produit\\\/led-4\\\/#breadcrumb\",\"itemListElement\":[{\"@type\":\"ListItem\",\"position\":1,\"name\":\"Accueil\",\"item\":\"https:\\\/\\\/lemaraichermoderne.com\\\/en\\\/\"},{\"@type\":\"ListItem\",\"position\":2,\"name\":\"Boutique\",\"item\":\"https:\\\/\\\/lemaraichermoderne.com\\\/boutique\\\/\"},{\"@type\":\"ListItem\",\"position\":3,\"name\":\"SUNBLASTER LED STRIP LIGHT HO 6400K 48W 4&prime;\"}]},{\"@type\":\"WebSite\",\"@id\":\"https:\\\/\\\/lemaraichermoderne.com\\\/en\\\/#website\",\"url\":\"https:\\\/\\\/lemaraichermoderne.com\\\/en\\\/\",\"name\":\"Le Mara\u00eecher Moderne\",\"description\":\"R\u00e9f\u00e9rence en hydroponie \u00e0 Qu\u00e9bec\",\"publisher\":{\"@id\":\"https:\\\/\\\/lemaraichermoderne.com\\\/en\\\/#organization\"},\"potentialAction\":[{\"@type\":\"SearchAction\",\"target\":{\"@type\":\"EntryPoint\",\"urlTemplate\":\"https:\\\/\\\/lemaraichermoderne.com\\\/en\\\/?s={search_term_string}\"},\"query-input\":{\"@type\":\"PropertyValueSpecification\",\"valueRequired\":true,\"valueName\":\"search_term_string\"}}],\"inLanguage\":\"en-US\"},{\"@type\":\"Organization\",\"@id\":\"https:\\\/\\\/lemaraichermoderne.com\\\/en\\\/#organization\",\"name\":\"Le Mara\u00eecher Moderne\",\"url\":\"https:\\\/\\\/lemaraichermoderne.com\\\/en\\\/\",\"logo\":{\"@type\":\"ImageObject\",\"inLanguage\":\"en-US\",\"@id\":\"https:\\\/\\\/lemaraichermoderne.com\\\/en\\\/#\\\/schema\\\/logo\\\/image\\\/\",\"url\":\"https:\\\/\\\/lemaraichermoderne.com\\\/wp-content\\\/uploads\\\/2023\\\/03\\\/logo_mm1.png\",\"contentUrl\":\"https:\\\/\\\/lemaraichermoderne.com\\\/wp-content\\\/uploads\\\/2023\\\/03\\\/logo_mm1.png\",\"width\":500,\"height\":222,\"caption\":\"Le Mara\u00eecher Moderne\"},\"image\":{\"@id\":\"https:\\\/\\\/lemaraichermoderne.com\\\/en\\\/#\\\/schema\\\/logo\\\/image\\\/\"},\"sameAs\":[\"https:\\\/\\\/www.facebook.com\\\/lemaraichermoderne\",\"https:\\\/\\\/www.instagram.com\\\/lemaraichermoderne\"]}]}<\/script>\n<!-- \/ Yoast SEO plugin. -->","yoast_head_json":{"title":"SUNBLASTER LED STRIP LIGHT HO 6400K 48W 4' - Le Mara\u00eecher Moderne","robots":{"index":"index","follow":"follow","max-snippet":"max-snippet:-1","max-image-preview":"max-image-preview:large","max-video-preview":"max-video-preview:-1"},"canonical":"https:\/\/lemaraichermoderne.com\/en\/produit\/led-4\/","og_locale":"en_US","og_type":"article","og_title":"SUNBLASTER LED STRIP LIGHT HO 6400K 48W 4' - Le Mara\u00eecher Moderne","og_description":"Le meilleur \u00e9clairage horticole \u00e0 DEL disponible sur le march\u00e9 du jardinage int\u00e9rieur. Con\u00e7u pour maximiser la performance g\u00e9n\u00e9rale, l\u2019\u00e9conomie d\u2019\u00e9nergie et augmenter la long\u00e9vit\u00e9 des appareils tout en fournissant l\u2019\u00e9clairage parfait pour la croissance de toutes les plantes int\u00e9rieures, sans compromis et sans risque. Muni de lampes DEL HO garantissant la qualit\u00e9 et la [&hellip;]","og_url":"https:\/\/lemaraichermoderne.com\/en\/produit\/led-4\/","og_site_name":"Le Mara\u00eecher Moderne","article_publisher":"https:\/\/www.facebook.com\/lemaraichermoderne","article_modified_time":"2026-03-27T15:31:41+00:00","og_image":[{"width":85,"height":85,"url":"https:\/\/lemaraichermoderne.com\/wp-content\/uploads\/2023\/08\/22612_-_0900704_LED_48_INCH_6400K-T.jpg","type":"image\/jpeg"}],"twitter_card":"summary_large_image","twitter_misc":{"Est. reading time":"1 minute"},"schema":{"@context":"https:\/\/schema.org","@graph":[{"@type":"WebPage","@id":"https:\/\/lemaraichermoderne.com\/en\/produit\/led-4\/","url":"https:\/\/lemaraichermoderne.com\/en\/produit\/led-4\/","name":"SUNBLASTER LED STRIP LIGHT HO 6400K 48W 4' - Le Mara\u00eecher Moderne","isPartOf":{"@id":"https:\/\/lemaraichermoderne.com\/en\/#website"},"primaryImageOfPage":{"@id":"https:\/\/lemaraichermoderne.com\/en\/produit\/led-4\/#primaryimage"},"image":{"@id":"https:\/\/lemaraichermoderne.com\/en\/produit\/led-4\/#primaryimage"},"thumbnailUrl":"https:\/\/lemaraichermoderne.com\/wp-content\/uploads\/2023\/08\/22612_-_0900704_LED_48_INCH_6400K-T.jpg","datePublished":"2023-08-05T17:25:35+00:00","dateModified":"2026-03-27T15:31:41+00:00","breadcrumb":{"@id":"https:\/\/lemaraichermoderne.com\/en\/produit\/led-4\/#breadcrumb"},"inLanguage":"en-US","potentialAction":[{"@type":"ReadAction","target":["https:\/\/lemaraichermoderne.com\/en\/produit\/led-4\/"]}]},{"@type":"ImageObject","inLanguage":"en-US","@id":"https:\/\/lemaraichermoderne.com\/en\/produit\/led-4\/#primaryimage","url":"https:\/\/lemaraichermoderne.com\/wp-content\/uploads\/2023\/08\/22612_-_0900704_LED_48_INCH_6400K-T.jpg","contentUrl":"https:\/\/lemaraichermoderne.com\/wp-content\/uploads\/2023\/08\/22612_-_0900704_LED_48_INCH_6400K-T.jpg","width":85,"height":85},{"@type":"BreadcrumbList","@id":"https:\/\/lemaraichermoderne.com\/en\/produit\/led-4\/#breadcrumb","itemListElement":[{"@type":"ListItem","position":1,"name":"Accueil","item":"https:\/\/lemaraichermoderne.com\/en\/"},{"@type":"ListItem","position":2,"name":"Boutique","item":"https:\/\/lemaraichermoderne.com\/boutique\/"},{"@type":"ListItem","position":3,"name":"SUNBLASTER LED STRIP LIGHT HO 6400K 48W 4&prime;"}]},{"@type":"WebSite","@id":"https:\/\/lemaraichermoderne.com\/en\/#website","url":"https:\/\/lemaraichermoderne.com\/en\/","name":"Le Mara\u00eecher Moderne","description":"R\u00e9f\u00e9rence en hydroponie \u00e0 Qu\u00e9bec","publisher":{"@id":"https:\/\/lemaraichermoderne.com\/en\/#organization"},"potentialAction":[{"@type":"SearchAction","target":{"@type":"EntryPoint","urlTemplate":"https:\/\/lemaraichermoderne.com\/en\/?s={search_term_string}"},"query-input":{"@type":"PropertyValueSpecification","valueRequired":true,"valueName":"search_term_string"}}],"inLanguage":"en-US"},{"@type":"Organization","@id":"https:\/\/lemaraichermoderne.com\/en\/#organization","name":"Le Mara\u00eecher Moderne","url":"https:\/\/lemaraichermoderne.com\/en\/","logo":{"@type":"ImageObject","inLanguage":"en-US","@id":"https:\/\/lemaraichermoderne.com\/en\/#\/schema\/logo\/image\/","url":"https:\/\/lemaraichermoderne.com\/wp-content\/uploads\/2023\/03\/logo_mm1.png","contentUrl":"https:\/\/lemaraichermoderne.com\/wp-content\/uploads\/2023\/03\/logo_mm1.png","width":500,"height":222,"caption":"Le Mara\u00eecher Moderne"},"image":{"@id":"https:\/\/lemaraichermoderne.com\/en\/#\/schema\/logo\/image\/"},"sameAs":["https:\/\/www.facebook.com\/lemaraichermoderne","https:\/\/www.instagram.com\/lemaraichermoderne"]}]}},"_links":{"self":[{"href":"https:\/\/lemaraichermoderne.com\/en\/wp-json\/wp\/v2\/product\/1415","targetHints":{"allow":["GET"]}}],"collection":[{"href":"https:\/\/lemaraichermoderne.com\/en\/wp-json\/wp\/v2\/product"}],"about":[{"href":"https:\/\/lemaraichermoderne.com\/en\/wp-json\/wp\/v2\/types\/product"}],"wp:featuredmedia":[{"embeddable":true,"href":"https:\/\/lemaraichermoderne.com\/en\/wp-json\/wp\/v2\/media\/3619"}],"wp:attachment":[{"href":"https:\/\/lemaraichermoderne.com\/en\/wp-json\/wp\/v2\/media?parent=1415"}],"wp:term":[{"taxonomy":"product_brand","embeddable":true,"href":"https:\/\/lemaraichermoderne.com\/en\/wp-json\/wp\/v2\/product_brand?post=1415"},{"taxonomy":"product_cat","embeddable":true,"href":"https:\/\/lemaraichermoderne.com\/en\/wp-json\/wp\/v2\/product_cat?post=1415"},{"taxonomy":"product_tag","embeddable":true,"href":"https:\/\/lemaraichermoderne.com\/en\/wp-json\/wp\/v2\/product_tag?post=1415"}],"curies":[{"name":"wp","href":"https:\/\/api.w.org\/{rel}","templated":true}]}}