{"id":148,"date":"2023-03-19T14:13:35","date_gmt":"2023-03-19T13:13:35","guid":{"rendered":"https:\/\/conceptwebactiv.com\/dev\/lemaraichermoderne\/?post_type=product&#038;p=148"},"modified":"2026-03-07T10:57:26","modified_gmt":"2026-03-07T15:57:26","slug":"pierre-a-air-6","status":"publish","type":"product","link":"https:\/\/lemaraichermoderne.com\/en\/produit\/pierre-a-air-6\/","title":{"rendered":"Pierre \u00e0 air 6&#8243;"},"content":{"rendered":"<div class=\"block-wrapper alias-product-info-overview __base--display _op-inline-block\">\n<div class=\"product attribute overview\">\n<div class=\"value\">Les pierres \u00e0 air Alfred Horticulture con\u00e7ues pour vos r\u00e9servoirs aident \u00e0 augmenter et \u00e0 maintenir les niveaux d\u2019oxyg\u00e8ne dans votre solution nutritive. Branchez simplement la pierre \u00e0 air \u00e0 votre pompe \u00e0 air dans votre r\u00e9servoir avec le tuyau ad\u00e9quat. L\u2019a\u00e9rateur en silice compress\u00e9 diffusera automatiquement de l\u2019air dans votre solution nutritive. Une a\u00e9ration ad\u00e9quate apportera de l\u2019oxyg\u00e8ne aux racines submerg\u00e9es, leur permettant de \u00ab respirer \u00bb sous l\u2019eau. Le renouvellement d\u2019oxyg\u00e8ne aide \u00e0 garder les racines en sant\u00e9, favorise un apport de nutriment et augmente la dur\u00e9e de vie de votre solution nutritive. Les fines bulles produites par la pierre \u00e0 air flottent \u00e0 la surface et l\u2019oxyg\u00e8ne \u00e0 l\u2019int\u00e9rieur transporte les toxines hors de la solution nutritive pour qu\u2019elles se dissipent \u00e0 la surface.<\/div>\n<\/div>\n<\/div>\n<p>Pour un r\u00e9servoir de 10 gallons, nous recommandons la pierre \u00e0 air Alfred Horticulture 6&#8243;.<br \/>\nPour un r\u00e9servoir de 20 gallons, nous recommandons la pierre \u00e0 air Alfred Horticulture 12&#8243;.<br \/>\nToutes les pierres \u00e0 air Alfred Horticulture conviennent \u00e0 des tuyaux standards de 1\/4&#8243; et sont con\u00e7ues pour \u00eatre d\u00e9pos\u00e9es \u00e0 plat dans le fond du r\u00e9servoir afin d\u2019emp\u00eacher les racines des plantes de s\u2019emm\u00ealer.<\/p>\n<p>Assurez-vous que vos plantes et votre r\u00e9servoir soient bien oxyg\u00e9n\u00e9s. Ajoutez les diffuseurs \u00e0 air Alfred \u00e0 votre syst\u00e8me hydroponique.<\/p>\n","protected":false},"excerpt":{"rendered":"<p>Les pierres \u00e0 air Alfred Horticulture con\u00e7ues pour vos r\u00e9servoirs aident \u00e0 augmenter et \u00e0 maintenir les niveaux d\u2019oxyg\u00e8ne dans votre solution nutritive. Branchez simplement la pierre \u00e0 air \u00e0 votre pompe \u00e0 air dans votre r\u00e9servoir avec le tuyau ad\u00e9quat. L\u2019a\u00e9rateur en silice compress\u00e9 diffusera automatiquement de l\u2019air dans votre solution nutritive. Une a\u00e9ration [&hellip;]<\/p>\n","protected":false},"featured_media":149,"template":"","meta":[],"product_brand":[],"product_cat":[30],"product_tag":[],"class_list":{"0":"post-148","1":"product","2":"type-product","3":"status-publish","4":"has-post-thumbnail","6":"product_cat-accessoires-hydroponique-2","8":"first","9":"instock","10":"taxable","11":"shipping-taxable","12":"purchasable","13":"product-type-simple"},"yoast_head":"<!-- This site is optimized with the Yoast SEO plugin v27.4 - https:\/\/yoast.com\/product\/yoast-seo-wordpress\/ -->\n<title>Pierre \u00e0 air 6&quot; - Le Mara\u00eecher Moderne<\/title>\n<meta name=\"robots\" content=\"index, follow, max-snippet:-1, max-image-preview:large, max-video-preview:-1\" \/>\n<link rel=\"canonical\" href=\"https:\/\/lemaraichermoderne.com\/en\/produit\/pierre-a-air-6\/\" \/>\n<meta property=\"og:locale\" content=\"en_US\" \/>\n<meta property=\"og:type\" content=\"article\" \/>\n<meta property=\"og:title\" content=\"Pierre \u00e0 air 6&quot; - Le Mara\u00eecher Moderne\" \/>\n<meta property=\"og:description\" content=\"Les pierres \u00e0 air Alfred Horticulture con\u00e7ues pour vos r\u00e9servoirs aident \u00e0 augmenter et \u00e0 maintenir les niveaux d\u2019oxyg\u00e8ne dans votre solution nutritive. Branchez simplement la pierre \u00e0 air \u00e0 votre pompe \u00e0 air dans votre r\u00e9servoir avec le tuyau ad\u00e9quat. L\u2019a\u00e9rateur en silice compress\u00e9 diffusera automatiquement de l\u2019air dans votre solution nutritive. Une a\u00e9ration [&hellip;]\" \/>\n<meta property=\"og:url\" content=\"https:\/\/lemaraichermoderne.com\/en\/produit\/pierre-a-air-6\/\" \/>\n<meta property=\"og:site_name\" content=\"Le Mara\u00eecher Moderne\" \/>\n<meta property=\"article:publisher\" content=\"https:\/\/www.facebook.com\/lemaraichermoderne\" \/>\n<meta property=\"article:modified_time\" content=\"2026-03-07T15:57:26+00:00\" \/>\n<meta property=\"og:image\" content=\"https:\/\/lemaraichermoderne.com\/wp-content\/uploads\/2023\/03\/alfred-air-stone-6-06029000015_1.jpg\" \/>\n\t<meta property=\"og:image:width\" content=\"1200\" \/>\n\t<meta property=\"og:image:height\" content=\"800\" \/>\n\t<meta property=\"og:image:type\" content=\"image\/jpeg\" \/>\n<meta name=\"twitter:card\" content=\"summary_large_image\" \/>\n<meta name=\"twitter:label1\" content=\"Est. reading time\" \/>\n\t<meta name=\"twitter:data1\" content=\"2 minutes\" \/>\n<script type=\"application\/ld+json\" class=\"yoast-schema-graph\">{\"@context\":\"https:\\\/\\\/schema.org\",\"@graph\":[{\"@type\":\"WebPage\",\"@id\":\"https:\\\/\\\/lemaraichermoderne.com\\\/en\\\/produit\\\/pierre-a-air-6\\\/\",\"url\":\"https:\\\/\\\/lemaraichermoderne.com\\\/en\\\/produit\\\/pierre-a-air-6\\\/\",\"name\":\"Pierre \u00e0 air 6\\\" - Le Mara\u00eecher Moderne\",\"isPartOf\":{\"@id\":\"https:\\\/\\\/lemaraichermoderne.com\\\/en\\\/#website\"},\"primaryImageOfPage\":{\"@id\":\"https:\\\/\\\/lemaraichermoderne.com\\\/en\\\/produit\\\/pierre-a-air-6\\\/#primaryimage\"},\"image\":{\"@id\":\"https:\\\/\\\/lemaraichermoderne.com\\\/en\\\/produit\\\/pierre-a-air-6\\\/#primaryimage\"},\"thumbnailUrl\":\"https:\\\/\\\/lemaraichermoderne.com\\\/wp-content\\\/uploads\\\/2023\\\/03\\\/alfred-air-stone-6-06029000015_1.jpg\",\"datePublished\":\"2023-03-19T13:13:35+00:00\",\"dateModified\":\"2026-03-07T15:57:26+00:00\",\"breadcrumb\":{\"@id\":\"https:\\\/\\\/lemaraichermoderne.com\\\/en\\\/produit\\\/pierre-a-air-6\\\/#breadcrumb\"},\"inLanguage\":\"en-US\",\"potentialAction\":[{\"@type\":\"ReadAction\",\"target\":[\"https:\\\/\\\/lemaraichermoderne.com\\\/en\\\/produit\\\/pierre-a-air-6\\\/\"]}]},{\"@type\":\"ImageObject\",\"inLanguage\":\"en-US\",\"@id\":\"https:\\\/\\\/lemaraichermoderne.com\\\/en\\\/produit\\\/pierre-a-air-6\\\/#primaryimage\",\"url\":\"https:\\\/\\\/lemaraichermoderne.com\\\/wp-content\\\/uploads\\\/2023\\\/03\\\/alfred-air-stone-6-06029000015_1.jpg\",\"contentUrl\":\"https:\\\/\\\/lemaraichermoderne.com\\\/wp-content\\\/uploads\\\/2023\\\/03\\\/alfred-air-stone-6-06029000015_1.jpg\",\"width\":1200,\"height\":800,\"caption\":\"Pierre \u00e0 air 6\\\"\"},{\"@type\":\"BreadcrumbList\",\"@id\":\"https:\\\/\\\/lemaraichermoderne.com\\\/en\\\/produit\\\/pierre-a-air-6\\\/#breadcrumb\",\"itemListElement\":[{\"@type\":\"ListItem\",\"position\":1,\"name\":\"Accueil\",\"item\":\"https:\\\/\\\/lemaraichermoderne.com\\\/en\\\/\"},{\"@type\":\"ListItem\",\"position\":2,\"name\":\"Boutique\",\"item\":\"https:\\\/\\\/lemaraichermoderne.com\\\/boutique\\\/\"},{\"@type\":\"ListItem\",\"position\":3,\"name\":\"Pierre \u00e0 air 6&Prime;\"}]},{\"@type\":\"WebSite\",\"@id\":\"https:\\\/\\\/lemaraichermoderne.com\\\/en\\\/#website\",\"url\":\"https:\\\/\\\/lemaraichermoderne.com\\\/en\\\/\",\"name\":\"Le Mara\u00eecher Moderne\",\"description\":\"R\u00e9f\u00e9rence en hydroponie \u00e0 Qu\u00e9bec\",\"publisher\":{\"@id\":\"https:\\\/\\\/lemaraichermoderne.com\\\/en\\\/#organization\"},\"potentialAction\":[{\"@type\":\"SearchAction\",\"target\":{\"@type\":\"EntryPoint\",\"urlTemplate\":\"https:\\\/\\\/lemaraichermoderne.com\\\/en\\\/?s={search_term_string}\"},\"query-input\":{\"@type\":\"PropertyValueSpecification\",\"valueRequired\":true,\"valueName\":\"search_term_string\"}}],\"inLanguage\":\"en-US\"},{\"@type\":\"Organization\",\"@id\":\"https:\\\/\\\/lemaraichermoderne.com\\\/en\\\/#organization\",\"name\":\"Le Mara\u00eecher Moderne\",\"url\":\"https:\\\/\\\/lemaraichermoderne.com\\\/en\\\/\",\"logo\":{\"@type\":\"ImageObject\",\"inLanguage\":\"en-US\",\"@id\":\"https:\\\/\\\/lemaraichermoderne.com\\\/en\\\/#\\\/schema\\\/logo\\\/image\\\/\",\"url\":\"https:\\\/\\\/lemaraichermoderne.com\\\/wp-content\\\/uploads\\\/2023\\\/03\\\/logo_mm1.png\",\"contentUrl\":\"https:\\\/\\\/lemaraichermoderne.com\\\/wp-content\\\/uploads\\\/2023\\\/03\\\/logo_mm1.png\",\"width\":500,\"height\":222,\"caption\":\"Le Mara\u00eecher Moderne\"},\"image\":{\"@id\":\"https:\\\/\\\/lemaraichermoderne.com\\\/en\\\/#\\\/schema\\\/logo\\\/image\\\/\"},\"sameAs\":[\"https:\\\/\\\/www.facebook.com\\\/lemaraichermoderne\",\"https:\\\/\\\/www.instagram.com\\\/lemaraichermoderne\"]}]}<\/script>\n<!-- \/ Yoast SEO plugin. -->","yoast_head_json":{"title":"Pierre \u00e0 air 6\" - Le Mara\u00eecher Moderne","robots":{"index":"index","follow":"follow","max-snippet":"max-snippet:-1","max-image-preview":"max-image-preview:large","max-video-preview":"max-video-preview:-1"},"canonical":"https:\/\/lemaraichermoderne.com\/en\/produit\/pierre-a-air-6\/","og_locale":"en_US","og_type":"article","og_title":"Pierre \u00e0 air 6\" - Le Mara\u00eecher Moderne","og_description":"Les pierres \u00e0 air Alfred Horticulture con\u00e7ues pour vos r\u00e9servoirs aident \u00e0 augmenter et \u00e0 maintenir les niveaux d\u2019oxyg\u00e8ne dans votre solution nutritive. Branchez simplement la pierre \u00e0 air \u00e0 votre pompe \u00e0 air dans votre r\u00e9servoir avec le tuyau ad\u00e9quat. L\u2019a\u00e9rateur en silice compress\u00e9 diffusera automatiquement de l\u2019air dans votre solution nutritive. Une a\u00e9ration [&hellip;]","og_url":"https:\/\/lemaraichermoderne.com\/en\/produit\/pierre-a-air-6\/","og_site_name":"Le Mara\u00eecher Moderne","article_publisher":"https:\/\/www.facebook.com\/lemaraichermoderne","article_modified_time":"2026-03-07T15:57:26+00:00","og_image":[{"width":1200,"height":800,"url":"https:\/\/lemaraichermoderne.com\/wp-content\/uploads\/2023\/03\/alfred-air-stone-6-06029000015_1.jpg","type":"image\/jpeg"}],"twitter_card":"summary_large_image","twitter_misc":{"Est. reading time":"2 minutes"},"schema":{"@context":"https:\/\/schema.org","@graph":[{"@type":"WebPage","@id":"https:\/\/lemaraichermoderne.com\/en\/produit\/pierre-a-air-6\/","url":"https:\/\/lemaraichermoderne.com\/en\/produit\/pierre-a-air-6\/","name":"Pierre \u00e0 air 6\" - Le Mara\u00eecher Moderne","isPartOf":{"@id":"https:\/\/lemaraichermoderne.com\/en\/#website"},"primaryImageOfPage":{"@id":"https:\/\/lemaraichermoderne.com\/en\/produit\/pierre-a-air-6\/#primaryimage"},"image":{"@id":"https:\/\/lemaraichermoderne.com\/en\/produit\/pierre-a-air-6\/#primaryimage"},"thumbnailUrl":"https:\/\/lemaraichermoderne.com\/wp-content\/uploads\/2023\/03\/alfred-air-stone-6-06029000015_1.jpg","datePublished":"2023-03-19T13:13:35+00:00","dateModified":"2026-03-07T15:57:26+00:00","breadcrumb":{"@id":"https:\/\/lemaraichermoderne.com\/en\/produit\/pierre-a-air-6\/#breadcrumb"},"inLanguage":"en-US","potentialAction":[{"@type":"ReadAction","target":["https:\/\/lemaraichermoderne.com\/en\/produit\/pierre-a-air-6\/"]}]},{"@type":"ImageObject","inLanguage":"en-US","@id":"https:\/\/lemaraichermoderne.com\/en\/produit\/pierre-a-air-6\/#primaryimage","url":"https:\/\/lemaraichermoderne.com\/wp-content\/uploads\/2023\/03\/alfred-air-stone-6-06029000015_1.jpg","contentUrl":"https:\/\/lemaraichermoderne.com\/wp-content\/uploads\/2023\/03\/alfred-air-stone-6-06029000015_1.jpg","width":1200,"height":800,"caption":"Pierre \u00e0 air 6\""},{"@type":"BreadcrumbList","@id":"https:\/\/lemaraichermoderne.com\/en\/produit\/pierre-a-air-6\/#breadcrumb","itemListElement":[{"@type":"ListItem","position":1,"name":"Accueil","item":"https:\/\/lemaraichermoderne.com\/en\/"},{"@type":"ListItem","position":2,"name":"Boutique","item":"https:\/\/lemaraichermoderne.com\/boutique\/"},{"@type":"ListItem","position":3,"name":"Pierre \u00e0 air 6&Prime;"}]},{"@type":"WebSite","@id":"https:\/\/lemaraichermoderne.com\/en\/#website","url":"https:\/\/lemaraichermoderne.com\/en\/","name":"Le Mara\u00eecher Moderne","description":"R\u00e9f\u00e9rence en hydroponie \u00e0 Qu\u00e9bec","publisher":{"@id":"https:\/\/lemaraichermoderne.com\/en\/#organization"},"potentialAction":[{"@type":"SearchAction","target":{"@type":"EntryPoint","urlTemplate":"https:\/\/lemaraichermoderne.com\/en\/?s={search_term_string}"},"query-input":{"@type":"PropertyValueSpecification","valueRequired":true,"valueName":"search_term_string"}}],"inLanguage":"en-US"},{"@type":"Organization","@id":"https:\/\/lemaraichermoderne.com\/en\/#organization","name":"Le Mara\u00eecher Moderne","url":"https:\/\/lemaraichermoderne.com\/en\/","logo":{"@type":"ImageObject","inLanguage":"en-US","@id":"https:\/\/lemaraichermoderne.com\/en\/#\/schema\/logo\/image\/","url":"https:\/\/lemaraichermoderne.com\/wp-content\/uploads\/2023\/03\/logo_mm1.png","contentUrl":"https:\/\/lemaraichermoderne.com\/wp-content\/uploads\/2023\/03\/logo_mm1.png","width":500,"height":222,"caption":"Le Mara\u00eecher Moderne"},"image":{"@id":"https:\/\/lemaraichermoderne.com\/en\/#\/schema\/logo\/image\/"},"sameAs":["https:\/\/www.facebook.com\/lemaraichermoderne","https:\/\/www.instagram.com\/lemaraichermoderne"]}]}},"_links":{"self":[{"href":"https:\/\/lemaraichermoderne.com\/en\/wp-json\/wp\/v2\/product\/148","targetHints":{"allow":["GET"]}}],"collection":[{"href":"https:\/\/lemaraichermoderne.com\/en\/wp-json\/wp\/v2\/product"}],"about":[{"href":"https:\/\/lemaraichermoderne.com\/en\/wp-json\/wp\/v2\/types\/product"}],"wp:featuredmedia":[{"embeddable":true,"href":"https:\/\/lemaraichermoderne.com\/en\/wp-json\/wp\/v2\/media\/149"}],"wp:attachment":[{"href":"https:\/\/lemaraichermoderne.com\/en\/wp-json\/wp\/v2\/media?parent=148"}],"wp:term":[{"taxonomy":"product_brand","embeddable":true,"href":"https:\/\/lemaraichermoderne.com\/en\/wp-json\/wp\/v2\/product_brand?post=148"},{"taxonomy":"product_cat","embeddable":true,"href":"https:\/\/lemaraichermoderne.com\/en\/wp-json\/wp\/v2\/product_cat?post=148"},{"taxonomy":"product_tag","embeddable":true,"href":"https:\/\/lemaraichermoderne.com\/en\/wp-json\/wp\/v2\/product_tag?post=148"}],"curies":[{"name":"wp","href":"https:\/\/api.w.org\/{rel}","templated":true}]}}