{"id":1518,"date":"2023-08-24T10:08:56","date_gmt":"2023-08-24T14:08:56","guid":{"rendered":"https:\/\/lemaraichermoderne.com\/?post_type=product&#038;p=1518"},"modified":"2025-04-26T10:19:53","modified_gmt":"2025-04-26T14:19:53","slug":"hose-yellow-3-4-125psi","status":"publish","type":"product","link":"https:\/\/lemaraichermoderne.com\/en\/produit\/hose-yellow-3-4-125psi\/","title":{"rendered":"Tuyau Jaune  3\/4&#8243; 125PSI"},"content":{"rendered":"<div class=\"container id-1 __base--grid _op-cols-12 _op-md-cols-12 _op-lg-cols-12\">\n<div class=\"subcontainer id-1-2 _cell _op-col-val-12 _op-md-col-val-6 _op-lg-col-val-6\">\n<div class=\"block-wrapper alias-product-info-overview __base--display _op-inline-block\">\n<div class=\"product attribute overview\">\n<div class=\"value\">Ces tuyaux sont sp\u00e9cifiquement fabriqu\u00e9s pour les syst\u00e8mes \u00e0 haute pression tels que a\u00e9roponiques et \u00e0 gouttes. Ils sont de la meilleure qualit\u00e9 sur le march\u00e9 et con\u00e7us pour une pression de 125 PSI.<\/div>\n<\/div>\n<\/div>\n<\/div>\n<\/div>\n<div class=\"container id-2 __base--grid _op-cols-12 _op-md-cols-12 _op-lg-cols-12\"><\/div>\n<p>Sp\u00e9cifications<\/p>\n<ul>\n<li>Tube: PVC noir de haute qualit\u00e9<\/li>\n<li>Renforcement: Fil synth\u00e9tique en spirale<\/li>\n<li>Couverture: PVC jaune brillant de haute qualit\u00e9 r\u00e9sistant \u00e0 l&#8217;abrasion et \u00e0 la temp\u00e9rature<\/li>\n<li>\u00e9ventail de temp\u00e9rature: -5\u00b0C (23\u00b0F) \u00e0 65\u00b0C (149\u00b0F)<\/li>\n<li>3\/4&#8243; DI x 0.97&#8243; DE<\/li>\n<li>Poids: 0.22 lb\/pi<\/li>\n<\/ul>\n","protected":false},"excerpt":{"rendered":"<p>Ces tuyaux sont sp\u00e9cifiquement fabriqu\u00e9s pour les syst\u00e8mes \u00e0 haute pression tels que a\u00e9roponiques et \u00e0 gouttes. Ils sont de la meilleure qualit\u00e9 sur le march\u00e9 et con\u00e7us pour une pression de 125 PSI. Sp\u00e9cifications Tube: PVC noir de haute qualit\u00e9 Renforcement: Fil synth\u00e9tique en spirale Couverture: PVC jaune brillant de haute qualit\u00e9 r\u00e9sistant \u00e0 [&hellip;]<\/p>\n","protected":false},"featured_media":1519,"template":"","meta":[],"product_brand":[],"product_cat":[30],"product_tag":[],"class_list":{"0":"post-1518","1":"product","2":"type-product","3":"status-publish","4":"has-post-thumbnail","6":"product_cat-accessoires-hydroponique-2","8":"first","9":"instock","10":"taxable","11":"shipping-taxable","12":"purchasable","13":"product-type-simple"},"yoast_head":"<!-- This site is optimized with the Yoast SEO plugin v27.4 - https:\/\/yoast.com\/product\/yoast-seo-wordpress\/ -->\n<title>Tuyau Jaune 3\/4&quot; 125PSI - Le Mara\u00eecher Moderne<\/title>\n<meta name=\"robots\" content=\"index, follow, max-snippet:-1, max-image-preview:large, max-video-preview:-1\" \/>\n<link rel=\"canonical\" href=\"https:\/\/lemaraichermoderne.com\/en\/produit\/hose-yellow-3-4-125psi\/\" \/>\n<meta property=\"og:locale\" content=\"en_US\" \/>\n<meta property=\"og:type\" content=\"article\" \/>\n<meta property=\"og:title\" content=\"Tuyau Jaune 3\/4&quot; 125PSI - Le Mara\u00eecher Moderne\" \/>\n<meta property=\"og:description\" content=\"Ces tuyaux sont sp\u00e9cifiquement fabriqu\u00e9s pour les syst\u00e8mes \u00e0 haute pression tels que a\u00e9roponiques et \u00e0 gouttes. Ils sont de la meilleure qualit\u00e9 sur le march\u00e9 et con\u00e7us pour une pression de 125 PSI. Sp\u00e9cifications Tube: PVC noir de haute qualit\u00e9 Renforcement: Fil synth\u00e9tique en spirale Couverture: PVC jaune brillant de haute qualit\u00e9 r\u00e9sistant \u00e0 [&hellip;]\" \/>\n<meta property=\"og:url\" content=\"https:\/\/lemaraichermoderne.com\/en\/produit\/hose-yellow-3-4-125psi\/\" \/>\n<meta property=\"og:site_name\" content=\"Le Mara\u00eecher Moderne\" \/>\n<meta property=\"article:publisher\" content=\"https:\/\/www.facebook.com\/lemaraichermoderne\" \/>\n<meta property=\"article:modified_time\" content=\"2025-04-26T14:19:53+00:00\" \/>\n<meta property=\"og:image\" content=\"https:\/\/lemaraichermoderne.com\/wp-content\/uploads\/2023\/08\/hose-yellow-34-125-psi-200-roll-06026000020.jpg\" \/>\n\t<meta property=\"og:image:width\" content=\"1011\" \/>\n\t<meta property=\"og:image:height\" content=\"912\" \/>\n\t<meta property=\"og:image:type\" content=\"image\/jpeg\" \/>\n<meta name=\"twitter:card\" content=\"summary_large_image\" \/>\n<meta name=\"twitter:label1\" content=\"Est. reading time\" \/>\n\t<meta name=\"twitter:data1\" content=\"1 minute\" \/>\n<script type=\"application\/ld+json\" class=\"yoast-schema-graph\">{\"@context\":\"https:\\\/\\\/schema.org\",\"@graph\":[{\"@type\":\"WebPage\",\"@id\":\"https:\\\/\\\/lemaraichermoderne.com\\\/en\\\/produit\\\/hose-yellow-3-4-125psi\\\/\",\"url\":\"https:\\\/\\\/lemaraichermoderne.com\\\/en\\\/produit\\\/hose-yellow-3-4-125psi\\\/\",\"name\":\"Tuyau Jaune 3\\\/4\\\" 125PSI - Le Mara\u00eecher Moderne\",\"isPartOf\":{\"@id\":\"https:\\\/\\\/lemaraichermoderne.com\\\/en\\\/#website\"},\"primaryImageOfPage\":{\"@id\":\"https:\\\/\\\/lemaraichermoderne.com\\\/en\\\/produit\\\/hose-yellow-3-4-125psi\\\/#primaryimage\"},\"image\":{\"@id\":\"https:\\\/\\\/lemaraichermoderne.com\\\/en\\\/produit\\\/hose-yellow-3-4-125psi\\\/#primaryimage\"},\"thumbnailUrl\":\"https:\\\/\\\/lemaraichermoderne.com\\\/wp-content\\\/uploads\\\/2023\\\/08\\\/hose-yellow-34-125-psi-200-roll-06026000020.jpg\",\"datePublished\":\"2023-08-24T14:08:56+00:00\",\"dateModified\":\"2025-04-26T14:19:53+00:00\",\"breadcrumb\":{\"@id\":\"https:\\\/\\\/lemaraichermoderne.com\\\/en\\\/produit\\\/hose-yellow-3-4-125psi\\\/#breadcrumb\"},\"inLanguage\":\"en-US\",\"potentialAction\":[{\"@type\":\"ReadAction\",\"target\":[\"https:\\\/\\\/lemaraichermoderne.com\\\/en\\\/produit\\\/hose-yellow-3-4-125psi\\\/\"]}]},{\"@type\":\"ImageObject\",\"inLanguage\":\"en-US\",\"@id\":\"https:\\\/\\\/lemaraichermoderne.com\\\/en\\\/produit\\\/hose-yellow-3-4-125psi\\\/#primaryimage\",\"url\":\"https:\\\/\\\/lemaraichermoderne.com\\\/wp-content\\\/uploads\\\/2023\\\/08\\\/hose-yellow-34-125-psi-200-roll-06026000020.jpg\",\"contentUrl\":\"https:\\\/\\\/lemaraichermoderne.com\\\/wp-content\\\/uploads\\\/2023\\\/08\\\/hose-yellow-34-125-psi-200-roll-06026000020.jpg\",\"width\":1011,\"height\":912,\"caption\":\"Hose Yellow 3\\\/4\\\" 125PSI\"},{\"@type\":\"BreadcrumbList\",\"@id\":\"https:\\\/\\\/lemaraichermoderne.com\\\/en\\\/produit\\\/hose-yellow-3-4-125psi\\\/#breadcrumb\",\"itemListElement\":[{\"@type\":\"ListItem\",\"position\":1,\"name\":\"Accueil\",\"item\":\"https:\\\/\\\/lemaraichermoderne.com\\\/en\\\/\"},{\"@type\":\"ListItem\",\"position\":2,\"name\":\"Boutique\",\"item\":\"https:\\\/\\\/lemaraichermoderne.com\\\/boutique\\\/\"},{\"@type\":\"ListItem\",\"position\":3,\"name\":\"Tuyau Jaune 3\\\/4&Prime; 125PSI\"}]},{\"@type\":\"WebSite\",\"@id\":\"https:\\\/\\\/lemaraichermoderne.com\\\/en\\\/#website\",\"url\":\"https:\\\/\\\/lemaraichermoderne.com\\\/en\\\/\",\"name\":\"Le Mara\u00eecher Moderne\",\"description\":\"R\u00e9f\u00e9rence en hydroponie \u00e0 Qu\u00e9bec\",\"publisher\":{\"@id\":\"https:\\\/\\\/lemaraichermoderne.com\\\/en\\\/#organization\"},\"potentialAction\":[{\"@type\":\"SearchAction\",\"target\":{\"@type\":\"EntryPoint\",\"urlTemplate\":\"https:\\\/\\\/lemaraichermoderne.com\\\/en\\\/?s={search_term_string}\"},\"query-input\":{\"@type\":\"PropertyValueSpecification\",\"valueRequired\":true,\"valueName\":\"search_term_string\"}}],\"inLanguage\":\"en-US\"},{\"@type\":\"Organization\",\"@id\":\"https:\\\/\\\/lemaraichermoderne.com\\\/en\\\/#organization\",\"name\":\"Le Mara\u00eecher Moderne\",\"url\":\"https:\\\/\\\/lemaraichermoderne.com\\\/en\\\/\",\"logo\":{\"@type\":\"ImageObject\",\"inLanguage\":\"en-US\",\"@id\":\"https:\\\/\\\/lemaraichermoderne.com\\\/en\\\/#\\\/schema\\\/logo\\\/image\\\/\",\"url\":\"https:\\\/\\\/lemaraichermoderne.com\\\/wp-content\\\/uploads\\\/2023\\\/03\\\/logo_mm1.png\",\"contentUrl\":\"https:\\\/\\\/lemaraichermoderne.com\\\/wp-content\\\/uploads\\\/2023\\\/03\\\/logo_mm1.png\",\"width\":500,\"height\":222,\"caption\":\"Le Mara\u00eecher Moderne\"},\"image\":{\"@id\":\"https:\\\/\\\/lemaraichermoderne.com\\\/en\\\/#\\\/schema\\\/logo\\\/image\\\/\"},\"sameAs\":[\"https:\\\/\\\/www.facebook.com\\\/lemaraichermoderne\",\"https:\\\/\\\/www.instagram.com\\\/lemaraichermoderne\"]}]}<\/script>\n<!-- \/ Yoast SEO plugin. -->","yoast_head_json":{"title":"Tuyau Jaune 3\/4\" 125PSI - Le Mara\u00eecher Moderne","robots":{"index":"index","follow":"follow","max-snippet":"max-snippet:-1","max-image-preview":"max-image-preview:large","max-video-preview":"max-video-preview:-1"},"canonical":"https:\/\/lemaraichermoderne.com\/en\/produit\/hose-yellow-3-4-125psi\/","og_locale":"en_US","og_type":"article","og_title":"Tuyau Jaune 3\/4\" 125PSI - Le Mara\u00eecher Moderne","og_description":"Ces tuyaux sont sp\u00e9cifiquement fabriqu\u00e9s pour les syst\u00e8mes \u00e0 haute pression tels que a\u00e9roponiques et \u00e0 gouttes. Ils sont de la meilleure qualit\u00e9 sur le march\u00e9 et con\u00e7us pour une pression de 125 PSI. Sp\u00e9cifications Tube: PVC noir de haute qualit\u00e9 Renforcement: Fil synth\u00e9tique en spirale Couverture: PVC jaune brillant de haute qualit\u00e9 r\u00e9sistant \u00e0 [&hellip;]","og_url":"https:\/\/lemaraichermoderne.com\/en\/produit\/hose-yellow-3-4-125psi\/","og_site_name":"Le Mara\u00eecher Moderne","article_publisher":"https:\/\/www.facebook.com\/lemaraichermoderne","article_modified_time":"2025-04-26T14:19:53+00:00","og_image":[{"width":1011,"height":912,"url":"https:\/\/lemaraichermoderne.com\/wp-content\/uploads\/2023\/08\/hose-yellow-34-125-psi-200-roll-06026000020.jpg","type":"image\/jpeg"}],"twitter_card":"summary_large_image","twitter_misc":{"Est. reading time":"1 minute"},"schema":{"@context":"https:\/\/schema.org","@graph":[{"@type":"WebPage","@id":"https:\/\/lemaraichermoderne.com\/en\/produit\/hose-yellow-3-4-125psi\/","url":"https:\/\/lemaraichermoderne.com\/en\/produit\/hose-yellow-3-4-125psi\/","name":"Tuyau Jaune 3\/4\" 125PSI - Le Mara\u00eecher Moderne","isPartOf":{"@id":"https:\/\/lemaraichermoderne.com\/en\/#website"},"primaryImageOfPage":{"@id":"https:\/\/lemaraichermoderne.com\/en\/produit\/hose-yellow-3-4-125psi\/#primaryimage"},"image":{"@id":"https:\/\/lemaraichermoderne.com\/en\/produit\/hose-yellow-3-4-125psi\/#primaryimage"},"thumbnailUrl":"https:\/\/lemaraichermoderne.com\/wp-content\/uploads\/2023\/08\/hose-yellow-34-125-psi-200-roll-06026000020.jpg","datePublished":"2023-08-24T14:08:56+00:00","dateModified":"2025-04-26T14:19:53+00:00","breadcrumb":{"@id":"https:\/\/lemaraichermoderne.com\/en\/produit\/hose-yellow-3-4-125psi\/#breadcrumb"},"inLanguage":"en-US","potentialAction":[{"@type":"ReadAction","target":["https:\/\/lemaraichermoderne.com\/en\/produit\/hose-yellow-3-4-125psi\/"]}]},{"@type":"ImageObject","inLanguage":"en-US","@id":"https:\/\/lemaraichermoderne.com\/en\/produit\/hose-yellow-3-4-125psi\/#primaryimage","url":"https:\/\/lemaraichermoderne.com\/wp-content\/uploads\/2023\/08\/hose-yellow-34-125-psi-200-roll-06026000020.jpg","contentUrl":"https:\/\/lemaraichermoderne.com\/wp-content\/uploads\/2023\/08\/hose-yellow-34-125-psi-200-roll-06026000020.jpg","width":1011,"height":912,"caption":"Hose Yellow 3\/4\" 125PSI"},{"@type":"BreadcrumbList","@id":"https:\/\/lemaraichermoderne.com\/en\/produit\/hose-yellow-3-4-125psi\/#breadcrumb","itemListElement":[{"@type":"ListItem","position":1,"name":"Accueil","item":"https:\/\/lemaraichermoderne.com\/en\/"},{"@type":"ListItem","position":2,"name":"Boutique","item":"https:\/\/lemaraichermoderne.com\/boutique\/"},{"@type":"ListItem","position":3,"name":"Tuyau Jaune 3\/4&Prime; 125PSI"}]},{"@type":"WebSite","@id":"https:\/\/lemaraichermoderne.com\/en\/#website","url":"https:\/\/lemaraichermoderne.com\/en\/","name":"Le Mara\u00eecher Moderne","description":"R\u00e9f\u00e9rence en hydroponie \u00e0 Qu\u00e9bec","publisher":{"@id":"https:\/\/lemaraichermoderne.com\/en\/#organization"},"potentialAction":[{"@type":"SearchAction","target":{"@type":"EntryPoint","urlTemplate":"https:\/\/lemaraichermoderne.com\/en\/?s={search_term_string}"},"query-input":{"@type":"PropertyValueSpecification","valueRequired":true,"valueName":"search_term_string"}}],"inLanguage":"en-US"},{"@type":"Organization","@id":"https:\/\/lemaraichermoderne.com\/en\/#organization","name":"Le Mara\u00eecher Moderne","url":"https:\/\/lemaraichermoderne.com\/en\/","logo":{"@type":"ImageObject","inLanguage":"en-US","@id":"https:\/\/lemaraichermoderne.com\/en\/#\/schema\/logo\/image\/","url":"https:\/\/lemaraichermoderne.com\/wp-content\/uploads\/2023\/03\/logo_mm1.png","contentUrl":"https:\/\/lemaraichermoderne.com\/wp-content\/uploads\/2023\/03\/logo_mm1.png","width":500,"height":222,"caption":"Le Mara\u00eecher Moderne"},"image":{"@id":"https:\/\/lemaraichermoderne.com\/en\/#\/schema\/logo\/image\/"},"sameAs":["https:\/\/www.facebook.com\/lemaraichermoderne","https:\/\/www.instagram.com\/lemaraichermoderne"]}]}},"_links":{"self":[{"href":"https:\/\/lemaraichermoderne.com\/en\/wp-json\/wp\/v2\/product\/1518","targetHints":{"allow":["GET"]}}],"collection":[{"href":"https:\/\/lemaraichermoderne.com\/en\/wp-json\/wp\/v2\/product"}],"about":[{"href":"https:\/\/lemaraichermoderne.com\/en\/wp-json\/wp\/v2\/types\/product"}],"wp:featuredmedia":[{"embeddable":true,"href":"https:\/\/lemaraichermoderne.com\/en\/wp-json\/wp\/v2\/media\/1519"}],"wp:attachment":[{"href":"https:\/\/lemaraichermoderne.com\/en\/wp-json\/wp\/v2\/media?parent=1518"}],"wp:term":[{"taxonomy":"product_brand","embeddable":true,"href":"https:\/\/lemaraichermoderne.com\/en\/wp-json\/wp\/v2\/product_brand?post=1518"},{"taxonomy":"product_cat","embeddable":true,"href":"https:\/\/lemaraichermoderne.com\/en\/wp-json\/wp\/v2\/product_cat?post=1518"},{"taxonomy":"product_tag","embeddable":true,"href":"https:\/\/lemaraichermoderne.com\/en\/wp-json\/wp\/v2\/product_tag?post=1518"}],"curies":[{"name":"wp","href":"https:\/\/api.w.org\/{rel}","templated":true}]}}