{"id":162,"date":"2023-03-19T14:42:10","date_gmt":"2023-03-19T13:42:10","guid":{"rendered":"https:\/\/conceptwebactiv.com\/dev\/lemaraichermoderne\/?post_type=product&#038;p=162"},"modified":"2026-04-20T18:43:35","modified_gmt":"2026-04-20T22:43:35","slug":"pompe-a-eau-alfred-290-gph","status":"publish","type":"product","link":"https:\/\/lemaraichermoderne.com\/en\/produit\/pompe-a-eau-alfred-290-gph\/","title":{"rendered":"Pompe \u00e0 eau Alfred 290GPH"},"content":{"rendered":"<p>Une fois qu&#8217;un cultivateur a calcul\u00e9 le nombre minimum de gallons n\u00e9cessaires pour le syst\u00e8me en place, il est facile de choisir une pompe hydroponique adapt\u00e9e \u00e0 l&#8217;op\u00e9ration. \u00c0 290 GPH, cette pompe submersible \u00e0 haut rendement est facile \u00e0 installer et peut \u00eatre utilis\u00e9e pour faire fonctionner une petite installation. Sp\u00e9cialement con\u00e7ue pour les applications hydroponiques, la fonction de r\u00e9glage du d\u00e9bit permet au cultivateur de contr\u00f4ler avec pr\u00e9cision le d\u00e9bit d&#8217;eau avec nutriments de son exploitation.<\/p>\n<ul>\n<li>Arbre en c\u00e9ramique r\u00e9sistant \u00e0 l&#8217;usure pour une longue dur\u00e9e de vie<\/li>\n<li>Op\u00e9ration enti\u00e8rement submersible ou externe<\/li>\n<li>Moteur enti\u00e8rement \u00e9tanche assure s\u00e9curit\u00e9, fiabilit\u00e9 et durabilit\u00e9<\/li>\n<li>Avec ajusteur de d\u00e9bit<\/li>\n<li>Facile \u00e0 installer et \u00e0 entretenir<\/li>\n<li>Approuv\u00e9 UL<\/li>\n<li>Raccords inclus: 1x 1\/2&#8243; &#8211; 2x 3\/4&#8243;<\/li>\n<li>Filtre \u00e9ponge inclus<\/li>\n<li>Garantie 1 an<\/li>\n<li>Dimensions de l&#8217;unit\u00e9: 4.73&#8243; L x 3.7&#8243; P x 3.75&#8243; H<\/li>\n<li>Poids de l&#8217;unit\u00e9: 1.78 lb<\/li>\n<\/ul>\n","protected":false},"excerpt":{"rendered":"<p>Une fois qu&#8217;un cultivateur a calcul\u00e9 le nombre minimum de gallons n\u00e9cessaires pour le syst\u00e8me en place, il est facile de choisir une pompe hydroponique adapt\u00e9e \u00e0 l&#8217;op\u00e9ration. \u00c0 290 GPH, cette pompe submersible \u00e0 haut rendement est facile \u00e0 installer et peut \u00eatre utilis\u00e9e pour faire fonctionner une petite installation. Sp\u00e9cialement con\u00e7ue pour les [&hellip;]<\/p>\n","protected":false},"featured_media":163,"template":"","meta":[],"product_brand":[],"product_cat":[30],"product_tag":[],"class_list":{"0":"post-162","1":"product","2":"type-product","3":"status-publish","4":"has-post-thumbnail","6":"product_cat-accessoires-hydroponique-2","8":"first","9":"instock","10":"taxable","11":"shipping-taxable","12":"purchasable","13":"product-type-simple"},"yoast_head":"<!-- This site is optimized with the Yoast SEO plugin v27.4 - https:\/\/yoast.com\/product\/yoast-seo-wordpress\/ -->\n<title>Pompe \u00e0 eau Alfred 290GPH - Le Mara\u00eecher Moderne<\/title>\n<meta name=\"robots\" content=\"index, follow, max-snippet:-1, max-image-preview:large, max-video-preview:-1\" \/>\n<link rel=\"canonical\" href=\"https:\/\/lemaraichermoderne.com\/en\/produit\/pompe-a-eau-alfred-290-gph\/\" \/>\n<meta property=\"og:locale\" content=\"en_US\" \/>\n<meta property=\"og:type\" content=\"article\" \/>\n<meta property=\"og:title\" content=\"Pompe \u00e0 eau Alfred 290GPH - Le Mara\u00eecher Moderne\" \/>\n<meta property=\"og:description\" content=\"Une fois qu&#8217;un cultivateur a calcul\u00e9 le nombre minimum de gallons n\u00e9cessaires pour le syst\u00e8me en place, il est facile de choisir une pompe hydroponique adapt\u00e9e \u00e0 l&#8217;op\u00e9ration. \u00c0 290 GPH, cette pompe submersible \u00e0 haut rendement est facile \u00e0 installer et peut \u00eatre utilis\u00e9e pour faire fonctionner une petite installation. Sp\u00e9cialement con\u00e7ue pour les [&hellip;]\" \/>\n<meta property=\"og:url\" content=\"https:\/\/lemaraichermoderne.com\/en\/produit\/pompe-a-eau-alfred-290-gph\/\" \/>\n<meta property=\"og:site_name\" content=\"Le Mara\u00eecher Moderne\" \/>\n<meta property=\"article:publisher\" content=\"https:\/\/www.facebook.com\/lemaraichermoderne\" \/>\n<meta property=\"article:modified_time\" content=\"2026-04-20T22:43:35+00:00\" \/>\n<meta property=\"og:image\" content=\"https:\/\/lemaraichermoderne.com\/wp-content\/uploads\/2023\/03\/alfred-water-pump-290gph-06029500005.jpg\" \/>\n\t<meta property=\"og:image:width\" content=\"1200\" \/>\n\t<meta property=\"og:image:height\" content=\"800\" \/>\n\t<meta property=\"og:image:type\" content=\"image\/jpeg\" \/>\n<meta name=\"twitter:card\" content=\"summary_large_image\" \/>\n<meta name=\"twitter:label1\" content=\"Est. reading time\" \/>\n\t<meta name=\"twitter:data1\" content=\"1 minute\" \/>\n<script type=\"application\/ld+json\" class=\"yoast-schema-graph\">{\"@context\":\"https:\\\/\\\/schema.org\",\"@graph\":[{\"@type\":\"WebPage\",\"@id\":\"https:\\\/\\\/lemaraichermoderne.com\\\/en\\\/produit\\\/pompe-a-eau-alfred-290-gph\\\/\",\"url\":\"https:\\\/\\\/lemaraichermoderne.com\\\/en\\\/produit\\\/pompe-a-eau-alfred-290-gph\\\/\",\"name\":\"Pompe \u00e0 eau Alfred 290GPH - Le Mara\u00eecher Moderne\",\"isPartOf\":{\"@id\":\"https:\\\/\\\/lemaraichermoderne.com\\\/en\\\/#website\"},\"primaryImageOfPage\":{\"@id\":\"https:\\\/\\\/lemaraichermoderne.com\\\/en\\\/produit\\\/pompe-a-eau-alfred-290-gph\\\/#primaryimage\"},\"image\":{\"@id\":\"https:\\\/\\\/lemaraichermoderne.com\\\/en\\\/produit\\\/pompe-a-eau-alfred-290-gph\\\/#primaryimage\"},\"thumbnailUrl\":\"https:\\\/\\\/lemaraichermoderne.com\\\/wp-content\\\/uploads\\\/2023\\\/03\\\/alfred-water-pump-290gph-06029500005.jpg\",\"datePublished\":\"2023-03-19T13:42:10+00:00\",\"dateModified\":\"2026-04-20T22:43:35+00:00\",\"breadcrumb\":{\"@id\":\"https:\\\/\\\/lemaraichermoderne.com\\\/en\\\/produit\\\/pompe-a-eau-alfred-290-gph\\\/#breadcrumb\"},\"inLanguage\":\"en-US\",\"potentialAction\":[{\"@type\":\"ReadAction\",\"target\":[\"https:\\\/\\\/lemaraichermoderne.com\\\/en\\\/produit\\\/pompe-a-eau-alfred-290-gph\\\/\"]}]},{\"@type\":\"ImageObject\",\"inLanguage\":\"en-US\",\"@id\":\"https:\\\/\\\/lemaraichermoderne.com\\\/en\\\/produit\\\/pompe-a-eau-alfred-290-gph\\\/#primaryimage\",\"url\":\"https:\\\/\\\/lemaraichermoderne.com\\\/wp-content\\\/uploads\\\/2023\\\/03\\\/alfred-water-pump-290gph-06029500005.jpg\",\"contentUrl\":\"https:\\\/\\\/lemaraichermoderne.com\\\/wp-content\\\/uploads\\\/2023\\\/03\\\/alfred-water-pump-290gph-06029500005.jpg\",\"width\":1200,\"height\":800,\"caption\":\"Pompe \u00e0 eau Alfred 290 GPH\"},{\"@type\":\"BreadcrumbList\",\"@id\":\"https:\\\/\\\/lemaraichermoderne.com\\\/en\\\/produit\\\/pompe-a-eau-alfred-290-gph\\\/#breadcrumb\",\"itemListElement\":[{\"@type\":\"ListItem\",\"position\":1,\"name\":\"Accueil\",\"item\":\"https:\\\/\\\/lemaraichermoderne.com\\\/en\\\/\"},{\"@type\":\"ListItem\",\"position\":2,\"name\":\"Boutique\",\"item\":\"https:\\\/\\\/lemaraichermoderne.com\\\/boutique\\\/\"},{\"@type\":\"ListItem\",\"position\":3,\"name\":\"Pompe \u00e0 eau Alfred 290GPH\"}]},{\"@type\":\"WebSite\",\"@id\":\"https:\\\/\\\/lemaraichermoderne.com\\\/en\\\/#website\",\"url\":\"https:\\\/\\\/lemaraichermoderne.com\\\/en\\\/\",\"name\":\"Le Mara\u00eecher Moderne\",\"description\":\"R\u00e9f\u00e9rence en hydroponie \u00e0 Qu\u00e9bec\",\"publisher\":{\"@id\":\"https:\\\/\\\/lemaraichermoderne.com\\\/en\\\/#organization\"},\"potentialAction\":[{\"@type\":\"SearchAction\",\"target\":{\"@type\":\"EntryPoint\",\"urlTemplate\":\"https:\\\/\\\/lemaraichermoderne.com\\\/en\\\/?s={search_term_string}\"},\"query-input\":{\"@type\":\"PropertyValueSpecification\",\"valueRequired\":true,\"valueName\":\"search_term_string\"}}],\"inLanguage\":\"en-US\"},{\"@type\":\"Organization\",\"@id\":\"https:\\\/\\\/lemaraichermoderne.com\\\/en\\\/#organization\",\"name\":\"Le Mara\u00eecher Moderne\",\"url\":\"https:\\\/\\\/lemaraichermoderne.com\\\/en\\\/\",\"logo\":{\"@type\":\"ImageObject\",\"inLanguage\":\"en-US\",\"@id\":\"https:\\\/\\\/lemaraichermoderne.com\\\/en\\\/#\\\/schema\\\/logo\\\/image\\\/\",\"url\":\"https:\\\/\\\/lemaraichermoderne.com\\\/wp-content\\\/uploads\\\/2023\\\/03\\\/logo_mm1.png\",\"contentUrl\":\"https:\\\/\\\/lemaraichermoderne.com\\\/wp-content\\\/uploads\\\/2023\\\/03\\\/logo_mm1.png\",\"width\":500,\"height\":222,\"caption\":\"Le Mara\u00eecher Moderne\"},\"image\":{\"@id\":\"https:\\\/\\\/lemaraichermoderne.com\\\/en\\\/#\\\/schema\\\/logo\\\/image\\\/\"},\"sameAs\":[\"https:\\\/\\\/www.facebook.com\\\/lemaraichermoderne\",\"https:\\\/\\\/www.instagram.com\\\/lemaraichermoderne\"]}]}<\/script>\n<!-- \/ Yoast SEO plugin. -->","yoast_head_json":{"title":"Pompe \u00e0 eau Alfred 290GPH - Le Mara\u00eecher Moderne","robots":{"index":"index","follow":"follow","max-snippet":"max-snippet:-1","max-image-preview":"max-image-preview:large","max-video-preview":"max-video-preview:-1"},"canonical":"https:\/\/lemaraichermoderne.com\/en\/produit\/pompe-a-eau-alfred-290-gph\/","og_locale":"en_US","og_type":"article","og_title":"Pompe \u00e0 eau Alfred 290GPH - Le Mara\u00eecher Moderne","og_description":"Une fois qu&#8217;un cultivateur a calcul\u00e9 le nombre minimum de gallons n\u00e9cessaires pour le syst\u00e8me en place, il est facile de choisir une pompe hydroponique adapt\u00e9e \u00e0 l&#8217;op\u00e9ration. \u00c0 290 GPH, cette pompe submersible \u00e0 haut rendement est facile \u00e0 installer et peut \u00eatre utilis\u00e9e pour faire fonctionner une petite installation. Sp\u00e9cialement con\u00e7ue pour les [&hellip;]","og_url":"https:\/\/lemaraichermoderne.com\/en\/produit\/pompe-a-eau-alfred-290-gph\/","og_site_name":"Le Mara\u00eecher Moderne","article_publisher":"https:\/\/www.facebook.com\/lemaraichermoderne","article_modified_time":"2026-04-20T22:43:35+00:00","og_image":[{"width":1200,"height":800,"url":"https:\/\/lemaraichermoderne.com\/wp-content\/uploads\/2023\/03\/alfred-water-pump-290gph-06029500005.jpg","type":"image\/jpeg"}],"twitter_card":"summary_large_image","twitter_misc":{"Est. reading time":"1 minute"},"schema":{"@context":"https:\/\/schema.org","@graph":[{"@type":"WebPage","@id":"https:\/\/lemaraichermoderne.com\/en\/produit\/pompe-a-eau-alfred-290-gph\/","url":"https:\/\/lemaraichermoderne.com\/en\/produit\/pompe-a-eau-alfred-290-gph\/","name":"Pompe \u00e0 eau Alfred 290GPH - Le Mara\u00eecher Moderne","isPartOf":{"@id":"https:\/\/lemaraichermoderne.com\/en\/#website"},"primaryImageOfPage":{"@id":"https:\/\/lemaraichermoderne.com\/en\/produit\/pompe-a-eau-alfred-290-gph\/#primaryimage"},"image":{"@id":"https:\/\/lemaraichermoderne.com\/en\/produit\/pompe-a-eau-alfred-290-gph\/#primaryimage"},"thumbnailUrl":"https:\/\/lemaraichermoderne.com\/wp-content\/uploads\/2023\/03\/alfred-water-pump-290gph-06029500005.jpg","datePublished":"2023-03-19T13:42:10+00:00","dateModified":"2026-04-20T22:43:35+00:00","breadcrumb":{"@id":"https:\/\/lemaraichermoderne.com\/en\/produit\/pompe-a-eau-alfred-290-gph\/#breadcrumb"},"inLanguage":"en-US","potentialAction":[{"@type":"ReadAction","target":["https:\/\/lemaraichermoderne.com\/en\/produit\/pompe-a-eau-alfred-290-gph\/"]}]},{"@type":"ImageObject","inLanguage":"en-US","@id":"https:\/\/lemaraichermoderne.com\/en\/produit\/pompe-a-eau-alfred-290-gph\/#primaryimage","url":"https:\/\/lemaraichermoderne.com\/wp-content\/uploads\/2023\/03\/alfred-water-pump-290gph-06029500005.jpg","contentUrl":"https:\/\/lemaraichermoderne.com\/wp-content\/uploads\/2023\/03\/alfred-water-pump-290gph-06029500005.jpg","width":1200,"height":800,"caption":"Pompe \u00e0 eau Alfred 290 GPH"},{"@type":"BreadcrumbList","@id":"https:\/\/lemaraichermoderne.com\/en\/produit\/pompe-a-eau-alfred-290-gph\/#breadcrumb","itemListElement":[{"@type":"ListItem","position":1,"name":"Accueil","item":"https:\/\/lemaraichermoderne.com\/en\/"},{"@type":"ListItem","position":2,"name":"Boutique","item":"https:\/\/lemaraichermoderne.com\/boutique\/"},{"@type":"ListItem","position":3,"name":"Pompe \u00e0 eau Alfred 290GPH"}]},{"@type":"WebSite","@id":"https:\/\/lemaraichermoderne.com\/en\/#website","url":"https:\/\/lemaraichermoderne.com\/en\/","name":"Le Mara\u00eecher Moderne","description":"R\u00e9f\u00e9rence en hydroponie \u00e0 Qu\u00e9bec","publisher":{"@id":"https:\/\/lemaraichermoderne.com\/en\/#organization"},"potentialAction":[{"@type":"SearchAction","target":{"@type":"EntryPoint","urlTemplate":"https:\/\/lemaraichermoderne.com\/en\/?s={search_term_string}"},"query-input":{"@type":"PropertyValueSpecification","valueRequired":true,"valueName":"search_term_string"}}],"inLanguage":"en-US"},{"@type":"Organization","@id":"https:\/\/lemaraichermoderne.com\/en\/#organization","name":"Le Mara\u00eecher Moderne","url":"https:\/\/lemaraichermoderne.com\/en\/","logo":{"@type":"ImageObject","inLanguage":"en-US","@id":"https:\/\/lemaraichermoderne.com\/en\/#\/schema\/logo\/image\/","url":"https:\/\/lemaraichermoderne.com\/wp-content\/uploads\/2023\/03\/logo_mm1.png","contentUrl":"https:\/\/lemaraichermoderne.com\/wp-content\/uploads\/2023\/03\/logo_mm1.png","width":500,"height":222,"caption":"Le Mara\u00eecher Moderne"},"image":{"@id":"https:\/\/lemaraichermoderne.com\/en\/#\/schema\/logo\/image\/"},"sameAs":["https:\/\/www.facebook.com\/lemaraichermoderne","https:\/\/www.instagram.com\/lemaraichermoderne"]}]}},"_links":{"self":[{"href":"https:\/\/lemaraichermoderne.com\/en\/wp-json\/wp\/v2\/product\/162","targetHints":{"allow":["GET"]}}],"collection":[{"href":"https:\/\/lemaraichermoderne.com\/en\/wp-json\/wp\/v2\/product"}],"about":[{"href":"https:\/\/lemaraichermoderne.com\/en\/wp-json\/wp\/v2\/types\/product"}],"wp:featuredmedia":[{"embeddable":true,"href":"https:\/\/lemaraichermoderne.com\/en\/wp-json\/wp\/v2\/media\/163"}],"wp:attachment":[{"href":"https:\/\/lemaraichermoderne.com\/en\/wp-json\/wp\/v2\/media?parent=162"}],"wp:term":[{"taxonomy":"product_brand","embeddable":true,"href":"https:\/\/lemaraichermoderne.com\/en\/wp-json\/wp\/v2\/product_brand?post=162"},{"taxonomy":"product_cat","embeddable":true,"href":"https:\/\/lemaraichermoderne.com\/en\/wp-json\/wp\/v2\/product_cat?post=162"},{"taxonomy":"product_tag","embeddable":true,"href":"https:\/\/lemaraichermoderne.com\/en\/wp-json\/wp\/v2\/product_tag?post=162"}],"curies":[{"name":"wp","href":"https:\/\/api.w.org\/{rel}","templated":true}]}}