{"id":1622,"date":"2023-09-27T12:45:51","date_gmt":"2023-09-27T16:45:51","guid":{"rendered":"https:\/\/lemaraichermoderne.com\/?post_type=product&#038;p=1622"},"modified":"2025-03-22T11:34:19","modified_gmt":"2025-03-22T15:34:19","slug":"livre-les-cultures-hors-sol-hydroponie-aquaponie-bioponie-aeroponie-biodynamie_nft","status":"publish","type":"product","link":"https:\/\/lemaraichermoderne.com\/en\/produit\/livre-les-cultures-hors-sol-hydroponie-aquaponie-bioponie-aeroponie-biodynamie_nft\/","title":{"rendered":"Livre : Les cultures hors sol: Hydroponie-Aquaponie Bioponie-A\u00e9roponie Biodynamie_NFT"},"content":{"rendered":"<div class=\"celwidget aplus-module 3p-module-b aplus-standard\" data-csa-c-id=\"k5zxp6-wzq1w7-9cxztw-9trcor\" data-cel-widget=\"aplus-3p-module-b\">\n<div class=\"aplus-module-wrapper aplus-3p-fixed-width\">\n<h3 class=\"a-spacing-mini\">A propos du livre<\/h3>\n<p class=\"a-spacing-base\">Un guide pratique qui reprend les principes de base pour d\u00e9buter en culture hors sol.<\/p>\n<ul class=\"a-unordered-list a-vertical\">\n<li><span class=\"a-list-item\"><span class=\"a-text-bold\">Hydroponie<\/span><\/span><\/li>\n<li><span class=\"a-list-item\"><span class=\"a-text-bold\">Aquaponie<\/span><\/span><\/li>\n<li><span class=\"a-list-item\"><span class=\"a-text-bold\">Bioponie<\/span><\/span><\/li>\n<li><span class=\"a-list-item\"><span class=\"a-text-bold\">A\u00e9roponie<\/span><\/span><\/li>\n<li><span class=\"a-list-item\"><span class=\"a-text-bold\">Biodynamie<\/span><\/span><\/li>\n<li><span class=\"a-list-item\"><span class=\"a-text-bold\">NFT<\/span><\/span><\/li>\n<\/ul>\n<p>&nbsp;<\/p>\n<p class=\"a-spacing-base\">Les m\u00e9canismes de la nutrition des plantes \/ les diff\u00e9rents syst\u00e8mes de culture hors sol \/ Le PH \/ l&#8217;EC \/ Les engrais \/ La formulation de la solution nutritive \/ les substrats de culture \/ Le compostage \/ La germination des graines \/ La culture hydroponique fourrag\u00e8re\u2026.<\/p>\n<p class=\"a-spacing-base\">Destin\u00e9 \u00e0 un large public, de l\u2019amateur au professionnel exigeant en passant par les \u00e9tudiants dans ce domaine ou dans des domaines voisins. Concepts simplifi\u00e9s au maximum pour rendre cette pratique \u00e0 la port\u00e9e de tous, notamment au niveau de la formulation de la solution nutritive qui est la cl\u00e9 de la bonne pratique de cette nouvelle technique de production de fruits et l\u00e9gumes. Contient \u00e9galement des informations plus d\u00e9taill\u00e9es sur l&#8217;agriculture classique pour une compr\u00e9hension compl\u00e8te des plantes et de leur fonctionnement dans leur milieu naturel, ce qui est essentiel pour une meilleure r\u00e9plication dans un environnement totalement ou partiellement reconstitu\u00e9.<\/p>\n<\/div>\n<\/div>\n<div class=\"celwidget aplus-module 3p-module-b aplus-standard\" data-csa-c-id=\"d7ncmi-48hh9a-l5sxlq-5lzvn4\" data-cel-widget=\"aplus-3p-module-b\">\n<div class=\"aplus-module-wrapper aplus-3p-fixed-width\">\n<h3 class=\"a-spacing-mini\">Couverture et int\u00e9rieur<\/h3>\n<p><img decoding=\"async\" class=\"a-spacing-base\" src=\"https:\/\/m.media-amazon.com\/images\/S\/aplus-media\/kdp\/893c0267-8bf2-4e53-985e-00491fc48b53.__CR0,0,970,600_PT0_SX970_V1___.png\" alt=\"la culture hors sol, l'hydroponie, l'aquaponie, la bioponie, la solution nutritive, soil less\" data-src=\"https:\/\/m.media-amazon.com\/images\/S\/aplus-media\/kdp\/893c0267-8bf2-4e53-985e-00491fc48b53.__CR0,0,970,600_PT0_SX970_V1___.png\" \/><\/p>\n<p class=\"a-spacing-base\"><span class=\"a-text-bold\">Broch\u00e9 154 pages.<\/span><\/p>\n<p class=\"a-spacing-base\"><span class=\"a-text-bold\">format 15.24 x 22.86 cm.<\/span><\/p>\n<p class=\"a-spacing-base\"><span class=\"a-text-bold\">Couverture souple.<\/span><\/p>\n<p class=\"a-spacing-base\"><span class=\"a-text-bold\">Papier couleur premium.<\/span><\/p>\n<p class=\"a-spacing-base\">Commandez d\u00e8s maintenant &#8220;<span class=\"a-text-bold\">Les Cultures Hors Sol<\/span>&#8221; et d\u00e9couvrez comment produire des fruits et l\u00e9gumes de qualit\u00e9 sup\u00e9rieure en utilisant des techniques innovantes.<\/p>\n<\/div>\n<\/div>\n","protected":false},"excerpt":{"rendered":"<p>A propos du livre Un guide pratique qui reprend les principes de base pour d\u00e9buter en culture hors sol. Hydroponie Aquaponie Bioponie A\u00e9roponie Biodynamie NFT &nbsp; Les m\u00e9canismes de la nutrition des plantes \/ les diff\u00e9rents syst\u00e8mes de culture hors sol \/ Le PH \/ l&#8217;EC \/ Les engrais \/ La formulation de la solution [&hellip;]<\/p>\n","protected":false},"featured_media":1623,"template":"","meta":[],"product_brand":[],"product_cat":[42],"product_tag":[],"class_list":{"0":"post-1622","1":"product","2":"type-product","3":"status-publish","4":"has-post-thumbnail","6":"product_cat-livres","8":"first","9":"outofstock","10":"taxable","11":"shipping-taxable","12":"purchasable","13":"product-type-simple"},"yoast_head":"<!-- This site is optimized with the Yoast SEO plugin v27.4 - https:\/\/yoast.com\/product\/yoast-seo-wordpress\/ -->\n<title>Livre : Les cultures hors sol: Hydroponie-Aquaponie Bioponie-A\u00e9roponie Biodynamie_NFT - Le Mara\u00eecher Moderne<\/title>\n<meta name=\"robots\" content=\"index, follow, max-snippet:-1, max-image-preview:large, max-video-preview:-1\" \/>\n<link rel=\"canonical\" href=\"https:\/\/lemaraichermoderne.com\/en\/produit\/livre-les-cultures-hors-sol-hydroponie-aquaponie-bioponie-aeroponie-biodynamie_nft\/\" \/>\n<meta property=\"og:locale\" content=\"en_US\" \/>\n<meta property=\"og:type\" content=\"article\" \/>\n<meta property=\"og:title\" content=\"Livre : Les cultures hors sol: Hydroponie-Aquaponie Bioponie-A\u00e9roponie Biodynamie_NFT - Le Mara\u00eecher Moderne\" \/>\n<meta property=\"og:description\" content=\"A propos du livre Un guide pratique qui reprend les principes de base pour d\u00e9buter en culture hors sol. Hydroponie Aquaponie Bioponie A\u00e9roponie Biodynamie NFT &nbsp; Les m\u00e9canismes de la nutrition des plantes \/ les diff\u00e9rents syst\u00e8mes de culture hors sol \/ Le PH \/ l&#8217;EC \/ Les engrais \/ La formulation de la solution [&hellip;]\" \/>\n<meta property=\"og:url\" content=\"https:\/\/lemaraichermoderne.com\/en\/produit\/livre-les-cultures-hors-sol-hydroponie-aquaponie-bioponie-aeroponie-biodynamie_nft\/\" \/>\n<meta property=\"og:site_name\" content=\"Le Mara\u00eecher Moderne\" \/>\n<meta property=\"article:publisher\" content=\"https:\/\/www.facebook.com\/lemaraichermoderne\" \/>\n<meta property=\"article:modified_time\" content=\"2025-03-22T15:34:19+00:00\" \/>\n<meta property=\"og:image\" content=\"https:\/\/lemaraichermoderne.com\/wp-content\/uploads\/2023\/09\/71pF9QlfMAL._SL1500_.jpg\" \/>\n\t<meta property=\"og:image:width\" content=\"1000\" \/>\n\t<meta property=\"og:image:height\" content=\"1500\" \/>\n\t<meta property=\"og:image:type\" content=\"image\/jpeg\" \/>\n<meta name=\"twitter:card\" content=\"summary_large_image\" \/>\n<meta name=\"twitter:label1\" content=\"Est. reading time\" \/>\n\t<meta name=\"twitter:data1\" content=\"2 minutes\" \/>\n<script type=\"application\/ld+json\" class=\"yoast-schema-graph\">{\"@context\":\"https:\\\/\\\/schema.org\",\"@graph\":[{\"@type\":\"WebPage\",\"@id\":\"https:\\\/\\\/lemaraichermoderne.com\\\/en\\\/produit\\\/livre-les-cultures-hors-sol-hydroponie-aquaponie-bioponie-aeroponie-biodynamie_nft\\\/\",\"url\":\"https:\\\/\\\/lemaraichermoderne.com\\\/en\\\/produit\\\/livre-les-cultures-hors-sol-hydroponie-aquaponie-bioponie-aeroponie-biodynamie_nft\\\/\",\"name\":\"Livre : Les cultures hors sol: Hydroponie-Aquaponie Bioponie-A\u00e9roponie Biodynamie_NFT - Le Mara\u00eecher Moderne\",\"isPartOf\":{\"@id\":\"https:\\\/\\\/lemaraichermoderne.com\\\/en\\\/#website\"},\"primaryImageOfPage\":{\"@id\":\"https:\\\/\\\/lemaraichermoderne.com\\\/en\\\/produit\\\/livre-les-cultures-hors-sol-hydroponie-aquaponie-bioponie-aeroponie-biodynamie_nft\\\/#primaryimage\"},\"image\":{\"@id\":\"https:\\\/\\\/lemaraichermoderne.com\\\/en\\\/produit\\\/livre-les-cultures-hors-sol-hydroponie-aquaponie-bioponie-aeroponie-biodynamie_nft\\\/#primaryimage\"},\"thumbnailUrl\":\"https:\\\/\\\/lemaraichermoderne.com\\\/wp-content\\\/uploads\\\/2023\\\/09\\\/71pF9QlfMAL._SL1500_.jpg\",\"datePublished\":\"2023-09-27T16:45:51+00:00\",\"dateModified\":\"2025-03-22T15:34:19+00:00\",\"breadcrumb\":{\"@id\":\"https:\\\/\\\/lemaraichermoderne.com\\\/en\\\/produit\\\/livre-les-cultures-hors-sol-hydroponie-aquaponie-bioponie-aeroponie-biodynamie_nft\\\/#breadcrumb\"},\"inLanguage\":\"en-US\",\"potentialAction\":[{\"@type\":\"ReadAction\",\"target\":[\"https:\\\/\\\/lemaraichermoderne.com\\\/en\\\/produit\\\/livre-les-cultures-hors-sol-hydroponie-aquaponie-bioponie-aeroponie-biodynamie_nft\\\/\"]}]},{\"@type\":\"ImageObject\",\"inLanguage\":\"en-US\",\"@id\":\"https:\\\/\\\/lemaraichermoderne.com\\\/en\\\/produit\\\/livre-les-cultures-hors-sol-hydroponie-aquaponie-bioponie-aeroponie-biodynamie_nft\\\/#primaryimage\",\"url\":\"https:\\\/\\\/lemaraichermoderne.com\\\/wp-content\\\/uploads\\\/2023\\\/09\\\/71pF9QlfMAL._SL1500_.jpg\",\"contentUrl\":\"https:\\\/\\\/lemaraichermoderne.com\\\/wp-content\\\/uploads\\\/2023\\\/09\\\/71pF9QlfMAL._SL1500_.jpg\",\"width\":1000,\"height\":1500,\"caption\":\"Livre : Les cultures hors sol: Hydroponie-Aquaponie Bioponie-A\u00e9roponie Biodynamie_NFT\"},{\"@type\":\"BreadcrumbList\",\"@id\":\"https:\\\/\\\/lemaraichermoderne.com\\\/en\\\/produit\\\/livre-les-cultures-hors-sol-hydroponie-aquaponie-bioponie-aeroponie-biodynamie_nft\\\/#breadcrumb\",\"itemListElement\":[{\"@type\":\"ListItem\",\"position\":1,\"name\":\"Accueil\",\"item\":\"https:\\\/\\\/lemaraichermoderne.com\\\/en\\\/\"},{\"@type\":\"ListItem\",\"position\":2,\"name\":\"Boutique\",\"item\":\"https:\\\/\\\/lemaraichermoderne.com\\\/boutique\\\/\"},{\"@type\":\"ListItem\",\"position\":3,\"name\":\"Livre : Les cultures hors sol: Hydroponie-Aquaponie Bioponie-A\u00e9roponie Biodynamie_NFT\"}]},{\"@type\":\"WebSite\",\"@id\":\"https:\\\/\\\/lemaraichermoderne.com\\\/en\\\/#website\",\"url\":\"https:\\\/\\\/lemaraichermoderne.com\\\/en\\\/\",\"name\":\"Le Mara\u00eecher Moderne\",\"description\":\"R\u00e9f\u00e9rence en hydroponie \u00e0 Qu\u00e9bec\",\"publisher\":{\"@id\":\"https:\\\/\\\/lemaraichermoderne.com\\\/en\\\/#organization\"},\"potentialAction\":[{\"@type\":\"SearchAction\",\"target\":{\"@type\":\"EntryPoint\",\"urlTemplate\":\"https:\\\/\\\/lemaraichermoderne.com\\\/en\\\/?s={search_term_string}\"},\"query-input\":{\"@type\":\"PropertyValueSpecification\",\"valueRequired\":true,\"valueName\":\"search_term_string\"}}],\"inLanguage\":\"en-US\"},{\"@type\":\"Organization\",\"@id\":\"https:\\\/\\\/lemaraichermoderne.com\\\/en\\\/#organization\",\"name\":\"Le Mara\u00eecher Moderne\",\"url\":\"https:\\\/\\\/lemaraichermoderne.com\\\/en\\\/\",\"logo\":{\"@type\":\"ImageObject\",\"inLanguage\":\"en-US\",\"@id\":\"https:\\\/\\\/lemaraichermoderne.com\\\/en\\\/#\\\/schema\\\/logo\\\/image\\\/\",\"url\":\"https:\\\/\\\/lemaraichermoderne.com\\\/wp-content\\\/uploads\\\/2023\\\/03\\\/logo_mm1.png\",\"contentUrl\":\"https:\\\/\\\/lemaraichermoderne.com\\\/wp-content\\\/uploads\\\/2023\\\/03\\\/logo_mm1.png\",\"width\":500,\"height\":222,\"caption\":\"Le Mara\u00eecher Moderne\"},\"image\":{\"@id\":\"https:\\\/\\\/lemaraichermoderne.com\\\/en\\\/#\\\/schema\\\/logo\\\/image\\\/\"},\"sameAs\":[\"https:\\\/\\\/www.facebook.com\\\/lemaraichermoderne\",\"https:\\\/\\\/www.instagram.com\\\/lemaraichermoderne\"]}]}<\/script>\n<!-- \/ Yoast SEO plugin. -->","yoast_head_json":{"title":"Livre : Les cultures hors sol: Hydroponie-Aquaponie Bioponie-A\u00e9roponie Biodynamie_NFT - Le Mara\u00eecher Moderne","robots":{"index":"index","follow":"follow","max-snippet":"max-snippet:-1","max-image-preview":"max-image-preview:large","max-video-preview":"max-video-preview:-1"},"canonical":"https:\/\/lemaraichermoderne.com\/en\/produit\/livre-les-cultures-hors-sol-hydroponie-aquaponie-bioponie-aeroponie-biodynamie_nft\/","og_locale":"en_US","og_type":"article","og_title":"Livre : Les cultures hors sol: Hydroponie-Aquaponie Bioponie-A\u00e9roponie Biodynamie_NFT - Le Mara\u00eecher Moderne","og_description":"A propos du livre Un guide pratique qui reprend les principes de base pour d\u00e9buter en culture hors sol. Hydroponie Aquaponie Bioponie A\u00e9roponie Biodynamie NFT &nbsp; Les m\u00e9canismes de la nutrition des plantes \/ les diff\u00e9rents syst\u00e8mes de culture hors sol \/ Le PH \/ l&#8217;EC \/ Les engrais \/ La formulation de la solution [&hellip;]","og_url":"https:\/\/lemaraichermoderne.com\/en\/produit\/livre-les-cultures-hors-sol-hydroponie-aquaponie-bioponie-aeroponie-biodynamie_nft\/","og_site_name":"Le Mara\u00eecher Moderne","article_publisher":"https:\/\/www.facebook.com\/lemaraichermoderne","article_modified_time":"2025-03-22T15:34:19+00:00","og_image":[{"width":1000,"height":1500,"url":"https:\/\/lemaraichermoderne.com\/wp-content\/uploads\/2023\/09\/71pF9QlfMAL._SL1500_.jpg","type":"image\/jpeg"}],"twitter_card":"summary_large_image","twitter_misc":{"Est. reading time":"2 minutes"},"schema":{"@context":"https:\/\/schema.org","@graph":[{"@type":"WebPage","@id":"https:\/\/lemaraichermoderne.com\/en\/produit\/livre-les-cultures-hors-sol-hydroponie-aquaponie-bioponie-aeroponie-biodynamie_nft\/","url":"https:\/\/lemaraichermoderne.com\/en\/produit\/livre-les-cultures-hors-sol-hydroponie-aquaponie-bioponie-aeroponie-biodynamie_nft\/","name":"Livre : Les cultures hors sol: Hydroponie-Aquaponie Bioponie-A\u00e9roponie Biodynamie_NFT - Le Mara\u00eecher Moderne","isPartOf":{"@id":"https:\/\/lemaraichermoderne.com\/en\/#website"},"primaryImageOfPage":{"@id":"https:\/\/lemaraichermoderne.com\/en\/produit\/livre-les-cultures-hors-sol-hydroponie-aquaponie-bioponie-aeroponie-biodynamie_nft\/#primaryimage"},"image":{"@id":"https:\/\/lemaraichermoderne.com\/en\/produit\/livre-les-cultures-hors-sol-hydroponie-aquaponie-bioponie-aeroponie-biodynamie_nft\/#primaryimage"},"thumbnailUrl":"https:\/\/lemaraichermoderne.com\/wp-content\/uploads\/2023\/09\/71pF9QlfMAL._SL1500_.jpg","datePublished":"2023-09-27T16:45:51+00:00","dateModified":"2025-03-22T15:34:19+00:00","breadcrumb":{"@id":"https:\/\/lemaraichermoderne.com\/en\/produit\/livre-les-cultures-hors-sol-hydroponie-aquaponie-bioponie-aeroponie-biodynamie_nft\/#breadcrumb"},"inLanguage":"en-US","potentialAction":[{"@type":"ReadAction","target":["https:\/\/lemaraichermoderne.com\/en\/produit\/livre-les-cultures-hors-sol-hydroponie-aquaponie-bioponie-aeroponie-biodynamie_nft\/"]}]},{"@type":"ImageObject","inLanguage":"en-US","@id":"https:\/\/lemaraichermoderne.com\/en\/produit\/livre-les-cultures-hors-sol-hydroponie-aquaponie-bioponie-aeroponie-biodynamie_nft\/#primaryimage","url":"https:\/\/lemaraichermoderne.com\/wp-content\/uploads\/2023\/09\/71pF9QlfMAL._SL1500_.jpg","contentUrl":"https:\/\/lemaraichermoderne.com\/wp-content\/uploads\/2023\/09\/71pF9QlfMAL._SL1500_.jpg","width":1000,"height":1500,"caption":"Livre : Les cultures hors sol: Hydroponie-Aquaponie Bioponie-A\u00e9roponie Biodynamie_NFT"},{"@type":"BreadcrumbList","@id":"https:\/\/lemaraichermoderne.com\/en\/produit\/livre-les-cultures-hors-sol-hydroponie-aquaponie-bioponie-aeroponie-biodynamie_nft\/#breadcrumb","itemListElement":[{"@type":"ListItem","position":1,"name":"Accueil","item":"https:\/\/lemaraichermoderne.com\/en\/"},{"@type":"ListItem","position":2,"name":"Boutique","item":"https:\/\/lemaraichermoderne.com\/boutique\/"},{"@type":"ListItem","position":3,"name":"Livre : Les cultures hors sol: Hydroponie-Aquaponie Bioponie-A\u00e9roponie Biodynamie_NFT"}]},{"@type":"WebSite","@id":"https:\/\/lemaraichermoderne.com\/en\/#website","url":"https:\/\/lemaraichermoderne.com\/en\/","name":"Le Mara\u00eecher Moderne","description":"R\u00e9f\u00e9rence en hydroponie \u00e0 Qu\u00e9bec","publisher":{"@id":"https:\/\/lemaraichermoderne.com\/en\/#organization"},"potentialAction":[{"@type":"SearchAction","target":{"@type":"EntryPoint","urlTemplate":"https:\/\/lemaraichermoderne.com\/en\/?s={search_term_string}"},"query-input":{"@type":"PropertyValueSpecification","valueRequired":true,"valueName":"search_term_string"}}],"inLanguage":"en-US"},{"@type":"Organization","@id":"https:\/\/lemaraichermoderne.com\/en\/#organization","name":"Le Mara\u00eecher Moderne","url":"https:\/\/lemaraichermoderne.com\/en\/","logo":{"@type":"ImageObject","inLanguage":"en-US","@id":"https:\/\/lemaraichermoderne.com\/en\/#\/schema\/logo\/image\/","url":"https:\/\/lemaraichermoderne.com\/wp-content\/uploads\/2023\/03\/logo_mm1.png","contentUrl":"https:\/\/lemaraichermoderne.com\/wp-content\/uploads\/2023\/03\/logo_mm1.png","width":500,"height":222,"caption":"Le Mara\u00eecher Moderne"},"image":{"@id":"https:\/\/lemaraichermoderne.com\/en\/#\/schema\/logo\/image\/"},"sameAs":["https:\/\/www.facebook.com\/lemaraichermoderne","https:\/\/www.instagram.com\/lemaraichermoderne"]}]}},"_links":{"self":[{"href":"https:\/\/lemaraichermoderne.com\/en\/wp-json\/wp\/v2\/product\/1622","targetHints":{"allow":["GET"]}}],"collection":[{"href":"https:\/\/lemaraichermoderne.com\/en\/wp-json\/wp\/v2\/product"}],"about":[{"href":"https:\/\/lemaraichermoderne.com\/en\/wp-json\/wp\/v2\/types\/product"}],"wp:featuredmedia":[{"embeddable":true,"href":"https:\/\/lemaraichermoderne.com\/en\/wp-json\/wp\/v2\/media\/1623"}],"wp:attachment":[{"href":"https:\/\/lemaraichermoderne.com\/en\/wp-json\/wp\/v2\/media?parent=1622"}],"wp:term":[{"taxonomy":"product_brand","embeddable":true,"href":"https:\/\/lemaraichermoderne.com\/en\/wp-json\/wp\/v2\/product_brand?post=1622"},{"taxonomy":"product_cat","embeddable":true,"href":"https:\/\/lemaraichermoderne.com\/en\/wp-json\/wp\/v2\/product_cat?post=1622"},{"taxonomy":"product_tag","embeddable":true,"href":"https:\/\/lemaraichermoderne.com\/en\/wp-json\/wp\/v2\/product_tag?post=1622"}],"curies":[{"name":"wp","href":"https:\/\/api.w.org\/{rel}","templated":true}]}}