{"id":174,"date":"2023-03-19T15:01:02","date_gmt":"2023-03-19T14:01:02","guid":{"rendered":"https:\/\/conceptwebactiv.com\/dev\/lemaraichermoderne\/?post_type=product&#038;p=174"},"modified":"2025-09-18T16:16:22","modified_gmt":"2025-09-18T20:16:22","slug":"secateur-a-contre-lame-alfred","status":"publish","type":"product","link":"https:\/\/lemaraichermoderne.com\/en\/produit\/secateur-a-contre-lame-alfred\/","title":{"rendered":"S\u00e9cateur \u00e0 contre-lame Alfred"},"content":{"rendered":"<p>Taillez les tiges et les branches difficiles et collantes avec le s\u00e9cateur \u00e0 d\u00e9rivation Alfred Horticulture.Offrant une coupe pr\u00e9cise et nette, ce s\u00e9cateur a une conception ambidextre et des poign\u00e9es confortables pour une utilisation sans glissement. Il est dot\u00e9 de lames cambr\u00e9es en acier japonais tremp\u00e9 pour une utilisation durable.<\/p>\n<p>Caract\u00e9ristiques<\/p>\n<ul>\n<li>Lame tremp\u00e9e de haute qualit\u00e9 en acier Japonais (SK5)<\/li>\n<li>Conception egonomique pour une prise en main confortable<\/li>\n<li>Poign\u00e9e extr\u00eamement solide en mat\u00e9riau composit avec plaque de fer ins\u00e9r\u00e9e<\/li>\n<li>Coupe efficace et durable<\/li>\n<li>Peut \u00eatre utilis\u00e9 par les droitier ou les gauchers<\/li>\n<li>Diam\u00e8tre de coupe: 1&#8243;<\/li>\n<li>Dimension: 8.25&#8243; H<\/li>\n<li>Poids: 0.42 lb<\/li>\n<\/ul>\n","protected":false},"excerpt":{"rendered":"<p>Taillez les tiges et les branches difficiles et collantes avec le s\u00e9cateur \u00e0 d\u00e9rivation Alfred Horticulture.Offrant une coupe pr\u00e9cise et nette, ce s\u00e9cateur a une conception ambidextre et des poign\u00e9es confortables pour une utilisation sans glissement. Il est dot\u00e9 de lames cambr\u00e9es en acier japonais tremp\u00e9 pour une utilisation durable. Caract\u00e9ristiques Lame tremp\u00e9e de haute [&hellip;]<\/p>\n","protected":false},"featured_media":175,"template":"","meta":[],"product_brand":[],"product_cat":[24],"product_tag":[],"class_list":{"0":"post-174","1":"product","2":"type-product","3":"status-publish","4":"has-post-thumbnail","6":"product_cat-accessoires","8":"first","9":"instock","10":"taxable","11":"shipping-taxable","12":"purchasable","13":"product-type-simple"},"yoast_head":"<!-- This site is optimized with the Yoast SEO plugin v27.4 - https:\/\/yoast.com\/product\/yoast-seo-wordpress\/ -->\n<title>S\u00e9cateur \u00e0 contre-lame Alfred - Le Mara\u00eecher Moderne<\/title>\n<meta name=\"robots\" content=\"index, follow, max-snippet:-1, max-image-preview:large, max-video-preview:-1\" \/>\n<link rel=\"canonical\" href=\"https:\/\/lemaraichermoderne.com\/en\/produit\/secateur-a-contre-lame-alfred\/\" \/>\n<meta property=\"og:locale\" content=\"en_US\" \/>\n<meta property=\"og:type\" content=\"article\" \/>\n<meta property=\"og:title\" content=\"S\u00e9cateur \u00e0 contre-lame Alfred - Le Mara\u00eecher Moderne\" \/>\n<meta property=\"og:description\" content=\"Taillez les tiges et les branches difficiles et collantes avec le s\u00e9cateur \u00e0 d\u00e9rivation Alfred Horticulture.Offrant une coupe pr\u00e9cise et nette, ce s\u00e9cateur a une conception ambidextre et des poign\u00e9es confortables pour une utilisation sans glissement. Il est dot\u00e9 de lames cambr\u00e9es en acier japonais tremp\u00e9 pour une utilisation durable. Caract\u00e9ristiques Lame tremp\u00e9e de haute [&hellip;]\" \/>\n<meta property=\"og:url\" content=\"https:\/\/lemaraichermoderne.com\/en\/produit\/secateur-a-contre-lame-alfred\/\" \/>\n<meta property=\"og:site_name\" content=\"Le Mara\u00eecher Moderne\" \/>\n<meta property=\"article:publisher\" content=\"https:\/\/www.facebook.com\/lemaraichermoderne\" \/>\n<meta property=\"article:modified_time\" content=\"2025-09-18T20:16:22+00:00\" \/>\n<meta property=\"og:image\" content=\"https:\/\/lemaraichermoderne.com\/wp-content\/uploads\/2023\/03\/alfred-bypass-hand-pruner-07035000009.jpg\" \/>\n\t<meta property=\"og:image:width\" content=\"1200\" \/>\n\t<meta property=\"og:image:height\" content=\"800\" \/>\n\t<meta property=\"og:image:type\" content=\"image\/jpeg\" \/>\n<meta name=\"twitter:card\" content=\"summary_large_image\" \/>\n<meta name=\"twitter:label1\" content=\"Est. reading time\" \/>\n\t<meta name=\"twitter:data1\" content=\"1 minute\" \/>\n<script type=\"application\/ld+json\" class=\"yoast-schema-graph\">{\"@context\":\"https:\\\/\\\/schema.org\",\"@graph\":[{\"@type\":\"WebPage\",\"@id\":\"https:\\\/\\\/lemaraichermoderne.com\\\/en\\\/produit\\\/secateur-a-contre-lame-alfred\\\/\",\"url\":\"https:\\\/\\\/lemaraichermoderne.com\\\/en\\\/produit\\\/secateur-a-contre-lame-alfred\\\/\",\"name\":\"S\u00e9cateur \u00e0 contre-lame Alfred - Le Mara\u00eecher Moderne\",\"isPartOf\":{\"@id\":\"https:\\\/\\\/lemaraichermoderne.com\\\/en\\\/#website\"},\"primaryImageOfPage\":{\"@id\":\"https:\\\/\\\/lemaraichermoderne.com\\\/en\\\/produit\\\/secateur-a-contre-lame-alfred\\\/#primaryimage\"},\"image\":{\"@id\":\"https:\\\/\\\/lemaraichermoderne.com\\\/en\\\/produit\\\/secateur-a-contre-lame-alfred\\\/#primaryimage\"},\"thumbnailUrl\":\"https:\\\/\\\/lemaraichermoderne.com\\\/wp-content\\\/uploads\\\/2023\\\/03\\\/alfred-bypass-hand-pruner-07035000009.jpg\",\"datePublished\":\"2023-03-19T14:01:02+00:00\",\"dateModified\":\"2025-09-18T20:16:22+00:00\",\"breadcrumb\":{\"@id\":\"https:\\\/\\\/lemaraichermoderne.com\\\/en\\\/produit\\\/secateur-a-contre-lame-alfred\\\/#breadcrumb\"},\"inLanguage\":\"en-US\",\"potentialAction\":[{\"@type\":\"ReadAction\",\"target\":[\"https:\\\/\\\/lemaraichermoderne.com\\\/en\\\/produit\\\/secateur-a-contre-lame-alfred\\\/\"]}]},{\"@type\":\"ImageObject\",\"inLanguage\":\"en-US\",\"@id\":\"https:\\\/\\\/lemaraichermoderne.com\\\/en\\\/produit\\\/secateur-a-contre-lame-alfred\\\/#primaryimage\",\"url\":\"https:\\\/\\\/lemaraichermoderne.com\\\/wp-content\\\/uploads\\\/2023\\\/03\\\/alfred-bypass-hand-pruner-07035000009.jpg\",\"contentUrl\":\"https:\\\/\\\/lemaraichermoderne.com\\\/wp-content\\\/uploads\\\/2023\\\/03\\\/alfred-bypass-hand-pruner-07035000009.jpg\",\"width\":1200,\"height\":800,\"caption\":\"S\u00e9cateur \u00e0 contre-lame Alfred\"},{\"@type\":\"BreadcrumbList\",\"@id\":\"https:\\\/\\\/lemaraichermoderne.com\\\/en\\\/produit\\\/secateur-a-contre-lame-alfred\\\/#breadcrumb\",\"itemListElement\":[{\"@type\":\"ListItem\",\"position\":1,\"name\":\"Accueil\",\"item\":\"https:\\\/\\\/lemaraichermoderne.com\\\/en\\\/\"},{\"@type\":\"ListItem\",\"position\":2,\"name\":\"Boutique\",\"item\":\"https:\\\/\\\/lemaraichermoderne.com\\\/boutique\\\/\"},{\"@type\":\"ListItem\",\"position\":3,\"name\":\"S\u00e9cateur \u00e0 contre-lame Alfred\"}]},{\"@type\":\"WebSite\",\"@id\":\"https:\\\/\\\/lemaraichermoderne.com\\\/en\\\/#website\",\"url\":\"https:\\\/\\\/lemaraichermoderne.com\\\/en\\\/\",\"name\":\"Le Mara\u00eecher Moderne\",\"description\":\"R\u00e9f\u00e9rence en hydroponie \u00e0 Qu\u00e9bec\",\"publisher\":{\"@id\":\"https:\\\/\\\/lemaraichermoderne.com\\\/en\\\/#organization\"},\"potentialAction\":[{\"@type\":\"SearchAction\",\"target\":{\"@type\":\"EntryPoint\",\"urlTemplate\":\"https:\\\/\\\/lemaraichermoderne.com\\\/en\\\/?s={search_term_string}\"},\"query-input\":{\"@type\":\"PropertyValueSpecification\",\"valueRequired\":true,\"valueName\":\"search_term_string\"}}],\"inLanguage\":\"en-US\"},{\"@type\":\"Organization\",\"@id\":\"https:\\\/\\\/lemaraichermoderne.com\\\/en\\\/#organization\",\"name\":\"Le Mara\u00eecher Moderne\",\"url\":\"https:\\\/\\\/lemaraichermoderne.com\\\/en\\\/\",\"logo\":{\"@type\":\"ImageObject\",\"inLanguage\":\"en-US\",\"@id\":\"https:\\\/\\\/lemaraichermoderne.com\\\/en\\\/#\\\/schema\\\/logo\\\/image\\\/\",\"url\":\"https:\\\/\\\/lemaraichermoderne.com\\\/wp-content\\\/uploads\\\/2023\\\/03\\\/logo_mm1.png\",\"contentUrl\":\"https:\\\/\\\/lemaraichermoderne.com\\\/wp-content\\\/uploads\\\/2023\\\/03\\\/logo_mm1.png\",\"width\":500,\"height\":222,\"caption\":\"Le Mara\u00eecher Moderne\"},\"image\":{\"@id\":\"https:\\\/\\\/lemaraichermoderne.com\\\/en\\\/#\\\/schema\\\/logo\\\/image\\\/\"},\"sameAs\":[\"https:\\\/\\\/www.facebook.com\\\/lemaraichermoderne\",\"https:\\\/\\\/www.instagram.com\\\/lemaraichermoderne\"]}]}<\/script>\n<!-- \/ Yoast SEO plugin. -->","yoast_head_json":{"title":"S\u00e9cateur \u00e0 contre-lame Alfred - Le Mara\u00eecher Moderne","robots":{"index":"index","follow":"follow","max-snippet":"max-snippet:-1","max-image-preview":"max-image-preview:large","max-video-preview":"max-video-preview:-1"},"canonical":"https:\/\/lemaraichermoderne.com\/en\/produit\/secateur-a-contre-lame-alfred\/","og_locale":"en_US","og_type":"article","og_title":"S\u00e9cateur \u00e0 contre-lame Alfred - Le Mara\u00eecher Moderne","og_description":"Taillez les tiges et les branches difficiles et collantes avec le s\u00e9cateur \u00e0 d\u00e9rivation Alfred Horticulture.Offrant une coupe pr\u00e9cise et nette, ce s\u00e9cateur a une conception ambidextre et des poign\u00e9es confortables pour une utilisation sans glissement. Il est dot\u00e9 de lames cambr\u00e9es en acier japonais tremp\u00e9 pour une utilisation durable. Caract\u00e9ristiques Lame tremp\u00e9e de haute [&hellip;]","og_url":"https:\/\/lemaraichermoderne.com\/en\/produit\/secateur-a-contre-lame-alfred\/","og_site_name":"Le Mara\u00eecher Moderne","article_publisher":"https:\/\/www.facebook.com\/lemaraichermoderne","article_modified_time":"2025-09-18T20:16:22+00:00","og_image":[{"width":1200,"height":800,"url":"https:\/\/lemaraichermoderne.com\/wp-content\/uploads\/2023\/03\/alfred-bypass-hand-pruner-07035000009.jpg","type":"image\/jpeg"}],"twitter_card":"summary_large_image","twitter_misc":{"Est. reading time":"1 minute"},"schema":{"@context":"https:\/\/schema.org","@graph":[{"@type":"WebPage","@id":"https:\/\/lemaraichermoderne.com\/en\/produit\/secateur-a-contre-lame-alfred\/","url":"https:\/\/lemaraichermoderne.com\/en\/produit\/secateur-a-contre-lame-alfred\/","name":"S\u00e9cateur \u00e0 contre-lame Alfred - Le Mara\u00eecher Moderne","isPartOf":{"@id":"https:\/\/lemaraichermoderne.com\/en\/#website"},"primaryImageOfPage":{"@id":"https:\/\/lemaraichermoderne.com\/en\/produit\/secateur-a-contre-lame-alfred\/#primaryimage"},"image":{"@id":"https:\/\/lemaraichermoderne.com\/en\/produit\/secateur-a-contre-lame-alfred\/#primaryimage"},"thumbnailUrl":"https:\/\/lemaraichermoderne.com\/wp-content\/uploads\/2023\/03\/alfred-bypass-hand-pruner-07035000009.jpg","datePublished":"2023-03-19T14:01:02+00:00","dateModified":"2025-09-18T20:16:22+00:00","breadcrumb":{"@id":"https:\/\/lemaraichermoderne.com\/en\/produit\/secateur-a-contre-lame-alfred\/#breadcrumb"},"inLanguage":"en-US","potentialAction":[{"@type":"ReadAction","target":["https:\/\/lemaraichermoderne.com\/en\/produit\/secateur-a-contre-lame-alfred\/"]}]},{"@type":"ImageObject","inLanguage":"en-US","@id":"https:\/\/lemaraichermoderne.com\/en\/produit\/secateur-a-contre-lame-alfred\/#primaryimage","url":"https:\/\/lemaraichermoderne.com\/wp-content\/uploads\/2023\/03\/alfred-bypass-hand-pruner-07035000009.jpg","contentUrl":"https:\/\/lemaraichermoderne.com\/wp-content\/uploads\/2023\/03\/alfred-bypass-hand-pruner-07035000009.jpg","width":1200,"height":800,"caption":"S\u00e9cateur \u00e0 contre-lame Alfred"},{"@type":"BreadcrumbList","@id":"https:\/\/lemaraichermoderne.com\/en\/produit\/secateur-a-contre-lame-alfred\/#breadcrumb","itemListElement":[{"@type":"ListItem","position":1,"name":"Accueil","item":"https:\/\/lemaraichermoderne.com\/en\/"},{"@type":"ListItem","position":2,"name":"Boutique","item":"https:\/\/lemaraichermoderne.com\/boutique\/"},{"@type":"ListItem","position":3,"name":"S\u00e9cateur \u00e0 contre-lame Alfred"}]},{"@type":"WebSite","@id":"https:\/\/lemaraichermoderne.com\/en\/#website","url":"https:\/\/lemaraichermoderne.com\/en\/","name":"Le Mara\u00eecher Moderne","description":"R\u00e9f\u00e9rence en hydroponie \u00e0 Qu\u00e9bec","publisher":{"@id":"https:\/\/lemaraichermoderne.com\/en\/#organization"},"potentialAction":[{"@type":"SearchAction","target":{"@type":"EntryPoint","urlTemplate":"https:\/\/lemaraichermoderne.com\/en\/?s={search_term_string}"},"query-input":{"@type":"PropertyValueSpecification","valueRequired":true,"valueName":"search_term_string"}}],"inLanguage":"en-US"},{"@type":"Organization","@id":"https:\/\/lemaraichermoderne.com\/en\/#organization","name":"Le Mara\u00eecher Moderne","url":"https:\/\/lemaraichermoderne.com\/en\/","logo":{"@type":"ImageObject","inLanguage":"en-US","@id":"https:\/\/lemaraichermoderne.com\/en\/#\/schema\/logo\/image\/","url":"https:\/\/lemaraichermoderne.com\/wp-content\/uploads\/2023\/03\/logo_mm1.png","contentUrl":"https:\/\/lemaraichermoderne.com\/wp-content\/uploads\/2023\/03\/logo_mm1.png","width":500,"height":222,"caption":"Le Mara\u00eecher Moderne"},"image":{"@id":"https:\/\/lemaraichermoderne.com\/en\/#\/schema\/logo\/image\/"},"sameAs":["https:\/\/www.facebook.com\/lemaraichermoderne","https:\/\/www.instagram.com\/lemaraichermoderne"]}]}},"_links":{"self":[{"href":"https:\/\/lemaraichermoderne.com\/en\/wp-json\/wp\/v2\/product\/174","targetHints":{"allow":["GET"]}}],"collection":[{"href":"https:\/\/lemaraichermoderne.com\/en\/wp-json\/wp\/v2\/product"}],"about":[{"href":"https:\/\/lemaraichermoderne.com\/en\/wp-json\/wp\/v2\/types\/product"}],"wp:featuredmedia":[{"embeddable":true,"href":"https:\/\/lemaraichermoderne.com\/en\/wp-json\/wp\/v2\/media\/175"}],"wp:attachment":[{"href":"https:\/\/lemaraichermoderne.com\/en\/wp-json\/wp\/v2\/media?parent=174"}],"wp:term":[{"taxonomy":"product_brand","embeddable":true,"href":"https:\/\/lemaraichermoderne.com\/en\/wp-json\/wp\/v2\/product_brand?post=174"},{"taxonomy":"product_cat","embeddable":true,"href":"https:\/\/lemaraichermoderne.com\/en\/wp-json\/wp\/v2\/product_cat?post=174"},{"taxonomy":"product_tag","embeddable":true,"href":"https:\/\/lemaraichermoderne.com\/en\/wp-json\/wp\/v2\/product_tag?post=174"}],"curies":[{"name":"wp","href":"https:\/\/api.w.org\/{rel}","templated":true}]}}