{"id":1741,"date":"2023-11-16T09:35:23","date_gmt":"2023-11-16T14:35:23","guid":{"rendered":"https:\/\/lemaraichermoderne.com\/?post_type=product&#038;p=1741"},"modified":"2026-04-01T14:41:44","modified_gmt":"2026-04-01T18:41:44","slug":"powersun-ensemble-complet-250w-hps-120v","status":"publish","type":"product","link":"https:\/\/lemaraichermoderne.com\/en\/produit\/powersun-ensemble-complet-250w-hps-120v\/","title":{"rendered":"POWERSUN ENSEMBLE COMPLET 250W HPS 120V"},"content":{"rendered":"<ul>\n<li>Compact<\/li>\n<li>Facile \u00e0 utiliser (brancher et utiliser)<\/li>\n<li>Facile \u00e0 suspendre<\/li>\n<li>L\u00e9ger<\/li>\n<li>Int\u00e9rieur en aluminium haute r\u00e9flexion<\/li>\n<li>Bo\u00eetier a\u00e9r\u00e9 pour dissiper la chaleur<\/li>\n<li>Bo\u00eetier enduit de peinture en poudre blanche durable<\/li>\n<li>Commutateur marche\/arr\u00eat r\u00e9tro-\u00e9clair\u00e9<\/li>\n<\/ul>\n<p><strong>Cet ensemble contient<\/strong><\/p>\n<p>\u2022 Ampoule 250W HPS (Mogul Base)<br \/>\n\u2022 2 crochets de suspension<br \/>\n\u2022 Fil d\u2019alimentation 120V de 7\u2019<\/p>\n","protected":false},"excerpt":{"rendered":"<p>Compact Facile \u00e0 utiliser (brancher et utiliser) Facile \u00e0 suspendre L\u00e9ger Int\u00e9rieur en aluminium haute r\u00e9flexion Bo\u00eetier a\u00e9r\u00e9 pour dissiper la chaleur Bo\u00eetier enduit de peinture en poudre blanche durable Commutateur marche\/arr\u00eat r\u00e9tro-\u00e9clair\u00e9 Cet ensemble contient \u2022 Ampoule 250W HPS (Mogul Base) \u2022 2 crochets de suspension \u2022 Fil d\u2019alimentation 120V de 7\u2019<\/p>\n","protected":false},"featured_media":1742,"template":"","meta":[],"product_brand":[],"product_cat":[23],"product_tag":[],"class_list":{"0":"post-1741","1":"product","2":"type-product","3":"status-publish","4":"has-post-thumbnail","6":"product_cat-lumieres","8":"first","9":"instock","10":"sale","11":"taxable","12":"shipping-taxable","13":"purchasable","14":"product-type-simple"},"yoast_head":"<!-- This site is optimized with the Yoast SEO plugin v27.5 - https:\/\/yoast.com\/product\/yoast-seo-wordpress\/ -->\n<title>POWERSUN ENSEMBLE COMPLET 250W HPS 120V - Le Mara\u00eecher Moderne<\/title>\n<meta name=\"robots\" content=\"index, follow, max-snippet:-1, max-image-preview:large, max-video-preview:-1\" \/>\n<link rel=\"canonical\" href=\"https:\/\/lemaraichermoderne.com\/en\/produit\/powersun-ensemble-complet-250w-hps-120v\/\" \/>\n<meta property=\"og:locale\" content=\"en_US\" \/>\n<meta property=\"og:type\" content=\"article\" \/>\n<meta property=\"og:title\" content=\"POWERSUN ENSEMBLE COMPLET 250W HPS 120V - Le Mara\u00eecher Moderne\" \/>\n<meta property=\"og:description\" content=\"Compact Facile \u00e0 utiliser (brancher et utiliser) Facile \u00e0 suspendre L\u00e9ger Int\u00e9rieur en aluminium haute r\u00e9flexion Bo\u00eetier a\u00e9r\u00e9 pour dissiper la chaleur Bo\u00eetier enduit de peinture en poudre blanche durable Commutateur marche\/arr\u00eat r\u00e9tro-\u00e9clair\u00e9 Cet ensemble contient \u2022 Ampoule 250W HPS (Mogul Base) \u2022 2 crochets de suspension \u2022 Fil d\u2019alimentation 120V de 7\u2019\" \/>\n<meta property=\"og:url\" content=\"https:\/\/lemaraichermoderne.com\/en\/produit\/powersun-ensemble-complet-250w-hps-120v\/\" \/>\n<meta property=\"og:site_name\" content=\"Le Mara\u00eecher Moderne\" \/>\n<meta property=\"article:publisher\" content=\"https:\/\/www.facebook.com\/lemaraichermoderne\" \/>\n<meta property=\"article:modified_time\" content=\"2026-04-01T18:41:44+00:00\" \/>\n<meta property=\"og:image\" content=\"https:\/\/lemaraichermoderne.com\/wp-content\/uploads\/2023\/11\/sunpower-250w.jpg\" \/>\n\t<meta property=\"og:image:width\" content=\"900\" \/>\n\t<meta property=\"og:image:height\" content=\"900\" \/>\n\t<meta property=\"og:image:type\" content=\"image\/jpeg\" \/>\n<meta name=\"twitter:card\" content=\"summary_large_image\" \/>\n<meta name=\"twitter:label1\" content=\"Est. reading time\" \/>\n\t<meta name=\"twitter:data1\" content=\"1 minute\" \/>\n<script type=\"application\/ld+json\" class=\"yoast-schema-graph\">{\"@context\":\"https:\\\/\\\/schema.org\",\"@graph\":[{\"@type\":\"WebPage\",\"@id\":\"https:\\\/\\\/lemaraichermoderne.com\\\/en\\\/produit\\\/powersun-ensemble-complet-250w-hps-120v\\\/\",\"url\":\"https:\\\/\\\/lemaraichermoderne.com\\\/en\\\/produit\\\/powersun-ensemble-complet-250w-hps-120v\\\/\",\"name\":\"POWERSUN ENSEMBLE COMPLET 250W HPS 120V - Le Mara\u00eecher Moderne\",\"isPartOf\":{\"@id\":\"https:\\\/\\\/lemaraichermoderne.com\\\/en\\\/#website\"},\"primaryImageOfPage\":{\"@id\":\"https:\\\/\\\/lemaraichermoderne.com\\\/en\\\/produit\\\/powersun-ensemble-complet-250w-hps-120v\\\/#primaryimage\"},\"image\":{\"@id\":\"https:\\\/\\\/lemaraichermoderne.com\\\/en\\\/produit\\\/powersun-ensemble-complet-250w-hps-120v\\\/#primaryimage\"},\"thumbnailUrl\":\"https:\\\/\\\/lemaraichermoderne.com\\\/wp-content\\\/uploads\\\/2023\\\/11\\\/sunpower-250w.jpg\",\"datePublished\":\"2023-11-16T14:35:23+00:00\",\"dateModified\":\"2026-04-01T18:41:44+00:00\",\"breadcrumb\":{\"@id\":\"https:\\\/\\\/lemaraichermoderne.com\\\/en\\\/produit\\\/powersun-ensemble-complet-250w-hps-120v\\\/#breadcrumb\"},\"inLanguage\":\"en-US\",\"potentialAction\":[{\"@type\":\"ReadAction\",\"target\":[\"https:\\\/\\\/lemaraichermoderne.com\\\/en\\\/produit\\\/powersun-ensemble-complet-250w-hps-120v\\\/\"]}]},{\"@type\":\"ImageObject\",\"inLanguage\":\"en-US\",\"@id\":\"https:\\\/\\\/lemaraichermoderne.com\\\/en\\\/produit\\\/powersun-ensemble-complet-250w-hps-120v\\\/#primaryimage\",\"url\":\"https:\\\/\\\/lemaraichermoderne.com\\\/wp-content\\\/uploads\\\/2023\\\/11\\\/sunpower-250w.jpg\",\"contentUrl\":\"https:\\\/\\\/lemaraichermoderne.com\\\/wp-content\\\/uploads\\\/2023\\\/11\\\/sunpower-250w.jpg\",\"width\":900,\"height\":900},{\"@type\":\"BreadcrumbList\",\"@id\":\"https:\\\/\\\/lemaraichermoderne.com\\\/en\\\/produit\\\/powersun-ensemble-complet-250w-hps-120v\\\/#breadcrumb\",\"itemListElement\":[{\"@type\":\"ListItem\",\"position\":1,\"name\":\"Accueil\",\"item\":\"https:\\\/\\\/lemaraichermoderne.com\\\/en\\\/\"},{\"@type\":\"ListItem\",\"position\":2,\"name\":\"Boutique\",\"item\":\"https:\\\/\\\/lemaraichermoderne.com\\\/boutique\\\/\"},{\"@type\":\"ListItem\",\"position\":3,\"name\":\"POWERSUN ENSEMBLE COMPLET 250W HPS 120V\"}]},{\"@type\":\"WebSite\",\"@id\":\"https:\\\/\\\/lemaraichermoderne.com\\\/en\\\/#website\",\"url\":\"https:\\\/\\\/lemaraichermoderne.com\\\/en\\\/\",\"name\":\"Le Mara\u00eecher Moderne\",\"description\":\"R\u00e9f\u00e9rence en hydroponie \u00e0 Qu\u00e9bec\",\"publisher\":{\"@id\":\"https:\\\/\\\/lemaraichermoderne.com\\\/en\\\/#organization\"},\"potentialAction\":[{\"@type\":\"SearchAction\",\"target\":{\"@type\":\"EntryPoint\",\"urlTemplate\":\"https:\\\/\\\/lemaraichermoderne.com\\\/en\\\/?s={search_term_string}\"},\"query-input\":{\"@type\":\"PropertyValueSpecification\",\"valueRequired\":true,\"valueName\":\"search_term_string\"}}],\"inLanguage\":\"en-US\"},{\"@type\":\"Organization\",\"@id\":\"https:\\\/\\\/lemaraichermoderne.com\\\/en\\\/#organization\",\"name\":\"Le Mara\u00eecher Moderne\",\"url\":\"https:\\\/\\\/lemaraichermoderne.com\\\/en\\\/\",\"logo\":{\"@type\":\"ImageObject\",\"inLanguage\":\"en-US\",\"@id\":\"https:\\\/\\\/lemaraichermoderne.com\\\/en\\\/#\\\/schema\\\/logo\\\/image\\\/\",\"url\":\"https:\\\/\\\/lemaraichermoderne.com\\\/wp-content\\\/uploads\\\/2023\\\/03\\\/logo_mm1.png\",\"contentUrl\":\"https:\\\/\\\/lemaraichermoderne.com\\\/wp-content\\\/uploads\\\/2023\\\/03\\\/logo_mm1.png\",\"width\":500,\"height\":222,\"caption\":\"Le Mara\u00eecher Moderne\"},\"image\":{\"@id\":\"https:\\\/\\\/lemaraichermoderne.com\\\/en\\\/#\\\/schema\\\/logo\\\/image\\\/\"},\"sameAs\":[\"https:\\\/\\\/www.facebook.com\\\/lemaraichermoderne\",\"https:\\\/\\\/www.instagram.com\\\/lemaraichermoderne\"]}]}<\/script>\n<!-- \/ Yoast SEO plugin. -->","yoast_head_json":{"title":"POWERSUN ENSEMBLE COMPLET 250W HPS 120V - Le Mara\u00eecher Moderne","robots":{"index":"index","follow":"follow","max-snippet":"max-snippet:-1","max-image-preview":"max-image-preview:large","max-video-preview":"max-video-preview:-1"},"canonical":"https:\/\/lemaraichermoderne.com\/en\/produit\/powersun-ensemble-complet-250w-hps-120v\/","og_locale":"en_US","og_type":"article","og_title":"POWERSUN ENSEMBLE COMPLET 250W HPS 120V - Le Mara\u00eecher Moderne","og_description":"Compact Facile \u00e0 utiliser (brancher et utiliser) Facile \u00e0 suspendre L\u00e9ger Int\u00e9rieur en aluminium haute r\u00e9flexion Bo\u00eetier a\u00e9r\u00e9 pour dissiper la chaleur Bo\u00eetier enduit de peinture en poudre blanche durable Commutateur marche\/arr\u00eat r\u00e9tro-\u00e9clair\u00e9 Cet ensemble contient \u2022 Ampoule 250W HPS (Mogul Base) \u2022 2 crochets de suspension \u2022 Fil d\u2019alimentation 120V de 7\u2019","og_url":"https:\/\/lemaraichermoderne.com\/en\/produit\/powersun-ensemble-complet-250w-hps-120v\/","og_site_name":"Le Mara\u00eecher Moderne","article_publisher":"https:\/\/www.facebook.com\/lemaraichermoderne","article_modified_time":"2026-04-01T18:41:44+00:00","og_image":[{"width":900,"height":900,"url":"https:\/\/lemaraichermoderne.com\/wp-content\/uploads\/2023\/11\/sunpower-250w.jpg","type":"image\/jpeg"}],"twitter_card":"summary_large_image","twitter_misc":{"Est. reading time":"1 minute"},"schema":{"@context":"https:\/\/schema.org","@graph":[{"@type":"WebPage","@id":"https:\/\/lemaraichermoderne.com\/en\/produit\/powersun-ensemble-complet-250w-hps-120v\/","url":"https:\/\/lemaraichermoderne.com\/en\/produit\/powersun-ensemble-complet-250w-hps-120v\/","name":"POWERSUN ENSEMBLE COMPLET 250W HPS 120V - Le Mara\u00eecher Moderne","isPartOf":{"@id":"https:\/\/lemaraichermoderne.com\/en\/#website"},"primaryImageOfPage":{"@id":"https:\/\/lemaraichermoderne.com\/en\/produit\/powersun-ensemble-complet-250w-hps-120v\/#primaryimage"},"image":{"@id":"https:\/\/lemaraichermoderne.com\/en\/produit\/powersun-ensemble-complet-250w-hps-120v\/#primaryimage"},"thumbnailUrl":"https:\/\/lemaraichermoderne.com\/wp-content\/uploads\/2023\/11\/sunpower-250w.jpg","datePublished":"2023-11-16T14:35:23+00:00","dateModified":"2026-04-01T18:41:44+00:00","breadcrumb":{"@id":"https:\/\/lemaraichermoderne.com\/en\/produit\/powersun-ensemble-complet-250w-hps-120v\/#breadcrumb"},"inLanguage":"en-US","potentialAction":[{"@type":"ReadAction","target":["https:\/\/lemaraichermoderne.com\/en\/produit\/powersun-ensemble-complet-250w-hps-120v\/"]}]},{"@type":"ImageObject","inLanguage":"en-US","@id":"https:\/\/lemaraichermoderne.com\/en\/produit\/powersun-ensemble-complet-250w-hps-120v\/#primaryimage","url":"https:\/\/lemaraichermoderne.com\/wp-content\/uploads\/2023\/11\/sunpower-250w.jpg","contentUrl":"https:\/\/lemaraichermoderne.com\/wp-content\/uploads\/2023\/11\/sunpower-250w.jpg","width":900,"height":900},{"@type":"BreadcrumbList","@id":"https:\/\/lemaraichermoderne.com\/en\/produit\/powersun-ensemble-complet-250w-hps-120v\/#breadcrumb","itemListElement":[{"@type":"ListItem","position":1,"name":"Accueil","item":"https:\/\/lemaraichermoderne.com\/en\/"},{"@type":"ListItem","position":2,"name":"Boutique","item":"https:\/\/lemaraichermoderne.com\/boutique\/"},{"@type":"ListItem","position":3,"name":"POWERSUN ENSEMBLE COMPLET 250W HPS 120V"}]},{"@type":"WebSite","@id":"https:\/\/lemaraichermoderne.com\/en\/#website","url":"https:\/\/lemaraichermoderne.com\/en\/","name":"Le Mara\u00eecher Moderne","description":"R\u00e9f\u00e9rence en hydroponie \u00e0 Qu\u00e9bec","publisher":{"@id":"https:\/\/lemaraichermoderne.com\/en\/#organization"},"potentialAction":[{"@type":"SearchAction","target":{"@type":"EntryPoint","urlTemplate":"https:\/\/lemaraichermoderne.com\/en\/?s={search_term_string}"},"query-input":{"@type":"PropertyValueSpecification","valueRequired":true,"valueName":"search_term_string"}}],"inLanguage":"en-US"},{"@type":"Organization","@id":"https:\/\/lemaraichermoderne.com\/en\/#organization","name":"Le Mara\u00eecher Moderne","url":"https:\/\/lemaraichermoderne.com\/en\/","logo":{"@type":"ImageObject","inLanguage":"en-US","@id":"https:\/\/lemaraichermoderne.com\/en\/#\/schema\/logo\/image\/","url":"https:\/\/lemaraichermoderne.com\/wp-content\/uploads\/2023\/03\/logo_mm1.png","contentUrl":"https:\/\/lemaraichermoderne.com\/wp-content\/uploads\/2023\/03\/logo_mm1.png","width":500,"height":222,"caption":"Le Mara\u00eecher Moderne"},"image":{"@id":"https:\/\/lemaraichermoderne.com\/en\/#\/schema\/logo\/image\/"},"sameAs":["https:\/\/www.facebook.com\/lemaraichermoderne","https:\/\/www.instagram.com\/lemaraichermoderne"]}]}},"_links":{"self":[{"href":"https:\/\/lemaraichermoderne.com\/en\/wp-json\/wp\/v2\/product\/1741","targetHints":{"allow":["GET"]}}],"collection":[{"href":"https:\/\/lemaraichermoderne.com\/en\/wp-json\/wp\/v2\/product"}],"about":[{"href":"https:\/\/lemaraichermoderne.com\/en\/wp-json\/wp\/v2\/types\/product"}],"wp:featuredmedia":[{"embeddable":true,"href":"https:\/\/lemaraichermoderne.com\/en\/wp-json\/wp\/v2\/media\/1742"}],"wp:attachment":[{"href":"https:\/\/lemaraichermoderne.com\/en\/wp-json\/wp\/v2\/media?parent=1741"}],"wp:term":[{"taxonomy":"product_brand","embeddable":true,"href":"https:\/\/lemaraichermoderne.com\/en\/wp-json\/wp\/v2\/product_brand?post=1741"},{"taxonomy":"product_cat","embeddable":true,"href":"https:\/\/lemaraichermoderne.com\/en\/wp-json\/wp\/v2\/product_cat?post=1741"},{"taxonomy":"product_tag","embeddable":true,"href":"https:\/\/lemaraichermoderne.com\/en\/wp-json\/wp\/v2\/product_tag?post=1741"}],"curies":[{"name":"wp","href":"https:\/\/api.w.org\/{rel}","templated":true}]}}