{"id":1754,"date":"2023-11-18T11:11:20","date_gmt":"2023-11-18T16:11:20","guid":{"rendered":"https:\/\/lemaraichermoderne.com\/?post_type=product&#038;p=1754"},"modified":"2025-09-19T11:26:44","modified_gmt":"2025-09-19T15:26:44","slug":"boobloom-30ml","status":"publish","type":"product","link":"https:\/\/lemaraichermoderne.com\/en\/produit\/boobloom-30ml\/","title":{"rendered":"Fredtlizer Boobloom 30ml"},"content":{"rendered":"<p><strong>Boobloom (Foliaire seulement)\u00a0<\/strong>est un concentr\u00e9 de phosphore syst\u00e9mique \u00e0\u00a0<u>appliquer en foliaire<\/u>\u00a0afin d\u2019<strong>augmenter la floraison et la fructification en nombre et en volume<\/strong>.<\/p>\n<p>Boobloom est id\u00e9al pour maximiser le grossissement des fleurs et des fruits. Boobloom est fabriqu\u00e9 de Phosphore et de Potassium syst\u00e9miques, sous la forme mol\u00e9culaire du phosphore et du potassium le plus assimilable et efficient puisqu\u2019elle raccourcit le processus digestif des min\u00e9raux par les plantes en p\u00e9n\u00e9trant directement les parois cellulaires des v\u00e9g\u00e9taux.<\/p>\n<p>En l\u2019appliquant directement sur les fleurs et les fruits, leurs cellules ont acc\u00e8s imm\u00e9diatement \u00e0 ces 2 min\u00e9raux qui constituent leurs principaux besoins nutritifs pour maximiser leurs d\u00e9veloppements. Ne pas ajuster le pH des solutions foliaires.<\/p>\n<div class=\"elementor elementor-15825\" data-elementor-type=\"wp-post\" data-elementor-id=\"15825\" data-elementor-post-type=\"cms_block\">\n<div class=\"wd-negative-gap elementor-element elementor-element-2376b195 e-flex e-con-boxed e-con e-parent e-lazyloaded\" data-id=\"2376b195\" data-element_type=\"container\">\n<div class=\"e-con-inner\">\n<div class=\"elementor-element elementor-element-365c6754 elementor-widget__width-initial elementor-widget elementor-widget-wd_text_block\" data-id=\"365c6754\" data-element_type=\"widget\" data-widget_type=\"wd_text_block.default\">\n<div class=\"elementor-widget-container\">\n<div class=\"wd-text-block reset-last-child text-left\">\n<p><strong><u>Mode d\u2019emploi\u00a0:<\/u><\/strong>\u00a0S\u2019appliques-en foliaire seulement. Diluer et m\u00e9langer 1ml par litres d\u2019eau et vaporiser directement sur les fleurs et les fruits t\u00f4t le matin ou en fin de journ\u00e9e pour \u00e9viter l\u2019effet de loupe. Pour les cultures en sol, ne jamais appliquer Boobloom le m\u00eame jour que l\u2019application d\u2019engrais liquide au sol, attendre 24h. Pour les cultures hydroponiques, appliquez \u00e0 l\u2019ouverture des lumi\u00e8res.<\/p>\n<p><u>\u00c9l\u00e9ments fertilisants inclus dans Boobloom\u00a0:<\/u>\u00a0Phosphore, Potassium<\/p>\n<p>Taux de m\u00e9taux lourds en ppm (particule par million)\u00a0:\u00a0<strong>Arsenic 0, Cadmium 0, Mercure 0, Plomb 0<\/strong><\/p>\n<p>Fait d\u2019Acide phosphonique, hydroxyde de potassium<\/p>\n<p><u>Solubilit\u00e9\u00a0:<\/u>\u00a0<strong>100%<\/strong><\/p>\n<p>Formats disponibles\u00a0: 30ml, 250ml, 1L, 4L, 10L, 210L, 1000L<\/p>\n<p>VALEUR EC : 1ml de Boobloom dans 1 litre d\u2019eau d\u00e9min\u00e9ralis\u00e9 donne EC 0.8 ms\/cm (400ppm TDS500)<\/p>\n<\/div>\n<\/div>\n<\/div>\n<\/div>\n<\/div>\n<\/div>\n","protected":false},"excerpt":{"rendered":"<p>Boobloom (Foliaire seulement)\u00a0est un concentr\u00e9 de phosphore syst\u00e9mique \u00e0\u00a0appliquer en foliaire\u00a0afin d\u2019augmenter la floraison et la fructification en nombre et en volume. Boobloom est id\u00e9al pour maximiser le grossissement des fleurs et des fruits. Boobloom est fabriqu\u00e9 de Phosphore et de Potassium syst\u00e9miques, sous la forme mol\u00e9culaire du phosphore et du potassium le plus assimilable [&hellip;]<\/p>\n","protected":false},"featured_media":1755,"template":"","meta":[],"product_brand":[],"product_cat":[21],"product_tag":[],"class_list":{"0":"post-1754","1":"product","2":"type-product","3":"status-publish","4":"has-post-thumbnail","6":"product_cat-nutriments","8":"first","9":"instock","10":"taxable","11":"shipping-taxable","12":"purchasable","13":"product-type-variable"},"yoast_head":"<!-- This site is optimized with the Yoast SEO plugin v27.4 - https:\/\/yoast.com\/product\/yoast-seo-wordpress\/ -->\n<title>Fredtlizer Boobloom 30ml - Le Mara\u00eecher Moderne<\/title>\n<meta name=\"robots\" content=\"index, follow, max-snippet:-1, max-image-preview:large, max-video-preview:-1\" \/>\n<link rel=\"canonical\" href=\"https:\/\/lemaraichermoderne.com\/en\/produit\/boobloom-30ml\/\" \/>\n<meta property=\"og:locale\" content=\"en_US\" \/>\n<meta property=\"og:type\" content=\"article\" \/>\n<meta property=\"og:title\" content=\"Fredtlizer Boobloom 30ml - Le Mara\u00eecher Moderne\" \/>\n<meta property=\"og:description\" content=\"Boobloom (Foliaire seulement)\u00a0est un concentr\u00e9 de phosphore syst\u00e9mique \u00e0\u00a0appliquer en foliaire\u00a0afin d\u2019augmenter la floraison et la fructification en nombre et en volume. Boobloom est id\u00e9al pour maximiser le grossissement des fleurs et des fruits. Boobloom est fabriqu\u00e9 de Phosphore et de Potassium syst\u00e9miques, sous la forme mol\u00e9culaire du phosphore et du potassium le plus assimilable [&hellip;]\" \/>\n<meta property=\"og:url\" content=\"https:\/\/lemaraichermoderne.com\/en\/produit\/boobloom-30ml\/\" \/>\n<meta property=\"og:site_name\" content=\"Le Mara\u00eecher Moderne\" \/>\n<meta property=\"article:publisher\" content=\"https:\/\/www.facebook.com\/lemaraichermoderne\" \/>\n<meta property=\"article:modified_time\" content=\"2025-09-19T15:26:44+00:00\" \/>\n<meta property=\"og:image\" content=\"https:\/\/lemaraichermoderne.com\/wp-content\/uploads\/2023\/11\/30mlBooBloom-PhotographesCommercial_2668x-scaled.webp\" \/>\n\t<meta property=\"og:image:width\" content=\"1708\" \/>\n\t<meta property=\"og:image:height\" content=\"2560\" \/>\n\t<meta property=\"og:image:type\" content=\"image\/webp\" \/>\n<meta name=\"twitter:card\" content=\"summary_large_image\" \/>\n<meta name=\"twitter:label1\" content=\"Est. reading time\" \/>\n\t<meta name=\"twitter:data1\" content=\"2 minutes\" \/>\n<script type=\"application\/ld+json\" class=\"yoast-schema-graph\">{\"@context\":\"https:\\\/\\\/schema.org\",\"@graph\":[{\"@type\":\"WebPage\",\"@id\":\"https:\\\/\\\/lemaraichermoderne.com\\\/en\\\/produit\\\/boobloom-30ml\\\/\",\"url\":\"https:\\\/\\\/lemaraichermoderne.com\\\/en\\\/produit\\\/boobloom-30ml\\\/\",\"name\":\"Fredtlizer Boobloom 30ml - Le Mara\u00eecher Moderne\",\"isPartOf\":{\"@id\":\"https:\\\/\\\/lemaraichermoderne.com\\\/en\\\/#website\"},\"primaryImageOfPage\":{\"@id\":\"https:\\\/\\\/lemaraichermoderne.com\\\/en\\\/produit\\\/boobloom-30ml\\\/#primaryimage\"},\"image\":{\"@id\":\"https:\\\/\\\/lemaraichermoderne.com\\\/en\\\/produit\\\/boobloom-30ml\\\/#primaryimage\"},\"thumbnailUrl\":\"https:\\\/\\\/lemaraichermoderne.com\\\/wp-content\\\/uploads\\\/2023\\\/11\\\/30mlBooBloom-PhotographesCommercial_2668x-scaled.webp\",\"datePublished\":\"2023-11-18T16:11:20+00:00\",\"dateModified\":\"2025-09-19T15:26:44+00:00\",\"breadcrumb\":{\"@id\":\"https:\\\/\\\/lemaraichermoderne.com\\\/en\\\/produit\\\/boobloom-30ml\\\/#breadcrumb\"},\"inLanguage\":\"en-US\",\"potentialAction\":[{\"@type\":\"ReadAction\",\"target\":[\"https:\\\/\\\/lemaraichermoderne.com\\\/en\\\/produit\\\/boobloom-30ml\\\/\"]}]},{\"@type\":\"ImageObject\",\"inLanguage\":\"en-US\",\"@id\":\"https:\\\/\\\/lemaraichermoderne.com\\\/en\\\/produit\\\/boobloom-30ml\\\/#primaryimage\",\"url\":\"https:\\\/\\\/lemaraichermoderne.com\\\/wp-content\\\/uploads\\\/2023\\\/11\\\/30mlBooBloom-PhotographesCommercial_2668x-scaled.webp\",\"contentUrl\":\"https:\\\/\\\/lemaraichermoderne.com\\\/wp-content\\\/uploads\\\/2023\\\/11\\\/30mlBooBloom-PhotographesCommercial_2668x-scaled.webp\",\"width\":1708,\"height\":2560},{\"@type\":\"BreadcrumbList\",\"@id\":\"https:\\\/\\\/lemaraichermoderne.com\\\/en\\\/produit\\\/boobloom-30ml\\\/#breadcrumb\",\"itemListElement\":[{\"@type\":\"ListItem\",\"position\":1,\"name\":\"Accueil\",\"item\":\"https:\\\/\\\/lemaraichermoderne.com\\\/en\\\/\"},{\"@type\":\"ListItem\",\"position\":2,\"name\":\"Boutique\",\"item\":\"https:\\\/\\\/lemaraichermoderne.com\\\/boutique\\\/\"},{\"@type\":\"ListItem\",\"position\":3,\"name\":\"Fredtlizer Boobloom 30ml\"}]},{\"@type\":\"WebSite\",\"@id\":\"https:\\\/\\\/lemaraichermoderne.com\\\/en\\\/#website\",\"url\":\"https:\\\/\\\/lemaraichermoderne.com\\\/en\\\/\",\"name\":\"Le Mara\u00eecher Moderne\",\"description\":\"R\u00e9f\u00e9rence en hydroponie \u00e0 Qu\u00e9bec\",\"publisher\":{\"@id\":\"https:\\\/\\\/lemaraichermoderne.com\\\/en\\\/#organization\"},\"potentialAction\":[{\"@type\":\"SearchAction\",\"target\":{\"@type\":\"EntryPoint\",\"urlTemplate\":\"https:\\\/\\\/lemaraichermoderne.com\\\/en\\\/?s={search_term_string}\"},\"query-input\":{\"@type\":\"PropertyValueSpecification\",\"valueRequired\":true,\"valueName\":\"search_term_string\"}}],\"inLanguage\":\"en-US\"},{\"@type\":\"Organization\",\"@id\":\"https:\\\/\\\/lemaraichermoderne.com\\\/en\\\/#organization\",\"name\":\"Le Mara\u00eecher Moderne\",\"url\":\"https:\\\/\\\/lemaraichermoderne.com\\\/en\\\/\",\"logo\":{\"@type\":\"ImageObject\",\"inLanguage\":\"en-US\",\"@id\":\"https:\\\/\\\/lemaraichermoderne.com\\\/en\\\/#\\\/schema\\\/logo\\\/image\\\/\",\"url\":\"https:\\\/\\\/lemaraichermoderne.com\\\/wp-content\\\/uploads\\\/2023\\\/03\\\/logo_mm1.png\",\"contentUrl\":\"https:\\\/\\\/lemaraichermoderne.com\\\/wp-content\\\/uploads\\\/2023\\\/03\\\/logo_mm1.png\",\"width\":500,\"height\":222,\"caption\":\"Le Mara\u00eecher Moderne\"},\"image\":{\"@id\":\"https:\\\/\\\/lemaraichermoderne.com\\\/en\\\/#\\\/schema\\\/logo\\\/image\\\/\"},\"sameAs\":[\"https:\\\/\\\/www.facebook.com\\\/lemaraichermoderne\",\"https:\\\/\\\/www.instagram.com\\\/lemaraichermoderne\"]}]}<\/script>\n<!-- \/ Yoast SEO plugin. -->","yoast_head_json":{"title":"Fredtlizer Boobloom 30ml - Le Mara\u00eecher Moderne","robots":{"index":"index","follow":"follow","max-snippet":"max-snippet:-1","max-image-preview":"max-image-preview:large","max-video-preview":"max-video-preview:-1"},"canonical":"https:\/\/lemaraichermoderne.com\/en\/produit\/boobloom-30ml\/","og_locale":"en_US","og_type":"article","og_title":"Fredtlizer Boobloom 30ml - Le Mara\u00eecher Moderne","og_description":"Boobloom (Foliaire seulement)\u00a0est un concentr\u00e9 de phosphore syst\u00e9mique \u00e0\u00a0appliquer en foliaire\u00a0afin d\u2019augmenter la floraison et la fructification en nombre et en volume. Boobloom est id\u00e9al pour maximiser le grossissement des fleurs et des fruits. Boobloom est fabriqu\u00e9 de Phosphore et de Potassium syst\u00e9miques, sous la forme mol\u00e9culaire du phosphore et du potassium le plus assimilable [&hellip;]","og_url":"https:\/\/lemaraichermoderne.com\/en\/produit\/boobloom-30ml\/","og_site_name":"Le Mara\u00eecher Moderne","article_publisher":"https:\/\/www.facebook.com\/lemaraichermoderne","article_modified_time":"2025-09-19T15:26:44+00:00","og_image":[{"width":1708,"height":2560,"url":"https:\/\/lemaraichermoderne.com\/wp-content\/uploads\/2023\/11\/30mlBooBloom-PhotographesCommercial_2668x-scaled.webp","type":"image\/webp"}],"twitter_card":"summary_large_image","twitter_misc":{"Est. reading time":"2 minutes"},"schema":{"@context":"https:\/\/schema.org","@graph":[{"@type":"WebPage","@id":"https:\/\/lemaraichermoderne.com\/en\/produit\/boobloom-30ml\/","url":"https:\/\/lemaraichermoderne.com\/en\/produit\/boobloom-30ml\/","name":"Fredtlizer Boobloom 30ml - Le Mara\u00eecher Moderne","isPartOf":{"@id":"https:\/\/lemaraichermoderne.com\/en\/#website"},"primaryImageOfPage":{"@id":"https:\/\/lemaraichermoderne.com\/en\/produit\/boobloom-30ml\/#primaryimage"},"image":{"@id":"https:\/\/lemaraichermoderne.com\/en\/produit\/boobloom-30ml\/#primaryimage"},"thumbnailUrl":"https:\/\/lemaraichermoderne.com\/wp-content\/uploads\/2023\/11\/30mlBooBloom-PhotographesCommercial_2668x-scaled.webp","datePublished":"2023-11-18T16:11:20+00:00","dateModified":"2025-09-19T15:26:44+00:00","breadcrumb":{"@id":"https:\/\/lemaraichermoderne.com\/en\/produit\/boobloom-30ml\/#breadcrumb"},"inLanguage":"en-US","potentialAction":[{"@type":"ReadAction","target":["https:\/\/lemaraichermoderne.com\/en\/produit\/boobloom-30ml\/"]}]},{"@type":"ImageObject","inLanguage":"en-US","@id":"https:\/\/lemaraichermoderne.com\/en\/produit\/boobloom-30ml\/#primaryimage","url":"https:\/\/lemaraichermoderne.com\/wp-content\/uploads\/2023\/11\/30mlBooBloom-PhotographesCommercial_2668x-scaled.webp","contentUrl":"https:\/\/lemaraichermoderne.com\/wp-content\/uploads\/2023\/11\/30mlBooBloom-PhotographesCommercial_2668x-scaled.webp","width":1708,"height":2560},{"@type":"BreadcrumbList","@id":"https:\/\/lemaraichermoderne.com\/en\/produit\/boobloom-30ml\/#breadcrumb","itemListElement":[{"@type":"ListItem","position":1,"name":"Accueil","item":"https:\/\/lemaraichermoderne.com\/en\/"},{"@type":"ListItem","position":2,"name":"Boutique","item":"https:\/\/lemaraichermoderne.com\/boutique\/"},{"@type":"ListItem","position":3,"name":"Fredtlizer Boobloom 30ml"}]},{"@type":"WebSite","@id":"https:\/\/lemaraichermoderne.com\/en\/#website","url":"https:\/\/lemaraichermoderne.com\/en\/","name":"Le Mara\u00eecher Moderne","description":"R\u00e9f\u00e9rence en hydroponie \u00e0 Qu\u00e9bec","publisher":{"@id":"https:\/\/lemaraichermoderne.com\/en\/#organization"},"potentialAction":[{"@type":"SearchAction","target":{"@type":"EntryPoint","urlTemplate":"https:\/\/lemaraichermoderne.com\/en\/?s={search_term_string}"},"query-input":{"@type":"PropertyValueSpecification","valueRequired":true,"valueName":"search_term_string"}}],"inLanguage":"en-US"},{"@type":"Organization","@id":"https:\/\/lemaraichermoderne.com\/en\/#organization","name":"Le Mara\u00eecher Moderne","url":"https:\/\/lemaraichermoderne.com\/en\/","logo":{"@type":"ImageObject","inLanguage":"en-US","@id":"https:\/\/lemaraichermoderne.com\/en\/#\/schema\/logo\/image\/","url":"https:\/\/lemaraichermoderne.com\/wp-content\/uploads\/2023\/03\/logo_mm1.png","contentUrl":"https:\/\/lemaraichermoderne.com\/wp-content\/uploads\/2023\/03\/logo_mm1.png","width":500,"height":222,"caption":"Le Mara\u00eecher Moderne"},"image":{"@id":"https:\/\/lemaraichermoderne.com\/en\/#\/schema\/logo\/image\/"},"sameAs":["https:\/\/www.facebook.com\/lemaraichermoderne","https:\/\/www.instagram.com\/lemaraichermoderne"]}]}},"_links":{"self":[{"href":"https:\/\/lemaraichermoderne.com\/en\/wp-json\/wp\/v2\/product\/1754","targetHints":{"allow":["GET"]}}],"collection":[{"href":"https:\/\/lemaraichermoderne.com\/en\/wp-json\/wp\/v2\/product"}],"about":[{"href":"https:\/\/lemaraichermoderne.com\/en\/wp-json\/wp\/v2\/types\/product"}],"wp:featuredmedia":[{"embeddable":true,"href":"https:\/\/lemaraichermoderne.com\/en\/wp-json\/wp\/v2\/media\/1755"}],"wp:attachment":[{"href":"https:\/\/lemaraichermoderne.com\/en\/wp-json\/wp\/v2\/media?parent=1754"}],"wp:term":[{"taxonomy":"product_brand","embeddable":true,"href":"https:\/\/lemaraichermoderne.com\/en\/wp-json\/wp\/v2\/product_brand?post=1754"},{"taxonomy":"product_cat","embeddable":true,"href":"https:\/\/lemaraichermoderne.com\/en\/wp-json\/wp\/v2\/product_cat?post=1754"},{"taxonomy":"product_tag","embeddable":true,"href":"https:\/\/lemaraichermoderne.com\/en\/wp-json\/wp\/v2\/product_tag?post=1754"}],"curies":[{"name":"wp","href":"https:\/\/api.w.org\/{rel}","templated":true}]}}