{"id":176,"date":"2023-03-19T15:06:09","date_gmt":"2023-03-19T14:06:09","guid":{"rendered":"https:\/\/conceptwebactiv.com\/dev\/lemaraichermoderne\/?post_type=product&#038;p=176"},"modified":"2026-04-15T15:47:27","modified_gmt":"2026-04-15T19:47:27","slug":"testeur-ph-p50-pro-aqua-master","status":"publish","type":"product","link":"https:\/\/lemaraichermoderne.com\/en\/produit\/testeur-ph-p50-pro-aqua-master\/","title":{"rendered":"Testeur ph P50 PRO Aqua Master"},"content":{"rendered":"<div class=\"block-wrapper alias-product-info-overview __base--display _op-inline-block\">\n<div class=\"product attribute overview\">\n<div class=\"value\">Le pH m\u00e8tre P50 Pro est le dernier outil de la large gamme de produits de haute qualit\u00e9 d&#8217;Aqua Master Tools. Il est id\u00e9al pour mesurer le pH et la temp\u00e9rature des liquides de nutrition des plantes et de l&#8217;eau des piscines, des jacuzzis et des \u00e9tangs. Passez facilement d&#8217;un param\u00e8tre \u00e0 l&#8217;autre gr\u00e2ce aux boutons conviviaux. L&#8217;appareil est enti\u00e8rement calibr\u00e9 et les piles sont incluses.<\/div>\n<\/div>\n<\/div>\n<div class=\"block-wrapper alias-product-info-extrahint __base--display _op-inline-block\">\n<div class=\"product-addto-links\" data-role=\"add-to-links\">\n<p>Comment fonctionne le pH-m\u00e8tre<\/p>\n<ul>\n<li>Avant la premi\u00e8re utilisation, faites tremper votre pH-m\u00e8tre dans de l&#8217;eau du robinet pendant 12 heures<\/li>\n<li>Retirez la housse de protection<\/li>\n<li>Nettoyez d\u00e9licatement l&#8217;\u00e9lectrode avec de l&#8217;eau distill\u00e9e et s\u00e9chez-la<\/li>\n<li>Appuyez sur le bouton On\/off pour d\u00e9marrer le pH-m\u00e8tre<\/li>\n<li>Ins\u00e9rez le pH-m\u00e8tre verticalement dans la solution jusqu&#8217;au bord et remuez doucement. Attendez quelques secondes pour que la valeur correcte s&#8217;affiche \u00e0 l&#8217;\u00e9cran<\/li>\n<li>Appuyez sur le bouton C\/F pour passer des degr\u00e9s Celsius aux degr\u00e9s Fahrenheit.<\/li>\n<li>Rincez l&#8217;\u00e9lectrode \u00e0 l&#8217;eau apr\u00e8s utilisation et appuyez sur le bouton On\/off pour \u00e9teindre le lecteur<\/li>\n<\/ul>\n<p>Nous recommandons de stocker le lecteur en position verticale avec la solution de stockage KCI dans la housse de protection.<\/p>\n<p>Cet emballage contient:<\/p>\n<ul>\n<li>1x pH-m\u00e8tre num\u00e9rique P50 Pro<\/li>\n<li>1x Guide d&#8217;utilisation<\/li>\n<li>3\u00d7 Pile bouton 1,5 Volt AG-13<\/li>\n<\/ul>\n<p>Sp\u00e9cifications<\/p>\n<ul>\n<li>Gamme: pH: 0.0 ~ 14.0 pH \/ Temp.: 0\u00b0C ~ 50\u00b0C (32\u00b0F ~ 122\u00b0F)<\/li>\n<li>R\u00e9solution: pH: \u00b1 0.1 pH \/ Temp.: 0.1 \u00baC (1.0 \u00baF)<\/li>\n<li>Pr\u00e9cision: pH: \u00b1 0.1 pH \/ Temp.: \u00b10.5\u00b0C (32\u00b0F) \/ Temp. compensation: 0\u00b0C &#8211; 50\u00b0C (32\u00b0F &#8211; 122\u00b0F)<\/li>\n<li>Calibration: pH: 2 point auto 4.0 &#8211; 7.0 pH<\/li>\n<li>Caract\u00e9ristiques: Indicateur de pile et compensation automatique de la temp\u00e9rature<\/li>\n<li>Alimentation \u00e9lectrique: 3 \u00d7 1.5 Volt AG-13 Pile bouton (incluse)<\/li>\n<li>Mise hors tension automatique: apr\u00e8s 8 minutes<\/li>\n<li>Indicateur d&#8217;\u00e9talonnage: En cas de calibrage correct<\/li>\n<li>Imperm\u00e9able \u00e0 l&#8217;eau: IP67<\/li>\n<li>Dimensions: 8.66&#8243; x 1.6&#8243; x 1.6&#8243;<\/li>\n<\/ul>\n<\/div>\n<\/div>\n","protected":false},"excerpt":{"rendered":"<p>Le pH m\u00e8tre P50 Pro est le dernier outil de la large gamme de produits de haute qualit\u00e9 d&#8217;Aqua Master Tools. Il est id\u00e9al pour mesurer le pH et la temp\u00e9rature des liquides de nutrition des plantes et de l&#8217;eau des piscines, des jacuzzis et des \u00e9tangs. Passez facilement d&#8217;un param\u00e8tre \u00e0 l&#8217;autre gr\u00e2ce aux [&hellip;]<\/p>\n","protected":false},"featured_media":177,"template":"","meta":[],"product_brand":[],"product_cat":[32],"product_tag":[],"class_list":{"0":"post-176","1":"product","2":"type-product","3":"status-publish","4":"has-post-thumbnail","6":"product_cat-controle-de-leau","8":"first","9":"instock","10":"taxable","11":"shipping-taxable","12":"purchasable","13":"product-type-simple"},"yoast_head":"<!-- This site is optimized with the Yoast SEO plugin v27.5 - https:\/\/yoast.com\/product\/yoast-seo-wordpress\/ -->\n<title>Testeur ph P50 PRO Aqua Master - Le Mara\u00eecher Moderne<\/title>\n<meta name=\"robots\" content=\"index, follow, max-snippet:-1, max-image-preview:large, max-video-preview:-1\" \/>\n<link rel=\"canonical\" href=\"https:\/\/lemaraichermoderne.com\/en\/produit\/testeur-ph-p50-pro-aqua-master\/\" \/>\n<meta property=\"og:locale\" content=\"en_US\" \/>\n<meta property=\"og:type\" content=\"article\" \/>\n<meta property=\"og:title\" content=\"Testeur ph P50 PRO Aqua Master - Le Mara\u00eecher Moderne\" \/>\n<meta property=\"og:description\" content=\"Le pH m\u00e8tre P50 Pro est le dernier outil de la large gamme de produits de haute qualit\u00e9 d&#8217;Aqua Master Tools. Il est id\u00e9al pour mesurer le pH et la temp\u00e9rature des liquides de nutrition des plantes et de l&#8217;eau des piscines, des jacuzzis et des \u00e9tangs. Passez facilement d&#8217;un param\u00e8tre \u00e0 l&#8217;autre gr\u00e2ce aux [&hellip;]\" \/>\n<meta property=\"og:url\" content=\"https:\/\/lemaraichermoderne.com\/en\/produit\/testeur-ph-p50-pro-aqua-master\/\" \/>\n<meta property=\"og:site_name\" content=\"Le Mara\u00eecher Moderne\" \/>\n<meta property=\"article:publisher\" content=\"https:\/\/www.facebook.com\/lemaraichermoderne\" \/>\n<meta property=\"article:modified_time\" content=\"2026-04-15T19:47:27+00:00\" \/>\n<meta property=\"og:image\" content=\"https:\/\/lemaraichermoderne.com\/wp-content\/uploads\/2023\/03\/aquamaster-p50-pro-ph-temp-meter-06028000042.jpg\" \/>\n\t<meta property=\"og:image:width\" content=\"1200\" \/>\n\t<meta property=\"og:image:height\" content=\"800\" \/>\n\t<meta property=\"og:image:type\" content=\"image\/jpeg\" \/>\n<meta name=\"twitter:card\" content=\"summary_large_image\" \/>\n<meta name=\"twitter:label1\" content=\"Est. reading time\" \/>\n\t<meta name=\"twitter:data1\" content=\"1 minute\" \/>\n<script type=\"application\/ld+json\" class=\"yoast-schema-graph\">{\"@context\":\"https:\\\/\\\/schema.org\",\"@graph\":[{\"@type\":\"WebPage\",\"@id\":\"https:\\\/\\\/lemaraichermoderne.com\\\/en\\\/produit\\\/testeur-ph-p50-pro-aqua-master\\\/\",\"url\":\"https:\\\/\\\/lemaraichermoderne.com\\\/en\\\/produit\\\/testeur-ph-p50-pro-aqua-master\\\/\",\"name\":\"Testeur ph P50 PRO Aqua Master - Le Mara\u00eecher Moderne\",\"isPartOf\":{\"@id\":\"https:\\\/\\\/lemaraichermoderne.com\\\/en\\\/#website\"},\"primaryImageOfPage\":{\"@id\":\"https:\\\/\\\/lemaraichermoderne.com\\\/en\\\/produit\\\/testeur-ph-p50-pro-aqua-master\\\/#primaryimage\"},\"image\":{\"@id\":\"https:\\\/\\\/lemaraichermoderne.com\\\/en\\\/produit\\\/testeur-ph-p50-pro-aqua-master\\\/#primaryimage\"},\"thumbnailUrl\":\"https:\\\/\\\/lemaraichermoderne.com\\\/wp-content\\\/uploads\\\/2023\\\/03\\\/aquamaster-p50-pro-ph-temp-meter-06028000042.jpg\",\"datePublished\":\"2023-03-19T14:06:09+00:00\",\"dateModified\":\"2026-04-15T19:47:27+00:00\",\"breadcrumb\":{\"@id\":\"https:\\\/\\\/lemaraichermoderne.com\\\/en\\\/produit\\\/testeur-ph-p50-pro-aqua-master\\\/#breadcrumb\"},\"inLanguage\":\"en-US\",\"potentialAction\":[{\"@type\":\"ReadAction\",\"target\":[\"https:\\\/\\\/lemaraichermoderne.com\\\/en\\\/produit\\\/testeur-ph-p50-pro-aqua-master\\\/\"]}]},{\"@type\":\"ImageObject\",\"inLanguage\":\"en-US\",\"@id\":\"https:\\\/\\\/lemaraichermoderne.com\\\/en\\\/produit\\\/testeur-ph-p50-pro-aqua-master\\\/#primaryimage\",\"url\":\"https:\\\/\\\/lemaraichermoderne.com\\\/wp-content\\\/uploads\\\/2023\\\/03\\\/aquamaster-p50-pro-ph-temp-meter-06028000042.jpg\",\"contentUrl\":\"https:\\\/\\\/lemaraichermoderne.com\\\/wp-content\\\/uploads\\\/2023\\\/03\\\/aquamaster-p50-pro-ph-temp-meter-06028000042.jpg\",\"width\":1200,\"height\":800,\"caption\":\"Testeur ph P50 PRO Aqua Master\"},{\"@type\":\"BreadcrumbList\",\"@id\":\"https:\\\/\\\/lemaraichermoderne.com\\\/en\\\/produit\\\/testeur-ph-p50-pro-aqua-master\\\/#breadcrumb\",\"itemListElement\":[{\"@type\":\"ListItem\",\"position\":1,\"name\":\"Accueil\",\"item\":\"https:\\\/\\\/lemaraichermoderne.com\\\/en\\\/\"},{\"@type\":\"ListItem\",\"position\":2,\"name\":\"Boutique\",\"item\":\"https:\\\/\\\/lemaraichermoderne.com\\\/boutique\\\/\"},{\"@type\":\"ListItem\",\"position\":3,\"name\":\"Testeur ph P50 PRO Aqua Master\"}]},{\"@type\":\"WebSite\",\"@id\":\"https:\\\/\\\/lemaraichermoderne.com\\\/en\\\/#website\",\"url\":\"https:\\\/\\\/lemaraichermoderne.com\\\/en\\\/\",\"name\":\"Le Mara\u00eecher Moderne\",\"description\":\"R\u00e9f\u00e9rence en hydroponie \u00e0 Qu\u00e9bec\",\"publisher\":{\"@id\":\"https:\\\/\\\/lemaraichermoderne.com\\\/en\\\/#organization\"},\"potentialAction\":[{\"@type\":\"SearchAction\",\"target\":{\"@type\":\"EntryPoint\",\"urlTemplate\":\"https:\\\/\\\/lemaraichermoderne.com\\\/en\\\/?s={search_term_string}\"},\"query-input\":{\"@type\":\"PropertyValueSpecification\",\"valueRequired\":true,\"valueName\":\"search_term_string\"}}],\"inLanguage\":\"en-US\"},{\"@type\":\"Organization\",\"@id\":\"https:\\\/\\\/lemaraichermoderne.com\\\/en\\\/#organization\",\"name\":\"Le Mara\u00eecher Moderne\",\"url\":\"https:\\\/\\\/lemaraichermoderne.com\\\/en\\\/\",\"logo\":{\"@type\":\"ImageObject\",\"inLanguage\":\"en-US\",\"@id\":\"https:\\\/\\\/lemaraichermoderne.com\\\/en\\\/#\\\/schema\\\/logo\\\/image\\\/\",\"url\":\"https:\\\/\\\/lemaraichermoderne.com\\\/wp-content\\\/uploads\\\/2023\\\/03\\\/logo_mm1.png\",\"contentUrl\":\"https:\\\/\\\/lemaraichermoderne.com\\\/wp-content\\\/uploads\\\/2023\\\/03\\\/logo_mm1.png\",\"width\":500,\"height\":222,\"caption\":\"Le Mara\u00eecher Moderne\"},\"image\":{\"@id\":\"https:\\\/\\\/lemaraichermoderne.com\\\/en\\\/#\\\/schema\\\/logo\\\/image\\\/\"},\"sameAs\":[\"https:\\\/\\\/www.facebook.com\\\/lemaraichermoderne\",\"https:\\\/\\\/www.instagram.com\\\/lemaraichermoderne\"]}]}<\/script>\n<!-- \/ Yoast SEO plugin. -->","yoast_head_json":{"title":"Testeur ph P50 PRO Aqua Master - Le Mara\u00eecher Moderne","robots":{"index":"index","follow":"follow","max-snippet":"max-snippet:-1","max-image-preview":"max-image-preview:large","max-video-preview":"max-video-preview:-1"},"canonical":"https:\/\/lemaraichermoderne.com\/en\/produit\/testeur-ph-p50-pro-aqua-master\/","og_locale":"en_US","og_type":"article","og_title":"Testeur ph P50 PRO Aqua Master - Le Mara\u00eecher Moderne","og_description":"Le pH m\u00e8tre P50 Pro est le dernier outil de la large gamme de produits de haute qualit\u00e9 d&#8217;Aqua Master Tools. Il est id\u00e9al pour mesurer le pH et la temp\u00e9rature des liquides de nutrition des plantes et de l&#8217;eau des piscines, des jacuzzis et des \u00e9tangs. Passez facilement d&#8217;un param\u00e8tre \u00e0 l&#8217;autre gr\u00e2ce aux [&hellip;]","og_url":"https:\/\/lemaraichermoderne.com\/en\/produit\/testeur-ph-p50-pro-aqua-master\/","og_site_name":"Le Mara\u00eecher Moderne","article_publisher":"https:\/\/www.facebook.com\/lemaraichermoderne","article_modified_time":"2026-04-15T19:47:27+00:00","og_image":[{"width":1200,"height":800,"url":"https:\/\/lemaraichermoderne.com\/wp-content\/uploads\/2023\/03\/aquamaster-p50-pro-ph-temp-meter-06028000042.jpg","type":"image\/jpeg"}],"twitter_card":"summary_large_image","twitter_misc":{"Est. reading time":"1 minute"},"schema":{"@context":"https:\/\/schema.org","@graph":[{"@type":"WebPage","@id":"https:\/\/lemaraichermoderne.com\/en\/produit\/testeur-ph-p50-pro-aqua-master\/","url":"https:\/\/lemaraichermoderne.com\/en\/produit\/testeur-ph-p50-pro-aqua-master\/","name":"Testeur ph P50 PRO Aqua Master - Le Mara\u00eecher Moderne","isPartOf":{"@id":"https:\/\/lemaraichermoderne.com\/en\/#website"},"primaryImageOfPage":{"@id":"https:\/\/lemaraichermoderne.com\/en\/produit\/testeur-ph-p50-pro-aqua-master\/#primaryimage"},"image":{"@id":"https:\/\/lemaraichermoderne.com\/en\/produit\/testeur-ph-p50-pro-aqua-master\/#primaryimage"},"thumbnailUrl":"https:\/\/lemaraichermoderne.com\/wp-content\/uploads\/2023\/03\/aquamaster-p50-pro-ph-temp-meter-06028000042.jpg","datePublished":"2023-03-19T14:06:09+00:00","dateModified":"2026-04-15T19:47:27+00:00","breadcrumb":{"@id":"https:\/\/lemaraichermoderne.com\/en\/produit\/testeur-ph-p50-pro-aqua-master\/#breadcrumb"},"inLanguage":"en-US","potentialAction":[{"@type":"ReadAction","target":["https:\/\/lemaraichermoderne.com\/en\/produit\/testeur-ph-p50-pro-aqua-master\/"]}]},{"@type":"ImageObject","inLanguage":"en-US","@id":"https:\/\/lemaraichermoderne.com\/en\/produit\/testeur-ph-p50-pro-aqua-master\/#primaryimage","url":"https:\/\/lemaraichermoderne.com\/wp-content\/uploads\/2023\/03\/aquamaster-p50-pro-ph-temp-meter-06028000042.jpg","contentUrl":"https:\/\/lemaraichermoderne.com\/wp-content\/uploads\/2023\/03\/aquamaster-p50-pro-ph-temp-meter-06028000042.jpg","width":1200,"height":800,"caption":"Testeur ph P50 PRO Aqua Master"},{"@type":"BreadcrumbList","@id":"https:\/\/lemaraichermoderne.com\/en\/produit\/testeur-ph-p50-pro-aqua-master\/#breadcrumb","itemListElement":[{"@type":"ListItem","position":1,"name":"Accueil","item":"https:\/\/lemaraichermoderne.com\/en\/"},{"@type":"ListItem","position":2,"name":"Boutique","item":"https:\/\/lemaraichermoderne.com\/boutique\/"},{"@type":"ListItem","position":3,"name":"Testeur ph P50 PRO Aqua Master"}]},{"@type":"WebSite","@id":"https:\/\/lemaraichermoderne.com\/en\/#website","url":"https:\/\/lemaraichermoderne.com\/en\/","name":"Le Mara\u00eecher Moderne","description":"R\u00e9f\u00e9rence en hydroponie \u00e0 Qu\u00e9bec","publisher":{"@id":"https:\/\/lemaraichermoderne.com\/en\/#organization"},"potentialAction":[{"@type":"SearchAction","target":{"@type":"EntryPoint","urlTemplate":"https:\/\/lemaraichermoderne.com\/en\/?s={search_term_string}"},"query-input":{"@type":"PropertyValueSpecification","valueRequired":true,"valueName":"search_term_string"}}],"inLanguage":"en-US"},{"@type":"Organization","@id":"https:\/\/lemaraichermoderne.com\/en\/#organization","name":"Le Mara\u00eecher Moderne","url":"https:\/\/lemaraichermoderne.com\/en\/","logo":{"@type":"ImageObject","inLanguage":"en-US","@id":"https:\/\/lemaraichermoderne.com\/en\/#\/schema\/logo\/image\/","url":"https:\/\/lemaraichermoderne.com\/wp-content\/uploads\/2023\/03\/logo_mm1.png","contentUrl":"https:\/\/lemaraichermoderne.com\/wp-content\/uploads\/2023\/03\/logo_mm1.png","width":500,"height":222,"caption":"Le Mara\u00eecher Moderne"},"image":{"@id":"https:\/\/lemaraichermoderne.com\/en\/#\/schema\/logo\/image\/"},"sameAs":["https:\/\/www.facebook.com\/lemaraichermoderne","https:\/\/www.instagram.com\/lemaraichermoderne"]}]}},"_links":{"self":[{"href":"https:\/\/lemaraichermoderne.com\/en\/wp-json\/wp\/v2\/product\/176","targetHints":{"allow":["GET"]}}],"collection":[{"href":"https:\/\/lemaraichermoderne.com\/en\/wp-json\/wp\/v2\/product"}],"about":[{"href":"https:\/\/lemaraichermoderne.com\/en\/wp-json\/wp\/v2\/types\/product"}],"wp:featuredmedia":[{"embeddable":true,"href":"https:\/\/lemaraichermoderne.com\/en\/wp-json\/wp\/v2\/media\/177"}],"wp:attachment":[{"href":"https:\/\/lemaraichermoderne.com\/en\/wp-json\/wp\/v2\/media?parent=176"}],"wp:term":[{"taxonomy":"product_brand","embeddable":true,"href":"https:\/\/lemaraichermoderne.com\/en\/wp-json\/wp\/v2\/product_brand?post=176"},{"taxonomy":"product_cat","embeddable":true,"href":"https:\/\/lemaraichermoderne.com\/en\/wp-json\/wp\/v2\/product_cat?post=176"},{"taxonomy":"product_tag","embeddable":true,"href":"https:\/\/lemaraichermoderne.com\/en\/wp-json\/wp\/v2\/product_tag?post=176"}],"curies":[{"name":"wp","href":"https:\/\/api.w.org\/{rel}","templated":true}]}}