{"id":178,"date":"2023-03-19T15:11:58","date_gmt":"2023-03-19T14:11:58","guid":{"rendered":"https:\/\/conceptwebactiv.com\/dev\/lemaraichermoderne\/?post_type=product&#038;p=178"},"modified":"2026-04-15T15:46:55","modified_gmt":"2026-04-15T19:46:55","slug":"testeur-ph-ec-ppm-tds-temp-p160-combo-aqua-master","status":"publish","type":"product","link":"https:\/\/lemaraichermoderne.com\/en\/produit\/testeur-ph-ec-ppm-tds-temp-p160-combo-aqua-master\/","title":{"rendered":"Testeur pH\/EC\/PPM\/TDS\/Temp P160 Combo Aqua Master"},"content":{"rendered":"<p>La nouvelle version du compteur combo P160 Pro est munie d&#8217;un bo\u00eetier moderne et robuste. Le principal avantage de ce mod\u00e8le est son \u00e9talonnage analogique EC. Cela signifie que la solution d&#8217;\u00e9talonnage n&#8217;a pas besoin d&#8217;avoir une temp\u00e9rature de 25\u00baC exactement. Le compteur combo P160 Pro est id\u00e9al pour mesurer le pH, l&#8217;EC, le PPM, le TDS et la temp\u00e9rature de la nutrition liquide des plantes et de l&#8217;eau des piscines, des jacuzzis et des bassins. Les boutons conviviaux peuvent \u00eatre utilis\u00e9s pour passer sans effort d&#8217;un param\u00e8tre \u00e0 l&#8217;autre. Le compteur est enti\u00e8rement calibr\u00e9 et comprend des piles.<\/p>\n<p>L&#8217;\u00e9talonnage se d\u00e9roule sans aucune d\u00e9viation. Les solutions d&#8217;\u00e9talonnage EC sont extr\u00eamement sensibles \u00e0 la temp\u00e9rature. Cela ne s&#8217;applique toutefois pas au pH. Vous pouvez facilement remplacer l&#8217;\u00e9lectrode si elle est us\u00e9e ou endommag\u00e9e. Ce mod\u00e8le est livr\u00e9 dans une mallette robuste, comprenant les solutions d&#8217;\u00e9talonnage pH 4.01, pH 7.00 et EC 14.13, ce qui vous permet de calibrer l&#8217;appareil ult\u00e9rieurement.<\/p>\n<p>Comment fonctionne le compteur?<\/p>\n<ul>\n<li>Retirez le couvercle de protection<\/li>\n<li>Nettoyez d\u00e9licatement l&#8217;\u00e9lectrode avec de l&#8217;eau distill\u00e9e et s\u00e9chez-la<\/li>\n<li>Appuyez sur le bouton Marche\/Arr\u00eat pour d\u00e9marrer le lecteur<\/li>\n<li>Ins\u00e9rez le lecteur verticalement dans la solution jusqu&#8217;au bord et remuez doucement. Attendez quelques secondes pour que la valeur correcte s&#8217;affiche \u00e0 l&#8217;\u00e9cran<\/li>\n<li>Appuyez sur le bouton Temp\/CAL pour passer des degr\u00e9s Celsius aux degr\u00e9s Fahrenheit<\/li>\n<li>Appuyez sur le bouton PH\/EC pour basculer entre pH et EC<\/li>\n<li>Assurez-vous que l&#8217;appareil est en mode EC pour passer de EC, TDS et PPM. Appuyez sur le bouton PH\/EC et maintenez-le enfonc\u00e9 pendant au moins 5 secondes pour changer de param\u00e8tre<\/li>\n<li>Rincez l&#8217;\u00e9lectrode avec de l&#8217;eau apr\u00e8s utilisation et appuyez sur le bouton On\/off pour \u00e9teindre l&#8217;appareil<\/li>\n<\/ul>\n<p>Nos \u00e9lectrodes sont con\u00e7ues pour un stockage \u00e0 sec. Par cons\u00e9quent, le stockage dans un liquide n&#8217;est pas n\u00e9cessaire pour l&#8217;\u00e9lectrode.<\/p>\n<p>Cet emballage contient:<\/p>\n<ul>\n<li>1x Stylo Combo P160 Pro<\/li>\n<li>1x Bo\u00eete de rangement<\/li>\n<li>1x Solution de calibrage pH 7.00 25ml<\/li>\n<li>1x Solution de calibrage pH 4.01 25ml<\/li>\n<li>1x Solution de calibrage 14.13 25ml<\/li>\n<li>1x Tournevis pour l&#8217;\u00e9talonnage<\/li>\n<li>1x Guide d&#8217;utilisation<\/li>\n<\/ul>\n<p>Sp\u00e9cifications<\/p>\n<ul>\n<li>Gamme: pH: 0.1 ~ 14.0 pH \/ EC: 0.0 ~ 19.9 mS\/cm \/ TDS: 0.0 ~ 19.99 PPT \/ PPM: 0.0 ~ 1999 PPM \/ Temp.: 0\u00b0C ~ 50\u00b0C (32\u00b0F ~ 122\u00b0F)<\/li>\n<li>R\u00e9solution: pH: \u00b1 0.1 pH \/ EC: 0.1 mS\/cm \/ TDS: 0.01 PPT \/ PPM: 10 PPM \/ Temp.: 0.1\u00b0C (1.0\u00baF)<\/li>\n<li>Pr\u00e9cision: pH: \u00b1 0.1 pH \/ EC: \u00b1 2% F.S. \/ TDS: \u00b1 2% F.S. \/ PPM: 10 PPM \/ Temp.: \u00b10.5\u00b0C (32\u00b0F) \/ Temp. compensation: 0\u00b0C &#8211; 50\u00b0C (32\u00b0F &#8211; 122\u00b0F)<\/li>\n<li>\u00c9chelle de PPM: 700 PPM<\/li>\n<li>Calibration: pH: 2 point auto 4.0 &#8211; 7.0 pH \/ Cal manuel EC adapt\u00e9 \u00e0 chaque tampon EC<\/li>\n<li>Caract\u00e9ristiques: Indicateur de batterie et compensation automatique de la temp\u00e9rature<\/li>\n<li>Alimentation \u00e9lectrique: 3 \u00d7 1,5 Volt AG-13 pile bouton (incluse)<\/li>\n<li>Mise hors tension automatique: apr\u00e8s 8 minutes<\/li>\n<li>Indicateur d&#8217;\u00e9talonnage: En cas de calibrage correct<\/li>\n<li>Imperm\u00e9able \u00e0 l&#8217;eau: IP67<\/li>\n<li>Dimensions: 8.66&#8243; x 1.6&#8243; x 1.6&#8243;<\/li>\n<\/ul>\n","protected":false},"excerpt":{"rendered":"<p>La nouvelle version du compteur combo P160 Pro est munie d&#8217;un bo\u00eetier moderne et robuste. Le principal avantage de ce mod\u00e8le est son \u00e9talonnage analogique EC. Cela signifie que la solution d&#8217;\u00e9talonnage n&#8217;a pas besoin d&#8217;avoir une temp\u00e9rature de 25\u00baC exactement. Le compteur combo P160 Pro est id\u00e9al pour mesurer le pH, l&#8217;EC, le PPM, [&hellip;]<\/p>\n","protected":false},"featured_media":179,"template":"","meta":[],"product_brand":[],"product_cat":[32],"product_tag":[],"class_list":{"0":"post-178","1":"product","2":"type-product","3":"status-publish","4":"has-post-thumbnail","6":"product_cat-controle-de-leau","8":"first","9":"instock","10":"taxable","11":"shipping-taxable","12":"purchasable","13":"product-type-simple"},"yoast_head":"<!-- This site is optimized with the Yoast SEO plugin v27.4 - https:\/\/yoast.com\/product\/yoast-seo-wordpress\/ -->\n<title>Testeur pH\/EC\/PPM\/TDS\/Temp P160 Combo Aqua Master - Le Mara\u00eecher Moderne<\/title>\n<meta name=\"robots\" content=\"index, follow, max-snippet:-1, max-image-preview:large, max-video-preview:-1\" \/>\n<link rel=\"canonical\" href=\"https:\/\/lemaraichermoderne.com\/en\/produit\/testeur-ph-ec-ppm-tds-temp-p160-combo-aqua-master\/\" \/>\n<meta property=\"og:locale\" content=\"en_US\" \/>\n<meta property=\"og:type\" content=\"article\" \/>\n<meta property=\"og:title\" content=\"Testeur pH\/EC\/PPM\/TDS\/Temp P160 Combo Aqua Master - Le Mara\u00eecher Moderne\" \/>\n<meta property=\"og:description\" content=\"La nouvelle version du compteur combo P160 Pro est munie d&#8217;un bo\u00eetier moderne et robuste. Le principal avantage de ce mod\u00e8le est son \u00e9talonnage analogique EC. Cela signifie que la solution d&#8217;\u00e9talonnage n&#8217;a pas besoin d&#8217;avoir une temp\u00e9rature de 25\u00baC exactement. Le compteur combo P160 Pro est id\u00e9al pour mesurer le pH, l&#8217;EC, le PPM, [&hellip;]\" \/>\n<meta property=\"og:url\" content=\"https:\/\/lemaraichermoderne.com\/en\/produit\/testeur-ph-ec-ppm-tds-temp-p160-combo-aqua-master\/\" \/>\n<meta property=\"og:site_name\" content=\"Le Mara\u00eecher Moderne\" \/>\n<meta property=\"article:publisher\" content=\"https:\/\/www.facebook.com\/lemaraichermoderne\" \/>\n<meta property=\"article:modified_time\" content=\"2026-04-15T19:46:55+00:00\" \/>\n<meta property=\"og:image\" content=\"https:\/\/lemaraichermoderne.com\/wp-content\/uploads\/2023\/03\/aquamaster-p160-pro-combo-meter-06028000048-2.jpg\" \/>\n\t<meta property=\"og:image:width\" content=\"1200\" \/>\n\t<meta property=\"og:image:height\" content=\"800\" \/>\n\t<meta property=\"og:image:type\" content=\"image\/jpeg\" \/>\n<meta name=\"twitter:card\" content=\"summary_large_image\" \/>\n<meta name=\"twitter:label1\" content=\"Est. reading time\" \/>\n\t<meta name=\"twitter:data1\" content=\"3 minutes\" \/>\n<script type=\"application\/ld+json\" class=\"yoast-schema-graph\">{\"@context\":\"https:\\\/\\\/schema.org\",\"@graph\":[{\"@type\":\"WebPage\",\"@id\":\"https:\\\/\\\/lemaraichermoderne.com\\\/en\\\/produit\\\/testeur-ph-ec-ppm-tds-temp-p160-combo-aqua-master\\\/\",\"url\":\"https:\\\/\\\/lemaraichermoderne.com\\\/en\\\/produit\\\/testeur-ph-ec-ppm-tds-temp-p160-combo-aqua-master\\\/\",\"name\":\"Testeur pH\\\/EC\\\/PPM\\\/TDS\\\/Temp P160 Combo Aqua Master - Le Mara\u00eecher Moderne\",\"isPartOf\":{\"@id\":\"https:\\\/\\\/lemaraichermoderne.com\\\/en\\\/#website\"},\"primaryImageOfPage\":{\"@id\":\"https:\\\/\\\/lemaraichermoderne.com\\\/en\\\/produit\\\/testeur-ph-ec-ppm-tds-temp-p160-combo-aqua-master\\\/#primaryimage\"},\"image\":{\"@id\":\"https:\\\/\\\/lemaraichermoderne.com\\\/en\\\/produit\\\/testeur-ph-ec-ppm-tds-temp-p160-combo-aqua-master\\\/#primaryimage\"},\"thumbnailUrl\":\"https:\\\/\\\/lemaraichermoderne.com\\\/wp-content\\\/uploads\\\/2023\\\/03\\\/aquamaster-p160-pro-combo-meter-06028000048-2.jpg\",\"datePublished\":\"2023-03-19T14:11:58+00:00\",\"dateModified\":\"2026-04-15T19:46:55+00:00\",\"breadcrumb\":{\"@id\":\"https:\\\/\\\/lemaraichermoderne.com\\\/en\\\/produit\\\/testeur-ph-ec-ppm-tds-temp-p160-combo-aqua-master\\\/#breadcrumb\"},\"inLanguage\":\"en-US\",\"potentialAction\":[{\"@type\":\"ReadAction\",\"target\":[\"https:\\\/\\\/lemaraichermoderne.com\\\/en\\\/produit\\\/testeur-ph-ec-ppm-tds-temp-p160-combo-aqua-master\\\/\"]}]},{\"@type\":\"ImageObject\",\"inLanguage\":\"en-US\",\"@id\":\"https:\\\/\\\/lemaraichermoderne.com\\\/en\\\/produit\\\/testeur-ph-ec-ppm-tds-temp-p160-combo-aqua-master\\\/#primaryimage\",\"url\":\"https:\\\/\\\/lemaraichermoderne.com\\\/wp-content\\\/uploads\\\/2023\\\/03\\\/aquamaster-p160-pro-combo-meter-06028000048-2.jpg\",\"contentUrl\":\"https:\\\/\\\/lemaraichermoderne.com\\\/wp-content\\\/uploads\\\/2023\\\/03\\\/aquamaster-p160-pro-combo-meter-06028000048-2.jpg\",\"width\":1200,\"height\":800,\"caption\":\"Testeur pH\\\/EC\\\/PPM\\\/TDS\\\/Temp P160 Combo Aqua Master\"},{\"@type\":\"BreadcrumbList\",\"@id\":\"https:\\\/\\\/lemaraichermoderne.com\\\/en\\\/produit\\\/testeur-ph-ec-ppm-tds-temp-p160-combo-aqua-master\\\/#breadcrumb\",\"itemListElement\":[{\"@type\":\"ListItem\",\"position\":1,\"name\":\"Accueil\",\"item\":\"https:\\\/\\\/lemaraichermoderne.com\\\/en\\\/\"},{\"@type\":\"ListItem\",\"position\":2,\"name\":\"Boutique\",\"item\":\"https:\\\/\\\/lemaraichermoderne.com\\\/boutique\\\/\"},{\"@type\":\"ListItem\",\"position\":3,\"name\":\"Testeur pH\\\/EC\\\/PPM\\\/TDS\\\/Temp P160 Combo Aqua Master\"}]},{\"@type\":\"WebSite\",\"@id\":\"https:\\\/\\\/lemaraichermoderne.com\\\/en\\\/#website\",\"url\":\"https:\\\/\\\/lemaraichermoderne.com\\\/en\\\/\",\"name\":\"Le Mara\u00eecher Moderne\",\"description\":\"R\u00e9f\u00e9rence en hydroponie \u00e0 Qu\u00e9bec\",\"publisher\":{\"@id\":\"https:\\\/\\\/lemaraichermoderne.com\\\/en\\\/#organization\"},\"potentialAction\":[{\"@type\":\"SearchAction\",\"target\":{\"@type\":\"EntryPoint\",\"urlTemplate\":\"https:\\\/\\\/lemaraichermoderne.com\\\/en\\\/?s={search_term_string}\"},\"query-input\":{\"@type\":\"PropertyValueSpecification\",\"valueRequired\":true,\"valueName\":\"search_term_string\"}}],\"inLanguage\":\"en-US\"},{\"@type\":\"Organization\",\"@id\":\"https:\\\/\\\/lemaraichermoderne.com\\\/en\\\/#organization\",\"name\":\"Le Mara\u00eecher Moderne\",\"url\":\"https:\\\/\\\/lemaraichermoderne.com\\\/en\\\/\",\"logo\":{\"@type\":\"ImageObject\",\"inLanguage\":\"en-US\",\"@id\":\"https:\\\/\\\/lemaraichermoderne.com\\\/en\\\/#\\\/schema\\\/logo\\\/image\\\/\",\"url\":\"https:\\\/\\\/lemaraichermoderne.com\\\/wp-content\\\/uploads\\\/2023\\\/03\\\/logo_mm1.png\",\"contentUrl\":\"https:\\\/\\\/lemaraichermoderne.com\\\/wp-content\\\/uploads\\\/2023\\\/03\\\/logo_mm1.png\",\"width\":500,\"height\":222,\"caption\":\"Le Mara\u00eecher Moderne\"},\"image\":{\"@id\":\"https:\\\/\\\/lemaraichermoderne.com\\\/en\\\/#\\\/schema\\\/logo\\\/image\\\/\"},\"sameAs\":[\"https:\\\/\\\/www.facebook.com\\\/lemaraichermoderne\",\"https:\\\/\\\/www.instagram.com\\\/lemaraichermoderne\"]}]}<\/script>\n<!-- \/ Yoast SEO plugin. -->","yoast_head_json":{"title":"Testeur pH\/EC\/PPM\/TDS\/Temp P160 Combo Aqua Master - Le Mara\u00eecher Moderne","robots":{"index":"index","follow":"follow","max-snippet":"max-snippet:-1","max-image-preview":"max-image-preview:large","max-video-preview":"max-video-preview:-1"},"canonical":"https:\/\/lemaraichermoderne.com\/en\/produit\/testeur-ph-ec-ppm-tds-temp-p160-combo-aqua-master\/","og_locale":"en_US","og_type":"article","og_title":"Testeur pH\/EC\/PPM\/TDS\/Temp P160 Combo Aqua Master - Le Mara\u00eecher Moderne","og_description":"La nouvelle version du compteur combo P160 Pro est munie d&#8217;un bo\u00eetier moderne et robuste. Le principal avantage de ce mod\u00e8le est son \u00e9talonnage analogique EC. Cela signifie que la solution d&#8217;\u00e9talonnage n&#8217;a pas besoin d&#8217;avoir une temp\u00e9rature de 25\u00baC exactement. Le compteur combo P160 Pro est id\u00e9al pour mesurer le pH, l&#8217;EC, le PPM, [&hellip;]","og_url":"https:\/\/lemaraichermoderne.com\/en\/produit\/testeur-ph-ec-ppm-tds-temp-p160-combo-aqua-master\/","og_site_name":"Le Mara\u00eecher Moderne","article_publisher":"https:\/\/www.facebook.com\/lemaraichermoderne","article_modified_time":"2026-04-15T19:46:55+00:00","og_image":[{"width":1200,"height":800,"url":"https:\/\/lemaraichermoderne.com\/wp-content\/uploads\/2023\/03\/aquamaster-p160-pro-combo-meter-06028000048-2.jpg","type":"image\/jpeg"}],"twitter_card":"summary_large_image","twitter_misc":{"Est. reading time":"3 minutes"},"schema":{"@context":"https:\/\/schema.org","@graph":[{"@type":"WebPage","@id":"https:\/\/lemaraichermoderne.com\/en\/produit\/testeur-ph-ec-ppm-tds-temp-p160-combo-aqua-master\/","url":"https:\/\/lemaraichermoderne.com\/en\/produit\/testeur-ph-ec-ppm-tds-temp-p160-combo-aqua-master\/","name":"Testeur pH\/EC\/PPM\/TDS\/Temp P160 Combo Aqua Master - Le Mara\u00eecher Moderne","isPartOf":{"@id":"https:\/\/lemaraichermoderne.com\/en\/#website"},"primaryImageOfPage":{"@id":"https:\/\/lemaraichermoderne.com\/en\/produit\/testeur-ph-ec-ppm-tds-temp-p160-combo-aqua-master\/#primaryimage"},"image":{"@id":"https:\/\/lemaraichermoderne.com\/en\/produit\/testeur-ph-ec-ppm-tds-temp-p160-combo-aqua-master\/#primaryimage"},"thumbnailUrl":"https:\/\/lemaraichermoderne.com\/wp-content\/uploads\/2023\/03\/aquamaster-p160-pro-combo-meter-06028000048-2.jpg","datePublished":"2023-03-19T14:11:58+00:00","dateModified":"2026-04-15T19:46:55+00:00","breadcrumb":{"@id":"https:\/\/lemaraichermoderne.com\/en\/produit\/testeur-ph-ec-ppm-tds-temp-p160-combo-aqua-master\/#breadcrumb"},"inLanguage":"en-US","potentialAction":[{"@type":"ReadAction","target":["https:\/\/lemaraichermoderne.com\/en\/produit\/testeur-ph-ec-ppm-tds-temp-p160-combo-aqua-master\/"]}]},{"@type":"ImageObject","inLanguage":"en-US","@id":"https:\/\/lemaraichermoderne.com\/en\/produit\/testeur-ph-ec-ppm-tds-temp-p160-combo-aqua-master\/#primaryimage","url":"https:\/\/lemaraichermoderne.com\/wp-content\/uploads\/2023\/03\/aquamaster-p160-pro-combo-meter-06028000048-2.jpg","contentUrl":"https:\/\/lemaraichermoderne.com\/wp-content\/uploads\/2023\/03\/aquamaster-p160-pro-combo-meter-06028000048-2.jpg","width":1200,"height":800,"caption":"Testeur pH\/EC\/PPM\/TDS\/Temp P160 Combo Aqua Master"},{"@type":"BreadcrumbList","@id":"https:\/\/lemaraichermoderne.com\/en\/produit\/testeur-ph-ec-ppm-tds-temp-p160-combo-aqua-master\/#breadcrumb","itemListElement":[{"@type":"ListItem","position":1,"name":"Accueil","item":"https:\/\/lemaraichermoderne.com\/en\/"},{"@type":"ListItem","position":2,"name":"Boutique","item":"https:\/\/lemaraichermoderne.com\/boutique\/"},{"@type":"ListItem","position":3,"name":"Testeur pH\/EC\/PPM\/TDS\/Temp P160 Combo Aqua Master"}]},{"@type":"WebSite","@id":"https:\/\/lemaraichermoderne.com\/en\/#website","url":"https:\/\/lemaraichermoderne.com\/en\/","name":"Le Mara\u00eecher Moderne","description":"R\u00e9f\u00e9rence en hydroponie \u00e0 Qu\u00e9bec","publisher":{"@id":"https:\/\/lemaraichermoderne.com\/en\/#organization"},"potentialAction":[{"@type":"SearchAction","target":{"@type":"EntryPoint","urlTemplate":"https:\/\/lemaraichermoderne.com\/en\/?s={search_term_string}"},"query-input":{"@type":"PropertyValueSpecification","valueRequired":true,"valueName":"search_term_string"}}],"inLanguage":"en-US"},{"@type":"Organization","@id":"https:\/\/lemaraichermoderne.com\/en\/#organization","name":"Le Mara\u00eecher Moderne","url":"https:\/\/lemaraichermoderne.com\/en\/","logo":{"@type":"ImageObject","inLanguage":"en-US","@id":"https:\/\/lemaraichermoderne.com\/en\/#\/schema\/logo\/image\/","url":"https:\/\/lemaraichermoderne.com\/wp-content\/uploads\/2023\/03\/logo_mm1.png","contentUrl":"https:\/\/lemaraichermoderne.com\/wp-content\/uploads\/2023\/03\/logo_mm1.png","width":500,"height":222,"caption":"Le Mara\u00eecher Moderne"},"image":{"@id":"https:\/\/lemaraichermoderne.com\/en\/#\/schema\/logo\/image\/"},"sameAs":["https:\/\/www.facebook.com\/lemaraichermoderne","https:\/\/www.instagram.com\/lemaraichermoderne"]}]}},"_links":{"self":[{"href":"https:\/\/lemaraichermoderne.com\/en\/wp-json\/wp\/v2\/product\/178","targetHints":{"allow":["GET"]}}],"collection":[{"href":"https:\/\/lemaraichermoderne.com\/en\/wp-json\/wp\/v2\/product"}],"about":[{"href":"https:\/\/lemaraichermoderne.com\/en\/wp-json\/wp\/v2\/types\/product"}],"wp:featuredmedia":[{"embeddable":true,"href":"https:\/\/lemaraichermoderne.com\/en\/wp-json\/wp\/v2\/media\/179"}],"wp:attachment":[{"href":"https:\/\/lemaraichermoderne.com\/en\/wp-json\/wp\/v2\/media?parent=178"}],"wp:term":[{"taxonomy":"product_brand","embeddable":true,"href":"https:\/\/lemaraichermoderne.com\/en\/wp-json\/wp\/v2\/product_brand?post=178"},{"taxonomy":"product_cat","embeddable":true,"href":"https:\/\/lemaraichermoderne.com\/en\/wp-json\/wp\/v2\/product_cat?post=178"},{"taxonomy":"product_tag","embeddable":true,"href":"https:\/\/lemaraichermoderne.com\/en\/wp-json\/wp\/v2\/product_tag?post=178"}],"curies":[{"name":"wp","href":"https:\/\/api.w.org\/{rel}","templated":true}]}}