{"id":181,"date":"2023-03-19T15:21:03","date_gmt":"2023-03-19T14:21:03","guid":{"rendered":"https:\/\/conceptwebactiv.com\/dev\/lemaraichermoderne\/?post_type=product&#038;p=181"},"modified":"2026-02-25T14:01:33","modified_gmt":"2026-02-25T19:01:33","slug":"minuterie-mecanique-120v-2-sorties-max-15a","status":"publish","type":"product","link":"https:\/\/lemaraichermoderne.com\/en\/produit\/minuterie-mecanique-120v-2-sorties-max-15a\/","title":{"rendered":"TimeMaster Minuterie m\u00e9canique"},"content":{"rendered":"<p>Minuterie m\u00e9canique \u00e0 double prise permettant de contr\u00f4ler 2 appareils avec une seule minuterie. Comprend un commutateur de neutralisation ON et peut \u00eatre r\u00e9gl\u00e9 pour des intervalles de 15 minutes. Le programme se r\u00e9p\u00e8te quotidiennement. Pour utilisation \u00e0 l&#8217;int\u00e9rieur seulement.<\/p>\n<p>Sp\u00e9cialement con\u00e7u pour :<\/p>\n<ul>\n<li>\u00e9clairage aux halog\u00e9nures m\u00e9talliques<\/li>\n<li>\u00e9clairage haute pression au sodium<\/li>\n<li>Ventilateur<\/li>\n<li>Pompe hydroponique<\/li>\n<li>Air climatis\u00e9<\/li>\n<li>Fonction &#8220;ON&#8221; et &#8220;OFF&#8221; et mise \u00e0 la terre nord am\u00e9ricaine<\/li>\n<\/ul>\n<p>Sp\u00e9cifications<\/p>\n<ul>\n<li>Activation et fermeture automatique ON\/OFF<\/li>\n<li>Commutateur de neutralisation ON<\/li>\n<li>Programmation se r\u00e9p\u00e8te quotidiennement<\/li>\n<li>2 prises mises \u00e0 la terre<\/li>\n<li>Voltage: 125<\/li>\n<li>Amps: 15<\/li>\n<li>Fr\u00e9quence: 60Hz<\/li>\n<li>Watts: 1875W<\/li>\n<li>Dimensions: 11.2 x 6.6 x 16cm<\/li>\n<\/ul>\n","protected":false},"excerpt":{"rendered":"<p>Minuterie m\u00e9canique \u00e0 double prise permettant de contr\u00f4ler 2 appareils avec une seule minuterie. Comprend un commutateur de neutralisation ON et peut \u00eatre r\u00e9gl\u00e9 pour des intervalles de 15 minutes. Le programme se r\u00e9p\u00e8te quotidiennement. Pour utilisation \u00e0 l&#8217;int\u00e9rieur seulement. Sp\u00e9cialement con\u00e7u pour : \u00e9clairage aux halog\u00e9nures m\u00e9talliques \u00e9clairage haute pression au sodium Ventilateur Pompe [&hellip;]<\/p>\n","protected":false},"featured_media":182,"template":"","meta":[],"product_brand":[],"product_cat":[55],"product_tag":[],"class_list":{"0":"post-181","1":"product","2":"type-product","3":"status-publish","4":"has-post-thumbnail","6":"product_cat-accessoires-en","8":"first","9":"instock","10":"taxable","11":"shipping-taxable","12":"purchasable","13":"product-type-simple"},"yoast_head":"<!-- This site is optimized with the Yoast SEO plugin v27.5 - https:\/\/yoast.com\/product\/yoast-seo-wordpress\/ -->\n<title>TimeMaster Minuterie m\u00e9canique - Le Mara\u00eecher Moderne<\/title>\n<meta name=\"robots\" content=\"index, follow, max-snippet:-1, max-image-preview:large, max-video-preview:-1\" \/>\n<link rel=\"canonical\" href=\"https:\/\/lemaraichermoderne.com\/en\/produit\/minuterie-mecanique-120v-2-sorties-max-15a\/\" \/>\n<meta property=\"og:locale\" content=\"en_US\" \/>\n<meta property=\"og:type\" content=\"article\" \/>\n<meta property=\"og:title\" content=\"TimeMaster Minuterie m\u00e9canique - Le Mara\u00eecher Moderne\" \/>\n<meta property=\"og:description\" content=\"Minuterie m\u00e9canique \u00e0 double prise permettant de contr\u00f4ler 2 appareils avec une seule minuterie. Comprend un commutateur de neutralisation ON et peut \u00eatre r\u00e9gl\u00e9 pour des intervalles de 15 minutes. Le programme se r\u00e9p\u00e8te quotidiennement. Pour utilisation \u00e0 l&#8217;int\u00e9rieur seulement. Sp\u00e9cialement con\u00e7u pour : \u00e9clairage aux halog\u00e9nures m\u00e9talliques \u00e9clairage haute pression au sodium Ventilateur Pompe [&hellip;]\" \/>\n<meta property=\"og:url\" content=\"https:\/\/lemaraichermoderne.com\/en\/produit\/minuterie-mecanique-120v-2-sorties-max-15a\/\" \/>\n<meta property=\"og:site_name\" content=\"Le Mara\u00eecher Moderne\" \/>\n<meta property=\"article:publisher\" content=\"https:\/\/www.facebook.com\/lemaraichermoderne\" \/>\n<meta property=\"article:modified_time\" content=\"2026-02-25T19:01:33+00:00\" \/>\n<meta property=\"og:image\" content=\"https:\/\/lemaraichermoderne.com\/wp-content\/uploads\/2023\/03\/timemaster-120v-mechanical-timer-05021500002.jpg\" \/>\n\t<meta property=\"og:image:width\" content=\"1200\" \/>\n\t<meta property=\"og:image:height\" content=\"800\" \/>\n\t<meta property=\"og:image:type\" content=\"image\/jpeg\" \/>\n<meta name=\"twitter:card\" content=\"summary_large_image\" \/>\n<meta name=\"twitter:label1\" content=\"Est. reading time\" \/>\n\t<meta name=\"twitter:data1\" content=\"1 minute\" \/>\n<script type=\"application\/ld+json\" class=\"yoast-schema-graph\">{\"@context\":\"https:\\\/\\\/schema.org\",\"@graph\":[{\"@type\":\"WebPage\",\"@id\":\"https:\\\/\\\/lemaraichermoderne.com\\\/en\\\/produit\\\/minuterie-mecanique-120v-2-sorties-max-15a\\\/\",\"url\":\"https:\\\/\\\/lemaraichermoderne.com\\\/en\\\/produit\\\/minuterie-mecanique-120v-2-sorties-max-15a\\\/\",\"name\":\"TimeMaster Minuterie m\u00e9canique - Le Mara\u00eecher Moderne\",\"isPartOf\":{\"@id\":\"https:\\\/\\\/lemaraichermoderne.com\\\/en\\\/#website\"},\"primaryImageOfPage\":{\"@id\":\"https:\\\/\\\/lemaraichermoderne.com\\\/en\\\/produit\\\/minuterie-mecanique-120v-2-sorties-max-15a\\\/#primaryimage\"},\"image\":{\"@id\":\"https:\\\/\\\/lemaraichermoderne.com\\\/en\\\/produit\\\/minuterie-mecanique-120v-2-sorties-max-15a\\\/#primaryimage\"},\"thumbnailUrl\":\"https:\\\/\\\/lemaraichermoderne.com\\\/wp-content\\\/uploads\\\/2023\\\/03\\\/timemaster-120v-mechanical-timer-05021500002.jpg\",\"datePublished\":\"2023-03-19T14:21:03+00:00\",\"dateModified\":\"2026-02-25T19:01:33+00:00\",\"breadcrumb\":{\"@id\":\"https:\\\/\\\/lemaraichermoderne.com\\\/en\\\/produit\\\/minuterie-mecanique-120v-2-sorties-max-15a\\\/#breadcrumb\"},\"inLanguage\":\"en-US\",\"potentialAction\":[{\"@type\":\"ReadAction\",\"target\":[\"https:\\\/\\\/lemaraichermoderne.com\\\/en\\\/produit\\\/minuterie-mecanique-120v-2-sorties-max-15a\\\/\"]}]},{\"@type\":\"ImageObject\",\"inLanguage\":\"en-US\",\"@id\":\"https:\\\/\\\/lemaraichermoderne.com\\\/en\\\/produit\\\/minuterie-mecanique-120v-2-sorties-max-15a\\\/#primaryimage\",\"url\":\"https:\\\/\\\/lemaraichermoderne.com\\\/wp-content\\\/uploads\\\/2023\\\/03\\\/timemaster-120v-mechanical-timer-05021500002.jpg\",\"contentUrl\":\"https:\\\/\\\/lemaraichermoderne.com\\\/wp-content\\\/uploads\\\/2023\\\/03\\\/timemaster-120v-mechanical-timer-05021500002.jpg\",\"width\":1200,\"height\":800,\"caption\":\"Minuterie m\u00e9canique 120V 2 sorties Max 15A\"},{\"@type\":\"BreadcrumbList\",\"@id\":\"https:\\\/\\\/lemaraichermoderne.com\\\/en\\\/produit\\\/minuterie-mecanique-120v-2-sorties-max-15a\\\/#breadcrumb\",\"itemListElement\":[{\"@type\":\"ListItem\",\"position\":1,\"name\":\"Accueil\",\"item\":\"https:\\\/\\\/lemaraichermoderne.com\\\/en\\\/\"},{\"@type\":\"ListItem\",\"position\":2,\"name\":\"Boutique\",\"item\":\"https:\\\/\\\/lemaraichermoderne.com\\\/boutique\\\/\"},{\"@type\":\"ListItem\",\"position\":3,\"name\":\"TimeMaster Minuterie m\u00e9canique\"}]},{\"@type\":\"WebSite\",\"@id\":\"https:\\\/\\\/lemaraichermoderne.com\\\/en\\\/#website\",\"url\":\"https:\\\/\\\/lemaraichermoderne.com\\\/en\\\/\",\"name\":\"Le Mara\u00eecher Moderne\",\"description\":\"R\u00e9f\u00e9rence en hydroponie \u00e0 Qu\u00e9bec\",\"publisher\":{\"@id\":\"https:\\\/\\\/lemaraichermoderne.com\\\/en\\\/#organization\"},\"potentialAction\":[{\"@type\":\"SearchAction\",\"target\":{\"@type\":\"EntryPoint\",\"urlTemplate\":\"https:\\\/\\\/lemaraichermoderne.com\\\/en\\\/?s={search_term_string}\"},\"query-input\":{\"@type\":\"PropertyValueSpecification\",\"valueRequired\":true,\"valueName\":\"search_term_string\"}}],\"inLanguage\":\"en-US\"},{\"@type\":\"Organization\",\"@id\":\"https:\\\/\\\/lemaraichermoderne.com\\\/en\\\/#organization\",\"name\":\"Le Mara\u00eecher Moderne\",\"url\":\"https:\\\/\\\/lemaraichermoderne.com\\\/en\\\/\",\"logo\":{\"@type\":\"ImageObject\",\"inLanguage\":\"en-US\",\"@id\":\"https:\\\/\\\/lemaraichermoderne.com\\\/en\\\/#\\\/schema\\\/logo\\\/image\\\/\",\"url\":\"https:\\\/\\\/lemaraichermoderne.com\\\/wp-content\\\/uploads\\\/2023\\\/03\\\/logo_mm1.png\",\"contentUrl\":\"https:\\\/\\\/lemaraichermoderne.com\\\/wp-content\\\/uploads\\\/2023\\\/03\\\/logo_mm1.png\",\"width\":500,\"height\":222,\"caption\":\"Le Mara\u00eecher Moderne\"},\"image\":{\"@id\":\"https:\\\/\\\/lemaraichermoderne.com\\\/en\\\/#\\\/schema\\\/logo\\\/image\\\/\"},\"sameAs\":[\"https:\\\/\\\/www.facebook.com\\\/lemaraichermoderne\",\"https:\\\/\\\/www.instagram.com\\\/lemaraichermoderne\"]}]}<\/script>\n<!-- \/ Yoast SEO plugin. -->","yoast_head_json":{"title":"TimeMaster Minuterie m\u00e9canique - Le Mara\u00eecher Moderne","robots":{"index":"index","follow":"follow","max-snippet":"max-snippet:-1","max-image-preview":"max-image-preview:large","max-video-preview":"max-video-preview:-1"},"canonical":"https:\/\/lemaraichermoderne.com\/en\/produit\/minuterie-mecanique-120v-2-sorties-max-15a\/","og_locale":"en_US","og_type":"article","og_title":"TimeMaster Minuterie m\u00e9canique - Le Mara\u00eecher Moderne","og_description":"Minuterie m\u00e9canique \u00e0 double prise permettant de contr\u00f4ler 2 appareils avec une seule minuterie. Comprend un commutateur de neutralisation ON et peut \u00eatre r\u00e9gl\u00e9 pour des intervalles de 15 minutes. Le programme se r\u00e9p\u00e8te quotidiennement. Pour utilisation \u00e0 l&#8217;int\u00e9rieur seulement. Sp\u00e9cialement con\u00e7u pour : \u00e9clairage aux halog\u00e9nures m\u00e9talliques \u00e9clairage haute pression au sodium Ventilateur Pompe [&hellip;]","og_url":"https:\/\/lemaraichermoderne.com\/en\/produit\/minuterie-mecanique-120v-2-sorties-max-15a\/","og_site_name":"Le Mara\u00eecher Moderne","article_publisher":"https:\/\/www.facebook.com\/lemaraichermoderne","article_modified_time":"2026-02-25T19:01:33+00:00","og_image":[{"width":1200,"height":800,"url":"https:\/\/lemaraichermoderne.com\/wp-content\/uploads\/2023\/03\/timemaster-120v-mechanical-timer-05021500002.jpg","type":"image\/jpeg"}],"twitter_card":"summary_large_image","twitter_misc":{"Est. reading time":"1 minute"},"schema":{"@context":"https:\/\/schema.org","@graph":[{"@type":"WebPage","@id":"https:\/\/lemaraichermoderne.com\/en\/produit\/minuterie-mecanique-120v-2-sorties-max-15a\/","url":"https:\/\/lemaraichermoderne.com\/en\/produit\/minuterie-mecanique-120v-2-sorties-max-15a\/","name":"TimeMaster Minuterie m\u00e9canique - Le Mara\u00eecher Moderne","isPartOf":{"@id":"https:\/\/lemaraichermoderne.com\/en\/#website"},"primaryImageOfPage":{"@id":"https:\/\/lemaraichermoderne.com\/en\/produit\/minuterie-mecanique-120v-2-sorties-max-15a\/#primaryimage"},"image":{"@id":"https:\/\/lemaraichermoderne.com\/en\/produit\/minuterie-mecanique-120v-2-sorties-max-15a\/#primaryimage"},"thumbnailUrl":"https:\/\/lemaraichermoderne.com\/wp-content\/uploads\/2023\/03\/timemaster-120v-mechanical-timer-05021500002.jpg","datePublished":"2023-03-19T14:21:03+00:00","dateModified":"2026-02-25T19:01:33+00:00","breadcrumb":{"@id":"https:\/\/lemaraichermoderne.com\/en\/produit\/minuterie-mecanique-120v-2-sorties-max-15a\/#breadcrumb"},"inLanguage":"en-US","potentialAction":[{"@type":"ReadAction","target":["https:\/\/lemaraichermoderne.com\/en\/produit\/minuterie-mecanique-120v-2-sorties-max-15a\/"]}]},{"@type":"ImageObject","inLanguage":"en-US","@id":"https:\/\/lemaraichermoderne.com\/en\/produit\/minuterie-mecanique-120v-2-sorties-max-15a\/#primaryimage","url":"https:\/\/lemaraichermoderne.com\/wp-content\/uploads\/2023\/03\/timemaster-120v-mechanical-timer-05021500002.jpg","contentUrl":"https:\/\/lemaraichermoderne.com\/wp-content\/uploads\/2023\/03\/timemaster-120v-mechanical-timer-05021500002.jpg","width":1200,"height":800,"caption":"Minuterie m\u00e9canique 120V 2 sorties Max 15A"},{"@type":"BreadcrumbList","@id":"https:\/\/lemaraichermoderne.com\/en\/produit\/minuterie-mecanique-120v-2-sorties-max-15a\/#breadcrumb","itemListElement":[{"@type":"ListItem","position":1,"name":"Accueil","item":"https:\/\/lemaraichermoderne.com\/en\/"},{"@type":"ListItem","position":2,"name":"Boutique","item":"https:\/\/lemaraichermoderne.com\/boutique\/"},{"@type":"ListItem","position":3,"name":"TimeMaster Minuterie m\u00e9canique"}]},{"@type":"WebSite","@id":"https:\/\/lemaraichermoderne.com\/en\/#website","url":"https:\/\/lemaraichermoderne.com\/en\/","name":"Le Mara\u00eecher Moderne","description":"R\u00e9f\u00e9rence en hydroponie \u00e0 Qu\u00e9bec","publisher":{"@id":"https:\/\/lemaraichermoderne.com\/en\/#organization"},"potentialAction":[{"@type":"SearchAction","target":{"@type":"EntryPoint","urlTemplate":"https:\/\/lemaraichermoderne.com\/en\/?s={search_term_string}"},"query-input":{"@type":"PropertyValueSpecification","valueRequired":true,"valueName":"search_term_string"}}],"inLanguage":"en-US"},{"@type":"Organization","@id":"https:\/\/lemaraichermoderne.com\/en\/#organization","name":"Le Mara\u00eecher Moderne","url":"https:\/\/lemaraichermoderne.com\/en\/","logo":{"@type":"ImageObject","inLanguage":"en-US","@id":"https:\/\/lemaraichermoderne.com\/en\/#\/schema\/logo\/image\/","url":"https:\/\/lemaraichermoderne.com\/wp-content\/uploads\/2023\/03\/logo_mm1.png","contentUrl":"https:\/\/lemaraichermoderne.com\/wp-content\/uploads\/2023\/03\/logo_mm1.png","width":500,"height":222,"caption":"Le Mara\u00eecher Moderne"},"image":{"@id":"https:\/\/lemaraichermoderne.com\/en\/#\/schema\/logo\/image\/"},"sameAs":["https:\/\/www.facebook.com\/lemaraichermoderne","https:\/\/www.instagram.com\/lemaraichermoderne"]}]}},"_links":{"self":[{"href":"https:\/\/lemaraichermoderne.com\/en\/wp-json\/wp\/v2\/product\/181","targetHints":{"allow":["GET"]}}],"collection":[{"href":"https:\/\/lemaraichermoderne.com\/en\/wp-json\/wp\/v2\/product"}],"about":[{"href":"https:\/\/lemaraichermoderne.com\/en\/wp-json\/wp\/v2\/types\/product"}],"wp:featuredmedia":[{"embeddable":true,"href":"https:\/\/lemaraichermoderne.com\/en\/wp-json\/wp\/v2\/media\/182"}],"wp:attachment":[{"href":"https:\/\/lemaraichermoderne.com\/en\/wp-json\/wp\/v2\/media?parent=181"}],"wp:term":[{"taxonomy":"product_brand","embeddable":true,"href":"https:\/\/lemaraichermoderne.com\/en\/wp-json\/wp\/v2\/product_brand?post=181"},{"taxonomy":"product_cat","embeddable":true,"href":"https:\/\/lemaraichermoderne.com\/en\/wp-json\/wp\/v2\/product_cat?post=181"},{"taxonomy":"product_tag","embeddable":true,"href":"https:\/\/lemaraichermoderne.com\/en\/wp-json\/wp\/v2\/product_tag?post=181"}],"curies":[{"name":"wp","href":"https:\/\/api.w.org\/{rel}","templated":true}]}}