{"id":1865,"date":"2023-11-23T13:22:39","date_gmt":"2023-11-23T18:22:39","guid":{"rendered":"https:\/\/lemaraichermoderne.com\/?post_type=product&#038;p=1865"},"modified":"2025-09-19T12:10:27","modified_gmt":"2025-09-19T16:10:27","slug":"bioprotec-fongicide-bact-tomates-jardins-500ml","status":"publish","type":"product","link":"https:\/\/lemaraichermoderne.com\/en\/produit\/bioprotec-fongicide-bact-tomates-jardins-500ml\/","title":{"rendered":"Bioprotec fongicide &amp; bact tomates&amp; jardins 500ml"},"content":{"rendered":"<div class=\"page-header\">\n<h2>Fini le blanc dans votre potager !<\/h2>\n<\/div>\n<div>\n<p align=\"justify\">&#8211; Le chancre bact\u00e9rien sur les <b>tomates<\/b><br \/>\n&#8211; Le blanc et le mildiou sur les <b>concombres<\/b><br \/>\n&#8211; Le mildiou dans la <b>vigne (raisin)<\/b><br \/>\n&#8211; Le blanc sur les <b>courges et citrouilles<\/b><br \/>\n-Le blanc et la tache angulaire sur la <b>fraise<\/b><\/p>\n<p align=\"justify\">&#8211; Approuv\u00e9 pour <b>l\u2019agriculture biologique<\/b><br \/>\n&#8211; Formulation liquide disponible en 2 formats facile \u00e0 utiliser:<br \/>\n500 mL et 1L<b> concentr\u00e9<\/b> et 1L <b>pr\u00eat \u00e0 l\u2019emploi<\/b><br \/>\n&#8211; Compos\u00e9 <b>d\u2019acide citrique<\/b> et <b>d\u2019acide lactique<\/b><br \/>\n&#8211; Fait au Canada<\/p>\n<p>Peut \u00eatre appliqu\u00e9 avant ou d\u00e8s l\u2019apparition des sympt\u00f4mes de la maladie cibl\u00e9e, aucun effet ind\u00e9sirable attendu contre les insectes b\u00e9n\u00e9fiques et les pollinisateurs lorsque utilis\u00e9 selon les directives de l\u2019\u00e9tiquette.<\/p>\n<h2>Comment utiliser ce fongicide ?<\/h2>\n<p align=\"justify\"><b>Formulation concentr\u00e9e:<\/b><br \/>\nSelon l\u2019intensit\u00e9 de l\u2019infection, appliquer entre 15-25 ml de concentr\u00e9 par 1L d\u2019eau. Appliquer directement sur le feuillage jusqu\u2019au point de ruissellement.<br \/>\n<b>Formulation pr\u00eat \u00e0 l\u2019emploi:<\/b> Appliquer directement sur le feuillage jusqu\u2019au point de ruissellement.<br \/>\n<b>R\u00e9p\u00e9ter tous les 5-7 jours.<\/b><\/p>\n<\/div>\n","protected":false},"excerpt":{"rendered":"<p>Fini le blanc dans votre potager ! &#8211; Le chancre bact\u00e9rien sur les tomates &#8211; Le blanc et le mildiou sur les concombres &#8211; Le mildiou dans la vigne (raisin) &#8211; Le blanc sur les courges et citrouilles -Le blanc et la tache angulaire sur la fraise &#8211; Approuv\u00e9 pour l\u2019agriculture biologique &#8211; Formulation liquide [&hellip;]<\/p>\n","protected":false},"featured_media":1867,"template":"","meta":[],"product_brand":[],"product_cat":[25],"product_tag":[],"class_list":{"0":"post-1865","1":"product","2":"type-product","3":"status-publish","4":"has-post-thumbnail","6":"product_cat-controle-antiparasitaire","8":"first","9":"instock","10":"taxable","11":"shipping-taxable","12":"purchasable","13":"product-type-simple"},"yoast_head":"<!-- This site is optimized with the Yoast SEO plugin v27.5 - https:\/\/yoast.com\/product\/yoast-seo-wordpress\/ -->\n<title>Bioprotec fongicide &amp; bact tomates&amp; jardins 500ml - Le Mara\u00eecher Moderne<\/title>\n<meta name=\"robots\" content=\"index, follow, max-snippet:-1, max-image-preview:large, max-video-preview:-1\" \/>\n<link rel=\"canonical\" href=\"https:\/\/lemaraichermoderne.com\/en\/produit\/bioprotec-fongicide-bact-tomates-jardins-500ml\/\" \/>\n<meta property=\"og:locale\" content=\"en_US\" \/>\n<meta property=\"og:type\" content=\"article\" \/>\n<meta property=\"og:title\" content=\"Bioprotec fongicide &amp; bact tomates&amp; jardins 500ml - Le Mara\u00eecher Moderne\" \/>\n<meta property=\"og:description\" content=\"Fini le blanc dans votre potager ! &#8211; Le chancre bact\u00e9rien sur les tomates &#8211; Le blanc et le mildiou sur les concombres &#8211; Le mildiou dans la vigne (raisin) &#8211; Le blanc sur les courges et citrouilles -Le blanc et la tache angulaire sur la fraise &#8211; Approuv\u00e9 pour l\u2019agriculture biologique &#8211; Formulation liquide [&hellip;]\" \/>\n<meta property=\"og:url\" content=\"https:\/\/lemaraichermoderne.com\/en\/produit\/bioprotec-fongicide-bact-tomates-jardins-500ml\/\" \/>\n<meta property=\"og:site_name\" content=\"Le Mara\u00eecher Moderne\" \/>\n<meta property=\"article:publisher\" content=\"https:\/\/www.facebook.com\/lemaraichermoderne\" \/>\n<meta property=\"article:modified_time\" content=\"2025-09-19T16:10:27+00:00\" \/>\n<meta property=\"og:image\" content=\"https:\/\/lemaraichermoderne.com\/wp-content\/uploads\/2023\/11\/500ml.jpg\" \/>\n\t<meta property=\"og:image:width\" content=\"1200\" \/>\n\t<meta property=\"og:image:height\" content=\"800\" \/>\n\t<meta property=\"og:image:type\" content=\"image\/jpeg\" \/>\n<meta name=\"twitter:card\" content=\"summary_large_image\" \/>\n<meta name=\"twitter:label1\" content=\"Est. reading time\" \/>\n\t<meta name=\"twitter:data1\" content=\"1 minute\" \/>\n<script type=\"application\/ld+json\" class=\"yoast-schema-graph\">{\"@context\":\"https:\\\/\\\/schema.org\",\"@graph\":[{\"@type\":\"WebPage\",\"@id\":\"https:\\\/\\\/lemaraichermoderne.com\\\/en\\\/produit\\\/bioprotec-fongicide-bact-tomates-jardins-500ml\\\/\",\"url\":\"https:\\\/\\\/lemaraichermoderne.com\\\/en\\\/produit\\\/bioprotec-fongicide-bact-tomates-jardins-500ml\\\/\",\"name\":\"Bioprotec fongicide &amp; bact tomates&amp; jardins 500ml - Le Mara\u00eecher Moderne\",\"isPartOf\":{\"@id\":\"https:\\\/\\\/lemaraichermoderne.com\\\/en\\\/#website\"},\"primaryImageOfPage\":{\"@id\":\"https:\\\/\\\/lemaraichermoderne.com\\\/en\\\/produit\\\/bioprotec-fongicide-bact-tomates-jardins-500ml\\\/#primaryimage\"},\"image\":{\"@id\":\"https:\\\/\\\/lemaraichermoderne.com\\\/en\\\/produit\\\/bioprotec-fongicide-bact-tomates-jardins-500ml\\\/#primaryimage\"},\"thumbnailUrl\":\"https:\\\/\\\/lemaraichermoderne.com\\\/wp-content\\\/uploads\\\/2023\\\/11\\\/500ml.jpg\",\"datePublished\":\"2023-11-23T18:22:39+00:00\",\"dateModified\":\"2025-09-19T16:10:27+00:00\",\"breadcrumb\":{\"@id\":\"https:\\\/\\\/lemaraichermoderne.com\\\/en\\\/produit\\\/bioprotec-fongicide-bact-tomates-jardins-500ml\\\/#breadcrumb\"},\"inLanguage\":\"en-US\",\"potentialAction\":[{\"@type\":\"ReadAction\",\"target\":[\"https:\\\/\\\/lemaraichermoderne.com\\\/en\\\/produit\\\/bioprotec-fongicide-bact-tomates-jardins-500ml\\\/\"]}]},{\"@type\":\"ImageObject\",\"inLanguage\":\"en-US\",\"@id\":\"https:\\\/\\\/lemaraichermoderne.com\\\/en\\\/produit\\\/bioprotec-fongicide-bact-tomates-jardins-500ml\\\/#primaryimage\",\"url\":\"https:\\\/\\\/lemaraichermoderne.com\\\/wp-content\\\/uploads\\\/2023\\\/11\\\/500ml.jpg\",\"contentUrl\":\"https:\\\/\\\/lemaraichermoderne.com\\\/wp-content\\\/uploads\\\/2023\\\/11\\\/500ml.jpg\",\"width\":1200,\"height\":800},{\"@type\":\"BreadcrumbList\",\"@id\":\"https:\\\/\\\/lemaraichermoderne.com\\\/en\\\/produit\\\/bioprotec-fongicide-bact-tomates-jardins-500ml\\\/#breadcrumb\",\"itemListElement\":[{\"@type\":\"ListItem\",\"position\":1,\"name\":\"Accueil\",\"item\":\"https:\\\/\\\/lemaraichermoderne.com\\\/en\\\/\"},{\"@type\":\"ListItem\",\"position\":2,\"name\":\"Boutique\",\"item\":\"https:\\\/\\\/lemaraichermoderne.com\\\/boutique\\\/\"},{\"@type\":\"ListItem\",\"position\":3,\"name\":\"Bioprotec fongicide &amp; bact tomates&amp; jardins 500ml\"}]},{\"@type\":\"WebSite\",\"@id\":\"https:\\\/\\\/lemaraichermoderne.com\\\/en\\\/#website\",\"url\":\"https:\\\/\\\/lemaraichermoderne.com\\\/en\\\/\",\"name\":\"Le Mara\u00eecher Moderne\",\"description\":\"R\u00e9f\u00e9rence en hydroponie \u00e0 Qu\u00e9bec\",\"publisher\":{\"@id\":\"https:\\\/\\\/lemaraichermoderne.com\\\/en\\\/#organization\"},\"potentialAction\":[{\"@type\":\"SearchAction\",\"target\":{\"@type\":\"EntryPoint\",\"urlTemplate\":\"https:\\\/\\\/lemaraichermoderne.com\\\/en\\\/?s={search_term_string}\"},\"query-input\":{\"@type\":\"PropertyValueSpecification\",\"valueRequired\":true,\"valueName\":\"search_term_string\"}}],\"inLanguage\":\"en-US\"},{\"@type\":\"Organization\",\"@id\":\"https:\\\/\\\/lemaraichermoderne.com\\\/en\\\/#organization\",\"name\":\"Le Mara\u00eecher Moderne\",\"url\":\"https:\\\/\\\/lemaraichermoderne.com\\\/en\\\/\",\"logo\":{\"@type\":\"ImageObject\",\"inLanguage\":\"en-US\",\"@id\":\"https:\\\/\\\/lemaraichermoderne.com\\\/en\\\/#\\\/schema\\\/logo\\\/image\\\/\",\"url\":\"https:\\\/\\\/lemaraichermoderne.com\\\/wp-content\\\/uploads\\\/2023\\\/03\\\/logo_mm1.png\",\"contentUrl\":\"https:\\\/\\\/lemaraichermoderne.com\\\/wp-content\\\/uploads\\\/2023\\\/03\\\/logo_mm1.png\",\"width\":500,\"height\":222,\"caption\":\"Le Mara\u00eecher Moderne\"},\"image\":{\"@id\":\"https:\\\/\\\/lemaraichermoderne.com\\\/en\\\/#\\\/schema\\\/logo\\\/image\\\/\"},\"sameAs\":[\"https:\\\/\\\/www.facebook.com\\\/lemaraichermoderne\",\"https:\\\/\\\/www.instagram.com\\\/lemaraichermoderne\"]}]}<\/script>\n<!-- \/ Yoast SEO plugin. -->","yoast_head_json":{"title":"Bioprotec fongicide &amp; bact tomates&amp; jardins 500ml - Le Mara\u00eecher Moderne","robots":{"index":"index","follow":"follow","max-snippet":"max-snippet:-1","max-image-preview":"max-image-preview:large","max-video-preview":"max-video-preview:-1"},"canonical":"https:\/\/lemaraichermoderne.com\/en\/produit\/bioprotec-fongicide-bact-tomates-jardins-500ml\/","og_locale":"en_US","og_type":"article","og_title":"Bioprotec fongicide &amp; bact tomates&amp; jardins 500ml - Le Mara\u00eecher Moderne","og_description":"Fini le blanc dans votre potager ! &#8211; Le chancre bact\u00e9rien sur les tomates &#8211; Le blanc et le mildiou sur les concombres &#8211; Le mildiou dans la vigne (raisin) &#8211; Le blanc sur les courges et citrouilles -Le blanc et la tache angulaire sur la fraise &#8211; Approuv\u00e9 pour l\u2019agriculture biologique &#8211; Formulation liquide [&hellip;]","og_url":"https:\/\/lemaraichermoderne.com\/en\/produit\/bioprotec-fongicide-bact-tomates-jardins-500ml\/","og_site_name":"Le Mara\u00eecher Moderne","article_publisher":"https:\/\/www.facebook.com\/lemaraichermoderne","article_modified_time":"2025-09-19T16:10:27+00:00","og_image":[{"width":1200,"height":800,"url":"https:\/\/lemaraichermoderne.com\/wp-content\/uploads\/2023\/11\/500ml.jpg","type":"image\/jpeg"}],"twitter_card":"summary_large_image","twitter_misc":{"Est. reading time":"1 minute"},"schema":{"@context":"https:\/\/schema.org","@graph":[{"@type":"WebPage","@id":"https:\/\/lemaraichermoderne.com\/en\/produit\/bioprotec-fongicide-bact-tomates-jardins-500ml\/","url":"https:\/\/lemaraichermoderne.com\/en\/produit\/bioprotec-fongicide-bact-tomates-jardins-500ml\/","name":"Bioprotec fongicide &amp; bact tomates&amp; jardins 500ml - Le Mara\u00eecher Moderne","isPartOf":{"@id":"https:\/\/lemaraichermoderne.com\/en\/#website"},"primaryImageOfPage":{"@id":"https:\/\/lemaraichermoderne.com\/en\/produit\/bioprotec-fongicide-bact-tomates-jardins-500ml\/#primaryimage"},"image":{"@id":"https:\/\/lemaraichermoderne.com\/en\/produit\/bioprotec-fongicide-bact-tomates-jardins-500ml\/#primaryimage"},"thumbnailUrl":"https:\/\/lemaraichermoderne.com\/wp-content\/uploads\/2023\/11\/500ml.jpg","datePublished":"2023-11-23T18:22:39+00:00","dateModified":"2025-09-19T16:10:27+00:00","breadcrumb":{"@id":"https:\/\/lemaraichermoderne.com\/en\/produit\/bioprotec-fongicide-bact-tomates-jardins-500ml\/#breadcrumb"},"inLanguage":"en-US","potentialAction":[{"@type":"ReadAction","target":["https:\/\/lemaraichermoderne.com\/en\/produit\/bioprotec-fongicide-bact-tomates-jardins-500ml\/"]}]},{"@type":"ImageObject","inLanguage":"en-US","@id":"https:\/\/lemaraichermoderne.com\/en\/produit\/bioprotec-fongicide-bact-tomates-jardins-500ml\/#primaryimage","url":"https:\/\/lemaraichermoderne.com\/wp-content\/uploads\/2023\/11\/500ml.jpg","contentUrl":"https:\/\/lemaraichermoderne.com\/wp-content\/uploads\/2023\/11\/500ml.jpg","width":1200,"height":800},{"@type":"BreadcrumbList","@id":"https:\/\/lemaraichermoderne.com\/en\/produit\/bioprotec-fongicide-bact-tomates-jardins-500ml\/#breadcrumb","itemListElement":[{"@type":"ListItem","position":1,"name":"Accueil","item":"https:\/\/lemaraichermoderne.com\/en\/"},{"@type":"ListItem","position":2,"name":"Boutique","item":"https:\/\/lemaraichermoderne.com\/boutique\/"},{"@type":"ListItem","position":3,"name":"Bioprotec fongicide &amp; bact tomates&amp; jardins 500ml"}]},{"@type":"WebSite","@id":"https:\/\/lemaraichermoderne.com\/en\/#website","url":"https:\/\/lemaraichermoderne.com\/en\/","name":"Le Mara\u00eecher Moderne","description":"R\u00e9f\u00e9rence en hydroponie \u00e0 Qu\u00e9bec","publisher":{"@id":"https:\/\/lemaraichermoderne.com\/en\/#organization"},"potentialAction":[{"@type":"SearchAction","target":{"@type":"EntryPoint","urlTemplate":"https:\/\/lemaraichermoderne.com\/en\/?s={search_term_string}"},"query-input":{"@type":"PropertyValueSpecification","valueRequired":true,"valueName":"search_term_string"}}],"inLanguage":"en-US"},{"@type":"Organization","@id":"https:\/\/lemaraichermoderne.com\/en\/#organization","name":"Le Mara\u00eecher Moderne","url":"https:\/\/lemaraichermoderne.com\/en\/","logo":{"@type":"ImageObject","inLanguage":"en-US","@id":"https:\/\/lemaraichermoderne.com\/en\/#\/schema\/logo\/image\/","url":"https:\/\/lemaraichermoderne.com\/wp-content\/uploads\/2023\/03\/logo_mm1.png","contentUrl":"https:\/\/lemaraichermoderne.com\/wp-content\/uploads\/2023\/03\/logo_mm1.png","width":500,"height":222,"caption":"Le Mara\u00eecher Moderne"},"image":{"@id":"https:\/\/lemaraichermoderne.com\/en\/#\/schema\/logo\/image\/"},"sameAs":["https:\/\/www.facebook.com\/lemaraichermoderne","https:\/\/www.instagram.com\/lemaraichermoderne"]}]}},"_links":{"self":[{"href":"https:\/\/lemaraichermoderne.com\/en\/wp-json\/wp\/v2\/product\/1865","targetHints":{"allow":["GET"]}}],"collection":[{"href":"https:\/\/lemaraichermoderne.com\/en\/wp-json\/wp\/v2\/product"}],"about":[{"href":"https:\/\/lemaraichermoderne.com\/en\/wp-json\/wp\/v2\/types\/product"}],"wp:featuredmedia":[{"embeddable":true,"href":"https:\/\/lemaraichermoderne.com\/en\/wp-json\/wp\/v2\/media\/1867"}],"wp:attachment":[{"href":"https:\/\/lemaraichermoderne.com\/en\/wp-json\/wp\/v2\/media?parent=1865"}],"wp:term":[{"taxonomy":"product_brand","embeddable":true,"href":"https:\/\/lemaraichermoderne.com\/en\/wp-json\/wp\/v2\/product_brand?post=1865"},{"taxonomy":"product_cat","embeddable":true,"href":"https:\/\/lemaraichermoderne.com\/en\/wp-json\/wp\/v2\/product_cat?post=1865"},{"taxonomy":"product_tag","embeddable":true,"href":"https:\/\/lemaraichermoderne.com\/en\/wp-json\/wp\/v2\/product_tag?post=1865"}],"curies":[{"name":"wp","href":"https:\/\/api.w.org\/{rel}","templated":true}]}}