{"id":1882,"date":"2023-11-23T14:53:04","date_gmt":"2023-11-23T19:53:04","guid":{"rendered":"https:\/\/lemaraichermoderne.com\/?post_type=product&#038;p=1882"},"modified":"2026-04-23T13:23:17","modified_gmt":"2026-04-23T17:23:17","slug":"alfred-hose-blue-20-x-14","status":"publish","type":"product","link":"https:\/\/lemaraichermoderne.com\/en\/produit\/alfred-hose-blue-20-x-14\/","title":{"rendered":"Alfred Hose Blue 20&#8242; x 14&#8243;"},"content":{"rendered":"<p>Le tuyau \u00e0 air de grade professionnel de Alfred Horticulture est la solution id\u00e9ale pour transporter l&#8217;air provenant de votre pompe jusqu&#8217;\u00e0 votre syst\u00e8me hydroponique. Il peut \u00eatre utilis\u00e9 \u00e9galement pour distribuer l&#8217;air aux diffuseurs dans le r\u00e9servoir de solution nutritive, alimenter le dispositif de pompage et tout autre endroit o\u00f9 un apport d&#8217;air est n\u00e9cessaire dans votre syst\u00e8me de croissance.<\/p>\n<p>Le silicone bleu, flexible et facile \u00e0 reconna\u00eetre, a \u00e9t\u00e9 choisi sp\u00e9cifiquement pour l&#8217;utilisation avec les syst\u00e8mes hydroponiques. Le tuyau \u00e0 air Alfred Horticulture est flexible et r\u00e9sistant au pliage. Il est con\u00e7u avec des stabilisateurs de rayons UV pour une longue dur\u00e9e de vie dans des conditions de salles de croissance.<\/p>\n<ul>\n<li>Tuyau \u00e0 air haute qualit\u00e9 de grade professionnel de 20 pieds<\/li>\n<li>Con\u00e7u avec des stabilisateurs de rayons UV assurant flexibilit\u00e9 et durabilit\u00e9<\/li>\n<li>Convient aux pompes et accessoires standard<\/li>\n<li>Diam\u00e8tre interne de 3\/16&#8243;<\/li>\n<li>\u00c9paisseur de 0.05&#8243;<\/li>\n<li>Couleur bleu clair<\/li>\n<li>Approuv\u00e9 FDA<\/li>\n<li>Non toxique<\/li>\n<li>Fait de mat\u00e9riel sans danger pour la couche d&#8217;ozone<\/li>\n<\/ul>\n","protected":false},"excerpt":{"rendered":"<p>Le tuyau \u00e0 air de grade professionnel de Alfred Horticulture est la solution id\u00e9ale pour transporter l&#8217;air provenant de votre pompe jusqu&#8217;\u00e0 votre syst\u00e8me hydroponique. Il peut \u00eatre utilis\u00e9 \u00e9galement pour distribuer l&#8217;air aux diffuseurs dans le r\u00e9servoir de solution nutritive, alimenter le dispositif de pompage et tout autre endroit o\u00f9 un apport d&#8217;air est [&hellip;]<\/p>\n","protected":false},"featured_media":1883,"template":"","meta":[],"product_brand":[],"product_cat":[30],"product_tag":[],"class_list":{"0":"post-1882","1":"product","2":"type-product","3":"status-publish","4":"has-post-thumbnail","6":"product_cat-accessoires-hydroponique-2","8":"first","9":"instock","10":"taxable","11":"shipping-taxable","12":"purchasable","13":"product-type-simple"},"yoast_head":"<!-- This site is optimized with the Yoast SEO plugin v27.4 - https:\/\/yoast.com\/product\/yoast-seo-wordpress\/ -->\n<title>Alfred Hose Blue 20&#039; x 14&quot; - Le Mara\u00eecher Moderne<\/title>\n<meta name=\"robots\" content=\"index, follow, max-snippet:-1, max-image-preview:large, max-video-preview:-1\" \/>\n<link rel=\"canonical\" href=\"https:\/\/lemaraichermoderne.com\/en\/produit\/alfred-hose-blue-20-x-14\/\" \/>\n<meta property=\"og:locale\" content=\"en_US\" \/>\n<meta property=\"og:type\" content=\"article\" \/>\n<meta property=\"og:title\" content=\"Alfred Hose Blue 20&#039; x 14&quot; - Le Mara\u00eecher Moderne\" \/>\n<meta property=\"og:description\" content=\"Le tuyau \u00e0 air de grade professionnel de Alfred Horticulture est la solution id\u00e9ale pour transporter l&#8217;air provenant de votre pompe jusqu&#8217;\u00e0 votre syst\u00e8me hydroponique. Il peut \u00eatre utilis\u00e9 \u00e9galement pour distribuer l&#8217;air aux diffuseurs dans le r\u00e9servoir de solution nutritive, alimenter le dispositif de pompage et tout autre endroit o\u00f9 un apport d&#8217;air est [&hellip;]\" \/>\n<meta property=\"og:url\" content=\"https:\/\/lemaraichermoderne.com\/en\/produit\/alfred-hose-blue-20-x-14\/\" \/>\n<meta property=\"og:site_name\" content=\"Le Mara\u00eecher Moderne\" \/>\n<meta property=\"article:publisher\" content=\"https:\/\/www.facebook.com\/lemaraichermoderne\" \/>\n<meta property=\"article:modified_time\" content=\"2026-04-23T17:23:17+00:00\" \/>\n<meta property=\"og:image\" content=\"https:\/\/lemaraichermoderne.com\/wp-content\/uploads\/2023\/11\/alfred-horticulture-airline-blue-tubing-20-06029000009.jpg\" \/>\n\t<meta property=\"og:image:width\" content=\"1011\" \/>\n\t<meta property=\"og:image:height\" content=\"912\" \/>\n\t<meta property=\"og:image:type\" content=\"image\/jpeg\" \/>\n<meta name=\"twitter:card\" content=\"summary_large_image\" \/>\n<meta name=\"twitter:label1\" content=\"Est. reading time\" \/>\n\t<meta name=\"twitter:data1\" content=\"2 minutes\" \/>\n<script type=\"application\/ld+json\" class=\"yoast-schema-graph\">{\"@context\":\"https:\\\/\\\/schema.org\",\"@graph\":[{\"@type\":\"WebPage\",\"@id\":\"https:\\\/\\\/lemaraichermoderne.com\\\/en\\\/produit\\\/alfred-hose-blue-20-x-14\\\/\",\"url\":\"https:\\\/\\\/lemaraichermoderne.com\\\/en\\\/produit\\\/alfred-hose-blue-20-x-14\\\/\",\"name\":\"Alfred Hose Blue 20' x 14\\\" - Le Mara\u00eecher Moderne\",\"isPartOf\":{\"@id\":\"https:\\\/\\\/lemaraichermoderne.com\\\/en\\\/#website\"},\"primaryImageOfPage\":{\"@id\":\"https:\\\/\\\/lemaraichermoderne.com\\\/en\\\/produit\\\/alfred-hose-blue-20-x-14\\\/#primaryimage\"},\"image\":{\"@id\":\"https:\\\/\\\/lemaraichermoderne.com\\\/en\\\/produit\\\/alfred-hose-blue-20-x-14\\\/#primaryimage\"},\"thumbnailUrl\":\"https:\\\/\\\/lemaraichermoderne.com\\\/wp-content\\\/uploads\\\/2023\\\/11\\\/alfred-horticulture-airline-blue-tubing-20-06029000009.jpg\",\"datePublished\":\"2023-11-23T19:53:04+00:00\",\"dateModified\":\"2026-04-23T17:23:17+00:00\",\"breadcrumb\":{\"@id\":\"https:\\\/\\\/lemaraichermoderne.com\\\/en\\\/produit\\\/alfred-hose-blue-20-x-14\\\/#breadcrumb\"},\"inLanguage\":\"en-US\",\"potentialAction\":[{\"@type\":\"ReadAction\",\"target\":[\"https:\\\/\\\/lemaraichermoderne.com\\\/en\\\/produit\\\/alfred-hose-blue-20-x-14\\\/\"]}]},{\"@type\":\"ImageObject\",\"inLanguage\":\"en-US\",\"@id\":\"https:\\\/\\\/lemaraichermoderne.com\\\/en\\\/produit\\\/alfred-hose-blue-20-x-14\\\/#primaryimage\",\"url\":\"https:\\\/\\\/lemaraichermoderne.com\\\/wp-content\\\/uploads\\\/2023\\\/11\\\/alfred-horticulture-airline-blue-tubing-20-06029000009.jpg\",\"contentUrl\":\"https:\\\/\\\/lemaraichermoderne.com\\\/wp-content\\\/uploads\\\/2023\\\/11\\\/alfred-horticulture-airline-blue-tubing-20-06029000009.jpg\",\"width\":1011,\"height\":912},{\"@type\":\"BreadcrumbList\",\"@id\":\"https:\\\/\\\/lemaraichermoderne.com\\\/en\\\/produit\\\/alfred-hose-blue-20-x-14\\\/#breadcrumb\",\"itemListElement\":[{\"@type\":\"ListItem\",\"position\":1,\"name\":\"Accueil\",\"item\":\"https:\\\/\\\/lemaraichermoderne.com\\\/en\\\/\"},{\"@type\":\"ListItem\",\"position\":2,\"name\":\"Boutique\",\"item\":\"https:\\\/\\\/lemaraichermoderne.com\\\/boutique\\\/\"},{\"@type\":\"ListItem\",\"position\":3,\"name\":\"Alfred Hose Blue 20&prime; x 14&Prime;\"}]},{\"@type\":\"WebSite\",\"@id\":\"https:\\\/\\\/lemaraichermoderne.com\\\/en\\\/#website\",\"url\":\"https:\\\/\\\/lemaraichermoderne.com\\\/en\\\/\",\"name\":\"Le Mara\u00eecher Moderne\",\"description\":\"R\u00e9f\u00e9rence en hydroponie \u00e0 Qu\u00e9bec\",\"publisher\":{\"@id\":\"https:\\\/\\\/lemaraichermoderne.com\\\/en\\\/#organization\"},\"potentialAction\":[{\"@type\":\"SearchAction\",\"target\":{\"@type\":\"EntryPoint\",\"urlTemplate\":\"https:\\\/\\\/lemaraichermoderne.com\\\/en\\\/?s={search_term_string}\"},\"query-input\":{\"@type\":\"PropertyValueSpecification\",\"valueRequired\":true,\"valueName\":\"search_term_string\"}}],\"inLanguage\":\"en-US\"},{\"@type\":\"Organization\",\"@id\":\"https:\\\/\\\/lemaraichermoderne.com\\\/en\\\/#organization\",\"name\":\"Le Mara\u00eecher Moderne\",\"url\":\"https:\\\/\\\/lemaraichermoderne.com\\\/en\\\/\",\"logo\":{\"@type\":\"ImageObject\",\"inLanguage\":\"en-US\",\"@id\":\"https:\\\/\\\/lemaraichermoderne.com\\\/en\\\/#\\\/schema\\\/logo\\\/image\\\/\",\"url\":\"https:\\\/\\\/lemaraichermoderne.com\\\/wp-content\\\/uploads\\\/2023\\\/03\\\/logo_mm1.png\",\"contentUrl\":\"https:\\\/\\\/lemaraichermoderne.com\\\/wp-content\\\/uploads\\\/2023\\\/03\\\/logo_mm1.png\",\"width\":500,\"height\":222,\"caption\":\"Le Mara\u00eecher Moderne\"},\"image\":{\"@id\":\"https:\\\/\\\/lemaraichermoderne.com\\\/en\\\/#\\\/schema\\\/logo\\\/image\\\/\"},\"sameAs\":[\"https:\\\/\\\/www.facebook.com\\\/lemaraichermoderne\",\"https:\\\/\\\/www.instagram.com\\\/lemaraichermoderne\"]}]}<\/script>\n<!-- \/ Yoast SEO plugin. -->","yoast_head_json":{"title":"Alfred Hose Blue 20' x 14\" - Le Mara\u00eecher Moderne","robots":{"index":"index","follow":"follow","max-snippet":"max-snippet:-1","max-image-preview":"max-image-preview:large","max-video-preview":"max-video-preview:-1"},"canonical":"https:\/\/lemaraichermoderne.com\/en\/produit\/alfred-hose-blue-20-x-14\/","og_locale":"en_US","og_type":"article","og_title":"Alfred Hose Blue 20' x 14\" - Le Mara\u00eecher Moderne","og_description":"Le tuyau \u00e0 air de grade professionnel de Alfred Horticulture est la solution id\u00e9ale pour transporter l&#8217;air provenant de votre pompe jusqu&#8217;\u00e0 votre syst\u00e8me hydroponique. Il peut \u00eatre utilis\u00e9 \u00e9galement pour distribuer l&#8217;air aux diffuseurs dans le r\u00e9servoir de solution nutritive, alimenter le dispositif de pompage et tout autre endroit o\u00f9 un apport d&#8217;air est [&hellip;]","og_url":"https:\/\/lemaraichermoderne.com\/en\/produit\/alfred-hose-blue-20-x-14\/","og_site_name":"Le Mara\u00eecher Moderne","article_publisher":"https:\/\/www.facebook.com\/lemaraichermoderne","article_modified_time":"2026-04-23T17:23:17+00:00","og_image":[{"width":1011,"height":912,"url":"https:\/\/lemaraichermoderne.com\/wp-content\/uploads\/2023\/11\/alfred-horticulture-airline-blue-tubing-20-06029000009.jpg","type":"image\/jpeg"}],"twitter_card":"summary_large_image","twitter_misc":{"Est. reading time":"2 minutes"},"schema":{"@context":"https:\/\/schema.org","@graph":[{"@type":"WebPage","@id":"https:\/\/lemaraichermoderne.com\/en\/produit\/alfred-hose-blue-20-x-14\/","url":"https:\/\/lemaraichermoderne.com\/en\/produit\/alfred-hose-blue-20-x-14\/","name":"Alfred Hose Blue 20' x 14\" - Le Mara\u00eecher Moderne","isPartOf":{"@id":"https:\/\/lemaraichermoderne.com\/en\/#website"},"primaryImageOfPage":{"@id":"https:\/\/lemaraichermoderne.com\/en\/produit\/alfred-hose-blue-20-x-14\/#primaryimage"},"image":{"@id":"https:\/\/lemaraichermoderne.com\/en\/produit\/alfred-hose-blue-20-x-14\/#primaryimage"},"thumbnailUrl":"https:\/\/lemaraichermoderne.com\/wp-content\/uploads\/2023\/11\/alfred-horticulture-airline-blue-tubing-20-06029000009.jpg","datePublished":"2023-11-23T19:53:04+00:00","dateModified":"2026-04-23T17:23:17+00:00","breadcrumb":{"@id":"https:\/\/lemaraichermoderne.com\/en\/produit\/alfred-hose-blue-20-x-14\/#breadcrumb"},"inLanguage":"en-US","potentialAction":[{"@type":"ReadAction","target":["https:\/\/lemaraichermoderne.com\/en\/produit\/alfred-hose-blue-20-x-14\/"]}]},{"@type":"ImageObject","inLanguage":"en-US","@id":"https:\/\/lemaraichermoderne.com\/en\/produit\/alfred-hose-blue-20-x-14\/#primaryimage","url":"https:\/\/lemaraichermoderne.com\/wp-content\/uploads\/2023\/11\/alfred-horticulture-airline-blue-tubing-20-06029000009.jpg","contentUrl":"https:\/\/lemaraichermoderne.com\/wp-content\/uploads\/2023\/11\/alfred-horticulture-airline-blue-tubing-20-06029000009.jpg","width":1011,"height":912},{"@type":"BreadcrumbList","@id":"https:\/\/lemaraichermoderne.com\/en\/produit\/alfred-hose-blue-20-x-14\/#breadcrumb","itemListElement":[{"@type":"ListItem","position":1,"name":"Accueil","item":"https:\/\/lemaraichermoderne.com\/en\/"},{"@type":"ListItem","position":2,"name":"Boutique","item":"https:\/\/lemaraichermoderne.com\/boutique\/"},{"@type":"ListItem","position":3,"name":"Alfred Hose Blue 20&prime; x 14&Prime;"}]},{"@type":"WebSite","@id":"https:\/\/lemaraichermoderne.com\/en\/#website","url":"https:\/\/lemaraichermoderne.com\/en\/","name":"Le Mara\u00eecher Moderne","description":"R\u00e9f\u00e9rence en hydroponie \u00e0 Qu\u00e9bec","publisher":{"@id":"https:\/\/lemaraichermoderne.com\/en\/#organization"},"potentialAction":[{"@type":"SearchAction","target":{"@type":"EntryPoint","urlTemplate":"https:\/\/lemaraichermoderne.com\/en\/?s={search_term_string}"},"query-input":{"@type":"PropertyValueSpecification","valueRequired":true,"valueName":"search_term_string"}}],"inLanguage":"en-US"},{"@type":"Organization","@id":"https:\/\/lemaraichermoderne.com\/en\/#organization","name":"Le Mara\u00eecher Moderne","url":"https:\/\/lemaraichermoderne.com\/en\/","logo":{"@type":"ImageObject","inLanguage":"en-US","@id":"https:\/\/lemaraichermoderne.com\/en\/#\/schema\/logo\/image\/","url":"https:\/\/lemaraichermoderne.com\/wp-content\/uploads\/2023\/03\/logo_mm1.png","contentUrl":"https:\/\/lemaraichermoderne.com\/wp-content\/uploads\/2023\/03\/logo_mm1.png","width":500,"height":222,"caption":"Le Mara\u00eecher Moderne"},"image":{"@id":"https:\/\/lemaraichermoderne.com\/en\/#\/schema\/logo\/image\/"},"sameAs":["https:\/\/www.facebook.com\/lemaraichermoderne","https:\/\/www.instagram.com\/lemaraichermoderne"]}]}},"_links":{"self":[{"href":"https:\/\/lemaraichermoderne.com\/en\/wp-json\/wp\/v2\/product\/1882","targetHints":{"allow":["GET"]}}],"collection":[{"href":"https:\/\/lemaraichermoderne.com\/en\/wp-json\/wp\/v2\/product"}],"about":[{"href":"https:\/\/lemaraichermoderne.com\/en\/wp-json\/wp\/v2\/types\/product"}],"wp:featuredmedia":[{"embeddable":true,"href":"https:\/\/lemaraichermoderne.com\/en\/wp-json\/wp\/v2\/media\/1883"}],"wp:attachment":[{"href":"https:\/\/lemaraichermoderne.com\/en\/wp-json\/wp\/v2\/media?parent=1882"}],"wp:term":[{"taxonomy":"product_brand","embeddable":true,"href":"https:\/\/lemaraichermoderne.com\/en\/wp-json\/wp\/v2\/product_brand?post=1882"},{"taxonomy":"product_cat","embeddable":true,"href":"https:\/\/lemaraichermoderne.com\/en\/wp-json\/wp\/v2\/product_cat?post=1882"},{"taxonomy":"product_tag","embeddable":true,"href":"https:\/\/lemaraichermoderne.com\/en\/wp-json\/wp\/v2\/product_tag?post=1882"}],"curies":[{"name":"wp","href":"https:\/\/api.w.org\/{rel}","templated":true}]}}