{"id":190,"date":"2023-03-19T15:38:41","date_gmt":"2023-03-19T14:38:41","guid":{"rendered":"https:\/\/conceptwebactiv.com\/dev\/lemaraichermoderne\/?post_type=product&#038;p=190"},"modified":"2026-04-16T11:20:59","modified_gmt":"2026-04-16T15:20:59","slug":"testeur-ph-hanna","status":"publish","type":"product","link":"https:\/\/lemaraichermoderne.com\/en\/produit\/testeur-ph-hanna\/","title":{"rendered":"HANNA Testeur pH"},"content":{"rendered":"<p>Le testeur de pH HI98107 pHep\u00ae de Hanna Instrument est facile \u00e0 utiliser et simplifie le monitoring du pH. Ce testeur pr\u00e9cis comporte une r\u00e9solution 0.1 avec une calibration \u00e0 2 points ainsi qu&#8217;une compensation de temp\u00e9rature, le tout en un seul appareil pratique et portatif. Nul besoin dor\u00e9navant de changer de testeurs dans votre routine de mesures.<\/p>\n<p>Caract\u00e9ristiques<\/p>\n<ul>\n<li>Design compact de poche pr\u00eat \u00e0 emporter!<\/li>\n<li>Une jonction amovible en tissus prolonge la dur\u00e9e de vie du testeur<\/li>\n<li>Id\u00e9al pour l&#8217;eau potable, les aquariums, les piscines et les r\u00e9servoirs<\/li>\n<\/ul>\n<p>Le HI98107 a un large \u00e9cran \u00e0 cristaux liquides multi-niveaux qui affiche les lectures de pH et de temp\u00e9ratures simultan\u00e9ment. Les lectures de pH sont affich\u00e9es avec une r\u00e9solution de pH de 0.1 avec une pr\u00e9cision de \u00b10.1. L&#8217;\u00e9ventail de pH du HI98107 est de 0.0 \u00e0 14.0. Un senseur de temp\u00e9rature permet des mesures de pH et de temp\u00e9rature automatiques. Les temp\u00e9ratures peuvent \u00eatre affich\u00e9es soit en \u00b0C ou en \u00b0F. L&#8217;\u00e9cran \u00e0 cristaux liquides a des indicateurs de stabilit\u00e9 et de calibration. Le pourcentage de vie de la pile est affich\u00e9e au d\u00e9marrage et avertit l&#8217;utilisateur du temps restant de la pile.<\/p>\n<p>L&#8217;\u00e9lectrode de pH utilise une jonction amovible en tissus. Une jonction obstru\u00e9e affichera des lectures erratiques. Simplement extraire une petite portion du tissus ce qui exposera une surface propre et claire. Le fait d&#8217;enlever toute obstruction prolongera la dur\u00e9e de vie de l&#8217;\u00e9lectrode de pH.<\/p>\n<p>La calibration se fait en pressant le bouton de calibration. Une fois en mode calibration, l&#8217;\u00e9lectrode de pH peut \u00eatre calibr\u00e9e \u00e0 1 ou 2 points selon des standards pr\u00e9programm\u00e9s (pH 4.01, 7.01,10.01). Lorsque la valeur est reconnue et stabilis\u00e9e, le testeur l&#8217;accepte automatiquement et l&#8217;enregistre dans ses valeurs de calibration.<\/p>\n<p>Les options de r\u00e9glage incluent un temps de fermeture automatique. Les options de fermeture sont soit apr\u00e8s 8 minutes, 60 minutes, ou d\u00e9sactiv\u00e9e. Le mode de r\u00e9glage pour cette fonction est un bouton situ\u00e9 dans le compartiment \u00e0 piles.<\/p>\n","protected":false},"excerpt":{"rendered":"<p>Le testeur de pH HI98107 pHep\u00ae de Hanna Instrument est facile \u00e0 utiliser et simplifie le monitoring du pH. Ce testeur pr\u00e9cis comporte une r\u00e9solution 0.1 avec une calibration \u00e0 2 points ainsi qu&#8217;une compensation de temp\u00e9rature, le tout en un seul appareil pratique et portatif. Nul besoin dor\u00e9navant de changer de testeurs dans votre [&hellip;]<\/p>\n","protected":false},"featured_media":191,"template":"","meta":[],"product_brand":[],"product_cat":[32],"product_tag":[],"class_list":{"0":"post-190","1":"product","2":"type-product","3":"status-publish","4":"has-post-thumbnail","6":"product_cat-controle-de-leau","8":"first","9":"instock","10":"taxable","11":"shipping-taxable","12":"purchasable","13":"product-type-simple"},"yoast_head":"<!-- This site is optimized with the Yoast SEO plugin v27.4 - https:\/\/yoast.com\/product\/yoast-seo-wordpress\/ -->\n<title>HANNA Testeur pH - Le Mara\u00eecher Moderne<\/title>\n<meta name=\"robots\" content=\"index, follow, max-snippet:-1, max-image-preview:large, max-video-preview:-1\" \/>\n<link rel=\"canonical\" href=\"https:\/\/lemaraichermoderne.com\/en\/produit\/testeur-ph-hanna\/\" \/>\n<meta property=\"og:locale\" content=\"en_US\" \/>\n<meta property=\"og:type\" content=\"article\" \/>\n<meta property=\"og:title\" content=\"HANNA Testeur pH - Le Mara\u00eecher Moderne\" \/>\n<meta property=\"og:description\" content=\"Le testeur de pH HI98107 pHep\u00ae de Hanna Instrument est facile \u00e0 utiliser et simplifie le monitoring du pH. Ce testeur pr\u00e9cis comporte une r\u00e9solution 0.1 avec une calibration \u00e0 2 points ainsi qu&#8217;une compensation de temp\u00e9rature, le tout en un seul appareil pratique et portatif. Nul besoin dor\u00e9navant de changer de testeurs dans votre [&hellip;]\" \/>\n<meta property=\"og:url\" content=\"https:\/\/lemaraichermoderne.com\/en\/produit\/testeur-ph-hanna\/\" \/>\n<meta property=\"og:site_name\" content=\"Le Mara\u00eecher Moderne\" \/>\n<meta property=\"article:publisher\" content=\"https:\/\/www.facebook.com\/lemaraichermoderne\" \/>\n<meta property=\"article:modified_time\" content=\"2026-04-16T15:20:59+00:00\" \/>\n<meta property=\"og:image\" content=\"https:\/\/lemaraichermoderne.com\/wp-content\/uploads\/2023\/03\/hanna-hi98107_ph-tester-06028000036_1.jpg\" \/>\n\t<meta property=\"og:image:width\" content=\"1200\" \/>\n\t<meta property=\"og:image:height\" content=\"800\" \/>\n\t<meta property=\"og:image:type\" content=\"image\/jpeg\" \/>\n<meta name=\"twitter:card\" content=\"summary_large_image\" \/>\n<meta name=\"twitter:label1\" content=\"Est. reading time\" \/>\n\t<meta name=\"twitter:data1\" content=\"2 minutes\" \/>\n<script type=\"application\/ld+json\" class=\"yoast-schema-graph\">{\"@context\":\"https:\\\/\\\/schema.org\",\"@graph\":[{\"@type\":\"WebPage\",\"@id\":\"https:\\\/\\\/lemaraichermoderne.com\\\/en\\\/produit\\\/testeur-ph-hanna\\\/\",\"url\":\"https:\\\/\\\/lemaraichermoderne.com\\\/en\\\/produit\\\/testeur-ph-hanna\\\/\",\"name\":\"HANNA Testeur pH - Le Mara\u00eecher Moderne\",\"isPartOf\":{\"@id\":\"https:\\\/\\\/lemaraichermoderne.com\\\/en\\\/#website\"},\"primaryImageOfPage\":{\"@id\":\"https:\\\/\\\/lemaraichermoderne.com\\\/en\\\/produit\\\/testeur-ph-hanna\\\/#primaryimage\"},\"image\":{\"@id\":\"https:\\\/\\\/lemaraichermoderne.com\\\/en\\\/produit\\\/testeur-ph-hanna\\\/#primaryimage\"},\"thumbnailUrl\":\"https:\\\/\\\/lemaraichermoderne.com\\\/wp-content\\\/uploads\\\/2023\\\/03\\\/hanna-hi98107_ph-tester-06028000036_1.jpg\",\"datePublished\":\"2023-03-19T14:38:41+00:00\",\"dateModified\":\"2026-04-16T15:20:59+00:00\",\"breadcrumb\":{\"@id\":\"https:\\\/\\\/lemaraichermoderne.com\\\/en\\\/produit\\\/testeur-ph-hanna\\\/#breadcrumb\"},\"inLanguage\":\"en-US\",\"potentialAction\":[{\"@type\":\"ReadAction\",\"target\":[\"https:\\\/\\\/lemaraichermoderne.com\\\/en\\\/produit\\\/testeur-ph-hanna\\\/\"]}]},{\"@type\":\"ImageObject\",\"inLanguage\":\"en-US\",\"@id\":\"https:\\\/\\\/lemaraichermoderne.com\\\/en\\\/produit\\\/testeur-ph-hanna\\\/#primaryimage\",\"url\":\"https:\\\/\\\/lemaraichermoderne.com\\\/wp-content\\\/uploads\\\/2023\\\/03\\\/hanna-hi98107_ph-tester-06028000036_1.jpg\",\"contentUrl\":\"https:\\\/\\\/lemaraichermoderne.com\\\/wp-content\\\/uploads\\\/2023\\\/03\\\/hanna-hi98107_ph-tester-06028000036_1.jpg\",\"width\":1200,\"height\":800,\"caption\":\"Testeur pH HANNA\"},{\"@type\":\"BreadcrumbList\",\"@id\":\"https:\\\/\\\/lemaraichermoderne.com\\\/en\\\/produit\\\/testeur-ph-hanna\\\/#breadcrumb\",\"itemListElement\":[{\"@type\":\"ListItem\",\"position\":1,\"name\":\"Accueil\",\"item\":\"https:\\\/\\\/lemaraichermoderne.com\\\/en\\\/\"},{\"@type\":\"ListItem\",\"position\":2,\"name\":\"Boutique\",\"item\":\"https:\\\/\\\/lemaraichermoderne.com\\\/boutique\\\/\"},{\"@type\":\"ListItem\",\"position\":3,\"name\":\"HANNA Testeur pH\"}]},{\"@type\":\"WebSite\",\"@id\":\"https:\\\/\\\/lemaraichermoderne.com\\\/en\\\/#website\",\"url\":\"https:\\\/\\\/lemaraichermoderne.com\\\/en\\\/\",\"name\":\"Le Mara\u00eecher Moderne\",\"description\":\"R\u00e9f\u00e9rence en hydroponie \u00e0 Qu\u00e9bec\",\"publisher\":{\"@id\":\"https:\\\/\\\/lemaraichermoderne.com\\\/en\\\/#organization\"},\"potentialAction\":[{\"@type\":\"SearchAction\",\"target\":{\"@type\":\"EntryPoint\",\"urlTemplate\":\"https:\\\/\\\/lemaraichermoderne.com\\\/en\\\/?s={search_term_string}\"},\"query-input\":{\"@type\":\"PropertyValueSpecification\",\"valueRequired\":true,\"valueName\":\"search_term_string\"}}],\"inLanguage\":\"en-US\"},{\"@type\":\"Organization\",\"@id\":\"https:\\\/\\\/lemaraichermoderne.com\\\/en\\\/#organization\",\"name\":\"Le Mara\u00eecher Moderne\",\"url\":\"https:\\\/\\\/lemaraichermoderne.com\\\/en\\\/\",\"logo\":{\"@type\":\"ImageObject\",\"inLanguage\":\"en-US\",\"@id\":\"https:\\\/\\\/lemaraichermoderne.com\\\/en\\\/#\\\/schema\\\/logo\\\/image\\\/\",\"url\":\"https:\\\/\\\/lemaraichermoderne.com\\\/wp-content\\\/uploads\\\/2023\\\/03\\\/logo_mm1.png\",\"contentUrl\":\"https:\\\/\\\/lemaraichermoderne.com\\\/wp-content\\\/uploads\\\/2023\\\/03\\\/logo_mm1.png\",\"width\":500,\"height\":222,\"caption\":\"Le Mara\u00eecher Moderne\"},\"image\":{\"@id\":\"https:\\\/\\\/lemaraichermoderne.com\\\/en\\\/#\\\/schema\\\/logo\\\/image\\\/\"},\"sameAs\":[\"https:\\\/\\\/www.facebook.com\\\/lemaraichermoderne\",\"https:\\\/\\\/www.instagram.com\\\/lemaraichermoderne\"]}]}<\/script>\n<!-- \/ Yoast SEO plugin. -->","yoast_head_json":{"title":"HANNA Testeur pH - Le Mara\u00eecher Moderne","robots":{"index":"index","follow":"follow","max-snippet":"max-snippet:-1","max-image-preview":"max-image-preview:large","max-video-preview":"max-video-preview:-1"},"canonical":"https:\/\/lemaraichermoderne.com\/en\/produit\/testeur-ph-hanna\/","og_locale":"en_US","og_type":"article","og_title":"HANNA Testeur pH - Le Mara\u00eecher Moderne","og_description":"Le testeur de pH HI98107 pHep\u00ae de Hanna Instrument est facile \u00e0 utiliser et simplifie le monitoring du pH. Ce testeur pr\u00e9cis comporte une r\u00e9solution 0.1 avec une calibration \u00e0 2 points ainsi qu&#8217;une compensation de temp\u00e9rature, le tout en un seul appareil pratique et portatif. Nul besoin dor\u00e9navant de changer de testeurs dans votre [&hellip;]","og_url":"https:\/\/lemaraichermoderne.com\/en\/produit\/testeur-ph-hanna\/","og_site_name":"Le Mara\u00eecher Moderne","article_publisher":"https:\/\/www.facebook.com\/lemaraichermoderne","article_modified_time":"2026-04-16T15:20:59+00:00","og_image":[{"width":1200,"height":800,"url":"https:\/\/lemaraichermoderne.com\/wp-content\/uploads\/2023\/03\/hanna-hi98107_ph-tester-06028000036_1.jpg","type":"image\/jpeg"}],"twitter_card":"summary_large_image","twitter_misc":{"Est. reading time":"2 minutes"},"schema":{"@context":"https:\/\/schema.org","@graph":[{"@type":"WebPage","@id":"https:\/\/lemaraichermoderne.com\/en\/produit\/testeur-ph-hanna\/","url":"https:\/\/lemaraichermoderne.com\/en\/produit\/testeur-ph-hanna\/","name":"HANNA Testeur pH - Le Mara\u00eecher Moderne","isPartOf":{"@id":"https:\/\/lemaraichermoderne.com\/en\/#website"},"primaryImageOfPage":{"@id":"https:\/\/lemaraichermoderne.com\/en\/produit\/testeur-ph-hanna\/#primaryimage"},"image":{"@id":"https:\/\/lemaraichermoderne.com\/en\/produit\/testeur-ph-hanna\/#primaryimage"},"thumbnailUrl":"https:\/\/lemaraichermoderne.com\/wp-content\/uploads\/2023\/03\/hanna-hi98107_ph-tester-06028000036_1.jpg","datePublished":"2023-03-19T14:38:41+00:00","dateModified":"2026-04-16T15:20:59+00:00","breadcrumb":{"@id":"https:\/\/lemaraichermoderne.com\/en\/produit\/testeur-ph-hanna\/#breadcrumb"},"inLanguage":"en-US","potentialAction":[{"@type":"ReadAction","target":["https:\/\/lemaraichermoderne.com\/en\/produit\/testeur-ph-hanna\/"]}]},{"@type":"ImageObject","inLanguage":"en-US","@id":"https:\/\/lemaraichermoderne.com\/en\/produit\/testeur-ph-hanna\/#primaryimage","url":"https:\/\/lemaraichermoderne.com\/wp-content\/uploads\/2023\/03\/hanna-hi98107_ph-tester-06028000036_1.jpg","contentUrl":"https:\/\/lemaraichermoderne.com\/wp-content\/uploads\/2023\/03\/hanna-hi98107_ph-tester-06028000036_1.jpg","width":1200,"height":800,"caption":"Testeur pH HANNA"},{"@type":"BreadcrumbList","@id":"https:\/\/lemaraichermoderne.com\/en\/produit\/testeur-ph-hanna\/#breadcrumb","itemListElement":[{"@type":"ListItem","position":1,"name":"Accueil","item":"https:\/\/lemaraichermoderne.com\/en\/"},{"@type":"ListItem","position":2,"name":"Boutique","item":"https:\/\/lemaraichermoderne.com\/boutique\/"},{"@type":"ListItem","position":3,"name":"HANNA Testeur pH"}]},{"@type":"WebSite","@id":"https:\/\/lemaraichermoderne.com\/en\/#website","url":"https:\/\/lemaraichermoderne.com\/en\/","name":"Le Mara\u00eecher Moderne","description":"R\u00e9f\u00e9rence en hydroponie \u00e0 Qu\u00e9bec","publisher":{"@id":"https:\/\/lemaraichermoderne.com\/en\/#organization"},"potentialAction":[{"@type":"SearchAction","target":{"@type":"EntryPoint","urlTemplate":"https:\/\/lemaraichermoderne.com\/en\/?s={search_term_string}"},"query-input":{"@type":"PropertyValueSpecification","valueRequired":true,"valueName":"search_term_string"}}],"inLanguage":"en-US"},{"@type":"Organization","@id":"https:\/\/lemaraichermoderne.com\/en\/#organization","name":"Le Mara\u00eecher Moderne","url":"https:\/\/lemaraichermoderne.com\/en\/","logo":{"@type":"ImageObject","inLanguage":"en-US","@id":"https:\/\/lemaraichermoderne.com\/en\/#\/schema\/logo\/image\/","url":"https:\/\/lemaraichermoderne.com\/wp-content\/uploads\/2023\/03\/logo_mm1.png","contentUrl":"https:\/\/lemaraichermoderne.com\/wp-content\/uploads\/2023\/03\/logo_mm1.png","width":500,"height":222,"caption":"Le Mara\u00eecher Moderne"},"image":{"@id":"https:\/\/lemaraichermoderne.com\/en\/#\/schema\/logo\/image\/"},"sameAs":["https:\/\/www.facebook.com\/lemaraichermoderne","https:\/\/www.instagram.com\/lemaraichermoderne"]}]}},"_links":{"self":[{"href":"https:\/\/lemaraichermoderne.com\/en\/wp-json\/wp\/v2\/product\/190","targetHints":{"allow":["GET"]}}],"collection":[{"href":"https:\/\/lemaraichermoderne.com\/en\/wp-json\/wp\/v2\/product"}],"about":[{"href":"https:\/\/lemaraichermoderne.com\/en\/wp-json\/wp\/v2\/types\/product"}],"wp:featuredmedia":[{"embeddable":true,"href":"https:\/\/lemaraichermoderne.com\/en\/wp-json\/wp\/v2\/media\/191"}],"wp:attachment":[{"href":"https:\/\/lemaraichermoderne.com\/en\/wp-json\/wp\/v2\/media?parent=190"}],"wp:term":[{"taxonomy":"product_brand","embeddable":true,"href":"https:\/\/lemaraichermoderne.com\/en\/wp-json\/wp\/v2\/product_brand?post=190"},{"taxonomy":"product_cat","embeddable":true,"href":"https:\/\/lemaraichermoderne.com\/en\/wp-json\/wp\/v2\/product_cat?post=190"},{"taxonomy":"product_tag","embeddable":true,"href":"https:\/\/lemaraichermoderne.com\/en\/wp-json\/wp\/v2\/product_tag?post=190"}],"curies":[{"name":"wp","href":"https:\/\/api.w.org\/{rel}","templated":true}]}}