{"id":2035,"date":"2023-12-13T15:47:22","date_gmt":"2023-12-13T20:47:22","guid":{"rendered":"https:\/\/lemaraichermoderne.com\/?post_type=product&#038;p=2035"},"modified":"2025-09-19T14:20:07","modified_gmt":"2025-09-19T18:20:07","slug":"alfred-chauffe-eau-en-titane-300w","status":"publish","type":"product","link":"https:\/\/lemaraichermoderne.com\/en\/produit\/alfred-chauffe-eau-en-titane-300w\/","title":{"rendered":"Alfred Chauffe-eau en titane 300W"},"content":{"rendered":"<p>Le chauffe-eau en titane Alfred Horticulture est id\u00e9al pour les applications hydroponiques. Ce chauffe-eau est fabriqu\u00e9 en titane pur avec une grande r\u00e9sistance \u00e0 la corrosion et il convient aussi bien \u00e0 l&#8217;eau douce qu&#8217;\u00e0 l&#8217;eau de mer. Le chauffe-eau Alfred Horticulture Titanium est s\u00fbr et fiable et son contr\u00f4le de temp\u00e9rature donne une temp\u00e9rature pr\u00e9cise gr\u00e2ce au thermostat et au capteur s\u00e9par\u00e9s.<\/p>\n","protected":false},"excerpt":{"rendered":"<p>Le chauffe-eau en titane Alfred Horticulture est id\u00e9al pour les applications hydroponiques. Ce chauffe-eau est fabriqu\u00e9 en titane pur avec une grande r\u00e9sistance \u00e0 la corrosion et il convient aussi bien \u00e0 l&#8217;eau douce qu&#8217;\u00e0 l&#8217;eau de mer. Le chauffe-eau Alfred Horticulture Titanium est s\u00fbr et fiable et son contr\u00f4le de temp\u00e9rature donne une temp\u00e9rature [&hellip;]<\/p>\n","protected":false},"featured_media":2036,"template":"","meta":[],"product_brand":[],"product_cat":[30],"product_tag":[],"class_list":{"0":"post-2035","1":"product","2":"type-product","3":"status-publish","4":"has-post-thumbnail","6":"product_cat-accessoires-hydroponique-2","8":"first","9":"instock","10":"taxable","11":"shipping-taxable","12":"purchasable","13":"product-type-simple"},"yoast_head":"<!-- This site is optimized with the Yoast SEO plugin v27.4 - https:\/\/yoast.com\/product\/yoast-seo-wordpress\/ -->\n<title>Alfred Chauffe-eau en titane 300W - Le Mara\u00eecher Moderne<\/title>\n<meta name=\"robots\" content=\"index, follow, max-snippet:-1, max-image-preview:large, max-video-preview:-1\" \/>\n<link rel=\"canonical\" href=\"https:\/\/lemaraichermoderne.com\/en\/produit\/alfred-chauffe-eau-en-titane-300w\/\" \/>\n<meta property=\"og:locale\" content=\"en_US\" \/>\n<meta property=\"og:type\" content=\"article\" \/>\n<meta property=\"og:title\" content=\"Alfred Chauffe-eau en titane 300W - Le Mara\u00eecher Moderne\" \/>\n<meta property=\"og:description\" content=\"Le chauffe-eau en titane Alfred Horticulture est id\u00e9al pour les applications hydroponiques. Ce chauffe-eau est fabriqu\u00e9 en titane pur avec une grande r\u00e9sistance \u00e0 la corrosion et il convient aussi bien \u00e0 l&#8217;eau douce qu&#8217;\u00e0 l&#8217;eau de mer. Le chauffe-eau Alfred Horticulture Titanium est s\u00fbr et fiable et son contr\u00f4le de temp\u00e9rature donne une temp\u00e9rature [&hellip;]\" \/>\n<meta property=\"og:url\" content=\"https:\/\/lemaraichermoderne.com\/en\/produit\/alfred-chauffe-eau-en-titane-300w\/\" \/>\n<meta property=\"og:site_name\" content=\"Le Mara\u00eecher Moderne\" \/>\n<meta property=\"article:publisher\" content=\"https:\/\/www.facebook.com\/lemaraichermoderne\" \/>\n<meta property=\"article:modified_time\" content=\"2025-09-19T18:20:07+00:00\" \/>\n<meta property=\"og:image\" content=\"https:\/\/lemaraichermoderne.com\/wp-content\/uploads\/2023\/12\/alfred-titanium-water-heater-300w.jpg\" \/>\n\t<meta property=\"og:image:width\" content=\"1200\" \/>\n\t<meta property=\"og:image:height\" content=\"1200\" \/>\n\t<meta property=\"og:image:type\" content=\"image\/jpeg\" \/>\n<meta name=\"twitter:card\" content=\"summary_large_image\" \/>\n<meta name=\"twitter:label1\" content=\"Est. reading time\" \/>\n\t<meta name=\"twitter:data1\" content=\"1 minute\" \/>\n<script type=\"application\/ld+json\" class=\"yoast-schema-graph\">{\"@context\":\"https:\\\/\\\/schema.org\",\"@graph\":[{\"@type\":\"WebPage\",\"@id\":\"https:\\\/\\\/lemaraichermoderne.com\\\/en\\\/produit\\\/alfred-chauffe-eau-en-titane-300w\\\/\",\"url\":\"https:\\\/\\\/lemaraichermoderne.com\\\/en\\\/produit\\\/alfred-chauffe-eau-en-titane-300w\\\/\",\"name\":\"Alfred Chauffe-eau en titane 300W - Le Mara\u00eecher Moderne\",\"isPartOf\":{\"@id\":\"https:\\\/\\\/lemaraichermoderne.com\\\/en\\\/#website\"},\"primaryImageOfPage\":{\"@id\":\"https:\\\/\\\/lemaraichermoderne.com\\\/en\\\/produit\\\/alfred-chauffe-eau-en-titane-300w\\\/#primaryimage\"},\"image\":{\"@id\":\"https:\\\/\\\/lemaraichermoderne.com\\\/en\\\/produit\\\/alfred-chauffe-eau-en-titane-300w\\\/#primaryimage\"},\"thumbnailUrl\":\"https:\\\/\\\/lemaraichermoderne.com\\\/wp-content\\\/uploads\\\/2023\\\/12\\\/alfred-titanium-water-heater-300w.jpg\",\"datePublished\":\"2023-12-13T20:47:22+00:00\",\"dateModified\":\"2025-09-19T18:20:07+00:00\",\"breadcrumb\":{\"@id\":\"https:\\\/\\\/lemaraichermoderne.com\\\/en\\\/produit\\\/alfred-chauffe-eau-en-titane-300w\\\/#breadcrumb\"},\"inLanguage\":\"en-US\",\"potentialAction\":[{\"@type\":\"ReadAction\",\"target\":[\"https:\\\/\\\/lemaraichermoderne.com\\\/en\\\/produit\\\/alfred-chauffe-eau-en-titane-300w\\\/\"]}]},{\"@type\":\"ImageObject\",\"inLanguage\":\"en-US\",\"@id\":\"https:\\\/\\\/lemaraichermoderne.com\\\/en\\\/produit\\\/alfred-chauffe-eau-en-titane-300w\\\/#primaryimage\",\"url\":\"https:\\\/\\\/lemaraichermoderne.com\\\/wp-content\\\/uploads\\\/2023\\\/12\\\/alfred-titanium-water-heater-300w.jpg\",\"contentUrl\":\"https:\\\/\\\/lemaraichermoderne.com\\\/wp-content\\\/uploads\\\/2023\\\/12\\\/alfred-titanium-water-heater-300w.jpg\",\"width\":1200,\"height\":1200},{\"@type\":\"BreadcrumbList\",\"@id\":\"https:\\\/\\\/lemaraichermoderne.com\\\/en\\\/produit\\\/alfred-chauffe-eau-en-titane-300w\\\/#breadcrumb\",\"itemListElement\":[{\"@type\":\"ListItem\",\"position\":1,\"name\":\"Accueil\",\"item\":\"https:\\\/\\\/lemaraichermoderne.com\\\/en\\\/\"},{\"@type\":\"ListItem\",\"position\":2,\"name\":\"Boutique\",\"item\":\"https:\\\/\\\/lemaraichermoderne.com\\\/boutique\\\/\"},{\"@type\":\"ListItem\",\"position\":3,\"name\":\"Alfred Chauffe-eau en titane 300W\"}]},{\"@type\":\"WebSite\",\"@id\":\"https:\\\/\\\/lemaraichermoderne.com\\\/en\\\/#website\",\"url\":\"https:\\\/\\\/lemaraichermoderne.com\\\/en\\\/\",\"name\":\"Le Mara\u00eecher Moderne\",\"description\":\"R\u00e9f\u00e9rence en hydroponie \u00e0 Qu\u00e9bec\",\"publisher\":{\"@id\":\"https:\\\/\\\/lemaraichermoderne.com\\\/en\\\/#organization\"},\"potentialAction\":[{\"@type\":\"SearchAction\",\"target\":{\"@type\":\"EntryPoint\",\"urlTemplate\":\"https:\\\/\\\/lemaraichermoderne.com\\\/en\\\/?s={search_term_string}\"},\"query-input\":{\"@type\":\"PropertyValueSpecification\",\"valueRequired\":true,\"valueName\":\"search_term_string\"}}],\"inLanguage\":\"en-US\"},{\"@type\":\"Organization\",\"@id\":\"https:\\\/\\\/lemaraichermoderne.com\\\/en\\\/#organization\",\"name\":\"Le Mara\u00eecher Moderne\",\"url\":\"https:\\\/\\\/lemaraichermoderne.com\\\/en\\\/\",\"logo\":{\"@type\":\"ImageObject\",\"inLanguage\":\"en-US\",\"@id\":\"https:\\\/\\\/lemaraichermoderne.com\\\/en\\\/#\\\/schema\\\/logo\\\/image\\\/\",\"url\":\"https:\\\/\\\/lemaraichermoderne.com\\\/wp-content\\\/uploads\\\/2023\\\/03\\\/logo_mm1.png\",\"contentUrl\":\"https:\\\/\\\/lemaraichermoderne.com\\\/wp-content\\\/uploads\\\/2023\\\/03\\\/logo_mm1.png\",\"width\":500,\"height\":222,\"caption\":\"Le Mara\u00eecher Moderne\"},\"image\":{\"@id\":\"https:\\\/\\\/lemaraichermoderne.com\\\/en\\\/#\\\/schema\\\/logo\\\/image\\\/\"},\"sameAs\":[\"https:\\\/\\\/www.facebook.com\\\/lemaraichermoderne\",\"https:\\\/\\\/www.instagram.com\\\/lemaraichermoderne\"]}]}<\/script>\n<!-- \/ Yoast SEO plugin. -->","yoast_head_json":{"title":"Alfred Chauffe-eau en titane 300W - Le Mara\u00eecher Moderne","robots":{"index":"index","follow":"follow","max-snippet":"max-snippet:-1","max-image-preview":"max-image-preview:large","max-video-preview":"max-video-preview:-1"},"canonical":"https:\/\/lemaraichermoderne.com\/en\/produit\/alfred-chauffe-eau-en-titane-300w\/","og_locale":"en_US","og_type":"article","og_title":"Alfred Chauffe-eau en titane 300W - Le Mara\u00eecher Moderne","og_description":"Le chauffe-eau en titane Alfred Horticulture est id\u00e9al pour les applications hydroponiques. Ce chauffe-eau est fabriqu\u00e9 en titane pur avec une grande r\u00e9sistance \u00e0 la corrosion et il convient aussi bien \u00e0 l&#8217;eau douce qu&#8217;\u00e0 l&#8217;eau de mer. Le chauffe-eau Alfred Horticulture Titanium est s\u00fbr et fiable et son contr\u00f4le de temp\u00e9rature donne une temp\u00e9rature [&hellip;]","og_url":"https:\/\/lemaraichermoderne.com\/en\/produit\/alfred-chauffe-eau-en-titane-300w\/","og_site_name":"Le Mara\u00eecher Moderne","article_publisher":"https:\/\/www.facebook.com\/lemaraichermoderne","article_modified_time":"2025-09-19T18:20:07+00:00","og_image":[{"width":1200,"height":1200,"url":"https:\/\/lemaraichermoderne.com\/wp-content\/uploads\/2023\/12\/alfred-titanium-water-heater-300w.jpg","type":"image\/jpeg"}],"twitter_card":"summary_large_image","twitter_misc":{"Est. reading time":"1 minute"},"schema":{"@context":"https:\/\/schema.org","@graph":[{"@type":"WebPage","@id":"https:\/\/lemaraichermoderne.com\/en\/produit\/alfred-chauffe-eau-en-titane-300w\/","url":"https:\/\/lemaraichermoderne.com\/en\/produit\/alfred-chauffe-eau-en-titane-300w\/","name":"Alfred Chauffe-eau en titane 300W - Le Mara\u00eecher Moderne","isPartOf":{"@id":"https:\/\/lemaraichermoderne.com\/en\/#website"},"primaryImageOfPage":{"@id":"https:\/\/lemaraichermoderne.com\/en\/produit\/alfred-chauffe-eau-en-titane-300w\/#primaryimage"},"image":{"@id":"https:\/\/lemaraichermoderne.com\/en\/produit\/alfred-chauffe-eau-en-titane-300w\/#primaryimage"},"thumbnailUrl":"https:\/\/lemaraichermoderne.com\/wp-content\/uploads\/2023\/12\/alfred-titanium-water-heater-300w.jpg","datePublished":"2023-12-13T20:47:22+00:00","dateModified":"2025-09-19T18:20:07+00:00","breadcrumb":{"@id":"https:\/\/lemaraichermoderne.com\/en\/produit\/alfred-chauffe-eau-en-titane-300w\/#breadcrumb"},"inLanguage":"en-US","potentialAction":[{"@type":"ReadAction","target":["https:\/\/lemaraichermoderne.com\/en\/produit\/alfred-chauffe-eau-en-titane-300w\/"]}]},{"@type":"ImageObject","inLanguage":"en-US","@id":"https:\/\/lemaraichermoderne.com\/en\/produit\/alfred-chauffe-eau-en-titane-300w\/#primaryimage","url":"https:\/\/lemaraichermoderne.com\/wp-content\/uploads\/2023\/12\/alfred-titanium-water-heater-300w.jpg","contentUrl":"https:\/\/lemaraichermoderne.com\/wp-content\/uploads\/2023\/12\/alfred-titanium-water-heater-300w.jpg","width":1200,"height":1200},{"@type":"BreadcrumbList","@id":"https:\/\/lemaraichermoderne.com\/en\/produit\/alfred-chauffe-eau-en-titane-300w\/#breadcrumb","itemListElement":[{"@type":"ListItem","position":1,"name":"Accueil","item":"https:\/\/lemaraichermoderne.com\/en\/"},{"@type":"ListItem","position":2,"name":"Boutique","item":"https:\/\/lemaraichermoderne.com\/boutique\/"},{"@type":"ListItem","position":3,"name":"Alfred Chauffe-eau en titane 300W"}]},{"@type":"WebSite","@id":"https:\/\/lemaraichermoderne.com\/en\/#website","url":"https:\/\/lemaraichermoderne.com\/en\/","name":"Le Mara\u00eecher Moderne","description":"R\u00e9f\u00e9rence en hydroponie \u00e0 Qu\u00e9bec","publisher":{"@id":"https:\/\/lemaraichermoderne.com\/en\/#organization"},"potentialAction":[{"@type":"SearchAction","target":{"@type":"EntryPoint","urlTemplate":"https:\/\/lemaraichermoderne.com\/en\/?s={search_term_string}"},"query-input":{"@type":"PropertyValueSpecification","valueRequired":true,"valueName":"search_term_string"}}],"inLanguage":"en-US"},{"@type":"Organization","@id":"https:\/\/lemaraichermoderne.com\/en\/#organization","name":"Le Mara\u00eecher Moderne","url":"https:\/\/lemaraichermoderne.com\/en\/","logo":{"@type":"ImageObject","inLanguage":"en-US","@id":"https:\/\/lemaraichermoderne.com\/en\/#\/schema\/logo\/image\/","url":"https:\/\/lemaraichermoderne.com\/wp-content\/uploads\/2023\/03\/logo_mm1.png","contentUrl":"https:\/\/lemaraichermoderne.com\/wp-content\/uploads\/2023\/03\/logo_mm1.png","width":500,"height":222,"caption":"Le Mara\u00eecher Moderne"},"image":{"@id":"https:\/\/lemaraichermoderne.com\/en\/#\/schema\/logo\/image\/"},"sameAs":["https:\/\/www.facebook.com\/lemaraichermoderne","https:\/\/www.instagram.com\/lemaraichermoderne"]}]}},"_links":{"self":[{"href":"https:\/\/lemaraichermoderne.com\/en\/wp-json\/wp\/v2\/product\/2035","targetHints":{"allow":["GET"]}}],"collection":[{"href":"https:\/\/lemaraichermoderne.com\/en\/wp-json\/wp\/v2\/product"}],"about":[{"href":"https:\/\/lemaraichermoderne.com\/en\/wp-json\/wp\/v2\/types\/product"}],"wp:featuredmedia":[{"embeddable":true,"href":"https:\/\/lemaraichermoderne.com\/en\/wp-json\/wp\/v2\/media\/2036"}],"wp:attachment":[{"href":"https:\/\/lemaraichermoderne.com\/en\/wp-json\/wp\/v2\/media?parent=2035"}],"wp:term":[{"taxonomy":"product_brand","embeddable":true,"href":"https:\/\/lemaraichermoderne.com\/en\/wp-json\/wp\/v2\/product_brand?post=2035"},{"taxonomy":"product_cat","embeddable":true,"href":"https:\/\/lemaraichermoderne.com\/en\/wp-json\/wp\/v2\/product_cat?post=2035"},{"taxonomy":"product_tag","embeddable":true,"href":"https:\/\/lemaraichermoderne.com\/en\/wp-json\/wp\/v2\/product_tag?post=2035"}],"curies":[{"name":"wp","href":"https:\/\/api.w.org\/{rel}","templated":true}]}}