{"id":2067,"date":"2023-12-15T15:40:47","date_gmt":"2023-12-15T20:40:47","guid":{"rendered":"https:\/\/lemaraichermoderne.com\/?post_type=product&#038;p=2067"},"modified":"2025-09-19T11:32:31","modified_gmt":"2025-09-19T15:32:31","slug":"stronglizer-fredtlizer-250ml","status":"publish","type":"product","link":"https:\/\/lemaraichermoderne.com\/en\/produit\/stronglizer-fredtlizer-250ml\/","title":{"rendered":"Fredtlizer Stronglizer"},"content":{"rendered":"<p><strong>Stronglizer\u00a0<\/strong>(<strong>ECH<\/strong>) est fait de silice et de potassium,\u00a0<strong>il augmente la r\u00e9sistance naturelle des plantes aux maladies et aux insectes ravageurs sans nuire aux insectes et oiseaux pollinisateurs<\/strong>\u00a0en \u00e9paississant la paroi cellulaire des cellules composant les plantes. Les plantes sont plus rigides et solides et plus difficiles \u00e0 piquer et \u00e0 infecter.<\/p>\n<p><strong>Stronglizer est adapt\u00e9 \u00e0 tous les substrats<\/strong>\u00a0incluant les terres \u00e0 jardins, terreaux d\u2019empotage, tous les types de syst\u00e8mes hydroponiques et les cultures en fibre de coco. Convient \u00e9galement pour l\u2019injection dans le sol, cultures de plein champ ou sous serres.<\/p>\n<div class=\"elementor elementor-15830\" data-elementor-type=\"wp-post\" data-elementor-id=\"15830\" data-elementor-post-type=\"cms_block\">\n<div class=\"wd-negative-gap elementor-element elementor-element-2376b195 e-flex e-con-boxed e-con e-parent e-lazyloaded\" data-id=\"2376b195\" data-element_type=\"container\">\n<div class=\"e-con-inner\">\n<div class=\"elementor-element elementor-element-365c6754 elementor-widget__width-initial elementor-widget elementor-widget-wd_text_block\" data-id=\"365c6754\" data-element_type=\"widget\" data-widget_type=\"wd_text_block.default\">\n<div class=\"elementor-widget-container\">\n<div class=\"wd-text-block reset-last-child text-left\">\n<p><u>Mode d\u2019emplois\u00a0:<\/u>\u00a0Croissance et floraison\u00a0: Stronglizer s\u2019applique en solution nutritive ou en arrosage foliaire.\u00a0Dilu\u00e9 0.2ml par litre d\u2019eau\u00a0et appliquer une fois par semaine de la phase de croissance jusqu\u2019\u00e0 la r\u00e9colte.<\/p>\n<p><u>\u00c9l\u00e9ments fertilisants inclus dans Stronglizer\u00a0:<\/u>\u00a0Silice, potassium<\/p>\n<p>Taux de m\u00e9taux lourds en ppm (particule par million)\u00a0:\u00a0Arsenic 0, Cadmium 0, Mercure 0, Plomb 0<\/p>\n<p>Fait de Silicate de Potassium<\/p>\n<p><u>Solubilit\u00e9\u00a0:<\/u>\u00a0100%<\/p>\n<p>Formats disponibles\u00a0: 30ml, 250ml, 1L, 4L, 10L, 210L, 1000L<\/p>\n<p>VALEUR EC : 1ml de Stronglizer dans 1 litre d\u2019eau d\u00e9min\u00e9ralis\u00e9 donne EC 0 ms\/cm (0ppm TDS500)<\/p>\n<\/div>\n<\/div>\n<\/div>\n<\/div>\n<\/div>\n<\/div>\n","protected":false},"excerpt":{"rendered":"<p>Stronglizer\u00a0(ECH) est fait de silice et de potassium,\u00a0il augmente la r\u00e9sistance naturelle des plantes aux maladies et aux insectes ravageurs sans nuire aux insectes et oiseaux pollinisateurs\u00a0en \u00e9paississant la paroi cellulaire des cellules composant les plantes. Les plantes sont plus rigides et solides et plus difficiles \u00e0 piquer et \u00e0 infecter. Stronglizer est adapt\u00e9 \u00e0 [&hellip;]<\/p>\n","protected":false},"featured_media":2169,"template":"","meta":[],"product_brand":[],"product_cat":[21],"product_tag":[],"class_list":{"0":"post-2067","1":"product","2":"type-product","3":"status-publish","4":"has-post-thumbnail","6":"product_cat-nutriments","8":"first","9":"instock","10":"taxable","11":"shipping-taxable","12":"purchasable","13":"product-type-variable"},"yoast_head":"<!-- This site is optimized with the Yoast SEO plugin v27.4 - https:\/\/yoast.com\/product\/yoast-seo-wordpress\/ -->\n<title>Fredtlizer Stronglizer - Le Mara\u00eecher Moderne<\/title>\n<meta name=\"robots\" content=\"index, follow, max-snippet:-1, max-image-preview:large, max-video-preview:-1\" \/>\n<link rel=\"canonical\" href=\"https:\/\/lemaraichermoderne.com\/en\/produit\/stronglizer-fredtlizer-250ml\/\" \/>\n<meta property=\"og:locale\" content=\"en_US\" \/>\n<meta property=\"og:type\" content=\"article\" \/>\n<meta property=\"og:title\" content=\"Fredtlizer Stronglizer - Le Mara\u00eecher Moderne\" \/>\n<meta property=\"og:description\" content=\"Stronglizer\u00a0(ECH) est fait de silice et de potassium,\u00a0il augmente la r\u00e9sistance naturelle des plantes aux maladies et aux insectes ravageurs sans nuire aux insectes et oiseaux pollinisateurs\u00a0en \u00e9paississant la paroi cellulaire des cellules composant les plantes. Les plantes sont plus rigides et solides et plus difficiles \u00e0 piquer et \u00e0 infecter. Stronglizer est adapt\u00e9 \u00e0 [&hellip;]\" \/>\n<meta property=\"og:url\" content=\"https:\/\/lemaraichermoderne.com\/en\/produit\/stronglizer-fredtlizer-250ml\/\" \/>\n<meta property=\"og:site_name\" content=\"Le Mara\u00eecher Moderne\" \/>\n<meta property=\"article:publisher\" content=\"https:\/\/www.facebook.com\/lemaraichermoderne\" \/>\n<meta property=\"article:modified_time\" content=\"2025-09-19T15:32:31+00:00\" \/>\n<meta property=\"og:image\" content=\"https:\/\/lemaraichermoderne.com\/wp-content\/uploads\/2023\/12\/F5-stronglizer-1.jpg\" \/>\n\t<meta property=\"og:image:width\" content=\"534\" \/>\n\t<meta property=\"og:image:height\" content=\"800\" \/>\n\t<meta property=\"og:image:type\" content=\"image\/jpeg\" \/>\n<meta name=\"twitter:card\" content=\"summary_large_image\" \/>\n<meta name=\"twitter:label1\" content=\"Est. reading time\" \/>\n\t<meta name=\"twitter:data1\" content=\"2 minutes\" \/>\n<script type=\"application\/ld+json\" class=\"yoast-schema-graph\">{\"@context\":\"https:\\\/\\\/schema.org\",\"@graph\":[{\"@type\":\"WebPage\",\"@id\":\"https:\\\/\\\/lemaraichermoderne.com\\\/en\\\/produit\\\/stronglizer-fredtlizer-250ml\\\/\",\"url\":\"https:\\\/\\\/lemaraichermoderne.com\\\/en\\\/produit\\\/stronglizer-fredtlizer-250ml\\\/\",\"name\":\"Fredtlizer Stronglizer - Le Mara\u00eecher Moderne\",\"isPartOf\":{\"@id\":\"https:\\\/\\\/lemaraichermoderne.com\\\/en\\\/#website\"},\"primaryImageOfPage\":{\"@id\":\"https:\\\/\\\/lemaraichermoderne.com\\\/en\\\/produit\\\/stronglizer-fredtlizer-250ml\\\/#primaryimage\"},\"image\":{\"@id\":\"https:\\\/\\\/lemaraichermoderne.com\\\/en\\\/produit\\\/stronglizer-fredtlizer-250ml\\\/#primaryimage\"},\"thumbnailUrl\":\"https:\\\/\\\/lemaraichermoderne.com\\\/wp-content\\\/uploads\\\/2023\\\/12\\\/F5-stronglizer-1.jpg\",\"datePublished\":\"2023-12-15T20:40:47+00:00\",\"dateModified\":\"2025-09-19T15:32:31+00:00\",\"breadcrumb\":{\"@id\":\"https:\\\/\\\/lemaraichermoderne.com\\\/en\\\/produit\\\/stronglizer-fredtlizer-250ml\\\/#breadcrumb\"},\"inLanguage\":\"en-US\",\"potentialAction\":[{\"@type\":\"ReadAction\",\"target\":[\"https:\\\/\\\/lemaraichermoderne.com\\\/en\\\/produit\\\/stronglizer-fredtlizer-250ml\\\/\"]}]},{\"@type\":\"ImageObject\",\"inLanguage\":\"en-US\",\"@id\":\"https:\\\/\\\/lemaraichermoderne.com\\\/en\\\/produit\\\/stronglizer-fredtlizer-250ml\\\/#primaryimage\",\"url\":\"https:\\\/\\\/lemaraichermoderne.com\\\/wp-content\\\/uploads\\\/2023\\\/12\\\/F5-stronglizer-1.jpg\",\"contentUrl\":\"https:\\\/\\\/lemaraichermoderne.com\\\/wp-content\\\/uploads\\\/2023\\\/12\\\/F5-stronglizer-1.jpg\",\"width\":534,\"height\":800},{\"@type\":\"BreadcrumbList\",\"@id\":\"https:\\\/\\\/lemaraichermoderne.com\\\/en\\\/produit\\\/stronglizer-fredtlizer-250ml\\\/#breadcrumb\",\"itemListElement\":[{\"@type\":\"ListItem\",\"position\":1,\"name\":\"Accueil\",\"item\":\"https:\\\/\\\/lemaraichermoderne.com\\\/en\\\/\"},{\"@type\":\"ListItem\",\"position\":2,\"name\":\"Boutique\",\"item\":\"https:\\\/\\\/lemaraichermoderne.com\\\/boutique\\\/\"},{\"@type\":\"ListItem\",\"position\":3,\"name\":\"Fredtlizer Stronglizer\"}]},{\"@type\":\"WebSite\",\"@id\":\"https:\\\/\\\/lemaraichermoderne.com\\\/en\\\/#website\",\"url\":\"https:\\\/\\\/lemaraichermoderne.com\\\/en\\\/\",\"name\":\"Le Mara\u00eecher Moderne\",\"description\":\"R\u00e9f\u00e9rence en hydroponie \u00e0 Qu\u00e9bec\",\"publisher\":{\"@id\":\"https:\\\/\\\/lemaraichermoderne.com\\\/en\\\/#organization\"},\"potentialAction\":[{\"@type\":\"SearchAction\",\"target\":{\"@type\":\"EntryPoint\",\"urlTemplate\":\"https:\\\/\\\/lemaraichermoderne.com\\\/en\\\/?s={search_term_string}\"},\"query-input\":{\"@type\":\"PropertyValueSpecification\",\"valueRequired\":true,\"valueName\":\"search_term_string\"}}],\"inLanguage\":\"en-US\"},{\"@type\":\"Organization\",\"@id\":\"https:\\\/\\\/lemaraichermoderne.com\\\/en\\\/#organization\",\"name\":\"Le Mara\u00eecher Moderne\",\"url\":\"https:\\\/\\\/lemaraichermoderne.com\\\/en\\\/\",\"logo\":{\"@type\":\"ImageObject\",\"inLanguage\":\"en-US\",\"@id\":\"https:\\\/\\\/lemaraichermoderne.com\\\/en\\\/#\\\/schema\\\/logo\\\/image\\\/\",\"url\":\"https:\\\/\\\/lemaraichermoderne.com\\\/wp-content\\\/uploads\\\/2023\\\/03\\\/logo_mm1.png\",\"contentUrl\":\"https:\\\/\\\/lemaraichermoderne.com\\\/wp-content\\\/uploads\\\/2023\\\/03\\\/logo_mm1.png\",\"width\":500,\"height\":222,\"caption\":\"Le Mara\u00eecher Moderne\"},\"image\":{\"@id\":\"https:\\\/\\\/lemaraichermoderne.com\\\/en\\\/#\\\/schema\\\/logo\\\/image\\\/\"},\"sameAs\":[\"https:\\\/\\\/www.facebook.com\\\/lemaraichermoderne\",\"https:\\\/\\\/www.instagram.com\\\/lemaraichermoderne\"]}]}<\/script>\n<!-- \/ Yoast SEO plugin. -->","yoast_head_json":{"title":"Fredtlizer Stronglizer - Le Mara\u00eecher Moderne","robots":{"index":"index","follow":"follow","max-snippet":"max-snippet:-1","max-image-preview":"max-image-preview:large","max-video-preview":"max-video-preview:-1"},"canonical":"https:\/\/lemaraichermoderne.com\/en\/produit\/stronglizer-fredtlizer-250ml\/","og_locale":"en_US","og_type":"article","og_title":"Fredtlizer Stronglizer - Le Mara\u00eecher Moderne","og_description":"Stronglizer\u00a0(ECH) est fait de silice et de potassium,\u00a0il augmente la r\u00e9sistance naturelle des plantes aux maladies et aux insectes ravageurs sans nuire aux insectes et oiseaux pollinisateurs\u00a0en \u00e9paississant la paroi cellulaire des cellules composant les plantes. Les plantes sont plus rigides et solides et plus difficiles \u00e0 piquer et \u00e0 infecter. Stronglizer est adapt\u00e9 \u00e0 [&hellip;]","og_url":"https:\/\/lemaraichermoderne.com\/en\/produit\/stronglizer-fredtlizer-250ml\/","og_site_name":"Le Mara\u00eecher Moderne","article_publisher":"https:\/\/www.facebook.com\/lemaraichermoderne","article_modified_time":"2025-09-19T15:32:31+00:00","og_image":[{"width":534,"height":800,"url":"https:\/\/lemaraichermoderne.com\/wp-content\/uploads\/2023\/12\/F5-stronglizer-1.jpg","type":"image\/jpeg"}],"twitter_card":"summary_large_image","twitter_misc":{"Est. reading time":"2 minutes"},"schema":{"@context":"https:\/\/schema.org","@graph":[{"@type":"WebPage","@id":"https:\/\/lemaraichermoderne.com\/en\/produit\/stronglizer-fredtlizer-250ml\/","url":"https:\/\/lemaraichermoderne.com\/en\/produit\/stronglizer-fredtlizer-250ml\/","name":"Fredtlizer Stronglizer - Le Mara\u00eecher Moderne","isPartOf":{"@id":"https:\/\/lemaraichermoderne.com\/en\/#website"},"primaryImageOfPage":{"@id":"https:\/\/lemaraichermoderne.com\/en\/produit\/stronglizer-fredtlizer-250ml\/#primaryimage"},"image":{"@id":"https:\/\/lemaraichermoderne.com\/en\/produit\/stronglizer-fredtlizer-250ml\/#primaryimage"},"thumbnailUrl":"https:\/\/lemaraichermoderne.com\/wp-content\/uploads\/2023\/12\/F5-stronglizer-1.jpg","datePublished":"2023-12-15T20:40:47+00:00","dateModified":"2025-09-19T15:32:31+00:00","breadcrumb":{"@id":"https:\/\/lemaraichermoderne.com\/en\/produit\/stronglizer-fredtlizer-250ml\/#breadcrumb"},"inLanguage":"en-US","potentialAction":[{"@type":"ReadAction","target":["https:\/\/lemaraichermoderne.com\/en\/produit\/stronglizer-fredtlizer-250ml\/"]}]},{"@type":"ImageObject","inLanguage":"en-US","@id":"https:\/\/lemaraichermoderne.com\/en\/produit\/stronglizer-fredtlizer-250ml\/#primaryimage","url":"https:\/\/lemaraichermoderne.com\/wp-content\/uploads\/2023\/12\/F5-stronglizer-1.jpg","contentUrl":"https:\/\/lemaraichermoderne.com\/wp-content\/uploads\/2023\/12\/F5-stronglizer-1.jpg","width":534,"height":800},{"@type":"BreadcrumbList","@id":"https:\/\/lemaraichermoderne.com\/en\/produit\/stronglizer-fredtlizer-250ml\/#breadcrumb","itemListElement":[{"@type":"ListItem","position":1,"name":"Accueil","item":"https:\/\/lemaraichermoderne.com\/en\/"},{"@type":"ListItem","position":2,"name":"Boutique","item":"https:\/\/lemaraichermoderne.com\/boutique\/"},{"@type":"ListItem","position":3,"name":"Fredtlizer Stronglizer"}]},{"@type":"WebSite","@id":"https:\/\/lemaraichermoderne.com\/en\/#website","url":"https:\/\/lemaraichermoderne.com\/en\/","name":"Le Mara\u00eecher Moderne","description":"R\u00e9f\u00e9rence en hydroponie \u00e0 Qu\u00e9bec","publisher":{"@id":"https:\/\/lemaraichermoderne.com\/en\/#organization"},"potentialAction":[{"@type":"SearchAction","target":{"@type":"EntryPoint","urlTemplate":"https:\/\/lemaraichermoderne.com\/en\/?s={search_term_string}"},"query-input":{"@type":"PropertyValueSpecification","valueRequired":true,"valueName":"search_term_string"}}],"inLanguage":"en-US"},{"@type":"Organization","@id":"https:\/\/lemaraichermoderne.com\/en\/#organization","name":"Le Mara\u00eecher Moderne","url":"https:\/\/lemaraichermoderne.com\/en\/","logo":{"@type":"ImageObject","inLanguage":"en-US","@id":"https:\/\/lemaraichermoderne.com\/en\/#\/schema\/logo\/image\/","url":"https:\/\/lemaraichermoderne.com\/wp-content\/uploads\/2023\/03\/logo_mm1.png","contentUrl":"https:\/\/lemaraichermoderne.com\/wp-content\/uploads\/2023\/03\/logo_mm1.png","width":500,"height":222,"caption":"Le Mara\u00eecher Moderne"},"image":{"@id":"https:\/\/lemaraichermoderne.com\/en\/#\/schema\/logo\/image\/"},"sameAs":["https:\/\/www.facebook.com\/lemaraichermoderne","https:\/\/www.instagram.com\/lemaraichermoderne"]}]}},"_links":{"self":[{"href":"https:\/\/lemaraichermoderne.com\/en\/wp-json\/wp\/v2\/product\/2067","targetHints":{"allow":["GET"]}}],"collection":[{"href":"https:\/\/lemaraichermoderne.com\/en\/wp-json\/wp\/v2\/product"}],"about":[{"href":"https:\/\/lemaraichermoderne.com\/en\/wp-json\/wp\/v2\/types\/product"}],"wp:featuredmedia":[{"embeddable":true,"href":"https:\/\/lemaraichermoderne.com\/en\/wp-json\/wp\/v2\/media\/2169"}],"wp:attachment":[{"href":"https:\/\/lemaraichermoderne.com\/en\/wp-json\/wp\/v2\/media?parent=2067"}],"wp:term":[{"taxonomy":"product_brand","embeddable":true,"href":"https:\/\/lemaraichermoderne.com\/en\/wp-json\/wp\/v2\/product_brand?post=2067"},{"taxonomy":"product_cat","embeddable":true,"href":"https:\/\/lemaraichermoderne.com\/en\/wp-json\/wp\/v2\/product_cat?post=2067"},{"taxonomy":"product_tag","embeddable":true,"href":"https:\/\/lemaraichermoderne.com\/en\/wp-json\/wp\/v2\/product_tag?post=2067"}],"curies":[{"name":"wp","href":"https:\/\/api.w.org\/{rel}","templated":true}]}}