{"id":2161,"date":"2024-01-04T11:59:20","date_gmt":"2024-01-04T16:59:20","guid":{"rendered":"https:\/\/lemaraichermoderne.com\/?post_type=product&#038;p=2161"},"modified":"2026-03-28T10:39:59","modified_gmt":"2026-03-28T14:39:59","slug":"kit-aqua-essential-ab-4-litres","status":"publish","type":"product","link":"https:\/\/lemaraichermoderne.com\/en\/produit\/kit-aqua-essential-ab-4-litres\/","title":{"rendered":"Fredtlizer Kit aqua A+B"},"content":{"rendered":"<p>La gamme de produits Fred T. Lizer a \u00e9t\u00e9 con\u00e7ue dans le but de permettre la production \u00e0 haut rendement de fleurs et de fruits \u00e0 usage r\u00e9cr\u00e9atif et m\u00e9dical. Aqua A et B fournissent tous deux tous les min\u00e9raux essentiels \u00e0 la croissance des plantes sous leurs formes les plus efficaces. Dans des conditions normales d&#8217;utilisation, le pH des solutions s&#8217;ajustera automatiquement \u00e0 5,5. Ajustez si n\u00e9cessaire.<\/p>\n<p>\u2013 Diluer avec 1 ml \u00e0 3 ml par litre d&#8217;eau \u00e0 parts \u00e9gales A et B, d\u00e8s le d\u00e9but de la croissance jusqu&#8217;\u00e0 1 semaine avant la r\u00e9colte.\u00a0Changez r\u00e9guli\u00e8rement la solution de vos cuves pour \u00e9viter la prolif\u00e9ration d&#8217;algues et une baisse de rendement (tous les 3 \u00e0 7 jours).<\/p>\n<p>Recette sur\u00a0<a href=\"https:\/\/fredtlizer.com\/\">www.fredtlizer.com<\/a><\/p>\n<p>\u2013 Ajustez le pH de votre solution \u00e0 5,5 si n\u00e9cessaire.<\/p>\n<p>\u2013 Approuv\u00e9 pour la culture de plantes m\u00e9dicinales.<\/p>\n<p>\u2013 Ne contient aucun conservateur.<\/p>\n<p>\u2013 Une fois ouvert, conserver \u00e0 des temp\u00e9ratures de 59\u00b0F \u00e0 77\u00b0F (15\u00b0C \u00e0 25\u00b0C)<\/p>\n<p>V\u00e9rifiez la compatibilit\u00e9 avec d&#8217;autres produits avant utilisation.\u00a0\u00c9viter le contact visuel.\u00a0En cas de contact, rincer imm\u00e9diatement \u00e0 l&#8217;eau pendant 15 minutes.\u00a0En cas d&#8217;ingestion, ne pas faire vomir.\u00a0Si des sympt\u00f4mes apparaissent, consultez un m\u00e9decin.\u00a0En cas d&#8217;incendie ou de d\u00e9versement, ce produit n&#8217;est pas inflammable.\u00a0Garantie : Le fabricant d\u00e9cline toute responsabilit\u00e9 en cas d&#8217;utilisation inappropri\u00e9e du produit.<\/p>\n<p>&nbsp;<\/p>\n","protected":false},"excerpt":{"rendered":"<p>La gamme de produits Fred T. Lizer a \u00e9t\u00e9 con\u00e7ue dans le but de permettre la production \u00e0 haut rendement de fleurs et de fruits \u00e0 usage r\u00e9cr\u00e9atif et m\u00e9dical. Aqua A et B fournissent tous deux tous les min\u00e9raux essentiels \u00e0 la croissance des plantes sous leurs formes les plus efficaces. Dans des conditions [&hellip;]<\/p>\n","protected":false},"featured_media":2414,"template":"","meta":[],"product_brand":[],"product_cat":[21],"product_tag":[],"class_list":{"0":"post-2161","1":"product","2":"type-product","3":"status-publish","4":"has-post-thumbnail","6":"product_cat-nutriments","8":"first","9":"instock","10":"taxable","11":"shipping-taxable","12":"purchasable","13":"product-type-variable"},"yoast_head":"<!-- This site is optimized with the Yoast SEO plugin v27.4 - https:\/\/yoast.com\/product\/yoast-seo-wordpress\/ -->\n<title>Fredtlizer Kit aqua A+B - Le Mara\u00eecher Moderne<\/title>\n<meta name=\"robots\" content=\"index, follow, max-snippet:-1, max-image-preview:large, max-video-preview:-1\" \/>\n<link rel=\"canonical\" href=\"https:\/\/lemaraichermoderne.com\/en\/produit\/kit-aqua-essential-ab-4-litres\/\" \/>\n<meta property=\"og:locale\" content=\"en_US\" \/>\n<meta property=\"og:type\" content=\"article\" \/>\n<meta property=\"og:title\" content=\"Fredtlizer Kit aqua A+B - Le Mara\u00eecher Moderne\" \/>\n<meta property=\"og:description\" content=\"La gamme de produits Fred T. Lizer a \u00e9t\u00e9 con\u00e7ue dans le but de permettre la production \u00e0 haut rendement de fleurs et de fruits \u00e0 usage r\u00e9cr\u00e9atif et m\u00e9dical. Aqua A et B fournissent tous deux tous les min\u00e9raux essentiels \u00e0 la croissance des plantes sous leurs formes les plus efficaces. Dans des conditions [&hellip;]\" \/>\n<meta property=\"og:url\" content=\"https:\/\/lemaraichermoderne.com\/en\/produit\/kit-aqua-essential-ab-4-litres\/\" \/>\n<meta property=\"og:site_name\" content=\"Le Mara\u00eecher Moderne\" \/>\n<meta property=\"article:publisher\" content=\"https:\/\/www.facebook.com\/lemaraichermoderne\" \/>\n<meta property=\"article:modified_time\" content=\"2026-03-28T14:39:59+00:00\" \/>\n<meta property=\"og:image\" content=\"https:\/\/lemaraichermoderne.com\/wp-content\/uploads\/2024\/01\/it-aqua-essential-ab-4-litres.jpg\" \/>\n\t<meta property=\"og:image:width\" content=\"500\" \/>\n\t<meta property=\"og:image:height\" content=\"500\" \/>\n\t<meta property=\"og:image:type\" content=\"image\/jpeg\" \/>\n<meta name=\"twitter:card\" content=\"summary_large_image\" \/>\n<meta name=\"twitter:label1\" content=\"Est. reading time\" \/>\n\t<meta name=\"twitter:data1\" content=\"2 minutes\" \/>\n<script type=\"application\/ld+json\" class=\"yoast-schema-graph\">{\"@context\":\"https:\\\/\\\/schema.org\",\"@graph\":[{\"@type\":\"WebPage\",\"@id\":\"https:\\\/\\\/lemaraichermoderne.com\\\/en\\\/produit\\\/kit-aqua-essential-ab-4-litres\\\/\",\"url\":\"https:\\\/\\\/lemaraichermoderne.com\\\/en\\\/produit\\\/kit-aqua-essential-ab-4-litres\\\/\",\"name\":\"Fredtlizer Kit aqua A+B - Le Mara\u00eecher Moderne\",\"isPartOf\":{\"@id\":\"https:\\\/\\\/lemaraichermoderne.com\\\/en\\\/#website\"},\"primaryImageOfPage\":{\"@id\":\"https:\\\/\\\/lemaraichermoderne.com\\\/en\\\/produit\\\/kit-aqua-essential-ab-4-litres\\\/#primaryimage\"},\"image\":{\"@id\":\"https:\\\/\\\/lemaraichermoderne.com\\\/en\\\/produit\\\/kit-aqua-essential-ab-4-litres\\\/#primaryimage\"},\"thumbnailUrl\":\"https:\\\/\\\/lemaraichermoderne.com\\\/wp-content\\\/uploads\\\/2024\\\/01\\\/it-aqua-essential-ab-4-litres.jpg\",\"datePublished\":\"2024-01-04T16:59:20+00:00\",\"dateModified\":\"2026-03-28T14:39:59+00:00\",\"breadcrumb\":{\"@id\":\"https:\\\/\\\/lemaraichermoderne.com\\\/en\\\/produit\\\/kit-aqua-essential-ab-4-litres\\\/#breadcrumb\"},\"inLanguage\":\"en-US\",\"potentialAction\":[{\"@type\":\"ReadAction\",\"target\":[\"https:\\\/\\\/lemaraichermoderne.com\\\/en\\\/produit\\\/kit-aqua-essential-ab-4-litres\\\/\"]}]},{\"@type\":\"ImageObject\",\"inLanguage\":\"en-US\",\"@id\":\"https:\\\/\\\/lemaraichermoderne.com\\\/en\\\/produit\\\/kit-aqua-essential-ab-4-litres\\\/#primaryimage\",\"url\":\"https:\\\/\\\/lemaraichermoderne.com\\\/wp-content\\\/uploads\\\/2024\\\/01\\\/it-aqua-essential-ab-4-litres.jpg\",\"contentUrl\":\"https:\\\/\\\/lemaraichermoderne.com\\\/wp-content\\\/uploads\\\/2024\\\/01\\\/it-aqua-essential-ab-4-litres.jpg\",\"width\":500,\"height\":500,\"caption\":\"Kit Aqua Essential A & B 4 litres\"},{\"@type\":\"BreadcrumbList\",\"@id\":\"https:\\\/\\\/lemaraichermoderne.com\\\/en\\\/produit\\\/kit-aqua-essential-ab-4-litres\\\/#breadcrumb\",\"itemListElement\":[{\"@type\":\"ListItem\",\"position\":1,\"name\":\"Accueil\",\"item\":\"https:\\\/\\\/lemaraichermoderne.com\\\/en\\\/\"},{\"@type\":\"ListItem\",\"position\":2,\"name\":\"Boutique\",\"item\":\"https:\\\/\\\/lemaraichermoderne.com\\\/boutique\\\/\"},{\"@type\":\"ListItem\",\"position\":3,\"name\":\"Fredtlizer Kit aqua A+B\"}]},{\"@type\":\"WebSite\",\"@id\":\"https:\\\/\\\/lemaraichermoderne.com\\\/en\\\/#website\",\"url\":\"https:\\\/\\\/lemaraichermoderne.com\\\/en\\\/\",\"name\":\"Le Mara\u00eecher Moderne\",\"description\":\"R\u00e9f\u00e9rence en hydroponie \u00e0 Qu\u00e9bec\",\"publisher\":{\"@id\":\"https:\\\/\\\/lemaraichermoderne.com\\\/en\\\/#organization\"},\"potentialAction\":[{\"@type\":\"SearchAction\",\"target\":{\"@type\":\"EntryPoint\",\"urlTemplate\":\"https:\\\/\\\/lemaraichermoderne.com\\\/en\\\/?s={search_term_string}\"},\"query-input\":{\"@type\":\"PropertyValueSpecification\",\"valueRequired\":true,\"valueName\":\"search_term_string\"}}],\"inLanguage\":\"en-US\"},{\"@type\":\"Organization\",\"@id\":\"https:\\\/\\\/lemaraichermoderne.com\\\/en\\\/#organization\",\"name\":\"Le Mara\u00eecher Moderne\",\"url\":\"https:\\\/\\\/lemaraichermoderne.com\\\/en\\\/\",\"logo\":{\"@type\":\"ImageObject\",\"inLanguage\":\"en-US\",\"@id\":\"https:\\\/\\\/lemaraichermoderne.com\\\/en\\\/#\\\/schema\\\/logo\\\/image\\\/\",\"url\":\"https:\\\/\\\/lemaraichermoderne.com\\\/wp-content\\\/uploads\\\/2023\\\/03\\\/logo_mm1.png\",\"contentUrl\":\"https:\\\/\\\/lemaraichermoderne.com\\\/wp-content\\\/uploads\\\/2023\\\/03\\\/logo_mm1.png\",\"width\":500,\"height\":222,\"caption\":\"Le Mara\u00eecher Moderne\"},\"image\":{\"@id\":\"https:\\\/\\\/lemaraichermoderne.com\\\/en\\\/#\\\/schema\\\/logo\\\/image\\\/\"},\"sameAs\":[\"https:\\\/\\\/www.facebook.com\\\/lemaraichermoderne\",\"https:\\\/\\\/www.instagram.com\\\/lemaraichermoderne\"]}]}<\/script>\n<!-- \/ Yoast SEO plugin. -->","yoast_head_json":{"title":"Fredtlizer Kit aqua A+B - Le Mara\u00eecher Moderne","robots":{"index":"index","follow":"follow","max-snippet":"max-snippet:-1","max-image-preview":"max-image-preview:large","max-video-preview":"max-video-preview:-1"},"canonical":"https:\/\/lemaraichermoderne.com\/en\/produit\/kit-aqua-essential-ab-4-litres\/","og_locale":"en_US","og_type":"article","og_title":"Fredtlizer Kit aqua A+B - Le Mara\u00eecher Moderne","og_description":"La gamme de produits Fred T. Lizer a \u00e9t\u00e9 con\u00e7ue dans le but de permettre la production \u00e0 haut rendement de fleurs et de fruits \u00e0 usage r\u00e9cr\u00e9atif et m\u00e9dical. Aqua A et B fournissent tous deux tous les min\u00e9raux essentiels \u00e0 la croissance des plantes sous leurs formes les plus efficaces. Dans des conditions [&hellip;]","og_url":"https:\/\/lemaraichermoderne.com\/en\/produit\/kit-aqua-essential-ab-4-litres\/","og_site_name":"Le Mara\u00eecher Moderne","article_publisher":"https:\/\/www.facebook.com\/lemaraichermoderne","article_modified_time":"2026-03-28T14:39:59+00:00","og_image":[{"width":500,"height":500,"url":"https:\/\/lemaraichermoderne.com\/wp-content\/uploads\/2024\/01\/it-aqua-essential-ab-4-litres.jpg","type":"image\/jpeg"}],"twitter_card":"summary_large_image","twitter_misc":{"Est. reading time":"2 minutes"},"schema":{"@context":"https:\/\/schema.org","@graph":[{"@type":"WebPage","@id":"https:\/\/lemaraichermoderne.com\/en\/produit\/kit-aqua-essential-ab-4-litres\/","url":"https:\/\/lemaraichermoderne.com\/en\/produit\/kit-aqua-essential-ab-4-litres\/","name":"Fredtlizer Kit aqua A+B - Le Mara\u00eecher Moderne","isPartOf":{"@id":"https:\/\/lemaraichermoderne.com\/en\/#website"},"primaryImageOfPage":{"@id":"https:\/\/lemaraichermoderne.com\/en\/produit\/kit-aqua-essential-ab-4-litres\/#primaryimage"},"image":{"@id":"https:\/\/lemaraichermoderne.com\/en\/produit\/kit-aqua-essential-ab-4-litres\/#primaryimage"},"thumbnailUrl":"https:\/\/lemaraichermoderne.com\/wp-content\/uploads\/2024\/01\/it-aqua-essential-ab-4-litres.jpg","datePublished":"2024-01-04T16:59:20+00:00","dateModified":"2026-03-28T14:39:59+00:00","breadcrumb":{"@id":"https:\/\/lemaraichermoderne.com\/en\/produit\/kit-aqua-essential-ab-4-litres\/#breadcrumb"},"inLanguage":"en-US","potentialAction":[{"@type":"ReadAction","target":["https:\/\/lemaraichermoderne.com\/en\/produit\/kit-aqua-essential-ab-4-litres\/"]}]},{"@type":"ImageObject","inLanguage":"en-US","@id":"https:\/\/lemaraichermoderne.com\/en\/produit\/kit-aqua-essential-ab-4-litres\/#primaryimage","url":"https:\/\/lemaraichermoderne.com\/wp-content\/uploads\/2024\/01\/it-aqua-essential-ab-4-litres.jpg","contentUrl":"https:\/\/lemaraichermoderne.com\/wp-content\/uploads\/2024\/01\/it-aqua-essential-ab-4-litres.jpg","width":500,"height":500,"caption":"Kit Aqua Essential A & B 4 litres"},{"@type":"BreadcrumbList","@id":"https:\/\/lemaraichermoderne.com\/en\/produit\/kit-aqua-essential-ab-4-litres\/#breadcrumb","itemListElement":[{"@type":"ListItem","position":1,"name":"Accueil","item":"https:\/\/lemaraichermoderne.com\/en\/"},{"@type":"ListItem","position":2,"name":"Boutique","item":"https:\/\/lemaraichermoderne.com\/boutique\/"},{"@type":"ListItem","position":3,"name":"Fredtlizer Kit aqua A+B"}]},{"@type":"WebSite","@id":"https:\/\/lemaraichermoderne.com\/en\/#website","url":"https:\/\/lemaraichermoderne.com\/en\/","name":"Le Mara\u00eecher Moderne","description":"R\u00e9f\u00e9rence en hydroponie \u00e0 Qu\u00e9bec","publisher":{"@id":"https:\/\/lemaraichermoderne.com\/en\/#organization"},"potentialAction":[{"@type":"SearchAction","target":{"@type":"EntryPoint","urlTemplate":"https:\/\/lemaraichermoderne.com\/en\/?s={search_term_string}"},"query-input":{"@type":"PropertyValueSpecification","valueRequired":true,"valueName":"search_term_string"}}],"inLanguage":"en-US"},{"@type":"Organization","@id":"https:\/\/lemaraichermoderne.com\/en\/#organization","name":"Le Mara\u00eecher Moderne","url":"https:\/\/lemaraichermoderne.com\/en\/","logo":{"@type":"ImageObject","inLanguage":"en-US","@id":"https:\/\/lemaraichermoderne.com\/en\/#\/schema\/logo\/image\/","url":"https:\/\/lemaraichermoderne.com\/wp-content\/uploads\/2023\/03\/logo_mm1.png","contentUrl":"https:\/\/lemaraichermoderne.com\/wp-content\/uploads\/2023\/03\/logo_mm1.png","width":500,"height":222,"caption":"Le Mara\u00eecher Moderne"},"image":{"@id":"https:\/\/lemaraichermoderne.com\/en\/#\/schema\/logo\/image\/"},"sameAs":["https:\/\/www.facebook.com\/lemaraichermoderne","https:\/\/www.instagram.com\/lemaraichermoderne"]}]}},"_links":{"self":[{"href":"https:\/\/lemaraichermoderne.com\/en\/wp-json\/wp\/v2\/product\/2161","targetHints":{"allow":["GET"]}}],"collection":[{"href":"https:\/\/lemaraichermoderne.com\/en\/wp-json\/wp\/v2\/product"}],"about":[{"href":"https:\/\/lemaraichermoderne.com\/en\/wp-json\/wp\/v2\/types\/product"}],"wp:featuredmedia":[{"embeddable":true,"href":"https:\/\/lemaraichermoderne.com\/en\/wp-json\/wp\/v2\/media\/2414"}],"wp:attachment":[{"href":"https:\/\/lemaraichermoderne.com\/en\/wp-json\/wp\/v2\/media?parent=2161"}],"wp:term":[{"taxonomy":"product_brand","embeddable":true,"href":"https:\/\/lemaraichermoderne.com\/en\/wp-json\/wp\/v2\/product_brand?post=2161"},{"taxonomy":"product_cat","embeddable":true,"href":"https:\/\/lemaraichermoderne.com\/en\/wp-json\/wp\/v2\/product_cat?post=2161"},{"taxonomy":"product_tag","embeddable":true,"href":"https:\/\/lemaraichermoderne.com\/en\/wp-json\/wp\/v2\/product_tag?post=2161"}],"curies":[{"name":"wp","href":"https:\/\/api.w.org\/{rel}","templated":true}]}}