{"id":2163,"date":"2024-01-04T12:04:13","date_gmt":"2024-01-04T17:04:13","guid":{"rendered":"https:\/\/lemaraichermoderne.com\/?post_type=product&#038;p=2163"},"modified":"2026-02-21T11:21:03","modified_gmt":"2026-02-21T16:21:03","slug":"pkbloom-4-litres","status":"publish","type":"product","link":"https:\/\/lemaraichermoderne.com\/en\/produit\/pkbloom-4-litres\/","title":{"rendered":"PK Bloom"},"content":{"rendered":"<p><strong>Floraison<\/strong><\/p>\n<p>La gamme de produits Fred T. Lizer a \u00e9t\u00e9 con\u00e7ue dans le but de permettre la production \u00e0 haut rendement de fleurs et de fruits \u00e0 usage r\u00e9cr\u00e9atif et m\u00e9dical.\u00a0PK Bloom apporte le phosphore et le potassium suppl\u00e9mentaires n\u00e9cessaires aux \u00e9tapes de floraison et de fructification sous leurs formes les plus efficaces et permet aux fleurs et aux fruits d&#8217;atteindre leur plein potentiel de volume et de saveur.<\/p>\n<p>\u2013 Diluer avec 1 ml \u00e0 3 ml par litre d&#8217;eau et appliquer \u00e0 chaque arrosage, d\u00e8s la 3\u00e8me semaine de floraison jusqu&#8217;\u00e0 1 semaine avant la r\u00e9colte.<\/p>\n<p>Recette sur\u00a0<a href=\"https:\/\/fredtlizer.com\/\">www.fredtlizer.com<\/a><\/p>\n<p>\u2013 Ajustez le pH de votre solution \u00e0 6,3 en terre, \u00e0 5,8 en coco ou \u00e0 5,5 en culture hydroponique.<\/p>\n<p>\u2013 Approuv\u00e9 pour la culture de plantes m\u00e9dicinales et pour la culture hydroponique.<\/p>\n<p>\u2013 Ne contient aucun conservateur.<\/p>\n<p>\u2013 Une fois ouvert, conserver \u00e0 des temp\u00e9ratures de 59\u00b0F \u00e0 77\u00b0F (15\u00b0C \u00e0 25\u00b0C).\u00a0<strong>Conserver du froid.<\/strong><\/p>\n<p>V\u00e9rifiez la compatibilit\u00e9 avec d&#8217;autres produits avant utilisation.\u00a0\u00c9viter le contact visuel.\u00a0En cas de contact, rincer imm\u00e9diatement \u00e0 l&#8217;eau pendant 15 minutes.\u00a0En cas d&#8217;ingestion, ne pas faire vomir.\u00a0Si des sympt\u00f4mes apparaissent, consultez un m\u00e9decin.\u00a0En cas d&#8217;incendie ou de d\u00e9versement, ce produit n&#8217;est pas inflammable.\u00a0Garantie : Le fabricant d\u00e9cline toute responsabilit\u00e9 en cas d&#8217;utilisation inappropri\u00e9e du produit.<\/p>\n","protected":false},"excerpt":{"rendered":"<p>Floraison La gamme de produits Fred T. Lizer a \u00e9t\u00e9 con\u00e7ue dans le but de permettre la production \u00e0 haut rendement de fleurs et de fruits \u00e0 usage r\u00e9cr\u00e9atif et m\u00e9dical.\u00a0PK Bloom apporte le phosphore et le potassium suppl\u00e9mentaires n\u00e9cessaires aux \u00e9tapes de floraison et de fructification sous leurs formes les plus efficaces et permet [&hellip;]<\/p>\n","protected":false},"featured_media":2165,"template":"","meta":[],"product_brand":[],"product_cat":[21],"product_tag":[],"class_list":{"0":"post-2163","1":"product","2":"type-product","3":"status-publish","4":"has-post-thumbnail","6":"product_cat-nutriments","8":"first","9":"instock","10":"taxable","11":"shipping-taxable","12":"purchasable","13":"product-type-variable"},"yoast_head":"<!-- This site is optimized with the Yoast SEO plugin v27.4 - https:\/\/yoast.com\/product\/yoast-seo-wordpress\/ -->\n<title>PK Bloom - Le Mara\u00eecher Moderne<\/title>\n<meta name=\"robots\" content=\"index, follow, max-snippet:-1, max-image-preview:large, max-video-preview:-1\" \/>\n<link rel=\"canonical\" href=\"https:\/\/lemaraichermoderne.com\/en\/produit\/pkbloom-4-litres\/\" \/>\n<meta property=\"og:locale\" content=\"en_US\" \/>\n<meta property=\"og:type\" content=\"article\" \/>\n<meta property=\"og:title\" content=\"PK Bloom - Le Mara\u00eecher Moderne\" \/>\n<meta property=\"og:description\" content=\"Floraison La gamme de produits Fred T. Lizer a \u00e9t\u00e9 con\u00e7ue dans le but de permettre la production \u00e0 haut rendement de fleurs et de fruits \u00e0 usage r\u00e9cr\u00e9atif et m\u00e9dical.\u00a0PK Bloom apporte le phosphore et le potassium suppl\u00e9mentaires n\u00e9cessaires aux \u00e9tapes de floraison et de fructification sous leurs formes les plus efficaces et permet [&hellip;]\" \/>\n<meta property=\"og:url\" content=\"https:\/\/lemaraichermoderne.com\/en\/produit\/pkbloom-4-litres\/\" \/>\n<meta property=\"og:site_name\" content=\"Le Mara\u00eecher Moderne\" \/>\n<meta property=\"article:publisher\" content=\"https:\/\/www.facebook.com\/lemaraichermoderne\" \/>\n<meta property=\"article:modified_time\" content=\"2026-02-21T16:21:03+00:00\" \/>\n<meta property=\"og:image\" content=\"https:\/\/lemaraichermoderne.com\/wp-content\/uploads\/2024\/01\/F5-pk-bloom.jpg\" \/>\n\t<meta property=\"og:image:width\" content=\"534\" \/>\n\t<meta property=\"og:image:height\" content=\"800\" \/>\n\t<meta property=\"og:image:type\" content=\"image\/jpeg\" \/>\n<meta name=\"twitter:card\" content=\"summary_large_image\" \/>\n<meta name=\"twitter:label1\" content=\"Est. reading time\" \/>\n\t<meta name=\"twitter:data1\" content=\"2 minutes\" \/>\n<script type=\"application\/ld+json\" class=\"yoast-schema-graph\">{\"@context\":\"https:\\\/\\\/schema.org\",\"@graph\":[{\"@type\":\"WebPage\",\"@id\":\"https:\\\/\\\/lemaraichermoderne.com\\\/en\\\/produit\\\/pkbloom-4-litres\\\/\",\"url\":\"https:\\\/\\\/lemaraichermoderne.com\\\/en\\\/produit\\\/pkbloom-4-litres\\\/\",\"name\":\"PK Bloom - Le Mara\u00eecher Moderne\",\"isPartOf\":{\"@id\":\"https:\\\/\\\/lemaraichermoderne.com\\\/en\\\/#website\"},\"primaryImageOfPage\":{\"@id\":\"https:\\\/\\\/lemaraichermoderne.com\\\/en\\\/produit\\\/pkbloom-4-litres\\\/#primaryimage\"},\"image\":{\"@id\":\"https:\\\/\\\/lemaraichermoderne.com\\\/en\\\/produit\\\/pkbloom-4-litres\\\/#primaryimage\"},\"thumbnailUrl\":\"https:\\\/\\\/lemaraichermoderne.com\\\/wp-content\\\/uploads\\\/2024\\\/01\\\/F5-pk-bloom.jpg\",\"datePublished\":\"2024-01-04T17:04:13+00:00\",\"dateModified\":\"2026-02-21T16:21:03+00:00\",\"breadcrumb\":{\"@id\":\"https:\\\/\\\/lemaraichermoderne.com\\\/en\\\/produit\\\/pkbloom-4-litres\\\/#breadcrumb\"},\"inLanguage\":\"en-US\",\"potentialAction\":[{\"@type\":\"ReadAction\",\"target\":[\"https:\\\/\\\/lemaraichermoderne.com\\\/en\\\/produit\\\/pkbloom-4-litres\\\/\"]}]},{\"@type\":\"ImageObject\",\"inLanguage\":\"en-US\",\"@id\":\"https:\\\/\\\/lemaraichermoderne.com\\\/en\\\/produit\\\/pkbloom-4-litres\\\/#primaryimage\",\"url\":\"https:\\\/\\\/lemaraichermoderne.com\\\/wp-content\\\/uploads\\\/2024\\\/01\\\/F5-pk-bloom.jpg\",\"contentUrl\":\"https:\\\/\\\/lemaraichermoderne.com\\\/wp-content\\\/uploads\\\/2024\\\/01\\\/F5-pk-bloom.jpg\",\"width\":534,\"height\":800},{\"@type\":\"BreadcrumbList\",\"@id\":\"https:\\\/\\\/lemaraichermoderne.com\\\/en\\\/produit\\\/pkbloom-4-litres\\\/#breadcrumb\",\"itemListElement\":[{\"@type\":\"ListItem\",\"position\":1,\"name\":\"Accueil\",\"item\":\"https:\\\/\\\/lemaraichermoderne.com\\\/en\\\/\"},{\"@type\":\"ListItem\",\"position\":2,\"name\":\"Boutique\",\"item\":\"https:\\\/\\\/lemaraichermoderne.com\\\/boutique\\\/\"},{\"@type\":\"ListItem\",\"position\":3,\"name\":\"PK Bloom\"}]},{\"@type\":\"WebSite\",\"@id\":\"https:\\\/\\\/lemaraichermoderne.com\\\/en\\\/#website\",\"url\":\"https:\\\/\\\/lemaraichermoderne.com\\\/en\\\/\",\"name\":\"Le Mara\u00eecher Moderne\",\"description\":\"R\u00e9f\u00e9rence en hydroponie \u00e0 Qu\u00e9bec\",\"publisher\":{\"@id\":\"https:\\\/\\\/lemaraichermoderne.com\\\/en\\\/#organization\"},\"potentialAction\":[{\"@type\":\"SearchAction\",\"target\":{\"@type\":\"EntryPoint\",\"urlTemplate\":\"https:\\\/\\\/lemaraichermoderne.com\\\/en\\\/?s={search_term_string}\"},\"query-input\":{\"@type\":\"PropertyValueSpecification\",\"valueRequired\":true,\"valueName\":\"search_term_string\"}}],\"inLanguage\":\"en-US\"},{\"@type\":\"Organization\",\"@id\":\"https:\\\/\\\/lemaraichermoderne.com\\\/en\\\/#organization\",\"name\":\"Le Mara\u00eecher Moderne\",\"url\":\"https:\\\/\\\/lemaraichermoderne.com\\\/en\\\/\",\"logo\":{\"@type\":\"ImageObject\",\"inLanguage\":\"en-US\",\"@id\":\"https:\\\/\\\/lemaraichermoderne.com\\\/en\\\/#\\\/schema\\\/logo\\\/image\\\/\",\"url\":\"https:\\\/\\\/lemaraichermoderne.com\\\/wp-content\\\/uploads\\\/2023\\\/03\\\/logo_mm1.png\",\"contentUrl\":\"https:\\\/\\\/lemaraichermoderne.com\\\/wp-content\\\/uploads\\\/2023\\\/03\\\/logo_mm1.png\",\"width\":500,\"height\":222,\"caption\":\"Le Mara\u00eecher Moderne\"},\"image\":{\"@id\":\"https:\\\/\\\/lemaraichermoderne.com\\\/en\\\/#\\\/schema\\\/logo\\\/image\\\/\"},\"sameAs\":[\"https:\\\/\\\/www.facebook.com\\\/lemaraichermoderne\",\"https:\\\/\\\/www.instagram.com\\\/lemaraichermoderne\"]}]}<\/script>\n<!-- \/ Yoast SEO plugin. -->","yoast_head_json":{"title":"PK Bloom - Le Mara\u00eecher Moderne","robots":{"index":"index","follow":"follow","max-snippet":"max-snippet:-1","max-image-preview":"max-image-preview:large","max-video-preview":"max-video-preview:-1"},"canonical":"https:\/\/lemaraichermoderne.com\/en\/produit\/pkbloom-4-litres\/","og_locale":"en_US","og_type":"article","og_title":"PK Bloom - Le Mara\u00eecher Moderne","og_description":"Floraison La gamme de produits Fred T. Lizer a \u00e9t\u00e9 con\u00e7ue dans le but de permettre la production \u00e0 haut rendement de fleurs et de fruits \u00e0 usage r\u00e9cr\u00e9atif et m\u00e9dical.\u00a0PK Bloom apporte le phosphore et le potassium suppl\u00e9mentaires n\u00e9cessaires aux \u00e9tapes de floraison et de fructification sous leurs formes les plus efficaces et permet [&hellip;]","og_url":"https:\/\/lemaraichermoderne.com\/en\/produit\/pkbloom-4-litres\/","og_site_name":"Le Mara\u00eecher Moderne","article_publisher":"https:\/\/www.facebook.com\/lemaraichermoderne","article_modified_time":"2026-02-21T16:21:03+00:00","og_image":[{"width":534,"height":800,"url":"https:\/\/lemaraichermoderne.com\/wp-content\/uploads\/2024\/01\/F5-pk-bloom.jpg","type":"image\/jpeg"}],"twitter_card":"summary_large_image","twitter_misc":{"Est. reading time":"2 minutes"},"schema":{"@context":"https:\/\/schema.org","@graph":[{"@type":"WebPage","@id":"https:\/\/lemaraichermoderne.com\/en\/produit\/pkbloom-4-litres\/","url":"https:\/\/lemaraichermoderne.com\/en\/produit\/pkbloom-4-litres\/","name":"PK Bloom - Le Mara\u00eecher Moderne","isPartOf":{"@id":"https:\/\/lemaraichermoderne.com\/en\/#website"},"primaryImageOfPage":{"@id":"https:\/\/lemaraichermoderne.com\/en\/produit\/pkbloom-4-litres\/#primaryimage"},"image":{"@id":"https:\/\/lemaraichermoderne.com\/en\/produit\/pkbloom-4-litres\/#primaryimage"},"thumbnailUrl":"https:\/\/lemaraichermoderne.com\/wp-content\/uploads\/2024\/01\/F5-pk-bloom.jpg","datePublished":"2024-01-04T17:04:13+00:00","dateModified":"2026-02-21T16:21:03+00:00","breadcrumb":{"@id":"https:\/\/lemaraichermoderne.com\/en\/produit\/pkbloom-4-litres\/#breadcrumb"},"inLanguage":"en-US","potentialAction":[{"@type":"ReadAction","target":["https:\/\/lemaraichermoderne.com\/en\/produit\/pkbloom-4-litres\/"]}]},{"@type":"ImageObject","inLanguage":"en-US","@id":"https:\/\/lemaraichermoderne.com\/en\/produit\/pkbloom-4-litres\/#primaryimage","url":"https:\/\/lemaraichermoderne.com\/wp-content\/uploads\/2024\/01\/F5-pk-bloom.jpg","contentUrl":"https:\/\/lemaraichermoderne.com\/wp-content\/uploads\/2024\/01\/F5-pk-bloom.jpg","width":534,"height":800},{"@type":"BreadcrumbList","@id":"https:\/\/lemaraichermoderne.com\/en\/produit\/pkbloom-4-litres\/#breadcrumb","itemListElement":[{"@type":"ListItem","position":1,"name":"Accueil","item":"https:\/\/lemaraichermoderne.com\/en\/"},{"@type":"ListItem","position":2,"name":"Boutique","item":"https:\/\/lemaraichermoderne.com\/boutique\/"},{"@type":"ListItem","position":3,"name":"PK Bloom"}]},{"@type":"WebSite","@id":"https:\/\/lemaraichermoderne.com\/en\/#website","url":"https:\/\/lemaraichermoderne.com\/en\/","name":"Le Mara\u00eecher Moderne","description":"R\u00e9f\u00e9rence en hydroponie \u00e0 Qu\u00e9bec","publisher":{"@id":"https:\/\/lemaraichermoderne.com\/en\/#organization"},"potentialAction":[{"@type":"SearchAction","target":{"@type":"EntryPoint","urlTemplate":"https:\/\/lemaraichermoderne.com\/en\/?s={search_term_string}"},"query-input":{"@type":"PropertyValueSpecification","valueRequired":true,"valueName":"search_term_string"}}],"inLanguage":"en-US"},{"@type":"Organization","@id":"https:\/\/lemaraichermoderne.com\/en\/#organization","name":"Le Mara\u00eecher Moderne","url":"https:\/\/lemaraichermoderne.com\/en\/","logo":{"@type":"ImageObject","inLanguage":"en-US","@id":"https:\/\/lemaraichermoderne.com\/en\/#\/schema\/logo\/image\/","url":"https:\/\/lemaraichermoderne.com\/wp-content\/uploads\/2023\/03\/logo_mm1.png","contentUrl":"https:\/\/lemaraichermoderne.com\/wp-content\/uploads\/2023\/03\/logo_mm1.png","width":500,"height":222,"caption":"Le Mara\u00eecher Moderne"},"image":{"@id":"https:\/\/lemaraichermoderne.com\/en\/#\/schema\/logo\/image\/"},"sameAs":["https:\/\/www.facebook.com\/lemaraichermoderne","https:\/\/www.instagram.com\/lemaraichermoderne"]}]}},"_links":{"self":[{"href":"https:\/\/lemaraichermoderne.com\/en\/wp-json\/wp\/v2\/product\/2163","targetHints":{"allow":["GET"]}}],"collection":[{"href":"https:\/\/lemaraichermoderne.com\/en\/wp-json\/wp\/v2\/product"}],"about":[{"href":"https:\/\/lemaraichermoderne.com\/en\/wp-json\/wp\/v2\/types\/product"}],"wp:featuredmedia":[{"embeddable":true,"href":"https:\/\/lemaraichermoderne.com\/en\/wp-json\/wp\/v2\/media\/2165"}],"wp:attachment":[{"href":"https:\/\/lemaraichermoderne.com\/en\/wp-json\/wp\/v2\/media?parent=2163"}],"wp:term":[{"taxonomy":"product_brand","embeddable":true,"href":"https:\/\/lemaraichermoderne.com\/en\/wp-json\/wp\/v2\/product_brand?post=2163"},{"taxonomy":"product_cat","embeddable":true,"href":"https:\/\/lemaraichermoderne.com\/en\/wp-json\/wp\/v2\/product_cat?post=2163"},{"taxonomy":"product_tag","embeddable":true,"href":"https:\/\/lemaraichermoderne.com\/en\/wp-json\/wp\/v2\/product_tag?post=2163"}],"curies":[{"name":"wp","href":"https:\/\/api.w.org\/{rel}","templated":true}]}}