{"id":2172,"date":"2024-01-04T12:35:20","date_gmt":"2024-01-04T17:35:20","guid":{"rendered":"https:\/\/lemaraichermoderne.com\/?post_type=product&#038;p=2172"},"modified":"2025-09-19T11:25:28","modified_gmt":"2025-09-19T15:25:28","slug":"enzylizer-fredtlizer-250-ml","status":"publish","type":"product","link":"https:\/\/lemaraichermoderne.com\/en\/produit\/enzylizer-fredtlizer-250-ml\/","title":{"rendered":"Fredtlizer Enzylizer"},"content":{"rendered":"<p><strong>Enzylizer\u00a0<\/strong>(<strong>ECH<\/strong>) et une formulation super concentr\u00e9e et performante d\u2019enzyme biologique qui permettent de d\u00e9composer les mati\u00e8res organiques mortes et des algues dans les syst\u00e8mes de clonage, les syst\u00e8mes de productions hydroponiques et les sols, ceci permet de revaloriser ces d\u00e9chets en lib\u00e9rant leurs nutriments pour \u00eatre utilis\u00e9s \u00e0 nouveau par les plantes ainsi que de<strong>\u00a0garder le milieu de culture propre et sain<\/strong>.<\/p>\n<p><strong>Enzylizer est adapt\u00e9 \u00e0 tous les substrats<\/strong>\u00a0incluant les terres \u00e0 jardins, terreaux d\u2019empotage, tous les types de syst\u00e8mes hydroponiques et les cultures en fibre de coco. Convient \u00e9galement pour l\u2019injection dans le sol, cultures de plein champ ou sous serres.<\/p>\n<p>&nbsp;<\/p>\n<p><u>Mode d\u2019emploi\u00a0:<\/u>\u00a0Semis et Bouture\u00a0:\u00a0Dilu\u00e9 0.2ml par litre d\u2019eau\u00a0et appliquer avec Roots &amp; Rhizo, une fois semaine au cours des 2 premi\u00e8res semaines suivant la germination, le bouturage ou la transplantation. Vous pouvez ajouter Vitalizer a cette solution nutritive.<\/p>\n<p>Vous pouvez aussi vaporiser le dessus des laines de roche et autre substrat pour \u00e9liminer la formation d\u2019algue.<\/p>\n<p>Croissance et floraison\u00a0:\u00a0Dilu\u00e9 0.2ml par litre d\u2019eau\u00a0et appliquer une fois par semaine de la phase de croissance jusqu\u2019\u00e0 la r\u00e9colte.<\/p>\n<p><u>\u00c9l\u00e9ments fertilisants inclus dans Enzylizer\u00a0:<\/u>\u00a0Enzyme<\/p>\n<p>Taux de m\u00e9taux lourds en ppm (particule par million)\u00a0:\u00a0Arsenic 0, Cadmium 0, Mercure 0, Plomb 0<\/p>\n<p>Fait de Xylanase<\/p>\n<p><u>Solubilit\u00e9\u00a0:<\/u>\u00a0100%<\/p>\n<p>Formats disponibles\u00a0: 30ml, 250ml, 1L, 4L, 10L, 210L, 1000L<\/p>\n<p>VALEUR EC : 1ml d\u2019Ezylizer dans 1 litre d\u2019eau d\u00e9min\u00e9ralis\u00e9 donne EC 0 ms\/cm (0ppm TDS500)<\/p>\n","protected":false},"excerpt":{"rendered":"<p>Enzylizer\u00a0(ECH) et une formulation super concentr\u00e9e et performante d\u2019enzyme biologique qui permettent de d\u00e9composer les mati\u00e8res organiques mortes et des algues dans les syst\u00e8mes de clonage, les syst\u00e8mes de productions hydroponiques et les sols, ceci permet de revaloriser ces d\u00e9chets en lib\u00e9rant leurs nutriments pour \u00eatre utilis\u00e9s \u00e0 nouveau par les plantes ainsi que de\u00a0garder [&hellip;]<\/p>\n","protected":false},"featured_media":2173,"template":"","meta":[],"product_brand":[],"product_cat":[21],"product_tag":[],"class_list":{"0":"post-2172","1":"product","2":"type-product","3":"status-publish","4":"has-post-thumbnail","6":"product_cat-nutriments","8":"first","9":"instock","10":"taxable","11":"shipping-taxable","12":"purchasable","13":"product-type-variable"},"yoast_head":"<!-- This site is optimized with the Yoast SEO plugin v27.4 - https:\/\/yoast.com\/product\/yoast-seo-wordpress\/ -->\n<title>Fredtlizer Enzylizer - Le Mara\u00eecher Moderne<\/title>\n<meta name=\"robots\" content=\"index, follow, max-snippet:-1, max-image-preview:large, max-video-preview:-1\" \/>\n<link rel=\"canonical\" href=\"https:\/\/lemaraichermoderne.com\/en\/produit\/enzylizer-fredtlizer-250-ml\/\" \/>\n<meta property=\"og:locale\" content=\"en_US\" \/>\n<meta property=\"og:type\" content=\"article\" \/>\n<meta property=\"og:title\" content=\"Fredtlizer Enzylizer - Le Mara\u00eecher Moderne\" \/>\n<meta property=\"og:description\" content=\"Enzylizer\u00a0(ECH) et une formulation super concentr\u00e9e et performante d\u2019enzyme biologique qui permettent de d\u00e9composer les mati\u00e8res organiques mortes et des algues dans les syst\u00e8mes de clonage, les syst\u00e8mes de productions hydroponiques et les sols, ceci permet de revaloriser ces d\u00e9chets en lib\u00e9rant leurs nutriments pour \u00eatre utilis\u00e9s \u00e0 nouveau par les plantes ainsi que de\u00a0garder [&hellip;]\" \/>\n<meta property=\"og:url\" content=\"https:\/\/lemaraichermoderne.com\/en\/produit\/enzylizer-fredtlizer-250-ml\/\" \/>\n<meta property=\"og:site_name\" content=\"Le Mara\u00eecher Moderne\" \/>\n<meta property=\"article:publisher\" content=\"https:\/\/www.facebook.com\/lemaraichermoderne\" \/>\n<meta property=\"article:modified_time\" content=\"2025-09-19T15:25:28+00:00\" \/>\n<meta property=\"og:image\" content=\"https:\/\/lemaraichermoderne.com\/wp-content\/uploads\/2024\/01\/F5-enzylizer.jpg\" \/>\n\t<meta property=\"og:image:width\" content=\"534\" \/>\n\t<meta property=\"og:image:height\" content=\"800\" \/>\n\t<meta property=\"og:image:type\" content=\"image\/jpeg\" \/>\n<meta name=\"twitter:card\" content=\"summary_large_image\" \/>\n<meta name=\"twitter:label1\" content=\"Est. reading time\" \/>\n\t<meta name=\"twitter:data1\" content=\"2 minutes\" \/>\n<script type=\"application\/ld+json\" class=\"yoast-schema-graph\">{\"@context\":\"https:\\\/\\\/schema.org\",\"@graph\":[{\"@type\":\"WebPage\",\"@id\":\"https:\\\/\\\/lemaraichermoderne.com\\\/en\\\/produit\\\/enzylizer-fredtlizer-250-ml\\\/\",\"url\":\"https:\\\/\\\/lemaraichermoderne.com\\\/en\\\/produit\\\/enzylizer-fredtlizer-250-ml\\\/\",\"name\":\"Fredtlizer Enzylizer - Le Mara\u00eecher Moderne\",\"isPartOf\":{\"@id\":\"https:\\\/\\\/lemaraichermoderne.com\\\/en\\\/#website\"},\"primaryImageOfPage\":{\"@id\":\"https:\\\/\\\/lemaraichermoderne.com\\\/en\\\/produit\\\/enzylizer-fredtlizer-250-ml\\\/#primaryimage\"},\"image\":{\"@id\":\"https:\\\/\\\/lemaraichermoderne.com\\\/en\\\/produit\\\/enzylizer-fredtlizer-250-ml\\\/#primaryimage\"},\"thumbnailUrl\":\"https:\\\/\\\/lemaraichermoderne.com\\\/wp-content\\\/uploads\\\/2024\\\/01\\\/F5-enzylizer.jpg\",\"datePublished\":\"2024-01-04T17:35:20+00:00\",\"dateModified\":\"2025-09-19T15:25:28+00:00\",\"breadcrumb\":{\"@id\":\"https:\\\/\\\/lemaraichermoderne.com\\\/en\\\/produit\\\/enzylizer-fredtlizer-250-ml\\\/#breadcrumb\"},\"inLanguage\":\"en-US\",\"potentialAction\":[{\"@type\":\"ReadAction\",\"target\":[\"https:\\\/\\\/lemaraichermoderne.com\\\/en\\\/produit\\\/enzylizer-fredtlizer-250-ml\\\/\"]}]},{\"@type\":\"ImageObject\",\"inLanguage\":\"en-US\",\"@id\":\"https:\\\/\\\/lemaraichermoderne.com\\\/en\\\/produit\\\/enzylizer-fredtlizer-250-ml\\\/#primaryimage\",\"url\":\"https:\\\/\\\/lemaraichermoderne.com\\\/wp-content\\\/uploads\\\/2024\\\/01\\\/F5-enzylizer.jpg\",\"contentUrl\":\"https:\\\/\\\/lemaraichermoderne.com\\\/wp-content\\\/uploads\\\/2024\\\/01\\\/F5-enzylizer.jpg\",\"width\":534,\"height\":800},{\"@type\":\"BreadcrumbList\",\"@id\":\"https:\\\/\\\/lemaraichermoderne.com\\\/en\\\/produit\\\/enzylizer-fredtlizer-250-ml\\\/#breadcrumb\",\"itemListElement\":[{\"@type\":\"ListItem\",\"position\":1,\"name\":\"Accueil\",\"item\":\"https:\\\/\\\/lemaraichermoderne.com\\\/en\\\/\"},{\"@type\":\"ListItem\",\"position\":2,\"name\":\"Boutique\",\"item\":\"https:\\\/\\\/lemaraichermoderne.com\\\/boutique\\\/\"},{\"@type\":\"ListItem\",\"position\":3,\"name\":\"Fredtlizer Enzylizer\"}]},{\"@type\":\"WebSite\",\"@id\":\"https:\\\/\\\/lemaraichermoderne.com\\\/en\\\/#website\",\"url\":\"https:\\\/\\\/lemaraichermoderne.com\\\/en\\\/\",\"name\":\"Le Mara\u00eecher Moderne\",\"description\":\"R\u00e9f\u00e9rence en hydroponie \u00e0 Qu\u00e9bec\",\"publisher\":{\"@id\":\"https:\\\/\\\/lemaraichermoderne.com\\\/en\\\/#organization\"},\"potentialAction\":[{\"@type\":\"SearchAction\",\"target\":{\"@type\":\"EntryPoint\",\"urlTemplate\":\"https:\\\/\\\/lemaraichermoderne.com\\\/en\\\/?s={search_term_string}\"},\"query-input\":{\"@type\":\"PropertyValueSpecification\",\"valueRequired\":true,\"valueName\":\"search_term_string\"}}],\"inLanguage\":\"en-US\"},{\"@type\":\"Organization\",\"@id\":\"https:\\\/\\\/lemaraichermoderne.com\\\/en\\\/#organization\",\"name\":\"Le Mara\u00eecher Moderne\",\"url\":\"https:\\\/\\\/lemaraichermoderne.com\\\/en\\\/\",\"logo\":{\"@type\":\"ImageObject\",\"inLanguage\":\"en-US\",\"@id\":\"https:\\\/\\\/lemaraichermoderne.com\\\/en\\\/#\\\/schema\\\/logo\\\/image\\\/\",\"url\":\"https:\\\/\\\/lemaraichermoderne.com\\\/wp-content\\\/uploads\\\/2023\\\/03\\\/logo_mm1.png\",\"contentUrl\":\"https:\\\/\\\/lemaraichermoderne.com\\\/wp-content\\\/uploads\\\/2023\\\/03\\\/logo_mm1.png\",\"width\":500,\"height\":222,\"caption\":\"Le Mara\u00eecher Moderne\"},\"image\":{\"@id\":\"https:\\\/\\\/lemaraichermoderne.com\\\/en\\\/#\\\/schema\\\/logo\\\/image\\\/\"},\"sameAs\":[\"https:\\\/\\\/www.facebook.com\\\/lemaraichermoderne\",\"https:\\\/\\\/www.instagram.com\\\/lemaraichermoderne\"]}]}<\/script>\n<!-- \/ Yoast SEO plugin. -->","yoast_head_json":{"title":"Fredtlizer Enzylizer - Le Mara\u00eecher Moderne","robots":{"index":"index","follow":"follow","max-snippet":"max-snippet:-1","max-image-preview":"max-image-preview:large","max-video-preview":"max-video-preview:-1"},"canonical":"https:\/\/lemaraichermoderne.com\/en\/produit\/enzylizer-fredtlizer-250-ml\/","og_locale":"en_US","og_type":"article","og_title":"Fredtlizer Enzylizer - Le Mara\u00eecher Moderne","og_description":"Enzylizer\u00a0(ECH) et une formulation super concentr\u00e9e et performante d\u2019enzyme biologique qui permettent de d\u00e9composer les mati\u00e8res organiques mortes et des algues dans les syst\u00e8mes de clonage, les syst\u00e8mes de productions hydroponiques et les sols, ceci permet de revaloriser ces d\u00e9chets en lib\u00e9rant leurs nutriments pour \u00eatre utilis\u00e9s \u00e0 nouveau par les plantes ainsi que de\u00a0garder [&hellip;]","og_url":"https:\/\/lemaraichermoderne.com\/en\/produit\/enzylizer-fredtlizer-250-ml\/","og_site_name":"Le Mara\u00eecher Moderne","article_publisher":"https:\/\/www.facebook.com\/lemaraichermoderne","article_modified_time":"2025-09-19T15:25:28+00:00","og_image":[{"width":534,"height":800,"url":"https:\/\/lemaraichermoderne.com\/wp-content\/uploads\/2024\/01\/F5-enzylizer.jpg","type":"image\/jpeg"}],"twitter_card":"summary_large_image","twitter_misc":{"Est. reading time":"2 minutes"},"schema":{"@context":"https:\/\/schema.org","@graph":[{"@type":"WebPage","@id":"https:\/\/lemaraichermoderne.com\/en\/produit\/enzylizer-fredtlizer-250-ml\/","url":"https:\/\/lemaraichermoderne.com\/en\/produit\/enzylizer-fredtlizer-250-ml\/","name":"Fredtlizer Enzylizer - Le Mara\u00eecher Moderne","isPartOf":{"@id":"https:\/\/lemaraichermoderne.com\/en\/#website"},"primaryImageOfPage":{"@id":"https:\/\/lemaraichermoderne.com\/en\/produit\/enzylizer-fredtlizer-250-ml\/#primaryimage"},"image":{"@id":"https:\/\/lemaraichermoderne.com\/en\/produit\/enzylizer-fredtlizer-250-ml\/#primaryimage"},"thumbnailUrl":"https:\/\/lemaraichermoderne.com\/wp-content\/uploads\/2024\/01\/F5-enzylizer.jpg","datePublished":"2024-01-04T17:35:20+00:00","dateModified":"2025-09-19T15:25:28+00:00","breadcrumb":{"@id":"https:\/\/lemaraichermoderne.com\/en\/produit\/enzylizer-fredtlizer-250-ml\/#breadcrumb"},"inLanguage":"en-US","potentialAction":[{"@type":"ReadAction","target":["https:\/\/lemaraichermoderne.com\/en\/produit\/enzylizer-fredtlizer-250-ml\/"]}]},{"@type":"ImageObject","inLanguage":"en-US","@id":"https:\/\/lemaraichermoderne.com\/en\/produit\/enzylizer-fredtlizer-250-ml\/#primaryimage","url":"https:\/\/lemaraichermoderne.com\/wp-content\/uploads\/2024\/01\/F5-enzylizer.jpg","contentUrl":"https:\/\/lemaraichermoderne.com\/wp-content\/uploads\/2024\/01\/F5-enzylizer.jpg","width":534,"height":800},{"@type":"BreadcrumbList","@id":"https:\/\/lemaraichermoderne.com\/en\/produit\/enzylizer-fredtlizer-250-ml\/#breadcrumb","itemListElement":[{"@type":"ListItem","position":1,"name":"Accueil","item":"https:\/\/lemaraichermoderne.com\/en\/"},{"@type":"ListItem","position":2,"name":"Boutique","item":"https:\/\/lemaraichermoderne.com\/boutique\/"},{"@type":"ListItem","position":3,"name":"Fredtlizer Enzylizer"}]},{"@type":"WebSite","@id":"https:\/\/lemaraichermoderne.com\/en\/#website","url":"https:\/\/lemaraichermoderne.com\/en\/","name":"Le Mara\u00eecher Moderne","description":"R\u00e9f\u00e9rence en hydroponie \u00e0 Qu\u00e9bec","publisher":{"@id":"https:\/\/lemaraichermoderne.com\/en\/#organization"},"potentialAction":[{"@type":"SearchAction","target":{"@type":"EntryPoint","urlTemplate":"https:\/\/lemaraichermoderne.com\/en\/?s={search_term_string}"},"query-input":{"@type":"PropertyValueSpecification","valueRequired":true,"valueName":"search_term_string"}}],"inLanguage":"en-US"},{"@type":"Organization","@id":"https:\/\/lemaraichermoderne.com\/en\/#organization","name":"Le Mara\u00eecher Moderne","url":"https:\/\/lemaraichermoderne.com\/en\/","logo":{"@type":"ImageObject","inLanguage":"en-US","@id":"https:\/\/lemaraichermoderne.com\/en\/#\/schema\/logo\/image\/","url":"https:\/\/lemaraichermoderne.com\/wp-content\/uploads\/2023\/03\/logo_mm1.png","contentUrl":"https:\/\/lemaraichermoderne.com\/wp-content\/uploads\/2023\/03\/logo_mm1.png","width":500,"height":222,"caption":"Le Mara\u00eecher Moderne"},"image":{"@id":"https:\/\/lemaraichermoderne.com\/en\/#\/schema\/logo\/image\/"},"sameAs":["https:\/\/www.facebook.com\/lemaraichermoderne","https:\/\/www.instagram.com\/lemaraichermoderne"]}]}},"_links":{"self":[{"href":"https:\/\/lemaraichermoderne.com\/en\/wp-json\/wp\/v2\/product\/2172","targetHints":{"allow":["GET"]}}],"collection":[{"href":"https:\/\/lemaraichermoderne.com\/en\/wp-json\/wp\/v2\/product"}],"about":[{"href":"https:\/\/lemaraichermoderne.com\/en\/wp-json\/wp\/v2\/types\/product"}],"wp:featuredmedia":[{"embeddable":true,"href":"https:\/\/lemaraichermoderne.com\/en\/wp-json\/wp\/v2\/media\/2173"}],"wp:attachment":[{"href":"https:\/\/lemaraichermoderne.com\/en\/wp-json\/wp\/v2\/media?parent=2172"}],"wp:term":[{"taxonomy":"product_brand","embeddable":true,"href":"https:\/\/lemaraichermoderne.com\/en\/wp-json\/wp\/v2\/product_brand?post=2172"},{"taxonomy":"product_cat","embeddable":true,"href":"https:\/\/lemaraichermoderne.com\/en\/wp-json\/wp\/v2\/product_cat?post=2172"},{"taxonomy":"product_tag","embeddable":true,"href":"https:\/\/lemaraichermoderne.com\/en\/wp-json\/wp\/v2\/product_tag?post=2172"}],"curies":[{"name":"wp","href":"https:\/\/api.w.org\/{rel}","templated":true}]}}