{"id":2216,"date":"2024-01-09T10:16:06","date_gmt":"2024-01-09T15:16:06","guid":{"rendered":"https:\/\/lemaraichermoderne.com\/?post_type=product&#038;p=2216"},"modified":"2025-09-19T15:22:27","modified_gmt":"2025-09-19T19:22:27","slug":"ecoplus-commercial-air5-80w-1-outlet-1300gph","status":"publish","type":"product","link":"https:\/\/lemaraichermoderne.com\/en\/produit\/ecoplus-commercial-air5-80w-1-outlet-1300gph\/","title":{"rendered":"EcoPlus Commercial Air5 80W 1 Outlet 1300GPH"},"content":{"rendered":"<p>Cette pompe commerciale EcoPlus est largement utilis\u00e9e pour fournir de l&#8217;oxyg\u00e8ne dans les aquariums, les piscicultures et les syst\u00e8mes hydroponiques.<\/p>\n<p>&nbsp;<\/p>\n<p>Elle comprend un collecteur d&#8217;air chrom\u00e9, comportant de six \u00e0 douze sorties, selon le mod\u00e8le de pompe. Les cylindres et les pistons sont fabriqu\u00e9s \u00e0 partir de mat\u00e9riaux de premi\u00e8re qualit\u00e9, ce qui rend la pompe solide et durable. Fonctionnement pratique, sans huile ni bruit. Cette pompe comprend deux raccords diff\u00e9rents: raccords 1\/2 pouces et 3\/8 pouces.<\/p>\n","protected":false},"excerpt":{"rendered":"<p>Cette pompe commerciale EcoPlus est largement utilis\u00e9e pour fournir de l&#8217;oxyg\u00e8ne dans les aquariums, les piscicultures et les syst\u00e8mes hydroponiques. &nbsp; Elle comprend un collecteur d&#8217;air chrom\u00e9, comportant de six \u00e0 douze sorties, selon le mod\u00e8le de pompe. Les cylindres et les pistons sont fabriqu\u00e9s \u00e0 partir de mat\u00e9riaux de premi\u00e8re qualit\u00e9, ce qui rend [&hellip;]<\/p>\n","protected":false},"featured_media":2217,"template":"","meta":[],"product_brand":[],"product_cat":[24],"product_tag":[],"class_list":{"0":"post-2216","1":"product","2":"type-product","3":"status-publish","4":"has-post-thumbnail","6":"product_cat-accessoires","8":"first","9":"instock","10":"taxable","11":"shipping-taxable","12":"purchasable","13":"product-type-simple"},"yoast_head":"<!-- This site is optimized with the Yoast SEO plugin v27.4 - https:\/\/yoast.com\/product\/yoast-seo-wordpress\/ -->\n<title>EcoPlus Commercial Air5 80W 1 Outlet 1300GPH - Le Mara\u00eecher Moderne<\/title>\n<meta name=\"robots\" content=\"index, follow, max-snippet:-1, max-image-preview:large, max-video-preview:-1\" \/>\n<link rel=\"canonical\" href=\"https:\/\/lemaraichermoderne.com\/en\/produit\/ecoplus-commercial-air5-80w-1-outlet-1300gph\/\" \/>\n<meta property=\"og:locale\" content=\"en_US\" \/>\n<meta property=\"og:type\" content=\"article\" \/>\n<meta property=\"og:title\" content=\"EcoPlus Commercial Air5 80W 1 Outlet 1300GPH - Le Mara\u00eecher Moderne\" \/>\n<meta property=\"og:description\" content=\"Cette pompe commerciale EcoPlus est largement utilis\u00e9e pour fournir de l&#8217;oxyg\u00e8ne dans les aquariums, les piscicultures et les syst\u00e8mes hydroponiques. &nbsp; Elle comprend un collecteur d&#8217;air chrom\u00e9, comportant de six \u00e0 douze sorties, selon le mod\u00e8le de pompe. Les cylindres et les pistons sont fabriqu\u00e9s \u00e0 partir de mat\u00e9riaux de premi\u00e8re qualit\u00e9, ce qui rend [&hellip;]\" \/>\n<meta property=\"og:url\" content=\"https:\/\/lemaraichermoderne.com\/en\/produit\/ecoplus-commercial-air5-80w-1-outlet-1300gph\/\" \/>\n<meta property=\"og:site_name\" content=\"Le Mara\u00eecher Moderne\" \/>\n<meta property=\"article:publisher\" content=\"https:\/\/www.facebook.com\/lemaraichermoderne\" \/>\n<meta property=\"article:modified_time\" content=\"2025-09-19T19:22:27+00:00\" \/>\n<meta property=\"og:image\" content=\"https:\/\/lemaraichermoderne.com\/wp-content\/uploads\/2024\/01\/ecoplus-commercial-air5-air-pump-06029500038.jpg\" \/>\n\t<meta property=\"og:image:width\" content=\"1200\" \/>\n\t<meta property=\"og:image:height\" content=\"1200\" \/>\n\t<meta property=\"og:image:type\" content=\"image\/jpeg\" \/>\n<meta name=\"twitter:card\" content=\"summary_large_image\" \/>\n<meta name=\"twitter:label1\" content=\"Est. reading time\" \/>\n\t<meta name=\"twitter:data1\" content=\"1 minute\" \/>\n<script type=\"application\/ld+json\" class=\"yoast-schema-graph\">{\"@context\":\"https:\\\/\\\/schema.org\",\"@graph\":[{\"@type\":\"WebPage\",\"@id\":\"https:\\\/\\\/lemaraichermoderne.com\\\/en\\\/produit\\\/ecoplus-commercial-air5-80w-1-outlet-1300gph\\\/\",\"url\":\"https:\\\/\\\/lemaraichermoderne.com\\\/en\\\/produit\\\/ecoplus-commercial-air5-80w-1-outlet-1300gph\\\/\",\"name\":\"EcoPlus Commercial Air5 80W 1 Outlet 1300GPH - Le Mara\u00eecher Moderne\",\"isPartOf\":{\"@id\":\"https:\\\/\\\/lemaraichermoderne.com\\\/en\\\/#website\"},\"primaryImageOfPage\":{\"@id\":\"https:\\\/\\\/lemaraichermoderne.com\\\/en\\\/produit\\\/ecoplus-commercial-air5-80w-1-outlet-1300gph\\\/#primaryimage\"},\"image\":{\"@id\":\"https:\\\/\\\/lemaraichermoderne.com\\\/en\\\/produit\\\/ecoplus-commercial-air5-80w-1-outlet-1300gph\\\/#primaryimage\"},\"thumbnailUrl\":\"https:\\\/\\\/lemaraichermoderne.com\\\/wp-content\\\/uploads\\\/2024\\\/01\\\/ecoplus-commercial-air5-air-pump-06029500038.jpg\",\"datePublished\":\"2024-01-09T15:16:06+00:00\",\"dateModified\":\"2025-09-19T19:22:27+00:00\",\"breadcrumb\":{\"@id\":\"https:\\\/\\\/lemaraichermoderne.com\\\/en\\\/produit\\\/ecoplus-commercial-air5-80w-1-outlet-1300gph\\\/#breadcrumb\"},\"inLanguage\":\"en-US\",\"potentialAction\":[{\"@type\":\"ReadAction\",\"target\":[\"https:\\\/\\\/lemaraichermoderne.com\\\/en\\\/produit\\\/ecoplus-commercial-air5-80w-1-outlet-1300gph\\\/\"]}]},{\"@type\":\"ImageObject\",\"inLanguage\":\"en-US\",\"@id\":\"https:\\\/\\\/lemaraichermoderne.com\\\/en\\\/produit\\\/ecoplus-commercial-air5-80w-1-outlet-1300gph\\\/#primaryimage\",\"url\":\"https:\\\/\\\/lemaraichermoderne.com\\\/wp-content\\\/uploads\\\/2024\\\/01\\\/ecoplus-commercial-air5-air-pump-06029500038.jpg\",\"contentUrl\":\"https:\\\/\\\/lemaraichermoderne.com\\\/wp-content\\\/uploads\\\/2024\\\/01\\\/ecoplus-commercial-air5-air-pump-06029500038.jpg\",\"width\":1200,\"height\":1200},{\"@type\":\"BreadcrumbList\",\"@id\":\"https:\\\/\\\/lemaraichermoderne.com\\\/en\\\/produit\\\/ecoplus-commercial-air5-80w-1-outlet-1300gph\\\/#breadcrumb\",\"itemListElement\":[{\"@type\":\"ListItem\",\"position\":1,\"name\":\"Accueil\",\"item\":\"https:\\\/\\\/lemaraichermoderne.com\\\/en\\\/\"},{\"@type\":\"ListItem\",\"position\":2,\"name\":\"Boutique\",\"item\":\"https:\\\/\\\/lemaraichermoderne.com\\\/boutique\\\/\"},{\"@type\":\"ListItem\",\"position\":3,\"name\":\"EcoPlus Commercial Air5 80W 1 Outlet 1300GPH\"}]},{\"@type\":\"WebSite\",\"@id\":\"https:\\\/\\\/lemaraichermoderne.com\\\/en\\\/#website\",\"url\":\"https:\\\/\\\/lemaraichermoderne.com\\\/en\\\/\",\"name\":\"Le Mara\u00eecher Moderne\",\"description\":\"R\u00e9f\u00e9rence en hydroponie \u00e0 Qu\u00e9bec\",\"publisher\":{\"@id\":\"https:\\\/\\\/lemaraichermoderne.com\\\/en\\\/#organization\"},\"potentialAction\":[{\"@type\":\"SearchAction\",\"target\":{\"@type\":\"EntryPoint\",\"urlTemplate\":\"https:\\\/\\\/lemaraichermoderne.com\\\/en\\\/?s={search_term_string}\"},\"query-input\":{\"@type\":\"PropertyValueSpecification\",\"valueRequired\":true,\"valueName\":\"search_term_string\"}}],\"inLanguage\":\"en-US\"},{\"@type\":\"Organization\",\"@id\":\"https:\\\/\\\/lemaraichermoderne.com\\\/en\\\/#organization\",\"name\":\"Le Mara\u00eecher Moderne\",\"url\":\"https:\\\/\\\/lemaraichermoderne.com\\\/en\\\/\",\"logo\":{\"@type\":\"ImageObject\",\"inLanguage\":\"en-US\",\"@id\":\"https:\\\/\\\/lemaraichermoderne.com\\\/en\\\/#\\\/schema\\\/logo\\\/image\\\/\",\"url\":\"https:\\\/\\\/lemaraichermoderne.com\\\/wp-content\\\/uploads\\\/2023\\\/03\\\/logo_mm1.png\",\"contentUrl\":\"https:\\\/\\\/lemaraichermoderne.com\\\/wp-content\\\/uploads\\\/2023\\\/03\\\/logo_mm1.png\",\"width\":500,\"height\":222,\"caption\":\"Le Mara\u00eecher Moderne\"},\"image\":{\"@id\":\"https:\\\/\\\/lemaraichermoderne.com\\\/en\\\/#\\\/schema\\\/logo\\\/image\\\/\"},\"sameAs\":[\"https:\\\/\\\/www.facebook.com\\\/lemaraichermoderne\",\"https:\\\/\\\/www.instagram.com\\\/lemaraichermoderne\"]}]}<\/script>\n<!-- \/ Yoast SEO plugin. -->","yoast_head_json":{"title":"EcoPlus Commercial Air5 80W 1 Outlet 1300GPH - Le Mara\u00eecher Moderne","robots":{"index":"index","follow":"follow","max-snippet":"max-snippet:-1","max-image-preview":"max-image-preview:large","max-video-preview":"max-video-preview:-1"},"canonical":"https:\/\/lemaraichermoderne.com\/en\/produit\/ecoplus-commercial-air5-80w-1-outlet-1300gph\/","og_locale":"en_US","og_type":"article","og_title":"EcoPlus Commercial Air5 80W 1 Outlet 1300GPH - Le Mara\u00eecher Moderne","og_description":"Cette pompe commerciale EcoPlus est largement utilis\u00e9e pour fournir de l&#8217;oxyg\u00e8ne dans les aquariums, les piscicultures et les syst\u00e8mes hydroponiques. &nbsp; Elle comprend un collecteur d&#8217;air chrom\u00e9, comportant de six \u00e0 douze sorties, selon le mod\u00e8le de pompe. Les cylindres et les pistons sont fabriqu\u00e9s \u00e0 partir de mat\u00e9riaux de premi\u00e8re qualit\u00e9, ce qui rend [&hellip;]","og_url":"https:\/\/lemaraichermoderne.com\/en\/produit\/ecoplus-commercial-air5-80w-1-outlet-1300gph\/","og_site_name":"Le Mara\u00eecher Moderne","article_publisher":"https:\/\/www.facebook.com\/lemaraichermoderne","article_modified_time":"2025-09-19T19:22:27+00:00","og_image":[{"width":1200,"height":1200,"url":"https:\/\/lemaraichermoderne.com\/wp-content\/uploads\/2024\/01\/ecoplus-commercial-air5-air-pump-06029500038.jpg","type":"image\/jpeg"}],"twitter_card":"summary_large_image","twitter_misc":{"Est. reading time":"1 minute"},"schema":{"@context":"https:\/\/schema.org","@graph":[{"@type":"WebPage","@id":"https:\/\/lemaraichermoderne.com\/en\/produit\/ecoplus-commercial-air5-80w-1-outlet-1300gph\/","url":"https:\/\/lemaraichermoderne.com\/en\/produit\/ecoplus-commercial-air5-80w-1-outlet-1300gph\/","name":"EcoPlus Commercial Air5 80W 1 Outlet 1300GPH - Le Mara\u00eecher Moderne","isPartOf":{"@id":"https:\/\/lemaraichermoderne.com\/en\/#website"},"primaryImageOfPage":{"@id":"https:\/\/lemaraichermoderne.com\/en\/produit\/ecoplus-commercial-air5-80w-1-outlet-1300gph\/#primaryimage"},"image":{"@id":"https:\/\/lemaraichermoderne.com\/en\/produit\/ecoplus-commercial-air5-80w-1-outlet-1300gph\/#primaryimage"},"thumbnailUrl":"https:\/\/lemaraichermoderne.com\/wp-content\/uploads\/2024\/01\/ecoplus-commercial-air5-air-pump-06029500038.jpg","datePublished":"2024-01-09T15:16:06+00:00","dateModified":"2025-09-19T19:22:27+00:00","breadcrumb":{"@id":"https:\/\/lemaraichermoderne.com\/en\/produit\/ecoplus-commercial-air5-80w-1-outlet-1300gph\/#breadcrumb"},"inLanguage":"en-US","potentialAction":[{"@type":"ReadAction","target":["https:\/\/lemaraichermoderne.com\/en\/produit\/ecoplus-commercial-air5-80w-1-outlet-1300gph\/"]}]},{"@type":"ImageObject","inLanguage":"en-US","@id":"https:\/\/lemaraichermoderne.com\/en\/produit\/ecoplus-commercial-air5-80w-1-outlet-1300gph\/#primaryimage","url":"https:\/\/lemaraichermoderne.com\/wp-content\/uploads\/2024\/01\/ecoplus-commercial-air5-air-pump-06029500038.jpg","contentUrl":"https:\/\/lemaraichermoderne.com\/wp-content\/uploads\/2024\/01\/ecoplus-commercial-air5-air-pump-06029500038.jpg","width":1200,"height":1200},{"@type":"BreadcrumbList","@id":"https:\/\/lemaraichermoderne.com\/en\/produit\/ecoplus-commercial-air5-80w-1-outlet-1300gph\/#breadcrumb","itemListElement":[{"@type":"ListItem","position":1,"name":"Accueil","item":"https:\/\/lemaraichermoderne.com\/en\/"},{"@type":"ListItem","position":2,"name":"Boutique","item":"https:\/\/lemaraichermoderne.com\/boutique\/"},{"@type":"ListItem","position":3,"name":"EcoPlus Commercial Air5 80W 1 Outlet 1300GPH"}]},{"@type":"WebSite","@id":"https:\/\/lemaraichermoderne.com\/en\/#website","url":"https:\/\/lemaraichermoderne.com\/en\/","name":"Le Mara\u00eecher Moderne","description":"R\u00e9f\u00e9rence en hydroponie \u00e0 Qu\u00e9bec","publisher":{"@id":"https:\/\/lemaraichermoderne.com\/en\/#organization"},"potentialAction":[{"@type":"SearchAction","target":{"@type":"EntryPoint","urlTemplate":"https:\/\/lemaraichermoderne.com\/en\/?s={search_term_string}"},"query-input":{"@type":"PropertyValueSpecification","valueRequired":true,"valueName":"search_term_string"}}],"inLanguage":"en-US"},{"@type":"Organization","@id":"https:\/\/lemaraichermoderne.com\/en\/#organization","name":"Le Mara\u00eecher Moderne","url":"https:\/\/lemaraichermoderne.com\/en\/","logo":{"@type":"ImageObject","inLanguage":"en-US","@id":"https:\/\/lemaraichermoderne.com\/en\/#\/schema\/logo\/image\/","url":"https:\/\/lemaraichermoderne.com\/wp-content\/uploads\/2023\/03\/logo_mm1.png","contentUrl":"https:\/\/lemaraichermoderne.com\/wp-content\/uploads\/2023\/03\/logo_mm1.png","width":500,"height":222,"caption":"Le Mara\u00eecher Moderne"},"image":{"@id":"https:\/\/lemaraichermoderne.com\/en\/#\/schema\/logo\/image\/"},"sameAs":["https:\/\/www.facebook.com\/lemaraichermoderne","https:\/\/www.instagram.com\/lemaraichermoderne"]}]}},"_links":{"self":[{"href":"https:\/\/lemaraichermoderne.com\/en\/wp-json\/wp\/v2\/product\/2216","targetHints":{"allow":["GET"]}}],"collection":[{"href":"https:\/\/lemaraichermoderne.com\/en\/wp-json\/wp\/v2\/product"}],"about":[{"href":"https:\/\/lemaraichermoderne.com\/en\/wp-json\/wp\/v2\/types\/product"}],"wp:featuredmedia":[{"embeddable":true,"href":"https:\/\/lemaraichermoderne.com\/en\/wp-json\/wp\/v2\/media\/2217"}],"wp:attachment":[{"href":"https:\/\/lemaraichermoderne.com\/en\/wp-json\/wp\/v2\/media?parent=2216"}],"wp:term":[{"taxonomy":"product_brand","embeddable":true,"href":"https:\/\/lemaraichermoderne.com\/en\/wp-json\/wp\/v2\/product_brand?post=2216"},{"taxonomy":"product_cat","embeddable":true,"href":"https:\/\/lemaraichermoderne.com\/en\/wp-json\/wp\/v2\/product_cat?post=2216"},{"taxonomy":"product_tag","embeddable":true,"href":"https:\/\/lemaraichermoderne.com\/en\/wp-json\/wp\/v2\/product_tag?post=2216"}],"curies":[{"name":"wp","href":"https:\/\/api.w.org\/{rel}","templated":true}]}}