{"id":2304,"date":"2024-01-27T14:03:55","date_gmt":"2024-01-27T19:03:55","guid":{"rendered":"https:\/\/lemaraichermoderne.com\/?post_type=product&#038;p=2304"},"modified":"2025-09-19T13:12:22","modified_gmt":"2025-09-19T17:12:22","slug":"fredtlizer-roots-rhizo-30ml","status":"publish","type":"product","link":"https:\/\/lemaraichermoderne.com\/en\/produit\/fredtlizer-roots-rhizo-30ml\/","title":{"rendered":"Fredtlizer Roots &amp; Rhizo 30ml"},"content":{"rendered":"<p>Roots &amp; Rhizo et une formule compl\u00e8te et super concentr\u00e9e pour l\u2019enracinement de vos semis, boutures ou pour la transplantation des arbres, arbustes, pelouse en tourbe sans cours d\u2019eau, de plantes \u00e0 bulbes, implantation de vivace et de fleurs annuelles. Roots &amp; Rhizo peut aussi \u00eatre utilis\u00e9 pour le r\u00e9tablissement de plantes ayant souffert de stress ou trait\u00e9 pour des maladies. C\u2019est un engrais d\u2019enracinement complet qui inclut les min\u00e9raux n\u00e9cessaires \u00e0 l\u2019enracinement de vos plantes, l\u2019hormone AIB (acide indole-3 butyrique) qui favorise la production de racines et des acides organiques naturels qui augmentent l\u2019assimilation des \u00e9l\u00e9ments nutritifs et le d\u00e9veloppement des racines.<br \/>\nMODE D\u2019EMPLOIE:<br \/>\n-Diluer et m\u00e9langer de 1ml \u00e0 2ml par 10 litres d\u2019eau et arroser le substrat d\u2019enracinement de votre choix avec cette solution imm\u00e9diatement \u00e0 l\u2019enracinement puis r\u00e9p\u00e9ter \u00e0 l\u2019apparition des racines ou 10 jours apr\u00e8s la premi\u00e8re application. Il peut s&#8217;ajouter \u00e0 votre solution fertilisante et \u00eatre appliqu\u00e9 \u00e0 nouveau jusqu\u2019\u00e0 l\u2019obtention du volume de racine d\u00e9sir\u00e9 ou durant toute la saison estivale lorsqu\u2019il s\u2019agit de l\u2019\u00e9tablissement d\u2019arbres ou de haies. Il peut \u00eatre appliqu\u00e9 une fois lorsque les plantes ont subi un stress ou apr\u00e8s l\u2019application de pesticide ou lorsque les plantes sont malades et que l\u2019on veut r\u00e9tablir le syst\u00e8me racinaire. Ajustez le pH de vos solution enracinements au besoin \u00e0 pH 5.8 \u00e0 6.3.<br \/>\nVALEUR EC : 1ml de Roots &amp; Rhizo dans 1 litre d\u2019eau d\u00e9min\u00e9ralis\u00e9 donne 0.2 ms\/cm (100ppm TDS500)<\/p>\n","protected":false},"excerpt":{"rendered":"<p>Roots &amp; Rhizo et une formule compl\u00e8te et super concentr\u00e9e pour l\u2019enracinement de vos semis, boutures ou pour la transplantation des arbres, arbustes, pelouse en tourbe sans cours d\u2019eau, de plantes \u00e0 bulbes, implantation de vivace et de fleurs annuelles. Roots &amp; Rhizo peut aussi \u00eatre utilis\u00e9 pour le r\u00e9tablissement de plantes ayant souffert de [&hellip;]<\/p>\n","protected":false},"featured_media":2497,"template":"","meta":[],"product_brand":[],"product_cat":[21],"product_tag":[],"class_list":{"0":"post-2304","1":"product","2":"type-product","3":"status-publish","4":"has-post-thumbnail","6":"product_cat-nutriments","8":"first","9":"instock","10":"taxable","11":"shipping-taxable","12":"purchasable","13":"product-type-simple"},"yoast_head":"<!-- This site is optimized with the Yoast SEO plugin v27.4 - https:\/\/yoast.com\/product\/yoast-seo-wordpress\/ -->\n<title>Fredtlizer Roots &amp; Rhizo 30ml - Le Mara\u00eecher Moderne<\/title>\n<meta name=\"robots\" content=\"index, follow, max-snippet:-1, max-image-preview:large, max-video-preview:-1\" \/>\n<link rel=\"canonical\" href=\"https:\/\/lemaraichermoderne.com\/en\/produit\/fredtlizer-roots-rhizo-30ml\/\" \/>\n<meta property=\"og:locale\" content=\"en_US\" \/>\n<meta property=\"og:type\" content=\"article\" \/>\n<meta property=\"og:title\" content=\"Fredtlizer Roots &amp; Rhizo 30ml - Le Mara\u00eecher Moderne\" \/>\n<meta property=\"og:description\" content=\"Roots &amp; Rhizo et une formule compl\u00e8te et super concentr\u00e9e pour l\u2019enracinement de vos semis, boutures ou pour la transplantation des arbres, arbustes, pelouse en tourbe sans cours d\u2019eau, de plantes \u00e0 bulbes, implantation de vivace et de fleurs annuelles. Roots &amp; Rhizo peut aussi \u00eatre utilis\u00e9 pour le r\u00e9tablissement de plantes ayant souffert de [&hellip;]\" \/>\n<meta property=\"og:url\" content=\"https:\/\/lemaraichermoderne.com\/en\/produit\/fredtlizer-roots-rhizo-30ml\/\" \/>\n<meta property=\"og:site_name\" content=\"Le Mara\u00eecher Moderne\" \/>\n<meta property=\"article:publisher\" content=\"https:\/\/www.facebook.com\/lemaraichermoderne\" \/>\n<meta property=\"article:modified_time\" content=\"2025-09-19T17:12:22+00:00\" \/>\n<meta property=\"og:image\" content=\"https:\/\/lemaraichermoderne.com\/wp-content\/uploads\/2024\/01\/30mlRoots_Rhizo-PhotographesCommercial_2668x-scaled.webp\" \/>\n\t<meta property=\"og:image:width\" content=\"1708\" \/>\n\t<meta property=\"og:image:height\" content=\"2560\" \/>\n\t<meta property=\"og:image:type\" content=\"image\/webp\" \/>\n<meta name=\"twitter:card\" content=\"summary_large_image\" \/>\n<meta name=\"twitter:label1\" content=\"Est. reading time\" \/>\n\t<meta name=\"twitter:data1\" content=\"2 minutes\" \/>\n<script type=\"application\/ld+json\" class=\"yoast-schema-graph\">{\"@context\":\"https:\\\/\\\/schema.org\",\"@graph\":[{\"@type\":\"WebPage\",\"@id\":\"https:\\\/\\\/lemaraichermoderne.com\\\/en\\\/produit\\\/fredtlizer-roots-rhizo-30ml\\\/\",\"url\":\"https:\\\/\\\/lemaraichermoderne.com\\\/en\\\/produit\\\/fredtlizer-roots-rhizo-30ml\\\/\",\"name\":\"Fredtlizer Roots &amp; Rhizo 30ml - Le Mara\u00eecher Moderne\",\"isPartOf\":{\"@id\":\"https:\\\/\\\/lemaraichermoderne.com\\\/en\\\/#website\"},\"primaryImageOfPage\":{\"@id\":\"https:\\\/\\\/lemaraichermoderne.com\\\/en\\\/produit\\\/fredtlizer-roots-rhizo-30ml\\\/#primaryimage\"},\"image\":{\"@id\":\"https:\\\/\\\/lemaraichermoderne.com\\\/en\\\/produit\\\/fredtlizer-roots-rhizo-30ml\\\/#primaryimage\"},\"thumbnailUrl\":\"https:\\\/\\\/lemaraichermoderne.com\\\/wp-content\\\/uploads\\\/2024\\\/01\\\/30mlRoots_Rhizo-PhotographesCommercial_2668x-scaled.webp\",\"datePublished\":\"2024-01-27T19:03:55+00:00\",\"dateModified\":\"2025-09-19T17:12:22+00:00\",\"breadcrumb\":{\"@id\":\"https:\\\/\\\/lemaraichermoderne.com\\\/en\\\/produit\\\/fredtlizer-roots-rhizo-30ml\\\/#breadcrumb\"},\"inLanguage\":\"en-US\",\"potentialAction\":[{\"@type\":\"ReadAction\",\"target\":[\"https:\\\/\\\/lemaraichermoderne.com\\\/en\\\/produit\\\/fredtlizer-roots-rhizo-30ml\\\/\"]}]},{\"@type\":\"ImageObject\",\"inLanguage\":\"en-US\",\"@id\":\"https:\\\/\\\/lemaraichermoderne.com\\\/en\\\/produit\\\/fredtlizer-roots-rhizo-30ml\\\/#primaryimage\",\"url\":\"https:\\\/\\\/lemaraichermoderne.com\\\/wp-content\\\/uploads\\\/2024\\\/01\\\/30mlRoots_Rhizo-PhotographesCommercial_2668x-scaled.webp\",\"contentUrl\":\"https:\\\/\\\/lemaraichermoderne.com\\\/wp-content\\\/uploads\\\/2024\\\/01\\\/30mlRoots_Rhizo-PhotographesCommercial_2668x-scaled.webp\",\"width\":1708,\"height\":2560},{\"@type\":\"BreadcrumbList\",\"@id\":\"https:\\\/\\\/lemaraichermoderne.com\\\/en\\\/produit\\\/fredtlizer-roots-rhizo-30ml\\\/#breadcrumb\",\"itemListElement\":[{\"@type\":\"ListItem\",\"position\":1,\"name\":\"Accueil\",\"item\":\"https:\\\/\\\/lemaraichermoderne.com\\\/en\\\/\"},{\"@type\":\"ListItem\",\"position\":2,\"name\":\"Boutique\",\"item\":\"https:\\\/\\\/lemaraichermoderne.com\\\/boutique\\\/\"},{\"@type\":\"ListItem\",\"position\":3,\"name\":\"Fredtlizer Roots &amp; Rhizo 30ml\"}]},{\"@type\":\"WebSite\",\"@id\":\"https:\\\/\\\/lemaraichermoderne.com\\\/en\\\/#website\",\"url\":\"https:\\\/\\\/lemaraichermoderne.com\\\/en\\\/\",\"name\":\"Le Mara\u00eecher Moderne\",\"description\":\"R\u00e9f\u00e9rence en hydroponie \u00e0 Qu\u00e9bec\",\"publisher\":{\"@id\":\"https:\\\/\\\/lemaraichermoderne.com\\\/en\\\/#organization\"},\"potentialAction\":[{\"@type\":\"SearchAction\",\"target\":{\"@type\":\"EntryPoint\",\"urlTemplate\":\"https:\\\/\\\/lemaraichermoderne.com\\\/en\\\/?s={search_term_string}\"},\"query-input\":{\"@type\":\"PropertyValueSpecification\",\"valueRequired\":true,\"valueName\":\"search_term_string\"}}],\"inLanguage\":\"en-US\"},{\"@type\":\"Organization\",\"@id\":\"https:\\\/\\\/lemaraichermoderne.com\\\/en\\\/#organization\",\"name\":\"Le Mara\u00eecher Moderne\",\"url\":\"https:\\\/\\\/lemaraichermoderne.com\\\/en\\\/\",\"logo\":{\"@type\":\"ImageObject\",\"inLanguage\":\"en-US\",\"@id\":\"https:\\\/\\\/lemaraichermoderne.com\\\/en\\\/#\\\/schema\\\/logo\\\/image\\\/\",\"url\":\"https:\\\/\\\/lemaraichermoderne.com\\\/wp-content\\\/uploads\\\/2023\\\/03\\\/logo_mm1.png\",\"contentUrl\":\"https:\\\/\\\/lemaraichermoderne.com\\\/wp-content\\\/uploads\\\/2023\\\/03\\\/logo_mm1.png\",\"width\":500,\"height\":222,\"caption\":\"Le Mara\u00eecher Moderne\"},\"image\":{\"@id\":\"https:\\\/\\\/lemaraichermoderne.com\\\/en\\\/#\\\/schema\\\/logo\\\/image\\\/\"},\"sameAs\":[\"https:\\\/\\\/www.facebook.com\\\/lemaraichermoderne\",\"https:\\\/\\\/www.instagram.com\\\/lemaraichermoderne\"]}]}<\/script>\n<!-- \/ Yoast SEO plugin. -->","yoast_head_json":{"title":"Fredtlizer Roots &amp; Rhizo 30ml - Le Mara\u00eecher Moderne","robots":{"index":"index","follow":"follow","max-snippet":"max-snippet:-1","max-image-preview":"max-image-preview:large","max-video-preview":"max-video-preview:-1"},"canonical":"https:\/\/lemaraichermoderne.com\/en\/produit\/fredtlizer-roots-rhizo-30ml\/","og_locale":"en_US","og_type":"article","og_title":"Fredtlizer Roots &amp; Rhizo 30ml - Le Mara\u00eecher Moderne","og_description":"Roots &amp; Rhizo et une formule compl\u00e8te et super concentr\u00e9e pour l\u2019enracinement de vos semis, boutures ou pour la transplantation des arbres, arbustes, pelouse en tourbe sans cours d\u2019eau, de plantes \u00e0 bulbes, implantation de vivace et de fleurs annuelles. Roots &amp; Rhizo peut aussi \u00eatre utilis\u00e9 pour le r\u00e9tablissement de plantes ayant souffert de [&hellip;]","og_url":"https:\/\/lemaraichermoderne.com\/en\/produit\/fredtlizer-roots-rhizo-30ml\/","og_site_name":"Le Mara\u00eecher Moderne","article_publisher":"https:\/\/www.facebook.com\/lemaraichermoderne","article_modified_time":"2025-09-19T17:12:22+00:00","og_image":[{"width":1708,"height":2560,"url":"https:\/\/lemaraichermoderne.com\/wp-content\/uploads\/2024\/01\/30mlRoots_Rhizo-PhotographesCommercial_2668x-scaled.webp","type":"image\/webp"}],"twitter_card":"summary_large_image","twitter_misc":{"Est. reading time":"2 minutes"},"schema":{"@context":"https:\/\/schema.org","@graph":[{"@type":"WebPage","@id":"https:\/\/lemaraichermoderne.com\/en\/produit\/fredtlizer-roots-rhizo-30ml\/","url":"https:\/\/lemaraichermoderne.com\/en\/produit\/fredtlizer-roots-rhizo-30ml\/","name":"Fredtlizer Roots &amp; Rhizo 30ml - Le Mara\u00eecher Moderne","isPartOf":{"@id":"https:\/\/lemaraichermoderne.com\/en\/#website"},"primaryImageOfPage":{"@id":"https:\/\/lemaraichermoderne.com\/en\/produit\/fredtlizer-roots-rhizo-30ml\/#primaryimage"},"image":{"@id":"https:\/\/lemaraichermoderne.com\/en\/produit\/fredtlizer-roots-rhizo-30ml\/#primaryimage"},"thumbnailUrl":"https:\/\/lemaraichermoderne.com\/wp-content\/uploads\/2024\/01\/30mlRoots_Rhizo-PhotographesCommercial_2668x-scaled.webp","datePublished":"2024-01-27T19:03:55+00:00","dateModified":"2025-09-19T17:12:22+00:00","breadcrumb":{"@id":"https:\/\/lemaraichermoderne.com\/en\/produit\/fredtlizer-roots-rhizo-30ml\/#breadcrumb"},"inLanguage":"en-US","potentialAction":[{"@type":"ReadAction","target":["https:\/\/lemaraichermoderne.com\/en\/produit\/fredtlizer-roots-rhizo-30ml\/"]}]},{"@type":"ImageObject","inLanguage":"en-US","@id":"https:\/\/lemaraichermoderne.com\/en\/produit\/fredtlizer-roots-rhizo-30ml\/#primaryimage","url":"https:\/\/lemaraichermoderne.com\/wp-content\/uploads\/2024\/01\/30mlRoots_Rhizo-PhotographesCommercial_2668x-scaled.webp","contentUrl":"https:\/\/lemaraichermoderne.com\/wp-content\/uploads\/2024\/01\/30mlRoots_Rhizo-PhotographesCommercial_2668x-scaled.webp","width":1708,"height":2560},{"@type":"BreadcrumbList","@id":"https:\/\/lemaraichermoderne.com\/en\/produit\/fredtlizer-roots-rhizo-30ml\/#breadcrumb","itemListElement":[{"@type":"ListItem","position":1,"name":"Accueil","item":"https:\/\/lemaraichermoderne.com\/en\/"},{"@type":"ListItem","position":2,"name":"Boutique","item":"https:\/\/lemaraichermoderne.com\/boutique\/"},{"@type":"ListItem","position":3,"name":"Fredtlizer Roots &amp; Rhizo 30ml"}]},{"@type":"WebSite","@id":"https:\/\/lemaraichermoderne.com\/en\/#website","url":"https:\/\/lemaraichermoderne.com\/en\/","name":"Le Mara\u00eecher Moderne","description":"R\u00e9f\u00e9rence en hydroponie \u00e0 Qu\u00e9bec","publisher":{"@id":"https:\/\/lemaraichermoderne.com\/en\/#organization"},"potentialAction":[{"@type":"SearchAction","target":{"@type":"EntryPoint","urlTemplate":"https:\/\/lemaraichermoderne.com\/en\/?s={search_term_string}"},"query-input":{"@type":"PropertyValueSpecification","valueRequired":true,"valueName":"search_term_string"}}],"inLanguage":"en-US"},{"@type":"Organization","@id":"https:\/\/lemaraichermoderne.com\/en\/#organization","name":"Le Mara\u00eecher Moderne","url":"https:\/\/lemaraichermoderne.com\/en\/","logo":{"@type":"ImageObject","inLanguage":"en-US","@id":"https:\/\/lemaraichermoderne.com\/en\/#\/schema\/logo\/image\/","url":"https:\/\/lemaraichermoderne.com\/wp-content\/uploads\/2023\/03\/logo_mm1.png","contentUrl":"https:\/\/lemaraichermoderne.com\/wp-content\/uploads\/2023\/03\/logo_mm1.png","width":500,"height":222,"caption":"Le Mara\u00eecher Moderne"},"image":{"@id":"https:\/\/lemaraichermoderne.com\/en\/#\/schema\/logo\/image\/"},"sameAs":["https:\/\/www.facebook.com\/lemaraichermoderne","https:\/\/www.instagram.com\/lemaraichermoderne"]}]}},"_links":{"self":[{"href":"https:\/\/lemaraichermoderne.com\/en\/wp-json\/wp\/v2\/product\/2304","targetHints":{"allow":["GET"]}}],"collection":[{"href":"https:\/\/lemaraichermoderne.com\/en\/wp-json\/wp\/v2\/product"}],"about":[{"href":"https:\/\/lemaraichermoderne.com\/en\/wp-json\/wp\/v2\/types\/product"}],"wp:featuredmedia":[{"embeddable":true,"href":"https:\/\/lemaraichermoderne.com\/en\/wp-json\/wp\/v2\/media\/2497"}],"wp:attachment":[{"href":"https:\/\/lemaraichermoderne.com\/en\/wp-json\/wp\/v2\/media?parent=2304"}],"wp:term":[{"taxonomy":"product_brand","embeddable":true,"href":"https:\/\/lemaraichermoderne.com\/en\/wp-json\/wp\/v2\/product_brand?post=2304"},{"taxonomy":"product_cat","embeddable":true,"href":"https:\/\/lemaraichermoderne.com\/en\/wp-json\/wp\/v2\/product_cat?post=2304"},{"taxonomy":"product_tag","embeddable":true,"href":"https:\/\/lemaraichermoderne.com\/en\/wp-json\/wp\/v2\/product_tag?post=2304"}],"curies":[{"name":"wp","href":"https:\/\/api.w.org\/{rel}","templated":true}]}}