{"id":256,"date":"2023-03-23T18:55:24","date_gmt":"2023-03-23T17:55:24","guid":{"rendered":"https:\/\/conceptwebactiv.com\/dev\/lemaraichermoderne\/?post_type=product&#038;p=256"},"modified":"2026-03-07T12:53:51","modified_gmt":"2026-03-07T17:53:51","slug":"semences-potager-ornemental-de-catherine","status":"publish","type":"product","link":"https:\/\/lemaraichermoderne.com\/en\/produit\/semences-potager-ornemental-de-catherine\/","title":{"rendered":"Semences Potager Ornemental de Catherine Unit\u00e9"},"content":{"rendered":"<p><strong>Potager ornemental de Catherine<\/strong>, semenci\u00e8re artisanale depuis 2007.<\/p>\n<p>Nos jardins sont situ\u00e9s \u00e0 St-Apollinaire, Qu\u00e9bec. Nous produisons nous-m\u00eames environ 90% des semences offertes sur ce site. Ce sont des semences \u00e0 pollinisation libre (non hybrides), reproductibles, non-trait\u00e9es, sans OGM. Nous cultivons de mani\u00e8re \u00e9cologique avec des engrais naturels et <a href=\"https:\/\/www.potagerornemental.com\/cultiver-sans-irrigation\/\">sans irrigation<\/a>. Nous n\u2019utilisons pas d\u2019herbicide, de pesticide ni d\u2019engrais de synth\u00e8se.<\/p>\n","protected":false},"excerpt":{"rendered":"<p>Potager ornemental de Catherine, semenci\u00e8re artisanale depuis 2007. Nos jardins sont situ\u00e9s \u00e0 St-Apollinaire, Qu\u00e9bec. Nous produisons nous-m\u00eames environ 90% des semences offertes sur ce site. Ce sont des semences \u00e0 pollinisation libre (non hybrides), reproductibles, non-trait\u00e9es, sans OGM. Nous cultivons de mani\u00e8re \u00e9cologique avec des engrais naturels et sans irrigation. Nous n\u2019utilisons pas d\u2019herbicide, [&hellip;]<\/p>\n","protected":false},"featured_media":257,"template":"","meta":[],"product_brand":[],"product_cat":[35],"product_tag":[],"class_list":{"0":"post-256","1":"product","2":"type-product","3":"status-publish","4":"has-post-thumbnail","6":"product_cat-semences","8":"first","9":"instock","10":"taxable","11":"shipping-taxable","12":"purchasable","13":"product-type-simple"},"yoast_head":"<!-- This site is optimized with the Yoast SEO plugin v27.5 - https:\/\/yoast.com\/product\/yoast-seo-wordpress\/ -->\n<title>Semences Potager Ornemental de Catherine Unit\u00e9 - Le Mara\u00eecher Moderne<\/title>\n<meta name=\"robots\" content=\"index, follow, max-snippet:-1, max-image-preview:large, max-video-preview:-1\" \/>\n<link rel=\"canonical\" href=\"https:\/\/lemaraichermoderne.com\/en\/produit\/semences-potager-ornemental-de-catherine\/\" \/>\n<meta property=\"og:locale\" content=\"en_US\" \/>\n<meta property=\"og:type\" content=\"article\" \/>\n<meta property=\"og:title\" content=\"Semences Potager Ornemental de Catherine Unit\u00e9 - Le Mara\u00eecher Moderne\" \/>\n<meta property=\"og:description\" content=\"Potager ornemental de Catherine, semenci\u00e8re artisanale depuis 2007. Nos jardins sont situ\u00e9s \u00e0 St-Apollinaire, Qu\u00e9bec. Nous produisons nous-m\u00eames environ 90% des semences offertes sur ce site. Ce sont des semences \u00e0 pollinisation libre (non hybrides), reproductibles, non-trait\u00e9es, sans OGM. Nous cultivons de mani\u00e8re \u00e9cologique avec des engrais naturels et sans irrigation. Nous n\u2019utilisons pas d\u2019herbicide, [&hellip;]\" \/>\n<meta property=\"og:url\" content=\"https:\/\/lemaraichermoderne.com\/en\/produit\/semences-potager-ornemental-de-catherine\/\" \/>\n<meta property=\"og:site_name\" content=\"Le Mara\u00eecher Moderne\" \/>\n<meta property=\"article:publisher\" content=\"https:\/\/www.facebook.com\/lemaraichermoderne\" \/>\n<meta property=\"article:modified_time\" content=\"2026-03-07T17:53:51+00:00\" \/>\n<meta property=\"og:image\" content=\"https:\/\/lemaraichermoderne.com\/wp-content\/uploads\/2023\/03\/index.jpg\" \/>\n\t<meta property=\"og:image:width\" content=\"300\" \/>\n\t<meta property=\"og:image:height\" content=\"166\" \/>\n\t<meta property=\"og:image:type\" content=\"image\/jpeg\" \/>\n<meta name=\"twitter:card\" content=\"summary_large_image\" \/>\n<meta name=\"twitter:label1\" content=\"Est. reading time\" \/>\n\t<meta name=\"twitter:data1\" content=\"1 minute\" \/>\n<script type=\"application\/ld+json\" class=\"yoast-schema-graph\">{\"@context\":\"https:\\\/\\\/schema.org\",\"@graph\":[{\"@type\":\"WebPage\",\"@id\":\"https:\\\/\\\/lemaraichermoderne.com\\\/en\\\/produit\\\/semences-potager-ornemental-de-catherine\\\/\",\"url\":\"https:\\\/\\\/lemaraichermoderne.com\\\/en\\\/produit\\\/semences-potager-ornemental-de-catherine\\\/\",\"name\":\"Semences Potager Ornemental de Catherine Unit\u00e9 - Le Mara\u00eecher Moderne\",\"isPartOf\":{\"@id\":\"https:\\\/\\\/lemaraichermoderne.com\\\/en\\\/#website\"},\"primaryImageOfPage\":{\"@id\":\"https:\\\/\\\/lemaraichermoderne.com\\\/en\\\/produit\\\/semences-potager-ornemental-de-catherine\\\/#primaryimage\"},\"image\":{\"@id\":\"https:\\\/\\\/lemaraichermoderne.com\\\/en\\\/produit\\\/semences-potager-ornemental-de-catherine\\\/#primaryimage\"},\"thumbnailUrl\":\"https:\\\/\\\/lemaraichermoderne.com\\\/wp-content\\\/uploads\\\/2023\\\/03\\\/index.jpg\",\"datePublished\":\"2023-03-23T17:55:24+00:00\",\"dateModified\":\"2026-03-07T17:53:51+00:00\",\"breadcrumb\":{\"@id\":\"https:\\\/\\\/lemaraichermoderne.com\\\/en\\\/produit\\\/semences-potager-ornemental-de-catherine\\\/#breadcrumb\"},\"inLanguage\":\"en-US\",\"potentialAction\":[{\"@type\":\"ReadAction\",\"target\":[\"https:\\\/\\\/lemaraichermoderne.com\\\/en\\\/produit\\\/semences-potager-ornemental-de-catherine\\\/\"]}]},{\"@type\":\"ImageObject\",\"inLanguage\":\"en-US\",\"@id\":\"https:\\\/\\\/lemaraichermoderne.com\\\/en\\\/produit\\\/semences-potager-ornemental-de-catherine\\\/#primaryimage\",\"url\":\"https:\\\/\\\/lemaraichermoderne.com\\\/wp-content\\\/uploads\\\/2023\\\/03\\\/index.jpg\",\"contentUrl\":\"https:\\\/\\\/lemaraichermoderne.com\\\/wp-content\\\/uploads\\\/2023\\\/03\\\/index.jpg\",\"width\":300,\"height\":166,\"caption\":\"Semences Potager Ornemental de Catherine\"},{\"@type\":\"BreadcrumbList\",\"@id\":\"https:\\\/\\\/lemaraichermoderne.com\\\/en\\\/produit\\\/semences-potager-ornemental-de-catherine\\\/#breadcrumb\",\"itemListElement\":[{\"@type\":\"ListItem\",\"position\":1,\"name\":\"Accueil\",\"item\":\"https:\\\/\\\/lemaraichermoderne.com\\\/en\\\/\"},{\"@type\":\"ListItem\",\"position\":2,\"name\":\"Boutique\",\"item\":\"https:\\\/\\\/lemaraichermoderne.com\\\/boutique\\\/\"},{\"@type\":\"ListItem\",\"position\":3,\"name\":\"Semences Potager Ornemental de Catherine Unit\u00e9\"}]},{\"@type\":\"WebSite\",\"@id\":\"https:\\\/\\\/lemaraichermoderne.com\\\/en\\\/#website\",\"url\":\"https:\\\/\\\/lemaraichermoderne.com\\\/en\\\/\",\"name\":\"Le Mara\u00eecher Moderne\",\"description\":\"R\u00e9f\u00e9rence en hydroponie \u00e0 Qu\u00e9bec\",\"publisher\":{\"@id\":\"https:\\\/\\\/lemaraichermoderne.com\\\/en\\\/#organization\"},\"potentialAction\":[{\"@type\":\"SearchAction\",\"target\":{\"@type\":\"EntryPoint\",\"urlTemplate\":\"https:\\\/\\\/lemaraichermoderne.com\\\/en\\\/?s={search_term_string}\"},\"query-input\":{\"@type\":\"PropertyValueSpecification\",\"valueRequired\":true,\"valueName\":\"search_term_string\"}}],\"inLanguage\":\"en-US\"},{\"@type\":\"Organization\",\"@id\":\"https:\\\/\\\/lemaraichermoderne.com\\\/en\\\/#organization\",\"name\":\"Le Mara\u00eecher Moderne\",\"url\":\"https:\\\/\\\/lemaraichermoderne.com\\\/en\\\/\",\"logo\":{\"@type\":\"ImageObject\",\"inLanguage\":\"en-US\",\"@id\":\"https:\\\/\\\/lemaraichermoderne.com\\\/en\\\/#\\\/schema\\\/logo\\\/image\\\/\",\"url\":\"https:\\\/\\\/lemaraichermoderne.com\\\/wp-content\\\/uploads\\\/2023\\\/03\\\/logo_mm1.png\",\"contentUrl\":\"https:\\\/\\\/lemaraichermoderne.com\\\/wp-content\\\/uploads\\\/2023\\\/03\\\/logo_mm1.png\",\"width\":500,\"height\":222,\"caption\":\"Le Mara\u00eecher Moderne\"},\"image\":{\"@id\":\"https:\\\/\\\/lemaraichermoderne.com\\\/en\\\/#\\\/schema\\\/logo\\\/image\\\/\"},\"sameAs\":[\"https:\\\/\\\/www.facebook.com\\\/lemaraichermoderne\",\"https:\\\/\\\/www.instagram.com\\\/lemaraichermoderne\"]}]}<\/script>\n<!-- \/ Yoast SEO plugin. -->","yoast_head_json":{"title":"Semences Potager Ornemental de Catherine Unit\u00e9 - Le Mara\u00eecher Moderne","robots":{"index":"index","follow":"follow","max-snippet":"max-snippet:-1","max-image-preview":"max-image-preview:large","max-video-preview":"max-video-preview:-1"},"canonical":"https:\/\/lemaraichermoderne.com\/en\/produit\/semences-potager-ornemental-de-catherine\/","og_locale":"en_US","og_type":"article","og_title":"Semences Potager Ornemental de Catherine Unit\u00e9 - Le Mara\u00eecher Moderne","og_description":"Potager ornemental de Catherine, semenci\u00e8re artisanale depuis 2007. Nos jardins sont situ\u00e9s \u00e0 St-Apollinaire, Qu\u00e9bec. Nous produisons nous-m\u00eames environ 90% des semences offertes sur ce site. Ce sont des semences \u00e0 pollinisation libre (non hybrides), reproductibles, non-trait\u00e9es, sans OGM. Nous cultivons de mani\u00e8re \u00e9cologique avec des engrais naturels et sans irrigation. Nous n\u2019utilisons pas d\u2019herbicide, [&hellip;]","og_url":"https:\/\/lemaraichermoderne.com\/en\/produit\/semences-potager-ornemental-de-catherine\/","og_site_name":"Le Mara\u00eecher Moderne","article_publisher":"https:\/\/www.facebook.com\/lemaraichermoderne","article_modified_time":"2026-03-07T17:53:51+00:00","og_image":[{"width":300,"height":166,"url":"https:\/\/lemaraichermoderne.com\/wp-content\/uploads\/2023\/03\/index.jpg","type":"image\/jpeg"}],"twitter_card":"summary_large_image","twitter_misc":{"Est. reading time":"1 minute"},"schema":{"@context":"https:\/\/schema.org","@graph":[{"@type":"WebPage","@id":"https:\/\/lemaraichermoderne.com\/en\/produit\/semences-potager-ornemental-de-catherine\/","url":"https:\/\/lemaraichermoderne.com\/en\/produit\/semences-potager-ornemental-de-catherine\/","name":"Semences Potager Ornemental de Catherine Unit\u00e9 - Le Mara\u00eecher Moderne","isPartOf":{"@id":"https:\/\/lemaraichermoderne.com\/en\/#website"},"primaryImageOfPage":{"@id":"https:\/\/lemaraichermoderne.com\/en\/produit\/semences-potager-ornemental-de-catherine\/#primaryimage"},"image":{"@id":"https:\/\/lemaraichermoderne.com\/en\/produit\/semences-potager-ornemental-de-catherine\/#primaryimage"},"thumbnailUrl":"https:\/\/lemaraichermoderne.com\/wp-content\/uploads\/2023\/03\/index.jpg","datePublished":"2023-03-23T17:55:24+00:00","dateModified":"2026-03-07T17:53:51+00:00","breadcrumb":{"@id":"https:\/\/lemaraichermoderne.com\/en\/produit\/semences-potager-ornemental-de-catherine\/#breadcrumb"},"inLanguage":"en-US","potentialAction":[{"@type":"ReadAction","target":["https:\/\/lemaraichermoderne.com\/en\/produit\/semences-potager-ornemental-de-catherine\/"]}]},{"@type":"ImageObject","inLanguage":"en-US","@id":"https:\/\/lemaraichermoderne.com\/en\/produit\/semences-potager-ornemental-de-catherine\/#primaryimage","url":"https:\/\/lemaraichermoderne.com\/wp-content\/uploads\/2023\/03\/index.jpg","contentUrl":"https:\/\/lemaraichermoderne.com\/wp-content\/uploads\/2023\/03\/index.jpg","width":300,"height":166,"caption":"Semences Potager Ornemental de Catherine"},{"@type":"BreadcrumbList","@id":"https:\/\/lemaraichermoderne.com\/en\/produit\/semences-potager-ornemental-de-catherine\/#breadcrumb","itemListElement":[{"@type":"ListItem","position":1,"name":"Accueil","item":"https:\/\/lemaraichermoderne.com\/en\/"},{"@type":"ListItem","position":2,"name":"Boutique","item":"https:\/\/lemaraichermoderne.com\/boutique\/"},{"@type":"ListItem","position":3,"name":"Semences Potager Ornemental de Catherine Unit\u00e9"}]},{"@type":"WebSite","@id":"https:\/\/lemaraichermoderne.com\/en\/#website","url":"https:\/\/lemaraichermoderne.com\/en\/","name":"Le Mara\u00eecher Moderne","description":"R\u00e9f\u00e9rence en hydroponie \u00e0 Qu\u00e9bec","publisher":{"@id":"https:\/\/lemaraichermoderne.com\/en\/#organization"},"potentialAction":[{"@type":"SearchAction","target":{"@type":"EntryPoint","urlTemplate":"https:\/\/lemaraichermoderne.com\/en\/?s={search_term_string}"},"query-input":{"@type":"PropertyValueSpecification","valueRequired":true,"valueName":"search_term_string"}}],"inLanguage":"en-US"},{"@type":"Organization","@id":"https:\/\/lemaraichermoderne.com\/en\/#organization","name":"Le Mara\u00eecher Moderne","url":"https:\/\/lemaraichermoderne.com\/en\/","logo":{"@type":"ImageObject","inLanguage":"en-US","@id":"https:\/\/lemaraichermoderne.com\/en\/#\/schema\/logo\/image\/","url":"https:\/\/lemaraichermoderne.com\/wp-content\/uploads\/2023\/03\/logo_mm1.png","contentUrl":"https:\/\/lemaraichermoderne.com\/wp-content\/uploads\/2023\/03\/logo_mm1.png","width":500,"height":222,"caption":"Le Mara\u00eecher Moderne"},"image":{"@id":"https:\/\/lemaraichermoderne.com\/en\/#\/schema\/logo\/image\/"},"sameAs":["https:\/\/www.facebook.com\/lemaraichermoderne","https:\/\/www.instagram.com\/lemaraichermoderne"]}]}},"_links":{"self":[{"href":"https:\/\/lemaraichermoderne.com\/en\/wp-json\/wp\/v2\/product\/256","targetHints":{"allow":["GET"]}}],"collection":[{"href":"https:\/\/lemaraichermoderne.com\/en\/wp-json\/wp\/v2\/product"}],"about":[{"href":"https:\/\/lemaraichermoderne.com\/en\/wp-json\/wp\/v2\/types\/product"}],"wp:featuredmedia":[{"embeddable":true,"href":"https:\/\/lemaraichermoderne.com\/en\/wp-json\/wp\/v2\/media\/257"}],"wp:attachment":[{"href":"https:\/\/lemaraichermoderne.com\/en\/wp-json\/wp\/v2\/media?parent=256"}],"wp:term":[{"taxonomy":"product_brand","embeddable":true,"href":"https:\/\/lemaraichermoderne.com\/en\/wp-json\/wp\/v2\/product_brand?post=256"},{"taxonomy":"product_cat","embeddable":true,"href":"https:\/\/lemaraichermoderne.com\/en\/wp-json\/wp\/v2\/product_cat?post=256"},{"taxonomy":"product_tag","embeddable":true,"href":"https:\/\/lemaraichermoderne.com\/en\/wp-json\/wp\/v2\/product_tag?post=256"}],"curies":[{"name":"wp","href":"https:\/\/api.w.org\/{rel}","templated":true}]}}