{"id":284,"date":"2023-03-27T16:57:48","date_gmt":"2023-03-27T14:57:48","guid":{"rendered":"https:\/\/conceptwebactiv.com\/dev\/lemaraichermoderne\/?post_type=product&#038;p=284"},"modified":"2026-04-16T11:19:09","modified_gmt":"2026-04-16T15:19:09","slug":"testeur-tds-ph-ec-temperature-hanna","status":"publish","type":"product","link":"https:\/\/lemaraichermoderne.com\/en\/produit\/testeur-tds-ph-ec-temperature-hanna\/","title":{"rendered":"HANNA Testeur TDS\/pH\/EC\/Temp"},"content":{"rendered":"<p>Le HI98129 est un testeur \u00e9tanche de pH, conductivit\u00e9, TDS (ppm) facile \u00e0 utiliser et pr\u00e9cis. Il mesure le pH, la conductivit\u00e9 \u00e9lectrique dans la gamme basse (0 \u00e0 3999 \u00b5S\/cm), le TDS (0 \u00e0 2000 ppm), et la temp\u00e9rature. Ce testeur de poche flottant et \u00e9tanche est dot\u00e9 d&#8217;un \u00e9cran LCD facile \u00e0 lire et d&#8217;un arr\u00eat automatique. Toutes les lectures de pH, EC et TDS (ppm) sont automatiquement compens\u00e9es en temp\u00e9rature (ATC) pour \u00e9viter les variations de temp\u00e9rature dans vos mesures. Pour les lectures EC et TDS (ppm), le facteur de conversion EC\/TDS (CONV) est s\u00e9lectionnable par l&#8217;utilisateur, ainsi que le coefficient de compensation de temp\u00e9rature \u03b2 (BETA).<\/p>\n<p><strong>Cartouche d&#8217;\u00e9lectrode de pH rempla\u00e7able<\/strong><br \/>\nLe testeur HI98129 poss\u00e8de une cartouche d&#8217;\u00e9lectrode pH facile \u00e0 remplacer avec une jonction en tissu extensible. La jonction en tissu extensible permet d&#8217;augmenter la dur\u00e9e de vie de l&#8217;\u00e9lectrode et la cartouche pH rempla\u00e7able signifie que ce testeur n&#8217;a pas besoin d&#8217;\u00eatre jet\u00e9 lorsque le capteur pH est \u00e9puis\u00e9. De plus, le connecteur robuste et encliquetable signifie qu&#8217;il n&#8217;y a pas de broches \u00e0 plier ou \u00e0 casser!<\/p>\n<p><strong>Sonde de haute pr\u00e9cision pour le test EC et TDS (ppm)<\/strong><br \/>\nLa sonde de conductivit\u00e9 en graphite offre une plus grande pr\u00e9cision car elle ne peut pas \u00eatre contamin\u00e9e par les d\u00e9p\u00f4ts de sel dans la solution. Le capteur de temp\u00e9rature expos\u00e9 offre des temps de r\u00e9ponse rapides et garantit des relev\u00e9s compens\u00e9s en temp\u00e9rature tr\u00e8s pr\u00e9cis.<\/p>\n","protected":false},"excerpt":{"rendered":"<p>Le HI98129 est un testeur \u00e9tanche de pH, conductivit\u00e9, TDS (ppm) facile \u00e0 utiliser et pr\u00e9cis. Il mesure le pH, la conductivit\u00e9 \u00e9lectrique dans la gamme basse (0 \u00e0 3999 \u00b5S\/cm), le TDS (0 \u00e0 2000 ppm), et la temp\u00e9rature. Ce testeur de poche flottant et \u00e9tanche est dot\u00e9 d&#8217;un \u00e9cran LCD facile \u00e0 lire [&hellip;]<\/p>\n","protected":false},"featured_media":285,"template":"","meta":[],"product_brand":[],"product_cat":[32],"product_tag":[],"class_list":{"0":"post-284","1":"product","2":"type-product","3":"status-publish","4":"has-post-thumbnail","6":"product_cat-controle-de-leau","8":"first","9":"instock","10":"taxable","11":"shipping-taxable","12":"purchasable","13":"product-type-simple"},"yoast_head":"<!-- This site is optimized with the Yoast SEO plugin v27.4 - https:\/\/yoast.com\/product\/yoast-seo-wordpress\/ -->\n<title>HANNA Testeur TDS\/pH\/EC\/Temp - Le Mara\u00eecher Moderne<\/title>\n<meta name=\"robots\" content=\"index, follow, max-snippet:-1, max-image-preview:large, max-video-preview:-1\" \/>\n<link rel=\"canonical\" href=\"https:\/\/lemaraichermoderne.com\/en\/produit\/testeur-tds-ph-ec-temperature-hanna\/\" \/>\n<meta property=\"og:locale\" content=\"en_US\" \/>\n<meta property=\"og:type\" content=\"article\" \/>\n<meta property=\"og:title\" content=\"HANNA Testeur TDS\/pH\/EC\/Temp - Le Mara\u00eecher Moderne\" \/>\n<meta property=\"og:description\" content=\"Le HI98129 est un testeur \u00e9tanche de pH, conductivit\u00e9, TDS (ppm) facile \u00e0 utiliser et pr\u00e9cis. Il mesure le pH, la conductivit\u00e9 \u00e9lectrique dans la gamme basse (0 \u00e0 3999 \u00b5S\/cm), le TDS (0 \u00e0 2000 ppm), et la temp\u00e9rature. Ce testeur de poche flottant et \u00e9tanche est dot\u00e9 d&#8217;un \u00e9cran LCD facile \u00e0 lire [&hellip;]\" \/>\n<meta property=\"og:url\" content=\"https:\/\/lemaraichermoderne.com\/en\/produit\/testeur-tds-ph-ec-temperature-hanna\/\" \/>\n<meta property=\"og:site_name\" content=\"Le Mara\u00eecher Moderne\" \/>\n<meta property=\"article:publisher\" content=\"https:\/\/www.facebook.com\/lemaraichermoderne\" \/>\n<meta property=\"article:modified_time\" content=\"2026-04-16T15:19:09+00:00\" \/>\n<meta property=\"og:image\" content=\"https:\/\/lemaraichermoderne.com\/wp-content\/uploads\/2023\/03\/hanna-hi98129-tds-ph-ec-temperature-06028000018.jpg\" \/>\n\t<meta property=\"og:image:width\" content=\"1200\" \/>\n\t<meta property=\"og:image:height\" content=\"800\" \/>\n\t<meta property=\"og:image:type\" content=\"image\/jpeg\" \/>\n<meta name=\"twitter:card\" content=\"summary_large_image\" \/>\n<meta name=\"twitter:label1\" content=\"Est. reading time\" \/>\n\t<meta name=\"twitter:data1\" content=\"2 minutes\" \/>\n<script type=\"application\/ld+json\" class=\"yoast-schema-graph\">{\"@context\":\"https:\\\/\\\/schema.org\",\"@graph\":[{\"@type\":\"WebPage\",\"@id\":\"https:\\\/\\\/lemaraichermoderne.com\\\/en\\\/produit\\\/testeur-tds-ph-ec-temperature-hanna\\\/\",\"url\":\"https:\\\/\\\/lemaraichermoderne.com\\\/en\\\/produit\\\/testeur-tds-ph-ec-temperature-hanna\\\/\",\"name\":\"HANNA Testeur TDS\\\/pH\\\/EC\\\/Temp - Le Mara\u00eecher Moderne\",\"isPartOf\":{\"@id\":\"https:\\\/\\\/lemaraichermoderne.com\\\/en\\\/#website\"},\"primaryImageOfPage\":{\"@id\":\"https:\\\/\\\/lemaraichermoderne.com\\\/en\\\/produit\\\/testeur-tds-ph-ec-temperature-hanna\\\/#primaryimage\"},\"image\":{\"@id\":\"https:\\\/\\\/lemaraichermoderne.com\\\/en\\\/produit\\\/testeur-tds-ph-ec-temperature-hanna\\\/#primaryimage\"},\"thumbnailUrl\":\"https:\\\/\\\/lemaraichermoderne.com\\\/wp-content\\\/uploads\\\/2023\\\/03\\\/hanna-hi98129-tds-ph-ec-temperature-06028000018.jpg\",\"datePublished\":\"2023-03-27T14:57:48+00:00\",\"dateModified\":\"2026-04-16T15:19:09+00:00\",\"breadcrumb\":{\"@id\":\"https:\\\/\\\/lemaraichermoderne.com\\\/en\\\/produit\\\/testeur-tds-ph-ec-temperature-hanna\\\/#breadcrumb\"},\"inLanguage\":\"en-US\",\"potentialAction\":[{\"@type\":\"ReadAction\",\"target\":[\"https:\\\/\\\/lemaraichermoderne.com\\\/en\\\/produit\\\/testeur-tds-ph-ec-temperature-hanna\\\/\"]}]},{\"@type\":\"ImageObject\",\"inLanguage\":\"en-US\",\"@id\":\"https:\\\/\\\/lemaraichermoderne.com\\\/en\\\/produit\\\/testeur-tds-ph-ec-temperature-hanna\\\/#primaryimage\",\"url\":\"https:\\\/\\\/lemaraichermoderne.com\\\/wp-content\\\/uploads\\\/2023\\\/03\\\/hanna-hi98129-tds-ph-ec-temperature-06028000018.jpg\",\"contentUrl\":\"https:\\\/\\\/lemaraichermoderne.com\\\/wp-content\\\/uploads\\\/2023\\\/03\\\/hanna-hi98129-tds-ph-ec-temperature-06028000018.jpg\",\"width\":1200,\"height\":800,\"caption\":\"Testeur TDS\\\/pH\\\/EC\\\/Temperature Hanna\"},{\"@type\":\"BreadcrumbList\",\"@id\":\"https:\\\/\\\/lemaraichermoderne.com\\\/en\\\/produit\\\/testeur-tds-ph-ec-temperature-hanna\\\/#breadcrumb\",\"itemListElement\":[{\"@type\":\"ListItem\",\"position\":1,\"name\":\"Accueil\",\"item\":\"https:\\\/\\\/lemaraichermoderne.com\\\/en\\\/\"},{\"@type\":\"ListItem\",\"position\":2,\"name\":\"Boutique\",\"item\":\"https:\\\/\\\/lemaraichermoderne.com\\\/boutique\\\/\"},{\"@type\":\"ListItem\",\"position\":3,\"name\":\"HANNA Testeur TDS\\\/pH\\\/EC\\\/Temp\"}]},{\"@type\":\"WebSite\",\"@id\":\"https:\\\/\\\/lemaraichermoderne.com\\\/en\\\/#website\",\"url\":\"https:\\\/\\\/lemaraichermoderne.com\\\/en\\\/\",\"name\":\"Le Mara\u00eecher Moderne\",\"description\":\"R\u00e9f\u00e9rence en hydroponie \u00e0 Qu\u00e9bec\",\"publisher\":{\"@id\":\"https:\\\/\\\/lemaraichermoderne.com\\\/en\\\/#organization\"},\"potentialAction\":[{\"@type\":\"SearchAction\",\"target\":{\"@type\":\"EntryPoint\",\"urlTemplate\":\"https:\\\/\\\/lemaraichermoderne.com\\\/en\\\/?s={search_term_string}\"},\"query-input\":{\"@type\":\"PropertyValueSpecification\",\"valueRequired\":true,\"valueName\":\"search_term_string\"}}],\"inLanguage\":\"en-US\"},{\"@type\":\"Organization\",\"@id\":\"https:\\\/\\\/lemaraichermoderne.com\\\/en\\\/#organization\",\"name\":\"Le Mara\u00eecher Moderne\",\"url\":\"https:\\\/\\\/lemaraichermoderne.com\\\/en\\\/\",\"logo\":{\"@type\":\"ImageObject\",\"inLanguage\":\"en-US\",\"@id\":\"https:\\\/\\\/lemaraichermoderne.com\\\/en\\\/#\\\/schema\\\/logo\\\/image\\\/\",\"url\":\"https:\\\/\\\/lemaraichermoderne.com\\\/wp-content\\\/uploads\\\/2023\\\/03\\\/logo_mm1.png\",\"contentUrl\":\"https:\\\/\\\/lemaraichermoderne.com\\\/wp-content\\\/uploads\\\/2023\\\/03\\\/logo_mm1.png\",\"width\":500,\"height\":222,\"caption\":\"Le Mara\u00eecher Moderne\"},\"image\":{\"@id\":\"https:\\\/\\\/lemaraichermoderne.com\\\/en\\\/#\\\/schema\\\/logo\\\/image\\\/\"},\"sameAs\":[\"https:\\\/\\\/www.facebook.com\\\/lemaraichermoderne\",\"https:\\\/\\\/www.instagram.com\\\/lemaraichermoderne\"]}]}<\/script>\n<!-- \/ Yoast SEO plugin. -->","yoast_head_json":{"title":"HANNA Testeur TDS\/pH\/EC\/Temp - Le Mara\u00eecher Moderne","robots":{"index":"index","follow":"follow","max-snippet":"max-snippet:-1","max-image-preview":"max-image-preview:large","max-video-preview":"max-video-preview:-1"},"canonical":"https:\/\/lemaraichermoderne.com\/en\/produit\/testeur-tds-ph-ec-temperature-hanna\/","og_locale":"en_US","og_type":"article","og_title":"HANNA Testeur TDS\/pH\/EC\/Temp - Le Mara\u00eecher Moderne","og_description":"Le HI98129 est un testeur \u00e9tanche de pH, conductivit\u00e9, TDS (ppm) facile \u00e0 utiliser et pr\u00e9cis. Il mesure le pH, la conductivit\u00e9 \u00e9lectrique dans la gamme basse (0 \u00e0 3999 \u00b5S\/cm), le TDS (0 \u00e0 2000 ppm), et la temp\u00e9rature. Ce testeur de poche flottant et \u00e9tanche est dot\u00e9 d&#8217;un \u00e9cran LCD facile \u00e0 lire [&hellip;]","og_url":"https:\/\/lemaraichermoderne.com\/en\/produit\/testeur-tds-ph-ec-temperature-hanna\/","og_site_name":"Le Mara\u00eecher Moderne","article_publisher":"https:\/\/www.facebook.com\/lemaraichermoderne","article_modified_time":"2026-04-16T15:19:09+00:00","og_image":[{"width":1200,"height":800,"url":"https:\/\/lemaraichermoderne.com\/wp-content\/uploads\/2023\/03\/hanna-hi98129-tds-ph-ec-temperature-06028000018.jpg","type":"image\/jpeg"}],"twitter_card":"summary_large_image","twitter_misc":{"Est. reading time":"2 minutes"},"schema":{"@context":"https:\/\/schema.org","@graph":[{"@type":"WebPage","@id":"https:\/\/lemaraichermoderne.com\/en\/produit\/testeur-tds-ph-ec-temperature-hanna\/","url":"https:\/\/lemaraichermoderne.com\/en\/produit\/testeur-tds-ph-ec-temperature-hanna\/","name":"HANNA Testeur TDS\/pH\/EC\/Temp - Le Mara\u00eecher Moderne","isPartOf":{"@id":"https:\/\/lemaraichermoderne.com\/en\/#website"},"primaryImageOfPage":{"@id":"https:\/\/lemaraichermoderne.com\/en\/produit\/testeur-tds-ph-ec-temperature-hanna\/#primaryimage"},"image":{"@id":"https:\/\/lemaraichermoderne.com\/en\/produit\/testeur-tds-ph-ec-temperature-hanna\/#primaryimage"},"thumbnailUrl":"https:\/\/lemaraichermoderne.com\/wp-content\/uploads\/2023\/03\/hanna-hi98129-tds-ph-ec-temperature-06028000018.jpg","datePublished":"2023-03-27T14:57:48+00:00","dateModified":"2026-04-16T15:19:09+00:00","breadcrumb":{"@id":"https:\/\/lemaraichermoderne.com\/en\/produit\/testeur-tds-ph-ec-temperature-hanna\/#breadcrumb"},"inLanguage":"en-US","potentialAction":[{"@type":"ReadAction","target":["https:\/\/lemaraichermoderne.com\/en\/produit\/testeur-tds-ph-ec-temperature-hanna\/"]}]},{"@type":"ImageObject","inLanguage":"en-US","@id":"https:\/\/lemaraichermoderne.com\/en\/produit\/testeur-tds-ph-ec-temperature-hanna\/#primaryimage","url":"https:\/\/lemaraichermoderne.com\/wp-content\/uploads\/2023\/03\/hanna-hi98129-tds-ph-ec-temperature-06028000018.jpg","contentUrl":"https:\/\/lemaraichermoderne.com\/wp-content\/uploads\/2023\/03\/hanna-hi98129-tds-ph-ec-temperature-06028000018.jpg","width":1200,"height":800,"caption":"Testeur TDS\/pH\/EC\/Temperature Hanna"},{"@type":"BreadcrumbList","@id":"https:\/\/lemaraichermoderne.com\/en\/produit\/testeur-tds-ph-ec-temperature-hanna\/#breadcrumb","itemListElement":[{"@type":"ListItem","position":1,"name":"Accueil","item":"https:\/\/lemaraichermoderne.com\/en\/"},{"@type":"ListItem","position":2,"name":"Boutique","item":"https:\/\/lemaraichermoderne.com\/boutique\/"},{"@type":"ListItem","position":3,"name":"HANNA Testeur TDS\/pH\/EC\/Temp"}]},{"@type":"WebSite","@id":"https:\/\/lemaraichermoderne.com\/en\/#website","url":"https:\/\/lemaraichermoderne.com\/en\/","name":"Le Mara\u00eecher Moderne","description":"R\u00e9f\u00e9rence en hydroponie \u00e0 Qu\u00e9bec","publisher":{"@id":"https:\/\/lemaraichermoderne.com\/en\/#organization"},"potentialAction":[{"@type":"SearchAction","target":{"@type":"EntryPoint","urlTemplate":"https:\/\/lemaraichermoderne.com\/en\/?s={search_term_string}"},"query-input":{"@type":"PropertyValueSpecification","valueRequired":true,"valueName":"search_term_string"}}],"inLanguage":"en-US"},{"@type":"Organization","@id":"https:\/\/lemaraichermoderne.com\/en\/#organization","name":"Le Mara\u00eecher Moderne","url":"https:\/\/lemaraichermoderne.com\/en\/","logo":{"@type":"ImageObject","inLanguage":"en-US","@id":"https:\/\/lemaraichermoderne.com\/en\/#\/schema\/logo\/image\/","url":"https:\/\/lemaraichermoderne.com\/wp-content\/uploads\/2023\/03\/logo_mm1.png","contentUrl":"https:\/\/lemaraichermoderne.com\/wp-content\/uploads\/2023\/03\/logo_mm1.png","width":500,"height":222,"caption":"Le Mara\u00eecher Moderne"},"image":{"@id":"https:\/\/lemaraichermoderne.com\/en\/#\/schema\/logo\/image\/"},"sameAs":["https:\/\/www.facebook.com\/lemaraichermoderne","https:\/\/www.instagram.com\/lemaraichermoderne"]}]}},"_links":{"self":[{"href":"https:\/\/lemaraichermoderne.com\/en\/wp-json\/wp\/v2\/product\/284","targetHints":{"allow":["GET"]}}],"collection":[{"href":"https:\/\/lemaraichermoderne.com\/en\/wp-json\/wp\/v2\/product"}],"about":[{"href":"https:\/\/lemaraichermoderne.com\/en\/wp-json\/wp\/v2\/types\/product"}],"wp:featuredmedia":[{"embeddable":true,"href":"https:\/\/lemaraichermoderne.com\/en\/wp-json\/wp\/v2\/media\/285"}],"wp:attachment":[{"href":"https:\/\/lemaraichermoderne.com\/en\/wp-json\/wp\/v2\/media?parent=284"}],"wp:term":[{"taxonomy":"product_brand","embeddable":true,"href":"https:\/\/lemaraichermoderne.com\/en\/wp-json\/wp\/v2\/product_brand?post=284"},{"taxonomy":"product_cat","embeddable":true,"href":"https:\/\/lemaraichermoderne.com\/en\/wp-json\/wp\/v2\/product_cat?post=284"},{"taxonomy":"product_tag","embeddable":true,"href":"https:\/\/lemaraichermoderne.com\/en\/wp-json\/wp\/v2\/product_tag?post=284"}],"curies":[{"name":"wp","href":"https:\/\/api.w.org\/{rel}","templated":true}]}}