{"id":2860,"date":"2023-03-16T22:55:03","date_gmt":"2023-03-17T02:55:03","guid":{"rendered":"https:\/\/lemaraichermoderne.com\/?post_type=product&#038;p=2860"},"modified":"2024-02-15T14:23:21","modified_gmt":"2024-02-15T19:23:21","slug":"sunblaster-led-strip-light-ho-6400k-24w-2","status":"publish","type":"product","link":"https:\/\/lemaraichermoderne.com\/en\/produit\/sunblaster-led-strip-light-ho-6400k-24w-2\/","title":{"rendered":"SUNBLASTER LED STRIP LIGHT HO 6400K 24W 2&#8242;"},"content":{"rendered":"<p>SunBlaster LED Strip Lights\u2122<\/p>\n<p>The finest Horticultural LED lighting available for today\u2019s Indoor Gardening. Designed to maximize overall performance, economy and extend longevity, while providing the best possible lighting for all indoor applications without fail or compromise. Using only High Output LED\u2019S for quality and performance.<\/p>\n<p>SunBlaster LED Strip Lights\u2122 utilize patented Self-Cooling Technology to create the most advanced Horticultural lighting available today, without creating unwanted heat, or wasting valuable electronic resources running cooling fans or other unwanted devices.<\/p>\n<p>SunBlaster LED Strip Lights\u2122 are the next generation in propagation and grow lighting answering the need for advanced lighting options across a vast array of growing applications.<\/p>\n","protected":false},"excerpt":{"rendered":"<p>SunBlaster LED Strip Lights\u2122 The finest Horticultural LED lighting available for today\u2019s Indoor Gardening. Designed to maximize overall performance, economy and extend longevity, while providing the best possible lighting for all indoor applications without fail or compromise. Using only High Output LED\u2019S for quality and performance. SunBlaster LED Strip Lights\u2122 utilize patented Self-Cooling Technology to [&hellip;]<\/p>\n","protected":false},"featured_media":2530,"template":"","meta":[],"product_brand":[],"product_cat":[],"product_tag":[],"class_list":{"0":"post-2860","1":"product","2":"type-product","3":"status-publish","4":"has-post-thumbnail","7":"first","8":"instock","9":"taxable","10":"shipping-taxable","11":"purchasable","12":"product-type-simple"},"yoast_head":"<!-- This site is optimized with the Yoast SEO plugin v27.5 - https:\/\/yoast.com\/product\/yoast-seo-wordpress\/ -->\n<title>SUNBLASTER LED STRIP LIGHT HO 6400K 24W 2&#039; - Le Mara\u00eecher Moderne<\/title>\n<meta name=\"robots\" content=\"index, follow, max-snippet:-1, max-image-preview:large, max-video-preview:-1\" \/>\n<link rel=\"canonical\" href=\"https:\/\/lemaraichermoderne.com\/en\/produit\/sunblaster-led-strip-light-ho-6400k-24w-2\/\" \/>\n<meta property=\"og:locale\" content=\"en_US\" \/>\n<meta property=\"og:type\" content=\"article\" \/>\n<meta property=\"og:title\" content=\"SUNBLASTER LED STRIP LIGHT HO 6400K 24W 2&#039; - Le Mara\u00eecher Moderne\" \/>\n<meta property=\"og:description\" content=\"SunBlaster LED Strip Lights\u2122 The finest Horticultural LED lighting available for today\u2019s Indoor Gardening. Designed to maximize overall performance, economy and extend longevity, while providing the best possible lighting for all indoor applications without fail or compromise. Using only High Output LED\u2019S for quality and performance. SunBlaster LED Strip Lights\u2122 utilize patented Self-Cooling Technology to [&hellip;]\" \/>\n<meta property=\"og:url\" content=\"https:\/\/lemaraichermoderne.com\/en\/produit\/sunblaster-led-strip-light-ho-6400k-24w-2\/\" \/>\n<meta property=\"og:site_name\" content=\"Le Mara\u00eecher Moderne\" \/>\n<meta property=\"article:publisher\" content=\"https:\/\/www.facebook.com\/lemaraichermoderne\" \/>\n<meta property=\"article:modified_time\" content=\"2024-02-15T19:23:21+00:00\" \/>\n<meta property=\"og:image\" content=\"https:\/\/lemaraichermoderne.com\/wp-content\/uploads\/2023\/03\/22610_2-Z_685x685.webp\" \/>\n\t<meta property=\"og:image:width\" content=\"685\" \/>\n\t<meta property=\"og:image:height\" content=\"685\" \/>\n\t<meta property=\"og:image:type\" content=\"image\/webp\" \/>\n<meta name=\"twitter:card\" content=\"summary_large_image\" \/>\n<meta name=\"twitter:label1\" content=\"Est. reading time\" \/>\n\t<meta name=\"twitter:data1\" content=\"1 minute\" \/>\n<script type=\"application\/ld+json\" class=\"yoast-schema-graph\">{\"@context\":\"https:\\\/\\\/schema.org\",\"@graph\":[{\"@type\":\"WebPage\",\"@id\":\"https:\\\/\\\/lemaraichermoderne.com\\\/en\\\/produit\\\/sunblaster-led-strip-light-ho-6400k-24w-2\\\/\",\"url\":\"https:\\\/\\\/lemaraichermoderne.com\\\/en\\\/produit\\\/sunblaster-led-strip-light-ho-6400k-24w-2\\\/\",\"name\":\"SUNBLASTER LED STRIP LIGHT HO 6400K 24W 2' - Le Mara\u00eecher Moderne\",\"isPartOf\":{\"@id\":\"https:\\\/\\\/lemaraichermoderne.com\\\/en\\\/#website\"},\"primaryImageOfPage\":{\"@id\":\"https:\\\/\\\/lemaraichermoderne.com\\\/en\\\/produit\\\/sunblaster-led-strip-light-ho-6400k-24w-2\\\/#primaryimage\"},\"image\":{\"@id\":\"https:\\\/\\\/lemaraichermoderne.com\\\/en\\\/produit\\\/sunblaster-led-strip-light-ho-6400k-24w-2\\\/#primaryimage\"},\"thumbnailUrl\":\"https:\\\/\\\/lemaraichermoderne.com\\\/wp-content\\\/uploads\\\/2023\\\/03\\\/22610_2-Z_685x685.webp\",\"datePublished\":\"2023-03-17T02:55:03+00:00\",\"dateModified\":\"2024-02-15T19:23:21+00:00\",\"breadcrumb\":{\"@id\":\"https:\\\/\\\/lemaraichermoderne.com\\\/en\\\/produit\\\/sunblaster-led-strip-light-ho-6400k-24w-2\\\/#breadcrumb\"},\"inLanguage\":\"en-US\",\"potentialAction\":[{\"@type\":\"ReadAction\",\"target\":[\"https:\\\/\\\/lemaraichermoderne.com\\\/en\\\/produit\\\/sunblaster-led-strip-light-ho-6400k-24w-2\\\/\"]}]},{\"@type\":\"ImageObject\",\"inLanguage\":\"en-US\",\"@id\":\"https:\\\/\\\/lemaraichermoderne.com\\\/en\\\/produit\\\/sunblaster-led-strip-light-ho-6400k-24w-2\\\/#primaryimage\",\"url\":\"https:\\\/\\\/lemaraichermoderne.com\\\/wp-content\\\/uploads\\\/2023\\\/03\\\/22610_2-Z_685x685.webp\",\"contentUrl\":\"https:\\\/\\\/lemaraichermoderne.com\\\/wp-content\\\/uploads\\\/2023\\\/03\\\/22610_2-Z_685x685.webp\",\"width\":685,\"height\":685},{\"@type\":\"BreadcrumbList\",\"@id\":\"https:\\\/\\\/lemaraichermoderne.com\\\/en\\\/produit\\\/sunblaster-led-strip-light-ho-6400k-24w-2\\\/#breadcrumb\",\"itemListElement\":[{\"@type\":\"ListItem\",\"position\":1,\"name\":\"Accueil\",\"item\":\"https:\\\/\\\/lemaraichermoderne.com\\\/en\\\/\"},{\"@type\":\"ListItem\",\"position\":2,\"name\":\"Boutique\",\"item\":\"https:\\\/\\\/lemaraichermoderne.com\\\/boutique\\\/\"},{\"@type\":\"ListItem\",\"position\":3,\"name\":\"SUNBLASTER LED STRIP LIGHT HO 6400K 24W 2&prime;\"}]},{\"@type\":\"WebSite\",\"@id\":\"https:\\\/\\\/lemaraichermoderne.com\\\/en\\\/#website\",\"url\":\"https:\\\/\\\/lemaraichermoderne.com\\\/en\\\/\",\"name\":\"Le Mara\u00eecher Moderne\",\"description\":\"R\u00e9f\u00e9rence en hydroponie \u00e0 Qu\u00e9bec\",\"publisher\":{\"@id\":\"https:\\\/\\\/lemaraichermoderne.com\\\/en\\\/#organization\"},\"potentialAction\":[{\"@type\":\"SearchAction\",\"target\":{\"@type\":\"EntryPoint\",\"urlTemplate\":\"https:\\\/\\\/lemaraichermoderne.com\\\/en\\\/?s={search_term_string}\"},\"query-input\":{\"@type\":\"PropertyValueSpecification\",\"valueRequired\":true,\"valueName\":\"search_term_string\"}}],\"inLanguage\":\"en-US\"},{\"@type\":\"Organization\",\"@id\":\"https:\\\/\\\/lemaraichermoderne.com\\\/en\\\/#organization\",\"name\":\"Le Mara\u00eecher Moderne\",\"url\":\"https:\\\/\\\/lemaraichermoderne.com\\\/en\\\/\",\"logo\":{\"@type\":\"ImageObject\",\"inLanguage\":\"en-US\",\"@id\":\"https:\\\/\\\/lemaraichermoderne.com\\\/en\\\/#\\\/schema\\\/logo\\\/image\\\/\",\"url\":\"https:\\\/\\\/lemaraichermoderne.com\\\/wp-content\\\/uploads\\\/2023\\\/03\\\/logo_mm1.png\",\"contentUrl\":\"https:\\\/\\\/lemaraichermoderne.com\\\/wp-content\\\/uploads\\\/2023\\\/03\\\/logo_mm1.png\",\"width\":500,\"height\":222,\"caption\":\"Le Mara\u00eecher Moderne\"},\"image\":{\"@id\":\"https:\\\/\\\/lemaraichermoderne.com\\\/en\\\/#\\\/schema\\\/logo\\\/image\\\/\"},\"sameAs\":[\"https:\\\/\\\/www.facebook.com\\\/lemaraichermoderne\",\"https:\\\/\\\/www.instagram.com\\\/lemaraichermoderne\"]}]}<\/script>\n<!-- \/ Yoast SEO plugin. -->","yoast_head_json":{"title":"SUNBLASTER LED STRIP LIGHT HO 6400K 24W 2' - Le Mara\u00eecher Moderne","robots":{"index":"index","follow":"follow","max-snippet":"max-snippet:-1","max-image-preview":"max-image-preview:large","max-video-preview":"max-video-preview:-1"},"canonical":"https:\/\/lemaraichermoderne.com\/en\/produit\/sunblaster-led-strip-light-ho-6400k-24w-2\/","og_locale":"en_US","og_type":"article","og_title":"SUNBLASTER LED STRIP LIGHT HO 6400K 24W 2' - Le Mara\u00eecher Moderne","og_description":"SunBlaster LED Strip Lights\u2122 The finest Horticultural LED lighting available for today\u2019s Indoor Gardening. Designed to maximize overall performance, economy and extend longevity, while providing the best possible lighting for all indoor applications without fail or compromise. Using only High Output LED\u2019S for quality and performance. SunBlaster LED Strip Lights\u2122 utilize patented Self-Cooling Technology to [&hellip;]","og_url":"https:\/\/lemaraichermoderne.com\/en\/produit\/sunblaster-led-strip-light-ho-6400k-24w-2\/","og_site_name":"Le Mara\u00eecher Moderne","article_publisher":"https:\/\/www.facebook.com\/lemaraichermoderne","article_modified_time":"2024-02-15T19:23:21+00:00","og_image":[{"width":685,"height":685,"url":"https:\/\/lemaraichermoderne.com\/wp-content\/uploads\/2023\/03\/22610_2-Z_685x685.webp","type":"image\/webp"}],"twitter_card":"summary_large_image","twitter_misc":{"Est. reading time":"1 minute"},"schema":{"@context":"https:\/\/schema.org","@graph":[{"@type":"WebPage","@id":"https:\/\/lemaraichermoderne.com\/en\/produit\/sunblaster-led-strip-light-ho-6400k-24w-2\/","url":"https:\/\/lemaraichermoderne.com\/en\/produit\/sunblaster-led-strip-light-ho-6400k-24w-2\/","name":"SUNBLASTER LED STRIP LIGHT HO 6400K 24W 2' - Le Mara\u00eecher Moderne","isPartOf":{"@id":"https:\/\/lemaraichermoderne.com\/en\/#website"},"primaryImageOfPage":{"@id":"https:\/\/lemaraichermoderne.com\/en\/produit\/sunblaster-led-strip-light-ho-6400k-24w-2\/#primaryimage"},"image":{"@id":"https:\/\/lemaraichermoderne.com\/en\/produit\/sunblaster-led-strip-light-ho-6400k-24w-2\/#primaryimage"},"thumbnailUrl":"https:\/\/lemaraichermoderne.com\/wp-content\/uploads\/2023\/03\/22610_2-Z_685x685.webp","datePublished":"2023-03-17T02:55:03+00:00","dateModified":"2024-02-15T19:23:21+00:00","breadcrumb":{"@id":"https:\/\/lemaraichermoderne.com\/en\/produit\/sunblaster-led-strip-light-ho-6400k-24w-2\/#breadcrumb"},"inLanguage":"en-US","potentialAction":[{"@type":"ReadAction","target":["https:\/\/lemaraichermoderne.com\/en\/produit\/sunblaster-led-strip-light-ho-6400k-24w-2\/"]}]},{"@type":"ImageObject","inLanguage":"en-US","@id":"https:\/\/lemaraichermoderne.com\/en\/produit\/sunblaster-led-strip-light-ho-6400k-24w-2\/#primaryimage","url":"https:\/\/lemaraichermoderne.com\/wp-content\/uploads\/2023\/03\/22610_2-Z_685x685.webp","contentUrl":"https:\/\/lemaraichermoderne.com\/wp-content\/uploads\/2023\/03\/22610_2-Z_685x685.webp","width":685,"height":685},{"@type":"BreadcrumbList","@id":"https:\/\/lemaraichermoderne.com\/en\/produit\/sunblaster-led-strip-light-ho-6400k-24w-2\/#breadcrumb","itemListElement":[{"@type":"ListItem","position":1,"name":"Accueil","item":"https:\/\/lemaraichermoderne.com\/en\/"},{"@type":"ListItem","position":2,"name":"Boutique","item":"https:\/\/lemaraichermoderne.com\/boutique\/"},{"@type":"ListItem","position":3,"name":"SUNBLASTER LED STRIP LIGHT HO 6400K 24W 2&prime;"}]},{"@type":"WebSite","@id":"https:\/\/lemaraichermoderne.com\/en\/#website","url":"https:\/\/lemaraichermoderne.com\/en\/","name":"Le Mara\u00eecher Moderne","description":"R\u00e9f\u00e9rence en hydroponie \u00e0 Qu\u00e9bec","publisher":{"@id":"https:\/\/lemaraichermoderne.com\/en\/#organization"},"potentialAction":[{"@type":"SearchAction","target":{"@type":"EntryPoint","urlTemplate":"https:\/\/lemaraichermoderne.com\/en\/?s={search_term_string}"},"query-input":{"@type":"PropertyValueSpecification","valueRequired":true,"valueName":"search_term_string"}}],"inLanguage":"en-US"},{"@type":"Organization","@id":"https:\/\/lemaraichermoderne.com\/en\/#organization","name":"Le Mara\u00eecher Moderne","url":"https:\/\/lemaraichermoderne.com\/en\/","logo":{"@type":"ImageObject","inLanguage":"en-US","@id":"https:\/\/lemaraichermoderne.com\/en\/#\/schema\/logo\/image\/","url":"https:\/\/lemaraichermoderne.com\/wp-content\/uploads\/2023\/03\/logo_mm1.png","contentUrl":"https:\/\/lemaraichermoderne.com\/wp-content\/uploads\/2023\/03\/logo_mm1.png","width":500,"height":222,"caption":"Le Mara\u00eecher Moderne"},"image":{"@id":"https:\/\/lemaraichermoderne.com\/en\/#\/schema\/logo\/image\/"},"sameAs":["https:\/\/www.facebook.com\/lemaraichermoderne","https:\/\/www.instagram.com\/lemaraichermoderne"]}]}},"_links":{"self":[{"href":"https:\/\/lemaraichermoderne.com\/en\/wp-json\/wp\/v2\/product\/2860","targetHints":{"allow":["GET"]}}],"collection":[{"href":"https:\/\/lemaraichermoderne.com\/en\/wp-json\/wp\/v2\/product"}],"about":[{"href":"https:\/\/lemaraichermoderne.com\/en\/wp-json\/wp\/v2\/types\/product"}],"wp:featuredmedia":[{"embeddable":true,"href":"https:\/\/lemaraichermoderne.com\/en\/wp-json\/wp\/v2\/media\/2530"}],"wp:attachment":[{"href":"https:\/\/lemaraichermoderne.com\/en\/wp-json\/wp\/v2\/media?parent=2860"}],"wp:term":[{"taxonomy":"product_brand","embeddable":true,"href":"https:\/\/lemaraichermoderne.com\/en\/wp-json\/wp\/v2\/product_brand?post=2860"},{"taxonomy":"product_cat","embeddable":true,"href":"https:\/\/lemaraichermoderne.com\/en\/wp-json\/wp\/v2\/product_cat?post=2860"},{"taxonomy":"product_tag","embeddable":true,"href":"https:\/\/lemaraichermoderne.com\/en\/wp-json\/wp\/v2\/product_tag?post=2860"}],"curies":[{"name":"wp","href":"https:\/\/api.w.org\/{rel}","templated":true}]}}