{"id":2887,"date":"2023-10-25T13:50:08","date_gmt":"2023-10-25T17:50:08","guid":{"rendered":"https:\/\/lemaraichermoderne.com\/?post_type=product&#038;p=2887"},"modified":"2024-02-17T11:51:52","modified_gmt":"2024-02-17T16:51:52","slug":"hanna-hi-7004l-buffer-solution-ph-4-01-500-ml","status":"publish","type":"product","link":"https:\/\/lemaraichermoderne.com\/en\/produit\/hanna-hi-7004l-buffer-solution-ph-4-01-500-ml\/","title":{"rendered":"HANNA HI 7004L BUFFER SOLUTION PH 4 .01 500 ML"},"content":{"rendered":"<p>HI7004L is a premium quality pH 4.01 calibration solution.<\/p>\n<p>Hanna calibration buffers have the lot number and expiration date clearly marked on the label and are air tight with a tamper-proof seal to ensure the quality of the solution.<br \/>\nHanna\u2019s line of calibration buffers have been specially formulated to have an expiration of 5 years from the date of manufacture for an unopened bottle.<\/p>\n<p>HI7004L&#8230;<br \/>\n&#8211; Color coded label for easy PH buffer value identification<br \/>\n&#8211; Accuracy of +\/- 0.01 pH @ 25\u00b0C<br \/>\n&#8211; Temperature chart of the actual PH value at various temperatures printed on each bottle<br \/>\n<strong><br \/>\nDetailed description<br \/>\n<\/strong><br \/>\nAccuracy Standard : \u00b10.01 PH<br \/>\npH Value @25\u00b0C : 4.01<\/p>\n<p><strong>Package Includes:<br \/>\n<\/strong><br \/>\n1x HI7004L pH 4.01 Calibration Solution 500ML<\/p>\n","protected":false},"excerpt":{"rendered":"<p>HI7004L is a premium quality pH 4.01 calibration solution. Hanna calibration buffers have the lot number and expiration date clearly marked on the label and are air tight with a tamper-proof seal to ensure the quality of the solution. Hanna\u2019s line of calibration buffers have been specially formulated to have an expiration of 5 years [&hellip;]<\/p>\n","protected":false},"featured_media":2719,"template":"","meta":[],"product_brand":[],"product_cat":[],"product_tag":[],"class_list":{"0":"post-2887","1":"product","2":"type-product","3":"status-publish","4":"has-post-thumbnail","7":"first","8":"instock","9":"taxable","10":"shipping-taxable","11":"purchasable","12":"product-type-simple"},"yoast_head":"<!-- This site is optimized with the Yoast SEO plugin v27.5 - https:\/\/yoast.com\/product\/yoast-seo-wordpress\/ -->\n<title>HANNA HI 7004L BUFFER SOLUTION PH 4 .01 500 ML - Le Mara\u00eecher Moderne<\/title>\n<meta name=\"robots\" content=\"index, follow, max-snippet:-1, max-image-preview:large, max-video-preview:-1\" \/>\n<link rel=\"canonical\" href=\"https:\/\/lemaraichermoderne.com\/en\/produit\/hanna-hi-7004l-buffer-solution-ph-4-01-500-ml\/\" \/>\n<meta property=\"og:locale\" content=\"en_US\" \/>\n<meta property=\"og:type\" content=\"article\" \/>\n<meta property=\"og:title\" content=\"HANNA HI 7004L BUFFER SOLUTION PH 4 .01 500 ML - Le Mara\u00eecher Moderne\" \/>\n<meta property=\"og:description\" content=\"HI7004L is a premium quality pH 4.01 calibration solution. Hanna calibration buffers have the lot number and expiration date clearly marked on the label and are air tight with a tamper-proof seal to ensure the quality of the solution. Hanna\u2019s line of calibration buffers have been specially formulated to have an expiration of 5 years [&hellip;]\" \/>\n<meta property=\"og:url\" content=\"https:\/\/lemaraichermoderne.com\/en\/produit\/hanna-hi-7004l-buffer-solution-ph-4-01-500-ml\/\" \/>\n<meta property=\"og:site_name\" content=\"Le Mara\u00eecher Moderne\" \/>\n<meta property=\"article:publisher\" content=\"https:\/\/www.facebook.com\/lemaraichermoderne\" \/>\n<meta property=\"article:modified_time\" content=\"2024-02-17T16:51:52+00:00\" \/>\n<meta property=\"og:image\" content=\"https:\/\/lemaraichermoderne.com\/wp-content\/uploads\/2023\/10\/hanna-hi7004-ph-4-buffer-06028500014.jpg\" \/>\n\t<meta property=\"og:image:width\" content=\"1200\" \/>\n\t<meta property=\"og:image:height\" content=\"1200\" \/>\n\t<meta property=\"og:image:type\" content=\"image\/jpeg\" \/>\n<meta name=\"twitter:card\" content=\"summary_large_image\" \/>\n<meta name=\"twitter:label1\" content=\"Est. reading time\" \/>\n\t<meta name=\"twitter:data1\" content=\"1 minute\" \/>\n<script type=\"application\/ld+json\" class=\"yoast-schema-graph\">{\"@context\":\"https:\\\/\\\/schema.org\",\"@graph\":[{\"@type\":\"WebPage\",\"@id\":\"https:\\\/\\\/lemaraichermoderne.com\\\/en\\\/produit\\\/hanna-hi-7004l-buffer-solution-ph-4-01-500-ml\\\/\",\"url\":\"https:\\\/\\\/lemaraichermoderne.com\\\/en\\\/produit\\\/hanna-hi-7004l-buffer-solution-ph-4-01-500-ml\\\/\",\"name\":\"HANNA HI 7004L BUFFER SOLUTION PH 4 .01 500 ML - Le Mara\u00eecher Moderne\",\"isPartOf\":{\"@id\":\"https:\\\/\\\/lemaraichermoderne.com\\\/en\\\/#website\"},\"primaryImageOfPage\":{\"@id\":\"https:\\\/\\\/lemaraichermoderne.com\\\/en\\\/produit\\\/hanna-hi-7004l-buffer-solution-ph-4-01-500-ml\\\/#primaryimage\"},\"image\":{\"@id\":\"https:\\\/\\\/lemaraichermoderne.com\\\/en\\\/produit\\\/hanna-hi-7004l-buffer-solution-ph-4-01-500-ml\\\/#primaryimage\"},\"thumbnailUrl\":\"https:\\\/\\\/lemaraichermoderne.com\\\/wp-content\\\/uploads\\\/2023\\\/10\\\/hanna-hi7004-ph-4-buffer-06028500014.jpg\",\"datePublished\":\"2023-10-25T17:50:08+00:00\",\"dateModified\":\"2024-02-17T16:51:52+00:00\",\"breadcrumb\":{\"@id\":\"https:\\\/\\\/lemaraichermoderne.com\\\/en\\\/produit\\\/hanna-hi-7004l-buffer-solution-ph-4-01-500-ml\\\/#breadcrumb\"},\"inLanguage\":\"en-US\",\"potentialAction\":[{\"@type\":\"ReadAction\",\"target\":[\"https:\\\/\\\/lemaraichermoderne.com\\\/en\\\/produit\\\/hanna-hi-7004l-buffer-solution-ph-4-01-500-ml\\\/\"]}]},{\"@type\":\"ImageObject\",\"inLanguage\":\"en-US\",\"@id\":\"https:\\\/\\\/lemaraichermoderne.com\\\/en\\\/produit\\\/hanna-hi-7004l-buffer-solution-ph-4-01-500-ml\\\/#primaryimage\",\"url\":\"https:\\\/\\\/lemaraichermoderne.com\\\/wp-content\\\/uploads\\\/2023\\\/10\\\/hanna-hi7004-ph-4-buffer-06028500014.jpg\",\"contentUrl\":\"https:\\\/\\\/lemaraichermoderne.com\\\/wp-content\\\/uploads\\\/2023\\\/10\\\/hanna-hi7004-ph-4-buffer-06028500014.jpg\",\"width\":1200,\"height\":1200},{\"@type\":\"BreadcrumbList\",\"@id\":\"https:\\\/\\\/lemaraichermoderne.com\\\/en\\\/produit\\\/hanna-hi-7004l-buffer-solution-ph-4-01-500-ml\\\/#breadcrumb\",\"itemListElement\":[{\"@type\":\"ListItem\",\"position\":1,\"name\":\"Accueil\",\"item\":\"https:\\\/\\\/lemaraichermoderne.com\\\/en\\\/\"},{\"@type\":\"ListItem\",\"position\":2,\"name\":\"Boutique\",\"item\":\"https:\\\/\\\/lemaraichermoderne.com\\\/boutique\\\/\"},{\"@type\":\"ListItem\",\"position\":3,\"name\":\"HANNA HI 7004L BUFFER SOLUTION PH 4 .01 500 ML\"}]},{\"@type\":\"WebSite\",\"@id\":\"https:\\\/\\\/lemaraichermoderne.com\\\/en\\\/#website\",\"url\":\"https:\\\/\\\/lemaraichermoderne.com\\\/en\\\/\",\"name\":\"Le Mara\u00eecher Moderne\",\"description\":\"R\u00e9f\u00e9rence en hydroponie \u00e0 Qu\u00e9bec\",\"publisher\":{\"@id\":\"https:\\\/\\\/lemaraichermoderne.com\\\/en\\\/#organization\"},\"potentialAction\":[{\"@type\":\"SearchAction\",\"target\":{\"@type\":\"EntryPoint\",\"urlTemplate\":\"https:\\\/\\\/lemaraichermoderne.com\\\/en\\\/?s={search_term_string}\"},\"query-input\":{\"@type\":\"PropertyValueSpecification\",\"valueRequired\":true,\"valueName\":\"search_term_string\"}}],\"inLanguage\":\"en-US\"},{\"@type\":\"Organization\",\"@id\":\"https:\\\/\\\/lemaraichermoderne.com\\\/en\\\/#organization\",\"name\":\"Le Mara\u00eecher Moderne\",\"url\":\"https:\\\/\\\/lemaraichermoderne.com\\\/en\\\/\",\"logo\":{\"@type\":\"ImageObject\",\"inLanguage\":\"en-US\",\"@id\":\"https:\\\/\\\/lemaraichermoderne.com\\\/en\\\/#\\\/schema\\\/logo\\\/image\\\/\",\"url\":\"https:\\\/\\\/lemaraichermoderne.com\\\/wp-content\\\/uploads\\\/2023\\\/03\\\/logo_mm1.png\",\"contentUrl\":\"https:\\\/\\\/lemaraichermoderne.com\\\/wp-content\\\/uploads\\\/2023\\\/03\\\/logo_mm1.png\",\"width\":500,\"height\":222,\"caption\":\"Le Mara\u00eecher Moderne\"},\"image\":{\"@id\":\"https:\\\/\\\/lemaraichermoderne.com\\\/en\\\/#\\\/schema\\\/logo\\\/image\\\/\"},\"sameAs\":[\"https:\\\/\\\/www.facebook.com\\\/lemaraichermoderne\",\"https:\\\/\\\/www.instagram.com\\\/lemaraichermoderne\"]}]}<\/script>\n<!-- \/ Yoast SEO plugin. -->","yoast_head_json":{"title":"HANNA HI 7004L BUFFER SOLUTION PH 4 .01 500 ML - Le Mara\u00eecher Moderne","robots":{"index":"index","follow":"follow","max-snippet":"max-snippet:-1","max-image-preview":"max-image-preview:large","max-video-preview":"max-video-preview:-1"},"canonical":"https:\/\/lemaraichermoderne.com\/en\/produit\/hanna-hi-7004l-buffer-solution-ph-4-01-500-ml\/","og_locale":"en_US","og_type":"article","og_title":"HANNA HI 7004L BUFFER SOLUTION PH 4 .01 500 ML - Le Mara\u00eecher Moderne","og_description":"HI7004L is a premium quality pH 4.01 calibration solution. Hanna calibration buffers have the lot number and expiration date clearly marked on the label and are air tight with a tamper-proof seal to ensure the quality of the solution. Hanna\u2019s line of calibration buffers have been specially formulated to have an expiration of 5 years [&hellip;]","og_url":"https:\/\/lemaraichermoderne.com\/en\/produit\/hanna-hi-7004l-buffer-solution-ph-4-01-500-ml\/","og_site_name":"Le Mara\u00eecher Moderne","article_publisher":"https:\/\/www.facebook.com\/lemaraichermoderne","article_modified_time":"2024-02-17T16:51:52+00:00","og_image":[{"width":1200,"height":1200,"url":"https:\/\/lemaraichermoderne.com\/wp-content\/uploads\/2023\/10\/hanna-hi7004-ph-4-buffer-06028500014.jpg","type":"image\/jpeg"}],"twitter_card":"summary_large_image","twitter_misc":{"Est. reading time":"1 minute"},"schema":{"@context":"https:\/\/schema.org","@graph":[{"@type":"WebPage","@id":"https:\/\/lemaraichermoderne.com\/en\/produit\/hanna-hi-7004l-buffer-solution-ph-4-01-500-ml\/","url":"https:\/\/lemaraichermoderne.com\/en\/produit\/hanna-hi-7004l-buffer-solution-ph-4-01-500-ml\/","name":"HANNA HI 7004L BUFFER SOLUTION PH 4 .01 500 ML - Le Mara\u00eecher Moderne","isPartOf":{"@id":"https:\/\/lemaraichermoderne.com\/en\/#website"},"primaryImageOfPage":{"@id":"https:\/\/lemaraichermoderne.com\/en\/produit\/hanna-hi-7004l-buffer-solution-ph-4-01-500-ml\/#primaryimage"},"image":{"@id":"https:\/\/lemaraichermoderne.com\/en\/produit\/hanna-hi-7004l-buffer-solution-ph-4-01-500-ml\/#primaryimage"},"thumbnailUrl":"https:\/\/lemaraichermoderne.com\/wp-content\/uploads\/2023\/10\/hanna-hi7004-ph-4-buffer-06028500014.jpg","datePublished":"2023-10-25T17:50:08+00:00","dateModified":"2024-02-17T16:51:52+00:00","breadcrumb":{"@id":"https:\/\/lemaraichermoderne.com\/en\/produit\/hanna-hi-7004l-buffer-solution-ph-4-01-500-ml\/#breadcrumb"},"inLanguage":"en-US","potentialAction":[{"@type":"ReadAction","target":["https:\/\/lemaraichermoderne.com\/en\/produit\/hanna-hi-7004l-buffer-solution-ph-4-01-500-ml\/"]}]},{"@type":"ImageObject","inLanguage":"en-US","@id":"https:\/\/lemaraichermoderne.com\/en\/produit\/hanna-hi-7004l-buffer-solution-ph-4-01-500-ml\/#primaryimage","url":"https:\/\/lemaraichermoderne.com\/wp-content\/uploads\/2023\/10\/hanna-hi7004-ph-4-buffer-06028500014.jpg","contentUrl":"https:\/\/lemaraichermoderne.com\/wp-content\/uploads\/2023\/10\/hanna-hi7004-ph-4-buffer-06028500014.jpg","width":1200,"height":1200},{"@type":"BreadcrumbList","@id":"https:\/\/lemaraichermoderne.com\/en\/produit\/hanna-hi-7004l-buffer-solution-ph-4-01-500-ml\/#breadcrumb","itemListElement":[{"@type":"ListItem","position":1,"name":"Accueil","item":"https:\/\/lemaraichermoderne.com\/en\/"},{"@type":"ListItem","position":2,"name":"Boutique","item":"https:\/\/lemaraichermoderne.com\/boutique\/"},{"@type":"ListItem","position":3,"name":"HANNA HI 7004L BUFFER SOLUTION PH 4 .01 500 ML"}]},{"@type":"WebSite","@id":"https:\/\/lemaraichermoderne.com\/en\/#website","url":"https:\/\/lemaraichermoderne.com\/en\/","name":"Le Mara\u00eecher Moderne","description":"R\u00e9f\u00e9rence en hydroponie \u00e0 Qu\u00e9bec","publisher":{"@id":"https:\/\/lemaraichermoderne.com\/en\/#organization"},"potentialAction":[{"@type":"SearchAction","target":{"@type":"EntryPoint","urlTemplate":"https:\/\/lemaraichermoderne.com\/en\/?s={search_term_string}"},"query-input":{"@type":"PropertyValueSpecification","valueRequired":true,"valueName":"search_term_string"}}],"inLanguage":"en-US"},{"@type":"Organization","@id":"https:\/\/lemaraichermoderne.com\/en\/#organization","name":"Le Mara\u00eecher Moderne","url":"https:\/\/lemaraichermoderne.com\/en\/","logo":{"@type":"ImageObject","inLanguage":"en-US","@id":"https:\/\/lemaraichermoderne.com\/en\/#\/schema\/logo\/image\/","url":"https:\/\/lemaraichermoderne.com\/wp-content\/uploads\/2023\/03\/logo_mm1.png","contentUrl":"https:\/\/lemaraichermoderne.com\/wp-content\/uploads\/2023\/03\/logo_mm1.png","width":500,"height":222,"caption":"Le Mara\u00eecher Moderne"},"image":{"@id":"https:\/\/lemaraichermoderne.com\/en\/#\/schema\/logo\/image\/"},"sameAs":["https:\/\/www.facebook.com\/lemaraichermoderne","https:\/\/www.instagram.com\/lemaraichermoderne"]}]}},"_links":{"self":[{"href":"https:\/\/lemaraichermoderne.com\/en\/wp-json\/wp\/v2\/product\/2887","targetHints":{"allow":["GET"]}}],"collection":[{"href":"https:\/\/lemaraichermoderne.com\/en\/wp-json\/wp\/v2\/product"}],"about":[{"href":"https:\/\/lemaraichermoderne.com\/en\/wp-json\/wp\/v2\/types\/product"}],"wp:featuredmedia":[{"embeddable":true,"href":"https:\/\/lemaraichermoderne.com\/en\/wp-json\/wp\/v2\/media\/2719"}],"wp:attachment":[{"href":"https:\/\/lemaraichermoderne.com\/en\/wp-json\/wp\/v2\/media?parent=2887"}],"wp:term":[{"taxonomy":"product_brand","embeddable":true,"href":"https:\/\/lemaraichermoderne.com\/en\/wp-json\/wp\/v2\/product_brand?post=2887"},{"taxonomy":"product_cat","embeddable":true,"href":"https:\/\/lemaraichermoderne.com\/en\/wp-json\/wp\/v2\/product_cat?post=2887"},{"taxonomy":"product_tag","embeddable":true,"href":"https:\/\/lemaraichermoderne.com\/en\/wp-json\/wp\/v2\/product_tag?post=2887"}],"curies":[{"name":"wp","href":"https:\/\/api.w.org\/{rel}","templated":true}]}}