{"id":2939,"date":"2024-02-23T10:37:56","date_gmt":"2024-02-23T15:37:56","guid":{"rendered":"https:\/\/lemaraichermoderne.com\/?post_type=product&#038;p=2939"},"modified":"2026-03-13T11:14:54","modified_gmt":"2026-03-13T15:14:54","slug":"mon-potager-sante","status":"publish","type":"product","link":"https:\/\/lemaraichermoderne.com\/en\/produit\/mon-potager-sante\/","title":{"rendered":"Mon Potager sant\u00e9"},"content":{"rendered":"<p>Plus qu&#8217;un loisir, le jardinage est un choix \u00e9cologique qui a des retomb\u00e9es b\u00e9n\u00e9fiques sur la sant\u00e9. Oser un potager sant\u00e9 garantit des l\u00e9gumes sans pesticides ni engrais chimiques, et pas seulement des carottes ou des tomates: plus d&#8217;une quarantaine de l\u00e9gumes peuvent \u00eatre cultiv\u00e9s. Mais par o\u00f9 commencer? Comment opter pour des pratiques qui r\u00e9ussissent?<\/p>\n<p>Gr\u00e2ce \u00e0\u00a0<em>Mon potager sant\u00e9<\/em>, vous apprendrez \u00e0:<\/p>\n<ul>\n<li>planifier et r\u00e9ussir votre jardin bio;<\/li>\n<li>cultiver vos l\u00e9gumes de fa\u00e7on \u00e9cologique, \u00e0 partir des semis jusqu\u2019\u00e0 la r\u00e9colte;<\/li>\n<li>prot\u00e9ger votre potager des ravageurs (insectes et autres) et des maladies;<\/li>\n<li>conserver de mani\u00e8re appropri\u00e9e vos r\u00e9coltes pour en profiter \u00e0 longueur d&#8217;ann\u00e9e.<\/li>\n<\/ul>\n<p>Un ouvrage de r\u00e9f\u00e9rence qui s&#8217;adresse tout autant aux apprentis jardiniers qu&#8217;\u00e0 ceux et celles qui veulent am\u00e9liorer leurs pratiques, que ce soit en banlieue, \u00e0 la campagne ou en ville.<\/p>\n","protected":false},"excerpt":{"rendered":"<p>Plus qu&#8217;un loisir, le jardinage est un choix \u00e9cologique qui a des retomb\u00e9es b\u00e9n\u00e9fiques sur la sant\u00e9. Oser un potager sant\u00e9 garantit des l\u00e9gumes sans pesticides ni engrais chimiques, et pas seulement des carottes ou des tomates: plus d&#8217;une quarantaine de l\u00e9gumes peuvent \u00eatre cultiv\u00e9s. Mais par o\u00f9 commencer? Comment opter pour des pratiques qui [&hellip;]<\/p>\n","protected":false},"featured_media":2940,"template":"","meta":[],"product_brand":[],"product_cat":[42],"product_tag":[],"class_list":{"0":"post-2939","1":"product","2":"type-product","3":"status-publish","4":"has-post-thumbnail","6":"product_cat-livres","8":"first","9":"instock","10":"taxable","11":"shipping-taxable","12":"purchasable","13":"product-type-simple"},"yoast_head":"<!-- This site is optimized with the Yoast SEO plugin v27.4 - https:\/\/yoast.com\/product\/yoast-seo-wordpress\/ -->\n<title>Mon Potager sant\u00e9 - Le Mara\u00eecher Moderne<\/title>\n<meta name=\"robots\" content=\"index, follow, max-snippet:-1, max-image-preview:large, max-video-preview:-1\" \/>\n<link rel=\"canonical\" href=\"https:\/\/lemaraichermoderne.com\/en\/produit\/mon-potager-sante\/\" \/>\n<meta property=\"og:locale\" content=\"en_US\" \/>\n<meta property=\"og:type\" content=\"article\" \/>\n<meta property=\"og:title\" content=\"Mon Potager sant\u00e9 - Le Mara\u00eecher Moderne\" \/>\n<meta property=\"og:description\" content=\"Plus qu&#8217;un loisir, le jardinage est un choix \u00e9cologique qui a des retomb\u00e9es b\u00e9n\u00e9fiques sur la sant\u00e9. Oser un potager sant\u00e9 garantit des l\u00e9gumes sans pesticides ni engrais chimiques, et pas seulement des carottes ou des tomates: plus d&#8217;une quarantaine de l\u00e9gumes peuvent \u00eatre cultiv\u00e9s. Mais par o\u00f9 commencer? Comment opter pour des pratiques qui [&hellip;]\" \/>\n<meta property=\"og:url\" content=\"https:\/\/lemaraichermoderne.com\/en\/produit\/mon-potager-sante\/\" \/>\n<meta property=\"og:site_name\" content=\"Le Mara\u00eecher Moderne\" \/>\n<meta property=\"article:publisher\" content=\"https:\/\/www.facebook.com\/lemaraichermoderne\" \/>\n<meta property=\"article:modified_time\" content=\"2026-03-13T15:14:54+00:00\" \/>\n<meta property=\"og:image\" content=\"https:\/\/lemaraichermoderne.com\/wp-content\/uploads\/2024\/02\/Potager.jpg\" \/>\n\t<meta property=\"og:image:width\" content=\"700\" \/>\n\t<meta property=\"og:image:height\" content=\"863\" \/>\n\t<meta property=\"og:image:type\" content=\"image\/jpeg\" \/>\n<meta name=\"twitter:card\" content=\"summary_large_image\" \/>\n<meta name=\"twitter:label1\" content=\"Est. reading time\" \/>\n\t<meta name=\"twitter:data1\" content=\"1 minute\" \/>\n<script type=\"application\/ld+json\" class=\"yoast-schema-graph\">{\"@context\":\"https:\\\/\\\/schema.org\",\"@graph\":[{\"@type\":\"WebPage\",\"@id\":\"https:\\\/\\\/lemaraichermoderne.com\\\/en\\\/produit\\\/mon-potager-sante\\\/\",\"url\":\"https:\\\/\\\/lemaraichermoderne.com\\\/en\\\/produit\\\/mon-potager-sante\\\/\",\"name\":\"Mon Potager sant\u00e9 - Le Mara\u00eecher Moderne\",\"isPartOf\":{\"@id\":\"https:\\\/\\\/lemaraichermoderne.com\\\/en\\\/#website\"},\"primaryImageOfPage\":{\"@id\":\"https:\\\/\\\/lemaraichermoderne.com\\\/en\\\/produit\\\/mon-potager-sante\\\/#primaryimage\"},\"image\":{\"@id\":\"https:\\\/\\\/lemaraichermoderne.com\\\/en\\\/produit\\\/mon-potager-sante\\\/#primaryimage\"},\"thumbnailUrl\":\"https:\\\/\\\/lemaraichermoderne.com\\\/wp-content\\\/uploads\\\/2024\\\/02\\\/Potager.jpg\",\"datePublished\":\"2024-02-23T15:37:56+00:00\",\"dateModified\":\"2026-03-13T15:14:54+00:00\",\"breadcrumb\":{\"@id\":\"https:\\\/\\\/lemaraichermoderne.com\\\/en\\\/produit\\\/mon-potager-sante\\\/#breadcrumb\"},\"inLanguage\":\"en-US\",\"potentialAction\":[{\"@type\":\"ReadAction\",\"target\":[\"https:\\\/\\\/lemaraichermoderne.com\\\/en\\\/produit\\\/mon-potager-sante\\\/\"]}]},{\"@type\":\"ImageObject\",\"inLanguage\":\"en-US\",\"@id\":\"https:\\\/\\\/lemaraichermoderne.com\\\/en\\\/produit\\\/mon-potager-sante\\\/#primaryimage\",\"url\":\"https:\\\/\\\/lemaraichermoderne.com\\\/wp-content\\\/uploads\\\/2024\\\/02\\\/Potager.jpg\",\"contentUrl\":\"https:\\\/\\\/lemaraichermoderne.com\\\/wp-content\\\/uploads\\\/2024\\\/02\\\/Potager.jpg\",\"width\":700,\"height\":863},{\"@type\":\"BreadcrumbList\",\"@id\":\"https:\\\/\\\/lemaraichermoderne.com\\\/en\\\/produit\\\/mon-potager-sante\\\/#breadcrumb\",\"itemListElement\":[{\"@type\":\"ListItem\",\"position\":1,\"name\":\"Accueil\",\"item\":\"https:\\\/\\\/lemaraichermoderne.com\\\/en\\\/\"},{\"@type\":\"ListItem\",\"position\":2,\"name\":\"Boutique\",\"item\":\"https:\\\/\\\/lemaraichermoderne.com\\\/boutique\\\/\"},{\"@type\":\"ListItem\",\"position\":3,\"name\":\"Mon Potager sant\u00e9\"}]},{\"@type\":\"WebSite\",\"@id\":\"https:\\\/\\\/lemaraichermoderne.com\\\/en\\\/#website\",\"url\":\"https:\\\/\\\/lemaraichermoderne.com\\\/en\\\/\",\"name\":\"Le Mara\u00eecher Moderne\",\"description\":\"R\u00e9f\u00e9rence en hydroponie \u00e0 Qu\u00e9bec\",\"publisher\":{\"@id\":\"https:\\\/\\\/lemaraichermoderne.com\\\/en\\\/#organization\"},\"potentialAction\":[{\"@type\":\"SearchAction\",\"target\":{\"@type\":\"EntryPoint\",\"urlTemplate\":\"https:\\\/\\\/lemaraichermoderne.com\\\/en\\\/?s={search_term_string}\"},\"query-input\":{\"@type\":\"PropertyValueSpecification\",\"valueRequired\":true,\"valueName\":\"search_term_string\"}}],\"inLanguage\":\"en-US\"},{\"@type\":\"Organization\",\"@id\":\"https:\\\/\\\/lemaraichermoderne.com\\\/en\\\/#organization\",\"name\":\"Le Mara\u00eecher Moderne\",\"url\":\"https:\\\/\\\/lemaraichermoderne.com\\\/en\\\/\",\"logo\":{\"@type\":\"ImageObject\",\"inLanguage\":\"en-US\",\"@id\":\"https:\\\/\\\/lemaraichermoderne.com\\\/en\\\/#\\\/schema\\\/logo\\\/image\\\/\",\"url\":\"https:\\\/\\\/lemaraichermoderne.com\\\/wp-content\\\/uploads\\\/2023\\\/03\\\/logo_mm1.png\",\"contentUrl\":\"https:\\\/\\\/lemaraichermoderne.com\\\/wp-content\\\/uploads\\\/2023\\\/03\\\/logo_mm1.png\",\"width\":500,\"height\":222,\"caption\":\"Le Mara\u00eecher Moderne\"},\"image\":{\"@id\":\"https:\\\/\\\/lemaraichermoderne.com\\\/en\\\/#\\\/schema\\\/logo\\\/image\\\/\"},\"sameAs\":[\"https:\\\/\\\/www.facebook.com\\\/lemaraichermoderne\",\"https:\\\/\\\/www.instagram.com\\\/lemaraichermoderne\"]}]}<\/script>\n<!-- \/ Yoast SEO plugin. -->","yoast_head_json":{"title":"Mon Potager sant\u00e9 - Le Mara\u00eecher Moderne","robots":{"index":"index","follow":"follow","max-snippet":"max-snippet:-1","max-image-preview":"max-image-preview:large","max-video-preview":"max-video-preview:-1"},"canonical":"https:\/\/lemaraichermoderne.com\/en\/produit\/mon-potager-sante\/","og_locale":"en_US","og_type":"article","og_title":"Mon Potager sant\u00e9 - Le Mara\u00eecher Moderne","og_description":"Plus qu&#8217;un loisir, le jardinage est un choix \u00e9cologique qui a des retomb\u00e9es b\u00e9n\u00e9fiques sur la sant\u00e9. Oser un potager sant\u00e9 garantit des l\u00e9gumes sans pesticides ni engrais chimiques, et pas seulement des carottes ou des tomates: plus d&#8217;une quarantaine de l\u00e9gumes peuvent \u00eatre cultiv\u00e9s. Mais par o\u00f9 commencer? Comment opter pour des pratiques qui [&hellip;]","og_url":"https:\/\/lemaraichermoderne.com\/en\/produit\/mon-potager-sante\/","og_site_name":"Le Mara\u00eecher Moderne","article_publisher":"https:\/\/www.facebook.com\/lemaraichermoderne","article_modified_time":"2026-03-13T15:14:54+00:00","og_image":[{"width":700,"height":863,"url":"https:\/\/lemaraichermoderne.com\/wp-content\/uploads\/2024\/02\/Potager.jpg","type":"image\/jpeg"}],"twitter_card":"summary_large_image","twitter_misc":{"Est. reading time":"1 minute"},"schema":{"@context":"https:\/\/schema.org","@graph":[{"@type":"WebPage","@id":"https:\/\/lemaraichermoderne.com\/en\/produit\/mon-potager-sante\/","url":"https:\/\/lemaraichermoderne.com\/en\/produit\/mon-potager-sante\/","name":"Mon Potager sant\u00e9 - Le Mara\u00eecher Moderne","isPartOf":{"@id":"https:\/\/lemaraichermoderne.com\/en\/#website"},"primaryImageOfPage":{"@id":"https:\/\/lemaraichermoderne.com\/en\/produit\/mon-potager-sante\/#primaryimage"},"image":{"@id":"https:\/\/lemaraichermoderne.com\/en\/produit\/mon-potager-sante\/#primaryimage"},"thumbnailUrl":"https:\/\/lemaraichermoderne.com\/wp-content\/uploads\/2024\/02\/Potager.jpg","datePublished":"2024-02-23T15:37:56+00:00","dateModified":"2026-03-13T15:14:54+00:00","breadcrumb":{"@id":"https:\/\/lemaraichermoderne.com\/en\/produit\/mon-potager-sante\/#breadcrumb"},"inLanguage":"en-US","potentialAction":[{"@type":"ReadAction","target":["https:\/\/lemaraichermoderne.com\/en\/produit\/mon-potager-sante\/"]}]},{"@type":"ImageObject","inLanguage":"en-US","@id":"https:\/\/lemaraichermoderne.com\/en\/produit\/mon-potager-sante\/#primaryimage","url":"https:\/\/lemaraichermoderne.com\/wp-content\/uploads\/2024\/02\/Potager.jpg","contentUrl":"https:\/\/lemaraichermoderne.com\/wp-content\/uploads\/2024\/02\/Potager.jpg","width":700,"height":863},{"@type":"BreadcrumbList","@id":"https:\/\/lemaraichermoderne.com\/en\/produit\/mon-potager-sante\/#breadcrumb","itemListElement":[{"@type":"ListItem","position":1,"name":"Accueil","item":"https:\/\/lemaraichermoderne.com\/en\/"},{"@type":"ListItem","position":2,"name":"Boutique","item":"https:\/\/lemaraichermoderne.com\/boutique\/"},{"@type":"ListItem","position":3,"name":"Mon Potager sant\u00e9"}]},{"@type":"WebSite","@id":"https:\/\/lemaraichermoderne.com\/en\/#website","url":"https:\/\/lemaraichermoderne.com\/en\/","name":"Le Mara\u00eecher Moderne","description":"R\u00e9f\u00e9rence en hydroponie \u00e0 Qu\u00e9bec","publisher":{"@id":"https:\/\/lemaraichermoderne.com\/en\/#organization"},"potentialAction":[{"@type":"SearchAction","target":{"@type":"EntryPoint","urlTemplate":"https:\/\/lemaraichermoderne.com\/en\/?s={search_term_string}"},"query-input":{"@type":"PropertyValueSpecification","valueRequired":true,"valueName":"search_term_string"}}],"inLanguage":"en-US"},{"@type":"Organization","@id":"https:\/\/lemaraichermoderne.com\/en\/#organization","name":"Le Mara\u00eecher Moderne","url":"https:\/\/lemaraichermoderne.com\/en\/","logo":{"@type":"ImageObject","inLanguage":"en-US","@id":"https:\/\/lemaraichermoderne.com\/en\/#\/schema\/logo\/image\/","url":"https:\/\/lemaraichermoderne.com\/wp-content\/uploads\/2023\/03\/logo_mm1.png","contentUrl":"https:\/\/lemaraichermoderne.com\/wp-content\/uploads\/2023\/03\/logo_mm1.png","width":500,"height":222,"caption":"Le Mara\u00eecher Moderne"},"image":{"@id":"https:\/\/lemaraichermoderne.com\/en\/#\/schema\/logo\/image\/"},"sameAs":["https:\/\/www.facebook.com\/lemaraichermoderne","https:\/\/www.instagram.com\/lemaraichermoderne"]}]}},"_links":{"self":[{"href":"https:\/\/lemaraichermoderne.com\/en\/wp-json\/wp\/v2\/product\/2939","targetHints":{"allow":["GET"]}}],"collection":[{"href":"https:\/\/lemaraichermoderne.com\/en\/wp-json\/wp\/v2\/product"}],"about":[{"href":"https:\/\/lemaraichermoderne.com\/en\/wp-json\/wp\/v2\/types\/product"}],"wp:featuredmedia":[{"embeddable":true,"href":"https:\/\/lemaraichermoderne.com\/en\/wp-json\/wp\/v2\/media\/2940"}],"wp:attachment":[{"href":"https:\/\/lemaraichermoderne.com\/en\/wp-json\/wp\/v2\/media?parent=2939"}],"wp:term":[{"taxonomy":"product_brand","embeddable":true,"href":"https:\/\/lemaraichermoderne.com\/en\/wp-json\/wp\/v2\/product_brand?post=2939"},{"taxonomy":"product_cat","embeddable":true,"href":"https:\/\/lemaraichermoderne.com\/en\/wp-json\/wp\/v2\/product_cat?post=2939"},{"taxonomy":"product_tag","embeddable":true,"href":"https:\/\/lemaraichermoderne.com\/en\/wp-json\/wp\/v2\/product_tag?post=2939"}],"curies":[{"name":"wp","href":"https:\/\/api.w.org\/{rel}","templated":true}]}}