{"id":3563,"date":"2024-03-14T14:56:46","date_gmt":"2024-03-14T18:56:46","guid":{"rendered":"https:\/\/lemaraichermoderne.com\/?post_type=product&#038;p=3563"},"modified":"2026-04-16T11:29:06","modified_gmt":"2026-04-16T15:29:06","slug":"kit-le-controleur","status":"publish","type":"product","link":"https:\/\/lemaraichermoderne.com\/en\/produit\/kit-le-controleur\/","title":{"rendered":"Kit Le Contr\u00f4leur"},"content":{"rendered":"<div class=\"x11i5rnm xat24cr x1mh8g0r x1vvkbs xtlvy1s x126k92a\">\n<div dir=\"auto\"><span class=\"x3nfvp2 x1j61x8r x1fcty0u xdj266r xhhsvwb xat24cr xgzva0m xxymvpz xlup9mm x1kky2od\"><img decoding=\"async\" class=\"xz74otr\" src=\"https:\/\/static.xx.fbcdn.net\/images\/emoji.php\/v9\/t7e\/1\/16\/1f52c.png\" alt=\"\ud83d\udd2c\" width=\"16\" height=\"16\" \/><\/span> \ud835\udc0a\ud835\udc22\ud835\udc2d \ud835\udc0b\ud835\udc1e \ud835\udc02\ud835\udc28\ud835\udc27\ud835\udc2d\ud835\udc2b\ud835\udc28\u0302\ud835\udc25\ud835\udc1e\ud835\udc2e\ud835\udc2b :<\/div>\n<div dir=\"auto\">Pour les cultivateurs m\u00e9ticuleux, notre kit Le Contr\u00f4ler est essentiel ! Il comprend :<\/div>\n<div dir=\"auto\">* Deux testeurs HANNA : un pour le pH et un pour les ppm,<\/div>\n<div dir=\"auto\">* Des solutions de calibrage pour des mesures pr\u00e9cises \u00e0 chaque fois,<\/div>\n<div dir=\"auto\">* Une solution d&#8217;entreposage pour garder vos instruments en parfait \u00e9tat.<\/div>\n<div dir=\"auto\">* Prix : 229.95$<\/div>\n<\/div>\n","protected":false},"excerpt":{"rendered":"<p>\ud835\udc0a\ud835\udc22\ud835\udc2d \ud835\udc0b\ud835\udc1e \ud835\udc02\ud835\udc28\ud835\udc27\ud835\udc2d\ud835\udc2b\ud835\udc28\u0302\ud835\udc25\ud835\udc1e\ud835\udc2e\ud835\udc2b : Pour les cultivateurs m\u00e9ticuleux, notre kit Le Contr\u00f4ler est essentiel ! Il comprend : * Deux testeurs HANNA : un pour le pH et un pour les ppm, * Des solutions de calibrage pour des mesures pr\u00e9cises \u00e0 chaque fois, * Une solution d&#8217;entreposage pour garder vos instruments en parfait \u00e9tat. [&hellip;]<\/p>\n","protected":false},"featured_media":3564,"template":"","meta":[],"product_brand":[],"product_cat":[32],"product_tag":[],"class_list":{"0":"post-3563","1":"product","2":"type-product","3":"status-publish","4":"has-post-thumbnail","6":"product_cat-controle-de-leau","8":"first","9":"instock","10":"taxable","11":"shipping-taxable","12":"purchasable","13":"product-type-simple"},"yoast_head":"<!-- This site is optimized with the Yoast SEO plugin v27.4 - https:\/\/yoast.com\/product\/yoast-seo-wordpress\/ -->\n<title>Kit Le Contr\u00f4leur - Le Mara\u00eecher Moderne<\/title>\n<meta name=\"robots\" content=\"index, follow, max-snippet:-1, max-image-preview:large, max-video-preview:-1\" \/>\n<link rel=\"canonical\" href=\"https:\/\/lemaraichermoderne.com\/en\/produit\/kit-le-controleur\/\" \/>\n<meta property=\"og:locale\" content=\"en_US\" \/>\n<meta property=\"og:type\" content=\"article\" \/>\n<meta property=\"og:title\" content=\"Kit Le Contr\u00f4leur - Le Mara\u00eecher Moderne\" \/>\n<meta property=\"og:description\" content=\"\ud835\udc0a\ud835\udc22\ud835\udc2d \ud835\udc0b\ud835\udc1e \ud835\udc02\ud835\udc28\ud835\udc27\ud835\udc2d\ud835\udc2b\ud835\udc28\u0302\ud835\udc25\ud835\udc1e\ud835\udc2e\ud835\udc2b : Pour les cultivateurs m\u00e9ticuleux, notre kit Le Contr\u00f4ler est essentiel ! Il comprend : * Deux testeurs HANNA : un pour le pH et un pour les ppm, * Des solutions de calibrage pour des mesures pr\u00e9cises \u00e0 chaque fois, * Une solution d&#8217;entreposage pour garder vos instruments en parfait \u00e9tat. [&hellip;]\" \/>\n<meta property=\"og:url\" content=\"https:\/\/lemaraichermoderne.com\/en\/produit\/kit-le-controleur\/\" \/>\n<meta property=\"og:site_name\" content=\"Le Mara\u00eecher Moderne\" \/>\n<meta property=\"article:publisher\" content=\"https:\/\/www.facebook.com\/lemaraichermoderne\" \/>\n<meta property=\"article:modified_time\" content=\"2026-04-16T15:29:06+00:00\" \/>\n<meta property=\"og:image\" content=\"https:\/\/lemaraichermoderne.com\/wp-content\/uploads\/2024\/03\/Le-controleur.jpg\" \/>\n\t<meta property=\"og:image:width\" content=\"2048\" \/>\n\t<meta property=\"og:image:height\" content=\"1536\" \/>\n\t<meta property=\"og:image:type\" content=\"image\/jpeg\" \/>\n<meta name=\"twitter:card\" content=\"summary_large_image\" \/>\n<meta name=\"twitter:label1\" content=\"Est. reading time\" \/>\n\t<meta name=\"twitter:data1\" content=\"1 minute\" \/>\n<script type=\"application\/ld+json\" class=\"yoast-schema-graph\">{\"@context\":\"https:\\\/\\\/schema.org\",\"@graph\":[{\"@type\":\"WebPage\",\"@id\":\"https:\\\/\\\/lemaraichermoderne.com\\\/en\\\/produit\\\/kit-le-controleur\\\/\",\"url\":\"https:\\\/\\\/lemaraichermoderne.com\\\/en\\\/produit\\\/kit-le-controleur\\\/\",\"name\":\"Kit Le Contr\u00f4leur - Le Mara\u00eecher Moderne\",\"isPartOf\":{\"@id\":\"https:\\\/\\\/lemaraichermoderne.com\\\/en\\\/#website\"},\"primaryImageOfPage\":{\"@id\":\"https:\\\/\\\/lemaraichermoderne.com\\\/en\\\/produit\\\/kit-le-controleur\\\/#primaryimage\"},\"image\":{\"@id\":\"https:\\\/\\\/lemaraichermoderne.com\\\/en\\\/produit\\\/kit-le-controleur\\\/#primaryimage\"},\"thumbnailUrl\":\"https:\\\/\\\/lemaraichermoderne.com\\\/wp-content\\\/uploads\\\/2024\\\/03\\\/Le-controleur.jpg\",\"datePublished\":\"2024-03-14T18:56:46+00:00\",\"dateModified\":\"2026-04-16T15:29:06+00:00\",\"breadcrumb\":{\"@id\":\"https:\\\/\\\/lemaraichermoderne.com\\\/en\\\/produit\\\/kit-le-controleur\\\/#breadcrumb\"},\"inLanguage\":\"en-US\",\"potentialAction\":[{\"@type\":\"ReadAction\",\"target\":[\"https:\\\/\\\/lemaraichermoderne.com\\\/en\\\/produit\\\/kit-le-controleur\\\/\"]}]},{\"@type\":\"ImageObject\",\"inLanguage\":\"en-US\",\"@id\":\"https:\\\/\\\/lemaraichermoderne.com\\\/en\\\/produit\\\/kit-le-controleur\\\/#primaryimage\",\"url\":\"https:\\\/\\\/lemaraichermoderne.com\\\/wp-content\\\/uploads\\\/2024\\\/03\\\/Le-controleur.jpg\",\"contentUrl\":\"https:\\\/\\\/lemaraichermoderne.com\\\/wp-content\\\/uploads\\\/2024\\\/03\\\/Le-controleur.jpg\",\"width\":2048,\"height\":1536},{\"@type\":\"BreadcrumbList\",\"@id\":\"https:\\\/\\\/lemaraichermoderne.com\\\/en\\\/produit\\\/kit-le-controleur\\\/#breadcrumb\",\"itemListElement\":[{\"@type\":\"ListItem\",\"position\":1,\"name\":\"Accueil\",\"item\":\"https:\\\/\\\/lemaraichermoderne.com\\\/en\\\/\"},{\"@type\":\"ListItem\",\"position\":2,\"name\":\"Boutique\",\"item\":\"https:\\\/\\\/lemaraichermoderne.com\\\/boutique\\\/\"},{\"@type\":\"ListItem\",\"position\":3,\"name\":\"Kit Le Contr\u00f4leur\"}]},{\"@type\":\"WebSite\",\"@id\":\"https:\\\/\\\/lemaraichermoderne.com\\\/en\\\/#website\",\"url\":\"https:\\\/\\\/lemaraichermoderne.com\\\/en\\\/\",\"name\":\"Le Mara\u00eecher Moderne\",\"description\":\"R\u00e9f\u00e9rence en hydroponie \u00e0 Qu\u00e9bec\",\"publisher\":{\"@id\":\"https:\\\/\\\/lemaraichermoderne.com\\\/en\\\/#organization\"},\"potentialAction\":[{\"@type\":\"SearchAction\",\"target\":{\"@type\":\"EntryPoint\",\"urlTemplate\":\"https:\\\/\\\/lemaraichermoderne.com\\\/en\\\/?s={search_term_string}\"},\"query-input\":{\"@type\":\"PropertyValueSpecification\",\"valueRequired\":true,\"valueName\":\"search_term_string\"}}],\"inLanguage\":\"en-US\"},{\"@type\":\"Organization\",\"@id\":\"https:\\\/\\\/lemaraichermoderne.com\\\/en\\\/#organization\",\"name\":\"Le Mara\u00eecher Moderne\",\"url\":\"https:\\\/\\\/lemaraichermoderne.com\\\/en\\\/\",\"logo\":{\"@type\":\"ImageObject\",\"inLanguage\":\"en-US\",\"@id\":\"https:\\\/\\\/lemaraichermoderne.com\\\/en\\\/#\\\/schema\\\/logo\\\/image\\\/\",\"url\":\"https:\\\/\\\/lemaraichermoderne.com\\\/wp-content\\\/uploads\\\/2023\\\/03\\\/logo_mm1.png\",\"contentUrl\":\"https:\\\/\\\/lemaraichermoderne.com\\\/wp-content\\\/uploads\\\/2023\\\/03\\\/logo_mm1.png\",\"width\":500,\"height\":222,\"caption\":\"Le Mara\u00eecher Moderne\"},\"image\":{\"@id\":\"https:\\\/\\\/lemaraichermoderne.com\\\/en\\\/#\\\/schema\\\/logo\\\/image\\\/\"},\"sameAs\":[\"https:\\\/\\\/www.facebook.com\\\/lemaraichermoderne\",\"https:\\\/\\\/www.instagram.com\\\/lemaraichermoderne\"]}]}<\/script>\n<!-- \/ Yoast SEO plugin. -->","yoast_head_json":{"title":"Kit Le Contr\u00f4leur - Le Mara\u00eecher Moderne","robots":{"index":"index","follow":"follow","max-snippet":"max-snippet:-1","max-image-preview":"max-image-preview:large","max-video-preview":"max-video-preview:-1"},"canonical":"https:\/\/lemaraichermoderne.com\/en\/produit\/kit-le-controleur\/","og_locale":"en_US","og_type":"article","og_title":"Kit Le Contr\u00f4leur - Le Mara\u00eecher Moderne","og_description":"\ud835\udc0a\ud835\udc22\ud835\udc2d \ud835\udc0b\ud835\udc1e \ud835\udc02\ud835\udc28\ud835\udc27\ud835\udc2d\ud835\udc2b\ud835\udc28\u0302\ud835\udc25\ud835\udc1e\ud835\udc2e\ud835\udc2b : Pour les cultivateurs m\u00e9ticuleux, notre kit Le Contr\u00f4ler est essentiel ! Il comprend : * Deux testeurs HANNA : un pour le pH et un pour les ppm, * Des solutions de calibrage pour des mesures pr\u00e9cises \u00e0 chaque fois, * Une solution d&#8217;entreposage pour garder vos instruments en parfait \u00e9tat. [&hellip;]","og_url":"https:\/\/lemaraichermoderne.com\/en\/produit\/kit-le-controleur\/","og_site_name":"Le Mara\u00eecher Moderne","article_publisher":"https:\/\/www.facebook.com\/lemaraichermoderne","article_modified_time":"2026-04-16T15:29:06+00:00","og_image":[{"width":2048,"height":1536,"url":"https:\/\/lemaraichermoderne.com\/wp-content\/uploads\/2024\/03\/Le-controleur.jpg","type":"image\/jpeg"}],"twitter_card":"summary_large_image","twitter_misc":{"Est. reading time":"1 minute"},"schema":{"@context":"https:\/\/schema.org","@graph":[{"@type":"WebPage","@id":"https:\/\/lemaraichermoderne.com\/en\/produit\/kit-le-controleur\/","url":"https:\/\/lemaraichermoderne.com\/en\/produit\/kit-le-controleur\/","name":"Kit Le Contr\u00f4leur - Le Mara\u00eecher Moderne","isPartOf":{"@id":"https:\/\/lemaraichermoderne.com\/en\/#website"},"primaryImageOfPage":{"@id":"https:\/\/lemaraichermoderne.com\/en\/produit\/kit-le-controleur\/#primaryimage"},"image":{"@id":"https:\/\/lemaraichermoderne.com\/en\/produit\/kit-le-controleur\/#primaryimage"},"thumbnailUrl":"https:\/\/lemaraichermoderne.com\/wp-content\/uploads\/2024\/03\/Le-controleur.jpg","datePublished":"2024-03-14T18:56:46+00:00","dateModified":"2026-04-16T15:29:06+00:00","breadcrumb":{"@id":"https:\/\/lemaraichermoderne.com\/en\/produit\/kit-le-controleur\/#breadcrumb"},"inLanguage":"en-US","potentialAction":[{"@type":"ReadAction","target":["https:\/\/lemaraichermoderne.com\/en\/produit\/kit-le-controleur\/"]}]},{"@type":"ImageObject","inLanguage":"en-US","@id":"https:\/\/lemaraichermoderne.com\/en\/produit\/kit-le-controleur\/#primaryimage","url":"https:\/\/lemaraichermoderne.com\/wp-content\/uploads\/2024\/03\/Le-controleur.jpg","contentUrl":"https:\/\/lemaraichermoderne.com\/wp-content\/uploads\/2024\/03\/Le-controleur.jpg","width":2048,"height":1536},{"@type":"BreadcrumbList","@id":"https:\/\/lemaraichermoderne.com\/en\/produit\/kit-le-controleur\/#breadcrumb","itemListElement":[{"@type":"ListItem","position":1,"name":"Accueil","item":"https:\/\/lemaraichermoderne.com\/en\/"},{"@type":"ListItem","position":2,"name":"Boutique","item":"https:\/\/lemaraichermoderne.com\/boutique\/"},{"@type":"ListItem","position":3,"name":"Kit Le Contr\u00f4leur"}]},{"@type":"WebSite","@id":"https:\/\/lemaraichermoderne.com\/en\/#website","url":"https:\/\/lemaraichermoderne.com\/en\/","name":"Le Mara\u00eecher Moderne","description":"R\u00e9f\u00e9rence en hydroponie \u00e0 Qu\u00e9bec","publisher":{"@id":"https:\/\/lemaraichermoderne.com\/en\/#organization"},"potentialAction":[{"@type":"SearchAction","target":{"@type":"EntryPoint","urlTemplate":"https:\/\/lemaraichermoderne.com\/en\/?s={search_term_string}"},"query-input":{"@type":"PropertyValueSpecification","valueRequired":true,"valueName":"search_term_string"}}],"inLanguage":"en-US"},{"@type":"Organization","@id":"https:\/\/lemaraichermoderne.com\/en\/#organization","name":"Le Mara\u00eecher Moderne","url":"https:\/\/lemaraichermoderne.com\/en\/","logo":{"@type":"ImageObject","inLanguage":"en-US","@id":"https:\/\/lemaraichermoderne.com\/en\/#\/schema\/logo\/image\/","url":"https:\/\/lemaraichermoderne.com\/wp-content\/uploads\/2023\/03\/logo_mm1.png","contentUrl":"https:\/\/lemaraichermoderne.com\/wp-content\/uploads\/2023\/03\/logo_mm1.png","width":500,"height":222,"caption":"Le Mara\u00eecher Moderne"},"image":{"@id":"https:\/\/lemaraichermoderne.com\/en\/#\/schema\/logo\/image\/"},"sameAs":["https:\/\/www.facebook.com\/lemaraichermoderne","https:\/\/www.instagram.com\/lemaraichermoderne"]}]}},"_links":{"self":[{"href":"https:\/\/lemaraichermoderne.com\/en\/wp-json\/wp\/v2\/product\/3563","targetHints":{"allow":["GET"]}}],"collection":[{"href":"https:\/\/lemaraichermoderne.com\/en\/wp-json\/wp\/v2\/product"}],"about":[{"href":"https:\/\/lemaraichermoderne.com\/en\/wp-json\/wp\/v2\/types\/product"}],"wp:featuredmedia":[{"embeddable":true,"href":"https:\/\/lemaraichermoderne.com\/en\/wp-json\/wp\/v2\/media\/3564"}],"wp:attachment":[{"href":"https:\/\/lemaraichermoderne.com\/en\/wp-json\/wp\/v2\/media?parent=3563"}],"wp:term":[{"taxonomy":"product_brand","embeddable":true,"href":"https:\/\/lemaraichermoderne.com\/en\/wp-json\/wp\/v2\/product_brand?post=3563"},{"taxonomy":"product_cat","embeddable":true,"href":"https:\/\/lemaraichermoderne.com\/en\/wp-json\/wp\/v2\/product_cat?post=3563"},{"taxonomy":"product_tag","embeddable":true,"href":"https:\/\/lemaraichermoderne.com\/en\/wp-json\/wp\/v2\/product_tag?post=3563"}],"curies":[{"name":"wp","href":"https:\/\/api.w.org\/{rel}","templated":true}]}}