{"id":3961,"date":"2024-05-08T12:32:29","date_gmt":"2024-05-08T16:32:29","guid":{"rendered":"https:\/\/lemaraichermoderne.com\/?post_type=product&#038;p=3961"},"modified":"2026-04-15T10:04:24","modified_gmt":"2026-04-15T14:04:24","slug":"prevente-livre-lhydroponie-pour-tous-william-texier","status":"publish","type":"product","link":"https:\/\/lemaraichermoderne.com\/en\/produit\/prevente-livre-lhydroponie-pour-tous-william-texier\/","title":{"rendered":"Livre L&#8217;Hydroponie pour tous, William Texier"},"content":{"rendered":"<h4><\/h4>\n<h4>L&#8217;Hydroponie pour tous<\/h4>\n<p><strong>Tout sur l&#8217;horticulture \u00e0 la maison<\/strong><\/p>\n<div class=\"book_chapo\">\n<p>Richement illustr\u00e9e, cette bible du jardinage hydroponique va d\u00e9cupler vos r\u00e9coltes au-del\u00e0 de ce que vous pensiez possible.<\/p>\n<\/div>\n<p><strong>Pr\u00e9sentation<\/strong><\/p>\n<p>Que leurs racines soient dans l\u2019eau, dans l\u2019air ou dans des billes d\u2019argile, l\u2019hydroponie permet de cultiver des plantes saines et de r\u00e9colter fruits et l\u00e9gumes trois cent soixante-cinq jours par an.<\/p>\n<p>Du jardinage de base aux installations les plus high-tech, des astuces pour d\u00e9butants au savoir-faire des meilleurs professionnels, ce livre rassemble tout ce que vous avez toujours voulu savoir sur l\u2019art de l\u2019hydroponie, de son abc \u00e0 ses secrets les mieux gard\u00e9s\u2026<\/p>\n<p>Enrichie d\u2019un chapitre sur les tendances actuelles, cette nouvelle \u00e9dition r\u00e9pondra \u00e0 toutes vos questions en mati\u00e8re de jardinage urbain, de murs v\u00e9g\u00e9taux, de bioponie, de micro-fermes durables et de <em>kitchen farming<\/em>.<\/p>\n<p><strong>L\u2019auteur<\/strong><\/p>\n<p>William Texier est n\u00e9 \u00e0 Paris. Apr\u00e8s des \u00e9tudes en France et aux \u00c9tats-Unis, il d\u00e9couvre l\u2019hydroponie en 1985 et se passionne pour ce mode de culture. Avec son ami Lawrence Brooke, il d\u00e9veloppe les syst\u00e8mes a\u00e9ro-hydroponiques et conduit des recherches en Californie. En 1994, il rentre en France et cr\u00e9e General Hydroponics Europe avec sa femme, Noucetta Kehdi.<\/p>\n<p>Pionnier de l\u2019innovation et de la recherche dans l\u2019industrie hydroponique, il a con\u00e7u et brevet\u00e9 en 2004 la \u00ab\u2009bioponie\u2009\u00bb (l\u2019hydroponie biologique). Fort de trente ann\u00e9es d\u2019exp\u00e9rience, il est consid\u00e9r\u00e9 comme une r\u00e9f\u00e9rence mondiale en la mati\u00e8re.<\/p>\n<p><em>L\u2019Hydroponie pour tous<\/em> est traduit en une demi-douzaine de langues.<\/p>\n","protected":false},"excerpt":{"rendered":"<p>L&#8217;Hydroponie pour tous Tout sur l&#8217;horticulture \u00e0 la maison Richement illustr\u00e9e, cette bible du jardinage hydroponique va d\u00e9cupler vos r\u00e9coltes au-del\u00e0 de ce que vous pensiez possible. Pr\u00e9sentation Que leurs racines soient dans l\u2019eau, dans l\u2019air ou dans des billes d\u2019argile, l\u2019hydroponie permet de cultiver des plantes saines et de r\u00e9colter fruits et l\u00e9gumes trois [&hellip;]<\/p>\n","protected":false},"featured_media":3962,"template":"","meta":[],"product_brand":[],"product_cat":[42],"product_tag":[],"class_list":{"0":"post-3961","1":"product","2":"type-product","3":"status-publish","4":"has-post-thumbnail","6":"product_cat-livres","8":"first","9":"outofstock","10":"taxable","11":"shipping-taxable","12":"purchasable","13":"product-type-simple"},"yoast_head":"<!-- This site is optimized with the Yoast SEO plugin v27.5 - https:\/\/yoast.com\/product\/yoast-seo-wordpress\/ -->\n<title>Livre L&#039;Hydroponie pour tous, William Texier - Le Mara\u00eecher Moderne<\/title>\n<meta name=\"robots\" content=\"index, follow, max-snippet:-1, max-image-preview:large, max-video-preview:-1\" \/>\n<link rel=\"canonical\" href=\"https:\/\/lemaraichermoderne.com\/en\/produit\/prevente-livre-lhydroponie-pour-tous-william-texier\/\" \/>\n<meta property=\"og:locale\" content=\"en_US\" \/>\n<meta property=\"og:type\" content=\"article\" \/>\n<meta property=\"og:title\" content=\"Livre L&#039;Hydroponie pour tous, William Texier - Le Mara\u00eecher Moderne\" \/>\n<meta property=\"og:description\" content=\"L&#8217;Hydroponie pour tous Tout sur l&#8217;horticulture \u00e0 la maison Richement illustr\u00e9e, cette bible du jardinage hydroponique va d\u00e9cupler vos r\u00e9coltes au-del\u00e0 de ce que vous pensiez possible. Pr\u00e9sentation Que leurs racines soient dans l\u2019eau, dans l\u2019air ou dans des billes d\u2019argile, l\u2019hydroponie permet de cultiver des plantes saines et de r\u00e9colter fruits et l\u00e9gumes trois [&hellip;]\" \/>\n<meta property=\"og:url\" content=\"https:\/\/lemaraichermoderne.com\/en\/produit\/prevente-livre-lhydroponie-pour-tous-william-texier\/\" \/>\n<meta property=\"og:site_name\" content=\"Le Mara\u00eecher Moderne\" \/>\n<meta property=\"article:publisher\" content=\"https:\/\/www.facebook.com\/lemaraichermoderne\" \/>\n<meta property=\"article:modified_time\" content=\"2026-04-15T14:04:24+00:00\" \/>\n<meta property=\"og:image\" content=\"https:\/\/lemaraichermoderne.com\/wp-content\/uploads\/2024\/05\/Livre.jpg\" \/>\n\t<meta property=\"og:image:width\" content=\"1200\" \/>\n\t<meta property=\"og:image:height\" content=\"1200\" \/>\n\t<meta property=\"og:image:type\" content=\"image\/jpeg\" \/>\n<meta name=\"twitter:card\" content=\"summary_large_image\" \/>\n<meta name=\"twitter:label1\" content=\"Est. reading time\" \/>\n\t<meta name=\"twitter:data1\" content=\"2 minutes\" \/>\n<script type=\"application\/ld+json\" class=\"yoast-schema-graph\">{\"@context\":\"https:\\\/\\\/schema.org\",\"@graph\":[{\"@type\":\"WebPage\",\"@id\":\"https:\\\/\\\/lemaraichermoderne.com\\\/en\\\/produit\\\/prevente-livre-lhydroponie-pour-tous-william-texier\\\/\",\"url\":\"https:\\\/\\\/lemaraichermoderne.com\\\/en\\\/produit\\\/prevente-livre-lhydroponie-pour-tous-william-texier\\\/\",\"name\":\"Livre L'Hydroponie pour tous, William Texier - Le Mara\u00eecher Moderne\",\"isPartOf\":{\"@id\":\"https:\\\/\\\/lemaraichermoderne.com\\\/en\\\/#website\"},\"primaryImageOfPage\":{\"@id\":\"https:\\\/\\\/lemaraichermoderne.com\\\/en\\\/produit\\\/prevente-livre-lhydroponie-pour-tous-william-texier\\\/#primaryimage\"},\"image\":{\"@id\":\"https:\\\/\\\/lemaraichermoderne.com\\\/en\\\/produit\\\/prevente-livre-lhydroponie-pour-tous-william-texier\\\/#primaryimage\"},\"thumbnailUrl\":\"https:\\\/\\\/lemaraichermoderne.com\\\/wp-content\\\/uploads\\\/2024\\\/05\\\/Livre.jpg\",\"datePublished\":\"2024-05-08T16:32:29+00:00\",\"dateModified\":\"2026-04-15T14:04:24+00:00\",\"breadcrumb\":{\"@id\":\"https:\\\/\\\/lemaraichermoderne.com\\\/en\\\/produit\\\/prevente-livre-lhydroponie-pour-tous-william-texier\\\/#breadcrumb\"},\"inLanguage\":\"en-US\",\"potentialAction\":[{\"@type\":\"ReadAction\",\"target\":[\"https:\\\/\\\/lemaraichermoderne.com\\\/en\\\/produit\\\/prevente-livre-lhydroponie-pour-tous-william-texier\\\/\"]}]},{\"@type\":\"ImageObject\",\"inLanguage\":\"en-US\",\"@id\":\"https:\\\/\\\/lemaraichermoderne.com\\\/en\\\/produit\\\/prevente-livre-lhydroponie-pour-tous-william-texier\\\/#primaryimage\",\"url\":\"https:\\\/\\\/lemaraichermoderne.com\\\/wp-content\\\/uploads\\\/2024\\\/05\\\/Livre.jpg\",\"contentUrl\":\"https:\\\/\\\/lemaraichermoderne.com\\\/wp-content\\\/uploads\\\/2024\\\/05\\\/Livre.jpg\",\"width\":1200,\"height\":1200},{\"@type\":\"BreadcrumbList\",\"@id\":\"https:\\\/\\\/lemaraichermoderne.com\\\/en\\\/produit\\\/prevente-livre-lhydroponie-pour-tous-william-texier\\\/#breadcrumb\",\"itemListElement\":[{\"@type\":\"ListItem\",\"position\":1,\"name\":\"Accueil\",\"item\":\"https:\\\/\\\/lemaraichermoderne.com\\\/en\\\/\"},{\"@type\":\"ListItem\",\"position\":2,\"name\":\"Boutique\",\"item\":\"https:\\\/\\\/lemaraichermoderne.com\\\/boutique\\\/\"},{\"@type\":\"ListItem\",\"position\":3,\"name\":\"Livre L&rsquo;Hydroponie pour tous, William Texier\"}]},{\"@type\":\"WebSite\",\"@id\":\"https:\\\/\\\/lemaraichermoderne.com\\\/en\\\/#website\",\"url\":\"https:\\\/\\\/lemaraichermoderne.com\\\/en\\\/\",\"name\":\"Le Mara\u00eecher Moderne\",\"description\":\"R\u00e9f\u00e9rence en hydroponie \u00e0 Qu\u00e9bec\",\"publisher\":{\"@id\":\"https:\\\/\\\/lemaraichermoderne.com\\\/en\\\/#organization\"},\"potentialAction\":[{\"@type\":\"SearchAction\",\"target\":{\"@type\":\"EntryPoint\",\"urlTemplate\":\"https:\\\/\\\/lemaraichermoderne.com\\\/en\\\/?s={search_term_string}\"},\"query-input\":{\"@type\":\"PropertyValueSpecification\",\"valueRequired\":true,\"valueName\":\"search_term_string\"}}],\"inLanguage\":\"en-US\"},{\"@type\":\"Organization\",\"@id\":\"https:\\\/\\\/lemaraichermoderne.com\\\/en\\\/#organization\",\"name\":\"Le Mara\u00eecher Moderne\",\"url\":\"https:\\\/\\\/lemaraichermoderne.com\\\/en\\\/\",\"logo\":{\"@type\":\"ImageObject\",\"inLanguage\":\"en-US\",\"@id\":\"https:\\\/\\\/lemaraichermoderne.com\\\/en\\\/#\\\/schema\\\/logo\\\/image\\\/\",\"url\":\"https:\\\/\\\/lemaraichermoderne.com\\\/wp-content\\\/uploads\\\/2023\\\/03\\\/logo_mm1.png\",\"contentUrl\":\"https:\\\/\\\/lemaraichermoderne.com\\\/wp-content\\\/uploads\\\/2023\\\/03\\\/logo_mm1.png\",\"width\":500,\"height\":222,\"caption\":\"Le Mara\u00eecher Moderne\"},\"image\":{\"@id\":\"https:\\\/\\\/lemaraichermoderne.com\\\/en\\\/#\\\/schema\\\/logo\\\/image\\\/\"},\"sameAs\":[\"https:\\\/\\\/www.facebook.com\\\/lemaraichermoderne\",\"https:\\\/\\\/www.instagram.com\\\/lemaraichermoderne\"]}]}<\/script>\n<!-- \/ Yoast SEO plugin. -->","yoast_head_json":{"title":"Livre L'Hydroponie pour tous, William Texier - Le Mara\u00eecher Moderne","robots":{"index":"index","follow":"follow","max-snippet":"max-snippet:-1","max-image-preview":"max-image-preview:large","max-video-preview":"max-video-preview:-1"},"canonical":"https:\/\/lemaraichermoderne.com\/en\/produit\/prevente-livre-lhydroponie-pour-tous-william-texier\/","og_locale":"en_US","og_type":"article","og_title":"Livre L'Hydroponie pour tous, William Texier - Le Mara\u00eecher Moderne","og_description":"L&#8217;Hydroponie pour tous Tout sur l&#8217;horticulture \u00e0 la maison Richement illustr\u00e9e, cette bible du jardinage hydroponique va d\u00e9cupler vos r\u00e9coltes au-del\u00e0 de ce que vous pensiez possible. Pr\u00e9sentation Que leurs racines soient dans l\u2019eau, dans l\u2019air ou dans des billes d\u2019argile, l\u2019hydroponie permet de cultiver des plantes saines et de r\u00e9colter fruits et l\u00e9gumes trois [&hellip;]","og_url":"https:\/\/lemaraichermoderne.com\/en\/produit\/prevente-livre-lhydroponie-pour-tous-william-texier\/","og_site_name":"Le Mara\u00eecher Moderne","article_publisher":"https:\/\/www.facebook.com\/lemaraichermoderne","article_modified_time":"2026-04-15T14:04:24+00:00","og_image":[{"width":1200,"height":1200,"url":"https:\/\/lemaraichermoderne.com\/wp-content\/uploads\/2024\/05\/Livre.jpg","type":"image\/jpeg"}],"twitter_card":"summary_large_image","twitter_misc":{"Est. reading time":"2 minutes"},"schema":{"@context":"https:\/\/schema.org","@graph":[{"@type":"WebPage","@id":"https:\/\/lemaraichermoderne.com\/en\/produit\/prevente-livre-lhydroponie-pour-tous-william-texier\/","url":"https:\/\/lemaraichermoderne.com\/en\/produit\/prevente-livre-lhydroponie-pour-tous-william-texier\/","name":"Livre L'Hydroponie pour tous, William Texier - Le Mara\u00eecher Moderne","isPartOf":{"@id":"https:\/\/lemaraichermoderne.com\/en\/#website"},"primaryImageOfPage":{"@id":"https:\/\/lemaraichermoderne.com\/en\/produit\/prevente-livre-lhydroponie-pour-tous-william-texier\/#primaryimage"},"image":{"@id":"https:\/\/lemaraichermoderne.com\/en\/produit\/prevente-livre-lhydroponie-pour-tous-william-texier\/#primaryimage"},"thumbnailUrl":"https:\/\/lemaraichermoderne.com\/wp-content\/uploads\/2024\/05\/Livre.jpg","datePublished":"2024-05-08T16:32:29+00:00","dateModified":"2026-04-15T14:04:24+00:00","breadcrumb":{"@id":"https:\/\/lemaraichermoderne.com\/en\/produit\/prevente-livre-lhydroponie-pour-tous-william-texier\/#breadcrumb"},"inLanguage":"en-US","potentialAction":[{"@type":"ReadAction","target":["https:\/\/lemaraichermoderne.com\/en\/produit\/prevente-livre-lhydroponie-pour-tous-william-texier\/"]}]},{"@type":"ImageObject","inLanguage":"en-US","@id":"https:\/\/lemaraichermoderne.com\/en\/produit\/prevente-livre-lhydroponie-pour-tous-william-texier\/#primaryimage","url":"https:\/\/lemaraichermoderne.com\/wp-content\/uploads\/2024\/05\/Livre.jpg","contentUrl":"https:\/\/lemaraichermoderne.com\/wp-content\/uploads\/2024\/05\/Livre.jpg","width":1200,"height":1200},{"@type":"BreadcrumbList","@id":"https:\/\/lemaraichermoderne.com\/en\/produit\/prevente-livre-lhydroponie-pour-tous-william-texier\/#breadcrumb","itemListElement":[{"@type":"ListItem","position":1,"name":"Accueil","item":"https:\/\/lemaraichermoderne.com\/en\/"},{"@type":"ListItem","position":2,"name":"Boutique","item":"https:\/\/lemaraichermoderne.com\/boutique\/"},{"@type":"ListItem","position":3,"name":"Livre L&rsquo;Hydroponie pour tous, William Texier"}]},{"@type":"WebSite","@id":"https:\/\/lemaraichermoderne.com\/en\/#website","url":"https:\/\/lemaraichermoderne.com\/en\/","name":"Le Mara\u00eecher Moderne","description":"R\u00e9f\u00e9rence en hydroponie \u00e0 Qu\u00e9bec","publisher":{"@id":"https:\/\/lemaraichermoderne.com\/en\/#organization"},"potentialAction":[{"@type":"SearchAction","target":{"@type":"EntryPoint","urlTemplate":"https:\/\/lemaraichermoderne.com\/en\/?s={search_term_string}"},"query-input":{"@type":"PropertyValueSpecification","valueRequired":true,"valueName":"search_term_string"}}],"inLanguage":"en-US"},{"@type":"Organization","@id":"https:\/\/lemaraichermoderne.com\/en\/#organization","name":"Le Mara\u00eecher Moderne","url":"https:\/\/lemaraichermoderne.com\/en\/","logo":{"@type":"ImageObject","inLanguage":"en-US","@id":"https:\/\/lemaraichermoderne.com\/en\/#\/schema\/logo\/image\/","url":"https:\/\/lemaraichermoderne.com\/wp-content\/uploads\/2023\/03\/logo_mm1.png","contentUrl":"https:\/\/lemaraichermoderne.com\/wp-content\/uploads\/2023\/03\/logo_mm1.png","width":500,"height":222,"caption":"Le Mara\u00eecher Moderne"},"image":{"@id":"https:\/\/lemaraichermoderne.com\/en\/#\/schema\/logo\/image\/"},"sameAs":["https:\/\/www.facebook.com\/lemaraichermoderne","https:\/\/www.instagram.com\/lemaraichermoderne"]}]}},"_links":{"self":[{"href":"https:\/\/lemaraichermoderne.com\/en\/wp-json\/wp\/v2\/product\/3961","targetHints":{"allow":["GET"]}}],"collection":[{"href":"https:\/\/lemaraichermoderne.com\/en\/wp-json\/wp\/v2\/product"}],"about":[{"href":"https:\/\/lemaraichermoderne.com\/en\/wp-json\/wp\/v2\/types\/product"}],"wp:featuredmedia":[{"embeddable":true,"href":"https:\/\/lemaraichermoderne.com\/en\/wp-json\/wp\/v2\/media\/3962"}],"wp:attachment":[{"href":"https:\/\/lemaraichermoderne.com\/en\/wp-json\/wp\/v2\/media?parent=3961"}],"wp:term":[{"taxonomy":"product_brand","embeddable":true,"href":"https:\/\/lemaraichermoderne.com\/en\/wp-json\/wp\/v2\/product_brand?post=3961"},{"taxonomy":"product_cat","embeddable":true,"href":"https:\/\/lemaraichermoderne.com\/en\/wp-json\/wp\/v2\/product_cat?post=3961"},{"taxonomy":"product_tag","embeddable":true,"href":"https:\/\/lemaraichermoderne.com\/en\/wp-json\/wp\/v2\/product_tag?post=3961"}],"curies":[{"name":"wp","href":"https:\/\/api.w.org\/{rel}","templated":true}]}}