{"id":4030,"date":"2024-05-16T14:31:00","date_gmt":"2024-05-16T18:31:00","guid":{"rendered":"https:\/\/lemaraichermoderne.com\/?post_type=product&#038;p=4030"},"modified":"2025-09-24T16:27:11","modified_gmt":"2025-09-24T20:27:11","slug":"autopot-connecteur-en-croix-16mm-6mm","status":"publish","type":"product","link":"https:\/\/lemaraichermoderne.com\/en\/produit\/autopot-connecteur-en-croix-16mm-6mm\/","title":{"rendered":"AUTOPOT CONNECTEUR EN CROIX 16mm-6mm"},"content":{"rendered":"<h1>AUTOPOT CONNECTEUR EN CROIX 16mm-6mm<\/h1>\n<p><strong>Le Syst\u00e8me Autopot<\/strong><\/p>\n<ul>\n<li>Syst\u00e8me d\u2019arrosage automatique, autonome et modulaire<\/li>\n<li>Fonctionne par l\u2019utilisation de pression par gravit\u00e9<\/li>\n<li>Simple \u00e0 utiliser dans toutes les conditions environnementales<\/li>\n<li>Am\u00e9liore le rendement tout en minimisant la consommation d\u2019eau<\/li>\n<li>Syst\u00e8mes d\u2019arrosage les plus \u00e9cologiques au monde<\/li>\n<li>Pas de pertes d\u2019eau, ni ruissellements, ni fuites<\/li>\n<li>Syst\u00e8me facile \u00e0 agrandir et \u00e0 modifier<\/li>\n<li>Ne n\u00e9cessite aucune pompe, \u00e9lectricit\u00e9 ou minuterie\u00a0!<\/li>\n<li>Id\u00e9al pour tous les jardiniers, amateurs ou professionnels<\/li>\n<\/ul>\n","protected":false},"excerpt":{"rendered":"<p>AUTOPOT CONNECTEUR EN CROIX 16mm-6mm Le Syst\u00e8me Autopot Syst\u00e8me d\u2019arrosage automatique, autonome et modulaire Fonctionne par l\u2019utilisation de pression par gravit\u00e9 Simple \u00e0 utiliser dans toutes les conditions environnementales Am\u00e9liore le rendement tout en minimisant la consommation d\u2019eau Syst\u00e8mes d\u2019arrosage les plus \u00e9cologiques au monde Pas de pertes d\u2019eau, ni ruissellements, ni fuites Syst\u00e8me facile [&hellip;]<\/p>\n","protected":false},"featured_media":4099,"template":"","meta":[],"product_brand":[],"product_cat":[30],"product_tag":[],"class_list":{"0":"post-4030","1":"product","2":"type-product","3":"status-publish","4":"has-post-thumbnail","6":"product_cat-accessoires-hydroponique-2","8":"first","9":"instock","10":"taxable","11":"shipping-taxable","12":"purchasable","13":"product-type-simple"},"yoast_head":"<!-- This site is optimized with the Yoast SEO plugin v27.5 - https:\/\/yoast.com\/product\/yoast-seo-wordpress\/ -->\n<title>AUTOPOT CONNECTEUR EN CROIX 16mm-6mm - Le Mara\u00eecher Moderne<\/title>\n<meta name=\"robots\" content=\"index, follow, max-snippet:-1, max-image-preview:large, max-video-preview:-1\" \/>\n<link rel=\"canonical\" href=\"https:\/\/lemaraichermoderne.com\/en\/produit\/autopot-connecteur-en-croix-16mm-6mm\/\" \/>\n<meta property=\"og:locale\" content=\"en_US\" \/>\n<meta property=\"og:type\" content=\"article\" \/>\n<meta property=\"og:title\" content=\"AUTOPOT CONNECTEUR EN CROIX 16mm-6mm - Le Mara\u00eecher Moderne\" \/>\n<meta property=\"og:description\" content=\"AUTOPOT CONNECTEUR EN CROIX 16mm-6mm Le Syst\u00e8me Autopot Syst\u00e8me d\u2019arrosage automatique, autonome et modulaire Fonctionne par l\u2019utilisation de pression par gravit\u00e9 Simple \u00e0 utiliser dans toutes les conditions environnementales Am\u00e9liore le rendement tout en minimisant la consommation d\u2019eau Syst\u00e8mes d\u2019arrosage les plus \u00e9cologiques au monde Pas de pertes d\u2019eau, ni ruissellements, ni fuites Syst\u00e8me facile [&hellip;]\" \/>\n<meta property=\"og:url\" content=\"https:\/\/lemaraichermoderne.com\/en\/produit\/autopot-connecteur-en-croix-16mm-6mm\/\" \/>\n<meta property=\"og:site_name\" content=\"Le Mara\u00eecher Moderne\" \/>\n<meta property=\"article:publisher\" content=\"https:\/\/www.facebook.com\/lemaraichermoderne\" \/>\n<meta property=\"article:modified_time\" content=\"2025-09-24T20:27:11+00:00\" \/>\n<meta property=\"og:image\" content=\"https:\/\/lemaraichermoderne.com\/wp-content\/uploads\/2024\/05\/thumbnail_IMG_0100-rotated.jpg\" \/>\n\t<meta property=\"og:image:width\" content=\"480\" \/>\n\t<meta property=\"og:image:height\" content=\"640\" \/>\n\t<meta property=\"og:image:type\" content=\"image\/jpeg\" \/>\n<meta name=\"twitter:card\" content=\"summary_large_image\" \/>\n<meta name=\"twitter:label1\" content=\"Est. reading time\" \/>\n\t<meta name=\"twitter:data1\" content=\"1 minute\" \/>\n<script type=\"application\/ld+json\" class=\"yoast-schema-graph\">{\"@context\":\"https:\\\/\\\/schema.org\",\"@graph\":[{\"@type\":\"WebPage\",\"@id\":\"https:\\\/\\\/lemaraichermoderne.com\\\/en\\\/produit\\\/autopot-connecteur-en-croix-16mm-6mm\\\/\",\"url\":\"https:\\\/\\\/lemaraichermoderne.com\\\/en\\\/produit\\\/autopot-connecteur-en-croix-16mm-6mm\\\/\",\"name\":\"AUTOPOT CONNECTEUR EN CROIX 16mm-6mm - Le Mara\u00eecher Moderne\",\"isPartOf\":{\"@id\":\"https:\\\/\\\/lemaraichermoderne.com\\\/en\\\/#website\"},\"primaryImageOfPage\":{\"@id\":\"https:\\\/\\\/lemaraichermoderne.com\\\/en\\\/produit\\\/autopot-connecteur-en-croix-16mm-6mm\\\/#primaryimage\"},\"image\":{\"@id\":\"https:\\\/\\\/lemaraichermoderne.com\\\/en\\\/produit\\\/autopot-connecteur-en-croix-16mm-6mm\\\/#primaryimage\"},\"thumbnailUrl\":\"https:\\\/\\\/lemaraichermoderne.com\\\/wp-content\\\/uploads\\\/2024\\\/05\\\/thumbnail_IMG_0100-rotated.jpg\",\"datePublished\":\"2024-05-16T18:31:00+00:00\",\"dateModified\":\"2025-09-24T20:27:11+00:00\",\"breadcrumb\":{\"@id\":\"https:\\\/\\\/lemaraichermoderne.com\\\/en\\\/produit\\\/autopot-connecteur-en-croix-16mm-6mm\\\/#breadcrumb\"},\"inLanguage\":\"en-US\",\"potentialAction\":[{\"@type\":\"ReadAction\",\"target\":[\"https:\\\/\\\/lemaraichermoderne.com\\\/en\\\/produit\\\/autopot-connecteur-en-croix-16mm-6mm\\\/\"]}]},{\"@type\":\"ImageObject\",\"inLanguage\":\"en-US\",\"@id\":\"https:\\\/\\\/lemaraichermoderne.com\\\/en\\\/produit\\\/autopot-connecteur-en-croix-16mm-6mm\\\/#primaryimage\",\"url\":\"https:\\\/\\\/lemaraichermoderne.com\\\/wp-content\\\/uploads\\\/2024\\\/05\\\/thumbnail_IMG_0100-rotated.jpg\",\"contentUrl\":\"https:\\\/\\\/lemaraichermoderne.com\\\/wp-content\\\/uploads\\\/2024\\\/05\\\/thumbnail_IMG_0100-rotated.jpg\",\"width\":480,\"height\":640},{\"@type\":\"BreadcrumbList\",\"@id\":\"https:\\\/\\\/lemaraichermoderne.com\\\/en\\\/produit\\\/autopot-connecteur-en-croix-16mm-6mm\\\/#breadcrumb\",\"itemListElement\":[{\"@type\":\"ListItem\",\"position\":1,\"name\":\"Accueil\",\"item\":\"https:\\\/\\\/lemaraichermoderne.com\\\/en\\\/\"},{\"@type\":\"ListItem\",\"position\":2,\"name\":\"Boutique\",\"item\":\"https:\\\/\\\/lemaraichermoderne.com\\\/boutique\\\/\"},{\"@type\":\"ListItem\",\"position\":3,\"name\":\"AUTOPOT CONNECTEUR EN CROIX 16mm-6mm\"}]},{\"@type\":\"WebSite\",\"@id\":\"https:\\\/\\\/lemaraichermoderne.com\\\/en\\\/#website\",\"url\":\"https:\\\/\\\/lemaraichermoderne.com\\\/en\\\/\",\"name\":\"Le Mara\u00eecher Moderne\",\"description\":\"R\u00e9f\u00e9rence en hydroponie \u00e0 Qu\u00e9bec\",\"publisher\":{\"@id\":\"https:\\\/\\\/lemaraichermoderne.com\\\/en\\\/#organization\"},\"potentialAction\":[{\"@type\":\"SearchAction\",\"target\":{\"@type\":\"EntryPoint\",\"urlTemplate\":\"https:\\\/\\\/lemaraichermoderne.com\\\/en\\\/?s={search_term_string}\"},\"query-input\":{\"@type\":\"PropertyValueSpecification\",\"valueRequired\":true,\"valueName\":\"search_term_string\"}}],\"inLanguage\":\"en-US\"},{\"@type\":\"Organization\",\"@id\":\"https:\\\/\\\/lemaraichermoderne.com\\\/en\\\/#organization\",\"name\":\"Le Mara\u00eecher Moderne\",\"url\":\"https:\\\/\\\/lemaraichermoderne.com\\\/en\\\/\",\"logo\":{\"@type\":\"ImageObject\",\"inLanguage\":\"en-US\",\"@id\":\"https:\\\/\\\/lemaraichermoderne.com\\\/en\\\/#\\\/schema\\\/logo\\\/image\\\/\",\"url\":\"https:\\\/\\\/lemaraichermoderne.com\\\/wp-content\\\/uploads\\\/2023\\\/03\\\/logo_mm1.png\",\"contentUrl\":\"https:\\\/\\\/lemaraichermoderne.com\\\/wp-content\\\/uploads\\\/2023\\\/03\\\/logo_mm1.png\",\"width\":500,\"height\":222,\"caption\":\"Le Mara\u00eecher Moderne\"},\"image\":{\"@id\":\"https:\\\/\\\/lemaraichermoderne.com\\\/en\\\/#\\\/schema\\\/logo\\\/image\\\/\"},\"sameAs\":[\"https:\\\/\\\/www.facebook.com\\\/lemaraichermoderne\",\"https:\\\/\\\/www.instagram.com\\\/lemaraichermoderne\"]}]}<\/script>\n<!-- \/ Yoast SEO plugin. -->","yoast_head_json":{"title":"AUTOPOT CONNECTEUR EN CROIX 16mm-6mm - Le Mara\u00eecher Moderne","robots":{"index":"index","follow":"follow","max-snippet":"max-snippet:-1","max-image-preview":"max-image-preview:large","max-video-preview":"max-video-preview:-1"},"canonical":"https:\/\/lemaraichermoderne.com\/en\/produit\/autopot-connecteur-en-croix-16mm-6mm\/","og_locale":"en_US","og_type":"article","og_title":"AUTOPOT CONNECTEUR EN CROIX 16mm-6mm - Le Mara\u00eecher Moderne","og_description":"AUTOPOT CONNECTEUR EN CROIX 16mm-6mm Le Syst\u00e8me Autopot Syst\u00e8me d\u2019arrosage automatique, autonome et modulaire Fonctionne par l\u2019utilisation de pression par gravit\u00e9 Simple \u00e0 utiliser dans toutes les conditions environnementales Am\u00e9liore le rendement tout en minimisant la consommation d\u2019eau Syst\u00e8mes d\u2019arrosage les plus \u00e9cologiques au monde Pas de pertes d\u2019eau, ni ruissellements, ni fuites Syst\u00e8me facile [&hellip;]","og_url":"https:\/\/lemaraichermoderne.com\/en\/produit\/autopot-connecteur-en-croix-16mm-6mm\/","og_site_name":"Le Mara\u00eecher Moderne","article_publisher":"https:\/\/www.facebook.com\/lemaraichermoderne","article_modified_time":"2025-09-24T20:27:11+00:00","og_image":[{"width":480,"height":640,"url":"https:\/\/lemaraichermoderne.com\/wp-content\/uploads\/2024\/05\/thumbnail_IMG_0100-rotated.jpg","type":"image\/jpeg"}],"twitter_card":"summary_large_image","twitter_misc":{"Est. reading time":"1 minute"},"schema":{"@context":"https:\/\/schema.org","@graph":[{"@type":"WebPage","@id":"https:\/\/lemaraichermoderne.com\/en\/produit\/autopot-connecteur-en-croix-16mm-6mm\/","url":"https:\/\/lemaraichermoderne.com\/en\/produit\/autopot-connecteur-en-croix-16mm-6mm\/","name":"AUTOPOT CONNECTEUR EN CROIX 16mm-6mm - Le Mara\u00eecher Moderne","isPartOf":{"@id":"https:\/\/lemaraichermoderne.com\/en\/#website"},"primaryImageOfPage":{"@id":"https:\/\/lemaraichermoderne.com\/en\/produit\/autopot-connecteur-en-croix-16mm-6mm\/#primaryimage"},"image":{"@id":"https:\/\/lemaraichermoderne.com\/en\/produit\/autopot-connecteur-en-croix-16mm-6mm\/#primaryimage"},"thumbnailUrl":"https:\/\/lemaraichermoderne.com\/wp-content\/uploads\/2024\/05\/thumbnail_IMG_0100-rotated.jpg","datePublished":"2024-05-16T18:31:00+00:00","dateModified":"2025-09-24T20:27:11+00:00","breadcrumb":{"@id":"https:\/\/lemaraichermoderne.com\/en\/produit\/autopot-connecteur-en-croix-16mm-6mm\/#breadcrumb"},"inLanguage":"en-US","potentialAction":[{"@type":"ReadAction","target":["https:\/\/lemaraichermoderne.com\/en\/produit\/autopot-connecteur-en-croix-16mm-6mm\/"]}]},{"@type":"ImageObject","inLanguage":"en-US","@id":"https:\/\/lemaraichermoderne.com\/en\/produit\/autopot-connecteur-en-croix-16mm-6mm\/#primaryimage","url":"https:\/\/lemaraichermoderne.com\/wp-content\/uploads\/2024\/05\/thumbnail_IMG_0100-rotated.jpg","contentUrl":"https:\/\/lemaraichermoderne.com\/wp-content\/uploads\/2024\/05\/thumbnail_IMG_0100-rotated.jpg","width":480,"height":640},{"@type":"BreadcrumbList","@id":"https:\/\/lemaraichermoderne.com\/en\/produit\/autopot-connecteur-en-croix-16mm-6mm\/#breadcrumb","itemListElement":[{"@type":"ListItem","position":1,"name":"Accueil","item":"https:\/\/lemaraichermoderne.com\/en\/"},{"@type":"ListItem","position":2,"name":"Boutique","item":"https:\/\/lemaraichermoderne.com\/boutique\/"},{"@type":"ListItem","position":3,"name":"AUTOPOT CONNECTEUR EN CROIX 16mm-6mm"}]},{"@type":"WebSite","@id":"https:\/\/lemaraichermoderne.com\/en\/#website","url":"https:\/\/lemaraichermoderne.com\/en\/","name":"Le Mara\u00eecher Moderne","description":"R\u00e9f\u00e9rence en hydroponie \u00e0 Qu\u00e9bec","publisher":{"@id":"https:\/\/lemaraichermoderne.com\/en\/#organization"},"potentialAction":[{"@type":"SearchAction","target":{"@type":"EntryPoint","urlTemplate":"https:\/\/lemaraichermoderne.com\/en\/?s={search_term_string}"},"query-input":{"@type":"PropertyValueSpecification","valueRequired":true,"valueName":"search_term_string"}}],"inLanguage":"en-US"},{"@type":"Organization","@id":"https:\/\/lemaraichermoderne.com\/en\/#organization","name":"Le Mara\u00eecher Moderne","url":"https:\/\/lemaraichermoderne.com\/en\/","logo":{"@type":"ImageObject","inLanguage":"en-US","@id":"https:\/\/lemaraichermoderne.com\/en\/#\/schema\/logo\/image\/","url":"https:\/\/lemaraichermoderne.com\/wp-content\/uploads\/2023\/03\/logo_mm1.png","contentUrl":"https:\/\/lemaraichermoderne.com\/wp-content\/uploads\/2023\/03\/logo_mm1.png","width":500,"height":222,"caption":"Le Mara\u00eecher Moderne"},"image":{"@id":"https:\/\/lemaraichermoderne.com\/en\/#\/schema\/logo\/image\/"},"sameAs":["https:\/\/www.facebook.com\/lemaraichermoderne","https:\/\/www.instagram.com\/lemaraichermoderne"]}]}},"_links":{"self":[{"href":"https:\/\/lemaraichermoderne.com\/en\/wp-json\/wp\/v2\/product\/4030","targetHints":{"allow":["GET"]}}],"collection":[{"href":"https:\/\/lemaraichermoderne.com\/en\/wp-json\/wp\/v2\/product"}],"about":[{"href":"https:\/\/lemaraichermoderne.com\/en\/wp-json\/wp\/v2\/types\/product"}],"wp:featuredmedia":[{"embeddable":true,"href":"https:\/\/lemaraichermoderne.com\/en\/wp-json\/wp\/v2\/media\/4099"}],"wp:attachment":[{"href":"https:\/\/lemaraichermoderne.com\/en\/wp-json\/wp\/v2\/media?parent=4030"}],"wp:term":[{"taxonomy":"product_brand","embeddable":true,"href":"https:\/\/lemaraichermoderne.com\/en\/wp-json\/wp\/v2\/product_brand?post=4030"},{"taxonomy":"product_cat","embeddable":true,"href":"https:\/\/lemaraichermoderne.com\/en\/wp-json\/wp\/v2\/product_cat?post=4030"},{"taxonomy":"product_tag","embeddable":true,"href":"https:\/\/lemaraichermoderne.com\/en\/wp-json\/wp\/v2\/product_tag?post=4030"}],"curies":[{"name":"wp","href":"https:\/\/api.w.org\/{rel}","templated":true}]}}